{"id":1083614,"date":"2025-03-19T15:25:04","date_gmt":"2025-03-19T14:25:04","guid":{"rendered":"https:\/\/ml-locations.be\/?post_type=product&#038;p=1083614"},"modified":"2025-07-17T16:12:56","modified_gmt":"2025-07-17T14:12:56","slug":"seau-a-champagne-en-inox-dore-diam-20-cm","status":"publish","type":"product","link":"https:\/\/ml-locations.be\/nl\/locations\/seau-a-champagne-en-inox-dore-diam-20-cm\/","title":{"rendered":"Seau \u00e0 champagne dor\u00e9 en inox diam 20 cm"},"content":{"rendered":"<p>Seau \u00e0 champagne en inox dor\u00e9 pouvant contenir une bouteille.<\/p>\n<p>Dimensions du seau \u00e0 champagne en inox dor\u00e9 :<\/p>\n<ul>\n<li>Diam\u00e8tre : 200 mm<\/li>\n<li>Hauteur : 205 mm<\/li>\n<\/ul>\n","protected":false},"excerpt":{"rendered":"<p>Seau \u00e0 champagne dor\u00e9 inox en location pour vos \u00e9v\u00e9nements.<\/p>\n","protected":false},"featured_media":1083615,"template":"","meta":{"_acf_changed":false},"product_brand":[],"product_cat":[29,32,34],"product_tag":[],"class_list":{"0":"post-1083614","1":"product","2":"type-product","3":"status-publish","4":"has-post-thumbnail","6":"product_cat-materiel-horeca-en-location","7":"product_cat-verres-en-location","8":"product_cat-location-materiel-cuisine-et-buffet","9":"description-off","11":"first","12":"instock","13":"taxable","14":"shipping-taxable","15":"purchasable","16":"product-type-simple"},"acf":[],"yoast_head":"<!-- This site is optimized with the Yoast SEO plugin v25.0 - https:\/\/yoast.com\/wordpress\/plugins\/seo\/ -->\n<title>Seau \u00e0 champagne dor\u00e9 inox en location | ML Locations<\/title>\n<meta name=\"description\" content=\"Seau \u00e0 champagne dor\u00e9 en inox en location pour vos \u00e9v\u00e9nements, banquets, etc. Mat\u00e9riel horeca - Devis gratuit - Livraison possible.\" \/>\n<meta name=\"robots\" content=\"index, follow, max-snippet:-1, max-image-preview:large, max-video-preview:-1\" \/>\n<link rel=\"canonical\" href=\"https:\/\/ml-locations.be\/nl\/locations\/seau-a-champagne-en-inox-dore-diam-20-cm\/\" \/>\n<meta property=\"og:locale\" content=\"nl_NL\" \/>\n<meta property=\"og:type\" content=\"article\" \/>\n<meta property=\"og:title\" content=\"Seau \u00e0 champagne dor\u00e9 inox en location | ML Locations\" \/>\n<meta property=\"og:description\" content=\"Seau \u00e0 champagne dor\u00e9 en inox en location pour vos \u00e9v\u00e9nements, banquets, etc. Mat\u00e9riel horeca - Devis gratuit - Livraison possible.\" \/>\n<meta property=\"og:url\" content=\"https:\/\/ml-locations.be\/nl\/locations\/seau-a-champagne-en-inox-dore-diam-20-cm\/\" \/>\n<meta property=\"og:site_name\" content=\"ML Locations\" \/>\n<meta property=\"article:modified_time\" content=\"2025-07-17T14:12:56+00:00\" \/>\n<meta property=\"og:image\" content=\"https:\/\/ml-locations.be\/wp-content\/uploads\/2025\/03\/Seau-a-champgane-Gold.jpg\" \/>\n\t<meta property=\"og:image:width\" content=\"1200\" \/>\n\t<meta property=\"og:image:height\" content=\"800\" \/>\n\t<meta property=\"og:image:type\" content=\"image\/jpeg\" \/>\n<meta name=\"twitter:card\" content=\"summary_large_image\" \/>\n<meta name=\"twitter:label1\" content=\"Geschatte leestijd\" \/>\n\t<meta name=\"twitter:data1\" content=\"1 minuut\" \/>\n<script type=\"application\/ld+json\" class=\"yoast-schema-graph\">{\"@context\":\"https:\/\/schema.org\",\"@graph\":[{\"@type\":\"WebPage\",\"@id\":\"https:\/\/ml-locations.be\/nl\/locations\/seau-a-champagne-en-inox-dore-diam-20-cm\/\",\"url\":\"https:\/\/ml-locations.be\/nl\/locations\/seau-a-champagne-en-inox-dore-diam-20-cm\/\",\"name\":\"Seau \u00e0 champagne dor\u00e9 inox en location | ML Locations\",\"isPartOf\":{\"@id\":\"https:\/\/ml-locations.be\/nl\/#website\"},\"primaryImageOfPage\":{\"@id\":\"https:\/\/ml-locations.be\/nl\/locations\/seau-a-champagne-en-inox-dore-diam-20-cm\/#primaryimage\"},\"image\":{\"@id\":\"https:\/\/ml-locations.be\/nl\/locations\/seau-a-champagne-en-inox-dore-diam-20-cm\/#primaryimage\"},\"thumbnailUrl\":\"https:\/\/ml-locations.be\/wp-content\/uploads\/2025\/03\/Seau-a-champgane-Gold.jpg\",\"datePublished\":\"2025-03-19T14:25:04+00:00\",\"dateModified\":\"2025-07-17T14:12:56+00:00\",\"description\":\"Seau \u00e0 champagne dor\u00e9 en inox en location pour vos \u00e9v\u00e9nements, banquets, etc. Mat\u00e9riel horeca - Devis gratuit - Livraison possible.\",\"breadcrumb\":{\"@id\":\"https:\/\/ml-locations.be\/nl\/locations\/seau-a-champagne-en-inox-dore-diam-20-cm\/#breadcrumb\"},\"inLanguage\":\"nl-NL\",\"potentialAction\":[{\"@type\":\"ReadAction\",\"target\":[\"https:\/\/ml-locations.be\/nl\/locations\/seau-a-champagne-en-inox-dore-diam-20-cm\/\"]}]},{\"@type\":\"ImageObject\",\"inLanguage\":\"nl-NL\",\"@id\":\"https:\/\/ml-locations.be\/nl\/locations\/seau-a-champagne-en-inox-dore-diam-20-cm\/#primaryimage\",\"url\":\"https:\/\/ml-locations.be\/wp-content\/uploads\/2025\/03\/Seau-a-champgane-Gold.jpg\",\"contentUrl\":\"https:\/\/ml-locations.be\/wp-content\/uploads\/2025\/03\/Seau-a-champgane-Gold.jpg\",\"width\":1200,\"height\":800},{\"@type\":\"BreadcrumbList\",\"@id\":\"https:\/\/ml-locations.be\/nl\/locations\/seau-a-champagne-en-inox-dore-diam-20-cm\/#breadcrumb\",\"itemListElement\":[{\"@type\":\"ListItem\",\"position\":1,\"name\":\"Accueil\",\"item\":\"https:\/\/ml-locations.be\/nl\/\"},{\"@type\":\"ListItem\",\"position\":2,\"name\":\"Winkel\",\"item\":\"https:\/\/ml-locations.be\/nl\/winkel\/\"},{\"@type\":\"ListItem\",\"position\":3,\"name\":\"Seau \u00e0 champagne dor\u00e9 en inox diam 20 cm\"}]},{\"@type\":\"WebSite\",\"@id\":\"https:\/\/ml-locations.be\/nl\/#website\",\"url\":\"https:\/\/ml-locations.be\/nl\/\",\"name\":\"ML Locations\",\"description\":\"Mat\u00e9riel \u00e9v\u00e9nementiel : location chaise, table et mange debout, mat\u00e9riel horeca, frigos,...\",\"publisher\":{\"@id\":\"https:\/\/ml-locations.be\/nl\/#organization\"},\"potentialAction\":[{\"@type\":\"SearchAction\",\"target\":{\"@type\":\"EntryPoint\",\"urlTemplate\":\"https:\/\/ml-locations.be\/nl\/?s={search_term_string}\"},\"query-input\":{\"@type\":\"PropertyValueSpecification\",\"valueRequired\":true,\"valueName\":\"search_term_string\"}}],\"inLanguage\":\"nl-NL\"},{\"@type\":\"Organization\",\"@id\":\"https:\/\/ml-locations.be\/nl\/#organization\",\"name\":\"ML Locations\",\"url\":\"https:\/\/ml-locations.be\/nl\/\",\"logo\":{\"@type\":\"ImageObject\",\"inLanguage\":\"nl-NL\",\"@id\":\"https:\/\/ml-locations.be\/nl\/#\/schema\/logo\/image\/\",\"url\":\"https:\/\/ml-locations.be\/wp-content\/uploads\/2018\/05\/LOGO-location-BON.png\",\"contentUrl\":\"https:\/\/ml-locations.be\/wp-content\/uploads\/2018\/05\/LOGO-location-BON.png\",\"width\":1200,\"height\":1200,\"caption\":\"ML Locations\"},\"image\":{\"@id\":\"https:\/\/ml-locations.be\/nl\/#\/schema\/logo\/image\/\"}}]}<\/script>\n<!-- \/ Yoast SEO plugin. -->","yoast_head_json":{"title":"Seau \u00e0 champagne dor\u00e9 inox en location | ML Locations","description":"Seau \u00e0 champagne dor\u00e9 en inox en location pour vos \u00e9v\u00e9nements, banquets, etc. Mat\u00e9riel horeca - Devis gratuit - Livraison possible.","robots":{"index":"index","follow":"follow","max-snippet":"max-snippet:-1","max-image-preview":"max-image-preview:large","max-video-preview":"max-video-preview:-1"},"canonical":"https:\/\/ml-locations.be\/nl\/locations\/seau-a-champagne-en-inox-dore-diam-20-cm\/","og_locale":"nl_NL","og_type":"article","og_title":"Seau \u00e0 champagne dor\u00e9 inox en location | ML Locations","og_description":"Seau \u00e0 champagne dor\u00e9 en inox en location pour vos \u00e9v\u00e9nements, banquets, etc. Mat\u00e9riel horeca - Devis gratuit - Livraison possible.","og_url":"https:\/\/ml-locations.be\/nl\/locations\/seau-a-champagne-en-inox-dore-diam-20-cm\/","og_site_name":"ML Locations","article_modified_time":"2025-07-17T14:12:56+00:00","og_image":[{"width":1200,"height":800,"url":"https:\/\/ml-locations.be\/wp-content\/uploads\/2025\/03\/Seau-a-champgane-Gold.jpg","type":"image\/jpeg"}],"twitter_card":"summary_large_image","twitter_misc":{"Geschatte leestijd":"1 minuut"},"schema":{"@context":"https:\/\/schema.org","@graph":[{"@type":"WebPage","@id":"https:\/\/ml-locations.be\/nl\/locations\/seau-a-champagne-en-inox-dore-diam-20-cm\/","url":"https:\/\/ml-locations.be\/nl\/locations\/seau-a-champagne-en-inox-dore-diam-20-cm\/","name":"Seau \u00e0 champagne dor\u00e9 inox en location | ML Locations","isPartOf":{"@id":"https:\/\/ml-locations.be\/nl\/#website"},"primaryImageOfPage":{"@id":"https:\/\/ml-locations.be\/nl\/locations\/seau-a-champagne-en-inox-dore-diam-20-cm\/#primaryimage"},"image":{"@id":"https:\/\/ml-locations.be\/nl\/locations\/seau-a-champagne-en-inox-dore-diam-20-cm\/#primaryimage"},"thumbnailUrl":"https:\/\/ml-locations.be\/wp-content\/uploads\/2025\/03\/Seau-a-champgane-Gold.jpg","datePublished":"2025-03-19T14:25:04+00:00","dateModified":"2025-07-17T14:12:56+00:00","description":"Seau \u00e0 champagne dor\u00e9 en inox en location pour vos \u00e9v\u00e9nements, banquets, etc. Mat\u00e9riel horeca - Devis gratuit - Livraison possible.","breadcrumb":{"@id":"https:\/\/ml-locations.be\/nl\/locations\/seau-a-champagne-en-inox-dore-diam-20-cm\/#breadcrumb"},"inLanguage":"nl-NL","potentialAction":[{"@type":"ReadAction","target":["https:\/\/ml-locations.be\/nl\/locations\/seau-a-champagne-en-inox-dore-diam-20-cm\/"]}]},{"@type":"ImageObject","inLanguage":"nl-NL","@id":"https:\/\/ml-locations.be\/nl\/locations\/seau-a-champagne-en-inox-dore-diam-20-cm\/#primaryimage","url":"https:\/\/ml-locations.be\/wp-content\/uploads\/2025\/03\/Seau-a-champgane-Gold.jpg","contentUrl":"https:\/\/ml-locations.be\/wp-content\/uploads\/2025\/03\/Seau-a-champgane-Gold.jpg","width":1200,"height":800},{"@type":"BreadcrumbList","@id":"https:\/\/ml-locations.be\/nl\/locations\/seau-a-champagne-en-inox-dore-diam-20-cm\/#breadcrumb","itemListElement":[{"@type":"ListItem","position":1,"name":"Accueil","item":"https:\/\/ml-locations.be\/nl\/"},{"@type":"ListItem","position":2,"name":"Winkel","item":"https:\/\/ml-locations.be\/nl\/winkel\/"},{"@type":"ListItem","position":3,"name":"Seau \u00e0 champagne dor\u00e9 en inox diam 20 cm"}]},{"@type":"WebSite","@id":"https:\/\/ml-locations.be\/nl\/#website","url":"https:\/\/ml-locations.be\/nl\/","name":"ML Locations","description":"Mat\u00e9riel \u00e9v\u00e9nementiel : location chaise, table et mange debout, mat\u00e9riel horeca, frigos,...","publisher":{"@id":"https:\/\/ml-locations.be\/nl\/#organization"},"potentialAction":[{"@type":"SearchAction","target":{"@type":"EntryPoint","urlTemplate":"https:\/\/ml-locations.be\/nl\/?s={search_term_string}"},"query-input":{"@type":"PropertyValueSpecification","valueRequired":true,"valueName":"search_term_string"}}],"inLanguage":"nl-NL"},{"@type":"Organization","@id":"https:\/\/ml-locations.be\/nl\/#organization","name":"ML Locations","url":"https:\/\/ml-locations.be\/nl\/","logo":{"@type":"ImageObject","inLanguage":"nl-NL","@id":"https:\/\/ml-locations.be\/nl\/#\/schema\/logo\/image\/","url":"https:\/\/ml-locations.be\/wp-content\/uploads\/2018\/05\/LOGO-location-BON.png","contentUrl":"https:\/\/ml-locations.be\/wp-content\/uploads\/2018\/05\/LOGO-location-BON.png","width":1200,"height":1200,"caption":"ML Locations"},"image":{"@id":"https:\/\/ml-locations.be\/nl\/#\/schema\/logo\/image\/"}}]}},"_links":{"self":[{"href":"https:\/\/ml-locations.be\/nl\/wp-json\/wp\/v2\/product\/1083614","targetHints":{"allow":["GET"]}}],"collection":[{"href":"https:\/\/ml-locations.be\/nl\/wp-json\/wp\/v2\/product"}],"about":[{"href":"https:\/\/ml-locations.be\/nl\/wp-json\/wp\/v2\/types\/product"}],"wp:featuredmedia":[{"embeddable":true,"href":"https:\/\/ml-locations.be\/nl\/wp-json\/wp\/v2\/media\/1083615"}],"wp:attachment":[{"href":"https:\/\/ml-locations.be\/nl\/wp-json\/wp\/v2\/media?parent=1083614"}],"wp:term":[{"taxonomy":"product_brand","embeddable":true,"href":"https:\/\/ml-locations.be\/nl\/wp-json\/wp\/v2\/product_brand?post=1083614"},{"taxonomy":"product_cat","embeddable":true,"href":"https:\/\/ml-locations.be\/nl\/wp-json\/wp\/v2\/product_cat?post=1083614"},{"taxonomy":"product_tag","embeddable":true,"href":"https:\/\/ml-locations.be\/nl\/wp-json\/wp\/v2\/product_tag?post=1083614"}],"curies":[{"name":"wp","href":"https:\/\/api.w.org\/{rel}","templated":true}]}}