{"id":1084838,"date":"2025-04-15T10:31:14","date_gmt":"2025-04-15T08:31:14","guid":{"rendered":"https:\/\/ml-locations.be\/?post_type=product&#038;p=1084838"},"modified":"2025-07-17T16:20:45","modified_gmt":"2025-07-17T14:20:45","slug":"crepiere","status":"publish","type":"product","link":"https:\/\/ml-locations.be\/nl\/locations\/crepiere\/","title":{"rendered":"Cr\u00eapi\u00e8re"},"content":{"rendered":"<p>Vous cherchez une id\u00e9e de <strong>snack<\/strong> original ? Nous avons ce qu&#8217;il vous faut : demandez notre cr\u00eapi\u00e8re\u00a0en location ! ML Locations propose pour vos <strong>\u00e9v\u00e9nements<\/strong> priv\u00e9s ou professionnels la location de <strong>cr\u00eapi\u00e8re<\/strong>. Id\u00e9al pour ravir les plus grands comme les plus petits. Cette machine est un plus ind\u00e9niable pour rendre vos \u00e9v\u00e9nements inoubliables ! Une utilisation facile pour une ambiance magique et garantie.<\/p>\n","protected":false},"excerpt":{"rendered":"<p>Pr\u00e9parez de d\u00e9licieuses cr\u00eapes en un tour de main gr\u00e2ce \u00e0 cette cr\u00eapi\u00e8re \u00e9lectrique professionnelle. Id\u00e9ale pour les \u00e9v\u00e9nements, march\u00e9s ou soir\u00e9es priv\u00e9es. Facile \u00e0 utiliser et \u00e0 nettoyer, elle garantit une cuisson rapide et homog\u00e8ne.<\/p>\n","protected":false},"featured_media":1084842,"template":"","meta":{"_acf_changed":false},"product_brand":[],"product_cat":[43],"product_tag":[206],"class_list":{"0":"post-1084838","1":"product","2":"type-product","3":"status-publish","4":"has-post-thumbnail","6":"product_cat-jeux-divertissement-en-location","7":"product_tag-location-materiel-evenement-plein-air","8":"description-off","10":"first","11":"instock","12":"taxable","13":"shipping-taxable","14":"purchasable","15":"product-type-simple"},"acf":[],"yoast_head":"<!-- This site is optimized with the Yoast SEO plugin v25.0 - https:\/\/yoast.com\/wordpress\/plugins\/seo\/ -->\n<title>Cr\u00eapi\u00e8re | ML Locations<\/title>\n<meta name=\"description\" content=\"Louez une cr\u00eapi\u00e8re professionnelle chez ML Location pour vos \u00e9v\u00e9nements. Mat\u00e9riel de qualit\u00e9, facile d\u2019utilisation, disponible \u00e0 la journ\u00e9e ou \u00e0 la semaine.\" \/>\n<meta name=\"robots\" content=\"index, follow, max-snippet:-1, max-image-preview:large, max-video-preview:-1\" \/>\n<link rel=\"canonical\" href=\"https:\/\/ml-locations.be\/nl\/locations\/crepiere\/\" \/>\n<meta property=\"og:locale\" content=\"nl_NL\" \/>\n<meta property=\"og:type\" content=\"article\" \/>\n<meta property=\"og:title\" content=\"Cr\u00eapi\u00e8re | ML Locations\" \/>\n<meta property=\"og:description\" content=\"Louez une cr\u00eapi\u00e8re professionnelle chez ML Location pour vos \u00e9v\u00e9nements. Mat\u00e9riel de qualit\u00e9, facile d\u2019utilisation, disponible \u00e0 la journ\u00e9e ou \u00e0 la semaine.\" \/>\n<meta property=\"og:url\" content=\"https:\/\/ml-locations.be\/nl\/locations\/crepiere\/\" \/>\n<meta property=\"og:site_name\" content=\"ML Locations\" \/>\n<meta property=\"article:modified_time\" content=\"2025-07-17T14:20:45+00:00\" \/>\n<meta property=\"og:image\" content=\"https:\/\/ml-locations.be\/wp-content\/uploads\/2025\/04\/Crepiere-40cm.jpg\" \/>\n\t<meta property=\"og:image:width\" content=\"800\" \/>\n\t<meta property=\"og:image:height\" content=\"800\" \/>\n\t<meta property=\"og:image:type\" content=\"image\/jpeg\" \/>\n<meta name=\"twitter:card\" content=\"summary_large_image\" \/>\n<meta name=\"twitter:label1\" content=\"Geschatte leestijd\" \/>\n\t<meta name=\"twitter:data1\" content=\"1 minuut\" \/>\n<script type=\"application\/ld+json\" class=\"yoast-schema-graph\">{\"@context\":\"https:\/\/schema.org\",\"@graph\":[{\"@type\":\"WebPage\",\"@id\":\"https:\/\/ml-locations.be\/nl\/locations\/crepiere\/\",\"url\":\"https:\/\/ml-locations.be\/nl\/locations\/crepiere\/\",\"name\":\"Cr\u00eapi\u00e8re | ML Locations\",\"isPartOf\":{\"@id\":\"https:\/\/ml-locations.be\/nl\/#website\"},\"primaryImageOfPage\":{\"@id\":\"https:\/\/ml-locations.be\/nl\/locations\/crepiere\/#primaryimage\"},\"image\":{\"@id\":\"https:\/\/ml-locations.be\/nl\/locations\/crepiere\/#primaryimage\"},\"thumbnailUrl\":\"https:\/\/ml-locations.be\/wp-content\/uploads\/2025\/04\/Crepiere-40cm.jpg\",\"datePublished\":\"2025-04-15T08:31:14+00:00\",\"dateModified\":\"2025-07-17T14:20:45+00:00\",\"description\":\"Louez une cr\u00eapi\u00e8re professionnelle chez ML Location pour vos \u00e9v\u00e9nements. Mat\u00e9riel de qualit\u00e9, facile d\u2019utilisation, disponible \u00e0 la journ\u00e9e ou \u00e0 la semaine.\",\"breadcrumb\":{\"@id\":\"https:\/\/ml-locations.be\/nl\/locations\/crepiere\/#breadcrumb\"},\"inLanguage\":\"nl-NL\",\"potentialAction\":[{\"@type\":\"ReadAction\",\"target\":[\"https:\/\/ml-locations.be\/nl\/locations\/crepiere\/\"]}]},{\"@type\":\"ImageObject\",\"inLanguage\":\"nl-NL\",\"@id\":\"https:\/\/ml-locations.be\/nl\/locations\/crepiere\/#primaryimage\",\"url\":\"https:\/\/ml-locations.be\/wp-content\/uploads\/2025\/04\/Crepiere-40cm.jpg\",\"contentUrl\":\"https:\/\/ml-locations.be\/wp-content\/uploads\/2025\/04\/Crepiere-40cm.jpg\",\"width\":800,\"height\":800},{\"@type\":\"BreadcrumbList\",\"@id\":\"https:\/\/ml-locations.be\/nl\/locations\/crepiere\/#breadcrumb\",\"itemListElement\":[{\"@type\":\"ListItem\",\"position\":1,\"name\":\"Accueil\",\"item\":\"https:\/\/ml-locations.be\/nl\/\"},{\"@type\":\"ListItem\",\"position\":2,\"name\":\"Winkel\",\"item\":\"https:\/\/ml-locations.be\/nl\/winkel\/\"},{\"@type\":\"ListItem\",\"position\":3,\"name\":\"Cr\u00eapi\u00e8re\"}]},{\"@type\":\"WebSite\",\"@id\":\"https:\/\/ml-locations.be\/nl\/#website\",\"url\":\"https:\/\/ml-locations.be\/nl\/\",\"name\":\"ML Locations\",\"description\":\"Mat\u00e9riel \u00e9v\u00e9nementiel : location chaise, table et mange debout, mat\u00e9riel horeca, frigos,...\",\"publisher\":{\"@id\":\"https:\/\/ml-locations.be\/nl\/#organization\"},\"potentialAction\":[{\"@type\":\"SearchAction\",\"target\":{\"@type\":\"EntryPoint\",\"urlTemplate\":\"https:\/\/ml-locations.be\/nl\/?s={search_term_string}\"},\"query-input\":{\"@type\":\"PropertyValueSpecification\",\"valueRequired\":true,\"valueName\":\"search_term_string\"}}],\"inLanguage\":\"nl-NL\"},{\"@type\":\"Organization\",\"@id\":\"https:\/\/ml-locations.be\/nl\/#organization\",\"name\":\"ML Locations\",\"url\":\"https:\/\/ml-locations.be\/nl\/\",\"logo\":{\"@type\":\"ImageObject\",\"inLanguage\":\"nl-NL\",\"@id\":\"https:\/\/ml-locations.be\/nl\/#\/schema\/logo\/image\/\",\"url\":\"https:\/\/ml-locations.be\/wp-content\/uploads\/2018\/05\/LOGO-location-BON.png\",\"contentUrl\":\"https:\/\/ml-locations.be\/wp-content\/uploads\/2018\/05\/LOGO-location-BON.png\",\"width\":1200,\"height\":1200,\"caption\":\"ML Locations\"},\"image\":{\"@id\":\"https:\/\/ml-locations.be\/nl\/#\/schema\/logo\/image\/\"}}]}<\/script>\n<!-- \/ Yoast SEO plugin. -->","yoast_head_json":{"title":"Cr\u00eapi\u00e8re | ML Locations","description":"Louez une cr\u00eapi\u00e8re professionnelle chez ML Location pour vos \u00e9v\u00e9nements. Mat\u00e9riel de qualit\u00e9, facile d\u2019utilisation, disponible \u00e0 la journ\u00e9e ou \u00e0 la semaine.","robots":{"index":"index","follow":"follow","max-snippet":"max-snippet:-1","max-image-preview":"max-image-preview:large","max-video-preview":"max-video-preview:-1"},"canonical":"https:\/\/ml-locations.be\/nl\/locations\/crepiere\/","og_locale":"nl_NL","og_type":"article","og_title":"Cr\u00eapi\u00e8re | ML Locations","og_description":"Louez une cr\u00eapi\u00e8re professionnelle chez ML Location pour vos \u00e9v\u00e9nements. Mat\u00e9riel de qualit\u00e9, facile d\u2019utilisation, disponible \u00e0 la journ\u00e9e ou \u00e0 la semaine.","og_url":"https:\/\/ml-locations.be\/nl\/locations\/crepiere\/","og_site_name":"ML Locations","article_modified_time":"2025-07-17T14:20:45+00:00","og_image":[{"width":800,"height":800,"url":"https:\/\/ml-locations.be\/wp-content\/uploads\/2025\/04\/Crepiere-40cm.jpg","type":"image\/jpeg"}],"twitter_card":"summary_large_image","twitter_misc":{"Geschatte leestijd":"1 minuut"},"schema":{"@context":"https:\/\/schema.org","@graph":[{"@type":"WebPage","@id":"https:\/\/ml-locations.be\/nl\/locations\/crepiere\/","url":"https:\/\/ml-locations.be\/nl\/locations\/crepiere\/","name":"Cr\u00eapi\u00e8re | ML Locations","isPartOf":{"@id":"https:\/\/ml-locations.be\/nl\/#website"},"primaryImageOfPage":{"@id":"https:\/\/ml-locations.be\/nl\/locations\/crepiere\/#primaryimage"},"image":{"@id":"https:\/\/ml-locations.be\/nl\/locations\/crepiere\/#primaryimage"},"thumbnailUrl":"https:\/\/ml-locations.be\/wp-content\/uploads\/2025\/04\/Crepiere-40cm.jpg","datePublished":"2025-04-15T08:31:14+00:00","dateModified":"2025-07-17T14:20:45+00:00","description":"Louez une cr\u00eapi\u00e8re professionnelle chez ML Location pour vos \u00e9v\u00e9nements. Mat\u00e9riel de qualit\u00e9, facile d\u2019utilisation, disponible \u00e0 la journ\u00e9e ou \u00e0 la semaine.","breadcrumb":{"@id":"https:\/\/ml-locations.be\/nl\/locations\/crepiere\/#breadcrumb"},"inLanguage":"nl-NL","potentialAction":[{"@type":"ReadAction","target":["https:\/\/ml-locations.be\/nl\/locations\/crepiere\/"]}]},{"@type":"ImageObject","inLanguage":"nl-NL","@id":"https:\/\/ml-locations.be\/nl\/locations\/crepiere\/#primaryimage","url":"https:\/\/ml-locations.be\/wp-content\/uploads\/2025\/04\/Crepiere-40cm.jpg","contentUrl":"https:\/\/ml-locations.be\/wp-content\/uploads\/2025\/04\/Crepiere-40cm.jpg","width":800,"height":800},{"@type":"BreadcrumbList","@id":"https:\/\/ml-locations.be\/nl\/locations\/crepiere\/#breadcrumb","itemListElement":[{"@type":"ListItem","position":1,"name":"Accueil","item":"https:\/\/ml-locations.be\/nl\/"},{"@type":"ListItem","position":2,"name":"Winkel","item":"https:\/\/ml-locations.be\/nl\/winkel\/"},{"@type":"ListItem","position":3,"name":"Cr\u00eapi\u00e8re"}]},{"@type":"WebSite","@id":"https:\/\/ml-locations.be\/nl\/#website","url":"https:\/\/ml-locations.be\/nl\/","name":"ML Locations","description":"Mat\u00e9riel \u00e9v\u00e9nementiel : location chaise, table et mange debout, mat\u00e9riel horeca, frigos,...","publisher":{"@id":"https:\/\/ml-locations.be\/nl\/#organization"},"potentialAction":[{"@type":"SearchAction","target":{"@type":"EntryPoint","urlTemplate":"https:\/\/ml-locations.be\/nl\/?s={search_term_string}"},"query-input":{"@type":"PropertyValueSpecification","valueRequired":true,"valueName":"search_term_string"}}],"inLanguage":"nl-NL"},{"@type":"Organization","@id":"https:\/\/ml-locations.be\/nl\/#organization","name":"ML Locations","url":"https:\/\/ml-locations.be\/nl\/","logo":{"@type":"ImageObject","inLanguage":"nl-NL","@id":"https:\/\/ml-locations.be\/nl\/#\/schema\/logo\/image\/","url":"https:\/\/ml-locations.be\/wp-content\/uploads\/2018\/05\/LOGO-location-BON.png","contentUrl":"https:\/\/ml-locations.be\/wp-content\/uploads\/2018\/05\/LOGO-location-BON.png","width":1200,"height":1200,"caption":"ML Locations"},"image":{"@id":"https:\/\/ml-locations.be\/nl\/#\/schema\/logo\/image\/"}}]}},"_links":{"self":[{"href":"https:\/\/ml-locations.be\/nl\/wp-json\/wp\/v2\/product\/1084838","targetHints":{"allow":["GET"]}}],"collection":[{"href":"https:\/\/ml-locations.be\/nl\/wp-json\/wp\/v2\/product"}],"about":[{"href":"https:\/\/ml-locations.be\/nl\/wp-json\/wp\/v2\/types\/product"}],"wp:featuredmedia":[{"embeddable":true,"href":"https:\/\/ml-locations.be\/nl\/wp-json\/wp\/v2\/media\/1084842"}],"wp:attachment":[{"href":"https:\/\/ml-locations.be\/nl\/wp-json\/wp\/v2\/media?parent=1084838"}],"wp:term":[{"taxonomy":"product_brand","embeddable":true,"href":"https:\/\/ml-locations.be\/nl\/wp-json\/wp\/v2\/product_brand?post=1084838"},{"taxonomy":"product_cat","embeddable":true,"href":"https:\/\/ml-locations.be\/nl\/wp-json\/wp\/v2\/product_cat?post=1084838"},{"taxonomy":"product_tag","embeddable":true,"href":"https:\/\/ml-locations.be\/nl\/wp-json\/wp\/v2\/product_tag?post=1084838"}],"curies":[{"name":"wp","href":"https:\/\/api.w.org\/{rel}","templated":true}]}}