{"id":1095068,"date":"2025-10-28T13:44:14","date_gmt":"2025-10-28T12:44:14","guid":{"rendered":"https:\/\/ml-locations.be\/?post_type=product&#038;p=1095068"},"modified":"2025-10-28T15:20:06","modified_gmt":"2025-10-28T14:20:06","slug":"chauffage-de-terrasse","status":"publish","type":"product","link":"https:\/\/ml-locations.be\/nl\/locations\/chauffage-de-terrasse\/","title":{"rendered":"Chauffage de terrasse"},"content":{"rendered":"<p>Cet appareil de <strong>chauffage <\/strong><strong>au gaz en location\u00a0<\/strong>est con\u00e7u pour \u00eatre utilis\u00e9 en plein air ou dans un vaste espace\u00a0int\u00e9rieur.\u00a0La <strong>structure en acier <\/strong>lui assure une excellente stabilit\u00e9 et une grande r\u00e9sistance aux intemp\u00e9ries. Sa hauteur permet d&#8217;apporter de la chaleur directement \u00e0 hauteur d&#8217;homme et vous permet de profiter d\u2019<strong>\u00e9v\u00e9nements en ext\u00e9rieur<\/strong> en toutes saisons.<\/p>\n<p>Gaz non compris.<\/p>\n<p>Caract\u00e9ristiques techniques:<\/p>\n<ul>\n<li data-start=\"1235\" data-end=\"1293\">\n<p data-start=\"1237\" data-end=\"1293\">Hauteur : 133 cm<\/p>\n<\/li>\n<li data-start=\"1294\" data-end=\"1360\">\n<p data-start=\"1296\" data-end=\"1360\">Diam\u00e8tre de base : 37 cm<\/p>\n<\/li>\n<li data-start=\"1361\" data-end=\"1417\">\n<p data-start=\"1363\" data-end=\"1417\">Couleur : noir<\/p>\n<\/li>\n<li data-start=\"1418\" data-end=\"1481\">\n<p data-start=\"1420\" data-end=\"1481\">Type de gaz : bonbonne de propane<\/p>\n<\/li>\n<\/ul>\n","protected":false},"excerpt":{"rendered":"<p>Location de chauffe terrasse au gaz pour vos <strong>\u00e9v\u00e9nements<\/strong> ext\u00e9rieurs.<\/p>\n","protected":false},"featured_media":1095069,"template":"","meta":{"_acf_changed":false},"product_brand":[],"product_cat":[37,42,209],"product_tag":[],"class_list":{"0":"post-1095068","1":"product","2":"type-product","3":"status-publish","4":"has-post-thumbnail","6":"product_cat-chapiteau-tente-de-reception-louer","7":"product_cat-chauffage-et-chauffe-terrasse-a-louer","8":"product_cat-produits-a-la-une","9":"description-off","11":"first","12":"instock","13":"taxable","14":"shipping-taxable","15":"purchasable","16":"product-type-simple"},"acf":[],"yoast_head":"<!-- This site is optimized with the Yoast SEO plugin v25.0 - https:\/\/yoast.com\/wordpress\/plugins\/seo\/ -->\n<title>Location chauffage de terrasse au gaz | ML Locations<\/title>\n<meta name=\"description\" content=\"Chauffages pour terrasse \u00e0 louer pour vos \u00e9v\u00e9nements ext\u00e9rieurs (gaz non fourni), livraison possible.\" \/>\n<meta name=\"robots\" content=\"index, follow, max-snippet:-1, max-image-preview:large, max-video-preview:-1\" \/>\n<link rel=\"canonical\" href=\"https:\/\/ml-locations.be\/nl\/locations\/chauffage-de-terrasse\/\" \/>\n<meta property=\"og:locale\" content=\"nl_NL\" \/>\n<meta property=\"og:type\" content=\"article\" \/>\n<meta property=\"og:title\" content=\"Location chauffage de terrasse au gaz | ML Locations\" \/>\n<meta property=\"og:description\" content=\"Chauffages pour terrasse \u00e0 louer pour vos \u00e9v\u00e9nements ext\u00e9rieurs (gaz non fourni), livraison possible.\" \/>\n<meta property=\"og:url\" content=\"https:\/\/ml-locations.be\/nl\/locations\/chauffage-de-terrasse\/\" \/>\n<meta property=\"og:site_name\" content=\"ML Locations\" \/>\n<meta property=\"article:modified_time\" content=\"2025-10-28T14:20:06+00:00\" \/>\n<meta property=\"og:image\" content=\"https:\/\/ml-locations.be\/wp-content\/uploads\/2025\/10\/Capture-decran-2025-10-28-a-13.53.42.png\" \/>\n\t<meta property=\"og:image:width\" content=\"814\" \/>\n\t<meta property=\"og:image:height\" content=\"810\" \/>\n\t<meta property=\"og:image:type\" content=\"image\/png\" \/>\n<meta name=\"twitter:card\" content=\"summary_large_image\" \/>\n<meta name=\"twitter:label1\" content=\"Geschatte leestijd\" \/>\n\t<meta name=\"twitter:data1\" content=\"1 minuut\" \/>\n<script type=\"application\/ld+json\" class=\"yoast-schema-graph\">{\"@context\":\"https:\/\/schema.org\",\"@graph\":[{\"@type\":\"WebPage\",\"@id\":\"https:\/\/ml-locations.be\/nl\/locations\/chauffage-de-terrasse\/\",\"url\":\"https:\/\/ml-locations.be\/nl\/locations\/chauffage-de-terrasse\/\",\"name\":\"Location chauffage de terrasse au gaz | ML Locations\",\"isPartOf\":{\"@id\":\"https:\/\/ml-locations.be\/nl\/#website\"},\"primaryImageOfPage\":{\"@id\":\"https:\/\/ml-locations.be\/nl\/locations\/chauffage-de-terrasse\/#primaryimage\"},\"image\":{\"@id\":\"https:\/\/ml-locations.be\/nl\/locations\/chauffage-de-terrasse\/#primaryimage\"},\"thumbnailUrl\":\"https:\/\/ml-locations.be\/wp-content\/uploads\/2025\/10\/Capture-decran-2025-10-28-a-13.53.42.png\",\"datePublished\":\"2025-10-28T12:44:14+00:00\",\"dateModified\":\"2025-10-28T14:20:06+00:00\",\"description\":\"Chauffages pour terrasse \u00e0 louer pour vos \u00e9v\u00e9nements ext\u00e9rieurs (gaz non fourni), livraison possible.\",\"breadcrumb\":{\"@id\":\"https:\/\/ml-locations.be\/nl\/locations\/chauffage-de-terrasse\/#breadcrumb\"},\"inLanguage\":\"nl-NL\",\"potentialAction\":[{\"@type\":\"ReadAction\",\"target\":[\"https:\/\/ml-locations.be\/nl\/locations\/chauffage-de-terrasse\/\"]}]},{\"@type\":\"ImageObject\",\"inLanguage\":\"nl-NL\",\"@id\":\"https:\/\/ml-locations.be\/nl\/locations\/chauffage-de-terrasse\/#primaryimage\",\"url\":\"https:\/\/ml-locations.be\/wp-content\/uploads\/2025\/10\/Capture-decran-2025-10-28-a-13.53.42.png\",\"contentUrl\":\"https:\/\/ml-locations.be\/wp-content\/uploads\/2025\/10\/Capture-decran-2025-10-28-a-13.53.42.png\",\"width\":814,\"height\":810},{\"@type\":\"BreadcrumbList\",\"@id\":\"https:\/\/ml-locations.be\/nl\/locations\/chauffage-de-terrasse\/#breadcrumb\",\"itemListElement\":[{\"@type\":\"ListItem\",\"position\":1,\"name\":\"Accueil\",\"item\":\"https:\/\/ml-locations.be\/nl\/\"},{\"@type\":\"ListItem\",\"position\":2,\"name\":\"Winkel\",\"item\":\"https:\/\/ml-locations.be\/nl\/winkel\/\"},{\"@type\":\"ListItem\",\"position\":3,\"name\":\"Chauffage de terrasse\"}]},{\"@type\":\"WebSite\",\"@id\":\"https:\/\/ml-locations.be\/nl\/#website\",\"url\":\"https:\/\/ml-locations.be\/nl\/\",\"name\":\"ML Locations\",\"description\":\"Mat\u00e9riel \u00e9v\u00e9nementiel : location chaise, table et mange debout, mat\u00e9riel horeca, frigos,...\",\"publisher\":{\"@id\":\"https:\/\/ml-locations.be\/nl\/#organization\"},\"potentialAction\":[{\"@type\":\"SearchAction\",\"target\":{\"@type\":\"EntryPoint\",\"urlTemplate\":\"https:\/\/ml-locations.be\/nl\/?s={search_term_string}\"},\"query-input\":{\"@type\":\"PropertyValueSpecification\",\"valueRequired\":true,\"valueName\":\"search_term_string\"}}],\"inLanguage\":\"nl-NL\"},{\"@type\":\"Organization\",\"@id\":\"https:\/\/ml-locations.be\/nl\/#organization\",\"name\":\"ML Locations\",\"url\":\"https:\/\/ml-locations.be\/nl\/\",\"logo\":{\"@type\":\"ImageObject\",\"inLanguage\":\"nl-NL\",\"@id\":\"https:\/\/ml-locations.be\/nl\/#\/schema\/logo\/image\/\",\"url\":\"https:\/\/ml-locations.be\/wp-content\/uploads\/2018\/05\/LOGO-location-BON.png\",\"contentUrl\":\"https:\/\/ml-locations.be\/wp-content\/uploads\/2018\/05\/LOGO-location-BON.png\",\"width\":1200,\"height\":1200,\"caption\":\"ML Locations\"},\"image\":{\"@id\":\"https:\/\/ml-locations.be\/nl\/#\/schema\/logo\/image\/\"}}]}<\/script>\n<!-- \/ Yoast SEO plugin. -->","yoast_head_json":{"title":"Location chauffage de terrasse au gaz | ML Locations","description":"Chauffages pour terrasse \u00e0 louer pour vos \u00e9v\u00e9nements ext\u00e9rieurs (gaz non fourni), livraison possible.","robots":{"index":"index","follow":"follow","max-snippet":"max-snippet:-1","max-image-preview":"max-image-preview:large","max-video-preview":"max-video-preview:-1"},"canonical":"https:\/\/ml-locations.be\/nl\/locations\/chauffage-de-terrasse\/","og_locale":"nl_NL","og_type":"article","og_title":"Location chauffage de terrasse au gaz | ML Locations","og_description":"Chauffages pour terrasse \u00e0 louer pour vos \u00e9v\u00e9nements ext\u00e9rieurs (gaz non fourni), livraison possible.","og_url":"https:\/\/ml-locations.be\/nl\/locations\/chauffage-de-terrasse\/","og_site_name":"ML Locations","article_modified_time":"2025-10-28T14:20:06+00:00","og_image":[{"width":814,"height":810,"url":"https:\/\/ml-locations.be\/wp-content\/uploads\/2025\/10\/Capture-decran-2025-10-28-a-13.53.42.png","type":"image\/png"}],"twitter_card":"summary_large_image","twitter_misc":{"Geschatte leestijd":"1 minuut"},"schema":{"@context":"https:\/\/schema.org","@graph":[{"@type":"WebPage","@id":"https:\/\/ml-locations.be\/nl\/locations\/chauffage-de-terrasse\/","url":"https:\/\/ml-locations.be\/nl\/locations\/chauffage-de-terrasse\/","name":"Location chauffage de terrasse au gaz | ML Locations","isPartOf":{"@id":"https:\/\/ml-locations.be\/nl\/#website"},"primaryImageOfPage":{"@id":"https:\/\/ml-locations.be\/nl\/locations\/chauffage-de-terrasse\/#primaryimage"},"image":{"@id":"https:\/\/ml-locations.be\/nl\/locations\/chauffage-de-terrasse\/#primaryimage"},"thumbnailUrl":"https:\/\/ml-locations.be\/wp-content\/uploads\/2025\/10\/Capture-decran-2025-10-28-a-13.53.42.png","datePublished":"2025-10-28T12:44:14+00:00","dateModified":"2025-10-28T14:20:06+00:00","description":"Chauffages pour terrasse \u00e0 louer pour vos \u00e9v\u00e9nements ext\u00e9rieurs (gaz non fourni), livraison possible.","breadcrumb":{"@id":"https:\/\/ml-locations.be\/nl\/locations\/chauffage-de-terrasse\/#breadcrumb"},"inLanguage":"nl-NL","potentialAction":[{"@type":"ReadAction","target":["https:\/\/ml-locations.be\/nl\/locations\/chauffage-de-terrasse\/"]}]},{"@type":"ImageObject","inLanguage":"nl-NL","@id":"https:\/\/ml-locations.be\/nl\/locations\/chauffage-de-terrasse\/#primaryimage","url":"https:\/\/ml-locations.be\/wp-content\/uploads\/2025\/10\/Capture-decran-2025-10-28-a-13.53.42.png","contentUrl":"https:\/\/ml-locations.be\/wp-content\/uploads\/2025\/10\/Capture-decran-2025-10-28-a-13.53.42.png","width":814,"height":810},{"@type":"BreadcrumbList","@id":"https:\/\/ml-locations.be\/nl\/locations\/chauffage-de-terrasse\/#breadcrumb","itemListElement":[{"@type":"ListItem","position":1,"name":"Accueil","item":"https:\/\/ml-locations.be\/nl\/"},{"@type":"ListItem","position":2,"name":"Winkel","item":"https:\/\/ml-locations.be\/nl\/winkel\/"},{"@type":"ListItem","position":3,"name":"Chauffage de terrasse"}]},{"@type":"WebSite","@id":"https:\/\/ml-locations.be\/nl\/#website","url":"https:\/\/ml-locations.be\/nl\/","name":"ML Locations","description":"Mat\u00e9riel \u00e9v\u00e9nementiel : location chaise, table et mange debout, mat\u00e9riel horeca, frigos,...","publisher":{"@id":"https:\/\/ml-locations.be\/nl\/#organization"},"potentialAction":[{"@type":"SearchAction","target":{"@type":"EntryPoint","urlTemplate":"https:\/\/ml-locations.be\/nl\/?s={search_term_string}"},"query-input":{"@type":"PropertyValueSpecification","valueRequired":true,"valueName":"search_term_string"}}],"inLanguage":"nl-NL"},{"@type":"Organization","@id":"https:\/\/ml-locations.be\/nl\/#organization","name":"ML Locations","url":"https:\/\/ml-locations.be\/nl\/","logo":{"@type":"ImageObject","inLanguage":"nl-NL","@id":"https:\/\/ml-locations.be\/nl\/#\/schema\/logo\/image\/","url":"https:\/\/ml-locations.be\/wp-content\/uploads\/2018\/05\/LOGO-location-BON.png","contentUrl":"https:\/\/ml-locations.be\/wp-content\/uploads\/2018\/05\/LOGO-location-BON.png","width":1200,"height":1200,"caption":"ML Locations"},"image":{"@id":"https:\/\/ml-locations.be\/nl\/#\/schema\/logo\/image\/"}}]}},"_links":{"self":[{"href":"https:\/\/ml-locations.be\/nl\/wp-json\/wp\/v2\/product\/1095068","targetHints":{"allow":["GET"]}}],"collection":[{"href":"https:\/\/ml-locations.be\/nl\/wp-json\/wp\/v2\/product"}],"about":[{"href":"https:\/\/ml-locations.be\/nl\/wp-json\/wp\/v2\/types\/product"}],"wp:featuredmedia":[{"embeddable":true,"href":"https:\/\/ml-locations.be\/nl\/wp-json\/wp\/v2\/media\/1095069"}],"wp:attachment":[{"href":"https:\/\/ml-locations.be\/nl\/wp-json\/wp\/v2\/media?parent=1095068"}],"wp:term":[{"taxonomy":"product_brand","embeddable":true,"href":"https:\/\/ml-locations.be\/nl\/wp-json\/wp\/v2\/product_brand?post=1095068"},{"taxonomy":"product_cat","embeddable":true,"href":"https:\/\/ml-locations.be\/nl\/wp-json\/wp\/v2\/product_cat?post=1095068"},{"taxonomy":"product_tag","embeddable":true,"href":"https:\/\/ml-locations.be\/nl\/wp-json\/wp\/v2\/product_tag?post=1095068"}],"curies":[{"name":"wp","href":"https:\/\/api.w.org\/{rel}","templated":true}]}}