{"id":1095092,"date":"2025-10-29T11:12:30","date_gmt":"2025-10-29T10:12:30","guid":{"rendered":"https:\/\/ml-locations.be\/?post_type=product&#038;p=1095092"},"modified":"2025-10-29T12:11:04","modified_gmt":"2025-10-29T11:11:04","slug":"table-rectangulaire-200-cm-x-100cm-de-large-8-personnes","status":"publish","type":"product","link":"https:\/\/ml-locations.be\/nl\/locations\/table-rectangulaire-200-cm-x-100cm-de-large-8-personnes\/","title":{"rendered":"Table rectangulaire 200 cm x 100cm de large (8 personnes)"},"content":{"rendered":"<p>Ces\u00a0<strong>tables rectangulaires en location <\/strong>ont une longueur de 200 cm, une largeur de 100 cm et une hauteur de 75 cm. Ces tables en location sont utilis\u00e9s pour cr\u00e9er des tabl\u00e9es de 8 personnes ou de grandes tabl\u00e9es en les juxtaposant . Les tables sont tr\u00e8s pratiques et rendent vos repas tr\u00e8s conviviaux. Elles peuvent se ranger facilement \u00e0 la fin de votre banquet car les pieds sont pliables. Si vous avez besoin des nappes correspondantes, nous vous conseillons de consulter la rubrique d\u00e9di\u00e9e \u00e0 la <a href=\"http:\/\/www.ml-locations.be\/location\/decorations-pour-evenements\/nappes-serviettes-en-location\/\">location de nappes<\/a>.<\/p>\n<p><strong>Dimensions de la table rectangulaire 200 x 100 cm en location (8 personnes) :<\/strong><\/p>\n<ul>\n<li>Longueur : 200 cm,<\/li>\n<li>Largeur : 100 cm,<\/li>\n<li>Hauteur : 75 cm.<\/li>\n<li>Pieds rabattables<\/li>\n<li>Peuvent \u00eatre livr\u00e9es sur rack<\/li>\n<\/ul>\n<p>Vous avez besoin d&#8217;un devis pour la location de tables et chaise pour mariage, banquets, r\u00e9ception ? N&#8217;h\u00e9sitez pas \u00e0 nous envoyer une demande de devis !<\/p>\n","protected":false},"excerpt":{"rendered":"<p><strong>Tables rectangulaire d&#8217;1m\u00e8tre de large en location pour 8 personnes <\/strong>pour tous vos banquets et \u00e9v\u00e9nements (mariages, communions, r\u00e9ceptions, \u2026).<\/p>\n<p>&nbsp;<\/p>\n","protected":false},"featured_media":1095090,"template":"","meta":{"_acf_changed":false},"product_brand":[],"product_cat":[247,6,11],"product_tag":[213,211,214],"class_list":{"0":"post-1095092","1":"product","2":"type-product","3":"status-publish","4":"has-post-thumbnail","6":"product_cat-location-tables-rondes","7":"product_cat-mobilier","8":"product_cat-tables-et-mange-debout-en-location","9":"product_tag-location-de-materiel-de-reception-mariages","10":"product_tag-location-tables-et-chaises","11":"product_tag-location-materiel-banquet","12":"description-off","14":"first","15":"instock","16":"taxable","17":"shipping-taxable","18":"purchasable","19":"product-type-simple"},"acf":[],"yoast_head":"<!-- This site is optimized with the Yoast SEO plugin v25.0 - https:\/\/yoast.com\/wordpress\/plugins\/seo\/ -->\n<title>Location table rectangulaire | ML Locations<\/title>\n<meta name=\"description\" content=\"Location de tables rectangulaire de 200x100 cm (8 personnes). Pour vos banquets et r\u00e9ception. D&#039;autres dimensions sont disponibles sur notre site.\" \/>\n<meta name=\"robots\" content=\"index, follow, max-snippet:-1, max-image-preview:large, max-video-preview:-1\" \/>\n<link rel=\"canonical\" href=\"https:\/\/ml-locations.be\/nl\/locations\/table-rectangulaire-200-cm-x-100cm-de-large-8-personnes\/\" \/>\n<meta property=\"og:locale\" content=\"nl_NL\" \/>\n<meta property=\"og:type\" content=\"article\" \/>\n<meta property=\"og:title\" content=\"Location table rectangulaire | ML Locations\" \/>\n<meta property=\"og:description\" content=\"Location de tables rectangulaire de 200x100 cm (8 personnes). Pour vos banquets et r\u00e9ception. D&#039;autres dimensions sont disponibles sur notre site.\" \/>\n<meta property=\"og:url\" content=\"https:\/\/ml-locations.be\/nl\/locations\/table-rectangulaire-200-cm-x-100cm-de-large-8-personnes\/\" \/>\n<meta property=\"og:site_name\" content=\"ML Locations\" \/>\n<meta property=\"article:modified_time\" content=\"2025-10-29T11:11:04+00:00\" \/>\n<meta property=\"og:image\" content=\"https:\/\/ml-locations.be\/wp-content\/uploads\/2025\/10\/Capture-decran-2025-10-29-a-10.58.28.png\" \/>\n\t<meta property=\"og:image:width\" content=\"864\" \/>\n\t<meta property=\"og:image:height\" content=\"686\" \/>\n\t<meta property=\"og:image:type\" content=\"image\/png\" \/>\n<meta name=\"twitter:card\" content=\"summary_large_image\" \/>\n<meta name=\"twitter:label1\" content=\"Geschatte leestijd\" \/>\n\t<meta name=\"twitter:data1\" content=\"1 minuut\" \/>\n<script type=\"application\/ld+json\" class=\"yoast-schema-graph\">{\"@context\":\"https:\/\/schema.org\",\"@graph\":[{\"@type\":\"WebPage\",\"@id\":\"https:\/\/ml-locations.be\/nl\/locations\/table-rectangulaire-200-cm-x-100cm-de-large-8-personnes\/\",\"url\":\"https:\/\/ml-locations.be\/nl\/locations\/table-rectangulaire-200-cm-x-100cm-de-large-8-personnes\/\",\"name\":\"Location table rectangulaire | ML Locations\",\"isPartOf\":{\"@id\":\"https:\/\/ml-locations.be\/nl\/#website\"},\"primaryImageOfPage\":{\"@id\":\"https:\/\/ml-locations.be\/nl\/locations\/table-rectangulaire-200-cm-x-100cm-de-large-8-personnes\/#primaryimage\"},\"image\":{\"@id\":\"https:\/\/ml-locations.be\/nl\/locations\/table-rectangulaire-200-cm-x-100cm-de-large-8-personnes\/#primaryimage\"},\"thumbnailUrl\":\"https:\/\/ml-locations.be\/wp-content\/uploads\/2025\/10\/Capture-decran-2025-10-29-a-10.58.28.png\",\"datePublished\":\"2025-10-29T10:12:30+00:00\",\"dateModified\":\"2025-10-29T11:11:04+00:00\",\"description\":\"Location de tables rectangulaire de 200x100 cm (8 personnes). Pour vos banquets et r\u00e9ception. D'autres dimensions sont disponibles sur notre site.\",\"breadcrumb\":{\"@id\":\"https:\/\/ml-locations.be\/nl\/locations\/table-rectangulaire-200-cm-x-100cm-de-large-8-personnes\/#breadcrumb\"},\"inLanguage\":\"nl-NL\",\"potentialAction\":[{\"@type\":\"ReadAction\",\"target\":[\"https:\/\/ml-locations.be\/nl\/locations\/table-rectangulaire-200-cm-x-100cm-de-large-8-personnes\/\"]}]},{\"@type\":\"ImageObject\",\"inLanguage\":\"nl-NL\",\"@id\":\"https:\/\/ml-locations.be\/nl\/locations\/table-rectangulaire-200-cm-x-100cm-de-large-8-personnes\/#primaryimage\",\"url\":\"https:\/\/ml-locations.be\/wp-content\/uploads\/2025\/10\/Capture-decran-2025-10-29-a-10.58.28.png\",\"contentUrl\":\"https:\/\/ml-locations.be\/wp-content\/uploads\/2025\/10\/Capture-decran-2025-10-29-a-10.58.28.png\",\"width\":864,\"height\":686},{\"@type\":\"BreadcrumbList\",\"@id\":\"https:\/\/ml-locations.be\/nl\/locations\/table-rectangulaire-200-cm-x-100cm-de-large-8-personnes\/#breadcrumb\",\"itemListElement\":[{\"@type\":\"ListItem\",\"position\":1,\"name\":\"Accueil\",\"item\":\"https:\/\/ml-locations.be\/nl\/\"},{\"@type\":\"ListItem\",\"position\":2,\"name\":\"Winkel\",\"item\":\"https:\/\/ml-locations.be\/nl\/winkel\/\"},{\"@type\":\"ListItem\",\"position\":3,\"name\":\"Table rectangulaire 200 cm x 100cm de large (8 personnes)\"}]},{\"@type\":\"WebSite\",\"@id\":\"https:\/\/ml-locations.be\/nl\/#website\",\"url\":\"https:\/\/ml-locations.be\/nl\/\",\"name\":\"ML Locations\",\"description\":\"Mat\u00e9riel \u00e9v\u00e9nementiel : location chaise, table et mange debout, mat\u00e9riel horeca, frigos,...\",\"publisher\":{\"@id\":\"https:\/\/ml-locations.be\/nl\/#organization\"},\"potentialAction\":[{\"@type\":\"SearchAction\",\"target\":{\"@type\":\"EntryPoint\",\"urlTemplate\":\"https:\/\/ml-locations.be\/nl\/?s={search_term_string}\"},\"query-input\":{\"@type\":\"PropertyValueSpecification\",\"valueRequired\":true,\"valueName\":\"search_term_string\"}}],\"inLanguage\":\"nl-NL\"},{\"@type\":\"Organization\",\"@id\":\"https:\/\/ml-locations.be\/nl\/#organization\",\"name\":\"ML Locations\",\"url\":\"https:\/\/ml-locations.be\/nl\/\",\"logo\":{\"@type\":\"ImageObject\",\"inLanguage\":\"nl-NL\",\"@id\":\"https:\/\/ml-locations.be\/nl\/#\/schema\/logo\/image\/\",\"url\":\"https:\/\/ml-locations.be\/wp-content\/uploads\/2018\/05\/LOGO-location-BON.png\",\"contentUrl\":\"https:\/\/ml-locations.be\/wp-content\/uploads\/2018\/05\/LOGO-location-BON.png\",\"width\":1200,\"height\":1200,\"caption\":\"ML Locations\"},\"image\":{\"@id\":\"https:\/\/ml-locations.be\/nl\/#\/schema\/logo\/image\/\"}}]}<\/script>\n<!-- \/ Yoast SEO plugin. -->","yoast_head_json":{"title":"Location table rectangulaire | ML Locations","description":"Location de tables rectangulaire de 200x100 cm (8 personnes). Pour vos banquets et r\u00e9ception. D'autres dimensions sont disponibles sur notre site.","robots":{"index":"index","follow":"follow","max-snippet":"max-snippet:-1","max-image-preview":"max-image-preview:large","max-video-preview":"max-video-preview:-1"},"canonical":"https:\/\/ml-locations.be\/nl\/locations\/table-rectangulaire-200-cm-x-100cm-de-large-8-personnes\/","og_locale":"nl_NL","og_type":"article","og_title":"Location table rectangulaire | ML Locations","og_description":"Location de tables rectangulaire de 200x100 cm (8 personnes). Pour vos banquets et r\u00e9ception. D'autres dimensions sont disponibles sur notre site.","og_url":"https:\/\/ml-locations.be\/nl\/locations\/table-rectangulaire-200-cm-x-100cm-de-large-8-personnes\/","og_site_name":"ML Locations","article_modified_time":"2025-10-29T11:11:04+00:00","og_image":[{"width":864,"height":686,"url":"https:\/\/ml-locations.be\/wp-content\/uploads\/2025\/10\/Capture-decran-2025-10-29-a-10.58.28.png","type":"image\/png"}],"twitter_card":"summary_large_image","twitter_misc":{"Geschatte leestijd":"1 minuut"},"schema":{"@context":"https:\/\/schema.org","@graph":[{"@type":"WebPage","@id":"https:\/\/ml-locations.be\/nl\/locations\/table-rectangulaire-200-cm-x-100cm-de-large-8-personnes\/","url":"https:\/\/ml-locations.be\/nl\/locations\/table-rectangulaire-200-cm-x-100cm-de-large-8-personnes\/","name":"Location table rectangulaire | ML Locations","isPartOf":{"@id":"https:\/\/ml-locations.be\/nl\/#website"},"primaryImageOfPage":{"@id":"https:\/\/ml-locations.be\/nl\/locations\/table-rectangulaire-200-cm-x-100cm-de-large-8-personnes\/#primaryimage"},"image":{"@id":"https:\/\/ml-locations.be\/nl\/locations\/table-rectangulaire-200-cm-x-100cm-de-large-8-personnes\/#primaryimage"},"thumbnailUrl":"https:\/\/ml-locations.be\/wp-content\/uploads\/2025\/10\/Capture-decran-2025-10-29-a-10.58.28.png","datePublished":"2025-10-29T10:12:30+00:00","dateModified":"2025-10-29T11:11:04+00:00","description":"Location de tables rectangulaire de 200x100 cm (8 personnes). Pour vos banquets et r\u00e9ception. D'autres dimensions sont disponibles sur notre site.","breadcrumb":{"@id":"https:\/\/ml-locations.be\/nl\/locations\/table-rectangulaire-200-cm-x-100cm-de-large-8-personnes\/#breadcrumb"},"inLanguage":"nl-NL","potentialAction":[{"@type":"ReadAction","target":["https:\/\/ml-locations.be\/nl\/locations\/table-rectangulaire-200-cm-x-100cm-de-large-8-personnes\/"]}]},{"@type":"ImageObject","inLanguage":"nl-NL","@id":"https:\/\/ml-locations.be\/nl\/locations\/table-rectangulaire-200-cm-x-100cm-de-large-8-personnes\/#primaryimage","url":"https:\/\/ml-locations.be\/wp-content\/uploads\/2025\/10\/Capture-decran-2025-10-29-a-10.58.28.png","contentUrl":"https:\/\/ml-locations.be\/wp-content\/uploads\/2025\/10\/Capture-decran-2025-10-29-a-10.58.28.png","width":864,"height":686},{"@type":"BreadcrumbList","@id":"https:\/\/ml-locations.be\/nl\/locations\/table-rectangulaire-200-cm-x-100cm-de-large-8-personnes\/#breadcrumb","itemListElement":[{"@type":"ListItem","position":1,"name":"Accueil","item":"https:\/\/ml-locations.be\/nl\/"},{"@type":"ListItem","position":2,"name":"Winkel","item":"https:\/\/ml-locations.be\/nl\/winkel\/"},{"@type":"ListItem","position":3,"name":"Table rectangulaire 200 cm x 100cm de large (8 personnes)"}]},{"@type":"WebSite","@id":"https:\/\/ml-locations.be\/nl\/#website","url":"https:\/\/ml-locations.be\/nl\/","name":"ML Locations","description":"Mat\u00e9riel \u00e9v\u00e9nementiel : location chaise, table et mange debout, mat\u00e9riel horeca, frigos,...","publisher":{"@id":"https:\/\/ml-locations.be\/nl\/#organization"},"potentialAction":[{"@type":"SearchAction","target":{"@type":"EntryPoint","urlTemplate":"https:\/\/ml-locations.be\/nl\/?s={search_term_string}"},"query-input":{"@type":"PropertyValueSpecification","valueRequired":true,"valueName":"search_term_string"}}],"inLanguage":"nl-NL"},{"@type":"Organization","@id":"https:\/\/ml-locations.be\/nl\/#organization","name":"ML Locations","url":"https:\/\/ml-locations.be\/nl\/","logo":{"@type":"ImageObject","inLanguage":"nl-NL","@id":"https:\/\/ml-locations.be\/nl\/#\/schema\/logo\/image\/","url":"https:\/\/ml-locations.be\/wp-content\/uploads\/2018\/05\/LOGO-location-BON.png","contentUrl":"https:\/\/ml-locations.be\/wp-content\/uploads\/2018\/05\/LOGO-location-BON.png","width":1200,"height":1200,"caption":"ML Locations"},"image":{"@id":"https:\/\/ml-locations.be\/nl\/#\/schema\/logo\/image\/"}}]}},"_links":{"self":[{"href":"https:\/\/ml-locations.be\/nl\/wp-json\/wp\/v2\/product\/1095092","targetHints":{"allow":["GET"]}}],"collection":[{"href":"https:\/\/ml-locations.be\/nl\/wp-json\/wp\/v2\/product"}],"about":[{"href":"https:\/\/ml-locations.be\/nl\/wp-json\/wp\/v2\/types\/product"}],"wp:featuredmedia":[{"embeddable":true,"href":"https:\/\/ml-locations.be\/nl\/wp-json\/wp\/v2\/media\/1095090"}],"wp:attachment":[{"href":"https:\/\/ml-locations.be\/nl\/wp-json\/wp\/v2\/media?parent=1095092"}],"wp:term":[{"taxonomy":"product_brand","embeddable":true,"href":"https:\/\/ml-locations.be\/nl\/wp-json\/wp\/v2\/product_brand?post=1095092"},{"taxonomy":"product_cat","embeddable":true,"href":"https:\/\/ml-locations.be\/nl\/wp-json\/wp\/v2\/product_cat?post=1095092"},{"taxonomy":"product_tag","embeddable":true,"href":"https:\/\/ml-locations.be\/nl\/wp-json\/wp\/v2\/product_tag?post=1095092"}],"curies":[{"name":"wp","href":"https:\/\/api.w.org\/{rel}","templated":true}]}}