{"id":1105100,"date":"2026-01-16T16:20:54","date_gmt":"2026-01-16T15:20:54","guid":{"rendered":"https:\/\/ml-locations.be\/?post_type=product&#038;p=1105100"},"modified":"2026-01-16T16:58:43","modified_gmt":"2026-01-16T15:58:43","slug":"chauffage-electrique","status":"publish","type":"product","link":"https:\/\/ml-locations.be\/nl\/locations\/chauffage-electrique\/","title":{"rendered":"Chauffage \u00e9lectrique"},"content":{"rendered":"<p data-start=\"183\" data-end=\"523\">Le <strong data-start=\"186\" data-end=\"203\">Master B15EPB<\/strong> est un <strong data-start=\"211\" data-end=\"254\">chauffage \u00e9lectrique puissant et fiable<\/strong>, id\u00e9al pour assurer un confort thermique optimal lors de vos \u00e9v\u00e9nements, chantiers ou installations temporaires. Gr\u00e2ce \u00e0 son fonctionnement <strong data-start=\"395\" data-end=\"415\">100 % \u00e9lectrique<\/strong>, il ne d\u00e9gage <strong data-start=\"430\" data-end=\"449\">aucune \u00e9mission<\/strong>, aucune odeur et peut \u00eatre utilis\u00e9 en <strong data-start=\"488\" data-end=\"504\">espace ferm\u00e9<\/strong> en toute s\u00e9curit\u00e9.<\/p>\n<p data-start=\"525\" data-end=\"839\">Avec une puissance allant jusqu\u2019\u00e0 <strong data-start=\"559\" data-end=\"568\">15 kW<\/strong>, ce chauffage est parfaitement adapt\u00e9 pour chauffer efficacement des <strong data-start=\"638\" data-end=\"702\">chapiteaux, tentes, halls, ateliers ou espaces \u00e9v\u00e9nementiels<\/strong>. Robuste et simple d\u2019utilisation, il se branche facilement sur une alimentation triphas\u00e9e et offre une diffusion homog\u00e8ne de la chaleur.<\/p>\n<p>Caract\u00e9ristiques techniques:<\/p>\n<ul>\n<li data-start=\"1235\" data-end=\"1293\">\n<p data-start=\"1237\" data-end=\"1293\">Hauteur : 44 cm<\/p>\n<\/li>\n<li data-start=\"1235\" data-end=\"1293\">\n<p data-start=\"1237\" data-end=\"1293\">Largeur : 36 cm<\/p>\n<\/li>\n<li data-start=\"1235\" data-end=\"1293\">Profondeur : 48 cm<\/li>\n<\/ul>\n","protected":false},"excerpt":{"rendered":"<p>Location de chauffe \u00e9lectrique pour vos <strong>\u00e9v\u00e9nements<\/strong> int\u00e9rieurs.<\/p>\n","protected":false},"featured_media":1105097,"template":"","meta":{"_acf_changed":false},"product_brand":[],"product_cat":[37,42,209],"product_tag":[],"class_list":{"0":"post-1105100","1":"product","2":"type-product","3":"status-publish","4":"has-post-thumbnail","6":"product_cat-chapiteau-tente-de-reception-louer","7":"product_cat-chauffage-et-chauffe-terrasse-a-louer","8":"product_cat-produits-a-la-une","9":"description-off","11":"first","12":"instock","13":"taxable","14":"shipping-taxable","15":"purchasable","16":"product-type-simple"},"acf":[],"yoast_head":"<!-- This site is optimized with the Yoast SEO plugin v25.0 - https:\/\/yoast.com\/wordpress\/plugins\/seo\/ -->\n<title>Location chauffage \u00e9lectrique | ML Locations<\/title>\n<meta name=\"description\" content=\"Chauffage \u00e9lectrique \u00e0 louer pour vos \u00e9v\u00e9nements, atelier,...\" \/>\n<meta name=\"robots\" content=\"index, follow, max-snippet:-1, max-image-preview:large, max-video-preview:-1\" \/>\n<link rel=\"canonical\" href=\"https:\/\/ml-locations.be\/nl\/locations\/chauffage-electrique\/\" \/>\n<meta property=\"og:locale\" content=\"nl_NL\" \/>\n<meta property=\"og:type\" content=\"article\" \/>\n<meta property=\"og:title\" content=\"Location chauffage \u00e9lectrique | ML Locations\" \/>\n<meta property=\"og:description\" content=\"Chauffage \u00e9lectrique \u00e0 louer pour vos \u00e9v\u00e9nements, atelier,...\" \/>\n<meta property=\"og:url\" content=\"https:\/\/ml-locations.be\/nl\/locations\/chauffage-electrique\/\" \/>\n<meta property=\"og:site_name\" content=\"ML Locations\" \/>\n<meta property=\"article:modified_time\" content=\"2026-01-16T15:58:43+00:00\" \/>\n<meta property=\"og:image\" content=\"https:\/\/ml-locations.be\/wp-content\/uploads\/2026\/01\/CHAUFELEC.jpg\" \/>\n\t<meta property=\"og:image:width\" content=\"976\" \/>\n\t<meta property=\"og:image:height\" content=\"896\" \/>\n\t<meta property=\"og:image:type\" content=\"image\/jpeg\" \/>\n<meta name=\"twitter:card\" content=\"summary_large_image\" \/>\n<meta name=\"twitter:label1\" content=\"Geschatte leestijd\" \/>\n\t<meta name=\"twitter:data1\" content=\"1 minuut\" \/>\n<script type=\"application\/ld+json\" class=\"yoast-schema-graph\">{\"@context\":\"https:\/\/schema.org\",\"@graph\":[{\"@type\":\"WebPage\",\"@id\":\"https:\/\/ml-locations.be\/nl\/locations\/chauffage-electrique\/\",\"url\":\"https:\/\/ml-locations.be\/nl\/locations\/chauffage-electrique\/\",\"name\":\"Location chauffage \u00e9lectrique | ML Locations\",\"isPartOf\":{\"@id\":\"https:\/\/ml-locations.be\/nl\/#website\"},\"primaryImageOfPage\":{\"@id\":\"https:\/\/ml-locations.be\/nl\/locations\/chauffage-electrique\/#primaryimage\"},\"image\":{\"@id\":\"https:\/\/ml-locations.be\/nl\/locations\/chauffage-electrique\/#primaryimage\"},\"thumbnailUrl\":\"https:\/\/ml-locations.be\/wp-content\/uploads\/2026\/01\/CHAUFELEC.jpg\",\"datePublished\":\"2026-01-16T15:20:54+00:00\",\"dateModified\":\"2026-01-16T15:58:43+00:00\",\"description\":\"Chauffage \u00e9lectrique \u00e0 louer pour vos \u00e9v\u00e9nements, atelier,...\",\"breadcrumb\":{\"@id\":\"https:\/\/ml-locations.be\/nl\/locations\/chauffage-electrique\/#breadcrumb\"},\"inLanguage\":\"nl-NL\",\"potentialAction\":[{\"@type\":\"ReadAction\",\"target\":[\"https:\/\/ml-locations.be\/nl\/locations\/chauffage-electrique\/\"]}]},{\"@type\":\"ImageObject\",\"inLanguage\":\"nl-NL\",\"@id\":\"https:\/\/ml-locations.be\/nl\/locations\/chauffage-electrique\/#primaryimage\",\"url\":\"https:\/\/ml-locations.be\/wp-content\/uploads\/2026\/01\/CHAUFELEC.jpg\",\"contentUrl\":\"https:\/\/ml-locations.be\/wp-content\/uploads\/2026\/01\/CHAUFELEC.jpg\",\"width\":976,\"height\":896,\"caption\":\"Chauffage \u00e9lectrique\"},{\"@type\":\"BreadcrumbList\",\"@id\":\"https:\/\/ml-locations.be\/nl\/locations\/chauffage-electrique\/#breadcrumb\",\"itemListElement\":[{\"@type\":\"ListItem\",\"position\":1,\"name\":\"Accueil\",\"item\":\"https:\/\/ml-locations.be\/nl\/\"},{\"@type\":\"ListItem\",\"position\":2,\"name\":\"Winkel\",\"item\":\"https:\/\/ml-locations.be\/nl\/winkel\/\"},{\"@type\":\"ListItem\",\"position\":3,\"name\":\"Chauffage \u00e9lectrique\"}]},{\"@type\":\"WebSite\",\"@id\":\"https:\/\/ml-locations.be\/nl\/#website\",\"url\":\"https:\/\/ml-locations.be\/nl\/\",\"name\":\"ML Locations\",\"description\":\"Mat\u00e9riel \u00e9v\u00e9nementiel : location chaise, table et mange debout, mat\u00e9riel horeca, frigos,...\",\"publisher\":{\"@id\":\"https:\/\/ml-locations.be\/nl\/#organization\"},\"potentialAction\":[{\"@type\":\"SearchAction\",\"target\":{\"@type\":\"EntryPoint\",\"urlTemplate\":\"https:\/\/ml-locations.be\/nl\/?s={search_term_string}\"},\"query-input\":{\"@type\":\"PropertyValueSpecification\",\"valueRequired\":true,\"valueName\":\"search_term_string\"}}],\"inLanguage\":\"nl-NL\"},{\"@type\":\"Organization\",\"@id\":\"https:\/\/ml-locations.be\/nl\/#organization\",\"name\":\"ML Locations\",\"url\":\"https:\/\/ml-locations.be\/nl\/\",\"logo\":{\"@type\":\"ImageObject\",\"inLanguage\":\"nl-NL\",\"@id\":\"https:\/\/ml-locations.be\/nl\/#\/schema\/logo\/image\/\",\"url\":\"https:\/\/ml-locations.be\/wp-content\/uploads\/2018\/05\/LOGO-location-BON.png\",\"contentUrl\":\"https:\/\/ml-locations.be\/wp-content\/uploads\/2018\/05\/LOGO-location-BON.png\",\"width\":1200,\"height\":1200,\"caption\":\"ML Locations\"},\"image\":{\"@id\":\"https:\/\/ml-locations.be\/nl\/#\/schema\/logo\/image\/\"}}]}<\/script>\n<!-- \/ Yoast SEO plugin. -->","yoast_head_json":{"title":"Location chauffage \u00e9lectrique | ML Locations","description":"Chauffage \u00e9lectrique \u00e0 louer pour vos \u00e9v\u00e9nements, atelier,...","robots":{"index":"index","follow":"follow","max-snippet":"max-snippet:-1","max-image-preview":"max-image-preview:large","max-video-preview":"max-video-preview:-1"},"canonical":"https:\/\/ml-locations.be\/nl\/locations\/chauffage-electrique\/","og_locale":"nl_NL","og_type":"article","og_title":"Location chauffage \u00e9lectrique | ML Locations","og_description":"Chauffage \u00e9lectrique \u00e0 louer pour vos \u00e9v\u00e9nements, atelier,...","og_url":"https:\/\/ml-locations.be\/nl\/locations\/chauffage-electrique\/","og_site_name":"ML Locations","article_modified_time":"2026-01-16T15:58:43+00:00","og_image":[{"width":976,"height":896,"url":"https:\/\/ml-locations.be\/wp-content\/uploads\/2026\/01\/CHAUFELEC.jpg","type":"image\/jpeg"}],"twitter_card":"summary_large_image","twitter_misc":{"Geschatte leestijd":"1 minuut"},"schema":{"@context":"https:\/\/schema.org","@graph":[{"@type":"WebPage","@id":"https:\/\/ml-locations.be\/nl\/locations\/chauffage-electrique\/","url":"https:\/\/ml-locations.be\/nl\/locations\/chauffage-electrique\/","name":"Location chauffage \u00e9lectrique | ML Locations","isPartOf":{"@id":"https:\/\/ml-locations.be\/nl\/#website"},"primaryImageOfPage":{"@id":"https:\/\/ml-locations.be\/nl\/locations\/chauffage-electrique\/#primaryimage"},"image":{"@id":"https:\/\/ml-locations.be\/nl\/locations\/chauffage-electrique\/#primaryimage"},"thumbnailUrl":"https:\/\/ml-locations.be\/wp-content\/uploads\/2026\/01\/CHAUFELEC.jpg","datePublished":"2026-01-16T15:20:54+00:00","dateModified":"2026-01-16T15:58:43+00:00","description":"Chauffage \u00e9lectrique \u00e0 louer pour vos \u00e9v\u00e9nements, atelier,...","breadcrumb":{"@id":"https:\/\/ml-locations.be\/nl\/locations\/chauffage-electrique\/#breadcrumb"},"inLanguage":"nl-NL","potentialAction":[{"@type":"ReadAction","target":["https:\/\/ml-locations.be\/nl\/locations\/chauffage-electrique\/"]}]},{"@type":"ImageObject","inLanguage":"nl-NL","@id":"https:\/\/ml-locations.be\/nl\/locations\/chauffage-electrique\/#primaryimage","url":"https:\/\/ml-locations.be\/wp-content\/uploads\/2026\/01\/CHAUFELEC.jpg","contentUrl":"https:\/\/ml-locations.be\/wp-content\/uploads\/2026\/01\/CHAUFELEC.jpg","width":976,"height":896,"caption":"Chauffage \u00e9lectrique"},{"@type":"BreadcrumbList","@id":"https:\/\/ml-locations.be\/nl\/locations\/chauffage-electrique\/#breadcrumb","itemListElement":[{"@type":"ListItem","position":1,"name":"Accueil","item":"https:\/\/ml-locations.be\/nl\/"},{"@type":"ListItem","position":2,"name":"Winkel","item":"https:\/\/ml-locations.be\/nl\/winkel\/"},{"@type":"ListItem","position":3,"name":"Chauffage \u00e9lectrique"}]},{"@type":"WebSite","@id":"https:\/\/ml-locations.be\/nl\/#website","url":"https:\/\/ml-locations.be\/nl\/","name":"ML Locations","description":"Mat\u00e9riel \u00e9v\u00e9nementiel : location chaise, table et mange debout, mat\u00e9riel horeca, frigos,...","publisher":{"@id":"https:\/\/ml-locations.be\/nl\/#organization"},"potentialAction":[{"@type":"SearchAction","target":{"@type":"EntryPoint","urlTemplate":"https:\/\/ml-locations.be\/nl\/?s={search_term_string}"},"query-input":{"@type":"PropertyValueSpecification","valueRequired":true,"valueName":"search_term_string"}}],"inLanguage":"nl-NL"},{"@type":"Organization","@id":"https:\/\/ml-locations.be\/nl\/#organization","name":"ML Locations","url":"https:\/\/ml-locations.be\/nl\/","logo":{"@type":"ImageObject","inLanguage":"nl-NL","@id":"https:\/\/ml-locations.be\/nl\/#\/schema\/logo\/image\/","url":"https:\/\/ml-locations.be\/wp-content\/uploads\/2018\/05\/LOGO-location-BON.png","contentUrl":"https:\/\/ml-locations.be\/wp-content\/uploads\/2018\/05\/LOGO-location-BON.png","width":1200,"height":1200,"caption":"ML Locations"},"image":{"@id":"https:\/\/ml-locations.be\/nl\/#\/schema\/logo\/image\/"}}]}},"_links":{"self":[{"href":"https:\/\/ml-locations.be\/nl\/wp-json\/wp\/v2\/product\/1105100","targetHints":{"allow":["GET"]}}],"collection":[{"href":"https:\/\/ml-locations.be\/nl\/wp-json\/wp\/v2\/product"}],"about":[{"href":"https:\/\/ml-locations.be\/nl\/wp-json\/wp\/v2\/types\/product"}],"wp:featuredmedia":[{"embeddable":true,"href":"https:\/\/ml-locations.be\/nl\/wp-json\/wp\/v2\/media\/1105097"}],"wp:attachment":[{"href":"https:\/\/ml-locations.be\/nl\/wp-json\/wp\/v2\/media?parent=1105100"}],"wp:term":[{"taxonomy":"product_brand","embeddable":true,"href":"https:\/\/ml-locations.be\/nl\/wp-json\/wp\/v2\/product_brand?post=1105100"},{"taxonomy":"product_cat","embeddable":true,"href":"https:\/\/ml-locations.be\/nl\/wp-json\/wp\/v2\/product_cat?post=1105100"},{"taxonomy":"product_tag","embeddable":true,"href":"https:\/\/ml-locations.be\/nl\/wp-json\/wp\/v2\/product_tag?post=1105100"}],"curies":[{"name":"wp","href":"https:\/\/api.w.org\/{rel}","templated":true}]}}