{"id":1106711,"date":"2026-03-19T13:50:19","date_gmt":"2026-03-19T12:50:19","guid":{"rendered":"https:\/\/ml-locations.be\/?post_type=product&#038;p=1106711"},"modified":"2026-03-19T14:10:25","modified_gmt":"2026-03-19T13:10:25","slug":"serviette-en-lin-28x48cm","status":"publish","type":"product","link":"https:\/\/ml-locations.be\/nl\/locations\/serviette-en-lin-28x48cm\/","title":{"rendered":"Serviette en Lin 28x48cm"},"content":{"rendered":"<p><strong>Serviette en Lin <\/strong>de 28x48cm \u00e0 louer pour la d\u00e9coration de vos tables lors d\u2019\u00e9v\u00e9nements : banquets, repas, mariages, diners de familles, anniversaires, conf\u00e9rence,\u2026<\/p>\n","protected":false},"excerpt":{"rendered":"<p><strong>Serviette en Lin <\/strong>de 28x48cm \u00e0 louer pour la d\u00e9coration de vos tables lors d\u2019\u00e9v\u00e9nements : banquets, repas, mariages, diners de familles, anniversaires, conf\u00e9rence,\u2026<\/p>\n","protected":false},"featured_media":1106713,"template":"","meta":{"_acf_changed":false},"product_brand":[],"product_cat":[126,15],"product_tag":[213,214],"class_list":{"0":"post-1106711","1":"product","2":"type-product","3":"status-publish","4":"has-post-thumbnail","6":"product_cat-decorations-pour-evenements","7":"product_cat-nappes-serviettes-en-location","8":"product_tag-location-de-materiel-de-reception-mariages","9":"product_tag-location-materiel-banquet","10":"description-off","12":"first","13":"instock","14":"taxable","15":"shipping-taxable","16":"purchasable","17":"product-type-variable"},"acf":[],"yoast_head":"<!-- This site is optimized with the Yoast SEO plugin v25.0 - https:\/\/yoast.com\/wordpress\/plugins\/seo\/ -->\n<title>Location nappe en Lin 300x300cm - ML Locations<\/title>\n<meta name=\"description\" content=\"Ces serviettes en Lin en location accompagneront votre nappe et votre vaisselle avec perfection. Vous pouvez d\u2019ailleurs retrouver notre s\u00e9lection de nappes en location et de verreries en location (verres \u00e0 vin, fl\u00fbtes,\u2026) sur ce site. Les serviettes en tissus peuvent \u00eatre rendues sales apr\u00e8s la location, et ce sans risque de frais suppl\u00e9mentaires car le nettoyage des nappes est compris dans le prix de location.\" \/>\n<meta name=\"robots\" content=\"index, follow, max-snippet:-1, max-image-preview:large, max-video-preview:-1\" \/>\n<link rel=\"canonical\" href=\"https:\/\/ml-locations.be\/nl\/locations\/serviette-en-lin-28x48cm\/\" \/>\n<meta property=\"og:locale\" content=\"nl_NL\" \/>\n<meta property=\"og:type\" content=\"article\" \/>\n<meta property=\"og:title\" content=\"Location nappe en Lin 300x300cm - ML Locations\" \/>\n<meta property=\"og:description\" content=\"Ces serviettes en Lin en location accompagneront votre nappe et votre vaisselle avec perfection. Vous pouvez d\u2019ailleurs retrouver notre s\u00e9lection de nappes en location et de verreries en location (verres \u00e0 vin, fl\u00fbtes,\u2026) sur ce site. Les serviettes en tissus peuvent \u00eatre rendues sales apr\u00e8s la location, et ce sans risque de frais suppl\u00e9mentaires car le nettoyage des nappes est compris dans le prix de location.\" \/>\n<meta property=\"og:url\" content=\"https:\/\/ml-locations.be\/nl\/locations\/serviette-en-lin-28x48cm\/\" \/>\n<meta property=\"og:site_name\" content=\"ML Locations\" \/>\n<meta property=\"article:modified_time\" content=\"2026-03-19T13:10:25+00:00\" \/>\n<meta property=\"og:image\" content=\"https:\/\/ml-locations.be\/wp-content\/uploads\/2026\/03\/lin-fini-service-de-table-serviettes-lin-blanc-de-lin-2-1.jpg\" \/>\n\t<meta property=\"og:image:width\" content=\"653\" \/>\n\t<meta property=\"og:image:height\" content=\"900\" \/>\n\t<meta property=\"og:image:type\" content=\"image\/jpeg\" \/>\n<meta name=\"twitter:card\" content=\"summary_large_image\" \/>\n<meta name=\"twitter:label1\" content=\"Geschatte leestijd\" \/>\n\t<meta name=\"twitter:data1\" content=\"1 minuut\" \/>\n<script type=\"application\/ld+json\" class=\"yoast-schema-graph\">{\"@context\":\"https:\/\/schema.org\",\"@graph\":[{\"@type\":\"WebPage\",\"@id\":\"https:\/\/ml-locations.be\/nl\/locations\/serviette-en-lin-28x48cm\/\",\"url\":\"https:\/\/ml-locations.be\/nl\/locations\/serviette-en-lin-28x48cm\/\",\"name\":\"Location nappe en Lin 300x300cm - ML Locations\",\"isPartOf\":{\"@id\":\"https:\/\/ml-locations.be\/nl\/#website\"},\"primaryImageOfPage\":{\"@id\":\"https:\/\/ml-locations.be\/nl\/locations\/serviette-en-lin-28x48cm\/#primaryimage\"},\"image\":{\"@id\":\"https:\/\/ml-locations.be\/nl\/locations\/serviette-en-lin-28x48cm\/#primaryimage\"},\"thumbnailUrl\":\"https:\/\/ml-locations.be\/wp-content\/uploads\/2026\/03\/lin-fini-service-de-table-serviettes-lin-blanc-de-lin-2-1.jpg\",\"datePublished\":\"2026-03-19T12:50:19+00:00\",\"dateModified\":\"2026-03-19T13:10:25+00:00\",\"description\":\"Ces serviettes en Lin en location accompagneront votre nappe et votre vaisselle avec perfection. Vous pouvez d\u2019ailleurs retrouver notre s\u00e9lection de nappes en location et de verreries en location (verres \u00e0 vin, fl\u00fbtes,\u2026) sur ce site. Les serviettes en tissus peuvent \u00eatre rendues sales apr\u00e8s la location, et ce sans risque de frais suppl\u00e9mentaires car le nettoyage des nappes est compris dans le prix de location.\",\"breadcrumb\":{\"@id\":\"https:\/\/ml-locations.be\/nl\/locations\/serviette-en-lin-28x48cm\/#breadcrumb\"},\"inLanguage\":\"nl-NL\",\"potentialAction\":[{\"@type\":\"ReadAction\",\"target\":[\"https:\/\/ml-locations.be\/nl\/locations\/serviette-en-lin-28x48cm\/\"]}]},{\"@type\":\"ImageObject\",\"inLanguage\":\"nl-NL\",\"@id\":\"https:\/\/ml-locations.be\/nl\/locations\/serviette-en-lin-28x48cm\/#primaryimage\",\"url\":\"https:\/\/ml-locations.be\/wp-content\/uploads\/2026\/03\/lin-fini-service-de-table-serviettes-lin-blanc-de-lin-2-1.jpg\",\"contentUrl\":\"https:\/\/ml-locations.be\/wp-content\/uploads\/2026\/03\/lin-fini-service-de-table-serviettes-lin-blanc-de-lin-2-1.jpg\",\"width\":653,\"height\":900},{\"@type\":\"BreadcrumbList\",\"@id\":\"https:\/\/ml-locations.be\/nl\/locations\/serviette-en-lin-28x48cm\/#breadcrumb\",\"itemListElement\":[{\"@type\":\"ListItem\",\"position\":1,\"name\":\"Accueil\",\"item\":\"https:\/\/ml-locations.be\/nl\/\"},{\"@type\":\"ListItem\",\"position\":2,\"name\":\"Winkel\",\"item\":\"https:\/\/ml-locations.be\/nl\/winkel\/\"},{\"@type\":\"ListItem\",\"position\":3,\"name\":\"Serviette en Lin 28x48cm\"}]},{\"@type\":\"WebSite\",\"@id\":\"https:\/\/ml-locations.be\/nl\/#website\",\"url\":\"https:\/\/ml-locations.be\/nl\/\",\"name\":\"ML Locations\",\"description\":\"Mat\u00e9riel \u00e9v\u00e9nementiel : location chaise, table et mange debout, mat\u00e9riel horeca, frigos,...\",\"publisher\":{\"@id\":\"https:\/\/ml-locations.be\/nl\/#organization\"},\"potentialAction\":[{\"@type\":\"SearchAction\",\"target\":{\"@type\":\"EntryPoint\",\"urlTemplate\":\"https:\/\/ml-locations.be\/nl\/?s={search_term_string}\"},\"query-input\":{\"@type\":\"PropertyValueSpecification\",\"valueRequired\":true,\"valueName\":\"search_term_string\"}}],\"inLanguage\":\"nl-NL\"},{\"@type\":\"Organization\",\"@id\":\"https:\/\/ml-locations.be\/nl\/#organization\",\"name\":\"ML Locations\",\"url\":\"https:\/\/ml-locations.be\/nl\/\",\"logo\":{\"@type\":\"ImageObject\",\"inLanguage\":\"nl-NL\",\"@id\":\"https:\/\/ml-locations.be\/nl\/#\/schema\/logo\/image\/\",\"url\":\"https:\/\/ml-locations.be\/wp-content\/uploads\/2018\/05\/LOGO-location-BON.png\",\"contentUrl\":\"https:\/\/ml-locations.be\/wp-content\/uploads\/2018\/05\/LOGO-location-BON.png\",\"width\":1200,\"height\":1200,\"caption\":\"ML Locations\"},\"image\":{\"@id\":\"https:\/\/ml-locations.be\/nl\/#\/schema\/logo\/image\/\"}}]}<\/script>\n<!-- \/ Yoast SEO plugin. -->","yoast_head_json":{"title":"Location nappe en Lin 300x300cm - ML Locations","description":"Ces serviettes en Lin en location accompagneront votre nappe et votre vaisselle avec perfection. Vous pouvez d\u2019ailleurs retrouver notre s\u00e9lection de nappes en location et de verreries en location (verres \u00e0 vin, fl\u00fbtes,\u2026) sur ce site. Les serviettes en tissus peuvent \u00eatre rendues sales apr\u00e8s la location, et ce sans risque de frais suppl\u00e9mentaires car le nettoyage des nappes est compris dans le prix de location.","robots":{"index":"index","follow":"follow","max-snippet":"max-snippet:-1","max-image-preview":"max-image-preview:large","max-video-preview":"max-video-preview:-1"},"canonical":"https:\/\/ml-locations.be\/nl\/locations\/serviette-en-lin-28x48cm\/","og_locale":"nl_NL","og_type":"article","og_title":"Location nappe en Lin 300x300cm - ML Locations","og_description":"Ces serviettes en Lin en location accompagneront votre nappe et votre vaisselle avec perfection. Vous pouvez d\u2019ailleurs retrouver notre s\u00e9lection de nappes en location et de verreries en location (verres \u00e0 vin, fl\u00fbtes,\u2026) sur ce site. Les serviettes en tissus peuvent \u00eatre rendues sales apr\u00e8s la location, et ce sans risque de frais suppl\u00e9mentaires car le nettoyage des nappes est compris dans le prix de location.","og_url":"https:\/\/ml-locations.be\/nl\/locations\/serviette-en-lin-28x48cm\/","og_site_name":"ML Locations","article_modified_time":"2026-03-19T13:10:25+00:00","og_image":[{"width":653,"height":900,"url":"https:\/\/ml-locations.be\/wp-content\/uploads\/2026\/03\/lin-fini-service-de-table-serviettes-lin-blanc-de-lin-2-1.jpg","type":"image\/jpeg"}],"twitter_card":"summary_large_image","twitter_misc":{"Geschatte leestijd":"1 minuut"},"schema":{"@context":"https:\/\/schema.org","@graph":[{"@type":"WebPage","@id":"https:\/\/ml-locations.be\/nl\/locations\/serviette-en-lin-28x48cm\/","url":"https:\/\/ml-locations.be\/nl\/locations\/serviette-en-lin-28x48cm\/","name":"Location nappe en Lin 300x300cm - ML Locations","isPartOf":{"@id":"https:\/\/ml-locations.be\/nl\/#website"},"primaryImageOfPage":{"@id":"https:\/\/ml-locations.be\/nl\/locations\/serviette-en-lin-28x48cm\/#primaryimage"},"image":{"@id":"https:\/\/ml-locations.be\/nl\/locations\/serviette-en-lin-28x48cm\/#primaryimage"},"thumbnailUrl":"https:\/\/ml-locations.be\/wp-content\/uploads\/2026\/03\/lin-fini-service-de-table-serviettes-lin-blanc-de-lin-2-1.jpg","datePublished":"2026-03-19T12:50:19+00:00","dateModified":"2026-03-19T13:10:25+00:00","description":"Ces serviettes en Lin en location accompagneront votre nappe et votre vaisselle avec perfection. Vous pouvez d\u2019ailleurs retrouver notre s\u00e9lection de nappes en location et de verreries en location (verres \u00e0 vin, fl\u00fbtes,\u2026) sur ce site. Les serviettes en tissus peuvent \u00eatre rendues sales apr\u00e8s la location, et ce sans risque de frais suppl\u00e9mentaires car le nettoyage des nappes est compris dans le prix de location.","breadcrumb":{"@id":"https:\/\/ml-locations.be\/nl\/locations\/serviette-en-lin-28x48cm\/#breadcrumb"},"inLanguage":"nl-NL","potentialAction":[{"@type":"ReadAction","target":["https:\/\/ml-locations.be\/nl\/locations\/serviette-en-lin-28x48cm\/"]}]},{"@type":"ImageObject","inLanguage":"nl-NL","@id":"https:\/\/ml-locations.be\/nl\/locations\/serviette-en-lin-28x48cm\/#primaryimage","url":"https:\/\/ml-locations.be\/wp-content\/uploads\/2026\/03\/lin-fini-service-de-table-serviettes-lin-blanc-de-lin-2-1.jpg","contentUrl":"https:\/\/ml-locations.be\/wp-content\/uploads\/2026\/03\/lin-fini-service-de-table-serviettes-lin-blanc-de-lin-2-1.jpg","width":653,"height":900},{"@type":"BreadcrumbList","@id":"https:\/\/ml-locations.be\/nl\/locations\/serviette-en-lin-28x48cm\/#breadcrumb","itemListElement":[{"@type":"ListItem","position":1,"name":"Accueil","item":"https:\/\/ml-locations.be\/nl\/"},{"@type":"ListItem","position":2,"name":"Winkel","item":"https:\/\/ml-locations.be\/nl\/winkel\/"},{"@type":"ListItem","position":3,"name":"Serviette en Lin 28x48cm"}]},{"@type":"WebSite","@id":"https:\/\/ml-locations.be\/nl\/#website","url":"https:\/\/ml-locations.be\/nl\/","name":"ML Locations","description":"Mat\u00e9riel \u00e9v\u00e9nementiel : location chaise, table et mange debout, mat\u00e9riel horeca, frigos,...","publisher":{"@id":"https:\/\/ml-locations.be\/nl\/#organization"},"potentialAction":[{"@type":"SearchAction","target":{"@type":"EntryPoint","urlTemplate":"https:\/\/ml-locations.be\/nl\/?s={search_term_string}"},"query-input":{"@type":"PropertyValueSpecification","valueRequired":true,"valueName":"search_term_string"}}],"inLanguage":"nl-NL"},{"@type":"Organization","@id":"https:\/\/ml-locations.be\/nl\/#organization","name":"ML Locations","url":"https:\/\/ml-locations.be\/nl\/","logo":{"@type":"ImageObject","inLanguage":"nl-NL","@id":"https:\/\/ml-locations.be\/nl\/#\/schema\/logo\/image\/","url":"https:\/\/ml-locations.be\/wp-content\/uploads\/2018\/05\/LOGO-location-BON.png","contentUrl":"https:\/\/ml-locations.be\/wp-content\/uploads\/2018\/05\/LOGO-location-BON.png","width":1200,"height":1200,"caption":"ML Locations"},"image":{"@id":"https:\/\/ml-locations.be\/nl\/#\/schema\/logo\/image\/"}}]}},"_links":{"self":[{"href":"https:\/\/ml-locations.be\/nl\/wp-json\/wp\/v2\/product\/1106711","targetHints":{"allow":["GET"]}}],"collection":[{"href":"https:\/\/ml-locations.be\/nl\/wp-json\/wp\/v2\/product"}],"about":[{"href":"https:\/\/ml-locations.be\/nl\/wp-json\/wp\/v2\/types\/product"}],"wp:featuredmedia":[{"embeddable":true,"href":"https:\/\/ml-locations.be\/nl\/wp-json\/wp\/v2\/media\/1106713"}],"wp:attachment":[{"href":"https:\/\/ml-locations.be\/nl\/wp-json\/wp\/v2\/media?parent=1106711"}],"wp:term":[{"taxonomy":"product_brand","embeddable":true,"href":"https:\/\/ml-locations.be\/nl\/wp-json\/wp\/v2\/product_brand?post=1106711"},{"taxonomy":"product_cat","embeddable":true,"href":"https:\/\/ml-locations.be\/nl\/wp-json\/wp\/v2\/product_cat?post=1106711"},{"taxonomy":"product_tag","embeddable":true,"href":"https:\/\/ml-locations.be\/nl\/wp-json\/wp\/v2\/product_tag?post=1106711"}],"curies":[{"name":"wp","href":"https:\/\/api.w.org\/{rel}","templated":true}]}}