{"id":1121095,"date":"2026-04-23T10:47:24","date_gmt":"2026-04-23T08:47:24","guid":{"rendered":"https:\/\/ml-locations.be\/?post_type=product&#038;p=1121095"},"modified":"2026-04-23T10:57:01","modified_gmt":"2026-04-23T08:57:01","slug":"friteuse-de-table-16-litres-230v-3000w","status":"publish","type":"product","link":"https:\/\/ml-locations.be\/nl\/locations\/friteuse-de-table-16-litres-230v-3000w\/","title":{"rendered":"Friteuse de table 16 litres &#8211; acier Inoxydable (230V)"},"content":{"rendered":"<h2>Description de la friteuse en location (16 litres) :<\/h2>\n<p>Cette <strong>friteuse en location<\/strong> a une capacit\u00e9 maximale de 16<strong>\u00a0litres<\/strong> de table (huile \u00e0 pr\u00e9voir). Elle se branche sur une simple prise (230V). Il suffit ensuite de s\u00e9lectionner la temp\u00e9rature d\u00e9sir\u00e9e sur le thermostat de la <strong>friteuse en location<\/strong>. N&#8217;oubliez pas de pr\u00e9voir 16 litres d&#8217;huile de friture pour remplir la friteuse.<\/p>\n<p>Vous souhaitez servir de d\u00e9licieuses frites ou des plats de fritures lors de votre \u00e9v\u00e9nement ? ML Locations vous propose cette <strong>friteuse en location pour vos banquets et autres repas<\/strong>. Pour la <strong>location de friteuse<\/strong> et ses <strong>ustensiles<\/strong>, faites confiance \u00e0 ML Locations !<\/p>\n<p>Si vous souhaitez <strong>louer cette friteuse<\/strong>, n&#8217;oubliez pas les ustensiles suivants, ils vous faciliteront grandement le service des frites :<\/p>\n<p><strong><a href=\"https:\/\/ml-locations.be\/locations\/location-egouttoir-frites\/\">\u00e9gouttoir \u00e0 frites en inox<\/a><\/strong>, <strong><a href=\"https:\/\/ml-locations.be\/locations\/location-saliere-frite-inox\/\">sali\u00e8re \u00e0 frites<\/a><\/strong>.<\/p>\n<h2>Caract\u00e9ristiques de la friteuse en location (16L, 230V)<\/h2>\n<ul>\n<li>Mati\u00e8re : Friteuse de table en acier Inoxydable<\/li>\n<li>Capacit\u00e9 : 9 litres maximum (pr\u00e9voir l&#8217;huile pour la friteuse)<\/li>\n<li>Tension : 230V<\/li>\n<li>Puissance : 3000W<\/li>\n<li>Dimensions de la friteuse : 33.6 x 53 x 38.5 cm<\/li>\n<\/ul>\n","protected":false},"excerpt":{"rendered":"<p><strong>Friteuse \u00e9lectrique en location<\/strong> <strong>:<\/strong> en inox, capacit\u00e9 16 litres, 230 vols, 3000 watts.<\/p>\n","protected":false},"featured_media":1121096,"template":"","meta":{"_acf_changed":false},"product_brand":[],"product_cat":[29,34],"product_tag":[214],"class_list":{"0":"post-1121095","1":"product","2":"type-product","3":"status-publish","4":"has-post-thumbnail","6":"product_cat-materiel-horeca-en-location","7":"product_cat-location-materiel-cuisine-et-buffet","8":"product_tag-location-materiel-banquet","9":"description-off","11":"first","12":"instock","13":"taxable","14":"shipping-taxable","15":"purchasable","16":"product-type-simple"},"acf":[],"yoast_head":"<!-- This site is optimized with the Yoast SEO plugin v25.0 - https:\/\/yoast.com\/wordpress\/plugins\/seo\/ -->\n<title>Location friteuse \u00e9lectrique - 16 litres, en inox, 230v | ML Locations<\/title>\n<meta name=\"description\" content=\"Friteuse en location pour vos banquets et \u00e9v\u00e9nements ! Friteuse \u00e9lectrique 16 litres, en inox, 230v, 3000W. Devis gratuit !\" \/>\n<meta name=\"robots\" content=\"index, follow, max-snippet:-1, max-image-preview:large, max-video-preview:-1\" \/>\n<link rel=\"canonical\" href=\"https:\/\/ml-locations.be\/nl\/locations\/friteuse-de-table-16-litres-230v-3000w\/\" \/>\n<meta property=\"og:locale\" content=\"nl_NL\" \/>\n<meta property=\"og:type\" content=\"article\" \/>\n<meta property=\"og:title\" content=\"Location friteuse \u00e9lectrique - 16 litres, en inox, 230v | ML Locations\" \/>\n<meta property=\"og:description\" content=\"Friteuse en location pour vos banquets et \u00e9v\u00e9nements ! Friteuse \u00e9lectrique 16 litres, en inox, 230v, 3000W. Devis gratuit !\" \/>\n<meta property=\"og:url\" content=\"https:\/\/ml-locations.be\/nl\/locations\/friteuse-de-table-16-litres-230v-3000w\/\" \/>\n<meta property=\"og:site_name\" content=\"ML Locations\" \/>\n<meta property=\"article:modified_time\" content=\"2026-04-23T08:57:01+00:00\" \/>\n<meta property=\"og:image\" content=\"https:\/\/ml-locations.be\/wp-content\/uploads\/2026\/04\/Maxime-16L-elec.webp\" \/>\n\t<meta property=\"og:image:width\" content=\"700\" \/>\n\t<meta property=\"og:image:height\" content=\"700\" \/>\n\t<meta property=\"og:image:type\" content=\"image\/webp\" \/>\n<meta name=\"twitter:card\" content=\"summary_large_image\" \/>\n<meta name=\"twitter:label1\" content=\"Geschatte leestijd\" \/>\n\t<meta name=\"twitter:data1\" content=\"2 minuten\" \/>\n<script type=\"application\/ld+json\" class=\"yoast-schema-graph\">{\"@context\":\"https:\/\/schema.org\",\"@graph\":[{\"@type\":\"WebPage\",\"@id\":\"https:\/\/ml-locations.be\/nl\/locations\/friteuse-de-table-16-litres-230v-3000w\/\",\"url\":\"https:\/\/ml-locations.be\/nl\/locations\/friteuse-de-table-16-litres-230v-3000w\/\",\"name\":\"Location friteuse \u00e9lectrique - 16 litres, en inox, 230v | ML Locations\",\"isPartOf\":{\"@id\":\"https:\/\/ml-locations.be\/nl\/#website\"},\"primaryImageOfPage\":{\"@id\":\"https:\/\/ml-locations.be\/nl\/locations\/friteuse-de-table-16-litres-230v-3000w\/#primaryimage\"},\"image\":{\"@id\":\"https:\/\/ml-locations.be\/nl\/locations\/friteuse-de-table-16-litres-230v-3000w\/#primaryimage\"},\"thumbnailUrl\":\"https:\/\/ml-locations.be\/wp-content\/uploads\/2026\/04\/Maxime-16L-elec.webp\",\"datePublished\":\"2026-04-23T08:47:24+00:00\",\"dateModified\":\"2026-04-23T08:57:01+00:00\",\"description\":\"Friteuse en location pour vos banquets et \u00e9v\u00e9nements ! Friteuse \u00e9lectrique 16 litres, en inox, 230v, 3000W. Devis gratuit !\",\"breadcrumb\":{\"@id\":\"https:\/\/ml-locations.be\/nl\/locations\/friteuse-de-table-16-litres-230v-3000w\/#breadcrumb\"},\"inLanguage\":\"nl-NL\",\"potentialAction\":[{\"@type\":\"ReadAction\",\"target\":[\"https:\/\/ml-locations.be\/nl\/locations\/friteuse-de-table-16-litres-230v-3000w\/\"]}]},{\"@type\":\"ImageObject\",\"inLanguage\":\"nl-NL\",\"@id\":\"https:\/\/ml-locations.be\/nl\/locations\/friteuse-de-table-16-litres-230v-3000w\/#primaryimage\",\"url\":\"https:\/\/ml-locations.be\/wp-content\/uploads\/2026\/04\/Maxime-16L-elec.webp\",\"contentUrl\":\"https:\/\/ml-locations.be\/wp-content\/uploads\/2026\/04\/Maxime-16L-elec.webp\",\"width\":700,\"height\":700},{\"@type\":\"BreadcrumbList\",\"@id\":\"https:\/\/ml-locations.be\/nl\/locations\/friteuse-de-table-16-litres-230v-3000w\/#breadcrumb\",\"itemListElement\":[{\"@type\":\"ListItem\",\"position\":1,\"name\":\"Accueil\",\"item\":\"https:\/\/ml-locations.be\/nl\/\"},{\"@type\":\"ListItem\",\"position\":2,\"name\":\"Winkel\",\"item\":\"https:\/\/ml-locations.be\/nl\/winkel\/\"},{\"@type\":\"ListItem\",\"position\":3,\"name\":\"Friteuse de table 16 litres &#8211; acier Inoxydable (230V)\"}]},{\"@type\":\"WebSite\",\"@id\":\"https:\/\/ml-locations.be\/nl\/#website\",\"url\":\"https:\/\/ml-locations.be\/nl\/\",\"name\":\"ML Locations\",\"description\":\"Mat\u00e9riel \u00e9v\u00e9nementiel : location chaise, table et mange debout, mat\u00e9riel horeca, frigos,...\",\"publisher\":{\"@id\":\"https:\/\/ml-locations.be\/nl\/#organization\"},\"potentialAction\":[{\"@type\":\"SearchAction\",\"target\":{\"@type\":\"EntryPoint\",\"urlTemplate\":\"https:\/\/ml-locations.be\/nl\/?s={search_term_string}\"},\"query-input\":{\"@type\":\"PropertyValueSpecification\",\"valueRequired\":true,\"valueName\":\"search_term_string\"}}],\"inLanguage\":\"nl-NL\"},{\"@type\":\"Organization\",\"@id\":\"https:\/\/ml-locations.be\/nl\/#organization\",\"name\":\"ML Locations\",\"url\":\"https:\/\/ml-locations.be\/nl\/\",\"logo\":{\"@type\":\"ImageObject\",\"inLanguage\":\"nl-NL\",\"@id\":\"https:\/\/ml-locations.be\/nl\/#\/schema\/logo\/image\/\",\"url\":\"https:\/\/ml-locations.be\/wp-content\/uploads\/2018\/05\/LOGO-location-BON.png\",\"contentUrl\":\"https:\/\/ml-locations.be\/wp-content\/uploads\/2018\/05\/LOGO-location-BON.png\",\"width\":1200,\"height\":1200,\"caption\":\"ML Locations\"},\"image\":{\"@id\":\"https:\/\/ml-locations.be\/nl\/#\/schema\/logo\/image\/\"}}]}<\/script>\n<!-- \/ Yoast SEO plugin. -->","yoast_head_json":{"title":"Location friteuse \u00e9lectrique - 16 litres, en inox, 230v | ML Locations","description":"Friteuse en location pour vos banquets et \u00e9v\u00e9nements ! Friteuse \u00e9lectrique 16 litres, en inox, 230v, 3000W. Devis gratuit !","robots":{"index":"index","follow":"follow","max-snippet":"max-snippet:-1","max-image-preview":"max-image-preview:large","max-video-preview":"max-video-preview:-1"},"canonical":"https:\/\/ml-locations.be\/nl\/locations\/friteuse-de-table-16-litres-230v-3000w\/","og_locale":"nl_NL","og_type":"article","og_title":"Location friteuse \u00e9lectrique - 16 litres, en inox, 230v | ML Locations","og_description":"Friteuse en location pour vos banquets et \u00e9v\u00e9nements ! Friteuse \u00e9lectrique 16 litres, en inox, 230v, 3000W. Devis gratuit !","og_url":"https:\/\/ml-locations.be\/nl\/locations\/friteuse-de-table-16-litres-230v-3000w\/","og_site_name":"ML Locations","article_modified_time":"2026-04-23T08:57:01+00:00","og_image":[{"width":700,"height":700,"url":"https:\/\/ml-locations.be\/wp-content\/uploads\/2026\/04\/Maxime-16L-elec.webp","type":"image\/webp"}],"twitter_card":"summary_large_image","twitter_misc":{"Geschatte leestijd":"2 minuten"},"schema":{"@context":"https:\/\/schema.org","@graph":[{"@type":"WebPage","@id":"https:\/\/ml-locations.be\/nl\/locations\/friteuse-de-table-16-litres-230v-3000w\/","url":"https:\/\/ml-locations.be\/nl\/locations\/friteuse-de-table-16-litres-230v-3000w\/","name":"Location friteuse \u00e9lectrique - 16 litres, en inox, 230v | ML Locations","isPartOf":{"@id":"https:\/\/ml-locations.be\/nl\/#website"},"primaryImageOfPage":{"@id":"https:\/\/ml-locations.be\/nl\/locations\/friteuse-de-table-16-litres-230v-3000w\/#primaryimage"},"image":{"@id":"https:\/\/ml-locations.be\/nl\/locations\/friteuse-de-table-16-litres-230v-3000w\/#primaryimage"},"thumbnailUrl":"https:\/\/ml-locations.be\/wp-content\/uploads\/2026\/04\/Maxime-16L-elec.webp","datePublished":"2026-04-23T08:47:24+00:00","dateModified":"2026-04-23T08:57:01+00:00","description":"Friteuse en location pour vos banquets et \u00e9v\u00e9nements ! Friteuse \u00e9lectrique 16 litres, en inox, 230v, 3000W. Devis gratuit !","breadcrumb":{"@id":"https:\/\/ml-locations.be\/nl\/locations\/friteuse-de-table-16-litres-230v-3000w\/#breadcrumb"},"inLanguage":"nl-NL","potentialAction":[{"@type":"ReadAction","target":["https:\/\/ml-locations.be\/nl\/locations\/friteuse-de-table-16-litres-230v-3000w\/"]}]},{"@type":"ImageObject","inLanguage":"nl-NL","@id":"https:\/\/ml-locations.be\/nl\/locations\/friteuse-de-table-16-litres-230v-3000w\/#primaryimage","url":"https:\/\/ml-locations.be\/wp-content\/uploads\/2026\/04\/Maxime-16L-elec.webp","contentUrl":"https:\/\/ml-locations.be\/wp-content\/uploads\/2026\/04\/Maxime-16L-elec.webp","width":700,"height":700},{"@type":"BreadcrumbList","@id":"https:\/\/ml-locations.be\/nl\/locations\/friteuse-de-table-16-litres-230v-3000w\/#breadcrumb","itemListElement":[{"@type":"ListItem","position":1,"name":"Accueil","item":"https:\/\/ml-locations.be\/nl\/"},{"@type":"ListItem","position":2,"name":"Winkel","item":"https:\/\/ml-locations.be\/nl\/winkel\/"},{"@type":"ListItem","position":3,"name":"Friteuse de table 16 litres &#8211; acier Inoxydable (230V)"}]},{"@type":"WebSite","@id":"https:\/\/ml-locations.be\/nl\/#website","url":"https:\/\/ml-locations.be\/nl\/","name":"ML Locations","description":"Mat\u00e9riel \u00e9v\u00e9nementiel : location chaise, table et mange debout, mat\u00e9riel horeca, frigos,...","publisher":{"@id":"https:\/\/ml-locations.be\/nl\/#organization"},"potentialAction":[{"@type":"SearchAction","target":{"@type":"EntryPoint","urlTemplate":"https:\/\/ml-locations.be\/nl\/?s={search_term_string}"},"query-input":{"@type":"PropertyValueSpecification","valueRequired":true,"valueName":"search_term_string"}}],"inLanguage":"nl-NL"},{"@type":"Organization","@id":"https:\/\/ml-locations.be\/nl\/#organization","name":"ML Locations","url":"https:\/\/ml-locations.be\/nl\/","logo":{"@type":"ImageObject","inLanguage":"nl-NL","@id":"https:\/\/ml-locations.be\/nl\/#\/schema\/logo\/image\/","url":"https:\/\/ml-locations.be\/wp-content\/uploads\/2018\/05\/LOGO-location-BON.png","contentUrl":"https:\/\/ml-locations.be\/wp-content\/uploads\/2018\/05\/LOGO-location-BON.png","width":1200,"height":1200,"caption":"ML Locations"},"image":{"@id":"https:\/\/ml-locations.be\/nl\/#\/schema\/logo\/image\/"}}]}},"_links":{"self":[{"href":"https:\/\/ml-locations.be\/nl\/wp-json\/wp\/v2\/product\/1121095","targetHints":{"allow":["GET"]}}],"collection":[{"href":"https:\/\/ml-locations.be\/nl\/wp-json\/wp\/v2\/product"}],"about":[{"href":"https:\/\/ml-locations.be\/nl\/wp-json\/wp\/v2\/types\/product"}],"wp:featuredmedia":[{"embeddable":true,"href":"https:\/\/ml-locations.be\/nl\/wp-json\/wp\/v2\/media\/1121096"}],"wp:attachment":[{"href":"https:\/\/ml-locations.be\/nl\/wp-json\/wp\/v2\/media?parent=1121095"}],"wp:term":[{"taxonomy":"product_brand","embeddable":true,"href":"https:\/\/ml-locations.be\/nl\/wp-json\/wp\/v2\/product_brand?post=1121095"},{"taxonomy":"product_cat","embeddable":true,"href":"https:\/\/ml-locations.be\/nl\/wp-json\/wp\/v2\/product_cat?post=1121095"},{"taxonomy":"product_tag","embeddable":true,"href":"https:\/\/ml-locations.be\/nl\/wp-json\/wp\/v2\/product_tag?post=1121095"}],"curies":[{"name":"wp","href":"https:\/\/api.w.org\/{rel}","templated":true}]}}