{"id":12249,"date":"2019-07-19T19:26:38","date_gmt":"2019-07-19T17:26:38","guid":{"rendered":"https:\/\/www.ml-locations.be\/?post_type=product&#038;p=12249"},"modified":"2019-08-21T18:40:10","modified_gmt":"2019-08-21T16:40:10","slug":"location-ice-bar-lumineux","status":"publish","type":"product","link":"https:\/\/ml-locations.be\/nl\/locations\/location-ice-bar-lumineux\/","title":{"rendered":"Ice Bar &#8211; meuble de bar lumineux"},"content":{"rendered":"<h2>Description du Ice Bar en location<\/h2>\n<p>Ice Bar est un <strong>meuble lumineux en location<\/strong>\u00a0r\u00e9alis\u00e9 par SLIDE Studio, avec sa structure modulaire vous pouvez l\u2019utiliser comme un <strong>porte-bouteilles<\/strong> ou comme <strong>un bac \u00e0 glace<\/strong>. En combinaison avec notre <a href=\"https:\/\/ml-locations.be\/locations\/location-meuble-bar-desk-lumineux\/\">comptoir de bar lumineux Break Bar en location<\/a>, il conviendra parfaitement pour les \u00e9v\u00e9nements \u00e9l\u00e9gants et minimalistes, \u00e0 l&#8217;int\u00e9rieur et \u00e0 l&#8217;ext\u00e9rieur. Sa conception lui permet d\u2019\u00eatre utilis\u00e9 pour meubler de petits et grands espaces. Cerise sur le g\u00e2teau, ce meuble lumineux s\u2019allume et permet de cr\u00e9er une ambiance hyper tendance gr\u00e2ce \u00e0 sa lumi\u00e8re.<\/p>\n<p>Comme nous vous l\u2019expliquons ci-dessus, ce meuble lumineux est parfait \u00a0en compl\u00e9ment du bar lumineux Break. L\u2019Ice Bar \u00a0(Larg. 94 cm x H 86 cm) est le meuble id\u00e9al pour cr\u00e9er une ambiance lounge et ultra contemporaine lors de vos \u00e9v\u00e9nements. Utilisez le dans votre salon, sur votre terrasse, au bord de votre piscine&#8230; Avec son design \u00e9pur\u00e9 et sa coque translucide, l\u2019Ice Bar en location diffuse un halo lumineux doux qui illuminera vos ap\u00e9ritifs, vos soir\u00e9es entre amis&#8230;<\/p>\n<p>D\u00e9couvrez nos autres <a href=\"https:\/\/ml-locations.be\/location\/mobilier\/mobilier-lumineux\/\">meubles lumineux en location<\/a>.<\/p>\n<h2>Caract\u00e9ristiques et dimensions du Ice Bar en location<\/h2>\n<ul>\n<li>Mat\u00e9riaux: Poly\u00e9thil\u00e8ne<\/li>\n<li>Hauteur : 94 cm<\/li>\n<li>Largeur : 48 cm<\/li>\n<li>Profondeur : 86 cm<\/li>\n<li class=\"\"><span class=\"product-caracteristics-value\">Poids :\u00a0<span class=\"value\">8 kg<\/span><\/span><\/li>\n<li class=\"\">Capacit\u00e9: 53 L<\/li>\n<li class=\"\"><span class=\"product-caracteristics-value\"><span class=\"value\">Compartiment \u00e0 gla\u00e7ons :<\/span><\/span>\n<ul>\n<li class=\"\"><span class=\"product-caracteristics-value\"><span class=\"value\"> Largeur : 55 cm<\/span><\/span><\/li>\n<li class=\"\"><span class=\"product-caracteristics-value\"><span class=\"value\">Profondeur : 20 cm<\/span><\/span><\/li>\n<li class=\"\"><span class=\"product-caracteristics-value\"><span class=\"value\">Hauteur : 30 cm<\/span><\/span><\/li>\n<\/ul>\n<\/li>\n<\/ul>\n","protected":false},"excerpt":{"rendered":"<p><strong>Ice Bar en location :<\/strong> meuble lumineux servant de <strong>porte bouteilles<\/strong> ou <strong>bac \u00e0 gla\u00e7ons<\/strong><\/p>\n","protected":false},"featured_media":12256,"template":"","meta":{"_acf_changed":false},"product_brand":[],"product_cat":[6,14,9],"product_tag":[208,202],"class_list":{"0":"post-12249","1":"product","2":"type-product","3":"status-publish","4":"has-post-thumbnail","6":"product_cat-mobilier","7":"product_cat-mobilier-pour-bar-a-louer","8":"product_cat-mobilier-lumineux","9":"product_tag-location-materiel-bar","10":"product_tag-location-mobilier-design","11":"description-off","13":"first","14":"instock","15":"taxable","16":"shipping-taxable","17":"purchasable","18":"product-type-simple"},"acf":[],"yoast_head":"<!-- This site is optimized with the Yoast SEO plugin v25.0 - https:\/\/yoast.com\/wordpress\/plugins\/seo\/ -->\n<title>Bar lumineux Ice Bar en location | ML Locations<\/title>\n<meta name=\"description\" content=\"Ice Bar en location : ce meuble lumineux est utilis\u00e9 comme porte bouteilles ou bac \u00e0 gla\u00e7ons. Combinez le avec nos autres bars lumineux !\" \/>\n<meta name=\"robots\" content=\"index, follow, max-snippet:-1, max-image-preview:large, max-video-preview:-1\" \/>\n<link rel=\"canonical\" href=\"https:\/\/ml-locations.be\/nl\/locations\/location-ice-bar-lumineux\/\" \/>\n<meta property=\"og:locale\" content=\"nl_NL\" \/>\n<meta property=\"og:type\" content=\"article\" \/>\n<meta property=\"og:title\" content=\"Bar lumineux Ice Bar en location | ML Locations\" \/>\n<meta property=\"og:description\" content=\"Ice Bar en location : ce meuble lumineux est utilis\u00e9 comme porte bouteilles ou bac \u00e0 gla\u00e7ons. Combinez le avec nos autres bars lumineux !\" \/>\n<meta property=\"og:url\" content=\"https:\/\/ml-locations.be\/nl\/locations\/location-ice-bar-lumineux\/\" \/>\n<meta property=\"og:site_name\" content=\"ML Locations\" \/>\n<meta property=\"article:modified_time\" content=\"2019-08-21T16:40:10+00:00\" \/>\n<meta property=\"og:image\" content=\"https:\/\/ml-locations.be\/wp-content\/uploads\/2019\/07\/Ice-bar-en-location-desk.jpg\" \/>\n\t<meta property=\"og:image:width\" content=\"768\" \/>\n\t<meta property=\"og:image:height\" content=\"1080\" \/>\n\t<meta property=\"og:image:type\" content=\"image\/jpeg\" \/>\n<meta name=\"twitter:card\" content=\"summary_large_image\" \/>\n<meta name=\"twitter:label1\" content=\"Geschatte leestijd\" \/>\n\t<meta name=\"twitter:data1\" content=\"1 minuut\" \/>\n<script type=\"application\/ld+json\" class=\"yoast-schema-graph\">{\"@context\":\"https:\/\/schema.org\",\"@graph\":[{\"@type\":\"WebPage\",\"@id\":\"https:\/\/ml-locations.be\/nl\/locations\/location-ice-bar-lumineux\/\",\"url\":\"https:\/\/ml-locations.be\/nl\/locations\/location-ice-bar-lumineux\/\",\"name\":\"Bar lumineux Ice Bar en location | ML Locations\",\"isPartOf\":{\"@id\":\"https:\/\/ml-locations.be\/nl\/#website\"},\"primaryImageOfPage\":{\"@id\":\"https:\/\/ml-locations.be\/nl\/locations\/location-ice-bar-lumineux\/#primaryimage\"},\"image\":{\"@id\":\"https:\/\/ml-locations.be\/nl\/locations\/location-ice-bar-lumineux\/#primaryimage\"},\"thumbnailUrl\":\"https:\/\/ml-locations.be\/wp-content\/uploads\/2019\/07\/Ice-bar-en-location-desk.jpg\",\"datePublished\":\"2019-07-19T17:26:38+00:00\",\"dateModified\":\"2019-08-21T16:40:10+00:00\",\"description\":\"Ice Bar en location : ce meuble lumineux est utilis\u00e9 comme porte bouteilles ou bac \u00e0 gla\u00e7ons. Combinez le avec nos autres bars lumineux !\",\"breadcrumb\":{\"@id\":\"https:\/\/ml-locations.be\/nl\/locations\/location-ice-bar-lumineux\/#breadcrumb\"},\"inLanguage\":\"nl-NL\",\"potentialAction\":[{\"@type\":\"ReadAction\",\"target\":[\"https:\/\/ml-locations.be\/nl\/locations\/location-ice-bar-lumineux\/\"]}]},{\"@type\":\"ImageObject\",\"inLanguage\":\"nl-NL\",\"@id\":\"https:\/\/ml-locations.be\/nl\/locations\/location-ice-bar-lumineux\/#primaryimage\",\"url\":\"https:\/\/ml-locations.be\/wp-content\/uploads\/2019\/07\/Ice-bar-en-location-desk.jpg\",\"contentUrl\":\"https:\/\/ml-locations.be\/wp-content\/uploads\/2019\/07\/Ice-bar-en-location-desk.jpg\",\"width\":768,\"height\":1080,\"caption\":\"Ice Bar en location - porte bouteille \/ bac \u00e0 gla\u00e7ons\"},{\"@type\":\"BreadcrumbList\",\"@id\":\"https:\/\/ml-locations.be\/nl\/locations\/location-ice-bar-lumineux\/#breadcrumb\",\"itemListElement\":[{\"@type\":\"ListItem\",\"position\":1,\"name\":\"Accueil\",\"item\":\"https:\/\/ml-locations.be\/nl\/\"},{\"@type\":\"ListItem\",\"position\":2,\"name\":\"Winkel\",\"item\":\"https:\/\/ml-locations.be\/nl\/winkel\/\"},{\"@type\":\"ListItem\",\"position\":3,\"name\":\"Ice Bar &#8211; meuble de bar lumineux\"}]},{\"@type\":\"WebSite\",\"@id\":\"https:\/\/ml-locations.be\/nl\/#website\",\"url\":\"https:\/\/ml-locations.be\/nl\/\",\"name\":\"ML Locations\",\"description\":\"Mat\u00e9riel \u00e9v\u00e9nementiel : location chaise, table et mange debout, mat\u00e9riel horeca, frigos,...\",\"publisher\":{\"@id\":\"https:\/\/ml-locations.be\/nl\/#organization\"},\"potentialAction\":[{\"@type\":\"SearchAction\",\"target\":{\"@type\":\"EntryPoint\",\"urlTemplate\":\"https:\/\/ml-locations.be\/nl\/?s={search_term_string}\"},\"query-input\":{\"@type\":\"PropertyValueSpecification\",\"valueRequired\":true,\"valueName\":\"search_term_string\"}}],\"inLanguage\":\"nl-NL\"},{\"@type\":\"Organization\",\"@id\":\"https:\/\/ml-locations.be\/nl\/#organization\",\"name\":\"ML Locations\",\"url\":\"https:\/\/ml-locations.be\/nl\/\",\"logo\":{\"@type\":\"ImageObject\",\"inLanguage\":\"nl-NL\",\"@id\":\"https:\/\/ml-locations.be\/nl\/#\/schema\/logo\/image\/\",\"url\":\"https:\/\/ml-locations.be\/wp-content\/uploads\/2018\/05\/LOGO-location-BON.png\",\"contentUrl\":\"https:\/\/ml-locations.be\/wp-content\/uploads\/2018\/05\/LOGO-location-BON.png\",\"width\":1200,\"height\":1200,\"caption\":\"ML Locations\"},\"image\":{\"@id\":\"https:\/\/ml-locations.be\/nl\/#\/schema\/logo\/image\/\"}}]}<\/script>\n<!-- \/ Yoast SEO plugin. -->","yoast_head_json":{"title":"Bar lumineux Ice Bar en location | ML Locations","description":"Ice Bar en location : ce meuble lumineux est utilis\u00e9 comme porte bouteilles ou bac \u00e0 gla\u00e7ons. Combinez le avec nos autres bars lumineux !","robots":{"index":"index","follow":"follow","max-snippet":"max-snippet:-1","max-image-preview":"max-image-preview:large","max-video-preview":"max-video-preview:-1"},"canonical":"https:\/\/ml-locations.be\/nl\/locations\/location-ice-bar-lumineux\/","og_locale":"nl_NL","og_type":"article","og_title":"Bar lumineux Ice Bar en location | ML Locations","og_description":"Ice Bar en location : ce meuble lumineux est utilis\u00e9 comme porte bouteilles ou bac \u00e0 gla\u00e7ons. Combinez le avec nos autres bars lumineux !","og_url":"https:\/\/ml-locations.be\/nl\/locations\/location-ice-bar-lumineux\/","og_site_name":"ML Locations","article_modified_time":"2019-08-21T16:40:10+00:00","og_image":[{"width":768,"height":1080,"url":"https:\/\/ml-locations.be\/wp-content\/uploads\/2019\/07\/Ice-bar-en-location-desk.jpg","type":"image\/jpeg"}],"twitter_card":"summary_large_image","twitter_misc":{"Geschatte leestijd":"1 minuut"},"schema":{"@context":"https:\/\/schema.org","@graph":[{"@type":"WebPage","@id":"https:\/\/ml-locations.be\/nl\/locations\/location-ice-bar-lumineux\/","url":"https:\/\/ml-locations.be\/nl\/locations\/location-ice-bar-lumineux\/","name":"Bar lumineux Ice Bar en location | ML Locations","isPartOf":{"@id":"https:\/\/ml-locations.be\/nl\/#website"},"primaryImageOfPage":{"@id":"https:\/\/ml-locations.be\/nl\/locations\/location-ice-bar-lumineux\/#primaryimage"},"image":{"@id":"https:\/\/ml-locations.be\/nl\/locations\/location-ice-bar-lumineux\/#primaryimage"},"thumbnailUrl":"https:\/\/ml-locations.be\/wp-content\/uploads\/2019\/07\/Ice-bar-en-location-desk.jpg","datePublished":"2019-07-19T17:26:38+00:00","dateModified":"2019-08-21T16:40:10+00:00","description":"Ice Bar en location : ce meuble lumineux est utilis\u00e9 comme porte bouteilles ou bac \u00e0 gla\u00e7ons. Combinez le avec nos autres bars lumineux !","breadcrumb":{"@id":"https:\/\/ml-locations.be\/nl\/locations\/location-ice-bar-lumineux\/#breadcrumb"},"inLanguage":"nl-NL","potentialAction":[{"@type":"ReadAction","target":["https:\/\/ml-locations.be\/nl\/locations\/location-ice-bar-lumineux\/"]}]},{"@type":"ImageObject","inLanguage":"nl-NL","@id":"https:\/\/ml-locations.be\/nl\/locations\/location-ice-bar-lumineux\/#primaryimage","url":"https:\/\/ml-locations.be\/wp-content\/uploads\/2019\/07\/Ice-bar-en-location-desk.jpg","contentUrl":"https:\/\/ml-locations.be\/wp-content\/uploads\/2019\/07\/Ice-bar-en-location-desk.jpg","width":768,"height":1080,"caption":"Ice Bar en location - porte bouteille \/ bac \u00e0 gla\u00e7ons"},{"@type":"BreadcrumbList","@id":"https:\/\/ml-locations.be\/nl\/locations\/location-ice-bar-lumineux\/#breadcrumb","itemListElement":[{"@type":"ListItem","position":1,"name":"Accueil","item":"https:\/\/ml-locations.be\/nl\/"},{"@type":"ListItem","position":2,"name":"Winkel","item":"https:\/\/ml-locations.be\/nl\/winkel\/"},{"@type":"ListItem","position":3,"name":"Ice Bar &#8211; meuble de bar lumineux"}]},{"@type":"WebSite","@id":"https:\/\/ml-locations.be\/nl\/#website","url":"https:\/\/ml-locations.be\/nl\/","name":"ML Locations","description":"Mat\u00e9riel \u00e9v\u00e9nementiel : location chaise, table et mange debout, mat\u00e9riel horeca, frigos,...","publisher":{"@id":"https:\/\/ml-locations.be\/nl\/#organization"},"potentialAction":[{"@type":"SearchAction","target":{"@type":"EntryPoint","urlTemplate":"https:\/\/ml-locations.be\/nl\/?s={search_term_string}"},"query-input":{"@type":"PropertyValueSpecification","valueRequired":true,"valueName":"search_term_string"}}],"inLanguage":"nl-NL"},{"@type":"Organization","@id":"https:\/\/ml-locations.be\/nl\/#organization","name":"ML Locations","url":"https:\/\/ml-locations.be\/nl\/","logo":{"@type":"ImageObject","inLanguage":"nl-NL","@id":"https:\/\/ml-locations.be\/nl\/#\/schema\/logo\/image\/","url":"https:\/\/ml-locations.be\/wp-content\/uploads\/2018\/05\/LOGO-location-BON.png","contentUrl":"https:\/\/ml-locations.be\/wp-content\/uploads\/2018\/05\/LOGO-location-BON.png","width":1200,"height":1200,"caption":"ML Locations"},"image":{"@id":"https:\/\/ml-locations.be\/nl\/#\/schema\/logo\/image\/"}}]}},"_links":{"self":[{"href":"https:\/\/ml-locations.be\/nl\/wp-json\/wp\/v2\/product\/12249","targetHints":{"allow":["GET"]}}],"collection":[{"href":"https:\/\/ml-locations.be\/nl\/wp-json\/wp\/v2\/product"}],"about":[{"href":"https:\/\/ml-locations.be\/nl\/wp-json\/wp\/v2\/types\/product"}],"wp:featuredmedia":[{"embeddable":true,"href":"https:\/\/ml-locations.be\/nl\/wp-json\/wp\/v2\/media\/12256"}],"wp:attachment":[{"href":"https:\/\/ml-locations.be\/nl\/wp-json\/wp\/v2\/media?parent=12249"}],"wp:term":[{"taxonomy":"product_brand","embeddable":true,"href":"https:\/\/ml-locations.be\/nl\/wp-json\/wp\/v2\/product_brand?post=12249"},{"taxonomy":"product_cat","embeddable":true,"href":"https:\/\/ml-locations.be\/nl\/wp-json\/wp\/v2\/product_cat?post=12249"},{"taxonomy":"product_tag","embeddable":true,"href":"https:\/\/ml-locations.be\/nl\/wp-json\/wp\/v2\/product_tag?post=12249"}],"curies":[{"name":"wp","href":"https:\/\/api.w.org\/{rel}","templated":true}]}}