{"id":13051,"date":"2019-07-29T19:59:51","date_gmt":"2019-07-29T17:59:51","guid":{"rendered":"https:\/\/www.ml-locations.be\/?post_type=product&#038;p=13051"},"modified":"2020-04-25T12:52:37","modified_gmt":"2020-04-25T10:52:37","slug":"location-thermo-pompe-inox-2litres","status":"publish","type":"product","link":"https:\/\/ml-locations.be\/nl\/locations\/location-thermo-pompe-inox-2litres\/","title":{"rendered":"Thermo pompe en inox 2,1 litres &#8211; double paroi"},"content":{"rendered":"<h2>Description du thermo pompe en location :<\/h2>\n<p>Ce thermo pompe en inox peut contenir des boissons chaudes ou froides. Son syst\u00e8me de pompe permet de servir tr\u00e8s facilement le caf\u00e9.<\/p>\n<p>Le rev\u00eatement int\u00e9rieur du <strong>thermo en location<\/strong> est en acier inoxydable \u00e0 double paroi, incassable.<\/p>\n<p>Sa poign\u00e9e en plastique facilite le transport de table en table ainsi que le service des boissons chaudes comme le caf\u00e9.<\/p>\n<p>Pour servir le caf\u00e9, il suffit simplement de presser le bouton de la pompe.<\/p>\n<p>N&#8217;h\u00e9sitez pas \u00e0 nous contacter pour la <strong>location de ce Thermos \u00e0 pompe<\/strong> de 2,1 litres en acier inoxydable. Tr\u00e8s pratique pour un service ais\u00e9. Le thermo \u00e0 caf\u00e9 est \u00e9quip\u00e9 d&#8217;un tube plongeur con\u00e7u pour une qualit\u00e9 constante et homog\u00e8ne du caf\u00e9.<\/p>\n<p>D\u00e9couvrez \u00e9galement nos <a href=\"https:\/\/ml-locations.be\/locations\/location-tasse-cafe-18cl\/\">tasses \u00e0 caf\u00e9<\/a> et nos <a href=\"https:\/\/ml-locations.be\/locations\/location-sous-tasse-cafe-180-ml\/\">sous-tasses \u00e0 caf\u00e9<\/a> pour compl\u00e9ter votre location de mat\u00e9riel.<\/p>\n<p>Si vous le souhaitez, nous vous proposons \u00e9galement la <a href=\"https:\/\/ml-locations.be\/locations\/location-samovar-percolateur-10l\/\">location de percolateur samovar (80 tasses -10 litres)<\/a> et la <a href=\"https:\/\/ml-locations.be\/locations\/location-percolateur-samovar-15l\/\">location de samovar 100 tasses (15 litres<\/a>).<\/p>\n<p>&nbsp;<\/p>\n<h2>Caract\u00e9ristiques du thermo pompe :<\/h2>\n<ul>\n<li>Isolation optimale du contenu (caf\u00e9, boissons chaudes ou froides)<\/li>\n<li>Facilit\u00e9 et simplicit\u00e9 de remplissage<\/li>\n<li>Tube plongeur con\u00e7u pour une qualit\u00e9 constante et homog\u00e8ne du caf\u00e9, simplicit\u00e9 du service<\/li>\n<li>Pompe permettant un puisage ais\u00e9 du liquide<\/li>\n<li>Poign\u00e9e en plastique<\/li>\n<li>Base tournante<\/li>\n<li>Pour le maintien en temp\u00e9ratures de boissons chaudes ou froides<\/li>\n<li>Design sobre<\/li>\n<\/ul>\n","protected":false},"excerpt":{"rendered":"<p><strong>Thermo en location<\/strong> pour le service de caf\u00e9 et autres boissons : facile d&#8217;utilisation gr\u00e2ce \u00e0 sa pompe, transport ais\u00e9.<\/p>\n","protected":false},"featured_media":13058,"template":"","meta":{"_acf_changed":false},"product_brand":[],"product_cat":[29,34],"product_tag":[214],"class_list":{"0":"post-13051","1":"product","2":"type-product","3":"status-publish","4":"has-post-thumbnail","6":"product_cat-materiel-horeca-en-location","7":"product_cat-location-materiel-cuisine-et-buffet","8":"product_tag-location-materiel-banquet","9":"description-off","11":"first","12":"instock","13":"taxable","14":"shipping-taxable","15":"purchasable","16":"product-type-simple"},"acf":[],"yoast_head":"<!-- This site is optimized with the Yoast SEO plugin v25.0 - https:\/\/yoast.com\/wordpress\/plugins\/seo\/ -->\n<title>Thermo en location - thermo pompe inox 2,1l double paroi | ML Locations<\/title>\n<meta name=\"description\" content=\"Thermo en location : thermo pompe en inox \u00e0 double paroi, d&#039;une contenance de 2,1 litres. Parfait pour le service du caf\u00e9. Devis gratuit\" \/>\n<meta name=\"robots\" content=\"index, follow, max-snippet:-1, max-image-preview:large, max-video-preview:-1\" \/>\n<link rel=\"canonical\" href=\"https:\/\/ml-locations.be\/nl\/locations\/location-thermo-pompe-inox-2litres\/\" \/>\n<meta property=\"og:locale\" content=\"nl_NL\" \/>\n<meta property=\"og:type\" content=\"article\" \/>\n<meta property=\"og:title\" content=\"Thermo en location - thermo pompe inox 2,1l double paroi | ML Locations\" \/>\n<meta property=\"og:description\" content=\"Thermo en location : thermo pompe en inox \u00e0 double paroi, d&#039;une contenance de 2,1 litres. Parfait pour le service du caf\u00e9. Devis gratuit\" \/>\n<meta property=\"og:url\" content=\"https:\/\/ml-locations.be\/nl\/locations\/location-thermo-pompe-inox-2litres\/\" \/>\n<meta property=\"og:site_name\" content=\"ML Locations\" \/>\n<meta property=\"article:modified_time\" content=\"2020-04-25T10:52:37+00:00\" \/>\n<meta property=\"og:image\" content=\"https:\/\/ml-locations.be\/wp-content\/uploads\/2019\/07\/location-thermos-pompe-double-paroi-e1564423080745.jpg\" \/>\n\t<meta property=\"og:image:width\" content=\"600\" \/>\n\t<meta property=\"og:image:height\" content=\"600\" \/>\n\t<meta property=\"og:image:type\" content=\"image\/jpeg\" \/>\n<meta name=\"twitter:card\" content=\"summary_large_image\" \/>\n<meta name=\"twitter:label1\" content=\"Geschatte leestijd\" \/>\n\t<meta name=\"twitter:data1\" content=\"1 minuut\" \/>\n<script type=\"application\/ld+json\" class=\"yoast-schema-graph\">{\"@context\":\"https:\/\/schema.org\",\"@graph\":[{\"@type\":\"WebPage\",\"@id\":\"https:\/\/ml-locations.be\/nl\/locations\/location-thermo-pompe-inox-2litres\/\",\"url\":\"https:\/\/ml-locations.be\/nl\/locations\/location-thermo-pompe-inox-2litres\/\",\"name\":\"Thermo en location - thermo pompe inox 2,1l double paroi | ML Locations\",\"isPartOf\":{\"@id\":\"https:\/\/ml-locations.be\/nl\/#website\"},\"primaryImageOfPage\":{\"@id\":\"https:\/\/ml-locations.be\/nl\/locations\/location-thermo-pompe-inox-2litres\/#primaryimage\"},\"image\":{\"@id\":\"https:\/\/ml-locations.be\/nl\/locations\/location-thermo-pompe-inox-2litres\/#primaryimage\"},\"thumbnailUrl\":\"https:\/\/ml-locations.be\/wp-content\/uploads\/2019\/07\/location-thermos-pompe-double-paroi-e1564423080745.jpg\",\"datePublished\":\"2019-07-29T17:59:51+00:00\",\"dateModified\":\"2020-04-25T10:52:37+00:00\",\"description\":\"Thermo en location : thermo pompe en inox \u00e0 double paroi, d'une contenance de 2,1 litres. Parfait pour le service du caf\u00e9. Devis gratuit\",\"breadcrumb\":{\"@id\":\"https:\/\/ml-locations.be\/nl\/locations\/location-thermo-pompe-inox-2litres\/#breadcrumb\"},\"inLanguage\":\"nl-NL\",\"potentialAction\":[{\"@type\":\"ReadAction\",\"target\":[\"https:\/\/ml-locations.be\/nl\/locations\/location-thermo-pompe-inox-2litres\/\"]}]},{\"@type\":\"ImageObject\",\"inLanguage\":\"nl-NL\",\"@id\":\"https:\/\/ml-locations.be\/nl\/locations\/location-thermo-pompe-inox-2litres\/#primaryimage\",\"url\":\"https:\/\/ml-locations.be\/wp-content\/uploads\/2019\/07\/location-thermos-pompe-double-paroi-e1564423080745.jpg\",\"contentUrl\":\"https:\/\/ml-locations.be\/wp-content\/uploads\/2019\/07\/location-thermos-pompe-double-paroi-e1564423080745.jpg\",\"width\":600,\"height\":600,\"caption\":\"Thermo pompe en location 2,1 litre, double paroi inox\"},{\"@type\":\"BreadcrumbList\",\"@id\":\"https:\/\/ml-locations.be\/nl\/locations\/location-thermo-pompe-inox-2litres\/#breadcrumb\",\"itemListElement\":[{\"@type\":\"ListItem\",\"position\":1,\"name\":\"Accueil\",\"item\":\"https:\/\/ml-locations.be\/nl\/\"},{\"@type\":\"ListItem\",\"position\":2,\"name\":\"Winkel\",\"item\":\"https:\/\/ml-locations.be\/nl\/winkel\/\"},{\"@type\":\"ListItem\",\"position\":3,\"name\":\"Thermo pompe en inox 2,1 litres &#8211; double paroi\"}]},{\"@type\":\"WebSite\",\"@id\":\"https:\/\/ml-locations.be\/nl\/#website\",\"url\":\"https:\/\/ml-locations.be\/nl\/\",\"name\":\"ML Locations\",\"description\":\"Mat\u00e9riel \u00e9v\u00e9nementiel : location chaise, table et mange debout, mat\u00e9riel horeca, frigos,...\",\"publisher\":{\"@id\":\"https:\/\/ml-locations.be\/nl\/#organization\"},\"potentialAction\":[{\"@type\":\"SearchAction\",\"target\":{\"@type\":\"EntryPoint\",\"urlTemplate\":\"https:\/\/ml-locations.be\/nl\/?s={search_term_string}\"},\"query-input\":{\"@type\":\"PropertyValueSpecification\",\"valueRequired\":true,\"valueName\":\"search_term_string\"}}],\"inLanguage\":\"nl-NL\"},{\"@type\":\"Organization\",\"@id\":\"https:\/\/ml-locations.be\/nl\/#organization\",\"name\":\"ML Locations\",\"url\":\"https:\/\/ml-locations.be\/nl\/\",\"logo\":{\"@type\":\"ImageObject\",\"inLanguage\":\"nl-NL\",\"@id\":\"https:\/\/ml-locations.be\/nl\/#\/schema\/logo\/image\/\",\"url\":\"https:\/\/ml-locations.be\/wp-content\/uploads\/2018\/05\/LOGO-location-BON.png\",\"contentUrl\":\"https:\/\/ml-locations.be\/wp-content\/uploads\/2018\/05\/LOGO-location-BON.png\",\"width\":1200,\"height\":1200,\"caption\":\"ML Locations\"},\"image\":{\"@id\":\"https:\/\/ml-locations.be\/nl\/#\/schema\/logo\/image\/\"}}]}<\/script>\n<!-- \/ Yoast SEO plugin. -->","yoast_head_json":{"title":"Thermo en location - thermo pompe inox 2,1l double paroi | ML Locations","description":"Thermo en location : thermo pompe en inox \u00e0 double paroi, d'une contenance de 2,1 litres. Parfait pour le service du caf\u00e9. Devis gratuit","robots":{"index":"index","follow":"follow","max-snippet":"max-snippet:-1","max-image-preview":"max-image-preview:large","max-video-preview":"max-video-preview:-1"},"canonical":"https:\/\/ml-locations.be\/nl\/locations\/location-thermo-pompe-inox-2litres\/","og_locale":"nl_NL","og_type":"article","og_title":"Thermo en location - thermo pompe inox 2,1l double paroi | ML Locations","og_description":"Thermo en location : thermo pompe en inox \u00e0 double paroi, d'une contenance de 2,1 litres. Parfait pour le service du caf\u00e9. Devis gratuit","og_url":"https:\/\/ml-locations.be\/nl\/locations\/location-thermo-pompe-inox-2litres\/","og_site_name":"ML Locations","article_modified_time":"2020-04-25T10:52:37+00:00","og_image":[{"width":600,"height":600,"url":"https:\/\/ml-locations.be\/wp-content\/uploads\/2019\/07\/location-thermos-pompe-double-paroi-e1564423080745.jpg","type":"image\/jpeg"}],"twitter_card":"summary_large_image","twitter_misc":{"Geschatte leestijd":"1 minuut"},"schema":{"@context":"https:\/\/schema.org","@graph":[{"@type":"WebPage","@id":"https:\/\/ml-locations.be\/nl\/locations\/location-thermo-pompe-inox-2litres\/","url":"https:\/\/ml-locations.be\/nl\/locations\/location-thermo-pompe-inox-2litres\/","name":"Thermo en location - thermo pompe inox 2,1l double paroi | ML Locations","isPartOf":{"@id":"https:\/\/ml-locations.be\/nl\/#website"},"primaryImageOfPage":{"@id":"https:\/\/ml-locations.be\/nl\/locations\/location-thermo-pompe-inox-2litres\/#primaryimage"},"image":{"@id":"https:\/\/ml-locations.be\/nl\/locations\/location-thermo-pompe-inox-2litres\/#primaryimage"},"thumbnailUrl":"https:\/\/ml-locations.be\/wp-content\/uploads\/2019\/07\/location-thermos-pompe-double-paroi-e1564423080745.jpg","datePublished":"2019-07-29T17:59:51+00:00","dateModified":"2020-04-25T10:52:37+00:00","description":"Thermo en location : thermo pompe en inox \u00e0 double paroi, d'une contenance de 2,1 litres. Parfait pour le service du caf\u00e9. Devis gratuit","breadcrumb":{"@id":"https:\/\/ml-locations.be\/nl\/locations\/location-thermo-pompe-inox-2litres\/#breadcrumb"},"inLanguage":"nl-NL","potentialAction":[{"@type":"ReadAction","target":["https:\/\/ml-locations.be\/nl\/locations\/location-thermo-pompe-inox-2litres\/"]}]},{"@type":"ImageObject","inLanguage":"nl-NL","@id":"https:\/\/ml-locations.be\/nl\/locations\/location-thermo-pompe-inox-2litres\/#primaryimage","url":"https:\/\/ml-locations.be\/wp-content\/uploads\/2019\/07\/location-thermos-pompe-double-paroi-e1564423080745.jpg","contentUrl":"https:\/\/ml-locations.be\/wp-content\/uploads\/2019\/07\/location-thermos-pompe-double-paroi-e1564423080745.jpg","width":600,"height":600,"caption":"Thermo pompe en location 2,1 litre, double paroi inox"},{"@type":"BreadcrumbList","@id":"https:\/\/ml-locations.be\/nl\/locations\/location-thermo-pompe-inox-2litres\/#breadcrumb","itemListElement":[{"@type":"ListItem","position":1,"name":"Accueil","item":"https:\/\/ml-locations.be\/nl\/"},{"@type":"ListItem","position":2,"name":"Winkel","item":"https:\/\/ml-locations.be\/nl\/winkel\/"},{"@type":"ListItem","position":3,"name":"Thermo pompe en inox 2,1 litres &#8211; double paroi"}]},{"@type":"WebSite","@id":"https:\/\/ml-locations.be\/nl\/#website","url":"https:\/\/ml-locations.be\/nl\/","name":"ML Locations","description":"Mat\u00e9riel \u00e9v\u00e9nementiel : location chaise, table et mange debout, mat\u00e9riel horeca, frigos,...","publisher":{"@id":"https:\/\/ml-locations.be\/nl\/#organization"},"potentialAction":[{"@type":"SearchAction","target":{"@type":"EntryPoint","urlTemplate":"https:\/\/ml-locations.be\/nl\/?s={search_term_string}"},"query-input":{"@type":"PropertyValueSpecification","valueRequired":true,"valueName":"search_term_string"}}],"inLanguage":"nl-NL"},{"@type":"Organization","@id":"https:\/\/ml-locations.be\/nl\/#organization","name":"ML Locations","url":"https:\/\/ml-locations.be\/nl\/","logo":{"@type":"ImageObject","inLanguage":"nl-NL","@id":"https:\/\/ml-locations.be\/nl\/#\/schema\/logo\/image\/","url":"https:\/\/ml-locations.be\/wp-content\/uploads\/2018\/05\/LOGO-location-BON.png","contentUrl":"https:\/\/ml-locations.be\/wp-content\/uploads\/2018\/05\/LOGO-location-BON.png","width":1200,"height":1200,"caption":"ML Locations"},"image":{"@id":"https:\/\/ml-locations.be\/nl\/#\/schema\/logo\/image\/"}}]}},"_links":{"self":[{"href":"https:\/\/ml-locations.be\/nl\/wp-json\/wp\/v2\/product\/13051","targetHints":{"allow":["GET"]}}],"collection":[{"href":"https:\/\/ml-locations.be\/nl\/wp-json\/wp\/v2\/product"}],"about":[{"href":"https:\/\/ml-locations.be\/nl\/wp-json\/wp\/v2\/types\/product"}],"wp:featuredmedia":[{"embeddable":true,"href":"https:\/\/ml-locations.be\/nl\/wp-json\/wp\/v2\/media\/13058"}],"wp:attachment":[{"href":"https:\/\/ml-locations.be\/nl\/wp-json\/wp\/v2\/media?parent=13051"}],"wp:term":[{"taxonomy":"product_brand","embeddable":true,"href":"https:\/\/ml-locations.be\/nl\/wp-json\/wp\/v2\/product_brand?post=13051"},{"taxonomy":"product_cat","embeddable":true,"href":"https:\/\/ml-locations.be\/nl\/wp-json\/wp\/v2\/product_cat?post=13051"},{"taxonomy":"product_tag","embeddable":true,"href":"https:\/\/ml-locations.be\/nl\/wp-json\/wp\/v2\/product_tag?post=13051"}],"curies":[{"name":"wp","href":"https:\/\/api.w.org\/{rel}","templated":true}]}}