{"id":1576,"date":"2017-04-11T14:32:43","date_gmt":"2017-04-11T12:32:43","guid":{"rendered":"https:\/\/www.ml-locations.be\/\/locations\/plancher-chapiteau-prixm%c2%b2\/"},"modified":"2025-03-28T10:03:44","modified_gmt":"2025-03-28T09:03:44","slug":"plancher-chapiteau-prixm%c2%b2","status":"publish","type":"product","link":"https:\/\/ml-locations.be\/nl\/locations\/plancher-chapiteau-prixm%c2%b2\/","title":{"rendered":"Plancher pour chapiteau (prix\/m\u00b2)"},"content":{"rendered":"<p>La <strong>location d\u2019un plancher de<\/strong> <strong>chapiteau<\/strong> assure le confort de vos invit\u00e9s. Tant pour le confort que pour l\u2019aspect esth\u00e9tique, le plancher est un vrai plus pour votre chapiteau. Louer un <strong>plancher pour chapiteau<\/strong> permettra \u00e0 vos invit\u00e9s de rester prot\u00e9g\u00e9s du froid et de l\u2019humidit\u00e9 en cas de pluie. Combin\u00e9 avec un syst\u00e8me de chauffage, le plancher rendre votre <strong>tente\u00a0de r\u00e9ception<\/strong> des plus agr\u00e9ables. De plus, l\u2019emplacement du chapiteau (jardin, prairie, \u2026) n\u2019est pas ab\u00eem\u00e9 par les all\u00e9es et venues de vos invit\u00e9s. Il est donc important de louer le plancher ad\u00e9quat. ML Locations propose aussi des tapis et parquets bois. Ceux-ci apportent un confort et une meilleure isolation de vos chapiteaux.<\/p>\n<p>NB : pas de location de plancher sans location de chapiteau. Nous assurons le placement de chapiteau \u00e0 partir de 10 x 15 m.<\/p>\n<p>Si vous souhaitez une plus petite surface, nous avons des solutions alternatives, comme les <a href=\"https:\/\/ml-locations.be\/location\/chapiteau-tente-de-reception-louer\/tonnelles-et-canopys-a-louer\/\">tonnelles et canopys en location<\/a>.<\/p>\n<p>N&#8217;h\u00e9sitez pas \u00e0 consulter nos diff\u00e9rentes rubriques :<\/p>\n<p><a href=\"https:\/\/ml-locations.be\/location\/mobilier\/tables-et-mange-debout-en-location\/\">Tables en location<\/a><\/p>\n<p><a href=\"https:\/\/ml-locations.be\/location\/mobilier\/location-chaises-tabourets\/\">Chaises en location<\/a><\/p>\n<p><a href=\"https:\/\/ml-locations.be\/location\/materiel-horeca-en-location\/verres-en-location\/\">Verres\u00a0en location<\/a><\/p>\n<p><a href=\"https:\/\/ml-locations.be\/location\/materiel-horeca-en-location\/location-vaisselle-location-couverts\/\">Vaisselle en location<\/a><\/p>\n","protected":false},"excerpt":{"rendered":"<p><strong>Plancher<\/strong> <strong>en bois<\/strong>\u00a0en location pour <strong>chapiteaux, <\/strong>assure le confort de vos invit\u00e9s lors de vos <strong>\u00e9v\u00e9nements sous chapiteau<\/strong>.<\/p>\n","protected":false},"featured_media":1987,"template":"","meta":{"_acf_changed":false},"product_brand":[],"product_cat":[37,68],"product_tag":[],"class_list":{"0":"post-1576","1":"product","2":"type-product","3":"status-publish","4":"has-post-thumbnail","6":"product_cat-chapiteau-tente-de-reception-louer","7":"product_cat-chapiteau-en-location","8":"description-off","10":"first","11":"instock","12":"taxable","13":"shipping-taxable","14":"purchasable","15":"product-type-simple"},"acf":[],"yoast_head":"<!-- This site is optimized with the Yoast SEO plugin v25.0 - https:\/\/yoast.com\/wordpress\/plugins\/seo\/ -->\n<title>Plancher pour chapiteau (prix\/m\u00b2) | ML Locations<\/title>\n<meta name=\"robots\" content=\"index, follow, max-snippet:-1, max-image-preview:large, max-video-preview:-1\" \/>\n<link rel=\"canonical\" href=\"https:\/\/ml-locations.be\/nl\/locations\/plancher-chapiteau-prixm%c2%b2\/\" \/>\n<meta property=\"og:locale\" content=\"nl_NL\" \/>\n<meta property=\"og:type\" content=\"article\" \/>\n<meta property=\"og:title\" content=\"Plancher pour chapiteau (prix\/m\u00b2) | ML Locations\" \/>\n<meta property=\"og:description\" content=\"Plancher en bois\u00a0en location pour chapiteaux, assure le confort de vos invit\u00e9s lors de vos \u00e9v\u00e9nements sous chapiteau.\" \/>\n<meta property=\"og:url\" content=\"https:\/\/ml-locations.be\/nl\/locations\/plancher-chapiteau-prixm%c2%b2\/\" \/>\n<meta property=\"og:site_name\" content=\"ML Locations\" \/>\n<meta property=\"article:modified_time\" content=\"2025-03-28T09:03:44+00:00\" \/>\n<meta property=\"og:image\" content=\"https:\/\/ml-locations.be\/wp-content\/uploads\/2017\/04\/Chapiteau-vide.jpg\" \/>\n\t<meta property=\"og:image:width\" content=\"1000\" \/>\n\t<meta property=\"og:image:height\" content=\"1000\" \/>\n\t<meta property=\"og:image:type\" content=\"image\/jpeg\" \/>\n<meta name=\"twitter:card\" content=\"summary_large_image\" \/>\n<meta name=\"twitter:label1\" content=\"Geschatte leestijd\" \/>\n\t<meta name=\"twitter:data1\" content=\"2 minuten\" \/>\n<script type=\"application\/ld+json\" class=\"yoast-schema-graph\">{\"@context\":\"https:\/\/schema.org\",\"@graph\":[{\"@type\":\"WebPage\",\"@id\":\"https:\/\/ml-locations.be\/nl\/locations\/plancher-chapiteau-prixm%c2%b2\/\",\"url\":\"https:\/\/ml-locations.be\/nl\/locations\/plancher-chapiteau-prixm%c2%b2\/\",\"name\":\"Plancher pour chapiteau (prix\/m\u00b2) | ML Locations\",\"isPartOf\":{\"@id\":\"https:\/\/ml-locations.be\/nl\/#website\"},\"primaryImageOfPage\":{\"@id\":\"https:\/\/ml-locations.be\/nl\/locations\/plancher-chapiteau-prixm%c2%b2\/#primaryimage\"},\"image\":{\"@id\":\"https:\/\/ml-locations.be\/nl\/locations\/plancher-chapiteau-prixm%c2%b2\/#primaryimage\"},\"thumbnailUrl\":\"https:\/\/ml-locations.be\/wp-content\/uploads\/2017\/04\/Chapiteau-vide.jpg\",\"datePublished\":\"2017-04-11T12:32:43+00:00\",\"dateModified\":\"2025-03-28T09:03:44+00:00\",\"breadcrumb\":{\"@id\":\"https:\/\/ml-locations.be\/nl\/locations\/plancher-chapiteau-prixm%c2%b2\/#breadcrumb\"},\"inLanguage\":\"nl-NL\",\"potentialAction\":[{\"@type\":\"ReadAction\",\"target\":[\"https:\/\/ml-locations.be\/nl\/locations\/plancher-chapiteau-prixm%c2%b2\/\"]}]},{\"@type\":\"ImageObject\",\"inLanguage\":\"nl-NL\",\"@id\":\"https:\/\/ml-locations.be\/nl\/locations\/plancher-chapiteau-prixm%c2%b2\/#primaryimage\",\"url\":\"https:\/\/ml-locations.be\/wp-content\/uploads\/2017\/04\/Chapiteau-vide.jpg\",\"contentUrl\":\"https:\/\/ml-locations.be\/wp-content\/uploads\/2017\/04\/Chapiteau-vide.jpg\",\"width\":1000,\"height\":1000,\"caption\":\"Plancher pour chapiteau en location - location de tente de r\u00e9ception\"},{\"@type\":\"BreadcrumbList\",\"@id\":\"https:\/\/ml-locations.be\/nl\/locations\/plancher-chapiteau-prixm%c2%b2\/#breadcrumb\",\"itemListElement\":[{\"@type\":\"ListItem\",\"position\":1,\"name\":\"Accueil\",\"item\":\"https:\/\/ml-locations.be\/nl\/\"},{\"@type\":\"ListItem\",\"position\":2,\"name\":\"Winkel\",\"item\":\"https:\/\/ml-locations.be\/nl\/winkel\/\"},{\"@type\":\"ListItem\",\"position\":3,\"name\":\"Plancher pour chapiteau (prix\/m\u00b2)\"}]},{\"@type\":\"WebSite\",\"@id\":\"https:\/\/ml-locations.be\/nl\/#website\",\"url\":\"https:\/\/ml-locations.be\/nl\/\",\"name\":\"ML Locations\",\"description\":\"Mat\u00e9riel \u00e9v\u00e9nementiel : location chaise, table et mange debout, mat\u00e9riel horeca, frigos,...\",\"publisher\":{\"@id\":\"https:\/\/ml-locations.be\/nl\/#organization\"},\"potentialAction\":[{\"@type\":\"SearchAction\",\"target\":{\"@type\":\"EntryPoint\",\"urlTemplate\":\"https:\/\/ml-locations.be\/nl\/?s={search_term_string}\"},\"query-input\":{\"@type\":\"PropertyValueSpecification\",\"valueRequired\":true,\"valueName\":\"search_term_string\"}}],\"inLanguage\":\"nl-NL\"},{\"@type\":\"Organization\",\"@id\":\"https:\/\/ml-locations.be\/nl\/#organization\",\"name\":\"ML Locations\",\"url\":\"https:\/\/ml-locations.be\/nl\/\",\"logo\":{\"@type\":\"ImageObject\",\"inLanguage\":\"nl-NL\",\"@id\":\"https:\/\/ml-locations.be\/nl\/#\/schema\/logo\/image\/\",\"url\":\"https:\/\/ml-locations.be\/wp-content\/uploads\/2018\/05\/LOGO-location-BON.png\",\"contentUrl\":\"https:\/\/ml-locations.be\/wp-content\/uploads\/2018\/05\/LOGO-location-BON.png\",\"width\":1200,\"height\":1200,\"caption\":\"ML Locations\"},\"image\":{\"@id\":\"https:\/\/ml-locations.be\/nl\/#\/schema\/logo\/image\/\"}}]}<\/script>\n<!-- \/ Yoast SEO plugin. -->","yoast_head_json":{"title":"Plancher pour chapiteau (prix\/m\u00b2) | ML Locations","robots":{"index":"index","follow":"follow","max-snippet":"max-snippet:-1","max-image-preview":"max-image-preview:large","max-video-preview":"max-video-preview:-1"},"canonical":"https:\/\/ml-locations.be\/nl\/locations\/plancher-chapiteau-prixm%c2%b2\/","og_locale":"nl_NL","og_type":"article","og_title":"Plancher pour chapiteau (prix\/m\u00b2) | ML Locations","og_description":"Plancher en bois\u00a0en location pour chapiteaux, assure le confort de vos invit\u00e9s lors de vos \u00e9v\u00e9nements sous chapiteau.","og_url":"https:\/\/ml-locations.be\/nl\/locations\/plancher-chapiteau-prixm%c2%b2\/","og_site_name":"ML Locations","article_modified_time":"2025-03-28T09:03:44+00:00","og_image":[{"width":1000,"height":1000,"url":"https:\/\/ml-locations.be\/wp-content\/uploads\/2017\/04\/Chapiteau-vide.jpg","type":"image\/jpeg"}],"twitter_card":"summary_large_image","twitter_misc":{"Geschatte leestijd":"2 minuten"},"schema":{"@context":"https:\/\/schema.org","@graph":[{"@type":"WebPage","@id":"https:\/\/ml-locations.be\/nl\/locations\/plancher-chapiteau-prixm%c2%b2\/","url":"https:\/\/ml-locations.be\/nl\/locations\/plancher-chapiteau-prixm%c2%b2\/","name":"Plancher pour chapiteau (prix\/m\u00b2) | ML Locations","isPartOf":{"@id":"https:\/\/ml-locations.be\/nl\/#website"},"primaryImageOfPage":{"@id":"https:\/\/ml-locations.be\/nl\/locations\/plancher-chapiteau-prixm%c2%b2\/#primaryimage"},"image":{"@id":"https:\/\/ml-locations.be\/nl\/locations\/plancher-chapiteau-prixm%c2%b2\/#primaryimage"},"thumbnailUrl":"https:\/\/ml-locations.be\/wp-content\/uploads\/2017\/04\/Chapiteau-vide.jpg","datePublished":"2017-04-11T12:32:43+00:00","dateModified":"2025-03-28T09:03:44+00:00","breadcrumb":{"@id":"https:\/\/ml-locations.be\/nl\/locations\/plancher-chapiteau-prixm%c2%b2\/#breadcrumb"},"inLanguage":"nl-NL","potentialAction":[{"@type":"ReadAction","target":["https:\/\/ml-locations.be\/nl\/locations\/plancher-chapiteau-prixm%c2%b2\/"]}]},{"@type":"ImageObject","inLanguage":"nl-NL","@id":"https:\/\/ml-locations.be\/nl\/locations\/plancher-chapiteau-prixm%c2%b2\/#primaryimage","url":"https:\/\/ml-locations.be\/wp-content\/uploads\/2017\/04\/Chapiteau-vide.jpg","contentUrl":"https:\/\/ml-locations.be\/wp-content\/uploads\/2017\/04\/Chapiteau-vide.jpg","width":1000,"height":1000,"caption":"Plancher pour chapiteau en location - location de tente de r\u00e9ception"},{"@type":"BreadcrumbList","@id":"https:\/\/ml-locations.be\/nl\/locations\/plancher-chapiteau-prixm%c2%b2\/#breadcrumb","itemListElement":[{"@type":"ListItem","position":1,"name":"Accueil","item":"https:\/\/ml-locations.be\/nl\/"},{"@type":"ListItem","position":2,"name":"Winkel","item":"https:\/\/ml-locations.be\/nl\/winkel\/"},{"@type":"ListItem","position":3,"name":"Plancher pour chapiteau (prix\/m\u00b2)"}]},{"@type":"WebSite","@id":"https:\/\/ml-locations.be\/nl\/#website","url":"https:\/\/ml-locations.be\/nl\/","name":"ML Locations","description":"Mat\u00e9riel \u00e9v\u00e9nementiel : location chaise, table et mange debout, mat\u00e9riel horeca, frigos,...","publisher":{"@id":"https:\/\/ml-locations.be\/nl\/#organization"},"potentialAction":[{"@type":"SearchAction","target":{"@type":"EntryPoint","urlTemplate":"https:\/\/ml-locations.be\/nl\/?s={search_term_string}"},"query-input":{"@type":"PropertyValueSpecification","valueRequired":true,"valueName":"search_term_string"}}],"inLanguage":"nl-NL"},{"@type":"Organization","@id":"https:\/\/ml-locations.be\/nl\/#organization","name":"ML Locations","url":"https:\/\/ml-locations.be\/nl\/","logo":{"@type":"ImageObject","inLanguage":"nl-NL","@id":"https:\/\/ml-locations.be\/nl\/#\/schema\/logo\/image\/","url":"https:\/\/ml-locations.be\/wp-content\/uploads\/2018\/05\/LOGO-location-BON.png","contentUrl":"https:\/\/ml-locations.be\/wp-content\/uploads\/2018\/05\/LOGO-location-BON.png","width":1200,"height":1200,"caption":"ML Locations"},"image":{"@id":"https:\/\/ml-locations.be\/nl\/#\/schema\/logo\/image\/"}}]}},"_links":{"self":[{"href":"https:\/\/ml-locations.be\/nl\/wp-json\/wp\/v2\/product\/1576","targetHints":{"allow":["GET"]}}],"collection":[{"href":"https:\/\/ml-locations.be\/nl\/wp-json\/wp\/v2\/product"}],"about":[{"href":"https:\/\/ml-locations.be\/nl\/wp-json\/wp\/v2\/types\/product"}],"wp:featuredmedia":[{"embeddable":true,"href":"https:\/\/ml-locations.be\/nl\/wp-json\/wp\/v2\/media\/1987"}],"wp:attachment":[{"href":"https:\/\/ml-locations.be\/nl\/wp-json\/wp\/v2\/media?parent=1576"}],"wp:term":[{"taxonomy":"product_brand","embeddable":true,"href":"https:\/\/ml-locations.be\/nl\/wp-json\/wp\/v2\/product_brand?post=1576"},{"taxonomy":"product_cat","embeddable":true,"href":"https:\/\/ml-locations.be\/nl\/wp-json\/wp\/v2\/product_cat?post=1576"},{"taxonomy":"product_tag","embeddable":true,"href":"https:\/\/ml-locations.be\/nl\/wp-json\/wp\/v2\/product_tag?post=1576"}],"curies":[{"name":"wp","href":"https:\/\/api.w.org\/{rel}","templated":true}]}}