{"id":1577,"date":"2017-04-11T14:32:43","date_gmt":"2017-04-11T12:32:43","guid":{"rendered":"https:\/\/www.ml-locations.be\/\/locations\/toiture-transparente-prixm%c2%b2\/"},"modified":"2022-09-14T08:06:19","modified_gmt":"2022-09-14T06:06:19","slug":"toiture-transparente-prixm%c2%b2","status":"publish","type":"product","link":"https:\/\/ml-locations.be\/nl\/locations\/toiture-transparente-prixm%c2%b2\/","title":{"rendered":"Toiture transparente (prix\/m\u00b2)"},"content":{"rendered":"<p>Cette <strong>toiture transparente<\/strong> pour chapiteau est un substitut \u00e0 la b\u00e2che servant de toiture au chapiteau. Donnez un air de serre vitr\u00e9e \u00e0 votre <strong>tente de r\u00e9ception<\/strong> gr\u00e2ce \u00e0 cette toiture transparente pour chapiteau. Si vous le souhaitez, vous pouvez \u00e9galement choisir des <strong>cot\u00e9s transparents<\/strong> pour le chapiteau, ce qui le rend totalement \u00ab\u00a0transparent\u00a0\u00bb. Les cot\u00e9s transparents et la toiture transparente du chapiteau sont <strong>fix\u00e9s de mani\u00e8re tout \u00e0 fait s\u00e9curis\u00e9e sur l\u2019armature du chapiteau<\/strong>. Ce type de chapiteau permet de cr\u00e9er une ambiance plus \u00e9l\u00e9gante et plus chic \u00e0 votre \u00e9v\u00e9nement que ce soit un mariage, un anniversaire, une conf\u00e9rence,\u2026Laissez para\u00eetre le bleu de ciel la journ\u00e9e, et la lumi\u00e8re des \u00e9toiles le soir pour le plus grand plaisir de vos convives. Le prix de cette toiture transparente pour chapiteau est calcul\u00e9 en fonction du nombre de m\u00e8tres carr\u00e9s.<\/p>\n","protected":false},"excerpt":{"rendered":"<p>Avec cette <strong>toiture transparente pour chapiteau<\/strong>, vos invit\u00e9s profiteront du bleu du ciel ou de la lumi\u00e8re des \u00e9toiles quel que soit votre <strong>\u00e9v\u00e9nement<\/strong>\u00a0; diner de mariage, conf\u00e9rence, anniversaire, reveal,\u2026 Toiture transparente pour <strong>chapiteau en location<\/strong>, pour un look plus \u00e9l\u00e9gant et plus design de\u00a0votre chapiteau. Donnez une touche lounge \u00e0 votre \u00e9v\u00e9nement en ne laissant pas para\u00eetre la b\u00e2che du chapiteau.<\/p>\n","protected":false},"featured_media":2003,"template":"","meta":{"_acf_changed":false},"product_brand":[],"product_cat":[37,68],"product_tag":[],"class_list":{"0":"post-1577","1":"product","2":"type-product","3":"status-publish","4":"has-post-thumbnail","6":"product_cat-chapiteau-tente-de-reception-louer","7":"product_cat-chapiteau-en-location","8":"description-off","10":"first","11":"instock","12":"taxable","13":"shipping-taxable","14":"purchasable","15":"product-type-simple"},"acf":[],"yoast_head":"<!-- This site is optimized with the Yoast SEO plugin v25.0 - https:\/\/yoast.com\/wordpress\/plugins\/seo\/ -->\n<title>Toiture transparente (prix\/m\u00b2) | ML Locations<\/title>\n<meta name=\"robots\" content=\"index, follow, max-snippet:-1, max-image-preview:large, max-video-preview:-1\" \/>\n<link rel=\"canonical\" href=\"https:\/\/ml-locations.be\/nl\/locations\/toiture-transparente-prixm%c2%b2\/\" \/>\n<meta property=\"og:locale\" content=\"nl_NL\" \/>\n<meta property=\"og:type\" content=\"article\" \/>\n<meta property=\"og:title\" content=\"Toiture transparente (prix\/m\u00b2) | ML Locations\" \/>\n<meta property=\"og:description\" content=\"Avec cette toiture transparente pour chapiteau, vos invit\u00e9s profiteront du bleu du ciel ou de la lumi\u00e8re des \u00e9toiles quel que soit votre \u00e9v\u00e9nement\u00a0; diner de mariage, conf\u00e9rence, anniversaire, reveal,\u2026 Toiture transparente pour chapiteau en location, pour un look plus \u00e9l\u00e9gant et plus design de\u00a0votre chapiteau. Donnez une touche lounge \u00e0 votre \u00e9v\u00e9nement en ne laissant pas para\u00eetre la b\u00e2che du chapiteau.\" \/>\n<meta property=\"og:url\" content=\"https:\/\/ml-locations.be\/nl\/locations\/toiture-transparente-prixm%c2%b2\/\" \/>\n<meta property=\"og:site_name\" content=\"ML Locations\" \/>\n<meta property=\"article:modified_time\" content=\"2022-09-14T06:06:19+00:00\" \/>\n<meta property=\"og:image\" content=\"https:\/\/ml-locations.be\/wp-content\/uploads\/2017\/04\/toiture-transparente.jpg\" \/>\n\t<meta property=\"og:image:width\" content=\"1000\" \/>\n\t<meta property=\"og:image:height\" content=\"1000\" \/>\n\t<meta property=\"og:image:type\" content=\"image\/jpeg\" \/>\n<meta name=\"twitter:card\" content=\"summary_large_image\" \/>\n<meta name=\"twitter:label1\" content=\"Geschatte leestijd\" \/>\n\t<meta name=\"twitter:data1\" content=\"1 minuut\" \/>\n<script type=\"application\/ld+json\" class=\"yoast-schema-graph\">{\"@context\":\"https:\/\/schema.org\",\"@graph\":[{\"@type\":\"WebPage\",\"@id\":\"https:\/\/ml-locations.be\/nl\/locations\/toiture-transparente-prixm%c2%b2\/\",\"url\":\"https:\/\/ml-locations.be\/nl\/locations\/toiture-transparente-prixm%c2%b2\/\",\"name\":\"Toiture transparente (prix\/m\u00b2) | ML Locations\",\"isPartOf\":{\"@id\":\"https:\/\/ml-locations.be\/nl\/#website\"},\"primaryImageOfPage\":{\"@id\":\"https:\/\/ml-locations.be\/nl\/locations\/toiture-transparente-prixm%c2%b2\/#primaryimage\"},\"image\":{\"@id\":\"https:\/\/ml-locations.be\/nl\/locations\/toiture-transparente-prixm%c2%b2\/#primaryimage\"},\"thumbnailUrl\":\"https:\/\/ml-locations.be\/wp-content\/uploads\/2017\/04\/toiture-transparente.jpg\",\"datePublished\":\"2017-04-11T12:32:43+00:00\",\"dateModified\":\"2022-09-14T06:06:19+00:00\",\"breadcrumb\":{\"@id\":\"https:\/\/ml-locations.be\/nl\/locations\/toiture-transparente-prixm%c2%b2\/#breadcrumb\"},\"inLanguage\":\"nl-NL\",\"potentialAction\":[{\"@type\":\"ReadAction\",\"target\":[\"https:\/\/ml-locations.be\/nl\/locations\/toiture-transparente-prixm%c2%b2\/\"]}]},{\"@type\":\"ImageObject\",\"inLanguage\":\"nl-NL\",\"@id\":\"https:\/\/ml-locations.be\/nl\/locations\/toiture-transparente-prixm%c2%b2\/#primaryimage\",\"url\":\"https:\/\/ml-locations.be\/wp-content\/uploads\/2017\/04\/toiture-transparente.jpg\",\"contentUrl\":\"https:\/\/ml-locations.be\/wp-content\/uploads\/2017\/04\/toiture-transparente.jpg\",\"width\":1000,\"height\":1000,\"caption\":\"chapiteau toiture transparente - location de chapiteau\"},{\"@type\":\"BreadcrumbList\",\"@id\":\"https:\/\/ml-locations.be\/nl\/locations\/toiture-transparente-prixm%c2%b2\/#breadcrumb\",\"itemListElement\":[{\"@type\":\"ListItem\",\"position\":1,\"name\":\"Accueil\",\"item\":\"https:\/\/ml-locations.be\/nl\/\"},{\"@type\":\"ListItem\",\"position\":2,\"name\":\"Winkel\",\"item\":\"https:\/\/ml-locations.be\/nl\/winkel\/\"},{\"@type\":\"ListItem\",\"position\":3,\"name\":\"Toiture transparente (prix\/m\u00b2)\"}]},{\"@type\":\"WebSite\",\"@id\":\"https:\/\/ml-locations.be\/nl\/#website\",\"url\":\"https:\/\/ml-locations.be\/nl\/\",\"name\":\"ML Locations\",\"description\":\"Mat\u00e9riel \u00e9v\u00e9nementiel : location chaise, table et mange debout, mat\u00e9riel horeca, frigos,...\",\"publisher\":{\"@id\":\"https:\/\/ml-locations.be\/nl\/#organization\"},\"potentialAction\":[{\"@type\":\"SearchAction\",\"target\":{\"@type\":\"EntryPoint\",\"urlTemplate\":\"https:\/\/ml-locations.be\/nl\/?s={search_term_string}\"},\"query-input\":{\"@type\":\"PropertyValueSpecification\",\"valueRequired\":true,\"valueName\":\"search_term_string\"}}],\"inLanguage\":\"nl-NL\"},{\"@type\":\"Organization\",\"@id\":\"https:\/\/ml-locations.be\/nl\/#organization\",\"name\":\"ML Locations\",\"url\":\"https:\/\/ml-locations.be\/nl\/\",\"logo\":{\"@type\":\"ImageObject\",\"inLanguage\":\"nl-NL\",\"@id\":\"https:\/\/ml-locations.be\/nl\/#\/schema\/logo\/image\/\",\"url\":\"https:\/\/ml-locations.be\/wp-content\/uploads\/2018\/05\/LOGO-location-BON.png\",\"contentUrl\":\"https:\/\/ml-locations.be\/wp-content\/uploads\/2018\/05\/LOGO-location-BON.png\",\"width\":1200,\"height\":1200,\"caption\":\"ML Locations\"},\"image\":{\"@id\":\"https:\/\/ml-locations.be\/nl\/#\/schema\/logo\/image\/\"}}]}<\/script>\n<!-- \/ Yoast SEO plugin. -->","yoast_head_json":{"title":"Toiture transparente (prix\/m\u00b2) | ML Locations","robots":{"index":"index","follow":"follow","max-snippet":"max-snippet:-1","max-image-preview":"max-image-preview:large","max-video-preview":"max-video-preview:-1"},"canonical":"https:\/\/ml-locations.be\/nl\/locations\/toiture-transparente-prixm%c2%b2\/","og_locale":"nl_NL","og_type":"article","og_title":"Toiture transparente (prix\/m\u00b2) | ML Locations","og_description":"Avec cette toiture transparente pour chapiteau, vos invit\u00e9s profiteront du bleu du ciel ou de la lumi\u00e8re des \u00e9toiles quel que soit votre \u00e9v\u00e9nement\u00a0; diner de mariage, conf\u00e9rence, anniversaire, reveal,\u2026 Toiture transparente pour chapiteau en location, pour un look plus \u00e9l\u00e9gant et plus design de\u00a0votre chapiteau. Donnez une touche lounge \u00e0 votre \u00e9v\u00e9nement en ne laissant pas para\u00eetre la b\u00e2che du chapiteau.","og_url":"https:\/\/ml-locations.be\/nl\/locations\/toiture-transparente-prixm%c2%b2\/","og_site_name":"ML Locations","article_modified_time":"2022-09-14T06:06:19+00:00","og_image":[{"width":1000,"height":1000,"url":"https:\/\/ml-locations.be\/wp-content\/uploads\/2017\/04\/toiture-transparente.jpg","type":"image\/jpeg"}],"twitter_card":"summary_large_image","twitter_misc":{"Geschatte leestijd":"1 minuut"},"schema":{"@context":"https:\/\/schema.org","@graph":[{"@type":"WebPage","@id":"https:\/\/ml-locations.be\/nl\/locations\/toiture-transparente-prixm%c2%b2\/","url":"https:\/\/ml-locations.be\/nl\/locations\/toiture-transparente-prixm%c2%b2\/","name":"Toiture transparente (prix\/m\u00b2) | ML Locations","isPartOf":{"@id":"https:\/\/ml-locations.be\/nl\/#website"},"primaryImageOfPage":{"@id":"https:\/\/ml-locations.be\/nl\/locations\/toiture-transparente-prixm%c2%b2\/#primaryimage"},"image":{"@id":"https:\/\/ml-locations.be\/nl\/locations\/toiture-transparente-prixm%c2%b2\/#primaryimage"},"thumbnailUrl":"https:\/\/ml-locations.be\/wp-content\/uploads\/2017\/04\/toiture-transparente.jpg","datePublished":"2017-04-11T12:32:43+00:00","dateModified":"2022-09-14T06:06:19+00:00","breadcrumb":{"@id":"https:\/\/ml-locations.be\/nl\/locations\/toiture-transparente-prixm%c2%b2\/#breadcrumb"},"inLanguage":"nl-NL","potentialAction":[{"@type":"ReadAction","target":["https:\/\/ml-locations.be\/nl\/locations\/toiture-transparente-prixm%c2%b2\/"]}]},{"@type":"ImageObject","inLanguage":"nl-NL","@id":"https:\/\/ml-locations.be\/nl\/locations\/toiture-transparente-prixm%c2%b2\/#primaryimage","url":"https:\/\/ml-locations.be\/wp-content\/uploads\/2017\/04\/toiture-transparente.jpg","contentUrl":"https:\/\/ml-locations.be\/wp-content\/uploads\/2017\/04\/toiture-transparente.jpg","width":1000,"height":1000,"caption":"chapiteau toiture transparente - location de chapiteau"},{"@type":"BreadcrumbList","@id":"https:\/\/ml-locations.be\/nl\/locations\/toiture-transparente-prixm%c2%b2\/#breadcrumb","itemListElement":[{"@type":"ListItem","position":1,"name":"Accueil","item":"https:\/\/ml-locations.be\/nl\/"},{"@type":"ListItem","position":2,"name":"Winkel","item":"https:\/\/ml-locations.be\/nl\/winkel\/"},{"@type":"ListItem","position":3,"name":"Toiture transparente (prix\/m\u00b2)"}]},{"@type":"WebSite","@id":"https:\/\/ml-locations.be\/nl\/#website","url":"https:\/\/ml-locations.be\/nl\/","name":"ML Locations","description":"Mat\u00e9riel \u00e9v\u00e9nementiel : location chaise, table et mange debout, mat\u00e9riel horeca, frigos,...","publisher":{"@id":"https:\/\/ml-locations.be\/nl\/#organization"},"potentialAction":[{"@type":"SearchAction","target":{"@type":"EntryPoint","urlTemplate":"https:\/\/ml-locations.be\/nl\/?s={search_term_string}"},"query-input":{"@type":"PropertyValueSpecification","valueRequired":true,"valueName":"search_term_string"}}],"inLanguage":"nl-NL"},{"@type":"Organization","@id":"https:\/\/ml-locations.be\/nl\/#organization","name":"ML Locations","url":"https:\/\/ml-locations.be\/nl\/","logo":{"@type":"ImageObject","inLanguage":"nl-NL","@id":"https:\/\/ml-locations.be\/nl\/#\/schema\/logo\/image\/","url":"https:\/\/ml-locations.be\/wp-content\/uploads\/2018\/05\/LOGO-location-BON.png","contentUrl":"https:\/\/ml-locations.be\/wp-content\/uploads\/2018\/05\/LOGO-location-BON.png","width":1200,"height":1200,"caption":"ML Locations"},"image":{"@id":"https:\/\/ml-locations.be\/nl\/#\/schema\/logo\/image\/"}}]}},"_links":{"self":[{"href":"https:\/\/ml-locations.be\/nl\/wp-json\/wp\/v2\/product\/1577","targetHints":{"allow":["GET"]}}],"collection":[{"href":"https:\/\/ml-locations.be\/nl\/wp-json\/wp\/v2\/product"}],"about":[{"href":"https:\/\/ml-locations.be\/nl\/wp-json\/wp\/v2\/types\/product"}],"wp:featuredmedia":[{"embeddable":true,"href":"https:\/\/ml-locations.be\/nl\/wp-json\/wp\/v2\/media\/2003"}],"wp:attachment":[{"href":"https:\/\/ml-locations.be\/nl\/wp-json\/wp\/v2\/media?parent=1577"}],"wp:term":[{"taxonomy":"product_brand","embeddable":true,"href":"https:\/\/ml-locations.be\/nl\/wp-json\/wp\/v2\/product_brand?post=1577"},{"taxonomy":"product_cat","embeddable":true,"href":"https:\/\/ml-locations.be\/nl\/wp-json\/wp\/v2\/product_cat?post=1577"},{"taxonomy":"product_tag","embeddable":true,"href":"https:\/\/ml-locations.be\/nl\/wp-json\/wp\/v2\/product_tag?post=1577"}],"curies":[{"name":"wp","href":"https:\/\/api.w.org\/{rel}","templated":true}]}}