{"id":1578,"date":"2017-04-11T14:32:43","date_gmt":"2017-04-11T12:32:43","guid":{"rendered":"https:\/\/www.ml-locations.be\/\/locations\/tapis-prixm%c2%b2\/"},"modified":"2017-05-08T13:51:19","modified_gmt":"2017-05-08T11:51:19","slug":"tapis-prixm%c2%b2","status":"publish","type":"product","link":"https:\/\/ml-locations.be\/nl\/locations\/tapis-prixm%c2%b2\/","title":{"rendered":"Tapis (prix\/m\u00b2)"},"content":{"rendered":"<p>Ces tapis (<strong>moquettes<\/strong>) sont parfaitement adapt\u00e9s pour couvrir le sol de vos \u00e9v\u00e8nements et leurs donner un style plus propre et \u00e9l\u00e9gant. Qu\u2019il s\u2019agisse d\u2019un diner de mariage, d\u2019une soir\u00e9e d\u2019anniversaire, d\u2019une conf\u00e9rence, d\u2019un reveal, choisissez la couleur du tapis qui convient le mieux. Que vous cherchiez un tapis pour placer sur <strong>le sol de votre tente de r\u00e9ception<\/strong>, sur votre <strong>stand<\/strong> lors d\u2019une foire ou d\u2019un salon, sur une sc\u00e8ne de conf\u00e9rence,\u2026 ML Locations vous fournit le <strong>tapis adapt\u00e9, pr\u00e9d\u00e9coup\u00e9 et en rouleau<\/strong>. Du simple tapis rouge pour accueillir vos convives \u00e0 un tapis couvrant l\u2019ensemble de la surface de votre \u00e9v\u00e9nement, nous pouvons r\u00e9pondre \u00e0 votre demande. Le tapis est vendu au m\u00e8tre carr\u00e9.<\/p>\n","protected":false},"excerpt":{"rendered":"<p><strong>Tapis pour stands et r\u00e9ceptions<\/strong> parfaitement adapt\u00e9 pour habiller les sites de vos \u00e9v\u00e8nements (<strong>chapiteau<\/strong>, <strong>c\u00e9r\u00e9monie<\/strong>, <strong>stands<\/strong>\u2026) quelle que soit\u00a0l\u2019occasion; diner de mariage, anniversaire, conf\u00e9rence, reveal,\u2026<\/p>\n","protected":false},"featured_media":2735,"template":"","meta":{"_acf_changed":false},"product_brand":[],"product_cat":[37,68,20],"product_tag":[],"class_list":{"0":"post-1578","1":"product","2":"type-product","3":"status-publish","4":"has-post-thumbnail","6":"product_cat-chapiteau-tente-de-reception-louer","7":"product_cat-chapiteau-en-location","8":"product_cat-podium-scene-praticables-en-location","9":"description-off","11":"first","12":"instock","13":"taxable","14":"shipping-taxable","15":"purchasable","16":"product-type-simple"},"acf":[],"yoast_head":"<!-- This site is optimized with the Yoast SEO plugin v25.0 - https:\/\/yoast.com\/wordpress\/plugins\/seo\/ -->\n<title>Tapis (prix\/m\u00b2) | ML Locations<\/title>\n<meta name=\"robots\" content=\"index, follow, max-snippet:-1, max-image-preview:large, max-video-preview:-1\" \/>\n<link rel=\"canonical\" href=\"https:\/\/ml-locations.be\/nl\/locations\/tapis-prixm%c2%b2\/\" \/>\n<meta property=\"og:locale\" content=\"nl_NL\" \/>\n<meta property=\"og:type\" content=\"article\" \/>\n<meta property=\"og:title\" content=\"Tapis (prix\/m\u00b2) | ML Locations\" \/>\n<meta property=\"og:description\" content=\"Tapis pour stands et r\u00e9ceptions parfaitement adapt\u00e9 pour habiller les sites de vos \u00e9v\u00e8nements (chapiteau, c\u00e9r\u00e9monie, stands\u2026) quelle que soit\u00a0l\u2019occasion; diner de mariage, anniversaire, conf\u00e9rence, reveal,\u2026\" \/>\n<meta property=\"og:url\" content=\"https:\/\/ml-locations.be\/nl\/locations\/tapis-prixm%c2%b2\/\" \/>\n<meta property=\"og:site_name\" content=\"ML Locations\" \/>\n<meta property=\"article:modified_time\" content=\"2017-05-08T11:51:19+00:00\" \/>\n<meta property=\"og:image\" content=\"https:\/\/ml-locations.be\/wp-content\/uploads\/2017\/04\/tapis-interieur.jpg\" \/>\n\t<meta property=\"og:image:width\" content=\"1400\" \/>\n\t<meta property=\"og:image:height\" content=\"933\" \/>\n\t<meta property=\"og:image:type\" content=\"image\/jpeg\" \/>\n<meta name=\"twitter:card\" content=\"summary_large_image\" \/>\n<meta name=\"twitter:label1\" content=\"Geschatte leestijd\" \/>\n\t<meta name=\"twitter:data1\" content=\"1 minuut\" \/>\n<script type=\"application\/ld+json\" class=\"yoast-schema-graph\">{\"@context\":\"https:\/\/schema.org\",\"@graph\":[{\"@type\":\"WebPage\",\"@id\":\"https:\/\/ml-locations.be\/nl\/locations\/tapis-prixm%c2%b2\/\",\"url\":\"https:\/\/ml-locations.be\/nl\/locations\/tapis-prixm%c2%b2\/\",\"name\":\"Tapis (prix\/m\u00b2) | ML Locations\",\"isPartOf\":{\"@id\":\"https:\/\/ml-locations.be\/nl\/#website\"},\"primaryImageOfPage\":{\"@id\":\"https:\/\/ml-locations.be\/nl\/locations\/tapis-prixm%c2%b2\/#primaryimage\"},\"image\":{\"@id\":\"https:\/\/ml-locations.be\/nl\/locations\/tapis-prixm%c2%b2\/#primaryimage\"},\"thumbnailUrl\":\"https:\/\/ml-locations.be\/wp-content\/uploads\/2017\/04\/tapis-interieur.jpg\",\"datePublished\":\"2017-04-11T12:32:43+00:00\",\"dateModified\":\"2017-05-08T11:51:19+00:00\",\"breadcrumb\":{\"@id\":\"https:\/\/ml-locations.be\/nl\/locations\/tapis-prixm%c2%b2\/#breadcrumb\"},\"inLanguage\":\"nl-NL\",\"potentialAction\":[{\"@type\":\"ReadAction\",\"target\":[\"https:\/\/ml-locations.be\/nl\/locations\/tapis-prixm%c2%b2\/\"]}]},{\"@type\":\"ImageObject\",\"inLanguage\":\"nl-NL\",\"@id\":\"https:\/\/ml-locations.be\/nl\/locations\/tapis-prixm%c2%b2\/#primaryimage\",\"url\":\"https:\/\/ml-locations.be\/wp-content\/uploads\/2017\/04\/tapis-interieur.jpg\",\"contentUrl\":\"https:\/\/ml-locations.be\/wp-content\/uploads\/2017\/04\/tapis-interieur.jpg\",\"width\":1400,\"height\":933,\"caption\":\"location de tapis pour stands, chapiteau\"},{\"@type\":\"BreadcrumbList\",\"@id\":\"https:\/\/ml-locations.be\/nl\/locations\/tapis-prixm%c2%b2\/#breadcrumb\",\"itemListElement\":[{\"@type\":\"ListItem\",\"position\":1,\"name\":\"Accueil\",\"item\":\"https:\/\/ml-locations.be\/nl\/\"},{\"@type\":\"ListItem\",\"position\":2,\"name\":\"Winkel\",\"item\":\"https:\/\/ml-locations.be\/nl\/winkel\/\"},{\"@type\":\"ListItem\",\"position\":3,\"name\":\"Tapis (prix\/m\u00b2)\"}]},{\"@type\":\"WebSite\",\"@id\":\"https:\/\/ml-locations.be\/nl\/#website\",\"url\":\"https:\/\/ml-locations.be\/nl\/\",\"name\":\"ML Locations\",\"description\":\"Mat\u00e9riel \u00e9v\u00e9nementiel : location chaise, table et mange debout, mat\u00e9riel horeca, frigos,...\",\"publisher\":{\"@id\":\"https:\/\/ml-locations.be\/nl\/#organization\"},\"potentialAction\":[{\"@type\":\"SearchAction\",\"target\":{\"@type\":\"EntryPoint\",\"urlTemplate\":\"https:\/\/ml-locations.be\/nl\/?s={search_term_string}\"},\"query-input\":{\"@type\":\"PropertyValueSpecification\",\"valueRequired\":true,\"valueName\":\"search_term_string\"}}],\"inLanguage\":\"nl-NL\"},{\"@type\":\"Organization\",\"@id\":\"https:\/\/ml-locations.be\/nl\/#organization\",\"name\":\"ML Locations\",\"url\":\"https:\/\/ml-locations.be\/nl\/\",\"logo\":{\"@type\":\"ImageObject\",\"inLanguage\":\"nl-NL\",\"@id\":\"https:\/\/ml-locations.be\/nl\/#\/schema\/logo\/image\/\",\"url\":\"https:\/\/ml-locations.be\/wp-content\/uploads\/2018\/05\/LOGO-location-BON.png\",\"contentUrl\":\"https:\/\/ml-locations.be\/wp-content\/uploads\/2018\/05\/LOGO-location-BON.png\",\"width\":1200,\"height\":1200,\"caption\":\"ML Locations\"},\"image\":{\"@id\":\"https:\/\/ml-locations.be\/nl\/#\/schema\/logo\/image\/\"}}]}<\/script>\n<!-- \/ Yoast SEO plugin. -->","yoast_head_json":{"title":"Tapis (prix\/m\u00b2) | ML Locations","robots":{"index":"index","follow":"follow","max-snippet":"max-snippet:-1","max-image-preview":"max-image-preview:large","max-video-preview":"max-video-preview:-1"},"canonical":"https:\/\/ml-locations.be\/nl\/locations\/tapis-prixm%c2%b2\/","og_locale":"nl_NL","og_type":"article","og_title":"Tapis (prix\/m\u00b2) | ML Locations","og_description":"Tapis pour stands et r\u00e9ceptions parfaitement adapt\u00e9 pour habiller les sites de vos \u00e9v\u00e8nements (chapiteau, c\u00e9r\u00e9monie, stands\u2026) quelle que soit\u00a0l\u2019occasion; diner de mariage, anniversaire, conf\u00e9rence, reveal,\u2026","og_url":"https:\/\/ml-locations.be\/nl\/locations\/tapis-prixm%c2%b2\/","og_site_name":"ML Locations","article_modified_time":"2017-05-08T11:51:19+00:00","og_image":[{"width":1400,"height":933,"url":"https:\/\/ml-locations.be\/wp-content\/uploads\/2017\/04\/tapis-interieur.jpg","type":"image\/jpeg"}],"twitter_card":"summary_large_image","twitter_misc":{"Geschatte leestijd":"1 minuut"},"schema":{"@context":"https:\/\/schema.org","@graph":[{"@type":"WebPage","@id":"https:\/\/ml-locations.be\/nl\/locations\/tapis-prixm%c2%b2\/","url":"https:\/\/ml-locations.be\/nl\/locations\/tapis-prixm%c2%b2\/","name":"Tapis (prix\/m\u00b2) | ML Locations","isPartOf":{"@id":"https:\/\/ml-locations.be\/nl\/#website"},"primaryImageOfPage":{"@id":"https:\/\/ml-locations.be\/nl\/locations\/tapis-prixm%c2%b2\/#primaryimage"},"image":{"@id":"https:\/\/ml-locations.be\/nl\/locations\/tapis-prixm%c2%b2\/#primaryimage"},"thumbnailUrl":"https:\/\/ml-locations.be\/wp-content\/uploads\/2017\/04\/tapis-interieur.jpg","datePublished":"2017-04-11T12:32:43+00:00","dateModified":"2017-05-08T11:51:19+00:00","breadcrumb":{"@id":"https:\/\/ml-locations.be\/nl\/locations\/tapis-prixm%c2%b2\/#breadcrumb"},"inLanguage":"nl-NL","potentialAction":[{"@type":"ReadAction","target":["https:\/\/ml-locations.be\/nl\/locations\/tapis-prixm%c2%b2\/"]}]},{"@type":"ImageObject","inLanguage":"nl-NL","@id":"https:\/\/ml-locations.be\/nl\/locations\/tapis-prixm%c2%b2\/#primaryimage","url":"https:\/\/ml-locations.be\/wp-content\/uploads\/2017\/04\/tapis-interieur.jpg","contentUrl":"https:\/\/ml-locations.be\/wp-content\/uploads\/2017\/04\/tapis-interieur.jpg","width":1400,"height":933,"caption":"location de tapis pour stands, chapiteau"},{"@type":"BreadcrumbList","@id":"https:\/\/ml-locations.be\/nl\/locations\/tapis-prixm%c2%b2\/#breadcrumb","itemListElement":[{"@type":"ListItem","position":1,"name":"Accueil","item":"https:\/\/ml-locations.be\/nl\/"},{"@type":"ListItem","position":2,"name":"Winkel","item":"https:\/\/ml-locations.be\/nl\/winkel\/"},{"@type":"ListItem","position":3,"name":"Tapis (prix\/m\u00b2)"}]},{"@type":"WebSite","@id":"https:\/\/ml-locations.be\/nl\/#website","url":"https:\/\/ml-locations.be\/nl\/","name":"ML Locations","description":"Mat\u00e9riel \u00e9v\u00e9nementiel : location chaise, table et mange debout, mat\u00e9riel horeca, frigos,...","publisher":{"@id":"https:\/\/ml-locations.be\/nl\/#organization"},"potentialAction":[{"@type":"SearchAction","target":{"@type":"EntryPoint","urlTemplate":"https:\/\/ml-locations.be\/nl\/?s={search_term_string}"},"query-input":{"@type":"PropertyValueSpecification","valueRequired":true,"valueName":"search_term_string"}}],"inLanguage":"nl-NL"},{"@type":"Organization","@id":"https:\/\/ml-locations.be\/nl\/#organization","name":"ML Locations","url":"https:\/\/ml-locations.be\/nl\/","logo":{"@type":"ImageObject","inLanguage":"nl-NL","@id":"https:\/\/ml-locations.be\/nl\/#\/schema\/logo\/image\/","url":"https:\/\/ml-locations.be\/wp-content\/uploads\/2018\/05\/LOGO-location-BON.png","contentUrl":"https:\/\/ml-locations.be\/wp-content\/uploads\/2018\/05\/LOGO-location-BON.png","width":1200,"height":1200,"caption":"ML Locations"},"image":{"@id":"https:\/\/ml-locations.be\/nl\/#\/schema\/logo\/image\/"}}]}},"_links":{"self":[{"href":"https:\/\/ml-locations.be\/nl\/wp-json\/wp\/v2\/product\/1578","targetHints":{"allow":["GET"]}}],"collection":[{"href":"https:\/\/ml-locations.be\/nl\/wp-json\/wp\/v2\/product"}],"about":[{"href":"https:\/\/ml-locations.be\/nl\/wp-json\/wp\/v2\/types\/product"}],"wp:featuredmedia":[{"embeddable":true,"href":"https:\/\/ml-locations.be\/nl\/wp-json\/wp\/v2\/media\/2735"}],"wp:attachment":[{"href":"https:\/\/ml-locations.be\/nl\/wp-json\/wp\/v2\/media?parent=1578"}],"wp:term":[{"taxonomy":"product_brand","embeddable":true,"href":"https:\/\/ml-locations.be\/nl\/wp-json\/wp\/v2\/product_brand?post=1578"},{"taxonomy":"product_cat","embeddable":true,"href":"https:\/\/ml-locations.be\/nl\/wp-json\/wp\/v2\/product_cat?post=1578"},{"taxonomy":"product_tag","embeddable":true,"href":"https:\/\/ml-locations.be\/nl\/wp-json\/wp\/v2\/product_tag?post=1578"}],"curies":[{"name":"wp","href":"https:\/\/api.w.org\/{rel}","templated":true}]}}