{"id":1587,"date":"2017-04-11T14:32:43","date_gmt":"2017-04-11T12:32:43","guid":{"rendered":"https:\/\/www.ml-locations.be\/\/locations\/lampes-de-table-fatboy\/"},"modified":"2018-10-15T09:17:04","modified_gmt":"2018-10-15T07:17:04","slug":"lampes-de-table-fatboy","status":"publish","type":"product","link":"https:\/\/ml-locations.be\/nl\/locations\/lampes-de-table-fatboy\/","title":{"rendered":"Lampes de table FATBOY"},"content":{"rendered":"<p>Cette <strong>lampe de table<\/strong> <strong>sur pied<\/strong> \u00e9clairera parfaitement vos soir\u00e9es ou <strong>r\u00e9ceptions en ext\u00e9rieur et en int\u00e9rieur<\/strong>. La<strong> lampe fatboy<\/strong> est une source lumineuse douce et forte \u00e0 la fois. Cette <strong>lampe sans fil<\/strong> poss\u00e8de une batterie interne ce qui permet de la placer sur une table sans s\u2019encombrer de c\u00e2bles et sans avoir besoin de prise \u00e9lectrique. Il suffit de tirer la languette pour s\u00e9lectionner un des trois niveaux d\u2019intensit\u00e9 lumineuse. La batterie de la lampe tiendra 6 heures au niveau d\u2019intensit\u00e9 maximum. Deux leds sont pr\u00e9sentes dans le pied et l\u2019abat-jour de la lampe. Fourni avec une ampoule basse consommation et un chargeur. Vous pouvez combiner cette lampe avec nos <strong>mobiliers lumineux<\/strong> pour cr\u00e9er <strong>un<\/strong> <strong>\u00e9v\u00e9nement lumineux <\/strong>et chaleureux.<\/p>\n<p>Dimensions et caract\u00e9ristiques de cet objet\u00a0:<\/p>\n<ul>\n<li>Hauteur\u00a0: 25 cm,<\/li>\n<li>Longueur\u00a0: 17 cm,<\/li>\n<li>Largeur\u00a0: 17 cm,<\/li>\n<li>Autonomie \u00e0 l\u2019intensit\u00e9 max\u00a0: 6 heures,<\/li>\n<li>Couleur\u00a0: blanc,<\/li>\n<li>Usage int\u00e9rieur et ext\u00e9rieur.<\/li>\n<\/ul>\n","protected":false},"excerpt":{"rendered":"<p><strong>Lampe FATBOY<\/strong> fonctionne sur batterie, 3 niveaux d\u2019intensit\u00e9, d\u00e9core les tables lors de vos <strong>\u00e9v\u00e9nements<\/strong>, peut \u00eatre utilis\u00e9e \u00e0 l&#8217;int\u00e9rieur ou \u00e0 l&#8217;ext\u00e9rieur.<\/p>\n","protected":false},"featured_media":2253,"template":"","meta":{"_acf_changed":false},"product_brand":[],"product_cat":[126,121],"product_tag":[202,214],"class_list":{"0":"post-1587","1":"product","2":"type-product","3":"status-publish","4":"has-post-thumbnail","6":"product_cat-decorations-pour-evenements","7":"product_cat-decorations-table-a-louer","8":"product_tag-location-mobilier-design","9":"product_tag-location-materiel-banquet","10":"description-off","12":"first","13":"instock","14":"taxable","15":"shipping-taxable","16":"purchasable","17":"product-type-simple"},"acf":[],"yoast_head":"<!-- This site is optimized with the Yoast SEO plugin v25.0 - https:\/\/yoast.com\/wordpress\/plugins\/seo\/ -->\n<title>Lampes de table FATBOY | ML Locations<\/title>\n<meta name=\"robots\" content=\"index, follow, max-snippet:-1, max-image-preview:large, max-video-preview:-1\" \/>\n<link rel=\"canonical\" href=\"https:\/\/ml-locations.be\/nl\/locations\/lampes-de-table-fatboy\/\" \/>\n<meta property=\"og:locale\" content=\"nl_NL\" \/>\n<meta property=\"og:type\" content=\"article\" \/>\n<meta property=\"og:title\" content=\"Lampes de table FATBOY | ML Locations\" \/>\n<meta property=\"og:description\" content=\"Lampe FATBOY fonctionne sur batterie, 3 niveaux d\u2019intensit\u00e9, d\u00e9core les tables lors de vos \u00e9v\u00e9nements, peut \u00eatre utilis\u00e9e \u00e0 l&#039;int\u00e9rieur ou \u00e0 l&#039;ext\u00e9rieur.\" \/>\n<meta property=\"og:url\" content=\"https:\/\/ml-locations.be\/nl\/locations\/lampes-de-table-fatboy\/\" \/>\n<meta property=\"og:site_name\" content=\"ML Locations\" \/>\n<meta property=\"article:modified_time\" content=\"2018-10-15T07:17:04+00:00\" \/>\n<meta property=\"og:image\" content=\"https:\/\/ml-locations.be\/wp-content\/uploads\/2017\/04\/Lampe-fatboy-2.jpg\" \/>\n\t<meta property=\"og:image:width\" content=\"1000\" \/>\n\t<meta property=\"og:image:height\" content=\"1000\" \/>\n\t<meta property=\"og:image:type\" content=\"image\/jpeg\" \/>\n<meta name=\"twitter:card\" content=\"summary_large_image\" \/>\n<meta name=\"twitter:label1\" content=\"Geschatte leestijd\" \/>\n\t<meta name=\"twitter:data1\" content=\"1 minuut\" \/>\n<script type=\"application\/ld+json\" class=\"yoast-schema-graph\">{\"@context\":\"https:\/\/schema.org\",\"@graph\":[{\"@type\":\"WebPage\",\"@id\":\"https:\/\/ml-locations.be\/nl\/locations\/lampes-de-table-fatboy\/\",\"url\":\"https:\/\/ml-locations.be\/nl\/locations\/lampes-de-table-fatboy\/\",\"name\":\"Lampes de table FATBOY | ML Locations\",\"isPartOf\":{\"@id\":\"https:\/\/ml-locations.be\/nl\/#website\"},\"primaryImageOfPage\":{\"@id\":\"https:\/\/ml-locations.be\/nl\/locations\/lampes-de-table-fatboy\/#primaryimage\"},\"image\":{\"@id\":\"https:\/\/ml-locations.be\/nl\/locations\/lampes-de-table-fatboy\/#primaryimage\"},\"thumbnailUrl\":\"https:\/\/ml-locations.be\/wp-content\/uploads\/2017\/04\/Lampe-fatboy-2.jpg\",\"datePublished\":\"2017-04-11T12:32:43+00:00\",\"dateModified\":\"2018-10-15T07:17:04+00:00\",\"breadcrumb\":{\"@id\":\"https:\/\/ml-locations.be\/nl\/locations\/lampes-de-table-fatboy\/#breadcrumb\"},\"inLanguage\":\"nl-NL\",\"potentialAction\":[{\"@type\":\"ReadAction\",\"target\":[\"https:\/\/ml-locations.be\/nl\/locations\/lampes-de-table-fatboy\/\"]}]},{\"@type\":\"ImageObject\",\"inLanguage\":\"nl-NL\",\"@id\":\"https:\/\/ml-locations.be\/nl\/locations\/lampes-de-table-fatboy\/#primaryimage\",\"url\":\"https:\/\/ml-locations.be\/wp-content\/uploads\/2017\/04\/Lampe-fatboy-2.jpg\",\"contentUrl\":\"https:\/\/ml-locations.be\/wp-content\/uploads\/2017\/04\/Lampe-fatboy-2.jpg\",\"width\":1000,\"height\":1000,\"caption\":\"Lampe fatboy en location\"},{\"@type\":\"BreadcrumbList\",\"@id\":\"https:\/\/ml-locations.be\/nl\/locations\/lampes-de-table-fatboy\/#breadcrumb\",\"itemListElement\":[{\"@type\":\"ListItem\",\"position\":1,\"name\":\"Accueil\",\"item\":\"https:\/\/ml-locations.be\/nl\/\"},{\"@type\":\"ListItem\",\"position\":2,\"name\":\"Winkel\",\"item\":\"https:\/\/ml-locations.be\/nl\/winkel\/\"},{\"@type\":\"ListItem\",\"position\":3,\"name\":\"Lampes de table FATBOY\"}]},{\"@type\":\"WebSite\",\"@id\":\"https:\/\/ml-locations.be\/nl\/#website\",\"url\":\"https:\/\/ml-locations.be\/nl\/\",\"name\":\"ML Locations\",\"description\":\"Mat\u00e9riel \u00e9v\u00e9nementiel : location chaise, table et mange debout, mat\u00e9riel horeca, frigos,...\",\"publisher\":{\"@id\":\"https:\/\/ml-locations.be\/nl\/#organization\"},\"potentialAction\":[{\"@type\":\"SearchAction\",\"target\":{\"@type\":\"EntryPoint\",\"urlTemplate\":\"https:\/\/ml-locations.be\/nl\/?s={search_term_string}\"},\"query-input\":{\"@type\":\"PropertyValueSpecification\",\"valueRequired\":true,\"valueName\":\"search_term_string\"}}],\"inLanguage\":\"nl-NL\"},{\"@type\":\"Organization\",\"@id\":\"https:\/\/ml-locations.be\/nl\/#organization\",\"name\":\"ML Locations\",\"url\":\"https:\/\/ml-locations.be\/nl\/\",\"logo\":{\"@type\":\"ImageObject\",\"inLanguage\":\"nl-NL\",\"@id\":\"https:\/\/ml-locations.be\/nl\/#\/schema\/logo\/image\/\",\"url\":\"https:\/\/ml-locations.be\/wp-content\/uploads\/2018\/05\/LOGO-location-BON.png\",\"contentUrl\":\"https:\/\/ml-locations.be\/wp-content\/uploads\/2018\/05\/LOGO-location-BON.png\",\"width\":1200,\"height\":1200,\"caption\":\"ML Locations\"},\"image\":{\"@id\":\"https:\/\/ml-locations.be\/nl\/#\/schema\/logo\/image\/\"}}]}<\/script>\n<!-- \/ Yoast SEO plugin. -->","yoast_head_json":{"title":"Lampes de table FATBOY | ML Locations","robots":{"index":"index","follow":"follow","max-snippet":"max-snippet:-1","max-image-preview":"max-image-preview:large","max-video-preview":"max-video-preview:-1"},"canonical":"https:\/\/ml-locations.be\/nl\/locations\/lampes-de-table-fatboy\/","og_locale":"nl_NL","og_type":"article","og_title":"Lampes de table FATBOY | ML Locations","og_description":"Lampe FATBOY fonctionne sur batterie, 3 niveaux d\u2019intensit\u00e9, d\u00e9core les tables lors de vos \u00e9v\u00e9nements, peut \u00eatre utilis\u00e9e \u00e0 l'int\u00e9rieur ou \u00e0 l'ext\u00e9rieur.","og_url":"https:\/\/ml-locations.be\/nl\/locations\/lampes-de-table-fatboy\/","og_site_name":"ML Locations","article_modified_time":"2018-10-15T07:17:04+00:00","og_image":[{"width":1000,"height":1000,"url":"https:\/\/ml-locations.be\/wp-content\/uploads\/2017\/04\/Lampe-fatboy-2.jpg","type":"image\/jpeg"}],"twitter_card":"summary_large_image","twitter_misc":{"Geschatte leestijd":"1 minuut"},"schema":{"@context":"https:\/\/schema.org","@graph":[{"@type":"WebPage","@id":"https:\/\/ml-locations.be\/nl\/locations\/lampes-de-table-fatboy\/","url":"https:\/\/ml-locations.be\/nl\/locations\/lampes-de-table-fatboy\/","name":"Lampes de table FATBOY | ML Locations","isPartOf":{"@id":"https:\/\/ml-locations.be\/nl\/#website"},"primaryImageOfPage":{"@id":"https:\/\/ml-locations.be\/nl\/locations\/lampes-de-table-fatboy\/#primaryimage"},"image":{"@id":"https:\/\/ml-locations.be\/nl\/locations\/lampes-de-table-fatboy\/#primaryimage"},"thumbnailUrl":"https:\/\/ml-locations.be\/wp-content\/uploads\/2017\/04\/Lampe-fatboy-2.jpg","datePublished":"2017-04-11T12:32:43+00:00","dateModified":"2018-10-15T07:17:04+00:00","breadcrumb":{"@id":"https:\/\/ml-locations.be\/nl\/locations\/lampes-de-table-fatboy\/#breadcrumb"},"inLanguage":"nl-NL","potentialAction":[{"@type":"ReadAction","target":["https:\/\/ml-locations.be\/nl\/locations\/lampes-de-table-fatboy\/"]}]},{"@type":"ImageObject","inLanguage":"nl-NL","@id":"https:\/\/ml-locations.be\/nl\/locations\/lampes-de-table-fatboy\/#primaryimage","url":"https:\/\/ml-locations.be\/wp-content\/uploads\/2017\/04\/Lampe-fatboy-2.jpg","contentUrl":"https:\/\/ml-locations.be\/wp-content\/uploads\/2017\/04\/Lampe-fatboy-2.jpg","width":1000,"height":1000,"caption":"Lampe fatboy en location"},{"@type":"BreadcrumbList","@id":"https:\/\/ml-locations.be\/nl\/locations\/lampes-de-table-fatboy\/#breadcrumb","itemListElement":[{"@type":"ListItem","position":1,"name":"Accueil","item":"https:\/\/ml-locations.be\/nl\/"},{"@type":"ListItem","position":2,"name":"Winkel","item":"https:\/\/ml-locations.be\/nl\/winkel\/"},{"@type":"ListItem","position":3,"name":"Lampes de table FATBOY"}]},{"@type":"WebSite","@id":"https:\/\/ml-locations.be\/nl\/#website","url":"https:\/\/ml-locations.be\/nl\/","name":"ML Locations","description":"Mat\u00e9riel \u00e9v\u00e9nementiel : location chaise, table et mange debout, mat\u00e9riel horeca, frigos,...","publisher":{"@id":"https:\/\/ml-locations.be\/nl\/#organization"},"potentialAction":[{"@type":"SearchAction","target":{"@type":"EntryPoint","urlTemplate":"https:\/\/ml-locations.be\/nl\/?s={search_term_string}"},"query-input":{"@type":"PropertyValueSpecification","valueRequired":true,"valueName":"search_term_string"}}],"inLanguage":"nl-NL"},{"@type":"Organization","@id":"https:\/\/ml-locations.be\/nl\/#organization","name":"ML Locations","url":"https:\/\/ml-locations.be\/nl\/","logo":{"@type":"ImageObject","inLanguage":"nl-NL","@id":"https:\/\/ml-locations.be\/nl\/#\/schema\/logo\/image\/","url":"https:\/\/ml-locations.be\/wp-content\/uploads\/2018\/05\/LOGO-location-BON.png","contentUrl":"https:\/\/ml-locations.be\/wp-content\/uploads\/2018\/05\/LOGO-location-BON.png","width":1200,"height":1200,"caption":"ML Locations"},"image":{"@id":"https:\/\/ml-locations.be\/nl\/#\/schema\/logo\/image\/"}}]}},"_links":{"self":[{"href":"https:\/\/ml-locations.be\/nl\/wp-json\/wp\/v2\/product\/1587","targetHints":{"allow":["GET"]}}],"collection":[{"href":"https:\/\/ml-locations.be\/nl\/wp-json\/wp\/v2\/product"}],"about":[{"href":"https:\/\/ml-locations.be\/nl\/wp-json\/wp\/v2\/types\/product"}],"wp:featuredmedia":[{"embeddable":true,"href":"https:\/\/ml-locations.be\/nl\/wp-json\/wp\/v2\/media\/2253"}],"wp:attachment":[{"href":"https:\/\/ml-locations.be\/nl\/wp-json\/wp\/v2\/media?parent=1587"}],"wp:term":[{"taxonomy":"product_brand","embeddable":true,"href":"https:\/\/ml-locations.be\/nl\/wp-json\/wp\/v2\/product_brand?post=1587"},{"taxonomy":"product_cat","embeddable":true,"href":"https:\/\/ml-locations.be\/nl\/wp-json\/wp\/v2\/product_cat?post=1587"},{"taxonomy":"product_tag","embeddable":true,"href":"https:\/\/ml-locations.be\/nl\/wp-json\/wp\/v2\/product_tag?post=1587"}],"curies":[{"name":"wp","href":"https:\/\/api.w.org\/{rel}","templated":true}]}}