{"id":1591,"date":"2017-04-11T14:32:43","date_gmt":"2017-04-11T12:32:43","guid":{"rendered":"https:\/\/www.ml-locations.be\/\/locations\/pictogrammes-de-securite\/"},"modified":"2017-05-08T13:51:23","modified_gmt":"2017-05-08T11:51:23","slug":"pictogrammes-de-securite","status":"publish","type":"product","link":"https:\/\/ml-locations.be\/nl\/locations\/pictogrammes-de-securite\/","title":{"rendered":"Pictogrammes de s\u00e9curit\u00e9"},"content":{"rendered":"<p>Ces lots de <strong>pictogrammes de s\u00e9curit\u00e9<\/strong> \u00ab\u00a0Sortie de secours\u00a0\u00bb et \u00ab\u00a0extincteur\u00a0\u00bb permettent d\u2019indiquer clairement l\u2019emplacement des issues de secours et des extincteurs dans votre salle. Ils servent \u00e0 assurer la s\u00e9curit\u00e9 de tous vos \u00e9v\u00e8nements tel qu\u2019un d\u00eener de mariage, un anniversaire, une conf\u00e9rence, une soir\u00e9e,\u2026<\/p>\n<p>Les <strong>pictogrammes \u00ab\u00a0sortie de secours\u00a0\u00bb<\/strong> sont accroch\u00e9s, \u00e0 l\u2019aide de bandes adh\u00e9sives, au-dessus des portes de secours et d\u2019entr\u00e9e.<\/p>\n<p>Et les <strong>pictogrammes \u00ab\u00a0extincteur\u00a0\u00bb<\/strong> mettront \u00e9galement en \u00e9vidence la localisation des syst\u00e8mes anti-incendie afin de faciliter leur localisation en cas d\u2019incendie.<\/p>\n<p>Nous proposons \u00e9galement la location d\u2019extincteurs \u00e0 poudre (6 kg) afin de compl\u00e9ter votre syst\u00e8me de s\u00e9curit\u00e9.<\/p>\n<p>&nbsp;<\/p>\n","protected":false},"excerpt":{"rendered":"<p>Lots de <strong>pictogrammes de s\u00e9curit\u00e9<\/strong> indiquant les \u00ab\u00a0Sortie de secours\u00a0\u00bb et \u00ab\u00a0Extincteurs\u00a0\u00bb. N\u00e9cessaires pour assurer la s\u00e9curit\u00e9 de tous vos \u00e9v\u00e8nements : d\u00eener de mariage, anniversaire, conf\u00e9rence,\u2026<\/p>\n","protected":false},"featured_media":2556,"template":"","meta":{"_acf_changed":false},"product_brand":[],"product_cat":[29,31],"product_tag":[],"class_list":{"0":"post-1591","1":"product","2":"type-product","3":"status-publish","4":"has-post-thumbnail","6":"product_cat-materiel-horeca-en-location","7":"product_cat-proprete-et-securite","8":"description-off","10":"first","11":"instock","12":"taxable","13":"shipping-taxable","14":"purchasable","15":"product-type-simple"},"acf":[],"yoast_head":"<!-- This site is optimized with the Yoast SEO plugin v25.0 - https:\/\/yoast.com\/wordpress\/plugins\/seo\/ -->\n<title>Pictogrammes de s\u00e9curit\u00e9 | ML Locations<\/title>\n<meta name=\"robots\" content=\"index, follow, max-snippet:-1, max-image-preview:large, max-video-preview:-1\" \/>\n<link rel=\"canonical\" href=\"https:\/\/ml-locations.be\/nl\/locations\/pictogrammes-de-securite\/\" \/>\n<meta property=\"og:locale\" content=\"nl_NL\" \/>\n<meta property=\"og:type\" content=\"article\" \/>\n<meta property=\"og:title\" content=\"Pictogrammes de s\u00e9curit\u00e9 | ML Locations\" \/>\n<meta property=\"og:description\" content=\"Lots de pictogrammes de s\u00e9curit\u00e9 indiquant les \u00ab\u00a0Sortie de secours\u00a0\u00bb et \u00ab\u00a0Extincteurs\u00a0\u00bb. N\u00e9cessaires pour assurer la s\u00e9curit\u00e9 de tous vos \u00e9v\u00e8nements : d\u00eener de mariage, anniversaire, conf\u00e9rence,\u2026\" \/>\n<meta property=\"og:url\" content=\"https:\/\/ml-locations.be\/nl\/locations\/pictogrammes-de-securite\/\" \/>\n<meta property=\"og:site_name\" content=\"ML Locations\" \/>\n<meta property=\"article:modified_time\" content=\"2017-05-08T11:51:23+00:00\" \/>\n<meta property=\"og:image\" content=\"https:\/\/ml-locations.be\/wp-content\/uploads\/2017\/04\/Picto-secours.jpg\" \/>\n\t<meta property=\"og:image:width\" content=\"1000\" \/>\n\t<meta property=\"og:image:height\" content=\"1000\" \/>\n\t<meta property=\"og:image:type\" content=\"image\/jpeg\" \/>\n<meta name=\"twitter:card\" content=\"summary_large_image\" \/>\n<meta name=\"twitter:label1\" content=\"Geschatte leestijd\" \/>\n\t<meta name=\"twitter:data1\" content=\"1 minuut\" \/>\n<script type=\"application\/ld+json\" class=\"yoast-schema-graph\">{\"@context\":\"https:\/\/schema.org\",\"@graph\":[{\"@type\":\"WebPage\",\"@id\":\"https:\/\/ml-locations.be\/nl\/locations\/pictogrammes-de-securite\/\",\"url\":\"https:\/\/ml-locations.be\/nl\/locations\/pictogrammes-de-securite\/\",\"name\":\"Pictogrammes de s\u00e9curit\u00e9 | ML Locations\",\"isPartOf\":{\"@id\":\"https:\/\/ml-locations.be\/nl\/#website\"},\"primaryImageOfPage\":{\"@id\":\"https:\/\/ml-locations.be\/nl\/locations\/pictogrammes-de-securite\/#primaryimage\"},\"image\":{\"@id\":\"https:\/\/ml-locations.be\/nl\/locations\/pictogrammes-de-securite\/#primaryimage\"},\"thumbnailUrl\":\"https:\/\/ml-locations.be\/wp-content\/uploads\/2017\/04\/Picto-secours.jpg\",\"datePublished\":\"2017-04-11T12:32:43+00:00\",\"dateModified\":\"2017-05-08T11:51:23+00:00\",\"breadcrumb\":{\"@id\":\"https:\/\/ml-locations.be\/nl\/locations\/pictogrammes-de-securite\/#breadcrumb\"},\"inLanguage\":\"nl-NL\",\"potentialAction\":[{\"@type\":\"ReadAction\",\"target\":[\"https:\/\/ml-locations.be\/nl\/locations\/pictogrammes-de-securite\/\"]}]},{\"@type\":\"ImageObject\",\"inLanguage\":\"nl-NL\",\"@id\":\"https:\/\/ml-locations.be\/nl\/locations\/pictogrammes-de-securite\/#primaryimage\",\"url\":\"https:\/\/ml-locations.be\/wp-content\/uploads\/2017\/04\/Picto-secours.jpg\",\"contentUrl\":\"https:\/\/ml-locations.be\/wp-content\/uploads\/2017\/04\/Picto-secours.jpg\",\"width\":1000,\"height\":1000,\"caption\":\"Pictogrammes sortie de secours en location\"},{\"@type\":\"BreadcrumbList\",\"@id\":\"https:\/\/ml-locations.be\/nl\/locations\/pictogrammes-de-securite\/#breadcrumb\",\"itemListElement\":[{\"@type\":\"ListItem\",\"position\":1,\"name\":\"Accueil\",\"item\":\"https:\/\/ml-locations.be\/nl\/\"},{\"@type\":\"ListItem\",\"position\":2,\"name\":\"Winkel\",\"item\":\"https:\/\/ml-locations.be\/nl\/winkel\/\"},{\"@type\":\"ListItem\",\"position\":3,\"name\":\"Pictogrammes de s\u00e9curit\u00e9\"}]},{\"@type\":\"WebSite\",\"@id\":\"https:\/\/ml-locations.be\/nl\/#website\",\"url\":\"https:\/\/ml-locations.be\/nl\/\",\"name\":\"ML Locations\",\"description\":\"Mat\u00e9riel \u00e9v\u00e9nementiel : location chaise, table et mange debout, mat\u00e9riel horeca, frigos,...\",\"publisher\":{\"@id\":\"https:\/\/ml-locations.be\/nl\/#organization\"},\"potentialAction\":[{\"@type\":\"SearchAction\",\"target\":{\"@type\":\"EntryPoint\",\"urlTemplate\":\"https:\/\/ml-locations.be\/nl\/?s={search_term_string}\"},\"query-input\":{\"@type\":\"PropertyValueSpecification\",\"valueRequired\":true,\"valueName\":\"search_term_string\"}}],\"inLanguage\":\"nl-NL\"},{\"@type\":\"Organization\",\"@id\":\"https:\/\/ml-locations.be\/nl\/#organization\",\"name\":\"ML Locations\",\"url\":\"https:\/\/ml-locations.be\/nl\/\",\"logo\":{\"@type\":\"ImageObject\",\"inLanguage\":\"nl-NL\",\"@id\":\"https:\/\/ml-locations.be\/nl\/#\/schema\/logo\/image\/\",\"url\":\"https:\/\/ml-locations.be\/wp-content\/uploads\/2018\/05\/LOGO-location-BON.png\",\"contentUrl\":\"https:\/\/ml-locations.be\/wp-content\/uploads\/2018\/05\/LOGO-location-BON.png\",\"width\":1200,\"height\":1200,\"caption\":\"ML Locations\"},\"image\":{\"@id\":\"https:\/\/ml-locations.be\/nl\/#\/schema\/logo\/image\/\"}}]}<\/script>\n<!-- \/ Yoast SEO plugin. -->","yoast_head_json":{"title":"Pictogrammes de s\u00e9curit\u00e9 | ML Locations","robots":{"index":"index","follow":"follow","max-snippet":"max-snippet:-1","max-image-preview":"max-image-preview:large","max-video-preview":"max-video-preview:-1"},"canonical":"https:\/\/ml-locations.be\/nl\/locations\/pictogrammes-de-securite\/","og_locale":"nl_NL","og_type":"article","og_title":"Pictogrammes de s\u00e9curit\u00e9 | ML Locations","og_description":"Lots de pictogrammes de s\u00e9curit\u00e9 indiquant les \u00ab\u00a0Sortie de secours\u00a0\u00bb et \u00ab\u00a0Extincteurs\u00a0\u00bb. N\u00e9cessaires pour assurer la s\u00e9curit\u00e9 de tous vos \u00e9v\u00e8nements : d\u00eener de mariage, anniversaire, conf\u00e9rence,\u2026","og_url":"https:\/\/ml-locations.be\/nl\/locations\/pictogrammes-de-securite\/","og_site_name":"ML Locations","article_modified_time":"2017-05-08T11:51:23+00:00","og_image":[{"width":1000,"height":1000,"url":"https:\/\/ml-locations.be\/wp-content\/uploads\/2017\/04\/Picto-secours.jpg","type":"image\/jpeg"}],"twitter_card":"summary_large_image","twitter_misc":{"Geschatte leestijd":"1 minuut"},"schema":{"@context":"https:\/\/schema.org","@graph":[{"@type":"WebPage","@id":"https:\/\/ml-locations.be\/nl\/locations\/pictogrammes-de-securite\/","url":"https:\/\/ml-locations.be\/nl\/locations\/pictogrammes-de-securite\/","name":"Pictogrammes de s\u00e9curit\u00e9 | ML Locations","isPartOf":{"@id":"https:\/\/ml-locations.be\/nl\/#website"},"primaryImageOfPage":{"@id":"https:\/\/ml-locations.be\/nl\/locations\/pictogrammes-de-securite\/#primaryimage"},"image":{"@id":"https:\/\/ml-locations.be\/nl\/locations\/pictogrammes-de-securite\/#primaryimage"},"thumbnailUrl":"https:\/\/ml-locations.be\/wp-content\/uploads\/2017\/04\/Picto-secours.jpg","datePublished":"2017-04-11T12:32:43+00:00","dateModified":"2017-05-08T11:51:23+00:00","breadcrumb":{"@id":"https:\/\/ml-locations.be\/nl\/locations\/pictogrammes-de-securite\/#breadcrumb"},"inLanguage":"nl-NL","potentialAction":[{"@type":"ReadAction","target":["https:\/\/ml-locations.be\/nl\/locations\/pictogrammes-de-securite\/"]}]},{"@type":"ImageObject","inLanguage":"nl-NL","@id":"https:\/\/ml-locations.be\/nl\/locations\/pictogrammes-de-securite\/#primaryimage","url":"https:\/\/ml-locations.be\/wp-content\/uploads\/2017\/04\/Picto-secours.jpg","contentUrl":"https:\/\/ml-locations.be\/wp-content\/uploads\/2017\/04\/Picto-secours.jpg","width":1000,"height":1000,"caption":"Pictogrammes sortie de secours en location"},{"@type":"BreadcrumbList","@id":"https:\/\/ml-locations.be\/nl\/locations\/pictogrammes-de-securite\/#breadcrumb","itemListElement":[{"@type":"ListItem","position":1,"name":"Accueil","item":"https:\/\/ml-locations.be\/nl\/"},{"@type":"ListItem","position":2,"name":"Winkel","item":"https:\/\/ml-locations.be\/nl\/winkel\/"},{"@type":"ListItem","position":3,"name":"Pictogrammes de s\u00e9curit\u00e9"}]},{"@type":"WebSite","@id":"https:\/\/ml-locations.be\/nl\/#website","url":"https:\/\/ml-locations.be\/nl\/","name":"ML Locations","description":"Mat\u00e9riel \u00e9v\u00e9nementiel : location chaise, table et mange debout, mat\u00e9riel horeca, frigos,...","publisher":{"@id":"https:\/\/ml-locations.be\/nl\/#organization"},"potentialAction":[{"@type":"SearchAction","target":{"@type":"EntryPoint","urlTemplate":"https:\/\/ml-locations.be\/nl\/?s={search_term_string}"},"query-input":{"@type":"PropertyValueSpecification","valueRequired":true,"valueName":"search_term_string"}}],"inLanguage":"nl-NL"},{"@type":"Organization","@id":"https:\/\/ml-locations.be\/nl\/#organization","name":"ML Locations","url":"https:\/\/ml-locations.be\/nl\/","logo":{"@type":"ImageObject","inLanguage":"nl-NL","@id":"https:\/\/ml-locations.be\/nl\/#\/schema\/logo\/image\/","url":"https:\/\/ml-locations.be\/wp-content\/uploads\/2018\/05\/LOGO-location-BON.png","contentUrl":"https:\/\/ml-locations.be\/wp-content\/uploads\/2018\/05\/LOGO-location-BON.png","width":1200,"height":1200,"caption":"ML Locations"},"image":{"@id":"https:\/\/ml-locations.be\/nl\/#\/schema\/logo\/image\/"}}]}},"_links":{"self":[{"href":"https:\/\/ml-locations.be\/nl\/wp-json\/wp\/v2\/product\/1591","targetHints":{"allow":["GET"]}}],"collection":[{"href":"https:\/\/ml-locations.be\/nl\/wp-json\/wp\/v2\/product"}],"about":[{"href":"https:\/\/ml-locations.be\/nl\/wp-json\/wp\/v2\/types\/product"}],"wp:featuredmedia":[{"embeddable":true,"href":"https:\/\/ml-locations.be\/nl\/wp-json\/wp\/v2\/media\/2556"}],"wp:attachment":[{"href":"https:\/\/ml-locations.be\/nl\/wp-json\/wp\/v2\/media?parent=1591"}],"wp:term":[{"taxonomy":"product_brand","embeddable":true,"href":"https:\/\/ml-locations.be\/nl\/wp-json\/wp\/v2\/product_brand?post=1591"},{"taxonomy":"product_cat","embeddable":true,"href":"https:\/\/ml-locations.be\/nl\/wp-json\/wp\/v2\/product_cat?post=1591"},{"taxonomy":"product_tag","embeddable":true,"href":"https:\/\/ml-locations.be\/nl\/wp-json\/wp\/v2\/product_tag?post=1591"}],"curies":[{"name":"wp","href":"https:\/\/api.w.org\/{rel}","templated":true}]}}