{"id":1592,"date":"2017-04-11T14:32:43","date_gmt":"2017-04-11T12:32:43","guid":{"rendered":"https:\/\/www.ml-locations.be\/\/locations\/auto-reveal\/"},"modified":"2017-10-19T16:26:24","modified_gmt":"2017-10-19T14:26:24","slug":"auto-reveal","status":"publish","type":"product","link":"https:\/\/ml-locations.be\/nl\/locations\/auto-reveal\/","title":{"rendered":"Auto reveal"},"content":{"rendered":"<p>L\u2019<strong>AutoReveal<\/strong> est une <strong>machine \u00e0 effet<\/strong> que les concessionnaires adorent. L\u2019<strong>AutoRevea<\/strong>l sert \u00e0 faire d\u00e9couvrir un v\u00e9hicule d\u2019une fa\u00e7on spectaculaire. L\u2019<strong>AutoReveal<\/strong> est compos\u00e9 d\u2019un drap, de la couleur de votre choix, recouvrant parfaitement le v\u00e9hicule. L&#8217;auroreveal permet de masquer le v\u00e9hicule \u00e0 la vue de vos convives. Ensuite, au moment propice, un moteur va enrouler le tissu et r\u00e9v\u00e9ler la voiture, moto, ou autre v\u00e9hicule . Nous louons \u00e9galement du <strong>mat\u00e9riel luminaire<\/strong> afin de cr\u00e9er une ambiance encore plus propice \u00e0 l\u2019\u00e9tonnement de vos invit\u00e9s lors de la r\u00e9v\u00e9lation de votre v\u00e9hicule.<\/p>\n","protected":false},"excerpt":{"rendered":"<p>L&#8217;<strong>AutoReveal<\/strong> est l\u2019appareil indispensable pour la sortie de nouveaux v\u00e9hicules. Cette <strong>machine \u00e0 effet<\/strong> est compos\u00e9e d\u2019un voile de la couleur de votre choix \u00e9pousant parfaitement la forme du <strong>v\u00e9hicule<\/strong> et d\u2019un moteur enroulant le drap pour r\u00e9v\u00e9ler le v\u00e9hicule.<\/p>\n<ul>\n<li>Dimensions du tissu : 5 m x 8m<\/li>\n<li>Hauteur de la machine : 100 x 50 x 30 cm<\/li>\n<\/ul>\n","protected":false},"featured_media":1865,"template":"","meta":{"_acf_changed":false},"product_brand":[],"product_cat":[17,125],"product_tag":[],"class_list":{"0":"post-1592","1":"product","2":"type-product","3":"status-publish","4":"has-post-thumbnail","6":"product_cat-materiel-sono-et-lumieres-en-location","7":"product_cat-machine-a-effets-location","8":"description-off","10":"first","11":"instock","12":"taxable","13":"shipping-taxable","14":"purchasable","15":"product-type-simple"},"acf":[],"yoast_head":"<!-- This site is optimized with the Yoast SEO plugin v25.0 - https:\/\/yoast.com\/wordpress\/plugins\/seo\/ -->\n<title>Auto reveal | ML Locations<\/title>\n<meta name=\"robots\" content=\"index, follow, max-snippet:-1, max-image-preview:large, max-video-preview:-1\" \/>\n<link rel=\"canonical\" href=\"https:\/\/ml-locations.be\/nl\/locations\/auto-reveal\/\" \/>\n<meta property=\"og:locale\" content=\"nl_NL\" \/>\n<meta property=\"og:type\" content=\"article\" \/>\n<meta property=\"og:title\" content=\"Auto reveal | ML Locations\" \/>\n<meta property=\"og:description\" content=\"L&#039;AutoReveal est l\u2019appareil indispensable pour la sortie de nouveaux v\u00e9hicules. Cette machine \u00e0 effet est compos\u00e9e d\u2019un voile de la couleur de votre choix \u00e9pousant parfaitement la forme du v\u00e9hicule et d\u2019un moteur enroulant le drap pour r\u00e9v\u00e9ler le v\u00e9hicule.   Dimensions du tissu : 5 m x 8m  Hauteur de la machine : 100 x 50 x 30 cm\" \/>\n<meta property=\"og:url\" content=\"https:\/\/ml-locations.be\/nl\/locations\/auto-reveal\/\" \/>\n<meta property=\"og:site_name\" content=\"ML Locations\" \/>\n<meta property=\"article:modified_time\" content=\"2017-10-19T14:26:24+00:00\" \/>\n<meta property=\"og:image\" content=\"https:\/\/ml-locations.be\/wp-content\/uploads\/2017\/04\/Auto-Reveal.jpg\" \/>\n\t<meta property=\"og:image:width\" content=\"610\" \/>\n\t<meta property=\"og:image:height\" content=\"300\" \/>\n\t<meta property=\"og:image:type\" content=\"image\/jpeg\" \/>\n<meta name=\"twitter:card\" content=\"summary_large_image\" \/>\n<meta name=\"twitter:label1\" content=\"Geschatte leestijd\" \/>\n\t<meta name=\"twitter:data1\" content=\"1 minuut\" \/>\n<script type=\"application\/ld+json\" class=\"yoast-schema-graph\">{\"@context\":\"https:\/\/schema.org\",\"@graph\":[{\"@type\":\"WebPage\",\"@id\":\"https:\/\/ml-locations.be\/nl\/locations\/auto-reveal\/\",\"url\":\"https:\/\/ml-locations.be\/nl\/locations\/auto-reveal\/\",\"name\":\"Auto reveal | ML Locations\",\"isPartOf\":{\"@id\":\"https:\/\/ml-locations.be\/nl\/#website\"},\"primaryImageOfPage\":{\"@id\":\"https:\/\/ml-locations.be\/nl\/locations\/auto-reveal\/#primaryimage\"},\"image\":{\"@id\":\"https:\/\/ml-locations.be\/nl\/locations\/auto-reveal\/#primaryimage\"},\"thumbnailUrl\":\"https:\/\/ml-locations.be\/wp-content\/uploads\/2017\/04\/Auto-Reveal.jpg\",\"datePublished\":\"2017-04-11T12:32:43+00:00\",\"dateModified\":\"2017-10-19T14:26:24+00:00\",\"breadcrumb\":{\"@id\":\"https:\/\/ml-locations.be\/nl\/locations\/auto-reveal\/#breadcrumb\"},\"inLanguage\":\"nl-NL\",\"potentialAction\":[{\"@type\":\"ReadAction\",\"target\":[\"https:\/\/ml-locations.be\/nl\/locations\/auto-reveal\/\"]}]},{\"@type\":\"ImageObject\",\"inLanguage\":\"nl-NL\",\"@id\":\"https:\/\/ml-locations.be\/nl\/locations\/auto-reveal\/#primaryimage\",\"url\":\"https:\/\/ml-locations.be\/wp-content\/uploads\/2017\/04\/Auto-Reveal.jpg\",\"contentUrl\":\"https:\/\/ml-locations.be\/wp-content\/uploads\/2017\/04\/Auto-Reveal.jpg\",\"width\":610,\"height\":300,\"caption\":\"Auto Reveal en location\"},{\"@type\":\"BreadcrumbList\",\"@id\":\"https:\/\/ml-locations.be\/nl\/locations\/auto-reveal\/#breadcrumb\",\"itemListElement\":[{\"@type\":\"ListItem\",\"position\":1,\"name\":\"Accueil\",\"item\":\"https:\/\/ml-locations.be\/nl\/\"},{\"@type\":\"ListItem\",\"position\":2,\"name\":\"Winkel\",\"item\":\"https:\/\/ml-locations.be\/nl\/winkel\/\"},{\"@type\":\"ListItem\",\"position\":3,\"name\":\"Auto reveal\"}]},{\"@type\":\"WebSite\",\"@id\":\"https:\/\/ml-locations.be\/nl\/#website\",\"url\":\"https:\/\/ml-locations.be\/nl\/\",\"name\":\"ML Locations\",\"description\":\"Mat\u00e9riel \u00e9v\u00e9nementiel : location chaise, table et mange debout, mat\u00e9riel horeca, frigos,...\",\"publisher\":{\"@id\":\"https:\/\/ml-locations.be\/nl\/#organization\"},\"potentialAction\":[{\"@type\":\"SearchAction\",\"target\":{\"@type\":\"EntryPoint\",\"urlTemplate\":\"https:\/\/ml-locations.be\/nl\/?s={search_term_string}\"},\"query-input\":{\"@type\":\"PropertyValueSpecification\",\"valueRequired\":true,\"valueName\":\"search_term_string\"}}],\"inLanguage\":\"nl-NL\"},{\"@type\":\"Organization\",\"@id\":\"https:\/\/ml-locations.be\/nl\/#organization\",\"name\":\"ML Locations\",\"url\":\"https:\/\/ml-locations.be\/nl\/\",\"logo\":{\"@type\":\"ImageObject\",\"inLanguage\":\"nl-NL\",\"@id\":\"https:\/\/ml-locations.be\/nl\/#\/schema\/logo\/image\/\",\"url\":\"https:\/\/ml-locations.be\/wp-content\/uploads\/2018\/05\/LOGO-location-BON.png\",\"contentUrl\":\"https:\/\/ml-locations.be\/wp-content\/uploads\/2018\/05\/LOGO-location-BON.png\",\"width\":1200,\"height\":1200,\"caption\":\"ML Locations\"},\"image\":{\"@id\":\"https:\/\/ml-locations.be\/nl\/#\/schema\/logo\/image\/\"}}]}<\/script>\n<!-- \/ Yoast SEO plugin. -->","yoast_head_json":{"title":"Auto reveal | ML Locations","robots":{"index":"index","follow":"follow","max-snippet":"max-snippet:-1","max-image-preview":"max-image-preview:large","max-video-preview":"max-video-preview:-1"},"canonical":"https:\/\/ml-locations.be\/nl\/locations\/auto-reveal\/","og_locale":"nl_NL","og_type":"article","og_title":"Auto reveal | ML Locations","og_description":"L'AutoReveal est l\u2019appareil indispensable pour la sortie de nouveaux v\u00e9hicules. Cette machine \u00e0 effet est compos\u00e9e d\u2019un voile de la couleur de votre choix \u00e9pousant parfaitement la forme du v\u00e9hicule et d\u2019un moteur enroulant le drap pour r\u00e9v\u00e9ler le v\u00e9hicule.   Dimensions du tissu : 5 m x 8m  Hauteur de la machine : 100 x 50 x 30 cm","og_url":"https:\/\/ml-locations.be\/nl\/locations\/auto-reveal\/","og_site_name":"ML Locations","article_modified_time":"2017-10-19T14:26:24+00:00","og_image":[{"width":610,"height":300,"url":"https:\/\/ml-locations.be\/wp-content\/uploads\/2017\/04\/Auto-Reveal.jpg","type":"image\/jpeg"}],"twitter_card":"summary_large_image","twitter_misc":{"Geschatte leestijd":"1 minuut"},"schema":{"@context":"https:\/\/schema.org","@graph":[{"@type":"WebPage","@id":"https:\/\/ml-locations.be\/nl\/locations\/auto-reveal\/","url":"https:\/\/ml-locations.be\/nl\/locations\/auto-reveal\/","name":"Auto reveal | ML Locations","isPartOf":{"@id":"https:\/\/ml-locations.be\/nl\/#website"},"primaryImageOfPage":{"@id":"https:\/\/ml-locations.be\/nl\/locations\/auto-reveal\/#primaryimage"},"image":{"@id":"https:\/\/ml-locations.be\/nl\/locations\/auto-reveal\/#primaryimage"},"thumbnailUrl":"https:\/\/ml-locations.be\/wp-content\/uploads\/2017\/04\/Auto-Reveal.jpg","datePublished":"2017-04-11T12:32:43+00:00","dateModified":"2017-10-19T14:26:24+00:00","breadcrumb":{"@id":"https:\/\/ml-locations.be\/nl\/locations\/auto-reveal\/#breadcrumb"},"inLanguage":"nl-NL","potentialAction":[{"@type":"ReadAction","target":["https:\/\/ml-locations.be\/nl\/locations\/auto-reveal\/"]}]},{"@type":"ImageObject","inLanguage":"nl-NL","@id":"https:\/\/ml-locations.be\/nl\/locations\/auto-reveal\/#primaryimage","url":"https:\/\/ml-locations.be\/wp-content\/uploads\/2017\/04\/Auto-Reveal.jpg","contentUrl":"https:\/\/ml-locations.be\/wp-content\/uploads\/2017\/04\/Auto-Reveal.jpg","width":610,"height":300,"caption":"Auto Reveal en location"},{"@type":"BreadcrumbList","@id":"https:\/\/ml-locations.be\/nl\/locations\/auto-reveal\/#breadcrumb","itemListElement":[{"@type":"ListItem","position":1,"name":"Accueil","item":"https:\/\/ml-locations.be\/nl\/"},{"@type":"ListItem","position":2,"name":"Winkel","item":"https:\/\/ml-locations.be\/nl\/winkel\/"},{"@type":"ListItem","position":3,"name":"Auto reveal"}]},{"@type":"WebSite","@id":"https:\/\/ml-locations.be\/nl\/#website","url":"https:\/\/ml-locations.be\/nl\/","name":"ML Locations","description":"Mat\u00e9riel \u00e9v\u00e9nementiel : location chaise, table et mange debout, mat\u00e9riel horeca, frigos,...","publisher":{"@id":"https:\/\/ml-locations.be\/nl\/#organization"},"potentialAction":[{"@type":"SearchAction","target":{"@type":"EntryPoint","urlTemplate":"https:\/\/ml-locations.be\/nl\/?s={search_term_string}"},"query-input":{"@type":"PropertyValueSpecification","valueRequired":true,"valueName":"search_term_string"}}],"inLanguage":"nl-NL"},{"@type":"Organization","@id":"https:\/\/ml-locations.be\/nl\/#organization","name":"ML Locations","url":"https:\/\/ml-locations.be\/nl\/","logo":{"@type":"ImageObject","inLanguage":"nl-NL","@id":"https:\/\/ml-locations.be\/nl\/#\/schema\/logo\/image\/","url":"https:\/\/ml-locations.be\/wp-content\/uploads\/2018\/05\/LOGO-location-BON.png","contentUrl":"https:\/\/ml-locations.be\/wp-content\/uploads\/2018\/05\/LOGO-location-BON.png","width":1200,"height":1200,"caption":"ML Locations"},"image":{"@id":"https:\/\/ml-locations.be\/nl\/#\/schema\/logo\/image\/"}}]}},"_links":{"self":[{"href":"https:\/\/ml-locations.be\/nl\/wp-json\/wp\/v2\/product\/1592","targetHints":{"allow":["GET"]}}],"collection":[{"href":"https:\/\/ml-locations.be\/nl\/wp-json\/wp\/v2\/product"}],"about":[{"href":"https:\/\/ml-locations.be\/nl\/wp-json\/wp\/v2\/types\/product"}],"wp:featuredmedia":[{"embeddable":true,"href":"https:\/\/ml-locations.be\/nl\/wp-json\/wp\/v2\/media\/1865"}],"wp:attachment":[{"href":"https:\/\/ml-locations.be\/nl\/wp-json\/wp\/v2\/media?parent=1592"}],"wp:term":[{"taxonomy":"product_brand","embeddable":true,"href":"https:\/\/ml-locations.be\/nl\/wp-json\/wp\/v2\/product_brand?post=1592"},{"taxonomy":"product_cat","embeddable":true,"href":"https:\/\/ml-locations.be\/nl\/wp-json\/wp\/v2\/product_cat?post=1592"},{"taxonomy":"product_tag","embeddable":true,"href":"https:\/\/ml-locations.be\/nl\/wp-json\/wp\/v2\/product_tag?post=1592"}],"curies":[{"name":"wp","href":"https:\/\/api.w.org\/{rel}","templated":true}]}}