{"id":1597,"date":"2017-04-11T14:32:47","date_gmt":"2017-04-11T12:32:47","guid":{"rendered":"https:\/\/www.ml-locations.be\/\/locations\/chateau-4x5m-couvert-avec-toboggan-pirat\/"},"modified":"2026-02-16T17:22:12","modified_gmt":"2026-02-16T16:22:12","slug":"location-chateau-gonflable-toboggan-pirate","status":"publish","type":"product","link":"https:\/\/ml-locations.be\/nl\/locations\/location-chateau-gonflable-toboggan-pirate\/","title":{"rendered":"Ch\u00e2teau gonflable &#8220;Oc\u00e9an&#8221;"},"content":{"rendered":"<p><strong>Ch\u00e2teau gonflable en location\u00a0<\/strong>Id\u00e9al pour l&#8217;anniversaire de votre enfant, communion, fancy-fair, ainsi que pour tous vos \u00e9<strong>v\u00e9nements.<\/strong> Ce\u00a0<strong>ch\u00e2teau go<\/strong><strong>nflable \u00e0 louer<\/strong> peut s&#8217;installer en int\u00e9rieur comme en ext\u00e9rieur. Ce <strong>ch\u00e2teau gonflable avec toboggan Oc\u00e9an <\/strong>permettra \u00e0 vos enfants de s&#8217;amuser en toute s\u00e9curit\u00e9. Ce <strong>ch\u00e2teau\u00a0gonflable \u00e0 louer<\/strong> peut accueillir plusieurs enfants en m\u00eame temps. Il\u00a0est fourni avec une soufflerie\/gonfleur, une allonge de 20 m\u00e8tres (se gonfle facilement en 5 minutes). Attention\u00a0: il faut pr\u00e9voir une arriv\u00e9e \u00e9lectrique.<\/p>\n<p>Livraison possible ou enl\u00e8vement du ch\u00e2teau gonflable \u00e0 notre d\u00e9p\u00f4t (\u00e0 Proximit\u00e9 de Namur).<\/p>\n<p>Nos prix totalement d\u00e9gonfl\u00e9s pour<strong> la location du ch\u00e2teau gonflable :\u00a0<\/strong><\/p>\n<ul>\n<li>Jour de semaine : 100\u20ac htva<\/li>\n<li>Jour f\u00e9ri\u00e9 : 140\u20ac htva<\/li>\n<li>Weekend complet : 160\u20ac htva<\/li>\n<\/ul>\n<p><strong>Dimension de ce ch\u00e2teau gonflable en location :<\/strong><\/p>\n<ul>\n<li>Largeur : 3.,7 m<\/li>\n<li>Longueur : 3 m<\/li>\n<li>Hauteur : 2,8 m<\/li>\n<li>Poids : 80 kg<\/li>\n<\/ul>\n<p>Pour la <strong><a href=\"https:\/\/ml-locations.be\/location\/jeux-divertissement-en-location\/\">location de jeux gonflables<\/a><\/strong> et la <a href=\"https:\/\/ml-locations.be\/location\/jeux-divertissement-en-location\/\"><strong>location de ch\u00e2teau gonflables<\/strong><\/a>, faites confiance \u00e0 ML Locations !<\/p>\n","protected":false},"excerpt":{"rendered":"<p><strong>Ch<\/strong><strong>\u00e2teau gonflable \u00e0 louer<\/strong>. Ce ch\u00e2teau gonflable est couvert en cas de pluie. Parfait pour Fancy-fair, anniversaire, f\u00eates, etc. Les enfants l&#8217;adorent !<\/p>\n<p><strong>Prix pour la location du ch\u00e2teau gonflable :\u00a0<\/strong><\/p>\n<ul>\n<li>Jour de semaine : 100\u20ac htva<\/li>\n<li>Jour f\u00e9ri\u00e9 : 140\u20ac htva<\/li>\n<li>Weekend complet : 160\u20ac htva<\/li>\n<\/ul>\n","protected":false},"featured_media":1073320,"template":"","meta":{"_acf_changed":false},"product_brand":[],"product_cat":[43,44],"product_tag":[207],"class_list":{"0":"post-1597","1":"product","2":"type-product","3":"status-publish","4":"has-post-thumbnail","6":"product_cat-jeux-divertissement-en-location","7":"product_cat-location-chateau-gonflable","8":"product_tag-location-chateau-gonflable-namur","9":"description-off","11":"first","12":"instock","13":"taxable","14":"shipping-taxable","15":"purchasable","16":"product-type-variable"},"acf":[],"yoast_head":"<!-- This site is optimized with the Yoast SEO plugin v25.0 - https:\/\/yoast.com\/wordpress\/plugins\/seo\/ -->\n<title>Location ch\u00e2teau gonflable Oc\u00e9an | ML Locations<\/title>\n<meta name=\"description\" content=\"Ch\u00e2teau gonflable \u00e0 louer avec d\u00e9cor Oc\u00e9an ! Livraison possible sur demande.\" \/>\n<meta name=\"robots\" content=\"index, follow, max-snippet:-1, max-image-preview:large, max-video-preview:-1\" \/>\n<link rel=\"canonical\" href=\"https:\/\/ml-locations.be\/nl\/locations\/location-chateau-gonflable-toboggan-pirate\/\" \/>\n<meta property=\"og:locale\" content=\"nl_NL\" \/>\n<meta property=\"og:type\" content=\"article\" \/>\n<meta property=\"og:title\" content=\"Location ch\u00e2teau gonflable Oc\u00e9an | ML Locations\" \/>\n<meta property=\"og:description\" content=\"Ch\u00e2teau gonflable \u00e0 louer avec d\u00e9cor Oc\u00e9an ! Livraison possible sur demande.\" \/>\n<meta property=\"og:url\" content=\"https:\/\/ml-locations.be\/nl\/locations\/location-chateau-gonflable-toboggan-pirate\/\" \/>\n<meta property=\"og:site_name\" content=\"ML Locations\" \/>\n<meta property=\"article:modified_time\" content=\"2026-02-16T16:22:12+00:00\" \/>\n<meta property=\"og:image\" content=\"https:\/\/ml-locations.be\/wp-content\/uploads\/2017\/04\/Gonfoce.jpg\" \/>\n\t<meta property=\"og:image:width\" content=\"664\" \/>\n\t<meta property=\"og:image:height\" content=\"621\" \/>\n\t<meta property=\"og:image:type\" content=\"image\/jpeg\" \/>\n<meta name=\"twitter:card\" content=\"summary_large_image\" \/>\n<meta name=\"twitter:label1\" content=\"Geschatte leestijd\" \/>\n\t<meta name=\"twitter:data1\" content=\"1 minuut\" \/>\n<script type=\"application\/ld+json\" class=\"yoast-schema-graph\">{\"@context\":\"https:\/\/schema.org\",\"@graph\":[{\"@type\":\"WebPage\",\"@id\":\"https:\/\/ml-locations.be\/nl\/locations\/location-chateau-gonflable-toboggan-pirate\/\",\"url\":\"https:\/\/ml-locations.be\/nl\/locations\/location-chateau-gonflable-toboggan-pirate\/\",\"name\":\"Location ch\u00e2teau gonflable Oc\u00e9an | ML Locations\",\"isPartOf\":{\"@id\":\"https:\/\/ml-locations.be\/nl\/#website\"},\"primaryImageOfPage\":{\"@id\":\"https:\/\/ml-locations.be\/nl\/locations\/location-chateau-gonflable-toboggan-pirate\/#primaryimage\"},\"image\":{\"@id\":\"https:\/\/ml-locations.be\/nl\/locations\/location-chateau-gonflable-toboggan-pirate\/#primaryimage\"},\"thumbnailUrl\":\"https:\/\/ml-locations.be\/wp-content\/uploads\/2017\/04\/Gonfoce.jpg\",\"datePublished\":\"2017-04-11T12:32:47+00:00\",\"dateModified\":\"2026-02-16T16:22:12+00:00\",\"description\":\"Ch\u00e2teau gonflable \u00e0 louer avec d\u00e9cor Oc\u00e9an ! Livraison possible sur demande.\",\"breadcrumb\":{\"@id\":\"https:\/\/ml-locations.be\/nl\/locations\/location-chateau-gonflable-toboggan-pirate\/#breadcrumb\"},\"inLanguage\":\"nl-NL\",\"potentialAction\":[{\"@type\":\"ReadAction\",\"target\":[\"https:\/\/ml-locations.be\/nl\/locations\/location-chateau-gonflable-toboggan-pirate\/\"]}]},{\"@type\":\"ImageObject\",\"inLanguage\":\"nl-NL\",\"@id\":\"https:\/\/ml-locations.be\/nl\/locations\/location-chateau-gonflable-toboggan-pirate\/#primaryimage\",\"url\":\"https:\/\/ml-locations.be\/wp-content\/uploads\/2017\/04\/Gonfoce.jpg\",\"contentUrl\":\"https:\/\/ml-locations.be\/wp-content\/uploads\/2017\/04\/Gonfoce.jpg\",\"width\":664,\"height\":621},{\"@type\":\"BreadcrumbList\",\"@id\":\"https:\/\/ml-locations.be\/nl\/locations\/location-chateau-gonflable-toboggan-pirate\/#breadcrumb\",\"itemListElement\":[{\"@type\":\"ListItem\",\"position\":1,\"name\":\"Accueil\",\"item\":\"https:\/\/ml-locations.be\/nl\/\"},{\"@type\":\"ListItem\",\"position\":2,\"name\":\"Winkel\",\"item\":\"https:\/\/ml-locations.be\/nl\/winkel\/\"},{\"@type\":\"ListItem\",\"position\":3,\"name\":\"Ch\u00e2teau gonflable &#8220;Oc\u00e9an&#8221;\"}]},{\"@type\":\"WebSite\",\"@id\":\"https:\/\/ml-locations.be\/nl\/#website\",\"url\":\"https:\/\/ml-locations.be\/nl\/\",\"name\":\"ML Locations\",\"description\":\"Mat\u00e9riel \u00e9v\u00e9nementiel : location chaise, table et mange debout, mat\u00e9riel horeca, frigos,...\",\"publisher\":{\"@id\":\"https:\/\/ml-locations.be\/nl\/#organization\"},\"potentialAction\":[{\"@type\":\"SearchAction\",\"target\":{\"@type\":\"EntryPoint\",\"urlTemplate\":\"https:\/\/ml-locations.be\/nl\/?s={search_term_string}\"},\"query-input\":{\"@type\":\"PropertyValueSpecification\",\"valueRequired\":true,\"valueName\":\"search_term_string\"}}],\"inLanguage\":\"nl-NL\"},{\"@type\":\"Organization\",\"@id\":\"https:\/\/ml-locations.be\/nl\/#organization\",\"name\":\"ML Locations\",\"url\":\"https:\/\/ml-locations.be\/nl\/\",\"logo\":{\"@type\":\"ImageObject\",\"inLanguage\":\"nl-NL\",\"@id\":\"https:\/\/ml-locations.be\/nl\/#\/schema\/logo\/image\/\",\"url\":\"https:\/\/ml-locations.be\/wp-content\/uploads\/2018\/05\/LOGO-location-BON.png\",\"contentUrl\":\"https:\/\/ml-locations.be\/wp-content\/uploads\/2018\/05\/LOGO-location-BON.png\",\"width\":1200,\"height\":1200,\"caption\":\"ML Locations\"},\"image\":{\"@id\":\"https:\/\/ml-locations.be\/nl\/#\/schema\/logo\/image\/\"}}]}<\/script>\n<!-- \/ Yoast SEO plugin. -->","yoast_head_json":{"title":"Location ch\u00e2teau gonflable Oc\u00e9an | ML Locations","description":"Ch\u00e2teau gonflable \u00e0 louer avec d\u00e9cor Oc\u00e9an ! Livraison possible sur demande.","robots":{"index":"index","follow":"follow","max-snippet":"max-snippet:-1","max-image-preview":"max-image-preview:large","max-video-preview":"max-video-preview:-1"},"canonical":"https:\/\/ml-locations.be\/nl\/locations\/location-chateau-gonflable-toboggan-pirate\/","og_locale":"nl_NL","og_type":"article","og_title":"Location ch\u00e2teau gonflable Oc\u00e9an | ML Locations","og_description":"Ch\u00e2teau gonflable \u00e0 louer avec d\u00e9cor Oc\u00e9an ! Livraison possible sur demande.","og_url":"https:\/\/ml-locations.be\/nl\/locations\/location-chateau-gonflable-toboggan-pirate\/","og_site_name":"ML Locations","article_modified_time":"2026-02-16T16:22:12+00:00","og_image":[{"width":664,"height":621,"url":"https:\/\/ml-locations.be\/wp-content\/uploads\/2017\/04\/Gonfoce.jpg","type":"image\/jpeg"}],"twitter_card":"summary_large_image","twitter_misc":{"Geschatte leestijd":"1 minuut"},"schema":{"@context":"https:\/\/schema.org","@graph":[{"@type":"WebPage","@id":"https:\/\/ml-locations.be\/nl\/locations\/location-chateau-gonflable-toboggan-pirate\/","url":"https:\/\/ml-locations.be\/nl\/locations\/location-chateau-gonflable-toboggan-pirate\/","name":"Location ch\u00e2teau gonflable Oc\u00e9an | ML Locations","isPartOf":{"@id":"https:\/\/ml-locations.be\/nl\/#website"},"primaryImageOfPage":{"@id":"https:\/\/ml-locations.be\/nl\/locations\/location-chateau-gonflable-toboggan-pirate\/#primaryimage"},"image":{"@id":"https:\/\/ml-locations.be\/nl\/locations\/location-chateau-gonflable-toboggan-pirate\/#primaryimage"},"thumbnailUrl":"https:\/\/ml-locations.be\/wp-content\/uploads\/2017\/04\/Gonfoce.jpg","datePublished":"2017-04-11T12:32:47+00:00","dateModified":"2026-02-16T16:22:12+00:00","description":"Ch\u00e2teau gonflable \u00e0 louer avec d\u00e9cor Oc\u00e9an ! Livraison possible sur demande.","breadcrumb":{"@id":"https:\/\/ml-locations.be\/nl\/locations\/location-chateau-gonflable-toboggan-pirate\/#breadcrumb"},"inLanguage":"nl-NL","potentialAction":[{"@type":"ReadAction","target":["https:\/\/ml-locations.be\/nl\/locations\/location-chateau-gonflable-toboggan-pirate\/"]}]},{"@type":"ImageObject","inLanguage":"nl-NL","@id":"https:\/\/ml-locations.be\/nl\/locations\/location-chateau-gonflable-toboggan-pirate\/#primaryimage","url":"https:\/\/ml-locations.be\/wp-content\/uploads\/2017\/04\/Gonfoce.jpg","contentUrl":"https:\/\/ml-locations.be\/wp-content\/uploads\/2017\/04\/Gonfoce.jpg","width":664,"height":621},{"@type":"BreadcrumbList","@id":"https:\/\/ml-locations.be\/nl\/locations\/location-chateau-gonflable-toboggan-pirate\/#breadcrumb","itemListElement":[{"@type":"ListItem","position":1,"name":"Accueil","item":"https:\/\/ml-locations.be\/nl\/"},{"@type":"ListItem","position":2,"name":"Winkel","item":"https:\/\/ml-locations.be\/nl\/winkel\/"},{"@type":"ListItem","position":3,"name":"Ch\u00e2teau gonflable &#8220;Oc\u00e9an&#8221;"}]},{"@type":"WebSite","@id":"https:\/\/ml-locations.be\/nl\/#website","url":"https:\/\/ml-locations.be\/nl\/","name":"ML Locations","description":"Mat\u00e9riel \u00e9v\u00e9nementiel : location chaise, table et mange debout, mat\u00e9riel horeca, frigos,...","publisher":{"@id":"https:\/\/ml-locations.be\/nl\/#organization"},"potentialAction":[{"@type":"SearchAction","target":{"@type":"EntryPoint","urlTemplate":"https:\/\/ml-locations.be\/nl\/?s={search_term_string}"},"query-input":{"@type":"PropertyValueSpecification","valueRequired":true,"valueName":"search_term_string"}}],"inLanguage":"nl-NL"},{"@type":"Organization","@id":"https:\/\/ml-locations.be\/nl\/#organization","name":"ML Locations","url":"https:\/\/ml-locations.be\/nl\/","logo":{"@type":"ImageObject","inLanguage":"nl-NL","@id":"https:\/\/ml-locations.be\/nl\/#\/schema\/logo\/image\/","url":"https:\/\/ml-locations.be\/wp-content\/uploads\/2018\/05\/LOGO-location-BON.png","contentUrl":"https:\/\/ml-locations.be\/wp-content\/uploads\/2018\/05\/LOGO-location-BON.png","width":1200,"height":1200,"caption":"ML Locations"},"image":{"@id":"https:\/\/ml-locations.be\/nl\/#\/schema\/logo\/image\/"}}]}},"_links":{"self":[{"href":"https:\/\/ml-locations.be\/nl\/wp-json\/wp\/v2\/product\/1597","targetHints":{"allow":["GET"]}}],"collection":[{"href":"https:\/\/ml-locations.be\/nl\/wp-json\/wp\/v2\/product"}],"about":[{"href":"https:\/\/ml-locations.be\/nl\/wp-json\/wp\/v2\/types\/product"}],"wp:featuredmedia":[{"embeddable":true,"href":"https:\/\/ml-locations.be\/nl\/wp-json\/wp\/v2\/media\/1073320"}],"wp:attachment":[{"href":"https:\/\/ml-locations.be\/nl\/wp-json\/wp\/v2\/media?parent=1597"}],"wp:term":[{"taxonomy":"product_brand","embeddable":true,"href":"https:\/\/ml-locations.be\/nl\/wp-json\/wp\/v2\/product_brand?post=1597"},{"taxonomy":"product_cat","embeddable":true,"href":"https:\/\/ml-locations.be\/nl\/wp-json\/wp\/v2\/product_cat?post=1597"},{"taxonomy":"product_tag","embeddable":true,"href":"https:\/\/ml-locations.be\/nl\/wp-json\/wp\/v2\/product_tag?post=1597"}],"curies":[{"name":"wp","href":"https:\/\/api.w.org\/{rel}","templated":true}]}}