{"id":1607,"date":"2017-04-11T14:32:47","date_gmt":"2017-04-11T12:32:47","guid":{"rendered":"https:\/\/www.ml-locations.be\/\/locations\/rock-and-roll\/"},"modified":"2026-02-16T17:30:37","modified_gmt":"2026-02-16T16:30:37","slug":"rock-and-roll","status":"publish","type":"product","link":"https:\/\/ml-locations.be\/nl\/locations\/rock-and-roll\/","title":{"rendered":"Jeu gonflable Rock and Roll &#8211; gants de boxe et cotons tiges g\u00e9ants"},"content":{"rendered":"<p><strong>Jeu gonflable<\/strong> avec <strong>gants de boxe et cotons tiges g\u00e9ants<\/strong> ! Avec une base d\u2019un diam\u00e8tre de 8,60 m. Prenez place au centre sur un \u00ab champignon \u00bb sur\u00e9lev\u00e9 et rivalisez d\u2019\u00e9quilibre. Faites tomber votre adversaire \u00e0 l\u2019aide de <strong>gants<\/strong> <strong>de boxe surdimensionn\u00e9s<\/strong>, de cotons tiges g\u00e9ants ou tout simplement avec l\u2019aide de votre propre corps !\u00a0Ce<strong> jeu gonflable <\/strong>est renversant dans tous les sens du terme et amusera petits et grands lors de vos \u00e9v\u00e9nements.<\/p>\n<p>Dimensions et caract\u00e9ristiques du <strong>jeu gonflable<\/strong>\u00a0:<\/p>\n<ul>\n<li>Diam\u00e8tre\u00a0: 8,60 m,<\/li>\n<li>Hauteur\u00a0: 90 cm,<\/li>\n<li>Poids\u00a0: 130 kg,<\/li>\n<li>Capacit\u00e9\u00a0: 2 personnes,<\/li>\n<li>Temps d\u2019installation\u00a0: 15 min.<\/li>\n<\/ul>\n","protected":false},"excerpt":{"rendered":"<p>Jouer \u00e0 vous combattre avec ces <strong>gants de boxe et cotons tiges g\u00e9ants<\/strong>. Le jeu gonflable Rock and roll sera parfait pour animer vos <strong>festivit\u00e9s<\/strong> pour petits et grands.<\/p>\n","protected":false},"featured_media":2029,"template":"","meta":{"_acf_changed":false},"product_brand":[],"product_cat":[43,45],"product_tag":[],"class_list":{"0":"post-1607","1":"product","2":"type-product","3":"status-publish","4":"has-post-thumbnail","6":"product_cat-jeux-divertissement-en-location","7":"product_cat-structures-gonflables-et-jeux-gonflables-a-louer","8":"description-off","10":"first","11":"instock","12":"taxable","13":"shipping-taxable","14":"purchasable","15":"product-type-variable"},"acf":[],"yoast_head":"<!-- This site is optimized with the Yoast SEO plugin v25.0 - https:\/\/yoast.com\/wordpress\/plugins\/seo\/ -->\n<title>Jeu gonflable Rock and Roll - gants de boxe et cotons tiges g\u00e9ants | ML Locations<\/title>\n<meta name=\"robots\" content=\"index, follow, max-snippet:-1, max-image-preview:large, max-video-preview:-1\" \/>\n<link rel=\"canonical\" href=\"https:\/\/ml-locations.be\/nl\/locations\/rock-and-roll\/\" \/>\n<meta property=\"og:locale\" content=\"nl_NL\" \/>\n<meta property=\"og:type\" content=\"article\" \/>\n<meta property=\"og:title\" content=\"Jeu gonflable Rock and Roll - gants de boxe et cotons tiges g\u00e9ants | ML Locations\" \/>\n<meta property=\"og:description\" content=\"Jouer \u00e0 vous combattre avec ces gants de boxe et cotons tiges g\u00e9ants. Le jeu gonflable Rock and roll sera parfait pour animer vos festivit\u00e9s pour petits et grands.\" \/>\n<meta property=\"og:url\" content=\"https:\/\/ml-locations.be\/nl\/locations\/rock-and-roll\/\" \/>\n<meta property=\"og:site_name\" content=\"ML Locations\" \/>\n<meta property=\"article:modified_time\" content=\"2026-02-16T16:30:37+00:00\" \/>\n<meta property=\"og:image\" content=\"https:\/\/ml-locations.be\/wp-content\/uploads\/2017\/04\/Ref-1785-Rockn-Roll.jpg\" \/>\n\t<meta property=\"og:image:width\" content=\"960\" \/>\n\t<meta property=\"og:image:height\" content=\"960\" \/>\n\t<meta property=\"og:image:type\" content=\"image\/jpeg\" \/>\n<meta name=\"twitter:card\" content=\"summary_large_image\" \/>\n<meta name=\"twitter:label1\" content=\"Geschatte leestijd\" \/>\n\t<meta name=\"twitter:data1\" content=\"1 minuut\" \/>\n<script type=\"application\/ld+json\" class=\"yoast-schema-graph\">{\"@context\":\"https:\/\/schema.org\",\"@graph\":[{\"@type\":\"WebPage\",\"@id\":\"https:\/\/ml-locations.be\/nl\/locations\/rock-and-roll\/\",\"url\":\"https:\/\/ml-locations.be\/nl\/locations\/rock-and-roll\/\",\"name\":\"Jeu gonflable Rock and Roll - gants de boxe et cotons tiges g\u00e9ants | ML Locations\",\"isPartOf\":{\"@id\":\"https:\/\/ml-locations.be\/nl\/#website\"},\"primaryImageOfPage\":{\"@id\":\"https:\/\/ml-locations.be\/nl\/locations\/rock-and-roll\/#primaryimage\"},\"image\":{\"@id\":\"https:\/\/ml-locations.be\/nl\/locations\/rock-and-roll\/#primaryimage\"},\"thumbnailUrl\":\"https:\/\/ml-locations.be\/wp-content\/uploads\/2017\/04\/Ref-1785-Rockn-Roll.jpg\",\"datePublished\":\"2017-04-11T12:32:47+00:00\",\"dateModified\":\"2026-02-16T16:30:37+00:00\",\"breadcrumb\":{\"@id\":\"https:\/\/ml-locations.be\/nl\/locations\/rock-and-roll\/#breadcrumb\"},\"inLanguage\":\"nl-NL\",\"potentialAction\":[{\"@type\":\"ReadAction\",\"target\":[\"https:\/\/ml-locations.be\/nl\/locations\/rock-and-roll\/\"]}]},{\"@type\":\"ImageObject\",\"inLanguage\":\"nl-NL\",\"@id\":\"https:\/\/ml-locations.be\/nl\/locations\/rock-and-roll\/#primaryimage\",\"url\":\"https:\/\/ml-locations.be\/wp-content\/uploads\/2017\/04\/Ref-1785-Rockn-Roll.jpg\",\"contentUrl\":\"https:\/\/ml-locations.be\/wp-content\/uploads\/2017\/04\/Ref-1785-Rockn-Roll.jpg\",\"width\":960,\"height\":960,\"caption\":\"location de jeu gonflable - Rock'n Roll\"},{\"@type\":\"BreadcrumbList\",\"@id\":\"https:\/\/ml-locations.be\/nl\/locations\/rock-and-roll\/#breadcrumb\",\"itemListElement\":[{\"@type\":\"ListItem\",\"position\":1,\"name\":\"Accueil\",\"item\":\"https:\/\/ml-locations.be\/nl\/\"},{\"@type\":\"ListItem\",\"position\":2,\"name\":\"Winkel\",\"item\":\"https:\/\/ml-locations.be\/nl\/winkel\/\"},{\"@type\":\"ListItem\",\"position\":3,\"name\":\"Jeu gonflable Rock and Roll &#8211; gants de boxe et cotons tiges g\u00e9ants\"}]},{\"@type\":\"WebSite\",\"@id\":\"https:\/\/ml-locations.be\/nl\/#website\",\"url\":\"https:\/\/ml-locations.be\/nl\/\",\"name\":\"ML Locations\",\"description\":\"Mat\u00e9riel \u00e9v\u00e9nementiel : location chaise, table et mange debout, mat\u00e9riel horeca, frigos,...\",\"publisher\":{\"@id\":\"https:\/\/ml-locations.be\/nl\/#organization\"},\"potentialAction\":[{\"@type\":\"SearchAction\",\"target\":{\"@type\":\"EntryPoint\",\"urlTemplate\":\"https:\/\/ml-locations.be\/nl\/?s={search_term_string}\"},\"query-input\":{\"@type\":\"PropertyValueSpecification\",\"valueRequired\":true,\"valueName\":\"search_term_string\"}}],\"inLanguage\":\"nl-NL\"},{\"@type\":\"Organization\",\"@id\":\"https:\/\/ml-locations.be\/nl\/#organization\",\"name\":\"ML Locations\",\"url\":\"https:\/\/ml-locations.be\/nl\/\",\"logo\":{\"@type\":\"ImageObject\",\"inLanguage\":\"nl-NL\",\"@id\":\"https:\/\/ml-locations.be\/nl\/#\/schema\/logo\/image\/\",\"url\":\"https:\/\/ml-locations.be\/wp-content\/uploads\/2018\/05\/LOGO-location-BON.png\",\"contentUrl\":\"https:\/\/ml-locations.be\/wp-content\/uploads\/2018\/05\/LOGO-location-BON.png\",\"width\":1200,\"height\":1200,\"caption\":\"ML Locations\"},\"image\":{\"@id\":\"https:\/\/ml-locations.be\/nl\/#\/schema\/logo\/image\/\"}}]}<\/script>\n<!-- \/ Yoast SEO plugin. -->","yoast_head_json":{"title":"Jeu gonflable Rock and Roll - gants de boxe et cotons tiges g\u00e9ants | ML Locations","robots":{"index":"index","follow":"follow","max-snippet":"max-snippet:-1","max-image-preview":"max-image-preview:large","max-video-preview":"max-video-preview:-1"},"canonical":"https:\/\/ml-locations.be\/nl\/locations\/rock-and-roll\/","og_locale":"nl_NL","og_type":"article","og_title":"Jeu gonflable Rock and Roll - gants de boxe et cotons tiges g\u00e9ants | ML Locations","og_description":"Jouer \u00e0 vous combattre avec ces gants de boxe et cotons tiges g\u00e9ants. Le jeu gonflable Rock and roll sera parfait pour animer vos festivit\u00e9s pour petits et grands.","og_url":"https:\/\/ml-locations.be\/nl\/locations\/rock-and-roll\/","og_site_name":"ML Locations","article_modified_time":"2026-02-16T16:30:37+00:00","og_image":[{"width":960,"height":960,"url":"https:\/\/ml-locations.be\/wp-content\/uploads\/2017\/04\/Ref-1785-Rockn-Roll.jpg","type":"image\/jpeg"}],"twitter_card":"summary_large_image","twitter_misc":{"Geschatte leestijd":"1 minuut"},"schema":{"@context":"https:\/\/schema.org","@graph":[{"@type":"WebPage","@id":"https:\/\/ml-locations.be\/nl\/locations\/rock-and-roll\/","url":"https:\/\/ml-locations.be\/nl\/locations\/rock-and-roll\/","name":"Jeu gonflable Rock and Roll - gants de boxe et cotons tiges g\u00e9ants | ML Locations","isPartOf":{"@id":"https:\/\/ml-locations.be\/nl\/#website"},"primaryImageOfPage":{"@id":"https:\/\/ml-locations.be\/nl\/locations\/rock-and-roll\/#primaryimage"},"image":{"@id":"https:\/\/ml-locations.be\/nl\/locations\/rock-and-roll\/#primaryimage"},"thumbnailUrl":"https:\/\/ml-locations.be\/wp-content\/uploads\/2017\/04\/Ref-1785-Rockn-Roll.jpg","datePublished":"2017-04-11T12:32:47+00:00","dateModified":"2026-02-16T16:30:37+00:00","breadcrumb":{"@id":"https:\/\/ml-locations.be\/nl\/locations\/rock-and-roll\/#breadcrumb"},"inLanguage":"nl-NL","potentialAction":[{"@type":"ReadAction","target":["https:\/\/ml-locations.be\/nl\/locations\/rock-and-roll\/"]}]},{"@type":"ImageObject","inLanguage":"nl-NL","@id":"https:\/\/ml-locations.be\/nl\/locations\/rock-and-roll\/#primaryimage","url":"https:\/\/ml-locations.be\/wp-content\/uploads\/2017\/04\/Ref-1785-Rockn-Roll.jpg","contentUrl":"https:\/\/ml-locations.be\/wp-content\/uploads\/2017\/04\/Ref-1785-Rockn-Roll.jpg","width":960,"height":960,"caption":"location de jeu gonflable - Rock'n Roll"},{"@type":"BreadcrumbList","@id":"https:\/\/ml-locations.be\/nl\/locations\/rock-and-roll\/#breadcrumb","itemListElement":[{"@type":"ListItem","position":1,"name":"Accueil","item":"https:\/\/ml-locations.be\/nl\/"},{"@type":"ListItem","position":2,"name":"Winkel","item":"https:\/\/ml-locations.be\/nl\/winkel\/"},{"@type":"ListItem","position":3,"name":"Jeu gonflable Rock and Roll &#8211; gants de boxe et cotons tiges g\u00e9ants"}]},{"@type":"WebSite","@id":"https:\/\/ml-locations.be\/nl\/#website","url":"https:\/\/ml-locations.be\/nl\/","name":"ML Locations","description":"Mat\u00e9riel \u00e9v\u00e9nementiel : location chaise, table et mange debout, mat\u00e9riel horeca, frigos,...","publisher":{"@id":"https:\/\/ml-locations.be\/nl\/#organization"},"potentialAction":[{"@type":"SearchAction","target":{"@type":"EntryPoint","urlTemplate":"https:\/\/ml-locations.be\/nl\/?s={search_term_string}"},"query-input":{"@type":"PropertyValueSpecification","valueRequired":true,"valueName":"search_term_string"}}],"inLanguage":"nl-NL"},{"@type":"Organization","@id":"https:\/\/ml-locations.be\/nl\/#organization","name":"ML Locations","url":"https:\/\/ml-locations.be\/nl\/","logo":{"@type":"ImageObject","inLanguage":"nl-NL","@id":"https:\/\/ml-locations.be\/nl\/#\/schema\/logo\/image\/","url":"https:\/\/ml-locations.be\/wp-content\/uploads\/2018\/05\/LOGO-location-BON.png","contentUrl":"https:\/\/ml-locations.be\/wp-content\/uploads\/2018\/05\/LOGO-location-BON.png","width":1200,"height":1200,"caption":"ML Locations"},"image":{"@id":"https:\/\/ml-locations.be\/nl\/#\/schema\/logo\/image\/"}}]}},"_links":{"self":[{"href":"https:\/\/ml-locations.be\/nl\/wp-json\/wp\/v2\/product\/1607","targetHints":{"allow":["GET"]}}],"collection":[{"href":"https:\/\/ml-locations.be\/nl\/wp-json\/wp\/v2\/product"}],"about":[{"href":"https:\/\/ml-locations.be\/nl\/wp-json\/wp\/v2\/types\/product"}],"wp:featuredmedia":[{"embeddable":true,"href":"https:\/\/ml-locations.be\/nl\/wp-json\/wp\/v2\/media\/2029"}],"wp:attachment":[{"href":"https:\/\/ml-locations.be\/nl\/wp-json\/wp\/v2\/media?parent=1607"}],"wp:term":[{"taxonomy":"product_brand","embeddable":true,"href":"https:\/\/ml-locations.be\/nl\/wp-json\/wp\/v2\/product_brand?post=1607"},{"taxonomy":"product_cat","embeddable":true,"href":"https:\/\/ml-locations.be\/nl\/wp-json\/wp\/v2\/product_cat?post=1607"},{"taxonomy":"product_tag","embeddable":true,"href":"https:\/\/ml-locations.be\/nl\/wp-json\/wp\/v2\/product_tag?post=1607"}],"curies":[{"name":"wp","href":"https:\/\/api.w.org\/{rel}","templated":true}]}}