{"id":1608,"date":"2017-04-11T14:32:47","date_gmt":"2017-04-11T12:32:47","guid":{"rendered":"https:\/\/www.ml-locations.be\/\/locations\/extreme-demolition\/"},"modified":"2026-02-16T17:28:46","modified_gmt":"2026-02-16T16:28:46","slug":"extreme-demolition","status":"publish","type":"product","link":"https:\/\/ml-locations.be\/nl\/locations\/extreme-demolition\/","title":{"rendered":"Extr\u00e8me d\u00e9molition"},"content":{"rendered":"<p><strong>Extreme d\u00e9molition<\/strong> est un <strong>jeu gonflable g\u00e9ant<\/strong>. Quatre joueurs se tiennent sur une structure en mousse plus ou moins \u00e9troite et essayent de faire tomber leurs adversaires \u00e0 l\u2019aide d\u2019une \u00e9norme boule de d\u00e9molition accroch\u00e9e au centre de la structure gonflable.<\/p>\n<p>Cette animation est l\u2019animation parfaite pour \u00e9blouir la journ\u00e9e des jeunes et moins jeunes durant vos \u00e9v\u00e8nements quels qu\u2019ils soient : mariage, anniversaire, f\u00eate de famille,\u2026<\/p>\n<p>Dimensions et caract\u00e9ristiques du <strong>jeu gonflable Extreme d\u00e9molition<\/strong>\u00a0:<\/p>\n<ul>\n<li>Longueur\u00a0: 8,75 m<\/li>\n<li>Largeur\u00a0: 8,75 m<\/li>\n<li>Hauteur\u00a0: 5,75 m<\/li>\n<li>Capacit\u00e9\u00a0: 4 personnes<\/li>\n<li>Temps d\u2019installation\u00a0: 15 minutes<\/li>\n<li>Poids\u00a0: 200 Kg<\/li>\n<\/ul>\n","protected":false},"excerpt":{"rendered":"<p><strong>Extreme d\u00e9molition<\/strong> est une <strong>structure gonflable<\/strong> parfaite pour l\u2019animation de vos<strong> \u00e9v\u00e8nements ext\u00e9rieurs<\/strong> tels qu\u2019un <strong>mariage<\/strong>, un anniversaire, une f\u00eate de famille, une <strong>communion<\/strong>, une f\u00eate d\u2019\u00e9cole\u2026<\/p>\n<p>Les jeunes et les moins jeunes seront ravis par ce jeu !<\/p>\n","protected":false},"featured_media":2032,"template":"","meta":{"_acf_changed":false},"product_brand":[],"product_cat":[43,45],"product_tag":[],"class_list":{"0":"post-1608","1":"product","2":"type-product","3":"status-publish","4":"has-post-thumbnail","6":"product_cat-jeux-divertissement-en-location","7":"product_cat-structures-gonflables-et-jeux-gonflables-a-louer","8":"description-off","10":"first","11":"instock","12":"taxable","13":"shipping-taxable","14":"purchasable","15":"product-type-variable"},"acf":[],"yoast_head":"<!-- This site is optimized with the Yoast SEO plugin v25.0 - https:\/\/yoast.com\/wordpress\/plugins\/seo\/ -->\n<title>Extr\u00e8me d\u00e9molition | ML Locations<\/title>\n<meta name=\"robots\" content=\"index, follow, max-snippet:-1, max-image-preview:large, max-video-preview:-1\" \/>\n<link rel=\"canonical\" href=\"https:\/\/ml-locations.be\/nl\/locations\/extreme-demolition\/\" \/>\n<meta property=\"og:locale\" content=\"nl_NL\" \/>\n<meta property=\"og:type\" content=\"article\" \/>\n<meta property=\"og:title\" content=\"Extr\u00e8me d\u00e9molition | ML Locations\" \/>\n<meta property=\"og:description\" content=\"Extreme d\u00e9molition est une structure gonflable parfaite pour l\u2019animation de vos \u00e9v\u00e8nements ext\u00e9rieurs tels qu\u2019un mariage, un anniversaire, une f\u00eate de famille, une communion, une f\u00eate d\u2019\u00e9cole\u2026  Les jeunes et les moins jeunes seront ravis par ce jeu !\" \/>\n<meta property=\"og:url\" content=\"https:\/\/ml-locations.be\/nl\/locations\/extreme-demolition\/\" \/>\n<meta property=\"og:site_name\" content=\"ML Locations\" \/>\n<meta property=\"article:modified_time\" content=\"2026-02-16T16:28:46+00:00\" \/>\n<meta property=\"og:image\" content=\"https:\/\/ml-locations.be\/wp-content\/uploads\/2017\/04\/Extreme-demolition.jpg\" \/>\n\t<meta property=\"og:image:width\" content=\"1000\" \/>\n\t<meta property=\"og:image:height\" content=\"1000\" \/>\n\t<meta property=\"og:image:type\" content=\"image\/jpeg\" \/>\n<meta name=\"twitter:card\" content=\"summary_large_image\" \/>\n<meta name=\"twitter:label1\" content=\"Geschatte leestijd\" \/>\n\t<meta name=\"twitter:data1\" content=\"1 minuut\" \/>\n<script type=\"application\/ld+json\" class=\"yoast-schema-graph\">{\"@context\":\"https:\/\/schema.org\",\"@graph\":[{\"@type\":\"WebPage\",\"@id\":\"https:\/\/ml-locations.be\/nl\/locations\/extreme-demolition\/\",\"url\":\"https:\/\/ml-locations.be\/nl\/locations\/extreme-demolition\/\",\"name\":\"Extr\u00e8me d\u00e9molition | ML Locations\",\"isPartOf\":{\"@id\":\"https:\/\/ml-locations.be\/nl\/#website\"},\"primaryImageOfPage\":{\"@id\":\"https:\/\/ml-locations.be\/nl\/locations\/extreme-demolition\/#primaryimage\"},\"image\":{\"@id\":\"https:\/\/ml-locations.be\/nl\/locations\/extreme-demolition\/#primaryimage\"},\"thumbnailUrl\":\"https:\/\/ml-locations.be\/wp-content\/uploads\/2017\/04\/Extreme-demolition.jpg\",\"datePublished\":\"2017-04-11T12:32:47+00:00\",\"dateModified\":\"2026-02-16T16:28:46+00:00\",\"breadcrumb\":{\"@id\":\"https:\/\/ml-locations.be\/nl\/locations\/extreme-demolition\/#breadcrumb\"},\"inLanguage\":\"nl-NL\",\"potentialAction\":[{\"@type\":\"ReadAction\",\"target\":[\"https:\/\/ml-locations.be\/nl\/locations\/extreme-demolition\/\"]}]},{\"@type\":\"ImageObject\",\"inLanguage\":\"nl-NL\",\"@id\":\"https:\/\/ml-locations.be\/nl\/locations\/extreme-demolition\/#primaryimage\",\"url\":\"https:\/\/ml-locations.be\/wp-content\/uploads\/2017\/04\/Extreme-demolition.jpg\",\"contentUrl\":\"https:\/\/ml-locations.be\/wp-content\/uploads\/2017\/04\/Extreme-demolition.jpg\",\"width\":1000,\"height\":1000,\"caption\":\"location de jeux gonflable - extreme demolition\"},{\"@type\":\"BreadcrumbList\",\"@id\":\"https:\/\/ml-locations.be\/nl\/locations\/extreme-demolition\/#breadcrumb\",\"itemListElement\":[{\"@type\":\"ListItem\",\"position\":1,\"name\":\"Accueil\",\"item\":\"https:\/\/ml-locations.be\/nl\/\"},{\"@type\":\"ListItem\",\"position\":2,\"name\":\"Winkel\",\"item\":\"https:\/\/ml-locations.be\/nl\/winkel\/\"},{\"@type\":\"ListItem\",\"position\":3,\"name\":\"Extr\u00e8me d\u00e9molition\"}]},{\"@type\":\"WebSite\",\"@id\":\"https:\/\/ml-locations.be\/nl\/#website\",\"url\":\"https:\/\/ml-locations.be\/nl\/\",\"name\":\"ML Locations\",\"description\":\"Mat\u00e9riel \u00e9v\u00e9nementiel : location chaise, table et mange debout, mat\u00e9riel horeca, frigos,...\",\"publisher\":{\"@id\":\"https:\/\/ml-locations.be\/nl\/#organization\"},\"potentialAction\":[{\"@type\":\"SearchAction\",\"target\":{\"@type\":\"EntryPoint\",\"urlTemplate\":\"https:\/\/ml-locations.be\/nl\/?s={search_term_string}\"},\"query-input\":{\"@type\":\"PropertyValueSpecification\",\"valueRequired\":true,\"valueName\":\"search_term_string\"}}],\"inLanguage\":\"nl-NL\"},{\"@type\":\"Organization\",\"@id\":\"https:\/\/ml-locations.be\/nl\/#organization\",\"name\":\"ML Locations\",\"url\":\"https:\/\/ml-locations.be\/nl\/\",\"logo\":{\"@type\":\"ImageObject\",\"inLanguage\":\"nl-NL\",\"@id\":\"https:\/\/ml-locations.be\/nl\/#\/schema\/logo\/image\/\",\"url\":\"https:\/\/ml-locations.be\/wp-content\/uploads\/2018\/05\/LOGO-location-BON.png\",\"contentUrl\":\"https:\/\/ml-locations.be\/wp-content\/uploads\/2018\/05\/LOGO-location-BON.png\",\"width\":1200,\"height\":1200,\"caption\":\"ML Locations\"},\"image\":{\"@id\":\"https:\/\/ml-locations.be\/nl\/#\/schema\/logo\/image\/\"}}]}<\/script>\n<!-- \/ Yoast SEO plugin. -->","yoast_head_json":{"title":"Extr\u00e8me d\u00e9molition | ML Locations","robots":{"index":"index","follow":"follow","max-snippet":"max-snippet:-1","max-image-preview":"max-image-preview:large","max-video-preview":"max-video-preview:-1"},"canonical":"https:\/\/ml-locations.be\/nl\/locations\/extreme-demolition\/","og_locale":"nl_NL","og_type":"article","og_title":"Extr\u00e8me d\u00e9molition | ML Locations","og_description":"Extreme d\u00e9molition est une structure gonflable parfaite pour l\u2019animation de vos \u00e9v\u00e8nements ext\u00e9rieurs tels qu\u2019un mariage, un anniversaire, une f\u00eate de famille, une communion, une f\u00eate d\u2019\u00e9cole\u2026  Les jeunes et les moins jeunes seront ravis par ce jeu !","og_url":"https:\/\/ml-locations.be\/nl\/locations\/extreme-demolition\/","og_site_name":"ML Locations","article_modified_time":"2026-02-16T16:28:46+00:00","og_image":[{"width":1000,"height":1000,"url":"https:\/\/ml-locations.be\/wp-content\/uploads\/2017\/04\/Extreme-demolition.jpg","type":"image\/jpeg"}],"twitter_card":"summary_large_image","twitter_misc":{"Geschatte leestijd":"1 minuut"},"schema":{"@context":"https:\/\/schema.org","@graph":[{"@type":"WebPage","@id":"https:\/\/ml-locations.be\/nl\/locations\/extreme-demolition\/","url":"https:\/\/ml-locations.be\/nl\/locations\/extreme-demolition\/","name":"Extr\u00e8me d\u00e9molition | ML Locations","isPartOf":{"@id":"https:\/\/ml-locations.be\/nl\/#website"},"primaryImageOfPage":{"@id":"https:\/\/ml-locations.be\/nl\/locations\/extreme-demolition\/#primaryimage"},"image":{"@id":"https:\/\/ml-locations.be\/nl\/locations\/extreme-demolition\/#primaryimage"},"thumbnailUrl":"https:\/\/ml-locations.be\/wp-content\/uploads\/2017\/04\/Extreme-demolition.jpg","datePublished":"2017-04-11T12:32:47+00:00","dateModified":"2026-02-16T16:28:46+00:00","breadcrumb":{"@id":"https:\/\/ml-locations.be\/nl\/locations\/extreme-demolition\/#breadcrumb"},"inLanguage":"nl-NL","potentialAction":[{"@type":"ReadAction","target":["https:\/\/ml-locations.be\/nl\/locations\/extreme-demolition\/"]}]},{"@type":"ImageObject","inLanguage":"nl-NL","@id":"https:\/\/ml-locations.be\/nl\/locations\/extreme-demolition\/#primaryimage","url":"https:\/\/ml-locations.be\/wp-content\/uploads\/2017\/04\/Extreme-demolition.jpg","contentUrl":"https:\/\/ml-locations.be\/wp-content\/uploads\/2017\/04\/Extreme-demolition.jpg","width":1000,"height":1000,"caption":"location de jeux gonflable - extreme demolition"},{"@type":"BreadcrumbList","@id":"https:\/\/ml-locations.be\/nl\/locations\/extreme-demolition\/#breadcrumb","itemListElement":[{"@type":"ListItem","position":1,"name":"Accueil","item":"https:\/\/ml-locations.be\/nl\/"},{"@type":"ListItem","position":2,"name":"Winkel","item":"https:\/\/ml-locations.be\/nl\/winkel\/"},{"@type":"ListItem","position":3,"name":"Extr\u00e8me d\u00e9molition"}]},{"@type":"WebSite","@id":"https:\/\/ml-locations.be\/nl\/#website","url":"https:\/\/ml-locations.be\/nl\/","name":"ML Locations","description":"Mat\u00e9riel \u00e9v\u00e9nementiel : location chaise, table et mange debout, mat\u00e9riel horeca, frigos,...","publisher":{"@id":"https:\/\/ml-locations.be\/nl\/#organization"},"potentialAction":[{"@type":"SearchAction","target":{"@type":"EntryPoint","urlTemplate":"https:\/\/ml-locations.be\/nl\/?s={search_term_string}"},"query-input":{"@type":"PropertyValueSpecification","valueRequired":true,"valueName":"search_term_string"}}],"inLanguage":"nl-NL"},{"@type":"Organization","@id":"https:\/\/ml-locations.be\/nl\/#organization","name":"ML Locations","url":"https:\/\/ml-locations.be\/nl\/","logo":{"@type":"ImageObject","inLanguage":"nl-NL","@id":"https:\/\/ml-locations.be\/nl\/#\/schema\/logo\/image\/","url":"https:\/\/ml-locations.be\/wp-content\/uploads\/2018\/05\/LOGO-location-BON.png","contentUrl":"https:\/\/ml-locations.be\/wp-content\/uploads\/2018\/05\/LOGO-location-BON.png","width":1200,"height":1200,"caption":"ML Locations"},"image":{"@id":"https:\/\/ml-locations.be\/nl\/#\/schema\/logo\/image\/"}}]}},"_links":{"self":[{"href":"https:\/\/ml-locations.be\/nl\/wp-json\/wp\/v2\/product\/1608","targetHints":{"allow":["GET"]}}],"collection":[{"href":"https:\/\/ml-locations.be\/nl\/wp-json\/wp\/v2\/product"}],"about":[{"href":"https:\/\/ml-locations.be\/nl\/wp-json\/wp\/v2\/types\/product"}],"wp:featuredmedia":[{"embeddable":true,"href":"https:\/\/ml-locations.be\/nl\/wp-json\/wp\/v2\/media\/2032"}],"wp:attachment":[{"href":"https:\/\/ml-locations.be\/nl\/wp-json\/wp\/v2\/media?parent=1608"}],"wp:term":[{"taxonomy":"product_brand","embeddable":true,"href":"https:\/\/ml-locations.be\/nl\/wp-json\/wp\/v2\/product_brand?post=1608"},{"taxonomy":"product_cat","embeddable":true,"href":"https:\/\/ml-locations.be\/nl\/wp-json\/wp\/v2\/product_cat?post=1608"},{"taxonomy":"product_tag","embeddable":true,"href":"https:\/\/ml-locations.be\/nl\/wp-json\/wp\/v2\/product_tag?post=1608"}],"curies":[{"name":"wp","href":"https:\/\/api.w.org\/{rel}","templated":true}]}}