{"id":1609,"date":"2017-04-11T14:32:47","date_gmt":"2017-04-11T12:32:47","guid":{"rendered":"https:\/\/www.ml-locations.be\/\/locations\/air-ball\/"},"modified":"2026-02-16T17:27:16","modified_gmt":"2026-02-16T16:27:16","slug":"air-ball","status":"publish","type":"product","link":"https:\/\/ml-locations.be\/nl\/locations\/air-ball\/","title":{"rendered":"Jeu gonflable Air ball"},"content":{"rendered":"<p><strong>Air Ball<\/strong> est un <strong>jeu gonflable<\/strong> qui change du traditionnel <strong>ch\u00e2teau gonflable<\/strong>, id\u00e9al pour animer vos \u00e9v\u00e8nements, vos f\u00eates et <strong>activit\u00e9s ext\u00e9rieures<\/strong>.<\/p>\n<p>Ce jeu se joue en un contre un, les adversaires se font face et doivent faire progresser une balle de c\u00f4ne en c\u00f4ne, gr\u00e2ce \u00e0 la force de l&#8217;air qui s\u2019en d\u00e9gage. Le premier qui parvient \u00e0 placer sa balle dans le panier se trouvant \u00e0 la fin du parcours marque un point !<\/p>\n<p>Ce jeu ravira petits et grands !<\/p>\n<p>D\u00e9couvrez une d\u00e9monstration du jeu gonflable en location Airball dans la vid\u00e9o ci-dessous :<\/p>\n<div style=\"position: relative; height: 0; padding-bottom: 56.25%;\"><iframe loading=\"lazy\" style=\"position: absolute; width: 100%; height: 100%; left: 0;\" src=\"https:\/\/www.youtube.com\/embed\/EMj2lS95VMQ?ecver=2\" width=\"640\" height=\"360\" frameborder=\"0\" allowfullscreen=\"allowfullscreen\"><\/iframe><\/div>\n<p>Nous louons \u00e9galement d\u2019autres <strong>structures gonflables similaires<\/strong>, tel que l\u2019Extreme d\u00e9molition, afin de compl\u00e9ter l\u2019animation de votre \u00e9v\u00e9nement.<\/p>\n<p>Dimensions et caract\u00e9ristiques du <strong>jeu gonflable Air Ball\u00a0<\/strong>:<\/p>\n<ul>\n<li>Longueur\u00a0: 4,5 m<\/li>\n<li>Largeur\u00a0: 1,2 m<\/li>\n<li>Hauteur\u00a0: 1,2 m<\/li>\n<li>Alimentation\u00a0: 220 volts<\/li>\n<li>Age\u00a0: 5 ans et +<\/li>\n<\/ul>\n","protected":false},"excerpt":{"rendered":"<p><strong>Air Ball<\/strong> est un <strong>jeu gonflable<\/strong> id\u00e9al pour animer vos \u00e9v\u00e8nements et f\u00eates ext\u00e9rieures que ce soit un <strong>mariage<\/strong>, un anniversaire, une f\u00eate de famille, une <strong>communion<\/strong>, une f\u00eate d\u2019entreprise\u2026<\/p>\n","protected":false},"featured_media":2039,"template":"","meta":{"_acf_changed":false},"product_brand":[],"product_cat":[43,45],"product_tag":[],"class_list":{"0":"post-1609","1":"product","2":"type-product","3":"status-publish","4":"has-post-thumbnail","6":"product_cat-jeux-divertissement-en-location","7":"product_cat-structures-gonflables-et-jeux-gonflables-a-louer","8":"description-off","10":"first","11":"instock","12":"taxable","13":"shipping-taxable","14":"purchasable","15":"product-type-variable"},"acf":[],"yoast_head":"<!-- This site is optimized with the Yoast SEO plugin v25.0 - https:\/\/yoast.com\/wordpress\/plugins\/seo\/ -->\n<title>Jeu gonflable Air ball | ML Locations<\/title>\n<meta name=\"robots\" content=\"index, follow, max-snippet:-1, max-image-preview:large, max-video-preview:-1\" \/>\n<link rel=\"canonical\" href=\"https:\/\/ml-locations.be\/nl\/locations\/air-ball\/\" \/>\n<meta property=\"og:locale\" content=\"nl_NL\" \/>\n<meta property=\"og:type\" content=\"article\" \/>\n<meta property=\"og:title\" content=\"Jeu gonflable Air ball | ML Locations\" \/>\n<meta property=\"og:description\" content=\"Air Ball est un jeu gonflable id\u00e9al pour animer vos \u00e9v\u00e8nements et f\u00eates ext\u00e9rieures que ce soit un mariage, un anniversaire, une f\u00eate de famille, une communion, une f\u00eate d\u2019entreprise\u2026\" \/>\n<meta property=\"og:url\" content=\"https:\/\/ml-locations.be\/nl\/locations\/air-ball\/\" \/>\n<meta property=\"og:site_name\" content=\"ML Locations\" \/>\n<meta property=\"article:modified_time\" content=\"2026-02-16T16:27:16+00:00\" \/>\n<meta property=\"og:image\" content=\"https:\/\/ml-locations.be\/wp-content\/uploads\/2017\/04\/airball.jpg\" \/>\n\t<meta property=\"og:image:width\" content=\"1000\" \/>\n\t<meta property=\"og:image:height\" content=\"1000\" \/>\n\t<meta property=\"og:image:type\" content=\"image\/jpeg\" \/>\n<meta name=\"twitter:card\" content=\"summary_large_image\" \/>\n<meta name=\"twitter:label1\" content=\"Geschatte leestijd\" \/>\n\t<meta name=\"twitter:data1\" content=\"1 minuut\" \/>\n<script type=\"application\/ld+json\" class=\"yoast-schema-graph\">{\"@context\":\"https:\/\/schema.org\",\"@graph\":[{\"@type\":\"WebPage\",\"@id\":\"https:\/\/ml-locations.be\/nl\/locations\/air-ball\/\",\"url\":\"https:\/\/ml-locations.be\/nl\/locations\/air-ball\/\",\"name\":\"Jeu gonflable Air ball | ML Locations\",\"isPartOf\":{\"@id\":\"https:\/\/ml-locations.be\/nl\/#website\"},\"primaryImageOfPage\":{\"@id\":\"https:\/\/ml-locations.be\/nl\/locations\/air-ball\/#primaryimage\"},\"image\":{\"@id\":\"https:\/\/ml-locations.be\/nl\/locations\/air-ball\/#primaryimage\"},\"thumbnailUrl\":\"https:\/\/ml-locations.be\/wp-content\/uploads\/2017\/04\/airball.jpg\",\"datePublished\":\"2017-04-11T12:32:47+00:00\",\"dateModified\":\"2026-02-16T16:27:16+00:00\",\"breadcrumb\":{\"@id\":\"https:\/\/ml-locations.be\/nl\/locations\/air-ball\/#breadcrumb\"},\"inLanguage\":\"nl-NL\",\"potentialAction\":[{\"@type\":\"ReadAction\",\"target\":[\"https:\/\/ml-locations.be\/nl\/locations\/air-ball\/\"]}]},{\"@type\":\"ImageObject\",\"inLanguage\":\"nl-NL\",\"@id\":\"https:\/\/ml-locations.be\/nl\/locations\/air-ball\/#primaryimage\",\"url\":\"https:\/\/ml-locations.be\/wp-content\/uploads\/2017\/04\/airball.jpg\",\"contentUrl\":\"https:\/\/ml-locations.be\/wp-content\/uploads\/2017\/04\/airball.jpg\",\"width\":1000,\"height\":1000,\"caption\":\"airball - jeu gonflable en location\"},{\"@type\":\"BreadcrumbList\",\"@id\":\"https:\/\/ml-locations.be\/nl\/locations\/air-ball\/#breadcrumb\",\"itemListElement\":[{\"@type\":\"ListItem\",\"position\":1,\"name\":\"Accueil\",\"item\":\"https:\/\/ml-locations.be\/nl\/\"},{\"@type\":\"ListItem\",\"position\":2,\"name\":\"Winkel\",\"item\":\"https:\/\/ml-locations.be\/nl\/winkel\/\"},{\"@type\":\"ListItem\",\"position\":3,\"name\":\"Jeu gonflable Air ball\"}]},{\"@type\":\"WebSite\",\"@id\":\"https:\/\/ml-locations.be\/nl\/#website\",\"url\":\"https:\/\/ml-locations.be\/nl\/\",\"name\":\"ML Locations\",\"description\":\"Mat\u00e9riel \u00e9v\u00e9nementiel : location chaise, table et mange debout, mat\u00e9riel horeca, frigos,...\",\"publisher\":{\"@id\":\"https:\/\/ml-locations.be\/nl\/#organization\"},\"potentialAction\":[{\"@type\":\"SearchAction\",\"target\":{\"@type\":\"EntryPoint\",\"urlTemplate\":\"https:\/\/ml-locations.be\/nl\/?s={search_term_string}\"},\"query-input\":{\"@type\":\"PropertyValueSpecification\",\"valueRequired\":true,\"valueName\":\"search_term_string\"}}],\"inLanguage\":\"nl-NL\"},{\"@type\":\"Organization\",\"@id\":\"https:\/\/ml-locations.be\/nl\/#organization\",\"name\":\"ML Locations\",\"url\":\"https:\/\/ml-locations.be\/nl\/\",\"logo\":{\"@type\":\"ImageObject\",\"inLanguage\":\"nl-NL\",\"@id\":\"https:\/\/ml-locations.be\/nl\/#\/schema\/logo\/image\/\",\"url\":\"https:\/\/ml-locations.be\/wp-content\/uploads\/2018\/05\/LOGO-location-BON.png\",\"contentUrl\":\"https:\/\/ml-locations.be\/wp-content\/uploads\/2018\/05\/LOGO-location-BON.png\",\"width\":1200,\"height\":1200,\"caption\":\"ML Locations\"},\"image\":{\"@id\":\"https:\/\/ml-locations.be\/nl\/#\/schema\/logo\/image\/\"}}]}<\/script>\n<!-- \/ Yoast SEO plugin. -->","yoast_head_json":{"title":"Jeu gonflable Air ball | ML Locations","robots":{"index":"index","follow":"follow","max-snippet":"max-snippet:-1","max-image-preview":"max-image-preview:large","max-video-preview":"max-video-preview:-1"},"canonical":"https:\/\/ml-locations.be\/nl\/locations\/air-ball\/","og_locale":"nl_NL","og_type":"article","og_title":"Jeu gonflable Air ball | ML Locations","og_description":"Air Ball est un jeu gonflable id\u00e9al pour animer vos \u00e9v\u00e8nements et f\u00eates ext\u00e9rieures que ce soit un mariage, un anniversaire, une f\u00eate de famille, une communion, une f\u00eate d\u2019entreprise\u2026","og_url":"https:\/\/ml-locations.be\/nl\/locations\/air-ball\/","og_site_name":"ML Locations","article_modified_time":"2026-02-16T16:27:16+00:00","og_image":[{"width":1000,"height":1000,"url":"https:\/\/ml-locations.be\/wp-content\/uploads\/2017\/04\/airball.jpg","type":"image\/jpeg"}],"twitter_card":"summary_large_image","twitter_misc":{"Geschatte leestijd":"1 minuut"},"schema":{"@context":"https:\/\/schema.org","@graph":[{"@type":"WebPage","@id":"https:\/\/ml-locations.be\/nl\/locations\/air-ball\/","url":"https:\/\/ml-locations.be\/nl\/locations\/air-ball\/","name":"Jeu gonflable Air ball | ML Locations","isPartOf":{"@id":"https:\/\/ml-locations.be\/nl\/#website"},"primaryImageOfPage":{"@id":"https:\/\/ml-locations.be\/nl\/locations\/air-ball\/#primaryimage"},"image":{"@id":"https:\/\/ml-locations.be\/nl\/locations\/air-ball\/#primaryimage"},"thumbnailUrl":"https:\/\/ml-locations.be\/wp-content\/uploads\/2017\/04\/airball.jpg","datePublished":"2017-04-11T12:32:47+00:00","dateModified":"2026-02-16T16:27:16+00:00","breadcrumb":{"@id":"https:\/\/ml-locations.be\/nl\/locations\/air-ball\/#breadcrumb"},"inLanguage":"nl-NL","potentialAction":[{"@type":"ReadAction","target":["https:\/\/ml-locations.be\/nl\/locations\/air-ball\/"]}]},{"@type":"ImageObject","inLanguage":"nl-NL","@id":"https:\/\/ml-locations.be\/nl\/locations\/air-ball\/#primaryimage","url":"https:\/\/ml-locations.be\/wp-content\/uploads\/2017\/04\/airball.jpg","contentUrl":"https:\/\/ml-locations.be\/wp-content\/uploads\/2017\/04\/airball.jpg","width":1000,"height":1000,"caption":"airball - jeu gonflable en location"},{"@type":"BreadcrumbList","@id":"https:\/\/ml-locations.be\/nl\/locations\/air-ball\/#breadcrumb","itemListElement":[{"@type":"ListItem","position":1,"name":"Accueil","item":"https:\/\/ml-locations.be\/nl\/"},{"@type":"ListItem","position":2,"name":"Winkel","item":"https:\/\/ml-locations.be\/nl\/winkel\/"},{"@type":"ListItem","position":3,"name":"Jeu gonflable Air ball"}]},{"@type":"WebSite","@id":"https:\/\/ml-locations.be\/nl\/#website","url":"https:\/\/ml-locations.be\/nl\/","name":"ML Locations","description":"Mat\u00e9riel \u00e9v\u00e9nementiel : location chaise, table et mange debout, mat\u00e9riel horeca, frigos,...","publisher":{"@id":"https:\/\/ml-locations.be\/nl\/#organization"},"potentialAction":[{"@type":"SearchAction","target":{"@type":"EntryPoint","urlTemplate":"https:\/\/ml-locations.be\/nl\/?s={search_term_string}"},"query-input":{"@type":"PropertyValueSpecification","valueRequired":true,"valueName":"search_term_string"}}],"inLanguage":"nl-NL"},{"@type":"Organization","@id":"https:\/\/ml-locations.be\/nl\/#organization","name":"ML Locations","url":"https:\/\/ml-locations.be\/nl\/","logo":{"@type":"ImageObject","inLanguage":"nl-NL","@id":"https:\/\/ml-locations.be\/nl\/#\/schema\/logo\/image\/","url":"https:\/\/ml-locations.be\/wp-content\/uploads\/2018\/05\/LOGO-location-BON.png","contentUrl":"https:\/\/ml-locations.be\/wp-content\/uploads\/2018\/05\/LOGO-location-BON.png","width":1200,"height":1200,"caption":"ML Locations"},"image":{"@id":"https:\/\/ml-locations.be\/nl\/#\/schema\/logo\/image\/"}}]}},"_links":{"self":[{"href":"https:\/\/ml-locations.be\/nl\/wp-json\/wp\/v2\/product\/1609","targetHints":{"allow":["GET"]}}],"collection":[{"href":"https:\/\/ml-locations.be\/nl\/wp-json\/wp\/v2\/product"}],"about":[{"href":"https:\/\/ml-locations.be\/nl\/wp-json\/wp\/v2\/types\/product"}],"wp:featuredmedia":[{"embeddable":true,"href":"https:\/\/ml-locations.be\/nl\/wp-json\/wp\/v2\/media\/2039"}],"wp:attachment":[{"href":"https:\/\/ml-locations.be\/nl\/wp-json\/wp\/v2\/media?parent=1609"}],"wp:term":[{"taxonomy":"product_brand","embeddable":true,"href":"https:\/\/ml-locations.be\/nl\/wp-json\/wp\/v2\/product_brand?post=1609"},{"taxonomy":"product_cat","embeddable":true,"href":"https:\/\/ml-locations.be\/nl\/wp-json\/wp\/v2\/product_cat?post=1609"},{"taxonomy":"product_tag","embeddable":true,"href":"https:\/\/ml-locations.be\/nl\/wp-json\/wp\/v2\/product_tag?post=1609"}],"curies":[{"name":"wp","href":"https:\/\/api.w.org\/{rel}","templated":true}]}}