{"id":1610,"date":"2017-04-11T14:32:47","date_gmt":"2017-04-11T12:32:47","guid":{"rendered":"https:\/\/www.ml-locations.be\/\/locations\/elastarun\/"},"modified":"2026-02-16T17:25:40","modified_gmt":"2026-02-16T16:25:40","slug":"elastarun","status":"publish","type":"product","link":"https:\/\/ml-locations.be\/nl\/locations\/elastarun\/","title":{"rendered":"Elastarun"},"content":{"rendered":"<p>Dans le jeu\u00a0gonflable en location \u00ab\u00a0<strong>Elastarun\u00a0<\/strong>\u00bb, deux joueurs s&#8217;affrontent simultan\u00e9ment. \u00a0Le but du jeu est de placer le t\u00e9moin le plus loin possible sur la berne centrale tout en \u00e9tant attach\u00e9 par un \u00e9lastique qui ralentira de plus en plus votre course. La fin de l<strong>\u2019animation<\/strong> risque d\u2019en \u00e9tonner plus d\u2019un avec le retour rapide en l\u2019endroit de d\u00e9part gr\u00e2ce \u00e0 la tension de l\u2019\u00e9lastique. L&#8217;\u00e9lastarun est livr\u00e9 avec moteur, housse de transport et rallonges\u00a0\u00e9lectriques si n\u00e9cessaire.\u00a0La <strong>location de l\u2019\u00e9lastarun<\/strong> peut-\u00eatre coupl\u00e9e avec d\u2019autres <strong>jeux gonflables<\/strong>, comme des <strong>ch\u00e2teaux gonflables<\/strong> que nous proposons \u00e9galement <strong>en location<\/strong> afin d\u2019assurer l\u2019<strong>animation<\/strong> parfaite de votre <strong>\u00e9v\u00e9nement<\/strong>.<\/p>\n<p>Dimensions et caract\u00e9ristiques du jeu gonflable Elastarun\u00a0:<\/p>\n<ul>\n<li>Longeur: 10 m<\/li>\n<li>Largeur\u00a0: 4 m<\/li>\n<li>Hauteur\u00a0: 2,50 m<\/li>\n<li>Capacit\u00e9 : 2 personnes<\/li>\n<li>Poids : 150 kg<\/li>\n<\/ul>\n","protected":false},"excerpt":{"rendered":"<p><strong>L&#8217;Elastarun<\/strong> est un<strong> jeu gonflable en location,<\/strong>\u00a0super fun et qui se pratique \u00e0 tout \u00e2ge, il contribuera \u00e0 la r\u00e9ussite de vos<strong> activit\u00e9s ext\u00e9rieures<\/strong>\u00a0(dans le cadre d\u2019\u00e9v\u00e8nements tel qu\u2019un <strong>mariage<\/strong>, un anniversaire, un d\u00eener de famille, une <strong>communion<\/strong>\u2026).<\/p>\n","protected":false},"featured_media":2042,"template":"","meta":{"_acf_changed":false},"product_brand":[],"product_cat":[43,45],"product_tag":[],"class_list":{"0":"post-1610","1":"product","2":"type-product","3":"status-publish","4":"has-post-thumbnail","6":"product_cat-jeux-divertissement-en-location","7":"product_cat-structures-gonflables-et-jeux-gonflables-a-louer","8":"description-off","10":"first","11":"instock","12":"taxable","13":"shipping-taxable","14":"purchasable","15":"product-type-variable"},"acf":[],"yoast_head":"<!-- This site is optimized with the Yoast SEO plugin v25.0 - https:\/\/yoast.com\/wordpress\/plugins\/seo\/ -->\n<title>Location Elastarun - jeu gonflable | ML Locations<\/title>\n<meta name=\"description\" content=\"Louez le jeu gonflable Elastarun : retenu par un \u00e9lastique, vous vous \u00e9lancez le plus loin possible pour vaincre votre adversaire !\" \/>\n<meta name=\"robots\" content=\"index, follow, max-snippet:-1, max-image-preview:large, max-video-preview:-1\" \/>\n<link rel=\"canonical\" href=\"https:\/\/ml-locations.be\/nl\/locations\/elastarun\/\" \/>\n<meta property=\"og:locale\" content=\"nl_NL\" \/>\n<meta property=\"og:type\" content=\"article\" \/>\n<meta property=\"og:title\" content=\"Location Elastarun - jeu gonflable | ML Locations\" \/>\n<meta property=\"og:description\" content=\"Louez le jeu gonflable Elastarun : retenu par un \u00e9lastique, vous vous \u00e9lancez le plus loin possible pour vaincre votre adversaire !\" \/>\n<meta property=\"og:url\" content=\"https:\/\/ml-locations.be\/nl\/locations\/elastarun\/\" \/>\n<meta property=\"og:site_name\" content=\"ML Locations\" \/>\n<meta property=\"article:modified_time\" content=\"2026-02-16T16:25:40+00:00\" \/>\n<meta property=\"og:image\" content=\"https:\/\/ml-locations.be\/wp-content\/uploads\/2017\/04\/Elastarun.jpg\" \/>\n\t<meta property=\"og:image:width\" content=\"1000\" \/>\n\t<meta property=\"og:image:height\" content=\"1000\" \/>\n\t<meta property=\"og:image:type\" content=\"image\/jpeg\" \/>\n<meta name=\"twitter:card\" content=\"summary_large_image\" \/>\n<meta name=\"twitter:label1\" content=\"Geschatte leestijd\" \/>\n\t<meta name=\"twitter:data1\" content=\"1 minuut\" \/>\n<script type=\"application\/ld+json\" class=\"yoast-schema-graph\">{\"@context\":\"https:\/\/schema.org\",\"@graph\":[{\"@type\":\"WebPage\",\"@id\":\"https:\/\/ml-locations.be\/nl\/locations\/elastarun\/\",\"url\":\"https:\/\/ml-locations.be\/nl\/locations\/elastarun\/\",\"name\":\"Location Elastarun - jeu gonflable | ML Locations\",\"isPartOf\":{\"@id\":\"https:\/\/ml-locations.be\/nl\/#website\"},\"primaryImageOfPage\":{\"@id\":\"https:\/\/ml-locations.be\/nl\/locations\/elastarun\/#primaryimage\"},\"image\":{\"@id\":\"https:\/\/ml-locations.be\/nl\/locations\/elastarun\/#primaryimage\"},\"thumbnailUrl\":\"https:\/\/ml-locations.be\/wp-content\/uploads\/2017\/04\/Elastarun.jpg\",\"datePublished\":\"2017-04-11T12:32:47+00:00\",\"dateModified\":\"2026-02-16T16:25:40+00:00\",\"description\":\"Louez le jeu gonflable Elastarun : retenu par un \u00e9lastique, vous vous \u00e9lancez le plus loin possible pour vaincre votre adversaire !\",\"breadcrumb\":{\"@id\":\"https:\/\/ml-locations.be\/nl\/locations\/elastarun\/#breadcrumb\"},\"inLanguage\":\"nl-NL\",\"potentialAction\":[{\"@type\":\"ReadAction\",\"target\":[\"https:\/\/ml-locations.be\/nl\/locations\/elastarun\/\"]}]},{\"@type\":\"ImageObject\",\"inLanguage\":\"nl-NL\",\"@id\":\"https:\/\/ml-locations.be\/nl\/locations\/elastarun\/#primaryimage\",\"url\":\"https:\/\/ml-locations.be\/wp-content\/uploads\/2017\/04\/Elastarun.jpg\",\"contentUrl\":\"https:\/\/ml-locations.be\/wp-content\/uploads\/2017\/04\/Elastarun.jpg\",\"width\":1000,\"height\":1000,\"caption\":\"Elastarun - jeu gonflable en location\"},{\"@type\":\"BreadcrumbList\",\"@id\":\"https:\/\/ml-locations.be\/nl\/locations\/elastarun\/#breadcrumb\",\"itemListElement\":[{\"@type\":\"ListItem\",\"position\":1,\"name\":\"Accueil\",\"item\":\"https:\/\/ml-locations.be\/nl\/\"},{\"@type\":\"ListItem\",\"position\":2,\"name\":\"Winkel\",\"item\":\"https:\/\/ml-locations.be\/nl\/winkel\/\"},{\"@type\":\"ListItem\",\"position\":3,\"name\":\"Elastarun\"}]},{\"@type\":\"WebSite\",\"@id\":\"https:\/\/ml-locations.be\/nl\/#website\",\"url\":\"https:\/\/ml-locations.be\/nl\/\",\"name\":\"ML Locations\",\"description\":\"Mat\u00e9riel \u00e9v\u00e9nementiel : location chaise, table et mange debout, mat\u00e9riel horeca, frigos,...\",\"publisher\":{\"@id\":\"https:\/\/ml-locations.be\/nl\/#organization\"},\"potentialAction\":[{\"@type\":\"SearchAction\",\"target\":{\"@type\":\"EntryPoint\",\"urlTemplate\":\"https:\/\/ml-locations.be\/nl\/?s={search_term_string}\"},\"query-input\":{\"@type\":\"PropertyValueSpecification\",\"valueRequired\":true,\"valueName\":\"search_term_string\"}}],\"inLanguage\":\"nl-NL\"},{\"@type\":\"Organization\",\"@id\":\"https:\/\/ml-locations.be\/nl\/#organization\",\"name\":\"ML Locations\",\"url\":\"https:\/\/ml-locations.be\/nl\/\",\"logo\":{\"@type\":\"ImageObject\",\"inLanguage\":\"nl-NL\",\"@id\":\"https:\/\/ml-locations.be\/nl\/#\/schema\/logo\/image\/\",\"url\":\"https:\/\/ml-locations.be\/wp-content\/uploads\/2018\/05\/LOGO-location-BON.png\",\"contentUrl\":\"https:\/\/ml-locations.be\/wp-content\/uploads\/2018\/05\/LOGO-location-BON.png\",\"width\":1200,\"height\":1200,\"caption\":\"ML Locations\"},\"image\":{\"@id\":\"https:\/\/ml-locations.be\/nl\/#\/schema\/logo\/image\/\"}}]}<\/script>\n<!-- \/ Yoast SEO plugin. -->","yoast_head_json":{"title":"Location Elastarun - jeu gonflable | ML Locations","description":"Louez le jeu gonflable Elastarun : retenu par un \u00e9lastique, vous vous \u00e9lancez le plus loin possible pour vaincre votre adversaire !","robots":{"index":"index","follow":"follow","max-snippet":"max-snippet:-1","max-image-preview":"max-image-preview:large","max-video-preview":"max-video-preview:-1"},"canonical":"https:\/\/ml-locations.be\/nl\/locations\/elastarun\/","og_locale":"nl_NL","og_type":"article","og_title":"Location Elastarun - jeu gonflable | ML Locations","og_description":"Louez le jeu gonflable Elastarun : retenu par un \u00e9lastique, vous vous \u00e9lancez le plus loin possible pour vaincre votre adversaire !","og_url":"https:\/\/ml-locations.be\/nl\/locations\/elastarun\/","og_site_name":"ML Locations","article_modified_time":"2026-02-16T16:25:40+00:00","og_image":[{"width":1000,"height":1000,"url":"https:\/\/ml-locations.be\/wp-content\/uploads\/2017\/04\/Elastarun.jpg","type":"image\/jpeg"}],"twitter_card":"summary_large_image","twitter_misc":{"Geschatte leestijd":"1 minuut"},"schema":{"@context":"https:\/\/schema.org","@graph":[{"@type":"WebPage","@id":"https:\/\/ml-locations.be\/nl\/locations\/elastarun\/","url":"https:\/\/ml-locations.be\/nl\/locations\/elastarun\/","name":"Location Elastarun - jeu gonflable | ML Locations","isPartOf":{"@id":"https:\/\/ml-locations.be\/nl\/#website"},"primaryImageOfPage":{"@id":"https:\/\/ml-locations.be\/nl\/locations\/elastarun\/#primaryimage"},"image":{"@id":"https:\/\/ml-locations.be\/nl\/locations\/elastarun\/#primaryimage"},"thumbnailUrl":"https:\/\/ml-locations.be\/wp-content\/uploads\/2017\/04\/Elastarun.jpg","datePublished":"2017-04-11T12:32:47+00:00","dateModified":"2026-02-16T16:25:40+00:00","description":"Louez le jeu gonflable Elastarun : retenu par un \u00e9lastique, vous vous \u00e9lancez le plus loin possible pour vaincre votre adversaire !","breadcrumb":{"@id":"https:\/\/ml-locations.be\/nl\/locations\/elastarun\/#breadcrumb"},"inLanguage":"nl-NL","potentialAction":[{"@type":"ReadAction","target":["https:\/\/ml-locations.be\/nl\/locations\/elastarun\/"]}]},{"@type":"ImageObject","inLanguage":"nl-NL","@id":"https:\/\/ml-locations.be\/nl\/locations\/elastarun\/#primaryimage","url":"https:\/\/ml-locations.be\/wp-content\/uploads\/2017\/04\/Elastarun.jpg","contentUrl":"https:\/\/ml-locations.be\/wp-content\/uploads\/2017\/04\/Elastarun.jpg","width":1000,"height":1000,"caption":"Elastarun - jeu gonflable en location"},{"@type":"BreadcrumbList","@id":"https:\/\/ml-locations.be\/nl\/locations\/elastarun\/#breadcrumb","itemListElement":[{"@type":"ListItem","position":1,"name":"Accueil","item":"https:\/\/ml-locations.be\/nl\/"},{"@type":"ListItem","position":2,"name":"Winkel","item":"https:\/\/ml-locations.be\/nl\/winkel\/"},{"@type":"ListItem","position":3,"name":"Elastarun"}]},{"@type":"WebSite","@id":"https:\/\/ml-locations.be\/nl\/#website","url":"https:\/\/ml-locations.be\/nl\/","name":"ML Locations","description":"Mat\u00e9riel \u00e9v\u00e9nementiel : location chaise, table et mange debout, mat\u00e9riel horeca, frigos,...","publisher":{"@id":"https:\/\/ml-locations.be\/nl\/#organization"},"potentialAction":[{"@type":"SearchAction","target":{"@type":"EntryPoint","urlTemplate":"https:\/\/ml-locations.be\/nl\/?s={search_term_string}"},"query-input":{"@type":"PropertyValueSpecification","valueRequired":true,"valueName":"search_term_string"}}],"inLanguage":"nl-NL"},{"@type":"Organization","@id":"https:\/\/ml-locations.be\/nl\/#organization","name":"ML Locations","url":"https:\/\/ml-locations.be\/nl\/","logo":{"@type":"ImageObject","inLanguage":"nl-NL","@id":"https:\/\/ml-locations.be\/nl\/#\/schema\/logo\/image\/","url":"https:\/\/ml-locations.be\/wp-content\/uploads\/2018\/05\/LOGO-location-BON.png","contentUrl":"https:\/\/ml-locations.be\/wp-content\/uploads\/2018\/05\/LOGO-location-BON.png","width":1200,"height":1200,"caption":"ML Locations"},"image":{"@id":"https:\/\/ml-locations.be\/nl\/#\/schema\/logo\/image\/"}}]}},"_links":{"self":[{"href":"https:\/\/ml-locations.be\/nl\/wp-json\/wp\/v2\/product\/1610","targetHints":{"allow":["GET"]}}],"collection":[{"href":"https:\/\/ml-locations.be\/nl\/wp-json\/wp\/v2\/product"}],"about":[{"href":"https:\/\/ml-locations.be\/nl\/wp-json\/wp\/v2\/types\/product"}],"wp:featuredmedia":[{"embeddable":true,"href":"https:\/\/ml-locations.be\/nl\/wp-json\/wp\/v2\/media\/2042"}],"wp:attachment":[{"href":"https:\/\/ml-locations.be\/nl\/wp-json\/wp\/v2\/media?parent=1610"}],"wp:term":[{"taxonomy":"product_brand","embeddable":true,"href":"https:\/\/ml-locations.be\/nl\/wp-json\/wp\/v2\/product_brand?post=1610"},{"taxonomy":"product_cat","embeddable":true,"href":"https:\/\/ml-locations.be\/nl\/wp-json\/wp\/v2\/product_cat?post=1610"},{"taxonomy":"product_tag","embeddable":true,"href":"https:\/\/ml-locations.be\/nl\/wp-json\/wp\/v2\/product_tag?post=1610"}],"curies":[{"name":"wp","href":"https:\/\/api.w.org\/{rel}","templated":true}]}}