{"id":1611,"date":"2017-04-11T14:32:47","date_gmt":"2017-04-11T12:32:47","guid":{"rendered":"https:\/\/www.ml-locations.be\/\/locations\/peche-aux-canards\/"},"modified":"2026-02-16T17:32:45","modified_gmt":"2026-02-16T16:32:45","slug":"peche-aux-canards","status":"publish","type":"product","link":"https:\/\/ml-locations.be\/nl\/locations\/peche-aux-canards\/","title":{"rendered":"P\u00eache aux canards en location"},"content":{"rendered":"<p><strong>P\u00eache aux canards en location, animation <\/strong>pour vos <strong>\u00e9v\u00e9nements <\/strong>et <strong>festivit\u00e9s<\/strong> (fancy-fair, f\u00eate du village, anniversaire, \u2026). Cette attraction incontournable est \u00e0 la port\u00e9e de tous et ravira tous les enfants. La p\u00eache aux canards est l\u2019attraction id\u00e9ale et ind\u00e9modable pour animer vos \u00e9v\u00e9nements (fancy-fair, anniversaires, communions, \u2026). D\u00e8s le plus jeune \u00e2ge, les enfants pourront s\u2019amuser \u00e0 p\u00eacher des canards en plastique. La <strong>p\u00eache aux canards<\/strong> est compos\u00e9e d\u2019un bac, de cannes \u00e0 p\u00eaches et de canards multicolores.<\/p>\n<ul>\n<li>Dimensions des p\u00eaches aux canards : 180 cm x 55 cm x 18 cm ou 215 cm x 100 cm x 18 cm<\/li>\n<li>Capacit\u00e9\u00a0: environ 30 litres<\/li>\n<li>Tr\u00e9teaux fournis sur demande<\/li>\n<\/ul>\n","protected":false},"excerpt":{"rendered":"<p><strong>P\u00eache aux canards<\/strong> \u00e0 louer pour vos \u00e9v\u00e9nements, foires, salons, r\u00e9ceptions&#8230;<\/p>\n","protected":false},"featured_media":2260,"template":"","meta":{"_acf_changed":false},"product_brand":[],"product_cat":[43,46],"product_tag":[206],"class_list":{"0":"post-1611","1":"product","2":"type-product","3":"status-publish","4":"has-post-thumbnail","6":"product_cat-jeux-divertissement-en-location","7":"product_cat-jeux-pour-petits-et-grands-en-location","8":"product_tag-location-materiel-evenement-plein-air","9":"description-off","11":"first","12":"instock","13":"taxable","14":"shipping-taxable","15":"purchasable","16":"product-type-variable"},"acf":[],"yoast_head":"<!-- This site is optimized with the Yoast SEO plugin v25.0 - https:\/\/yoast.com\/wordpress\/plugins\/seo\/ -->\n<title>Location p\u00eache aux canards - fancy fair et f\u00eate foraine - ML Locations<\/title>\n<meta name=\"description\" content=\"Louez cette p\u00eache aux canards pour vos \u00e9v\u00e9nements : les enfants l&#039;adorent ! Fournie avec cannes, canards, tr\u00e9teaux. Livraison possible.\" \/>\n<meta name=\"robots\" content=\"index, follow, max-snippet:-1, max-image-preview:large, max-video-preview:-1\" \/>\n<link rel=\"canonical\" href=\"https:\/\/ml-locations.be\/nl\/locations\/peche-aux-canards\/\" \/>\n<meta property=\"og:locale\" content=\"nl_NL\" \/>\n<meta property=\"og:type\" content=\"article\" \/>\n<meta property=\"og:title\" content=\"Location p\u00eache aux canards - fancy fair et f\u00eate foraine - ML Locations\" \/>\n<meta property=\"og:description\" content=\"Louez cette p\u00eache aux canards pour vos \u00e9v\u00e9nements : les enfants l&#039;adorent ! Fournie avec cannes, canards, tr\u00e9teaux. Livraison possible.\" \/>\n<meta property=\"og:url\" content=\"https:\/\/ml-locations.be\/nl\/locations\/peche-aux-canards\/\" \/>\n<meta property=\"og:site_name\" content=\"ML Locations\" \/>\n<meta property=\"article:modified_time\" content=\"2026-02-16T16:32:45+00:00\" \/>\n<meta property=\"og:image\" content=\"https:\/\/ml-locations.be\/wp-content\/uploads\/2017\/04\/la-peche-aux-canards-e1492181225945.jpg\" \/>\n\t<meta property=\"og:image:width\" content=\"1000\" \/>\n\t<meta property=\"og:image:height\" content=\"675\" \/>\n\t<meta property=\"og:image:type\" content=\"image\/jpeg\" \/>\n<meta name=\"twitter:card\" content=\"summary_large_image\" \/>\n<meta name=\"twitter:label1\" content=\"Geschatte leestijd\" \/>\n\t<meta name=\"twitter:data1\" content=\"1 minuut\" \/>\n<script type=\"application\/ld+json\" class=\"yoast-schema-graph\">{\"@context\":\"https:\/\/schema.org\",\"@graph\":[{\"@type\":\"WebPage\",\"@id\":\"https:\/\/ml-locations.be\/nl\/locations\/peche-aux-canards\/\",\"url\":\"https:\/\/ml-locations.be\/nl\/locations\/peche-aux-canards\/\",\"name\":\"Location p\u00eache aux canards - fancy fair et f\u00eate foraine - ML Locations\",\"isPartOf\":{\"@id\":\"https:\/\/ml-locations.be\/nl\/#website\"},\"primaryImageOfPage\":{\"@id\":\"https:\/\/ml-locations.be\/nl\/locations\/peche-aux-canards\/#primaryimage\"},\"image\":{\"@id\":\"https:\/\/ml-locations.be\/nl\/locations\/peche-aux-canards\/#primaryimage\"},\"thumbnailUrl\":\"https:\/\/ml-locations.be\/wp-content\/uploads\/2017\/04\/la-peche-aux-canards-e1492181225945.jpg\",\"datePublished\":\"2017-04-11T12:32:47+00:00\",\"dateModified\":\"2026-02-16T16:32:45+00:00\",\"description\":\"Louez cette p\u00eache aux canards pour vos \u00e9v\u00e9nements : les enfants l'adorent ! Fournie avec cannes, canards, tr\u00e9teaux. Livraison possible.\",\"breadcrumb\":{\"@id\":\"https:\/\/ml-locations.be\/nl\/locations\/peche-aux-canards\/#breadcrumb\"},\"inLanguage\":\"nl-NL\",\"potentialAction\":[{\"@type\":\"ReadAction\",\"target\":[\"https:\/\/ml-locations.be\/nl\/locations\/peche-aux-canards\/\"]}]},{\"@type\":\"ImageObject\",\"inLanguage\":\"nl-NL\",\"@id\":\"https:\/\/ml-locations.be\/nl\/locations\/peche-aux-canards\/#primaryimage\",\"url\":\"https:\/\/ml-locations.be\/wp-content\/uploads\/2017\/04\/la-peche-aux-canards-e1492181225945.jpg\",\"contentUrl\":\"https:\/\/ml-locations.be\/wp-content\/uploads\/2017\/04\/la-peche-aux-canards-e1492181225945.jpg\",\"width\":1000,\"height\":675,\"caption\":\"P\u00eache aux canards - jeux pour petits et grands en location\"},{\"@type\":\"BreadcrumbList\",\"@id\":\"https:\/\/ml-locations.be\/nl\/locations\/peche-aux-canards\/#breadcrumb\",\"itemListElement\":[{\"@type\":\"ListItem\",\"position\":1,\"name\":\"Accueil\",\"item\":\"https:\/\/ml-locations.be\/nl\/\"},{\"@type\":\"ListItem\",\"position\":2,\"name\":\"Winkel\",\"item\":\"https:\/\/ml-locations.be\/nl\/winkel\/\"},{\"@type\":\"ListItem\",\"position\":3,\"name\":\"P\u00eache aux canards en location\"}]},{\"@type\":\"WebSite\",\"@id\":\"https:\/\/ml-locations.be\/nl\/#website\",\"url\":\"https:\/\/ml-locations.be\/nl\/\",\"name\":\"ML Locations\",\"description\":\"Mat\u00e9riel \u00e9v\u00e9nementiel : location chaise, table et mange debout, mat\u00e9riel horeca, frigos,...\",\"publisher\":{\"@id\":\"https:\/\/ml-locations.be\/nl\/#organization\"},\"potentialAction\":[{\"@type\":\"SearchAction\",\"target\":{\"@type\":\"EntryPoint\",\"urlTemplate\":\"https:\/\/ml-locations.be\/nl\/?s={search_term_string}\"},\"query-input\":{\"@type\":\"PropertyValueSpecification\",\"valueRequired\":true,\"valueName\":\"search_term_string\"}}],\"inLanguage\":\"nl-NL\"},{\"@type\":\"Organization\",\"@id\":\"https:\/\/ml-locations.be\/nl\/#organization\",\"name\":\"ML Locations\",\"url\":\"https:\/\/ml-locations.be\/nl\/\",\"logo\":{\"@type\":\"ImageObject\",\"inLanguage\":\"nl-NL\",\"@id\":\"https:\/\/ml-locations.be\/nl\/#\/schema\/logo\/image\/\",\"url\":\"https:\/\/ml-locations.be\/wp-content\/uploads\/2018\/05\/LOGO-location-BON.png\",\"contentUrl\":\"https:\/\/ml-locations.be\/wp-content\/uploads\/2018\/05\/LOGO-location-BON.png\",\"width\":1200,\"height\":1200,\"caption\":\"ML Locations\"},\"image\":{\"@id\":\"https:\/\/ml-locations.be\/nl\/#\/schema\/logo\/image\/\"}}]}<\/script>\n<!-- \/ Yoast SEO plugin. -->","yoast_head_json":{"title":"Location p\u00eache aux canards - fancy fair et f\u00eate foraine - ML Locations","description":"Louez cette p\u00eache aux canards pour vos \u00e9v\u00e9nements : les enfants l'adorent ! Fournie avec cannes, canards, tr\u00e9teaux. Livraison possible.","robots":{"index":"index","follow":"follow","max-snippet":"max-snippet:-1","max-image-preview":"max-image-preview:large","max-video-preview":"max-video-preview:-1"},"canonical":"https:\/\/ml-locations.be\/nl\/locations\/peche-aux-canards\/","og_locale":"nl_NL","og_type":"article","og_title":"Location p\u00eache aux canards - fancy fair et f\u00eate foraine - ML Locations","og_description":"Louez cette p\u00eache aux canards pour vos \u00e9v\u00e9nements : les enfants l'adorent ! Fournie avec cannes, canards, tr\u00e9teaux. Livraison possible.","og_url":"https:\/\/ml-locations.be\/nl\/locations\/peche-aux-canards\/","og_site_name":"ML Locations","article_modified_time":"2026-02-16T16:32:45+00:00","og_image":[{"width":1000,"height":675,"url":"https:\/\/ml-locations.be\/wp-content\/uploads\/2017\/04\/la-peche-aux-canards-e1492181225945.jpg","type":"image\/jpeg"}],"twitter_card":"summary_large_image","twitter_misc":{"Geschatte leestijd":"1 minuut"},"schema":{"@context":"https:\/\/schema.org","@graph":[{"@type":"WebPage","@id":"https:\/\/ml-locations.be\/nl\/locations\/peche-aux-canards\/","url":"https:\/\/ml-locations.be\/nl\/locations\/peche-aux-canards\/","name":"Location p\u00eache aux canards - fancy fair et f\u00eate foraine - ML Locations","isPartOf":{"@id":"https:\/\/ml-locations.be\/nl\/#website"},"primaryImageOfPage":{"@id":"https:\/\/ml-locations.be\/nl\/locations\/peche-aux-canards\/#primaryimage"},"image":{"@id":"https:\/\/ml-locations.be\/nl\/locations\/peche-aux-canards\/#primaryimage"},"thumbnailUrl":"https:\/\/ml-locations.be\/wp-content\/uploads\/2017\/04\/la-peche-aux-canards-e1492181225945.jpg","datePublished":"2017-04-11T12:32:47+00:00","dateModified":"2026-02-16T16:32:45+00:00","description":"Louez cette p\u00eache aux canards pour vos \u00e9v\u00e9nements : les enfants l'adorent ! Fournie avec cannes, canards, tr\u00e9teaux. Livraison possible.","breadcrumb":{"@id":"https:\/\/ml-locations.be\/nl\/locations\/peche-aux-canards\/#breadcrumb"},"inLanguage":"nl-NL","potentialAction":[{"@type":"ReadAction","target":["https:\/\/ml-locations.be\/nl\/locations\/peche-aux-canards\/"]}]},{"@type":"ImageObject","inLanguage":"nl-NL","@id":"https:\/\/ml-locations.be\/nl\/locations\/peche-aux-canards\/#primaryimage","url":"https:\/\/ml-locations.be\/wp-content\/uploads\/2017\/04\/la-peche-aux-canards-e1492181225945.jpg","contentUrl":"https:\/\/ml-locations.be\/wp-content\/uploads\/2017\/04\/la-peche-aux-canards-e1492181225945.jpg","width":1000,"height":675,"caption":"P\u00eache aux canards - jeux pour petits et grands en location"},{"@type":"BreadcrumbList","@id":"https:\/\/ml-locations.be\/nl\/locations\/peche-aux-canards\/#breadcrumb","itemListElement":[{"@type":"ListItem","position":1,"name":"Accueil","item":"https:\/\/ml-locations.be\/nl\/"},{"@type":"ListItem","position":2,"name":"Winkel","item":"https:\/\/ml-locations.be\/nl\/winkel\/"},{"@type":"ListItem","position":3,"name":"P\u00eache aux canards en location"}]},{"@type":"WebSite","@id":"https:\/\/ml-locations.be\/nl\/#website","url":"https:\/\/ml-locations.be\/nl\/","name":"ML Locations","description":"Mat\u00e9riel \u00e9v\u00e9nementiel : location chaise, table et mange debout, mat\u00e9riel horeca, frigos,...","publisher":{"@id":"https:\/\/ml-locations.be\/nl\/#organization"},"potentialAction":[{"@type":"SearchAction","target":{"@type":"EntryPoint","urlTemplate":"https:\/\/ml-locations.be\/nl\/?s={search_term_string}"},"query-input":{"@type":"PropertyValueSpecification","valueRequired":true,"valueName":"search_term_string"}}],"inLanguage":"nl-NL"},{"@type":"Organization","@id":"https:\/\/ml-locations.be\/nl\/#organization","name":"ML Locations","url":"https:\/\/ml-locations.be\/nl\/","logo":{"@type":"ImageObject","inLanguage":"nl-NL","@id":"https:\/\/ml-locations.be\/nl\/#\/schema\/logo\/image\/","url":"https:\/\/ml-locations.be\/wp-content\/uploads\/2018\/05\/LOGO-location-BON.png","contentUrl":"https:\/\/ml-locations.be\/wp-content\/uploads\/2018\/05\/LOGO-location-BON.png","width":1200,"height":1200,"caption":"ML Locations"},"image":{"@id":"https:\/\/ml-locations.be\/nl\/#\/schema\/logo\/image\/"}}]}},"_links":{"self":[{"href":"https:\/\/ml-locations.be\/nl\/wp-json\/wp\/v2\/product\/1611","targetHints":{"allow":["GET"]}}],"collection":[{"href":"https:\/\/ml-locations.be\/nl\/wp-json\/wp\/v2\/product"}],"about":[{"href":"https:\/\/ml-locations.be\/nl\/wp-json\/wp\/v2\/types\/product"}],"wp:featuredmedia":[{"embeddable":true,"href":"https:\/\/ml-locations.be\/nl\/wp-json\/wp\/v2\/media\/2260"}],"wp:attachment":[{"href":"https:\/\/ml-locations.be\/nl\/wp-json\/wp\/v2\/media?parent=1611"}],"wp:term":[{"taxonomy":"product_brand","embeddable":true,"href":"https:\/\/ml-locations.be\/nl\/wp-json\/wp\/v2\/product_brand?post=1611"},{"taxonomy":"product_cat","embeddable":true,"href":"https:\/\/ml-locations.be\/nl\/wp-json\/wp\/v2\/product_cat?post=1611"},{"taxonomy":"product_tag","embeddable":true,"href":"https:\/\/ml-locations.be\/nl\/wp-json\/wp\/v2\/product_tag?post=1611"}],"curies":[{"name":"wp","href":"https:\/\/api.w.org\/{rel}","templated":true}]}}