{"id":1613,"date":"2017-04-11T14:32:47","date_gmt":"2017-04-11T12:32:47","guid":{"rendered":"https:\/\/www.ml-locations.be\/\/locations\/machine-a-barbe-a-papa\/"},"modified":"2025-07-16T15:00:07","modified_gmt":"2025-07-16T13:00:07","slug":"machine-a-barbe-a-papa","status":"publish","type":"product","link":"https:\/\/ml-locations.be\/nl\/locations\/machine-a-barbe-a-papa\/","title":{"rendered":"Machine \u00e0 Barbe \u00e0 Papa"},"content":{"rendered":"<p>Vous cherchez une id\u00e9e de <strong>snack<\/strong> original\u00a0? Nous avons ce qu&#8217;il vous faut : demandez notre machine \u00e0\u00a0<strong>barbe \u00e0 papa<\/strong>\u00a0en location ! ML Locations propose pour vos <strong>\u00e9v\u00e9nements<\/strong> priv\u00e9s ou professionnels la location de <strong>machine \u00e0 barbe \u00e0 papa<\/strong>. Id\u00e9al pour ravir les plus grands comme les plus petits. Cette machine est un plus ind\u00e9niable pour rendre vos \u00e9v\u00e9nements inoubliables ! Une utilisation facile pour une ambiance magique et garantie. NB : nous vous fournissons \u00e9galement<strong>\u00a0sucre et b\u00e2tonnets\u00a0<\/strong>pour environ 200 barbes \u00e0 papa (suppl\u00e9ment de 30 \u20ac htva).<\/p>\n","protected":false},"excerpt":{"rendered":"<p>Louez cette <strong>machine \u00e0 barbe \u00e0 papa<\/strong> et r\u00e9alisez de doux plaisirs sucr\u00e9s\u00a0! Cette machine \u00e0 barbe \u00e0 papa est parfaite pour vos \u00e9v\u00e9nements (<strong>anniversaire<\/strong>, mariage, <strong>bapt\u00eame<\/strong> ou toute f\u00eate familiale).<\/p>\n","protected":false},"featured_media":2779,"template":"","meta":{"_acf_changed":false},"product_brand":[],"product_cat":[43],"product_tag":[206],"class_list":{"0":"post-1613","1":"product","2":"type-product","3":"status-publish","4":"has-post-thumbnail","6":"product_cat-jeux-divertissement-en-location","7":"product_tag-location-materiel-evenement-plein-air","8":"description-off","10":"first","11":"instock","12":"taxable","13":"shipping-taxable","14":"purchasable","15":"product-type-variable"},"acf":[],"yoast_head":"<!-- This site is optimized with the Yoast SEO plugin v25.0 - https:\/\/yoast.com\/wordpress\/plugins\/seo\/ -->\n<title>Machine \u00e0 Barbe \u00e0 Papa | ML Locations<\/title>\n<meta name=\"robots\" content=\"index, follow, max-snippet:-1, max-image-preview:large, max-video-preview:-1\" \/>\n<link rel=\"canonical\" href=\"https:\/\/ml-locations.be\/nl\/locations\/machine-a-barbe-a-papa\/\" \/>\n<meta property=\"og:locale\" content=\"nl_NL\" \/>\n<meta property=\"og:type\" content=\"article\" \/>\n<meta property=\"og:title\" content=\"Machine \u00e0 Barbe \u00e0 Papa | ML Locations\" \/>\n<meta property=\"og:description\" content=\"Louez cette machine \u00e0 barbe \u00e0 papa et r\u00e9alisez de doux plaisirs sucr\u00e9s\u00a0! Cette machine \u00e0 barbe \u00e0 papa est parfaite pour vos \u00e9v\u00e9nements (anniversaire, mariage, bapt\u00eame ou toute f\u00eate familiale).\" \/>\n<meta property=\"og:url\" content=\"https:\/\/ml-locations.be\/nl\/locations\/machine-a-barbe-a-papa\/\" \/>\n<meta property=\"og:site_name\" content=\"ML Locations\" \/>\n<meta property=\"article:modified_time\" content=\"2025-07-16T13:00:07+00:00\" \/>\n<meta property=\"og:image\" content=\"https:\/\/ml-locations.be\/wp-content\/uploads\/2017\/04\/Machine-a-barbe-a-papa.jpg\" \/>\n\t<meta property=\"og:image:width\" content=\"350\" \/>\n\t<meta property=\"og:image:height\" content=\"350\" \/>\n\t<meta property=\"og:image:type\" content=\"image\/jpeg\" \/>\n<meta name=\"twitter:card\" content=\"summary_large_image\" \/>\n<meta name=\"twitter:label1\" content=\"Geschatte leestijd\" \/>\n\t<meta name=\"twitter:data1\" content=\"1 minuut\" \/>\n<script type=\"application\/ld+json\" class=\"yoast-schema-graph\">{\"@context\":\"https:\/\/schema.org\",\"@graph\":[{\"@type\":\"WebPage\",\"@id\":\"https:\/\/ml-locations.be\/nl\/locations\/machine-a-barbe-a-papa\/\",\"url\":\"https:\/\/ml-locations.be\/nl\/locations\/machine-a-barbe-a-papa\/\",\"name\":\"Machine \u00e0 Barbe \u00e0 Papa | ML Locations\",\"isPartOf\":{\"@id\":\"https:\/\/ml-locations.be\/nl\/#website\"},\"primaryImageOfPage\":{\"@id\":\"https:\/\/ml-locations.be\/nl\/locations\/machine-a-barbe-a-papa\/#primaryimage\"},\"image\":{\"@id\":\"https:\/\/ml-locations.be\/nl\/locations\/machine-a-barbe-a-papa\/#primaryimage\"},\"thumbnailUrl\":\"https:\/\/ml-locations.be\/wp-content\/uploads\/2017\/04\/Machine-a-barbe-a-papa.jpg\",\"datePublished\":\"2017-04-11T12:32:47+00:00\",\"dateModified\":\"2025-07-16T13:00:07+00:00\",\"breadcrumb\":{\"@id\":\"https:\/\/ml-locations.be\/nl\/locations\/machine-a-barbe-a-papa\/#breadcrumb\"},\"inLanguage\":\"nl-NL\",\"potentialAction\":[{\"@type\":\"ReadAction\",\"target\":[\"https:\/\/ml-locations.be\/nl\/locations\/machine-a-barbe-a-papa\/\"]}]},{\"@type\":\"ImageObject\",\"inLanguage\":\"nl-NL\",\"@id\":\"https:\/\/ml-locations.be\/nl\/locations\/machine-a-barbe-a-papa\/#primaryimage\",\"url\":\"https:\/\/ml-locations.be\/wp-content\/uploads\/2017\/04\/Machine-a-barbe-a-papa.jpg\",\"contentUrl\":\"https:\/\/ml-locations.be\/wp-content\/uploads\/2017\/04\/Machine-a-barbe-a-papa.jpg\",\"width\":350,\"height\":350,\"caption\":\"Machine \u00e0 barbe \u00e0 papa en location\"},{\"@type\":\"BreadcrumbList\",\"@id\":\"https:\/\/ml-locations.be\/nl\/locations\/machine-a-barbe-a-papa\/#breadcrumb\",\"itemListElement\":[{\"@type\":\"ListItem\",\"position\":1,\"name\":\"Accueil\",\"item\":\"https:\/\/ml-locations.be\/nl\/\"},{\"@type\":\"ListItem\",\"position\":2,\"name\":\"Winkel\",\"item\":\"https:\/\/ml-locations.be\/nl\/winkel\/\"},{\"@type\":\"ListItem\",\"position\":3,\"name\":\"Machine \u00e0 Barbe \u00e0 Papa\"}]},{\"@type\":\"WebSite\",\"@id\":\"https:\/\/ml-locations.be\/nl\/#website\",\"url\":\"https:\/\/ml-locations.be\/nl\/\",\"name\":\"ML Locations\",\"description\":\"Mat\u00e9riel \u00e9v\u00e9nementiel : location chaise, table et mange debout, mat\u00e9riel horeca, frigos,...\",\"publisher\":{\"@id\":\"https:\/\/ml-locations.be\/nl\/#organization\"},\"potentialAction\":[{\"@type\":\"SearchAction\",\"target\":{\"@type\":\"EntryPoint\",\"urlTemplate\":\"https:\/\/ml-locations.be\/nl\/?s={search_term_string}\"},\"query-input\":{\"@type\":\"PropertyValueSpecification\",\"valueRequired\":true,\"valueName\":\"search_term_string\"}}],\"inLanguage\":\"nl-NL\"},{\"@type\":\"Organization\",\"@id\":\"https:\/\/ml-locations.be\/nl\/#organization\",\"name\":\"ML Locations\",\"url\":\"https:\/\/ml-locations.be\/nl\/\",\"logo\":{\"@type\":\"ImageObject\",\"inLanguage\":\"nl-NL\",\"@id\":\"https:\/\/ml-locations.be\/nl\/#\/schema\/logo\/image\/\",\"url\":\"https:\/\/ml-locations.be\/wp-content\/uploads\/2018\/05\/LOGO-location-BON.png\",\"contentUrl\":\"https:\/\/ml-locations.be\/wp-content\/uploads\/2018\/05\/LOGO-location-BON.png\",\"width\":1200,\"height\":1200,\"caption\":\"ML Locations\"},\"image\":{\"@id\":\"https:\/\/ml-locations.be\/nl\/#\/schema\/logo\/image\/\"}}]}<\/script>\n<!-- \/ Yoast SEO plugin. -->","yoast_head_json":{"title":"Machine \u00e0 Barbe \u00e0 Papa | ML Locations","robots":{"index":"index","follow":"follow","max-snippet":"max-snippet:-1","max-image-preview":"max-image-preview:large","max-video-preview":"max-video-preview:-1"},"canonical":"https:\/\/ml-locations.be\/nl\/locations\/machine-a-barbe-a-papa\/","og_locale":"nl_NL","og_type":"article","og_title":"Machine \u00e0 Barbe \u00e0 Papa | ML Locations","og_description":"Louez cette machine \u00e0 barbe \u00e0 papa et r\u00e9alisez de doux plaisirs sucr\u00e9s\u00a0! Cette machine \u00e0 barbe \u00e0 papa est parfaite pour vos \u00e9v\u00e9nements (anniversaire, mariage, bapt\u00eame ou toute f\u00eate familiale).","og_url":"https:\/\/ml-locations.be\/nl\/locations\/machine-a-barbe-a-papa\/","og_site_name":"ML Locations","article_modified_time":"2025-07-16T13:00:07+00:00","og_image":[{"width":350,"height":350,"url":"https:\/\/ml-locations.be\/wp-content\/uploads\/2017\/04\/Machine-a-barbe-a-papa.jpg","type":"image\/jpeg"}],"twitter_card":"summary_large_image","twitter_misc":{"Geschatte leestijd":"1 minuut"},"schema":{"@context":"https:\/\/schema.org","@graph":[{"@type":"WebPage","@id":"https:\/\/ml-locations.be\/nl\/locations\/machine-a-barbe-a-papa\/","url":"https:\/\/ml-locations.be\/nl\/locations\/machine-a-barbe-a-papa\/","name":"Machine \u00e0 Barbe \u00e0 Papa | ML Locations","isPartOf":{"@id":"https:\/\/ml-locations.be\/nl\/#website"},"primaryImageOfPage":{"@id":"https:\/\/ml-locations.be\/nl\/locations\/machine-a-barbe-a-papa\/#primaryimage"},"image":{"@id":"https:\/\/ml-locations.be\/nl\/locations\/machine-a-barbe-a-papa\/#primaryimage"},"thumbnailUrl":"https:\/\/ml-locations.be\/wp-content\/uploads\/2017\/04\/Machine-a-barbe-a-papa.jpg","datePublished":"2017-04-11T12:32:47+00:00","dateModified":"2025-07-16T13:00:07+00:00","breadcrumb":{"@id":"https:\/\/ml-locations.be\/nl\/locations\/machine-a-barbe-a-papa\/#breadcrumb"},"inLanguage":"nl-NL","potentialAction":[{"@type":"ReadAction","target":["https:\/\/ml-locations.be\/nl\/locations\/machine-a-barbe-a-papa\/"]}]},{"@type":"ImageObject","inLanguage":"nl-NL","@id":"https:\/\/ml-locations.be\/nl\/locations\/machine-a-barbe-a-papa\/#primaryimage","url":"https:\/\/ml-locations.be\/wp-content\/uploads\/2017\/04\/Machine-a-barbe-a-papa.jpg","contentUrl":"https:\/\/ml-locations.be\/wp-content\/uploads\/2017\/04\/Machine-a-barbe-a-papa.jpg","width":350,"height":350,"caption":"Machine \u00e0 barbe \u00e0 papa en location"},{"@type":"BreadcrumbList","@id":"https:\/\/ml-locations.be\/nl\/locations\/machine-a-barbe-a-papa\/#breadcrumb","itemListElement":[{"@type":"ListItem","position":1,"name":"Accueil","item":"https:\/\/ml-locations.be\/nl\/"},{"@type":"ListItem","position":2,"name":"Winkel","item":"https:\/\/ml-locations.be\/nl\/winkel\/"},{"@type":"ListItem","position":3,"name":"Machine \u00e0 Barbe \u00e0 Papa"}]},{"@type":"WebSite","@id":"https:\/\/ml-locations.be\/nl\/#website","url":"https:\/\/ml-locations.be\/nl\/","name":"ML Locations","description":"Mat\u00e9riel \u00e9v\u00e9nementiel : location chaise, table et mange debout, mat\u00e9riel horeca, frigos,...","publisher":{"@id":"https:\/\/ml-locations.be\/nl\/#organization"},"potentialAction":[{"@type":"SearchAction","target":{"@type":"EntryPoint","urlTemplate":"https:\/\/ml-locations.be\/nl\/?s={search_term_string}"},"query-input":{"@type":"PropertyValueSpecification","valueRequired":true,"valueName":"search_term_string"}}],"inLanguage":"nl-NL"},{"@type":"Organization","@id":"https:\/\/ml-locations.be\/nl\/#organization","name":"ML Locations","url":"https:\/\/ml-locations.be\/nl\/","logo":{"@type":"ImageObject","inLanguage":"nl-NL","@id":"https:\/\/ml-locations.be\/nl\/#\/schema\/logo\/image\/","url":"https:\/\/ml-locations.be\/wp-content\/uploads\/2018\/05\/LOGO-location-BON.png","contentUrl":"https:\/\/ml-locations.be\/wp-content\/uploads\/2018\/05\/LOGO-location-BON.png","width":1200,"height":1200,"caption":"ML Locations"},"image":{"@id":"https:\/\/ml-locations.be\/nl\/#\/schema\/logo\/image\/"}}]}},"_links":{"self":[{"href":"https:\/\/ml-locations.be\/nl\/wp-json\/wp\/v2\/product\/1613","targetHints":{"allow":["GET"]}}],"collection":[{"href":"https:\/\/ml-locations.be\/nl\/wp-json\/wp\/v2\/product"}],"about":[{"href":"https:\/\/ml-locations.be\/nl\/wp-json\/wp\/v2\/types\/product"}],"wp:featuredmedia":[{"embeddable":true,"href":"https:\/\/ml-locations.be\/nl\/wp-json\/wp\/v2\/media\/2779"}],"wp:attachment":[{"href":"https:\/\/ml-locations.be\/nl\/wp-json\/wp\/v2\/media?parent=1613"}],"wp:term":[{"taxonomy":"product_brand","embeddable":true,"href":"https:\/\/ml-locations.be\/nl\/wp-json\/wp\/v2\/product_brand?post=1613"},{"taxonomy":"product_cat","embeddable":true,"href":"https:\/\/ml-locations.be\/nl\/wp-json\/wp\/v2\/product_cat?post=1613"},{"taxonomy":"product_tag","embeddable":true,"href":"https:\/\/ml-locations.be\/nl\/wp-json\/wp\/v2\/product_tag?post=1613"}],"curies":[{"name":"wp","href":"https:\/\/api.w.org\/{rel}","templated":true}]}}