{"id":1614,"date":"2017-04-11T14:32:47","date_gmt":"2017-04-11T12:32:47","guid":{"rendered":"https:\/\/www.ml-locations.be\/\/locations\/machine-a-pop-corn\/"},"modified":"2018-06-07T14:48:47","modified_gmt":"2018-06-07T12:48:47","slug":"machine-a-pop-corn","status":"publish","type":"product","link":"https:\/\/ml-locations.be\/nl\/locations\/machine-a-pop-corn\/","title":{"rendered":"Machine \u00e0 Pop Corn sur chariot"},"content":{"rendered":"<p>Avec son style r\u00e9tro, <strong>cette machine \u00e0 Pop-Corn<\/strong> fera la joie de tous. Celle-ci est vitr\u00e9e pour plus de s\u00e9curit\u00e9 et gr\u00e2ce \u00e0 son socle en inox, vous pouvez maintenir vos<strong> pop-corn au chaud<\/strong> pendant toute la dur\u00e9e de votre \u00e9v\u00e9nement. La machine \u00e0 pop-corn est une super id\u00e9e de snack qui sera tr\u00e8s appr\u00e9ci\u00e9e de vos invit\u00e9s.<\/p>\n<p>La machine peut \u00eatre d\u00e9plac\u00e9e gr\u00e2ce \u00e0 ses roues.<\/p>\n<p><strong>Dimensions de la machine \u00e0 pop-corn\u00a0<\/strong>:<\/p>\n<ul>\n<li>Hauteur\u00a0: 147 cm,<\/li>\n<li>Longueur\u00a0: 95 cm,<\/li>\n<li>Largeur\u00a0: 50 cm,<\/li>\n<li>Puissance\u00a0: 1140 W.<\/li>\n<\/ul>\n","protected":false},"excerpt":{"rendered":"<p><strong>Machine \u00e0 pop-corn<\/strong>\u00a0sur chariot tr\u00e8s simple d\u2019utilisation. Il suffit de quelques grains de ma\u00efs, d\u2019huile et de sucre et le tour est jou\u00e9.<\/p>\n","protected":false},"featured_media":2746,"template":"","meta":{"_acf_changed":false},"product_brand":[],"product_cat":[43],"product_tag":[],"class_list":{"0":"post-1614","1":"product","2":"type-product","3":"status-publish","4":"has-post-thumbnail","6":"product_cat-jeux-divertissement-en-location","7":"description-off","9":"first","10":"instock","11":"taxable","12":"shipping-taxable","13":"purchasable","14":"product-type-variable"},"acf":[],"yoast_head":"<!-- This site is optimized with the Yoast SEO plugin v25.0 - https:\/\/yoast.com\/wordpress\/plugins\/seo\/ -->\n<title>Machine \u00e0 pop corn sur chariot en location | ML Locations<\/title>\n<meta name=\"description\" content=\"Machine \u00e0 pop corn en location : dot\u00e9e d&#039;un chariot, elle est tr\u00e8s pratique ! Devis gratuit - Livraison possible !\" \/>\n<meta name=\"robots\" content=\"index, follow, max-snippet:-1, max-image-preview:large, max-video-preview:-1\" \/>\n<link rel=\"canonical\" href=\"https:\/\/ml-locations.be\/nl\/locations\/machine-a-pop-corn\/\" \/>\n<meta property=\"og:locale\" content=\"nl_NL\" \/>\n<meta property=\"og:type\" content=\"article\" \/>\n<meta property=\"og:title\" content=\"Machine \u00e0 pop corn sur chariot en location | ML Locations\" \/>\n<meta property=\"og:description\" content=\"Machine \u00e0 pop corn en location : dot\u00e9e d&#039;un chariot, elle est tr\u00e8s pratique ! Devis gratuit - Livraison possible !\" \/>\n<meta property=\"og:url\" content=\"https:\/\/ml-locations.be\/nl\/locations\/machine-a-pop-corn\/\" \/>\n<meta property=\"og:site_name\" content=\"ML Locations\" \/>\n<meta property=\"article:modified_time\" content=\"2018-06-07T12:48:47+00:00\" \/>\n<meta property=\"og:image\" content=\"https:\/\/ml-locations.be\/wp-content\/uploads\/2017\/04\/machine-a-pop-corn.jpg\" \/>\n\t<meta property=\"og:image:width\" content=\"564\" \/>\n\t<meta property=\"og:image:height\" content=\"846\" \/>\n\t<meta property=\"og:image:type\" content=\"image\/jpeg\" \/>\n<meta name=\"twitter:card\" content=\"summary_large_image\" \/>\n<script type=\"application\/ld+json\" class=\"yoast-schema-graph\">{\"@context\":\"https:\/\/schema.org\",\"@graph\":[{\"@type\":\"WebPage\",\"@id\":\"https:\/\/ml-locations.be\/nl\/locations\/machine-a-pop-corn\/\",\"url\":\"https:\/\/ml-locations.be\/nl\/locations\/machine-a-pop-corn\/\",\"name\":\"Machine \u00e0 pop corn sur chariot en location | ML Locations\",\"isPartOf\":{\"@id\":\"https:\/\/ml-locations.be\/nl\/#website\"},\"primaryImageOfPage\":{\"@id\":\"https:\/\/ml-locations.be\/nl\/locations\/machine-a-pop-corn\/#primaryimage\"},\"image\":{\"@id\":\"https:\/\/ml-locations.be\/nl\/locations\/machine-a-pop-corn\/#primaryimage\"},\"thumbnailUrl\":\"https:\/\/ml-locations.be\/wp-content\/uploads\/2017\/04\/machine-a-pop-corn.jpg\",\"datePublished\":\"2017-04-11T12:32:47+00:00\",\"dateModified\":\"2018-06-07T12:48:47+00:00\",\"description\":\"Machine \u00e0 pop corn en location : dot\u00e9e d'un chariot, elle est tr\u00e8s pratique ! Devis gratuit - Livraison possible !\",\"breadcrumb\":{\"@id\":\"https:\/\/ml-locations.be\/nl\/locations\/machine-a-pop-corn\/#breadcrumb\"},\"inLanguage\":\"nl-NL\",\"potentialAction\":[{\"@type\":\"ReadAction\",\"target\":[\"https:\/\/ml-locations.be\/nl\/locations\/machine-a-pop-corn\/\"]}]},{\"@type\":\"ImageObject\",\"inLanguage\":\"nl-NL\",\"@id\":\"https:\/\/ml-locations.be\/nl\/locations\/machine-a-pop-corn\/#primaryimage\",\"url\":\"https:\/\/ml-locations.be\/wp-content\/uploads\/2017\/04\/machine-a-pop-corn.jpg\",\"contentUrl\":\"https:\/\/ml-locations.be\/wp-content\/uploads\/2017\/04\/machine-a-pop-corn.jpg\",\"width\":564,\"height\":846,\"caption\":\"machine \u00e0 pop corn en location\"},{\"@type\":\"BreadcrumbList\",\"@id\":\"https:\/\/ml-locations.be\/nl\/locations\/machine-a-pop-corn\/#breadcrumb\",\"itemListElement\":[{\"@type\":\"ListItem\",\"position\":1,\"name\":\"Accueil\",\"item\":\"https:\/\/ml-locations.be\/nl\/\"},{\"@type\":\"ListItem\",\"position\":2,\"name\":\"Winkel\",\"item\":\"https:\/\/ml-locations.be\/nl\/winkel\/\"},{\"@type\":\"ListItem\",\"position\":3,\"name\":\"Machine \u00e0 Pop Corn sur chariot\"}]},{\"@type\":\"WebSite\",\"@id\":\"https:\/\/ml-locations.be\/nl\/#website\",\"url\":\"https:\/\/ml-locations.be\/nl\/\",\"name\":\"ML Locations\",\"description\":\"Mat\u00e9riel \u00e9v\u00e9nementiel : location chaise, table et mange debout, mat\u00e9riel horeca, frigos,...\",\"publisher\":{\"@id\":\"https:\/\/ml-locations.be\/nl\/#organization\"},\"potentialAction\":[{\"@type\":\"SearchAction\",\"target\":{\"@type\":\"EntryPoint\",\"urlTemplate\":\"https:\/\/ml-locations.be\/nl\/?s={search_term_string}\"},\"query-input\":{\"@type\":\"PropertyValueSpecification\",\"valueRequired\":true,\"valueName\":\"search_term_string\"}}],\"inLanguage\":\"nl-NL\"},{\"@type\":\"Organization\",\"@id\":\"https:\/\/ml-locations.be\/nl\/#organization\",\"name\":\"ML Locations\",\"url\":\"https:\/\/ml-locations.be\/nl\/\",\"logo\":{\"@type\":\"ImageObject\",\"inLanguage\":\"nl-NL\",\"@id\":\"https:\/\/ml-locations.be\/nl\/#\/schema\/logo\/image\/\",\"url\":\"https:\/\/ml-locations.be\/wp-content\/uploads\/2018\/05\/LOGO-location-BON.png\",\"contentUrl\":\"https:\/\/ml-locations.be\/wp-content\/uploads\/2018\/05\/LOGO-location-BON.png\",\"width\":1200,\"height\":1200,\"caption\":\"ML Locations\"},\"image\":{\"@id\":\"https:\/\/ml-locations.be\/nl\/#\/schema\/logo\/image\/\"}}]}<\/script>\n<!-- \/ Yoast SEO plugin. -->","yoast_head_json":{"title":"Machine \u00e0 pop corn sur chariot en location | ML Locations","description":"Machine \u00e0 pop corn en location : dot\u00e9e d'un chariot, elle est tr\u00e8s pratique ! Devis gratuit - Livraison possible !","robots":{"index":"index","follow":"follow","max-snippet":"max-snippet:-1","max-image-preview":"max-image-preview:large","max-video-preview":"max-video-preview:-1"},"canonical":"https:\/\/ml-locations.be\/nl\/locations\/machine-a-pop-corn\/","og_locale":"nl_NL","og_type":"article","og_title":"Machine \u00e0 pop corn sur chariot en location | ML Locations","og_description":"Machine \u00e0 pop corn en location : dot\u00e9e d'un chariot, elle est tr\u00e8s pratique ! Devis gratuit - Livraison possible !","og_url":"https:\/\/ml-locations.be\/nl\/locations\/machine-a-pop-corn\/","og_site_name":"ML Locations","article_modified_time":"2018-06-07T12:48:47+00:00","og_image":[{"width":564,"height":846,"url":"https:\/\/ml-locations.be\/wp-content\/uploads\/2017\/04\/machine-a-pop-corn.jpg","type":"image\/jpeg"}],"twitter_card":"summary_large_image","schema":{"@context":"https:\/\/schema.org","@graph":[{"@type":"WebPage","@id":"https:\/\/ml-locations.be\/nl\/locations\/machine-a-pop-corn\/","url":"https:\/\/ml-locations.be\/nl\/locations\/machine-a-pop-corn\/","name":"Machine \u00e0 pop corn sur chariot en location | ML Locations","isPartOf":{"@id":"https:\/\/ml-locations.be\/nl\/#website"},"primaryImageOfPage":{"@id":"https:\/\/ml-locations.be\/nl\/locations\/machine-a-pop-corn\/#primaryimage"},"image":{"@id":"https:\/\/ml-locations.be\/nl\/locations\/machine-a-pop-corn\/#primaryimage"},"thumbnailUrl":"https:\/\/ml-locations.be\/wp-content\/uploads\/2017\/04\/machine-a-pop-corn.jpg","datePublished":"2017-04-11T12:32:47+00:00","dateModified":"2018-06-07T12:48:47+00:00","description":"Machine \u00e0 pop corn en location : dot\u00e9e d'un chariot, elle est tr\u00e8s pratique ! Devis gratuit - Livraison possible !","breadcrumb":{"@id":"https:\/\/ml-locations.be\/nl\/locations\/machine-a-pop-corn\/#breadcrumb"},"inLanguage":"nl-NL","potentialAction":[{"@type":"ReadAction","target":["https:\/\/ml-locations.be\/nl\/locations\/machine-a-pop-corn\/"]}]},{"@type":"ImageObject","inLanguage":"nl-NL","@id":"https:\/\/ml-locations.be\/nl\/locations\/machine-a-pop-corn\/#primaryimage","url":"https:\/\/ml-locations.be\/wp-content\/uploads\/2017\/04\/machine-a-pop-corn.jpg","contentUrl":"https:\/\/ml-locations.be\/wp-content\/uploads\/2017\/04\/machine-a-pop-corn.jpg","width":564,"height":846,"caption":"machine \u00e0 pop corn en location"},{"@type":"BreadcrumbList","@id":"https:\/\/ml-locations.be\/nl\/locations\/machine-a-pop-corn\/#breadcrumb","itemListElement":[{"@type":"ListItem","position":1,"name":"Accueil","item":"https:\/\/ml-locations.be\/nl\/"},{"@type":"ListItem","position":2,"name":"Winkel","item":"https:\/\/ml-locations.be\/nl\/winkel\/"},{"@type":"ListItem","position":3,"name":"Machine \u00e0 Pop Corn sur chariot"}]},{"@type":"WebSite","@id":"https:\/\/ml-locations.be\/nl\/#website","url":"https:\/\/ml-locations.be\/nl\/","name":"ML Locations","description":"Mat\u00e9riel \u00e9v\u00e9nementiel : location chaise, table et mange debout, mat\u00e9riel horeca, frigos,...","publisher":{"@id":"https:\/\/ml-locations.be\/nl\/#organization"},"potentialAction":[{"@type":"SearchAction","target":{"@type":"EntryPoint","urlTemplate":"https:\/\/ml-locations.be\/nl\/?s={search_term_string}"},"query-input":{"@type":"PropertyValueSpecification","valueRequired":true,"valueName":"search_term_string"}}],"inLanguage":"nl-NL"},{"@type":"Organization","@id":"https:\/\/ml-locations.be\/nl\/#organization","name":"ML Locations","url":"https:\/\/ml-locations.be\/nl\/","logo":{"@type":"ImageObject","inLanguage":"nl-NL","@id":"https:\/\/ml-locations.be\/nl\/#\/schema\/logo\/image\/","url":"https:\/\/ml-locations.be\/wp-content\/uploads\/2018\/05\/LOGO-location-BON.png","contentUrl":"https:\/\/ml-locations.be\/wp-content\/uploads\/2018\/05\/LOGO-location-BON.png","width":1200,"height":1200,"caption":"ML Locations"},"image":{"@id":"https:\/\/ml-locations.be\/nl\/#\/schema\/logo\/image\/"}}]}},"_links":{"self":[{"href":"https:\/\/ml-locations.be\/nl\/wp-json\/wp\/v2\/product\/1614","targetHints":{"allow":["GET"]}}],"collection":[{"href":"https:\/\/ml-locations.be\/nl\/wp-json\/wp\/v2\/product"}],"about":[{"href":"https:\/\/ml-locations.be\/nl\/wp-json\/wp\/v2\/types\/product"}],"wp:featuredmedia":[{"embeddable":true,"href":"https:\/\/ml-locations.be\/nl\/wp-json\/wp\/v2\/media\/2746"}],"wp:attachment":[{"href":"https:\/\/ml-locations.be\/nl\/wp-json\/wp\/v2\/media?parent=1614"}],"wp:term":[{"taxonomy":"product_brand","embeddable":true,"href":"https:\/\/ml-locations.be\/nl\/wp-json\/wp\/v2\/product_brand?post=1614"},{"taxonomy":"product_cat","embeddable":true,"href":"https:\/\/ml-locations.be\/nl\/wp-json\/wp\/v2\/product_cat?post=1614"},{"taxonomy":"product_tag","embeddable":true,"href":"https:\/\/ml-locations.be\/nl\/wp-json\/wp\/v2\/product_tag?post=1614"}],"curies":[{"name":"wp","href":"https:\/\/api.w.org\/{rel}","templated":true}]}}