{"id":1616,"date":"2017-04-11T14:32:51","date_gmt":"2017-04-11T12:32:51","guid":{"rendered":"https:\/\/www.ml-locations.be\/\/locations\/fontasy-animation-photo\/"},"modified":"2026-01-22T09:47:47","modified_gmt":"2026-01-22T08:47:47","slug":"location-photobooth-fontasy-animation-photo","status":"publish","type":"product","link":"https:\/\/ml-locations.be\/nl\/locations\/location-photobooth-fontasy-animation-photo\/","title":{"rendered":"Fontasy (animation photo)"},"content":{"rendered":"<h2>L&#8217;animation photo &#8220;FONTASY&#8221; : un photobooth parfait pour mettre en valeur votre image de marque!<\/h2>\n<p><strong>Un concept de photo booth innovant qui transforme votre silhouette avec des mots !<\/strong><\/p>\n<p><em>La FONTasy est un dispositif photo (ou photo booth) qui consiste a\u0300 offrir a\u0300 vos convives une photo d\u2019eux retravaille\u0301e de manie\u0300re ludique, originale et esthe\u0301tique afin de conserver un souvenir ine\u0301dit.<\/em><\/p>\n<p>La personne se place en face du dispositif. Son visage est capture\u0301 par une webcam dans un format portrait (jusqu\u2019au de\u0301but des e\u0301paules). La silhouette est ensuite transforme\u0301e et interpre\u0301te\u0301e a\u0300 l\u2019aide de diffe\u0301rents mots e\u0301crits dans diffe\u0301rentes polices d\u2019e\u0301criture.<\/p>\n<p>Vous choisissez le spectre colorime\u0301trique ainsi que les mots qui composent l\u2019image. La FONTasy permet la mise en relief d\u2019une se\u0301rie de mots et de the\u0300mes lie\u0301s aux caracte\u0301ristiques de votre e\u0301ve\u0301nement, de votre entreprise ou du the\u0300me que vous souhaitez souligner.<\/p>\n<p>&nbsp;<\/p>\n<p><strong>Informations et caract\u00e9ristiques de l&#8217;animation photo FONTasy:<\/strong><\/p>\n<ul>\n<li>Votre logo, slogan, message imprime\u0301 sur la photo<\/li>\n<li>Vous choisissez les mots qui composeront la photo<\/li>\n<li>Dimensions de la photo : 10&#215;15 cm<\/li>\n<li>Photo de tre\u0300s haute qualite\u0301<\/li>\n<li>Montage et de\u0301montage du dispositif par nos soins<\/li>\n<li>Un technicien est mis a\u0300 disposition pendant toute la dure\u0301e de l\u2019e\u0301ve\u0301nement<\/li>\n<li>Nous pre\u0301voyons l\u2019ho\u0302tesse en charge de l\u2019accueil et de l\u2019animation<\/li>\n<li>Toutes les images vous sont remises apre\u0300s l\u2019e\u0301ve\u0301nement sous forme nume\u0301rique<\/li>\n<li>Cre\u0301ation d\u2019une page web contenant toutes les photos (en option)<\/li>\n<li>Projection des photos sur e\u0301cran (en option)<\/li>\n<\/ul>\n<p><strong>Caract\u00e9ristiques et conditions :<\/strong><\/p>\n<ul>\n<li>Pre\u0301voir un acce\u0300s aise\u0301.<\/li>\n<li>Tempe\u0301rature entre 15\u00b0c et 30\u00b0 c.<\/li>\n<li>Espace minimum de 3m\/2m.<\/li>\n<li>Une prise de courant de 220v stable, 16 ampe\u0300res.<\/li>\n<\/ul>\n","protected":false},"excerpt":{"rendered":"<p>Notre Fontasy\u00a0(photo booth) est une <strong>animation photo<\/strong> qui vous permet d\u2019obtenir des <strong>photos originales<\/strong> de vos invit\u00e9s. La silhouette de l&#8217;invit\u00e9 photographi\u00e9 est transform\u00e9e et interpr\u00e9t\u00e9e \u00e0 l\u2019aide de diff\u00e9rents mots \u00e9crits.<\/p>\n","protected":false},"featured_media":2127,"template":"","meta":{"_acf_changed":false},"product_brand":[],"product_cat":[43,142],"product_tag":[228,226,227,213],"class_list":{"0":"post-1616","1":"product","2":"type-product","3":"status-publish","4":"has-post-thumbnail","6":"product_cat-jeux-divertissement-en-location","7":"product_cat-animations-photo-photomaton-a-louer","8":"product_tag-228","9":"product_tag-banquets","10":"product_tag-ceremonies","11":"product_tag-location-de-materiel-de-reception-mariages","12":"description-off","14":"first","15":"instock","16":"taxable","17":"shipping-taxable","18":"purchasable","19":"product-type-simple"},"acf":[],"yoast_head":"<!-- This site is optimized with the Yoast SEO plugin v25.0 - https:\/\/yoast.com\/wordpress\/plugins\/seo\/ -->\n<title>Fontasy (animation photo) | ML Locations<\/title>\n<meta name=\"robots\" content=\"index, follow, max-snippet:-1, max-image-preview:large, max-video-preview:-1\" \/>\n<link rel=\"canonical\" href=\"https:\/\/ml-locations.be\/nl\/locations\/location-photobooth-fontasy-animation-photo\/\" \/>\n<meta property=\"og:locale\" content=\"nl_NL\" \/>\n<meta property=\"og:type\" content=\"article\" \/>\n<meta property=\"og:title\" content=\"Fontasy (animation photo) | ML Locations\" \/>\n<meta property=\"og:description\" content=\"Notre Fontasy\u00a0(photo booth) est une animation photo qui vous permet d\u2019obtenir des photos originales de vos invit\u00e9s. La silhouette de l&#039;invit\u00e9 photographi\u00e9 est transform\u00e9e et interpr\u00e9t\u00e9e \u00e0 l\u2019aide de diff\u00e9rents mots \u00e9crits.\" \/>\n<meta property=\"og:url\" content=\"https:\/\/ml-locations.be\/nl\/locations\/location-photobooth-fontasy-animation-photo\/\" \/>\n<meta property=\"og:site_name\" content=\"ML Locations\" \/>\n<meta property=\"article:modified_time\" content=\"2026-01-22T08:47:47+00:00\" \/>\n<meta property=\"og:image\" content=\"https:\/\/ml-locations.be\/wp-content\/uploads\/2017\/04\/FONTASY-animation-photo-en-location-photobooth-evenement-e1492005053444.png\" \/>\n\t<meta property=\"og:image:width\" content=\"1200\" \/>\n\t<meta property=\"og:image:height\" content=\"677\" \/>\n\t<meta property=\"og:image:type\" content=\"image\/png\" \/>\n<meta name=\"twitter:card\" content=\"summary_large_image\" \/>\n<meta name=\"twitter:label1\" content=\"Geschatte leestijd\" \/>\n\t<meta name=\"twitter:data1\" content=\"2 minuten\" \/>\n<script type=\"application\/ld+json\" class=\"yoast-schema-graph\">{\"@context\":\"https:\/\/schema.org\",\"@graph\":[{\"@type\":\"WebPage\",\"@id\":\"https:\/\/ml-locations.be\/nl\/locations\/location-photobooth-fontasy-animation-photo\/\",\"url\":\"https:\/\/ml-locations.be\/nl\/locations\/location-photobooth-fontasy-animation-photo\/\",\"name\":\"Fontasy (animation photo) | ML Locations\",\"isPartOf\":{\"@id\":\"https:\/\/ml-locations.be\/nl\/#website\"},\"primaryImageOfPage\":{\"@id\":\"https:\/\/ml-locations.be\/nl\/locations\/location-photobooth-fontasy-animation-photo\/#primaryimage\"},\"image\":{\"@id\":\"https:\/\/ml-locations.be\/nl\/locations\/location-photobooth-fontasy-animation-photo\/#primaryimage\"},\"thumbnailUrl\":\"https:\/\/ml-locations.be\/wp-content\/uploads\/2017\/04\/FONTASY-animation-photo-en-location-photobooth-evenement-e1492005053444.png\",\"datePublished\":\"2017-04-11T12:32:51+00:00\",\"dateModified\":\"2026-01-22T08:47:47+00:00\",\"breadcrumb\":{\"@id\":\"https:\/\/ml-locations.be\/nl\/locations\/location-photobooth-fontasy-animation-photo\/#breadcrumb\"},\"inLanguage\":\"nl-NL\",\"potentialAction\":[{\"@type\":\"ReadAction\",\"target\":[\"https:\/\/ml-locations.be\/nl\/locations\/location-photobooth-fontasy-animation-photo\/\"]}]},{\"@type\":\"ImageObject\",\"inLanguage\":\"nl-NL\",\"@id\":\"https:\/\/ml-locations.be\/nl\/locations\/location-photobooth-fontasy-animation-photo\/#primaryimage\",\"url\":\"https:\/\/ml-locations.be\/wp-content\/uploads\/2017\/04\/FONTASY-animation-photo-en-location-photobooth-evenement-e1492005053444.png\",\"contentUrl\":\"https:\/\/ml-locations.be\/wp-content\/uploads\/2017\/04\/FONTASY-animation-photo-en-location-photobooth-evenement-e1492005053444.png\",\"width\":1200,\"height\":677,\"caption\":\"FONTASY - animation photo en location - photobooth evenement\"},{\"@type\":\"BreadcrumbList\",\"@id\":\"https:\/\/ml-locations.be\/nl\/locations\/location-photobooth-fontasy-animation-photo\/#breadcrumb\",\"itemListElement\":[{\"@type\":\"ListItem\",\"position\":1,\"name\":\"Accueil\",\"item\":\"https:\/\/ml-locations.be\/nl\/\"},{\"@type\":\"ListItem\",\"position\":2,\"name\":\"Winkel\",\"item\":\"https:\/\/ml-locations.be\/nl\/winkel\/\"},{\"@type\":\"ListItem\",\"position\":3,\"name\":\"Fontasy (animation photo)\"}]},{\"@type\":\"WebSite\",\"@id\":\"https:\/\/ml-locations.be\/nl\/#website\",\"url\":\"https:\/\/ml-locations.be\/nl\/\",\"name\":\"ML Locations\",\"description\":\"Mat\u00e9riel \u00e9v\u00e9nementiel : location chaise, table et mange debout, mat\u00e9riel horeca, frigos,...\",\"publisher\":{\"@id\":\"https:\/\/ml-locations.be\/nl\/#organization\"},\"potentialAction\":[{\"@type\":\"SearchAction\",\"target\":{\"@type\":\"EntryPoint\",\"urlTemplate\":\"https:\/\/ml-locations.be\/nl\/?s={search_term_string}\"},\"query-input\":{\"@type\":\"PropertyValueSpecification\",\"valueRequired\":true,\"valueName\":\"search_term_string\"}}],\"inLanguage\":\"nl-NL\"},{\"@type\":\"Organization\",\"@id\":\"https:\/\/ml-locations.be\/nl\/#organization\",\"name\":\"ML Locations\",\"url\":\"https:\/\/ml-locations.be\/nl\/\",\"logo\":{\"@type\":\"ImageObject\",\"inLanguage\":\"nl-NL\",\"@id\":\"https:\/\/ml-locations.be\/nl\/#\/schema\/logo\/image\/\",\"url\":\"https:\/\/ml-locations.be\/wp-content\/uploads\/2018\/05\/LOGO-location-BON.png\",\"contentUrl\":\"https:\/\/ml-locations.be\/wp-content\/uploads\/2018\/05\/LOGO-location-BON.png\",\"width\":1200,\"height\":1200,\"caption\":\"ML Locations\"},\"image\":{\"@id\":\"https:\/\/ml-locations.be\/nl\/#\/schema\/logo\/image\/\"}}]}<\/script>\n<!-- \/ Yoast SEO plugin. -->","yoast_head_json":{"title":"Fontasy (animation photo) | ML Locations","robots":{"index":"index","follow":"follow","max-snippet":"max-snippet:-1","max-image-preview":"max-image-preview:large","max-video-preview":"max-video-preview:-1"},"canonical":"https:\/\/ml-locations.be\/nl\/locations\/location-photobooth-fontasy-animation-photo\/","og_locale":"nl_NL","og_type":"article","og_title":"Fontasy (animation photo) | ML Locations","og_description":"Notre Fontasy\u00a0(photo booth) est une animation photo qui vous permet d\u2019obtenir des photos originales de vos invit\u00e9s. La silhouette de l'invit\u00e9 photographi\u00e9 est transform\u00e9e et interpr\u00e9t\u00e9e \u00e0 l\u2019aide de diff\u00e9rents mots \u00e9crits.","og_url":"https:\/\/ml-locations.be\/nl\/locations\/location-photobooth-fontasy-animation-photo\/","og_site_name":"ML Locations","article_modified_time":"2026-01-22T08:47:47+00:00","og_image":[{"width":1200,"height":677,"url":"https:\/\/ml-locations.be\/wp-content\/uploads\/2017\/04\/FONTASY-animation-photo-en-location-photobooth-evenement-e1492005053444.png","type":"image\/png"}],"twitter_card":"summary_large_image","twitter_misc":{"Geschatte leestijd":"2 minuten"},"schema":{"@context":"https:\/\/schema.org","@graph":[{"@type":"WebPage","@id":"https:\/\/ml-locations.be\/nl\/locations\/location-photobooth-fontasy-animation-photo\/","url":"https:\/\/ml-locations.be\/nl\/locations\/location-photobooth-fontasy-animation-photo\/","name":"Fontasy (animation photo) | ML Locations","isPartOf":{"@id":"https:\/\/ml-locations.be\/nl\/#website"},"primaryImageOfPage":{"@id":"https:\/\/ml-locations.be\/nl\/locations\/location-photobooth-fontasy-animation-photo\/#primaryimage"},"image":{"@id":"https:\/\/ml-locations.be\/nl\/locations\/location-photobooth-fontasy-animation-photo\/#primaryimage"},"thumbnailUrl":"https:\/\/ml-locations.be\/wp-content\/uploads\/2017\/04\/FONTASY-animation-photo-en-location-photobooth-evenement-e1492005053444.png","datePublished":"2017-04-11T12:32:51+00:00","dateModified":"2026-01-22T08:47:47+00:00","breadcrumb":{"@id":"https:\/\/ml-locations.be\/nl\/locations\/location-photobooth-fontasy-animation-photo\/#breadcrumb"},"inLanguage":"nl-NL","potentialAction":[{"@type":"ReadAction","target":["https:\/\/ml-locations.be\/nl\/locations\/location-photobooth-fontasy-animation-photo\/"]}]},{"@type":"ImageObject","inLanguage":"nl-NL","@id":"https:\/\/ml-locations.be\/nl\/locations\/location-photobooth-fontasy-animation-photo\/#primaryimage","url":"https:\/\/ml-locations.be\/wp-content\/uploads\/2017\/04\/FONTASY-animation-photo-en-location-photobooth-evenement-e1492005053444.png","contentUrl":"https:\/\/ml-locations.be\/wp-content\/uploads\/2017\/04\/FONTASY-animation-photo-en-location-photobooth-evenement-e1492005053444.png","width":1200,"height":677,"caption":"FONTASY - animation photo en location - photobooth evenement"},{"@type":"BreadcrumbList","@id":"https:\/\/ml-locations.be\/nl\/locations\/location-photobooth-fontasy-animation-photo\/#breadcrumb","itemListElement":[{"@type":"ListItem","position":1,"name":"Accueil","item":"https:\/\/ml-locations.be\/nl\/"},{"@type":"ListItem","position":2,"name":"Winkel","item":"https:\/\/ml-locations.be\/nl\/winkel\/"},{"@type":"ListItem","position":3,"name":"Fontasy (animation photo)"}]},{"@type":"WebSite","@id":"https:\/\/ml-locations.be\/nl\/#website","url":"https:\/\/ml-locations.be\/nl\/","name":"ML Locations","description":"Mat\u00e9riel \u00e9v\u00e9nementiel : location chaise, table et mange debout, mat\u00e9riel horeca, frigos,...","publisher":{"@id":"https:\/\/ml-locations.be\/nl\/#organization"},"potentialAction":[{"@type":"SearchAction","target":{"@type":"EntryPoint","urlTemplate":"https:\/\/ml-locations.be\/nl\/?s={search_term_string}"},"query-input":{"@type":"PropertyValueSpecification","valueRequired":true,"valueName":"search_term_string"}}],"inLanguage":"nl-NL"},{"@type":"Organization","@id":"https:\/\/ml-locations.be\/nl\/#organization","name":"ML Locations","url":"https:\/\/ml-locations.be\/nl\/","logo":{"@type":"ImageObject","inLanguage":"nl-NL","@id":"https:\/\/ml-locations.be\/nl\/#\/schema\/logo\/image\/","url":"https:\/\/ml-locations.be\/wp-content\/uploads\/2018\/05\/LOGO-location-BON.png","contentUrl":"https:\/\/ml-locations.be\/wp-content\/uploads\/2018\/05\/LOGO-location-BON.png","width":1200,"height":1200,"caption":"ML Locations"},"image":{"@id":"https:\/\/ml-locations.be\/nl\/#\/schema\/logo\/image\/"}}]}},"_links":{"self":[{"href":"https:\/\/ml-locations.be\/nl\/wp-json\/wp\/v2\/product\/1616","targetHints":{"allow":["GET"]}}],"collection":[{"href":"https:\/\/ml-locations.be\/nl\/wp-json\/wp\/v2\/product"}],"about":[{"href":"https:\/\/ml-locations.be\/nl\/wp-json\/wp\/v2\/types\/product"}],"wp:featuredmedia":[{"embeddable":true,"href":"https:\/\/ml-locations.be\/nl\/wp-json\/wp\/v2\/media\/2127"}],"wp:attachment":[{"href":"https:\/\/ml-locations.be\/nl\/wp-json\/wp\/v2\/media?parent=1616"}],"wp:term":[{"taxonomy":"product_brand","embeddable":true,"href":"https:\/\/ml-locations.be\/nl\/wp-json\/wp\/v2\/product_brand?post=1616"},{"taxonomy":"product_cat","embeddable":true,"href":"https:\/\/ml-locations.be\/nl\/wp-json\/wp\/v2\/product_cat?post=1616"},{"taxonomy":"product_tag","embeddable":true,"href":"https:\/\/ml-locations.be\/nl\/wp-json\/wp\/v2\/product_tag?post=1616"}],"curies":[{"name":"wp","href":"https:\/\/api.w.org\/{rel}","templated":true}]}}