{"id":1617,"date":"2017-04-11T14:32:51","date_gmt":"2017-04-11T12:32:51","guid":{"rendered":"https:\/\/www.ml-locations.be\/\/locations\/paf-animation-photo\/"},"modified":"2026-01-22T09:57:07","modified_gmt":"2026-01-22T08:57:07","slug":"photobooth-paf-animation-photo","status":"publish","type":"product","link":"https:\/\/ml-locations.be\/nl\/locations\/photobooth-paf-animation-photo\/","title":{"rendered":"PAF (animation photo) : un photobooth original"},"content":{"rendered":"<h2>La &#8220;PAF&#8221; : un photobooth original !<\/h2>\n<p><strong>Un concept de photobooth unique qui utilise la photo de manie\u0300re explosive, ludique et technologique.<\/strong><\/p>\n<p><em>Une boi\u0302te, une aiguille et un ballon. Vous entrez dans la cabine photo, une ho\u0302tesse vous accueille avec un ballon de couleur et une aiguille. A l\u2019inte\u0301rieur, la voix automatique vous indique la marche a\u0300 suivre.<\/em><\/p>\n<p>Explosez-le ballon et laissez-vous prendre en photo au moment pre\u0301cis ou\u0300 le ballon explose gra\u0302ce a\u0300 la capture a\u0300 grande vitesse.<\/p>\n<blockquote><p>C&#8217;est le son provoqu\u00e9 par l&#8217;explosion du ballon qui d\u00e9clenche la capture photo !<\/p><\/blockquote>\n<p><strong>Le re\u0301sultat ? Une photo surprenante hilarante !<\/strong><\/p>\n<p>Gra\u0302ce a\u0300 l\u2019e\u0301cran place\u0301 a\u0300 l\u2019exte\u0301rieur de la cabine photo, vos amis sont aux premie\u0300res loges pour assister au re\u0301sultat. La photo est imprime\u0301e et offerte au visiteur a\u0300 la sortie de la cabine.<\/p>\n<p>Il vous suffit d\u2019entrer dans la bo\u00eete avec un ballon et une aiguille et d\u2019\u00e9couter la marche \u00e0 suivre. Laissez-vous surprendre lors du d\u00e9clenchement de la photo et r\u00e9cup\u00e9rez une magnifique photo lorsque vous sortez de la cabine.<\/p>\n<p><strong>Informations et caract\u00e9ristiques de l&#8217;animation photo PAF :<\/strong><\/p>\n<ul>\n<li>Votre logo, slogan message imprime\u0301 sur la photo<\/li>\n<li>Dimensions de la photo : 10&#215;15 cm<\/li>\n<li>Photo de tre\u0300s haute qualite\u0301<\/li>\n<li>Couleur des ballons personnalisable<\/li>\n<li>Les ballons peuvent e\u0302tre remplis (paillettes, flocons, etc)<\/li>\n<li>Montage et de\u0301montage du dispositif par nos soins<\/li>\n<li>Un technicien est mis a\u0300 disposition pendant toute la dure\u0301e de l\u2019e\u0301ve\u0301nement<\/li>\n<li>Nous pre\u0301voyons l\u2019ho\u0302tesse en charge de l\u2019accueil et de l\u2019animation<\/li>\n<li>Toutes les images vous sont remises apre\u0300s l\u2019e\u0301ve\u0301nement sous forme nume\u0301rique<\/li>\n<li>Cre\u0301ation d\u2019une page web contenant toutes les photos (en option)<\/li>\n<li>Projection des photos sur e\u0301cran (en option)<\/li>\n<\/ul>\n<p><strong>Dimensions et conditions d&#8217;utilisation :<\/strong><\/p>\n<ul>\n<li>Pre\u0301voir un acce\u0300s aise\u0301.<\/li>\n<li>Tempe\u0301rature entre 15\u00b0c et 30\u00b0 c.<\/li>\n<li>Espace minimum de 3m\/3m.<\/li>\n<li>Une prise de courant de 220v stable, 16 ampe\u0300res.<\/li>\n<\/ul>\n","protected":false},"excerpt":{"rendered":"<p>Animation photo originale\u00a0: une photo est prise au moment exact o\u00f9 le ballon explose\u00a0! PAF ! Un ballon et une aiguille sont tout ce dont vous avez besoin pour faire votre photo dans ce <strong>photobooth original en location<\/strong>.<\/p>\n","protected":false},"featured_media":1105205,"template":"","meta":{"_acf_changed":false},"product_brand":[],"product_cat":[43,142],"product_tag":[213,205],"class_list":{"0":"post-1617","1":"product","2":"type-product","3":"status-publish","4":"has-post-thumbnail","6":"product_cat-jeux-divertissement-en-location","7":"product_cat-animations-photo-photomaton-a-louer","8":"product_tag-location-de-materiel-de-reception-mariages","9":"product_tag-location-materiel-organisation-soiree","10":"description-off","12":"first","13":"instock","14":"taxable","15":"shipping-taxable","16":"purchasable","17":"product-type-simple"},"acf":[],"yoast_head":"<!-- This site is optimized with the Yoast SEO plugin v25.0 - https:\/\/yoast.com\/wordpress\/plugins\/seo\/ -->\n<title>PAF (animation photo) : un photobooth original | ML Locations<\/title>\n<meta name=\"robots\" content=\"index, follow, max-snippet:-1, max-image-preview:large, max-video-preview:-1\" \/>\n<link rel=\"canonical\" href=\"https:\/\/ml-locations.be\/nl\/locations\/photobooth-paf-animation-photo\/\" \/>\n<meta property=\"og:locale\" content=\"nl_NL\" \/>\n<meta property=\"og:type\" content=\"article\" \/>\n<meta property=\"og:title\" content=\"PAF (animation photo) : un photobooth original | ML Locations\" \/>\n<meta property=\"og:description\" content=\"Animation photo originale\u00a0: une photo est prise au moment exact o\u00f9 le ballon explose\u00a0! PAF ! Un ballon et une aiguille sont tout ce dont vous avez besoin pour faire votre photo dans ce photobooth original en location.\" \/>\n<meta property=\"og:url\" content=\"https:\/\/ml-locations.be\/nl\/locations\/photobooth-paf-animation-photo\/\" \/>\n<meta property=\"og:site_name\" content=\"ML Locations\" \/>\n<meta property=\"article:modified_time\" content=\"2026-01-22T08:57:07+00:00\" \/>\n<meta property=\"og:image\" content=\"https:\/\/ml-locations.be\/wp-content\/uploads\/2017\/04\/591729642_877155814832238_4198803969891690734_n.jpg\" \/>\n\t<meta property=\"og:image:width\" content=\"900\" \/>\n\t<meta property=\"og:image:height\" content=\"1200\" \/>\n\t<meta property=\"og:image:type\" content=\"image\/jpeg\" \/>\n<meta name=\"twitter:card\" content=\"summary_large_image\" \/>\n<meta name=\"twitter:label1\" content=\"Geschatte leestijd\" \/>\n\t<meta name=\"twitter:data1\" content=\"2 minuten\" \/>\n<script type=\"application\/ld+json\" class=\"yoast-schema-graph\">{\"@context\":\"https:\/\/schema.org\",\"@graph\":[{\"@type\":\"WebPage\",\"@id\":\"https:\/\/ml-locations.be\/nl\/locations\/photobooth-paf-animation-photo\/\",\"url\":\"https:\/\/ml-locations.be\/nl\/locations\/photobooth-paf-animation-photo\/\",\"name\":\"PAF (animation photo) : un photobooth original | ML Locations\",\"isPartOf\":{\"@id\":\"https:\/\/ml-locations.be\/nl\/#website\"},\"primaryImageOfPage\":{\"@id\":\"https:\/\/ml-locations.be\/nl\/locations\/photobooth-paf-animation-photo\/#primaryimage\"},\"image\":{\"@id\":\"https:\/\/ml-locations.be\/nl\/locations\/photobooth-paf-animation-photo\/#primaryimage\"},\"thumbnailUrl\":\"https:\/\/ml-locations.be\/wp-content\/uploads\/2017\/04\/591729642_877155814832238_4198803969891690734_n.jpg\",\"datePublished\":\"2017-04-11T12:32:51+00:00\",\"dateModified\":\"2026-01-22T08:57:07+00:00\",\"breadcrumb\":{\"@id\":\"https:\/\/ml-locations.be\/nl\/locations\/photobooth-paf-animation-photo\/#breadcrumb\"},\"inLanguage\":\"nl-NL\",\"potentialAction\":[{\"@type\":\"ReadAction\",\"target\":[\"https:\/\/ml-locations.be\/nl\/locations\/photobooth-paf-animation-photo\/\"]}]},{\"@type\":\"ImageObject\",\"inLanguage\":\"nl-NL\",\"@id\":\"https:\/\/ml-locations.be\/nl\/locations\/photobooth-paf-animation-photo\/#primaryimage\",\"url\":\"https:\/\/ml-locations.be\/wp-content\/uploads\/2017\/04\/591729642_877155814832238_4198803969891690734_n.jpg\",\"contentUrl\":\"https:\/\/ml-locations.be\/wp-content\/uploads\/2017\/04\/591729642_877155814832238_4198803969891690734_n.jpg\",\"width\":900,\"height\":1200},{\"@type\":\"BreadcrumbList\",\"@id\":\"https:\/\/ml-locations.be\/nl\/locations\/photobooth-paf-animation-photo\/#breadcrumb\",\"itemListElement\":[{\"@type\":\"ListItem\",\"position\":1,\"name\":\"Accueil\",\"item\":\"https:\/\/ml-locations.be\/nl\/\"},{\"@type\":\"ListItem\",\"position\":2,\"name\":\"Winkel\",\"item\":\"https:\/\/ml-locations.be\/nl\/winkel\/\"},{\"@type\":\"ListItem\",\"position\":3,\"name\":\"PAF (animation photo) : un photobooth original\"}]},{\"@type\":\"WebSite\",\"@id\":\"https:\/\/ml-locations.be\/nl\/#website\",\"url\":\"https:\/\/ml-locations.be\/nl\/\",\"name\":\"ML Locations\",\"description\":\"Mat\u00e9riel \u00e9v\u00e9nementiel : location chaise, table et mange debout, mat\u00e9riel horeca, frigos,...\",\"publisher\":{\"@id\":\"https:\/\/ml-locations.be\/nl\/#organization\"},\"potentialAction\":[{\"@type\":\"SearchAction\",\"target\":{\"@type\":\"EntryPoint\",\"urlTemplate\":\"https:\/\/ml-locations.be\/nl\/?s={search_term_string}\"},\"query-input\":{\"@type\":\"PropertyValueSpecification\",\"valueRequired\":true,\"valueName\":\"search_term_string\"}}],\"inLanguage\":\"nl-NL\"},{\"@type\":\"Organization\",\"@id\":\"https:\/\/ml-locations.be\/nl\/#organization\",\"name\":\"ML Locations\",\"url\":\"https:\/\/ml-locations.be\/nl\/\",\"logo\":{\"@type\":\"ImageObject\",\"inLanguage\":\"nl-NL\",\"@id\":\"https:\/\/ml-locations.be\/nl\/#\/schema\/logo\/image\/\",\"url\":\"https:\/\/ml-locations.be\/wp-content\/uploads\/2018\/05\/LOGO-location-BON.png\",\"contentUrl\":\"https:\/\/ml-locations.be\/wp-content\/uploads\/2018\/05\/LOGO-location-BON.png\",\"width\":1200,\"height\":1200,\"caption\":\"ML Locations\"},\"image\":{\"@id\":\"https:\/\/ml-locations.be\/nl\/#\/schema\/logo\/image\/\"}}]}<\/script>\n<!-- \/ Yoast SEO plugin. -->","yoast_head_json":{"title":"PAF (animation photo) : un photobooth original | ML Locations","robots":{"index":"index","follow":"follow","max-snippet":"max-snippet:-1","max-image-preview":"max-image-preview:large","max-video-preview":"max-video-preview:-1"},"canonical":"https:\/\/ml-locations.be\/nl\/locations\/photobooth-paf-animation-photo\/","og_locale":"nl_NL","og_type":"article","og_title":"PAF (animation photo) : un photobooth original | ML Locations","og_description":"Animation photo originale\u00a0: une photo est prise au moment exact o\u00f9 le ballon explose\u00a0! PAF ! Un ballon et une aiguille sont tout ce dont vous avez besoin pour faire votre photo dans ce photobooth original en location.","og_url":"https:\/\/ml-locations.be\/nl\/locations\/photobooth-paf-animation-photo\/","og_site_name":"ML Locations","article_modified_time":"2026-01-22T08:57:07+00:00","og_image":[{"width":900,"height":1200,"url":"https:\/\/ml-locations.be\/wp-content\/uploads\/2017\/04\/591729642_877155814832238_4198803969891690734_n.jpg","type":"image\/jpeg"}],"twitter_card":"summary_large_image","twitter_misc":{"Geschatte leestijd":"2 minuten"},"schema":{"@context":"https:\/\/schema.org","@graph":[{"@type":"WebPage","@id":"https:\/\/ml-locations.be\/nl\/locations\/photobooth-paf-animation-photo\/","url":"https:\/\/ml-locations.be\/nl\/locations\/photobooth-paf-animation-photo\/","name":"PAF (animation photo) : un photobooth original | ML Locations","isPartOf":{"@id":"https:\/\/ml-locations.be\/nl\/#website"},"primaryImageOfPage":{"@id":"https:\/\/ml-locations.be\/nl\/locations\/photobooth-paf-animation-photo\/#primaryimage"},"image":{"@id":"https:\/\/ml-locations.be\/nl\/locations\/photobooth-paf-animation-photo\/#primaryimage"},"thumbnailUrl":"https:\/\/ml-locations.be\/wp-content\/uploads\/2017\/04\/591729642_877155814832238_4198803969891690734_n.jpg","datePublished":"2017-04-11T12:32:51+00:00","dateModified":"2026-01-22T08:57:07+00:00","breadcrumb":{"@id":"https:\/\/ml-locations.be\/nl\/locations\/photobooth-paf-animation-photo\/#breadcrumb"},"inLanguage":"nl-NL","potentialAction":[{"@type":"ReadAction","target":["https:\/\/ml-locations.be\/nl\/locations\/photobooth-paf-animation-photo\/"]}]},{"@type":"ImageObject","inLanguage":"nl-NL","@id":"https:\/\/ml-locations.be\/nl\/locations\/photobooth-paf-animation-photo\/#primaryimage","url":"https:\/\/ml-locations.be\/wp-content\/uploads\/2017\/04\/591729642_877155814832238_4198803969891690734_n.jpg","contentUrl":"https:\/\/ml-locations.be\/wp-content\/uploads\/2017\/04\/591729642_877155814832238_4198803969891690734_n.jpg","width":900,"height":1200},{"@type":"BreadcrumbList","@id":"https:\/\/ml-locations.be\/nl\/locations\/photobooth-paf-animation-photo\/#breadcrumb","itemListElement":[{"@type":"ListItem","position":1,"name":"Accueil","item":"https:\/\/ml-locations.be\/nl\/"},{"@type":"ListItem","position":2,"name":"Winkel","item":"https:\/\/ml-locations.be\/nl\/winkel\/"},{"@type":"ListItem","position":3,"name":"PAF (animation photo) : un photobooth original"}]},{"@type":"WebSite","@id":"https:\/\/ml-locations.be\/nl\/#website","url":"https:\/\/ml-locations.be\/nl\/","name":"ML Locations","description":"Mat\u00e9riel \u00e9v\u00e9nementiel : location chaise, table et mange debout, mat\u00e9riel horeca, frigos,...","publisher":{"@id":"https:\/\/ml-locations.be\/nl\/#organization"},"potentialAction":[{"@type":"SearchAction","target":{"@type":"EntryPoint","urlTemplate":"https:\/\/ml-locations.be\/nl\/?s={search_term_string}"},"query-input":{"@type":"PropertyValueSpecification","valueRequired":true,"valueName":"search_term_string"}}],"inLanguage":"nl-NL"},{"@type":"Organization","@id":"https:\/\/ml-locations.be\/nl\/#organization","name":"ML Locations","url":"https:\/\/ml-locations.be\/nl\/","logo":{"@type":"ImageObject","inLanguage":"nl-NL","@id":"https:\/\/ml-locations.be\/nl\/#\/schema\/logo\/image\/","url":"https:\/\/ml-locations.be\/wp-content\/uploads\/2018\/05\/LOGO-location-BON.png","contentUrl":"https:\/\/ml-locations.be\/wp-content\/uploads\/2018\/05\/LOGO-location-BON.png","width":1200,"height":1200,"caption":"ML Locations"},"image":{"@id":"https:\/\/ml-locations.be\/nl\/#\/schema\/logo\/image\/"}}]}},"_links":{"self":[{"href":"https:\/\/ml-locations.be\/nl\/wp-json\/wp\/v2\/product\/1617","targetHints":{"allow":["GET"]}}],"collection":[{"href":"https:\/\/ml-locations.be\/nl\/wp-json\/wp\/v2\/product"}],"about":[{"href":"https:\/\/ml-locations.be\/nl\/wp-json\/wp\/v2\/types\/product"}],"wp:featuredmedia":[{"embeddable":true,"href":"https:\/\/ml-locations.be\/nl\/wp-json\/wp\/v2\/media\/1105205"}],"wp:attachment":[{"href":"https:\/\/ml-locations.be\/nl\/wp-json\/wp\/v2\/media?parent=1617"}],"wp:term":[{"taxonomy":"product_brand","embeddable":true,"href":"https:\/\/ml-locations.be\/nl\/wp-json\/wp\/v2\/product_brand?post=1617"},{"taxonomy":"product_cat","embeddable":true,"href":"https:\/\/ml-locations.be\/nl\/wp-json\/wp\/v2\/product_cat?post=1617"},{"taxonomy":"product_tag","embeddable":true,"href":"https:\/\/ml-locations.be\/nl\/wp-json\/wp\/v2\/product_tag?post=1617"}],"curies":[{"name":"wp","href":"https:\/\/api.w.org\/{rel}","templated":true}]}}