{"id":1621,"date":"2017-04-11T14:32:51","date_gmt":"2017-04-11T12:32:51","guid":{"rendered":"https:\/\/www.ml-locations.be\/\/locations\/lyre-martin-mac-250-krypton\/"},"modified":"2017-05-16T09:45:06","modified_gmt":"2017-05-16T07:45:06","slug":"lyre-martin-mac-250-krypton","status":"publish","type":"product","link":"https:\/\/ml-locations.be\/nl\/locations\/lyre-martin-mac-250-krypton\/","title":{"rendered":"Lyre Martin MAC 250 Krypton"},"content":{"rendered":"<p>Ce <strong>projecteur<\/strong> <strong>MAC 250<\/strong> poss\u00e8de 12 filtres dichro\u00efques interchangeables, 7 gobos rotatifs et interchangeables et un prisme tournant interchangeable \u00e0 3 facettes. Les gobos sont des disques personnalisables, le <strong>spot<\/strong> projettera l\u2019image de votre choix sur n\u2019importe quelle surface durant votre \u00e9v\u00e9nement, permettant ainsi un <strong>\u00e9clairage original<\/strong>. Cette <strong>lyre<\/strong> poss\u00e8de la fonctionnalit\u00e9 de correction automatique si erreur de positionnement, d\u2019effet arc en ciel continu, de mode Shake.<\/p>\n<p>&nbsp;<\/p>\n<p>Vous cherchez d\u2019autres lyres que ce mod\u00e8le\u00a0? Consultez nos autres lyres en locations dans la rubriques \u2018mat\u00e9riel de sonorisation et lumi\u00e8res en location\u2019.<\/p>\n<p>&nbsp;<\/p>\n<p>Dimensions et caract\u00e9ristiques\u00a0:<\/p>\n<ul>\n<li>Hauteur\u00a0: 538 mm,<\/li>\n<li>Longueur\u00a0: 375 mm,<\/li>\n<li>Largeur\u00a0: 315 mm,<\/li>\n<li>Puissance\u00a0: 250 W,<\/li>\n<li>Alimentation\u00a0: 230 V,<\/li>\n<li>Poids\u00a0: 21 kg,<\/li>\n<li>Refroidissement silencieux par ventilation.<\/li>\n<\/ul>\n","protected":false},"excerpt":{"rendered":"<p>La <strong>lyre Mac 250<\/strong> est un jeu de lumi\u00e8re compos\u00e9 de 12 couleurs ainsi que d\u2019une roue de 10 <strong>Gobos<\/strong> fixes, id\u00e9ale pour vos <strong>soir\u00e9es<\/strong>, <strong>concerts<\/strong>, <strong>reveal<\/strong> de voitures,\u2026<\/p>\n","protected":false},"featured_media":2068,"template":"","meta":{"_acf_changed":false},"product_brand":[],"product_cat":[17,19],"product_tag":[205],"class_list":{"0":"post-1621","1":"product","2":"type-product","3":"status-publish","4":"has-post-thumbnail","6":"product_cat-materiel-sono-et-lumieres-en-location","7":"product_cat-materiel-eclairage-et-lumieres-a-louer","8":"product_tag-location-materiel-organisation-soiree","9":"description-off","11":"first","12":"instock","13":"taxable","14":"shipping-taxable","15":"purchasable","16":"product-type-simple"},"acf":[],"yoast_head":"<!-- This site is optimized with the Yoast SEO plugin v25.0 - https:\/\/yoast.com\/wordpress\/plugins\/seo\/ -->\n<title>Lyre Martin MAC 250 Krypton | ML Locations<\/title>\n<meta name=\"robots\" content=\"index, follow, max-snippet:-1, max-image-preview:large, max-video-preview:-1\" \/>\n<link rel=\"canonical\" href=\"https:\/\/ml-locations.be\/nl\/locations\/lyre-martin-mac-250-krypton\/\" \/>\n<meta property=\"og:locale\" content=\"nl_NL\" \/>\n<meta property=\"og:type\" content=\"article\" \/>\n<meta property=\"og:title\" content=\"Lyre Martin MAC 250 Krypton | ML Locations\" \/>\n<meta property=\"og:description\" content=\"La lyre Mac 250 est un jeu de lumi\u00e8re compos\u00e9 de 12 couleurs ainsi que d\u2019une roue de 10 Gobos fixes, id\u00e9ale pour vos soir\u00e9es, concerts, reveal de voitures,\u2026\" \/>\n<meta property=\"og:url\" content=\"https:\/\/ml-locations.be\/nl\/locations\/lyre-martin-mac-250-krypton\/\" \/>\n<meta property=\"og:site_name\" content=\"ML Locations\" \/>\n<meta property=\"article:modified_time\" content=\"2017-05-16T07:45:06+00:00\" \/>\n<meta property=\"og:image\" content=\"https:\/\/ml-locations.be\/wp-content\/uploads\/2017\/04\/lyre-mac-250.jpg\" \/>\n\t<meta property=\"og:image:width\" content=\"1000\" \/>\n\t<meta property=\"og:image:height\" content=\"1000\" \/>\n\t<meta property=\"og:image:type\" content=\"image\/jpeg\" \/>\n<meta name=\"twitter:card\" content=\"summary_large_image\" \/>\n<meta name=\"twitter:label1\" content=\"Geschatte leestijd\" \/>\n\t<meta name=\"twitter:data1\" content=\"1 minuut\" \/>\n<script type=\"application\/ld+json\" class=\"yoast-schema-graph\">{\"@context\":\"https:\/\/schema.org\",\"@graph\":[{\"@type\":\"WebPage\",\"@id\":\"https:\/\/ml-locations.be\/nl\/locations\/lyre-martin-mac-250-krypton\/\",\"url\":\"https:\/\/ml-locations.be\/nl\/locations\/lyre-martin-mac-250-krypton\/\",\"name\":\"Lyre Martin MAC 250 Krypton | ML Locations\",\"isPartOf\":{\"@id\":\"https:\/\/ml-locations.be\/nl\/#website\"},\"primaryImageOfPage\":{\"@id\":\"https:\/\/ml-locations.be\/nl\/locations\/lyre-martin-mac-250-krypton\/#primaryimage\"},\"image\":{\"@id\":\"https:\/\/ml-locations.be\/nl\/locations\/lyre-martin-mac-250-krypton\/#primaryimage\"},\"thumbnailUrl\":\"https:\/\/ml-locations.be\/wp-content\/uploads\/2017\/04\/lyre-mac-250.jpg\",\"datePublished\":\"2017-04-11T12:32:51+00:00\",\"dateModified\":\"2017-05-16T07:45:06+00:00\",\"breadcrumb\":{\"@id\":\"https:\/\/ml-locations.be\/nl\/locations\/lyre-martin-mac-250-krypton\/#breadcrumb\"},\"inLanguage\":\"nl-NL\",\"potentialAction\":[{\"@type\":\"ReadAction\",\"target\":[\"https:\/\/ml-locations.be\/nl\/locations\/lyre-martin-mac-250-krypton\/\"]}]},{\"@type\":\"ImageObject\",\"inLanguage\":\"nl-NL\",\"@id\":\"https:\/\/ml-locations.be\/nl\/locations\/lyre-martin-mac-250-krypton\/#primaryimage\",\"url\":\"https:\/\/ml-locations.be\/wp-content\/uploads\/2017\/04\/lyre-mac-250.jpg\",\"contentUrl\":\"https:\/\/ml-locations.be\/wp-content\/uploads\/2017\/04\/lyre-mac-250.jpg\",\"width\":1000,\"height\":1000,\"caption\":\"location de lyre mac 250\"},{\"@type\":\"BreadcrumbList\",\"@id\":\"https:\/\/ml-locations.be\/nl\/locations\/lyre-martin-mac-250-krypton\/#breadcrumb\",\"itemListElement\":[{\"@type\":\"ListItem\",\"position\":1,\"name\":\"Accueil\",\"item\":\"https:\/\/ml-locations.be\/nl\/\"},{\"@type\":\"ListItem\",\"position\":2,\"name\":\"Winkel\",\"item\":\"https:\/\/ml-locations.be\/nl\/winkel\/\"},{\"@type\":\"ListItem\",\"position\":3,\"name\":\"Lyre Martin MAC 250 Krypton\"}]},{\"@type\":\"WebSite\",\"@id\":\"https:\/\/ml-locations.be\/nl\/#website\",\"url\":\"https:\/\/ml-locations.be\/nl\/\",\"name\":\"ML Locations\",\"description\":\"Mat\u00e9riel \u00e9v\u00e9nementiel : location chaise, table et mange debout, mat\u00e9riel horeca, frigos,...\",\"publisher\":{\"@id\":\"https:\/\/ml-locations.be\/nl\/#organization\"},\"potentialAction\":[{\"@type\":\"SearchAction\",\"target\":{\"@type\":\"EntryPoint\",\"urlTemplate\":\"https:\/\/ml-locations.be\/nl\/?s={search_term_string}\"},\"query-input\":{\"@type\":\"PropertyValueSpecification\",\"valueRequired\":true,\"valueName\":\"search_term_string\"}}],\"inLanguage\":\"nl-NL\"},{\"@type\":\"Organization\",\"@id\":\"https:\/\/ml-locations.be\/nl\/#organization\",\"name\":\"ML Locations\",\"url\":\"https:\/\/ml-locations.be\/nl\/\",\"logo\":{\"@type\":\"ImageObject\",\"inLanguage\":\"nl-NL\",\"@id\":\"https:\/\/ml-locations.be\/nl\/#\/schema\/logo\/image\/\",\"url\":\"https:\/\/ml-locations.be\/wp-content\/uploads\/2018\/05\/LOGO-location-BON.png\",\"contentUrl\":\"https:\/\/ml-locations.be\/wp-content\/uploads\/2018\/05\/LOGO-location-BON.png\",\"width\":1200,\"height\":1200,\"caption\":\"ML Locations\"},\"image\":{\"@id\":\"https:\/\/ml-locations.be\/nl\/#\/schema\/logo\/image\/\"}}]}<\/script>\n<!-- \/ Yoast SEO plugin. -->","yoast_head_json":{"title":"Lyre Martin MAC 250 Krypton | ML Locations","robots":{"index":"index","follow":"follow","max-snippet":"max-snippet:-1","max-image-preview":"max-image-preview:large","max-video-preview":"max-video-preview:-1"},"canonical":"https:\/\/ml-locations.be\/nl\/locations\/lyre-martin-mac-250-krypton\/","og_locale":"nl_NL","og_type":"article","og_title":"Lyre Martin MAC 250 Krypton | ML Locations","og_description":"La lyre Mac 250 est un jeu de lumi\u00e8re compos\u00e9 de 12 couleurs ainsi que d\u2019une roue de 10 Gobos fixes, id\u00e9ale pour vos soir\u00e9es, concerts, reveal de voitures,\u2026","og_url":"https:\/\/ml-locations.be\/nl\/locations\/lyre-martin-mac-250-krypton\/","og_site_name":"ML Locations","article_modified_time":"2017-05-16T07:45:06+00:00","og_image":[{"width":1000,"height":1000,"url":"https:\/\/ml-locations.be\/wp-content\/uploads\/2017\/04\/lyre-mac-250.jpg","type":"image\/jpeg"}],"twitter_card":"summary_large_image","twitter_misc":{"Geschatte leestijd":"1 minuut"},"schema":{"@context":"https:\/\/schema.org","@graph":[{"@type":"WebPage","@id":"https:\/\/ml-locations.be\/nl\/locations\/lyre-martin-mac-250-krypton\/","url":"https:\/\/ml-locations.be\/nl\/locations\/lyre-martin-mac-250-krypton\/","name":"Lyre Martin MAC 250 Krypton | ML Locations","isPartOf":{"@id":"https:\/\/ml-locations.be\/nl\/#website"},"primaryImageOfPage":{"@id":"https:\/\/ml-locations.be\/nl\/locations\/lyre-martin-mac-250-krypton\/#primaryimage"},"image":{"@id":"https:\/\/ml-locations.be\/nl\/locations\/lyre-martin-mac-250-krypton\/#primaryimage"},"thumbnailUrl":"https:\/\/ml-locations.be\/wp-content\/uploads\/2017\/04\/lyre-mac-250.jpg","datePublished":"2017-04-11T12:32:51+00:00","dateModified":"2017-05-16T07:45:06+00:00","breadcrumb":{"@id":"https:\/\/ml-locations.be\/nl\/locations\/lyre-martin-mac-250-krypton\/#breadcrumb"},"inLanguage":"nl-NL","potentialAction":[{"@type":"ReadAction","target":["https:\/\/ml-locations.be\/nl\/locations\/lyre-martin-mac-250-krypton\/"]}]},{"@type":"ImageObject","inLanguage":"nl-NL","@id":"https:\/\/ml-locations.be\/nl\/locations\/lyre-martin-mac-250-krypton\/#primaryimage","url":"https:\/\/ml-locations.be\/wp-content\/uploads\/2017\/04\/lyre-mac-250.jpg","contentUrl":"https:\/\/ml-locations.be\/wp-content\/uploads\/2017\/04\/lyre-mac-250.jpg","width":1000,"height":1000,"caption":"location de lyre mac 250"},{"@type":"BreadcrumbList","@id":"https:\/\/ml-locations.be\/nl\/locations\/lyre-martin-mac-250-krypton\/#breadcrumb","itemListElement":[{"@type":"ListItem","position":1,"name":"Accueil","item":"https:\/\/ml-locations.be\/nl\/"},{"@type":"ListItem","position":2,"name":"Winkel","item":"https:\/\/ml-locations.be\/nl\/winkel\/"},{"@type":"ListItem","position":3,"name":"Lyre Martin MAC 250 Krypton"}]},{"@type":"WebSite","@id":"https:\/\/ml-locations.be\/nl\/#website","url":"https:\/\/ml-locations.be\/nl\/","name":"ML Locations","description":"Mat\u00e9riel \u00e9v\u00e9nementiel : location chaise, table et mange debout, mat\u00e9riel horeca, frigos,...","publisher":{"@id":"https:\/\/ml-locations.be\/nl\/#organization"},"potentialAction":[{"@type":"SearchAction","target":{"@type":"EntryPoint","urlTemplate":"https:\/\/ml-locations.be\/nl\/?s={search_term_string}"},"query-input":{"@type":"PropertyValueSpecification","valueRequired":true,"valueName":"search_term_string"}}],"inLanguage":"nl-NL"},{"@type":"Organization","@id":"https:\/\/ml-locations.be\/nl\/#organization","name":"ML Locations","url":"https:\/\/ml-locations.be\/nl\/","logo":{"@type":"ImageObject","inLanguage":"nl-NL","@id":"https:\/\/ml-locations.be\/nl\/#\/schema\/logo\/image\/","url":"https:\/\/ml-locations.be\/wp-content\/uploads\/2018\/05\/LOGO-location-BON.png","contentUrl":"https:\/\/ml-locations.be\/wp-content\/uploads\/2018\/05\/LOGO-location-BON.png","width":1200,"height":1200,"caption":"ML Locations"},"image":{"@id":"https:\/\/ml-locations.be\/nl\/#\/schema\/logo\/image\/"}}]}},"_links":{"self":[{"href":"https:\/\/ml-locations.be\/nl\/wp-json\/wp\/v2\/product\/1621","targetHints":{"allow":["GET"]}}],"collection":[{"href":"https:\/\/ml-locations.be\/nl\/wp-json\/wp\/v2\/product"}],"about":[{"href":"https:\/\/ml-locations.be\/nl\/wp-json\/wp\/v2\/types\/product"}],"wp:featuredmedia":[{"embeddable":true,"href":"https:\/\/ml-locations.be\/nl\/wp-json\/wp\/v2\/media\/2068"}],"wp:attachment":[{"href":"https:\/\/ml-locations.be\/nl\/wp-json\/wp\/v2\/media?parent=1621"}],"wp:term":[{"taxonomy":"product_brand","embeddable":true,"href":"https:\/\/ml-locations.be\/nl\/wp-json\/wp\/v2\/product_brand?post=1621"},{"taxonomy":"product_cat","embeddable":true,"href":"https:\/\/ml-locations.be\/nl\/wp-json\/wp\/v2\/product_cat?post=1621"},{"taxonomy":"product_tag","embeddable":true,"href":"https:\/\/ml-locations.be\/nl\/wp-json\/wp\/v2\/product_tag?post=1621"}],"curies":[{"name":"wp","href":"https:\/\/api.w.org\/{rel}","templated":true}]}}