{"id":1623,"date":"2017-04-11T14:32:51","date_gmt":"2017-04-11T12:32:51","guid":{"rendered":"https:\/\/www.ml-locations.be\/\/locations\/par-led-56-kit\/"},"modified":"2017-05-08T13:51:30","modified_gmt":"2017-05-08T11:51:30","slug":"par-led-56-kit","status":"publish","type":"product","link":"https:\/\/ml-locations.be\/nl\/locations\/par-led-56-kit\/","title":{"rendered":"Par led 56 (kit)"},"content":{"rendered":"<p>Ce <strong>spot<\/strong> Showtec PAR led 56 a une dur\u00e9e de vie extr\u00eamement longue et consommation d\u2019\u00e9nergie tr\u00e8s faible gr\u00e2ce aux led. Gr\u00e2ce \u00e0 ses 153 leds, il permettra un <strong>\u00e9clairage<\/strong> optimal pour votre \u00e9v\u00e9nement. Il peut \u00eatre contr\u00f4l\u00e9 automatiquement par des canaux DMX (6) ou par r\u00e9action \u00e0 la musique. Si vous ne savez pas quel <strong>type de projecteur<\/strong> est fait pour votre \u00e9v\u00e9nement, n\u2019h\u00e9sitez pas \u00e0 nous demander conseils ou \u00e0 consultez notre rubriques \u2018<a href=\"http:\/\/www.ml-locations.be\/location\/materiel-sono-et-lumieres-en-location\/materiel-eclairage-et-lumieres-a-louer\/\">mat\u00e9riel de sonorisation et lumi\u00e8res en location\u2019<\/a>.<\/p>\n<p>&nbsp;<\/p>\n<p>Dimensions\u00a0et caract\u00e9ristiques du <strong>projecteur showtec<\/strong>\u00a0:<\/p>\n<p>&nbsp;<\/p>\n<ul>\n<li>Longueur\u00a0: 220 mm,<\/li>\n<li>Largeur\u00a0: 220 mm,<\/li>\n<li>Hauteur\u00a0: 260 mm,<\/li>\n<li>Poids\u00a0: 2,3 kg,<\/li>\n<li>Alimentation\u00a0: 230 V,<\/li>\n<li>Puissance\u00a0: 15 W.<\/li>\n<\/ul>\n","protected":false},"excerpt":{"rendered":"<p><strong>Projecteur<\/strong> avec mixage de couleurs RGB avec 153 LED (51 rouges, 51 bleues et 51 vertes).<\/p>\n","protected":false},"featured_media":2078,"template":"","meta":{"_acf_changed":false},"product_brand":[],"product_cat":[17,19],"product_tag":[204],"class_list":{"0":"post-1623","1":"product","2":"type-product","3":"status-publish","4":"has-post-thumbnail","6":"product_cat-materiel-sono-et-lumieres-en-location","7":"product_cat-materiel-eclairage-et-lumieres-a-louer","8":"product_tag-location-materiel-concert-et-spectacle","9":"description-off","11":"first","12":"instock","13":"taxable","14":"shipping-taxable","15":"purchasable","16":"product-type-simple"},"acf":[],"yoast_head":"<!-- This site is optimized with the Yoast SEO plugin v25.0 - https:\/\/yoast.com\/wordpress\/plugins\/seo\/ -->\n<title>Par led 56 (kit) | ML Locations<\/title>\n<meta name=\"robots\" content=\"index, follow, max-snippet:-1, max-image-preview:large, max-video-preview:-1\" \/>\n<link rel=\"canonical\" href=\"https:\/\/ml-locations.be\/nl\/locations\/par-led-56-kit\/\" \/>\n<meta property=\"og:locale\" content=\"nl_NL\" \/>\n<meta property=\"og:type\" content=\"article\" \/>\n<meta property=\"og:title\" content=\"Par led 56 (kit) | ML Locations\" \/>\n<meta property=\"og:description\" content=\"Projecteur avec mixage de couleurs RGB avec 153 LED (51 rouges, 51 bleues et 51 vertes).\" \/>\n<meta property=\"og:url\" content=\"https:\/\/ml-locations.be\/nl\/locations\/par-led-56-kit\/\" \/>\n<meta property=\"og:site_name\" content=\"ML Locations\" \/>\n<meta property=\"article:modified_time\" content=\"2017-05-08T11:51:30+00:00\" \/>\n<meta property=\"og:image\" content=\"https:\/\/ml-locations.be\/wp-content\/uploads\/2017\/04\/showtec-par-56.jpg\" \/>\n\t<meta property=\"og:image:width\" content=\"1000\" \/>\n\t<meta property=\"og:image:height\" content=\"1000\" \/>\n\t<meta property=\"og:image:type\" content=\"image\/jpeg\" \/>\n<meta name=\"twitter:card\" content=\"summary_large_image\" \/>\n<meta name=\"twitter:label1\" content=\"Geschatte leestijd\" \/>\n\t<meta name=\"twitter:data1\" content=\"1 minuut\" \/>\n<script type=\"application\/ld+json\" class=\"yoast-schema-graph\">{\"@context\":\"https:\/\/schema.org\",\"@graph\":[{\"@type\":\"WebPage\",\"@id\":\"https:\/\/ml-locations.be\/nl\/locations\/par-led-56-kit\/\",\"url\":\"https:\/\/ml-locations.be\/nl\/locations\/par-led-56-kit\/\",\"name\":\"Par led 56 (kit) | ML Locations\",\"isPartOf\":{\"@id\":\"https:\/\/ml-locations.be\/nl\/#website\"},\"primaryImageOfPage\":{\"@id\":\"https:\/\/ml-locations.be\/nl\/locations\/par-led-56-kit\/#primaryimage\"},\"image\":{\"@id\":\"https:\/\/ml-locations.be\/nl\/locations\/par-led-56-kit\/#primaryimage\"},\"thumbnailUrl\":\"https:\/\/ml-locations.be\/wp-content\/uploads\/2017\/04\/showtec-par-56.jpg\",\"datePublished\":\"2017-04-11T12:32:51+00:00\",\"dateModified\":\"2017-05-08T11:51:30+00:00\",\"breadcrumb\":{\"@id\":\"https:\/\/ml-locations.be\/nl\/locations\/par-led-56-kit\/#breadcrumb\"},\"inLanguage\":\"nl-NL\",\"potentialAction\":[{\"@type\":\"ReadAction\",\"target\":[\"https:\/\/ml-locations.be\/nl\/locations\/par-led-56-kit\/\"]}]},{\"@type\":\"ImageObject\",\"inLanguage\":\"nl-NL\",\"@id\":\"https:\/\/ml-locations.be\/nl\/locations\/par-led-56-kit\/#primaryimage\",\"url\":\"https:\/\/ml-locations.be\/wp-content\/uploads\/2017\/04\/showtec-par-56.jpg\",\"contentUrl\":\"https:\/\/ml-locations.be\/wp-content\/uploads\/2017\/04\/showtec-par-56.jpg\",\"width\":1000,\"height\":1000,\"caption\":\"showtec par 56 en location\"},{\"@type\":\"BreadcrumbList\",\"@id\":\"https:\/\/ml-locations.be\/nl\/locations\/par-led-56-kit\/#breadcrumb\",\"itemListElement\":[{\"@type\":\"ListItem\",\"position\":1,\"name\":\"Accueil\",\"item\":\"https:\/\/ml-locations.be\/nl\/\"},{\"@type\":\"ListItem\",\"position\":2,\"name\":\"Winkel\",\"item\":\"https:\/\/ml-locations.be\/nl\/winkel\/\"},{\"@type\":\"ListItem\",\"position\":3,\"name\":\"Par led 56 (kit)\"}]},{\"@type\":\"WebSite\",\"@id\":\"https:\/\/ml-locations.be\/nl\/#website\",\"url\":\"https:\/\/ml-locations.be\/nl\/\",\"name\":\"ML Locations\",\"description\":\"Mat\u00e9riel \u00e9v\u00e9nementiel : location chaise, table et mange debout, mat\u00e9riel horeca, frigos,...\",\"publisher\":{\"@id\":\"https:\/\/ml-locations.be\/nl\/#organization\"},\"potentialAction\":[{\"@type\":\"SearchAction\",\"target\":{\"@type\":\"EntryPoint\",\"urlTemplate\":\"https:\/\/ml-locations.be\/nl\/?s={search_term_string}\"},\"query-input\":{\"@type\":\"PropertyValueSpecification\",\"valueRequired\":true,\"valueName\":\"search_term_string\"}}],\"inLanguage\":\"nl-NL\"},{\"@type\":\"Organization\",\"@id\":\"https:\/\/ml-locations.be\/nl\/#organization\",\"name\":\"ML Locations\",\"url\":\"https:\/\/ml-locations.be\/nl\/\",\"logo\":{\"@type\":\"ImageObject\",\"inLanguage\":\"nl-NL\",\"@id\":\"https:\/\/ml-locations.be\/nl\/#\/schema\/logo\/image\/\",\"url\":\"https:\/\/ml-locations.be\/wp-content\/uploads\/2018\/05\/LOGO-location-BON.png\",\"contentUrl\":\"https:\/\/ml-locations.be\/wp-content\/uploads\/2018\/05\/LOGO-location-BON.png\",\"width\":1200,\"height\":1200,\"caption\":\"ML Locations\"},\"image\":{\"@id\":\"https:\/\/ml-locations.be\/nl\/#\/schema\/logo\/image\/\"}}]}<\/script>\n<!-- \/ Yoast SEO plugin. -->","yoast_head_json":{"title":"Par led 56 (kit) | ML Locations","robots":{"index":"index","follow":"follow","max-snippet":"max-snippet:-1","max-image-preview":"max-image-preview:large","max-video-preview":"max-video-preview:-1"},"canonical":"https:\/\/ml-locations.be\/nl\/locations\/par-led-56-kit\/","og_locale":"nl_NL","og_type":"article","og_title":"Par led 56 (kit) | ML Locations","og_description":"Projecteur avec mixage de couleurs RGB avec 153 LED (51 rouges, 51 bleues et 51 vertes).","og_url":"https:\/\/ml-locations.be\/nl\/locations\/par-led-56-kit\/","og_site_name":"ML Locations","article_modified_time":"2017-05-08T11:51:30+00:00","og_image":[{"width":1000,"height":1000,"url":"https:\/\/ml-locations.be\/wp-content\/uploads\/2017\/04\/showtec-par-56.jpg","type":"image\/jpeg"}],"twitter_card":"summary_large_image","twitter_misc":{"Geschatte leestijd":"1 minuut"},"schema":{"@context":"https:\/\/schema.org","@graph":[{"@type":"WebPage","@id":"https:\/\/ml-locations.be\/nl\/locations\/par-led-56-kit\/","url":"https:\/\/ml-locations.be\/nl\/locations\/par-led-56-kit\/","name":"Par led 56 (kit) | ML Locations","isPartOf":{"@id":"https:\/\/ml-locations.be\/nl\/#website"},"primaryImageOfPage":{"@id":"https:\/\/ml-locations.be\/nl\/locations\/par-led-56-kit\/#primaryimage"},"image":{"@id":"https:\/\/ml-locations.be\/nl\/locations\/par-led-56-kit\/#primaryimage"},"thumbnailUrl":"https:\/\/ml-locations.be\/wp-content\/uploads\/2017\/04\/showtec-par-56.jpg","datePublished":"2017-04-11T12:32:51+00:00","dateModified":"2017-05-08T11:51:30+00:00","breadcrumb":{"@id":"https:\/\/ml-locations.be\/nl\/locations\/par-led-56-kit\/#breadcrumb"},"inLanguage":"nl-NL","potentialAction":[{"@type":"ReadAction","target":["https:\/\/ml-locations.be\/nl\/locations\/par-led-56-kit\/"]}]},{"@type":"ImageObject","inLanguage":"nl-NL","@id":"https:\/\/ml-locations.be\/nl\/locations\/par-led-56-kit\/#primaryimage","url":"https:\/\/ml-locations.be\/wp-content\/uploads\/2017\/04\/showtec-par-56.jpg","contentUrl":"https:\/\/ml-locations.be\/wp-content\/uploads\/2017\/04\/showtec-par-56.jpg","width":1000,"height":1000,"caption":"showtec par 56 en location"},{"@type":"BreadcrumbList","@id":"https:\/\/ml-locations.be\/nl\/locations\/par-led-56-kit\/#breadcrumb","itemListElement":[{"@type":"ListItem","position":1,"name":"Accueil","item":"https:\/\/ml-locations.be\/nl\/"},{"@type":"ListItem","position":2,"name":"Winkel","item":"https:\/\/ml-locations.be\/nl\/winkel\/"},{"@type":"ListItem","position":3,"name":"Par led 56 (kit)"}]},{"@type":"WebSite","@id":"https:\/\/ml-locations.be\/nl\/#website","url":"https:\/\/ml-locations.be\/nl\/","name":"ML Locations","description":"Mat\u00e9riel \u00e9v\u00e9nementiel : location chaise, table et mange debout, mat\u00e9riel horeca, frigos,...","publisher":{"@id":"https:\/\/ml-locations.be\/nl\/#organization"},"potentialAction":[{"@type":"SearchAction","target":{"@type":"EntryPoint","urlTemplate":"https:\/\/ml-locations.be\/nl\/?s={search_term_string}"},"query-input":{"@type":"PropertyValueSpecification","valueRequired":true,"valueName":"search_term_string"}}],"inLanguage":"nl-NL"},{"@type":"Organization","@id":"https:\/\/ml-locations.be\/nl\/#organization","name":"ML Locations","url":"https:\/\/ml-locations.be\/nl\/","logo":{"@type":"ImageObject","inLanguage":"nl-NL","@id":"https:\/\/ml-locations.be\/nl\/#\/schema\/logo\/image\/","url":"https:\/\/ml-locations.be\/wp-content\/uploads\/2018\/05\/LOGO-location-BON.png","contentUrl":"https:\/\/ml-locations.be\/wp-content\/uploads\/2018\/05\/LOGO-location-BON.png","width":1200,"height":1200,"caption":"ML Locations"},"image":{"@id":"https:\/\/ml-locations.be\/nl\/#\/schema\/logo\/image\/"}}]}},"_links":{"self":[{"href":"https:\/\/ml-locations.be\/nl\/wp-json\/wp\/v2\/product\/1623","targetHints":{"allow":["GET"]}}],"collection":[{"href":"https:\/\/ml-locations.be\/nl\/wp-json\/wp\/v2\/product"}],"about":[{"href":"https:\/\/ml-locations.be\/nl\/wp-json\/wp\/v2\/types\/product"}],"wp:featuredmedia":[{"embeddable":true,"href":"https:\/\/ml-locations.be\/nl\/wp-json\/wp\/v2\/media\/2078"}],"wp:attachment":[{"href":"https:\/\/ml-locations.be\/nl\/wp-json\/wp\/v2\/media?parent=1623"}],"wp:term":[{"taxonomy":"product_brand","embeddable":true,"href":"https:\/\/ml-locations.be\/nl\/wp-json\/wp\/v2\/product_brand?post=1623"},{"taxonomy":"product_cat","embeddable":true,"href":"https:\/\/ml-locations.be\/nl\/wp-json\/wp\/v2\/product_cat?post=1623"},{"taxonomy":"product_tag","embeddable":true,"href":"https:\/\/ml-locations.be\/nl\/wp-json\/wp\/v2\/product_tag?post=1623"}],"curies":[{"name":"wp","href":"https:\/\/api.w.org\/{rel}","templated":true}]}}