{"id":1624,"date":"2017-04-11T14:32:51","date_gmt":"2017-04-11T12:32:51","guid":{"rendered":"https:\/\/www.ml-locations.be\/\/locations\/effet-a-led-showtec-dominator\/"},"modified":"2017-05-08T13:51:30","modified_gmt":"2017-05-08T11:51:30","slug":"effet-a-led-showtec-dominator","status":"publish","type":"product","link":"https:\/\/ml-locations.be\/nl\/locations\/effet-a-led-showtec-dominator\/","title":{"rendered":"Effet \u00e0 LED Showtec Dominator"},"content":{"rendered":"<p>Le <strong>Dominator<\/strong> de Showtec est un <strong>effet lumineux LED<\/strong>, un laser et un stroboscope en un. C&#8217;est un produit tr\u00e8s polyvalent et tr\u00e8s appr\u00e9ci\u00e9 des professionnels, id\u00e9al pour celui qui ne sait pas quelle machine \u00e0 effet choisir. Le <strong>Dominator<\/strong> est muni de huit LEDs de stroboscope blanches et puissantes, d&#8217;un module laser RG de 200 mW et d&#8217;un module LED RGBWA de 3 watts. Gr\u00e2ce \u00e0 ces trois fonctionnalit\u00e9s, le <strong>Dominator<\/strong> vous permet de cr\u00e9er une ambiance unique sur la piste de danse. Les trois effets lumineux peuvent \u00eatre utilis\u00e9s ind\u00e9pendamment. Il est aussi possible de les contr\u00f4ler simultan\u00e9ment par DMX, ce qui vous permet d&#8217;avoir un contr\u00f4le total sur tous les effets.<\/p>\n<p><strong>D\u00e9couvrez une d\u00e9monstration du Dominator de Showtec dans la vid\u00e9o ci-dessous :<\/strong><\/p>\n<p>&nbsp;<\/p>\n<p><iframe loading=\"lazy\" src=\"https:\/\/www.youtube.com\/embed\/gYOyC0gVZfI\" width=\"640\" height=\"360\" frameborder=\"0\" allowfullscreen=\"allowfullscreen\"><\/iframe><\/p>\n<p>&nbsp;<\/p>\n<p><strong>Caract\u00e9ristiques du Dominator:<\/strong><\/p>\n<ul>\n<li>triple effet lumineux puissant<\/li>\n<li>effet LED: 5x LED 3W, 1500 mA<\/li>\n<li>effet laser: 200 mW RG, classe 3B<\/li>\n<li>stroboscope: 8x LED blanches d&#8217;1 W, 300 mA<\/li>\n<li>modes de fonctionnement: automatique, musical, ma\u00eetre\/esclave, DMX-512<\/li>\n<li>programmes int\u00e9gr\u00e9s<\/li>\n<li>canaux DMX: 9 \/ 7 \/ 16<\/li>\n<li>connexion DMX: XLR, avec sortie link<\/li>\n<li>\u00e9cran LED \u00e0 quatre boutons de commande<\/li>\n<li>couleur du bo\u00eetier: noir<\/li>\n<li>entr\u00e9e d&#8217;alimentation: 100-240V 50\/60 Hz<\/li>\n<li>sortie link IEC<\/li>\n<li>y compris: deux cl\u00e9s et un connecteur Interlock<\/li>\n<li>consommation : 66 W<\/li>\n<li>dimensions: 225 x 298 x 310 mm (sans crochet de suspension)<\/li>\n<li>poids: 3.75 kg<\/li>\n<\/ul>\n","protected":false},"excerpt":{"rendered":"<p>Le <strong>Dominator<\/strong> est un effet lumineux LED munit \u00e9galement d\u2019un laser et d\u2019un stroboscope.<\/p>\n<p>Cet effet lumineux et ces 3 fonctionnalit\u00e9s permettront de cr\u00e9er des ambiances uniques dans vos soir\u00e9es.<\/p>\n","protected":false},"featured_media":2619,"template":"","meta":{"_acf_changed":false},"product_brand":[],"product_cat":[17,125],"product_tag":[],"class_list":{"0":"post-1624","1":"product","2":"type-product","3":"status-publish","4":"has-post-thumbnail","6":"product_cat-materiel-sono-et-lumieres-en-location","7":"product_cat-machine-a-effets-location","8":"description-off","10":"first","11":"instock","12":"taxable","13":"shipping-taxable","14":"purchasable","15":"product-type-simple"},"acf":[],"yoast_head":"<!-- This site is optimized with the Yoast SEO plugin v25.0 - https:\/\/yoast.com\/wordpress\/plugins\/seo\/ -->\n<title>Effet \u00e0 LED Showtec Dominator | ML Locations<\/title>\n<meta name=\"robots\" content=\"index, follow, max-snippet:-1, max-image-preview:large, max-video-preview:-1\" \/>\n<link rel=\"canonical\" href=\"https:\/\/ml-locations.be\/nl\/locations\/effet-a-led-showtec-dominator\/\" \/>\n<meta property=\"og:locale\" content=\"nl_NL\" \/>\n<meta property=\"og:type\" content=\"article\" \/>\n<meta property=\"og:title\" content=\"Effet \u00e0 LED Showtec Dominator | ML Locations\" \/>\n<meta property=\"og:description\" content=\"Le Dominator est un effet lumineux LED munit \u00e9galement d\u2019un laser et d\u2019un stroboscope.  Cet effet lumineux et ces 3 fonctionnalit\u00e9s permettront de cr\u00e9er des ambiances uniques dans vos soir\u00e9es.\" \/>\n<meta property=\"og:url\" content=\"https:\/\/ml-locations.be\/nl\/locations\/effet-a-led-showtec-dominator\/\" \/>\n<meta property=\"og:site_name\" content=\"ML Locations\" \/>\n<meta property=\"article:modified_time\" content=\"2017-05-08T11:51:30+00:00\" \/>\n<meta property=\"og:image\" content=\"https:\/\/ml-locations.be\/wp-content\/uploads\/2017\/04\/10504068_800.jpg\" \/>\n\t<meta property=\"og:image:width\" content=\"572\" \/>\n\t<meta property=\"og:image:height\" content=\"600\" \/>\n\t<meta property=\"og:image:type\" content=\"image\/jpeg\" \/>\n<meta name=\"twitter:card\" content=\"summary_large_image\" \/>\n<meta name=\"twitter:label1\" content=\"Geschatte leestijd\" \/>\n\t<meta name=\"twitter:data1\" content=\"1 minuut\" \/>\n<script type=\"application\/ld+json\" class=\"yoast-schema-graph\">{\"@context\":\"https:\/\/schema.org\",\"@graph\":[{\"@type\":\"WebPage\",\"@id\":\"https:\/\/ml-locations.be\/nl\/locations\/effet-a-led-showtec-dominator\/\",\"url\":\"https:\/\/ml-locations.be\/nl\/locations\/effet-a-led-showtec-dominator\/\",\"name\":\"Effet \u00e0 LED Showtec Dominator | ML Locations\",\"isPartOf\":{\"@id\":\"https:\/\/ml-locations.be\/nl\/#website\"},\"primaryImageOfPage\":{\"@id\":\"https:\/\/ml-locations.be\/nl\/locations\/effet-a-led-showtec-dominator\/#primaryimage\"},\"image\":{\"@id\":\"https:\/\/ml-locations.be\/nl\/locations\/effet-a-led-showtec-dominator\/#primaryimage\"},\"thumbnailUrl\":\"https:\/\/ml-locations.be\/wp-content\/uploads\/2017\/04\/10504068_800.jpg\",\"datePublished\":\"2017-04-11T12:32:51+00:00\",\"dateModified\":\"2017-05-08T11:51:30+00:00\",\"breadcrumb\":{\"@id\":\"https:\/\/ml-locations.be\/nl\/locations\/effet-a-led-showtec-dominator\/#breadcrumb\"},\"inLanguage\":\"nl-NL\",\"potentialAction\":[{\"@type\":\"ReadAction\",\"target\":[\"https:\/\/ml-locations.be\/nl\/locations\/effet-a-led-showtec-dominator\/\"]}]},{\"@type\":\"ImageObject\",\"inLanguage\":\"nl-NL\",\"@id\":\"https:\/\/ml-locations.be\/nl\/locations\/effet-a-led-showtec-dominator\/#primaryimage\",\"url\":\"https:\/\/ml-locations.be\/wp-content\/uploads\/2017\/04\/10504068_800.jpg\",\"contentUrl\":\"https:\/\/ml-locations.be\/wp-content\/uploads\/2017\/04\/10504068_800.jpg\",\"width\":572,\"height\":600,\"caption\":\"Location d'effet lumineux - dominator showtec\"},{\"@type\":\"BreadcrumbList\",\"@id\":\"https:\/\/ml-locations.be\/nl\/locations\/effet-a-led-showtec-dominator\/#breadcrumb\",\"itemListElement\":[{\"@type\":\"ListItem\",\"position\":1,\"name\":\"Accueil\",\"item\":\"https:\/\/ml-locations.be\/nl\/\"},{\"@type\":\"ListItem\",\"position\":2,\"name\":\"Winkel\",\"item\":\"https:\/\/ml-locations.be\/nl\/winkel\/\"},{\"@type\":\"ListItem\",\"position\":3,\"name\":\"Effet \u00e0 LED Showtec Dominator\"}]},{\"@type\":\"WebSite\",\"@id\":\"https:\/\/ml-locations.be\/nl\/#website\",\"url\":\"https:\/\/ml-locations.be\/nl\/\",\"name\":\"ML Locations\",\"description\":\"Mat\u00e9riel \u00e9v\u00e9nementiel : location chaise, table et mange debout, mat\u00e9riel horeca, frigos,...\",\"publisher\":{\"@id\":\"https:\/\/ml-locations.be\/nl\/#organization\"},\"potentialAction\":[{\"@type\":\"SearchAction\",\"target\":{\"@type\":\"EntryPoint\",\"urlTemplate\":\"https:\/\/ml-locations.be\/nl\/?s={search_term_string}\"},\"query-input\":{\"@type\":\"PropertyValueSpecification\",\"valueRequired\":true,\"valueName\":\"search_term_string\"}}],\"inLanguage\":\"nl-NL\"},{\"@type\":\"Organization\",\"@id\":\"https:\/\/ml-locations.be\/nl\/#organization\",\"name\":\"ML Locations\",\"url\":\"https:\/\/ml-locations.be\/nl\/\",\"logo\":{\"@type\":\"ImageObject\",\"inLanguage\":\"nl-NL\",\"@id\":\"https:\/\/ml-locations.be\/nl\/#\/schema\/logo\/image\/\",\"url\":\"https:\/\/ml-locations.be\/wp-content\/uploads\/2018\/05\/LOGO-location-BON.png\",\"contentUrl\":\"https:\/\/ml-locations.be\/wp-content\/uploads\/2018\/05\/LOGO-location-BON.png\",\"width\":1200,\"height\":1200,\"caption\":\"ML Locations\"},\"image\":{\"@id\":\"https:\/\/ml-locations.be\/nl\/#\/schema\/logo\/image\/\"}}]}<\/script>\n<!-- \/ Yoast SEO plugin. -->","yoast_head_json":{"title":"Effet \u00e0 LED Showtec Dominator | ML Locations","robots":{"index":"index","follow":"follow","max-snippet":"max-snippet:-1","max-image-preview":"max-image-preview:large","max-video-preview":"max-video-preview:-1"},"canonical":"https:\/\/ml-locations.be\/nl\/locations\/effet-a-led-showtec-dominator\/","og_locale":"nl_NL","og_type":"article","og_title":"Effet \u00e0 LED Showtec Dominator | ML Locations","og_description":"Le Dominator est un effet lumineux LED munit \u00e9galement d\u2019un laser et d\u2019un stroboscope.  Cet effet lumineux et ces 3 fonctionnalit\u00e9s permettront de cr\u00e9er des ambiances uniques dans vos soir\u00e9es.","og_url":"https:\/\/ml-locations.be\/nl\/locations\/effet-a-led-showtec-dominator\/","og_site_name":"ML Locations","article_modified_time":"2017-05-08T11:51:30+00:00","og_image":[{"width":572,"height":600,"url":"https:\/\/ml-locations.be\/wp-content\/uploads\/2017\/04\/10504068_800.jpg","type":"image\/jpeg"}],"twitter_card":"summary_large_image","twitter_misc":{"Geschatte leestijd":"1 minuut"},"schema":{"@context":"https:\/\/schema.org","@graph":[{"@type":"WebPage","@id":"https:\/\/ml-locations.be\/nl\/locations\/effet-a-led-showtec-dominator\/","url":"https:\/\/ml-locations.be\/nl\/locations\/effet-a-led-showtec-dominator\/","name":"Effet \u00e0 LED Showtec Dominator | ML Locations","isPartOf":{"@id":"https:\/\/ml-locations.be\/nl\/#website"},"primaryImageOfPage":{"@id":"https:\/\/ml-locations.be\/nl\/locations\/effet-a-led-showtec-dominator\/#primaryimage"},"image":{"@id":"https:\/\/ml-locations.be\/nl\/locations\/effet-a-led-showtec-dominator\/#primaryimage"},"thumbnailUrl":"https:\/\/ml-locations.be\/wp-content\/uploads\/2017\/04\/10504068_800.jpg","datePublished":"2017-04-11T12:32:51+00:00","dateModified":"2017-05-08T11:51:30+00:00","breadcrumb":{"@id":"https:\/\/ml-locations.be\/nl\/locations\/effet-a-led-showtec-dominator\/#breadcrumb"},"inLanguage":"nl-NL","potentialAction":[{"@type":"ReadAction","target":["https:\/\/ml-locations.be\/nl\/locations\/effet-a-led-showtec-dominator\/"]}]},{"@type":"ImageObject","inLanguage":"nl-NL","@id":"https:\/\/ml-locations.be\/nl\/locations\/effet-a-led-showtec-dominator\/#primaryimage","url":"https:\/\/ml-locations.be\/wp-content\/uploads\/2017\/04\/10504068_800.jpg","contentUrl":"https:\/\/ml-locations.be\/wp-content\/uploads\/2017\/04\/10504068_800.jpg","width":572,"height":600,"caption":"Location d'effet lumineux - dominator showtec"},{"@type":"BreadcrumbList","@id":"https:\/\/ml-locations.be\/nl\/locations\/effet-a-led-showtec-dominator\/#breadcrumb","itemListElement":[{"@type":"ListItem","position":1,"name":"Accueil","item":"https:\/\/ml-locations.be\/nl\/"},{"@type":"ListItem","position":2,"name":"Winkel","item":"https:\/\/ml-locations.be\/nl\/winkel\/"},{"@type":"ListItem","position":3,"name":"Effet \u00e0 LED Showtec Dominator"}]},{"@type":"WebSite","@id":"https:\/\/ml-locations.be\/nl\/#website","url":"https:\/\/ml-locations.be\/nl\/","name":"ML Locations","description":"Mat\u00e9riel \u00e9v\u00e9nementiel : location chaise, table et mange debout, mat\u00e9riel horeca, frigos,...","publisher":{"@id":"https:\/\/ml-locations.be\/nl\/#organization"},"potentialAction":[{"@type":"SearchAction","target":{"@type":"EntryPoint","urlTemplate":"https:\/\/ml-locations.be\/nl\/?s={search_term_string}"},"query-input":{"@type":"PropertyValueSpecification","valueRequired":true,"valueName":"search_term_string"}}],"inLanguage":"nl-NL"},{"@type":"Organization","@id":"https:\/\/ml-locations.be\/nl\/#organization","name":"ML Locations","url":"https:\/\/ml-locations.be\/nl\/","logo":{"@type":"ImageObject","inLanguage":"nl-NL","@id":"https:\/\/ml-locations.be\/nl\/#\/schema\/logo\/image\/","url":"https:\/\/ml-locations.be\/wp-content\/uploads\/2018\/05\/LOGO-location-BON.png","contentUrl":"https:\/\/ml-locations.be\/wp-content\/uploads\/2018\/05\/LOGO-location-BON.png","width":1200,"height":1200,"caption":"ML Locations"},"image":{"@id":"https:\/\/ml-locations.be\/nl\/#\/schema\/logo\/image\/"}}]}},"_links":{"self":[{"href":"https:\/\/ml-locations.be\/nl\/wp-json\/wp\/v2\/product\/1624","targetHints":{"allow":["GET"]}}],"collection":[{"href":"https:\/\/ml-locations.be\/nl\/wp-json\/wp\/v2\/product"}],"about":[{"href":"https:\/\/ml-locations.be\/nl\/wp-json\/wp\/v2\/types\/product"}],"wp:featuredmedia":[{"embeddable":true,"href":"https:\/\/ml-locations.be\/nl\/wp-json\/wp\/v2\/media\/2619"}],"wp:attachment":[{"href":"https:\/\/ml-locations.be\/nl\/wp-json\/wp\/v2\/media?parent=1624"}],"wp:term":[{"taxonomy":"product_brand","embeddable":true,"href":"https:\/\/ml-locations.be\/nl\/wp-json\/wp\/v2\/product_brand?post=1624"},{"taxonomy":"product_cat","embeddable":true,"href":"https:\/\/ml-locations.be\/nl\/wp-json\/wp\/v2\/product_cat?post=1624"},{"taxonomy":"product_tag","embeddable":true,"href":"https:\/\/ml-locations.be\/nl\/wp-json\/wp\/v2\/product_tag?post=1624"}],"curies":[{"name":"wp","href":"https:\/\/api.w.org\/{rel}","templated":true}]}}