{"id":1625,"date":"2017-04-11T14:32:51","date_gmt":"2017-04-11T12:32:51","guid":{"rendered":"https:\/\/www.ml-locations.be\/\/locations\/effet-a-led-showtec-freestyler\/"},"modified":"2017-05-08T13:51:30","modified_gmt":"2017-05-08T11:51:30","slug":"effet-a-led-showtec-freestyler","status":"publish","type":"product","link":"https:\/\/ml-locations.be\/nl\/locations\/effet-a-led-showtec-freestyler\/","title":{"rendered":"Effet \u00e0 LED Showtec Freestyler"},"content":{"rendered":"<p>Le <strong>jeu de lumi\u00e8re Freestyler<\/strong> est un puissant effet moonflower LED 5 x 3W. Sa sortie se compose de 5 faisceaux aux couleurs RGBWA et aux motifs \u00e0 matrice.<br \/>\nEn raison de ses LEDs \u00e0 forte puissance et de ses lentilles sp\u00e9ciales, l&#8217;<strong>effet lumineux Freestyler<\/strong> couvre un large champ et illumine vos soir\u00e9es de faisceaux puissants aux couleurs claires. Il peut fonctionner en mode automatique avec des programmes pr\u00e9d\u00e9finis ou \u00e0 l\u2019aide de contr\u00f4le sonore ou encore \u00eatre command\u00e9 manuellement gr\u00e2ce \u00e0 un programme DMX. Ce <strong>Freestyler<\/strong> est donc bel et bien l\u2019<strong>effet lumineux<\/strong> dont vous avez besoin pour l\u2019\u00e9clairage de vos <strong>soir\u00e9es<\/strong> et <strong>\u00e9v\u00e8nements<\/strong>, qu\u2019il s\u2019agisse d\u2019une <strong>soir\u00e9e de mariage<\/strong>, d\u2019un <strong>anniversaire<\/strong>\u2026<\/p>\n<p><strong>Caract\u00e9ristique de l&#8217;effet \u00e0 LED Freestyler\u00a0<\/strong>:<\/p>\n<ul>\n<li>Entr\u00e9e d&#8217;alimentation : 100 &#8211; 230 V 50 \/ 60Hz<\/li>\n<li>Consommation : 17W<\/li>\n<li>Source lumineuse : 5 LEDs 3W (rouge, verte, bleue, blanche, ambre)<\/li>\n<li>Contr\u00f4le : automatique, contr\u00f4le sonore, ma\u00eetre \/ esclave, DMX<\/li>\n<li>Canaux DMX : 3<\/li>\n<li>Affichage de contr\u00f4le : LED<\/li>\n<li>Connecteur d&#8217;alimentation : entr\u00e9e et sortie IEC<\/li>\n<li>Connecteur de donn\u00e9es : entr\u00e9e \/ sortie XLR \u00e0 3 broches<\/li>\n<li>Dimensions : 272 x 185 x 151 mm (supports exclus)<\/li>\n<li>Poids : 2,1 kg<\/li>\n<\/ul>\n","protected":false},"excerpt":{"rendered":"<p>Le <strong>Freestyler<\/strong> est un<strong> jeu de lumi\u00e8re<\/strong> au puissant effets Moonflower compos\u00e9s de 5 faisseaux aux couleurs RGBWA (multicolores + blanc) et aux motifs \u00e0 matrice. Cet <strong>machine \u00e0 effets lumineux<\/strong> est le compromis parfait pour animer et colorer vos <strong>soir\u00e9es<\/strong> et <strong>\u00e9v\u00e8nements<\/strong>, qu\u2019il s\u2019agisse d\u2019une <strong>f\u00eate de mariage<\/strong>, d\u2019un <strong>anniversaire<\/strong>, d\u2019un <strong>reveal<\/strong>,\u2026<\/p>\n","protected":false},"featured_media":1875,"template":"","meta":{"_acf_changed":false},"product_brand":[],"product_cat":[17,125],"product_tag":[],"class_list":{"0":"post-1625","1":"product","2":"type-product","3":"status-publish","4":"has-post-thumbnail","6":"product_cat-materiel-sono-et-lumieres-en-location","7":"product_cat-machine-a-effets-location","8":"description-off","10":"first","11":"instock","12":"taxable","13":"shipping-taxable","14":"purchasable","15":"product-type-simple"},"acf":[],"yoast_head":"<!-- This site is optimized with the Yoast SEO plugin v25.0 - https:\/\/yoast.com\/wordpress\/plugins\/seo\/ -->\n<title>Effet \u00e0 LED Showtec Freestyler | ML Locations<\/title>\n<meta name=\"robots\" content=\"index, follow, max-snippet:-1, max-image-preview:large, max-video-preview:-1\" \/>\n<link rel=\"canonical\" href=\"https:\/\/ml-locations.be\/nl\/locations\/effet-a-led-showtec-freestyler\/\" \/>\n<meta property=\"og:locale\" content=\"nl_NL\" \/>\n<meta property=\"og:type\" content=\"article\" \/>\n<meta property=\"og:title\" content=\"Effet \u00e0 LED Showtec Freestyler | ML Locations\" \/>\n<meta property=\"og:description\" content=\"Le Freestyler est un jeu de lumi\u00e8re au puissant effets Moonflower compos\u00e9s de 5 faisseaux aux couleurs RGBWA (multicolores + blanc) et aux motifs \u00e0 matrice. Cet machine \u00e0 effets lumineux est le compromis parfait pour animer et colorer vos soir\u00e9es et \u00e9v\u00e8nements, qu\u2019il s\u2019agisse d\u2019une f\u00eate de mariage, d\u2019un anniversaire, d\u2019un reveal,\u2026\" \/>\n<meta property=\"og:url\" content=\"https:\/\/ml-locations.be\/nl\/locations\/effet-a-led-showtec-freestyler\/\" \/>\n<meta property=\"og:site_name\" content=\"ML Locations\" \/>\n<meta property=\"article:modified_time\" content=\"2017-05-08T11:51:30+00:00\" \/>\n<meta property=\"og:image\" content=\"https:\/\/ml-locations.be\/wp-content\/uploads\/2017\/04\/freestyler.jpg\" \/>\n\t<meta property=\"og:image:width\" content=\"1000\" \/>\n\t<meta property=\"og:image:height\" content=\"1000\" \/>\n\t<meta property=\"og:image:type\" content=\"image\/jpeg\" \/>\n<meta name=\"twitter:card\" content=\"summary_large_image\" \/>\n<meta name=\"twitter:label1\" content=\"Geschatte leestijd\" \/>\n\t<meta name=\"twitter:data1\" content=\"1 minuut\" \/>\n<script type=\"application\/ld+json\" class=\"yoast-schema-graph\">{\"@context\":\"https:\/\/schema.org\",\"@graph\":[{\"@type\":\"WebPage\",\"@id\":\"https:\/\/ml-locations.be\/nl\/locations\/effet-a-led-showtec-freestyler\/\",\"url\":\"https:\/\/ml-locations.be\/nl\/locations\/effet-a-led-showtec-freestyler\/\",\"name\":\"Effet \u00e0 LED Showtec Freestyler | ML Locations\",\"isPartOf\":{\"@id\":\"https:\/\/ml-locations.be\/nl\/#website\"},\"primaryImageOfPage\":{\"@id\":\"https:\/\/ml-locations.be\/nl\/locations\/effet-a-led-showtec-freestyler\/#primaryimage\"},\"image\":{\"@id\":\"https:\/\/ml-locations.be\/nl\/locations\/effet-a-led-showtec-freestyler\/#primaryimage\"},\"thumbnailUrl\":\"https:\/\/ml-locations.be\/wp-content\/uploads\/2017\/04\/freestyler.jpg\",\"datePublished\":\"2017-04-11T12:32:51+00:00\",\"dateModified\":\"2017-05-08T11:51:30+00:00\",\"breadcrumb\":{\"@id\":\"https:\/\/ml-locations.be\/nl\/locations\/effet-a-led-showtec-freestyler\/#breadcrumb\"},\"inLanguage\":\"nl-NL\",\"potentialAction\":[{\"@type\":\"ReadAction\",\"target\":[\"https:\/\/ml-locations.be\/nl\/locations\/effet-a-led-showtec-freestyler\/\"]}]},{\"@type\":\"ImageObject\",\"inLanguage\":\"nl-NL\",\"@id\":\"https:\/\/ml-locations.be\/nl\/locations\/effet-a-led-showtec-freestyler\/#primaryimage\",\"url\":\"https:\/\/ml-locations.be\/wp-content\/uploads\/2017\/04\/freestyler.jpg\",\"contentUrl\":\"https:\/\/ml-locations.be\/wp-content\/uploads\/2017\/04\/freestyler.jpg\",\"width\":1000,\"height\":1000,\"caption\":\"freestyler en location\"},{\"@type\":\"BreadcrumbList\",\"@id\":\"https:\/\/ml-locations.be\/nl\/locations\/effet-a-led-showtec-freestyler\/#breadcrumb\",\"itemListElement\":[{\"@type\":\"ListItem\",\"position\":1,\"name\":\"Accueil\",\"item\":\"https:\/\/ml-locations.be\/nl\/\"},{\"@type\":\"ListItem\",\"position\":2,\"name\":\"Winkel\",\"item\":\"https:\/\/ml-locations.be\/nl\/winkel\/\"},{\"@type\":\"ListItem\",\"position\":3,\"name\":\"Effet \u00e0 LED Showtec Freestyler\"}]},{\"@type\":\"WebSite\",\"@id\":\"https:\/\/ml-locations.be\/nl\/#website\",\"url\":\"https:\/\/ml-locations.be\/nl\/\",\"name\":\"ML Locations\",\"description\":\"Mat\u00e9riel \u00e9v\u00e9nementiel : location chaise, table et mange debout, mat\u00e9riel horeca, frigos,...\",\"publisher\":{\"@id\":\"https:\/\/ml-locations.be\/nl\/#organization\"},\"potentialAction\":[{\"@type\":\"SearchAction\",\"target\":{\"@type\":\"EntryPoint\",\"urlTemplate\":\"https:\/\/ml-locations.be\/nl\/?s={search_term_string}\"},\"query-input\":{\"@type\":\"PropertyValueSpecification\",\"valueRequired\":true,\"valueName\":\"search_term_string\"}}],\"inLanguage\":\"nl-NL\"},{\"@type\":\"Organization\",\"@id\":\"https:\/\/ml-locations.be\/nl\/#organization\",\"name\":\"ML Locations\",\"url\":\"https:\/\/ml-locations.be\/nl\/\",\"logo\":{\"@type\":\"ImageObject\",\"inLanguage\":\"nl-NL\",\"@id\":\"https:\/\/ml-locations.be\/nl\/#\/schema\/logo\/image\/\",\"url\":\"https:\/\/ml-locations.be\/wp-content\/uploads\/2018\/05\/LOGO-location-BON.png\",\"contentUrl\":\"https:\/\/ml-locations.be\/wp-content\/uploads\/2018\/05\/LOGO-location-BON.png\",\"width\":1200,\"height\":1200,\"caption\":\"ML Locations\"},\"image\":{\"@id\":\"https:\/\/ml-locations.be\/nl\/#\/schema\/logo\/image\/\"}}]}<\/script>\n<!-- \/ Yoast SEO plugin. -->","yoast_head_json":{"title":"Effet \u00e0 LED Showtec Freestyler | ML Locations","robots":{"index":"index","follow":"follow","max-snippet":"max-snippet:-1","max-image-preview":"max-image-preview:large","max-video-preview":"max-video-preview:-1"},"canonical":"https:\/\/ml-locations.be\/nl\/locations\/effet-a-led-showtec-freestyler\/","og_locale":"nl_NL","og_type":"article","og_title":"Effet \u00e0 LED Showtec Freestyler | ML Locations","og_description":"Le Freestyler est un jeu de lumi\u00e8re au puissant effets Moonflower compos\u00e9s de 5 faisseaux aux couleurs RGBWA (multicolores + blanc) et aux motifs \u00e0 matrice. Cet machine \u00e0 effets lumineux est le compromis parfait pour animer et colorer vos soir\u00e9es et \u00e9v\u00e8nements, qu\u2019il s\u2019agisse d\u2019une f\u00eate de mariage, d\u2019un anniversaire, d\u2019un reveal,\u2026","og_url":"https:\/\/ml-locations.be\/nl\/locations\/effet-a-led-showtec-freestyler\/","og_site_name":"ML Locations","article_modified_time":"2017-05-08T11:51:30+00:00","og_image":[{"width":1000,"height":1000,"url":"https:\/\/ml-locations.be\/wp-content\/uploads\/2017\/04\/freestyler.jpg","type":"image\/jpeg"}],"twitter_card":"summary_large_image","twitter_misc":{"Geschatte leestijd":"1 minuut"},"schema":{"@context":"https:\/\/schema.org","@graph":[{"@type":"WebPage","@id":"https:\/\/ml-locations.be\/nl\/locations\/effet-a-led-showtec-freestyler\/","url":"https:\/\/ml-locations.be\/nl\/locations\/effet-a-led-showtec-freestyler\/","name":"Effet \u00e0 LED Showtec Freestyler | ML Locations","isPartOf":{"@id":"https:\/\/ml-locations.be\/nl\/#website"},"primaryImageOfPage":{"@id":"https:\/\/ml-locations.be\/nl\/locations\/effet-a-led-showtec-freestyler\/#primaryimage"},"image":{"@id":"https:\/\/ml-locations.be\/nl\/locations\/effet-a-led-showtec-freestyler\/#primaryimage"},"thumbnailUrl":"https:\/\/ml-locations.be\/wp-content\/uploads\/2017\/04\/freestyler.jpg","datePublished":"2017-04-11T12:32:51+00:00","dateModified":"2017-05-08T11:51:30+00:00","breadcrumb":{"@id":"https:\/\/ml-locations.be\/nl\/locations\/effet-a-led-showtec-freestyler\/#breadcrumb"},"inLanguage":"nl-NL","potentialAction":[{"@type":"ReadAction","target":["https:\/\/ml-locations.be\/nl\/locations\/effet-a-led-showtec-freestyler\/"]}]},{"@type":"ImageObject","inLanguage":"nl-NL","@id":"https:\/\/ml-locations.be\/nl\/locations\/effet-a-led-showtec-freestyler\/#primaryimage","url":"https:\/\/ml-locations.be\/wp-content\/uploads\/2017\/04\/freestyler.jpg","contentUrl":"https:\/\/ml-locations.be\/wp-content\/uploads\/2017\/04\/freestyler.jpg","width":1000,"height":1000,"caption":"freestyler en location"},{"@type":"BreadcrumbList","@id":"https:\/\/ml-locations.be\/nl\/locations\/effet-a-led-showtec-freestyler\/#breadcrumb","itemListElement":[{"@type":"ListItem","position":1,"name":"Accueil","item":"https:\/\/ml-locations.be\/nl\/"},{"@type":"ListItem","position":2,"name":"Winkel","item":"https:\/\/ml-locations.be\/nl\/winkel\/"},{"@type":"ListItem","position":3,"name":"Effet \u00e0 LED Showtec Freestyler"}]},{"@type":"WebSite","@id":"https:\/\/ml-locations.be\/nl\/#website","url":"https:\/\/ml-locations.be\/nl\/","name":"ML Locations","description":"Mat\u00e9riel \u00e9v\u00e9nementiel : location chaise, table et mange debout, mat\u00e9riel horeca, frigos,...","publisher":{"@id":"https:\/\/ml-locations.be\/nl\/#organization"},"potentialAction":[{"@type":"SearchAction","target":{"@type":"EntryPoint","urlTemplate":"https:\/\/ml-locations.be\/nl\/?s={search_term_string}"},"query-input":{"@type":"PropertyValueSpecification","valueRequired":true,"valueName":"search_term_string"}}],"inLanguage":"nl-NL"},{"@type":"Organization","@id":"https:\/\/ml-locations.be\/nl\/#organization","name":"ML Locations","url":"https:\/\/ml-locations.be\/nl\/","logo":{"@type":"ImageObject","inLanguage":"nl-NL","@id":"https:\/\/ml-locations.be\/nl\/#\/schema\/logo\/image\/","url":"https:\/\/ml-locations.be\/wp-content\/uploads\/2018\/05\/LOGO-location-BON.png","contentUrl":"https:\/\/ml-locations.be\/wp-content\/uploads\/2018\/05\/LOGO-location-BON.png","width":1200,"height":1200,"caption":"ML Locations"},"image":{"@id":"https:\/\/ml-locations.be\/nl\/#\/schema\/logo\/image\/"}}]}},"_links":{"self":[{"href":"https:\/\/ml-locations.be\/nl\/wp-json\/wp\/v2\/product\/1625","targetHints":{"allow":["GET"]}}],"collection":[{"href":"https:\/\/ml-locations.be\/nl\/wp-json\/wp\/v2\/product"}],"about":[{"href":"https:\/\/ml-locations.be\/nl\/wp-json\/wp\/v2\/types\/product"}],"wp:featuredmedia":[{"embeddable":true,"href":"https:\/\/ml-locations.be\/nl\/wp-json\/wp\/v2\/media\/1875"}],"wp:attachment":[{"href":"https:\/\/ml-locations.be\/nl\/wp-json\/wp\/v2\/media?parent=1625"}],"wp:term":[{"taxonomy":"product_brand","embeddable":true,"href":"https:\/\/ml-locations.be\/nl\/wp-json\/wp\/v2\/product_brand?post=1625"},{"taxonomy":"product_cat","embeddable":true,"href":"https:\/\/ml-locations.be\/nl\/wp-json\/wp\/v2\/product_cat?post=1625"},{"taxonomy":"product_tag","embeddable":true,"href":"https:\/\/ml-locations.be\/nl\/wp-json\/wp\/v2\/product_tag?post=1625"}],"curies":[{"name":"wp","href":"https:\/\/api.w.org\/{rel}","templated":true}]}}