{"id":1635,"date":"2017-04-11T14:32:56","date_gmt":"2017-04-11T12:32:56","guid":{"rendered":"https:\/\/www.ml-locations.be\/\/locations\/effet-a-led-showtec-sunraise\/"},"modified":"2017-05-08T13:51:33","modified_gmt":"2017-05-08T11:51:33","slug":"effet-a-led-showtec-sunraise","status":"publish","type":"product","link":"https:\/\/ml-locations.be\/nl\/locations\/effet-a-led-showtec-sunraise\/","title":{"rendered":"Effet \u00e0 LED Showtec Sunraise"},"content":{"rendered":"<p>La <strong>machine \u00e0 effet \u00ab\u00a0Sunraise\u00a0\u00bb<\/strong> produit des effets dynamiques et color\u00e9s constitu\u00e9s de nombreux faisceaux qui peuvent changer de couleur et bouger au rythme de la musique gr\u00e2ce au contr\u00f4leur int\u00e9gr\u00e9. Cet <strong>effet lumineux LED<\/strong> est id\u00e9al pour vos f\u00eates entre amis. Gr\u00e2ce \u00e0 ses 82 lentilles, cet appareil projette des faisceaux lumineux \u00e0 360\u00b0. Cet appareil est tr\u00e8s l\u00e9ger et ne consomme pas beaucoup d\u2019\u00e9nergie.<\/p>\n<p><strong>Dimensions et caract\u00e9ristiques\u00a0:<\/strong><\/p>\n<ul>\n<li>210 x 210 x 180 mm<\/li>\n<li>Poids\u00a0: 2,5 kg<\/li>\n<li>Couleur\u00a0: noir<\/li>\n<li>Refroidissement : ventilateur<\/li>\n<li>Temp\u00e9rature de fonctionnement : de -20 \u00e0 40\u00b0C<\/li>\n<li>Consommation \u00e9lectrique : 25 W<\/li>\n<li>Alimentation : 100 &#8211; 240 V C.A<\/li>\n<\/ul>\n","protected":false},"excerpt":{"rendered":"<p>L\u2019<strong>effet Sunraise<\/strong> permet de produire de nombreux faisceaux lumineux de diff\u00e9rentes couleurs en m\u00eame temps\u00a0: une v\u00e9ritable <strong>boule \u00e0 facettes<\/strong> lumineuse.<\/p>\n","protected":false},"featured_media":1887,"template":"","meta":{"_acf_changed":false},"product_brand":[],"product_cat":[17,125],"product_tag":[205],"class_list":{"0":"post-1635","1":"product","2":"type-product","3":"status-publish","4":"has-post-thumbnail","6":"product_cat-materiel-sono-et-lumieres-en-location","7":"product_cat-machine-a-effets-location","8":"product_tag-location-materiel-organisation-soiree","9":"description-off","11":"first","12":"instock","13":"taxable","14":"shipping-taxable","15":"purchasable","16":"product-type-simple"},"acf":[],"yoast_head":"<!-- This site is optimized with the Yoast SEO plugin v25.0 - https:\/\/yoast.com\/wordpress\/plugins\/seo\/ -->\n<title>Effet \u00e0 LED Showtec Sunraise | ML Locations<\/title>\n<meta name=\"robots\" content=\"index, follow, max-snippet:-1, max-image-preview:large, max-video-preview:-1\" \/>\n<link rel=\"canonical\" href=\"https:\/\/ml-locations.be\/nl\/locations\/effet-a-led-showtec-sunraise\/\" \/>\n<meta property=\"og:locale\" content=\"nl_NL\" \/>\n<meta property=\"og:type\" content=\"article\" \/>\n<meta property=\"og:title\" content=\"Effet \u00e0 LED Showtec Sunraise | ML Locations\" \/>\n<meta property=\"og:description\" content=\"L\u2019effet Sunraise permet de produire de nombreux faisceaux lumineux de diff\u00e9rentes couleurs en m\u00eame temps\u00a0: une v\u00e9ritable boule \u00e0 facettes lumineuse.\" \/>\n<meta property=\"og:url\" content=\"https:\/\/ml-locations.be\/nl\/locations\/effet-a-led-showtec-sunraise\/\" \/>\n<meta property=\"og:site_name\" content=\"ML Locations\" \/>\n<meta property=\"article:modified_time\" content=\"2017-05-08T11:51:33+00:00\" \/>\n<meta property=\"og:image\" content=\"https:\/\/ml-locations.be\/wp-content\/uploads\/2017\/04\/effet-sunraise.jpeg\" \/>\n\t<meta property=\"og:image:width\" content=\"1000\" \/>\n\t<meta property=\"og:image:height\" content=\"1000\" \/>\n\t<meta property=\"og:image:type\" content=\"image\/jpeg\" \/>\n<meta name=\"twitter:card\" content=\"summary_large_image\" \/>\n<meta name=\"twitter:label1\" content=\"Geschatte leestijd\" \/>\n\t<meta name=\"twitter:data1\" content=\"1 minuut\" \/>\n<script type=\"application\/ld+json\" class=\"yoast-schema-graph\">{\"@context\":\"https:\/\/schema.org\",\"@graph\":[{\"@type\":\"WebPage\",\"@id\":\"https:\/\/ml-locations.be\/nl\/locations\/effet-a-led-showtec-sunraise\/\",\"url\":\"https:\/\/ml-locations.be\/nl\/locations\/effet-a-led-showtec-sunraise\/\",\"name\":\"Effet \u00e0 LED Showtec Sunraise | ML Locations\",\"isPartOf\":{\"@id\":\"https:\/\/ml-locations.be\/nl\/#website\"},\"primaryImageOfPage\":{\"@id\":\"https:\/\/ml-locations.be\/nl\/locations\/effet-a-led-showtec-sunraise\/#primaryimage\"},\"image\":{\"@id\":\"https:\/\/ml-locations.be\/nl\/locations\/effet-a-led-showtec-sunraise\/#primaryimage\"},\"thumbnailUrl\":\"https:\/\/ml-locations.be\/wp-content\/uploads\/2017\/04\/effet-sunraise.jpeg\",\"datePublished\":\"2017-04-11T12:32:56+00:00\",\"dateModified\":\"2017-05-08T11:51:33+00:00\",\"breadcrumb\":{\"@id\":\"https:\/\/ml-locations.be\/nl\/locations\/effet-a-led-showtec-sunraise\/#breadcrumb\"},\"inLanguage\":\"nl-NL\",\"potentialAction\":[{\"@type\":\"ReadAction\",\"target\":[\"https:\/\/ml-locations.be\/nl\/locations\/effet-a-led-showtec-sunraise\/\"]}]},{\"@type\":\"ImageObject\",\"inLanguage\":\"nl-NL\",\"@id\":\"https:\/\/ml-locations.be\/nl\/locations\/effet-a-led-showtec-sunraise\/#primaryimage\",\"url\":\"https:\/\/ml-locations.be\/wp-content\/uploads\/2017\/04\/effet-sunraise.jpeg\",\"contentUrl\":\"https:\/\/ml-locations.be\/wp-content\/uploads\/2017\/04\/effet-sunraise.jpeg\",\"width\":1000,\"height\":1000,\"caption\":\"effet sunraise en location\"},{\"@type\":\"BreadcrumbList\",\"@id\":\"https:\/\/ml-locations.be\/nl\/locations\/effet-a-led-showtec-sunraise\/#breadcrumb\",\"itemListElement\":[{\"@type\":\"ListItem\",\"position\":1,\"name\":\"Accueil\",\"item\":\"https:\/\/ml-locations.be\/nl\/\"},{\"@type\":\"ListItem\",\"position\":2,\"name\":\"Winkel\",\"item\":\"https:\/\/ml-locations.be\/nl\/winkel\/\"},{\"@type\":\"ListItem\",\"position\":3,\"name\":\"Effet \u00e0 LED Showtec Sunraise\"}]},{\"@type\":\"WebSite\",\"@id\":\"https:\/\/ml-locations.be\/nl\/#website\",\"url\":\"https:\/\/ml-locations.be\/nl\/\",\"name\":\"ML Locations\",\"description\":\"Mat\u00e9riel \u00e9v\u00e9nementiel : location chaise, table et mange debout, mat\u00e9riel horeca, frigos,...\",\"publisher\":{\"@id\":\"https:\/\/ml-locations.be\/nl\/#organization\"},\"potentialAction\":[{\"@type\":\"SearchAction\",\"target\":{\"@type\":\"EntryPoint\",\"urlTemplate\":\"https:\/\/ml-locations.be\/nl\/?s={search_term_string}\"},\"query-input\":{\"@type\":\"PropertyValueSpecification\",\"valueRequired\":true,\"valueName\":\"search_term_string\"}}],\"inLanguage\":\"nl-NL\"},{\"@type\":\"Organization\",\"@id\":\"https:\/\/ml-locations.be\/nl\/#organization\",\"name\":\"ML Locations\",\"url\":\"https:\/\/ml-locations.be\/nl\/\",\"logo\":{\"@type\":\"ImageObject\",\"inLanguage\":\"nl-NL\",\"@id\":\"https:\/\/ml-locations.be\/nl\/#\/schema\/logo\/image\/\",\"url\":\"https:\/\/ml-locations.be\/wp-content\/uploads\/2018\/05\/LOGO-location-BON.png\",\"contentUrl\":\"https:\/\/ml-locations.be\/wp-content\/uploads\/2018\/05\/LOGO-location-BON.png\",\"width\":1200,\"height\":1200,\"caption\":\"ML Locations\"},\"image\":{\"@id\":\"https:\/\/ml-locations.be\/nl\/#\/schema\/logo\/image\/\"}}]}<\/script>\n<!-- \/ Yoast SEO plugin. -->","yoast_head_json":{"title":"Effet \u00e0 LED Showtec Sunraise | ML Locations","robots":{"index":"index","follow":"follow","max-snippet":"max-snippet:-1","max-image-preview":"max-image-preview:large","max-video-preview":"max-video-preview:-1"},"canonical":"https:\/\/ml-locations.be\/nl\/locations\/effet-a-led-showtec-sunraise\/","og_locale":"nl_NL","og_type":"article","og_title":"Effet \u00e0 LED Showtec Sunraise | ML Locations","og_description":"L\u2019effet Sunraise permet de produire de nombreux faisceaux lumineux de diff\u00e9rentes couleurs en m\u00eame temps\u00a0: une v\u00e9ritable boule \u00e0 facettes lumineuse.","og_url":"https:\/\/ml-locations.be\/nl\/locations\/effet-a-led-showtec-sunraise\/","og_site_name":"ML Locations","article_modified_time":"2017-05-08T11:51:33+00:00","og_image":[{"width":1000,"height":1000,"url":"https:\/\/ml-locations.be\/wp-content\/uploads\/2017\/04\/effet-sunraise.jpeg","type":"image\/jpeg"}],"twitter_card":"summary_large_image","twitter_misc":{"Geschatte leestijd":"1 minuut"},"schema":{"@context":"https:\/\/schema.org","@graph":[{"@type":"WebPage","@id":"https:\/\/ml-locations.be\/nl\/locations\/effet-a-led-showtec-sunraise\/","url":"https:\/\/ml-locations.be\/nl\/locations\/effet-a-led-showtec-sunraise\/","name":"Effet \u00e0 LED Showtec Sunraise | ML Locations","isPartOf":{"@id":"https:\/\/ml-locations.be\/nl\/#website"},"primaryImageOfPage":{"@id":"https:\/\/ml-locations.be\/nl\/locations\/effet-a-led-showtec-sunraise\/#primaryimage"},"image":{"@id":"https:\/\/ml-locations.be\/nl\/locations\/effet-a-led-showtec-sunraise\/#primaryimage"},"thumbnailUrl":"https:\/\/ml-locations.be\/wp-content\/uploads\/2017\/04\/effet-sunraise.jpeg","datePublished":"2017-04-11T12:32:56+00:00","dateModified":"2017-05-08T11:51:33+00:00","breadcrumb":{"@id":"https:\/\/ml-locations.be\/nl\/locations\/effet-a-led-showtec-sunraise\/#breadcrumb"},"inLanguage":"nl-NL","potentialAction":[{"@type":"ReadAction","target":["https:\/\/ml-locations.be\/nl\/locations\/effet-a-led-showtec-sunraise\/"]}]},{"@type":"ImageObject","inLanguage":"nl-NL","@id":"https:\/\/ml-locations.be\/nl\/locations\/effet-a-led-showtec-sunraise\/#primaryimage","url":"https:\/\/ml-locations.be\/wp-content\/uploads\/2017\/04\/effet-sunraise.jpeg","contentUrl":"https:\/\/ml-locations.be\/wp-content\/uploads\/2017\/04\/effet-sunraise.jpeg","width":1000,"height":1000,"caption":"effet sunraise en location"},{"@type":"BreadcrumbList","@id":"https:\/\/ml-locations.be\/nl\/locations\/effet-a-led-showtec-sunraise\/#breadcrumb","itemListElement":[{"@type":"ListItem","position":1,"name":"Accueil","item":"https:\/\/ml-locations.be\/nl\/"},{"@type":"ListItem","position":2,"name":"Winkel","item":"https:\/\/ml-locations.be\/nl\/winkel\/"},{"@type":"ListItem","position":3,"name":"Effet \u00e0 LED Showtec Sunraise"}]},{"@type":"WebSite","@id":"https:\/\/ml-locations.be\/nl\/#website","url":"https:\/\/ml-locations.be\/nl\/","name":"ML Locations","description":"Mat\u00e9riel \u00e9v\u00e9nementiel : location chaise, table et mange debout, mat\u00e9riel horeca, frigos,...","publisher":{"@id":"https:\/\/ml-locations.be\/nl\/#organization"},"potentialAction":[{"@type":"SearchAction","target":{"@type":"EntryPoint","urlTemplate":"https:\/\/ml-locations.be\/nl\/?s={search_term_string}"},"query-input":{"@type":"PropertyValueSpecification","valueRequired":true,"valueName":"search_term_string"}}],"inLanguage":"nl-NL"},{"@type":"Organization","@id":"https:\/\/ml-locations.be\/nl\/#organization","name":"ML Locations","url":"https:\/\/ml-locations.be\/nl\/","logo":{"@type":"ImageObject","inLanguage":"nl-NL","@id":"https:\/\/ml-locations.be\/nl\/#\/schema\/logo\/image\/","url":"https:\/\/ml-locations.be\/wp-content\/uploads\/2018\/05\/LOGO-location-BON.png","contentUrl":"https:\/\/ml-locations.be\/wp-content\/uploads\/2018\/05\/LOGO-location-BON.png","width":1200,"height":1200,"caption":"ML Locations"},"image":{"@id":"https:\/\/ml-locations.be\/nl\/#\/schema\/logo\/image\/"}}]}},"_links":{"self":[{"href":"https:\/\/ml-locations.be\/nl\/wp-json\/wp\/v2\/product\/1635","targetHints":{"allow":["GET"]}}],"collection":[{"href":"https:\/\/ml-locations.be\/nl\/wp-json\/wp\/v2\/product"}],"about":[{"href":"https:\/\/ml-locations.be\/nl\/wp-json\/wp\/v2\/types\/product"}],"wp:featuredmedia":[{"embeddable":true,"href":"https:\/\/ml-locations.be\/nl\/wp-json\/wp\/v2\/media\/1887"}],"wp:attachment":[{"href":"https:\/\/ml-locations.be\/nl\/wp-json\/wp\/v2\/media?parent=1635"}],"wp:term":[{"taxonomy":"product_brand","embeddable":true,"href":"https:\/\/ml-locations.be\/nl\/wp-json\/wp\/v2\/product_brand?post=1635"},{"taxonomy":"product_cat","embeddable":true,"href":"https:\/\/ml-locations.be\/nl\/wp-json\/wp\/v2\/product_cat?post=1635"},{"taxonomy":"product_tag","embeddable":true,"href":"https:\/\/ml-locations.be\/nl\/wp-json\/wp\/v2\/product_tag?post=1635"}],"curies":[{"name":"wp","href":"https:\/\/api.w.org\/{rel}","templated":true}]}}