{"id":1637,"date":"2017-04-11T14:32:56","date_gmt":"2017-04-11T12:32:56","guid":{"rendered":"https:\/\/www.ml-locations.be\/\/locations\/lustres-sirio-etoile-lumineuse-led\/"},"modified":"2017-05-08T13:51:34","modified_gmt":"2017-05-08T11:51:34","slug":"lustres-sirio-etoile-lumineuse-led","status":"publish","type":"product","link":"https:\/\/ml-locations.be\/nl\/locations\/lustres-sirio-etoile-lumineuse-led\/","title":{"rendered":"Lustres Sirio \u00e9toile lumineuse LED"},"content":{"rendered":"<p>Ce <strong>luminaire original<\/strong> est parfait pour diffuser une <strong>lumi\u00e8re douce et chaude<\/strong> sur les lieux de vos \u00e9v\u00e9nements. L\u2019<strong>\u00e9clairage<\/strong> de votre \u00e9v\u00e9nement sera garanti gr\u00e2ce aux <strong>lustres originaux Sirio<\/strong>. L\u2019association de plusieurs luminaires de ce type donne une petite touche magique et f\u00e9\u00e9rique \u00e0 votre \u00e9v\u00e9nement. Vous pouvez les combiner avec nos <strong>mobiliers lumineux<\/strong> pour cr\u00e9er un \u00e9v\u00e9nement encore plus lumineux et chaleureux.<\/p>\n<p><strong>Dimension du lustre Sirio\u00a0:<\/strong><\/p>\n<p>70 x 70cm<\/p>\n","protected":false},"excerpt":{"rendered":"<p>Ce <strong>lustre en forme d\u2019\u00e9toile<\/strong>\u00a0illuminera votre <strong>\u00e9v\u00e9nement<\/strong> de mani\u00e8re originale et design. Ce <strong>luminaire en PVC blanc<\/strong> translucide\u00a0est tr\u00e8s tendance et diffusera\u00a0un <strong>\u00e9clairage tamis\u00e9<\/strong> des lieux de votre <strong>\u00e9v\u00e9nement<\/strong>.<\/p>\n<p>&nbsp;<\/p>\n","protected":false},"featured_media":2135,"template":"","meta":{"_acf_changed":false},"product_brand":[],"product_cat":[6,9,126,51,17,19],"product_tag":[202],"class_list":{"0":"post-1637","1":"product","2":"type-product","3":"status-publish","4":"has-post-thumbnail","6":"product_cat-mobilier","7":"product_cat-mobilier-lumineux","8":"product_cat-decorations-pour-evenements","9":"product_cat-decorations-hiver-a-louer","10":"product_cat-materiel-sono-et-lumieres-en-location","11":"product_cat-materiel-eclairage-et-lumieres-a-louer","12":"product_tag-location-mobilier-design","13":"description-off","15":"first","16":"instock","17":"taxable","18":"shipping-taxable","19":"purchasable","20":"product-type-simple"},"acf":[],"yoast_head":"<!-- This site is optimized with the Yoast SEO plugin v25.0 - https:\/\/yoast.com\/wordpress\/plugins\/seo\/ -->\n<title>Lustres Sirio \u00e9toile lumineuse LED | ML Locations<\/title>\n<meta name=\"robots\" content=\"index, follow, max-snippet:-1, max-image-preview:large, max-video-preview:-1\" \/>\n<link rel=\"canonical\" href=\"https:\/\/ml-locations.be\/nl\/locations\/lustres-sirio-etoile-lumineuse-led\/\" \/>\n<meta property=\"og:locale\" content=\"nl_NL\" \/>\n<meta property=\"og:type\" content=\"article\" \/>\n<meta property=\"og:title\" content=\"Lustres Sirio \u00e9toile lumineuse LED | ML Locations\" \/>\n<meta property=\"og:description\" content=\"Ce lustre en forme d\u2019\u00e9toile\u00a0illuminera votre \u00e9v\u00e9nement de mani\u00e8re originale et design. Ce luminaire en PVC blanc translucide\u00a0est tr\u00e8s tendance et diffusera\u00a0un \u00e9clairage tamis\u00e9 des lieux de votre \u00e9v\u00e9nement.  &nbsp;\" \/>\n<meta property=\"og:url\" content=\"https:\/\/ml-locations.be\/nl\/locations\/lustres-sirio-etoile-lumineuse-led\/\" \/>\n<meta property=\"og:site_name\" content=\"ML Locations\" \/>\n<meta property=\"article:modified_time\" content=\"2017-05-08T11:51:34+00:00\" \/>\n<meta property=\"og:image\" content=\"https:\/\/ml-locations.be\/wp-content\/uploads\/2017\/04\/lampe-sirio.jpg\" \/>\n\t<meta property=\"og:image:width\" content=\"800\" \/>\n\t<meta property=\"og:image:height\" content=\"800\" \/>\n\t<meta property=\"og:image:type\" content=\"image\/jpeg\" \/>\n<meta name=\"twitter:card\" content=\"summary_large_image\" \/>\n<script type=\"application\/ld+json\" class=\"yoast-schema-graph\">{\"@context\":\"https:\/\/schema.org\",\"@graph\":[{\"@type\":\"WebPage\",\"@id\":\"https:\/\/ml-locations.be\/nl\/locations\/lustres-sirio-etoile-lumineuse-led\/\",\"url\":\"https:\/\/ml-locations.be\/nl\/locations\/lustres-sirio-etoile-lumineuse-led\/\",\"name\":\"Lustres Sirio \u00e9toile lumineuse LED | ML Locations\",\"isPartOf\":{\"@id\":\"https:\/\/ml-locations.be\/nl\/#website\"},\"primaryImageOfPage\":{\"@id\":\"https:\/\/ml-locations.be\/nl\/locations\/lustres-sirio-etoile-lumineuse-led\/#primaryimage\"},\"image\":{\"@id\":\"https:\/\/ml-locations.be\/nl\/locations\/lustres-sirio-etoile-lumineuse-led\/#primaryimage\"},\"thumbnailUrl\":\"https:\/\/ml-locations.be\/wp-content\/uploads\/2017\/04\/lampe-sirio.jpg\",\"datePublished\":\"2017-04-11T12:32:56+00:00\",\"dateModified\":\"2017-05-08T11:51:34+00:00\",\"breadcrumb\":{\"@id\":\"https:\/\/ml-locations.be\/nl\/locations\/lustres-sirio-etoile-lumineuse-led\/#breadcrumb\"},\"inLanguage\":\"nl-NL\",\"potentialAction\":[{\"@type\":\"ReadAction\",\"target\":[\"https:\/\/ml-locations.be\/nl\/locations\/lustres-sirio-etoile-lumineuse-led\/\"]}]},{\"@type\":\"ImageObject\",\"inLanguage\":\"nl-NL\",\"@id\":\"https:\/\/ml-locations.be\/nl\/locations\/lustres-sirio-etoile-lumineuse-led\/#primaryimage\",\"url\":\"https:\/\/ml-locations.be\/wp-content\/uploads\/2017\/04\/lampe-sirio.jpg\",\"contentUrl\":\"https:\/\/ml-locations.be\/wp-content\/uploads\/2017\/04\/lampe-sirio.jpg\",\"width\":800,\"height\":800,\"caption\":\"lampe sirio - \u00e9clairage et lumi\u00e8res en location\"},{\"@type\":\"BreadcrumbList\",\"@id\":\"https:\/\/ml-locations.be\/nl\/locations\/lustres-sirio-etoile-lumineuse-led\/#breadcrumb\",\"itemListElement\":[{\"@type\":\"ListItem\",\"position\":1,\"name\":\"Accueil\",\"item\":\"https:\/\/ml-locations.be\/nl\/\"},{\"@type\":\"ListItem\",\"position\":2,\"name\":\"Winkel\",\"item\":\"https:\/\/ml-locations.be\/nl\/winkel\/\"},{\"@type\":\"ListItem\",\"position\":3,\"name\":\"Lustres Sirio \u00e9toile lumineuse LED\"}]},{\"@type\":\"WebSite\",\"@id\":\"https:\/\/ml-locations.be\/nl\/#website\",\"url\":\"https:\/\/ml-locations.be\/nl\/\",\"name\":\"ML Locations\",\"description\":\"Mat\u00e9riel \u00e9v\u00e9nementiel : location chaise, table et mange debout, mat\u00e9riel horeca, frigos,...\",\"publisher\":{\"@id\":\"https:\/\/ml-locations.be\/nl\/#organization\"},\"potentialAction\":[{\"@type\":\"SearchAction\",\"target\":{\"@type\":\"EntryPoint\",\"urlTemplate\":\"https:\/\/ml-locations.be\/nl\/?s={search_term_string}\"},\"query-input\":{\"@type\":\"PropertyValueSpecification\",\"valueRequired\":true,\"valueName\":\"search_term_string\"}}],\"inLanguage\":\"nl-NL\"},{\"@type\":\"Organization\",\"@id\":\"https:\/\/ml-locations.be\/nl\/#organization\",\"name\":\"ML Locations\",\"url\":\"https:\/\/ml-locations.be\/nl\/\",\"logo\":{\"@type\":\"ImageObject\",\"inLanguage\":\"nl-NL\",\"@id\":\"https:\/\/ml-locations.be\/nl\/#\/schema\/logo\/image\/\",\"url\":\"https:\/\/ml-locations.be\/wp-content\/uploads\/2018\/05\/LOGO-location-BON.png\",\"contentUrl\":\"https:\/\/ml-locations.be\/wp-content\/uploads\/2018\/05\/LOGO-location-BON.png\",\"width\":1200,\"height\":1200,\"caption\":\"ML Locations\"},\"image\":{\"@id\":\"https:\/\/ml-locations.be\/nl\/#\/schema\/logo\/image\/\"}}]}<\/script>\n<!-- \/ Yoast SEO plugin. -->","yoast_head_json":{"title":"Lustres Sirio \u00e9toile lumineuse LED | ML Locations","robots":{"index":"index","follow":"follow","max-snippet":"max-snippet:-1","max-image-preview":"max-image-preview:large","max-video-preview":"max-video-preview:-1"},"canonical":"https:\/\/ml-locations.be\/nl\/locations\/lustres-sirio-etoile-lumineuse-led\/","og_locale":"nl_NL","og_type":"article","og_title":"Lustres Sirio \u00e9toile lumineuse LED | ML Locations","og_description":"Ce lustre en forme d\u2019\u00e9toile\u00a0illuminera votre \u00e9v\u00e9nement de mani\u00e8re originale et design. Ce luminaire en PVC blanc translucide\u00a0est tr\u00e8s tendance et diffusera\u00a0un \u00e9clairage tamis\u00e9 des lieux de votre \u00e9v\u00e9nement.  &nbsp;","og_url":"https:\/\/ml-locations.be\/nl\/locations\/lustres-sirio-etoile-lumineuse-led\/","og_site_name":"ML Locations","article_modified_time":"2017-05-08T11:51:34+00:00","og_image":[{"width":800,"height":800,"url":"https:\/\/ml-locations.be\/wp-content\/uploads\/2017\/04\/lampe-sirio.jpg","type":"image\/jpeg"}],"twitter_card":"summary_large_image","schema":{"@context":"https:\/\/schema.org","@graph":[{"@type":"WebPage","@id":"https:\/\/ml-locations.be\/nl\/locations\/lustres-sirio-etoile-lumineuse-led\/","url":"https:\/\/ml-locations.be\/nl\/locations\/lustres-sirio-etoile-lumineuse-led\/","name":"Lustres Sirio \u00e9toile lumineuse LED | ML Locations","isPartOf":{"@id":"https:\/\/ml-locations.be\/nl\/#website"},"primaryImageOfPage":{"@id":"https:\/\/ml-locations.be\/nl\/locations\/lustres-sirio-etoile-lumineuse-led\/#primaryimage"},"image":{"@id":"https:\/\/ml-locations.be\/nl\/locations\/lustres-sirio-etoile-lumineuse-led\/#primaryimage"},"thumbnailUrl":"https:\/\/ml-locations.be\/wp-content\/uploads\/2017\/04\/lampe-sirio.jpg","datePublished":"2017-04-11T12:32:56+00:00","dateModified":"2017-05-08T11:51:34+00:00","breadcrumb":{"@id":"https:\/\/ml-locations.be\/nl\/locations\/lustres-sirio-etoile-lumineuse-led\/#breadcrumb"},"inLanguage":"nl-NL","potentialAction":[{"@type":"ReadAction","target":["https:\/\/ml-locations.be\/nl\/locations\/lustres-sirio-etoile-lumineuse-led\/"]}]},{"@type":"ImageObject","inLanguage":"nl-NL","@id":"https:\/\/ml-locations.be\/nl\/locations\/lustres-sirio-etoile-lumineuse-led\/#primaryimage","url":"https:\/\/ml-locations.be\/wp-content\/uploads\/2017\/04\/lampe-sirio.jpg","contentUrl":"https:\/\/ml-locations.be\/wp-content\/uploads\/2017\/04\/lampe-sirio.jpg","width":800,"height":800,"caption":"lampe sirio - \u00e9clairage et lumi\u00e8res en location"},{"@type":"BreadcrumbList","@id":"https:\/\/ml-locations.be\/nl\/locations\/lustres-sirio-etoile-lumineuse-led\/#breadcrumb","itemListElement":[{"@type":"ListItem","position":1,"name":"Accueil","item":"https:\/\/ml-locations.be\/nl\/"},{"@type":"ListItem","position":2,"name":"Winkel","item":"https:\/\/ml-locations.be\/nl\/winkel\/"},{"@type":"ListItem","position":3,"name":"Lustres Sirio \u00e9toile lumineuse LED"}]},{"@type":"WebSite","@id":"https:\/\/ml-locations.be\/nl\/#website","url":"https:\/\/ml-locations.be\/nl\/","name":"ML Locations","description":"Mat\u00e9riel \u00e9v\u00e9nementiel : location chaise, table et mange debout, mat\u00e9riel horeca, frigos,...","publisher":{"@id":"https:\/\/ml-locations.be\/nl\/#organization"},"potentialAction":[{"@type":"SearchAction","target":{"@type":"EntryPoint","urlTemplate":"https:\/\/ml-locations.be\/nl\/?s={search_term_string}"},"query-input":{"@type":"PropertyValueSpecification","valueRequired":true,"valueName":"search_term_string"}}],"inLanguage":"nl-NL"},{"@type":"Organization","@id":"https:\/\/ml-locations.be\/nl\/#organization","name":"ML Locations","url":"https:\/\/ml-locations.be\/nl\/","logo":{"@type":"ImageObject","inLanguage":"nl-NL","@id":"https:\/\/ml-locations.be\/nl\/#\/schema\/logo\/image\/","url":"https:\/\/ml-locations.be\/wp-content\/uploads\/2018\/05\/LOGO-location-BON.png","contentUrl":"https:\/\/ml-locations.be\/wp-content\/uploads\/2018\/05\/LOGO-location-BON.png","width":1200,"height":1200,"caption":"ML Locations"},"image":{"@id":"https:\/\/ml-locations.be\/nl\/#\/schema\/logo\/image\/"}}]}},"_links":{"self":[{"href":"https:\/\/ml-locations.be\/nl\/wp-json\/wp\/v2\/product\/1637","targetHints":{"allow":["GET"]}}],"collection":[{"href":"https:\/\/ml-locations.be\/nl\/wp-json\/wp\/v2\/product"}],"about":[{"href":"https:\/\/ml-locations.be\/nl\/wp-json\/wp\/v2\/types\/product"}],"wp:featuredmedia":[{"embeddable":true,"href":"https:\/\/ml-locations.be\/nl\/wp-json\/wp\/v2\/media\/2135"}],"wp:attachment":[{"href":"https:\/\/ml-locations.be\/nl\/wp-json\/wp\/v2\/media?parent=1637"}],"wp:term":[{"taxonomy":"product_brand","embeddable":true,"href":"https:\/\/ml-locations.be\/nl\/wp-json\/wp\/v2\/product_brand?post=1637"},{"taxonomy":"product_cat","embeddable":true,"href":"https:\/\/ml-locations.be\/nl\/wp-json\/wp\/v2\/product_cat?post=1637"},{"taxonomy":"product_tag","embeddable":true,"href":"https:\/\/ml-locations.be\/nl\/wp-json\/wp\/v2\/product_tag?post=1637"}],"curies":[{"name":"wp","href":"https:\/\/api.w.org\/{rel}","templated":true}]}}