{"id":1638,"date":"2017-04-11T14:32:56","date_gmt":"2017-04-11T12:32:56","guid":{"rendered":"https:\/\/www.ml-locations.be\/\/locations\/machine-a-fumee-antari\/"},"modified":"2017-05-08T13:51:34","modified_gmt":"2017-05-08T11:51:34","slug":"machine-a-fumee-antari","status":"publish","type":"product","link":"https:\/\/ml-locations.be\/nl\/locations\/machine-a-fumee-antari\/","title":{"rendered":"Machine \u00e0 fum\u00e9e Antari"},"content":{"rendered":"<p><strong>Machine \u00e0 fum\u00e9e professionnelle<\/strong> id\u00e9ale pour vos prestations professionnelles. Elle est \u00e9quip\u00e9e d\u2019un minuteur avec intervalle et dur\u00e9e. En combinaison avec des effets lumineux, la machine \u00e0 fum\u00e9e vous permet un petit plus qui rendra votre <strong>show de lumi\u00e8re<\/strong> encore plus sympa. Vos <strong>\u00e9clairages<\/strong> formeront des rayons de lumi\u00e8re dans la <strong>fum\u00e9e<\/strong>. Cette machine \u00e0 fum\u00e9e fonctionne avec du liquide pour machine \u00e0 fum\u00e9e (inclus dans la location).<\/p>\n","protected":false},"excerpt":{"rendered":"<p>Gr\u00e2ce \u00e0 cette <strong>machine \u00e0 fum\u00e9e<\/strong>, mettez l\u2019ambiance lors de vos soir\u00e9es. Celle-ci diffuse une fum\u00e9e \u00e9paisse qui remplit toute la salle en seulement quelques minutes.<\/p>\n","protected":false},"featured_media":2751,"template":"","meta":{"_acf_changed":false},"product_brand":[],"product_cat":[17,125],"product_tag":[204,205],"class_list":{"0":"post-1638","1":"product","2":"type-product","3":"status-publish","4":"has-post-thumbnail","6":"product_cat-materiel-sono-et-lumieres-en-location","7":"product_cat-machine-a-effets-location","8":"product_tag-location-materiel-concert-et-spectacle","9":"product_tag-location-materiel-organisation-soiree","10":"description-off","12":"first","13":"instock","14":"taxable","15":"shipping-taxable","16":"purchasable","17":"product-type-simple"},"acf":[],"yoast_head":"<!-- This site is optimized with the Yoast SEO plugin v25.0 - https:\/\/yoast.com\/wordpress\/plugins\/seo\/ -->\n<title>Machine \u00e0 fum\u00e9e Antari | ML Locations<\/title>\n<meta name=\"robots\" content=\"index, follow, max-snippet:-1, max-image-preview:large, max-video-preview:-1\" \/>\n<link rel=\"canonical\" href=\"https:\/\/ml-locations.be\/nl\/locations\/machine-a-fumee-antari\/\" \/>\n<meta property=\"og:locale\" content=\"nl_NL\" \/>\n<meta property=\"og:type\" content=\"article\" \/>\n<meta property=\"og:title\" content=\"Machine \u00e0 fum\u00e9e Antari | ML Locations\" \/>\n<meta property=\"og:description\" content=\"Gr\u00e2ce \u00e0 cette machine \u00e0 fum\u00e9e, mettez l\u2019ambiance lors de vos soir\u00e9es. Celle-ci diffuse une fum\u00e9e \u00e9paisse qui remplit toute la salle en seulement quelques minutes.\" \/>\n<meta property=\"og:url\" content=\"https:\/\/ml-locations.be\/nl\/locations\/machine-a-fumee-antari\/\" \/>\n<meta property=\"og:site_name\" content=\"ML Locations\" \/>\n<meta property=\"article:modified_time\" content=\"2017-05-08T11:51:34+00:00\" \/>\n<meta property=\"og:image\" content=\"https:\/\/ml-locations.be\/wp-content\/uploads\/2017\/04\/machine-a-fumee.jpg\" \/>\n\t<meta property=\"og:image:width\" content=\"1000\" \/>\n\t<meta property=\"og:image:height\" content=\"1000\" \/>\n\t<meta property=\"og:image:type\" content=\"image\/jpeg\" \/>\n<meta name=\"twitter:card\" content=\"summary_large_image\" \/>\n<script type=\"application\/ld+json\" class=\"yoast-schema-graph\">{\"@context\":\"https:\/\/schema.org\",\"@graph\":[{\"@type\":\"WebPage\",\"@id\":\"https:\/\/ml-locations.be\/nl\/locations\/machine-a-fumee-antari\/\",\"url\":\"https:\/\/ml-locations.be\/nl\/locations\/machine-a-fumee-antari\/\",\"name\":\"Machine \u00e0 fum\u00e9e Antari | ML Locations\",\"isPartOf\":{\"@id\":\"https:\/\/ml-locations.be\/nl\/#website\"},\"primaryImageOfPage\":{\"@id\":\"https:\/\/ml-locations.be\/nl\/locations\/machine-a-fumee-antari\/#primaryimage\"},\"image\":{\"@id\":\"https:\/\/ml-locations.be\/nl\/locations\/machine-a-fumee-antari\/#primaryimage\"},\"thumbnailUrl\":\"https:\/\/ml-locations.be\/wp-content\/uploads\/2017\/04\/machine-a-fumee.jpg\",\"datePublished\":\"2017-04-11T12:32:56+00:00\",\"dateModified\":\"2017-05-08T11:51:34+00:00\",\"breadcrumb\":{\"@id\":\"https:\/\/ml-locations.be\/nl\/locations\/machine-a-fumee-antari\/#breadcrumb\"},\"inLanguage\":\"nl-NL\",\"potentialAction\":[{\"@type\":\"ReadAction\",\"target\":[\"https:\/\/ml-locations.be\/nl\/locations\/machine-a-fumee-antari\/\"]}]},{\"@type\":\"ImageObject\",\"inLanguage\":\"nl-NL\",\"@id\":\"https:\/\/ml-locations.be\/nl\/locations\/machine-a-fumee-antari\/#primaryimage\",\"url\":\"https:\/\/ml-locations.be\/wp-content\/uploads\/2017\/04\/machine-a-fumee.jpg\",\"contentUrl\":\"https:\/\/ml-locations.be\/wp-content\/uploads\/2017\/04\/machine-a-fumee.jpg\",\"width\":1000,\"height\":1000,\"caption\":\"location de machine \u00e0 fum\u00e9e\"},{\"@type\":\"BreadcrumbList\",\"@id\":\"https:\/\/ml-locations.be\/nl\/locations\/machine-a-fumee-antari\/#breadcrumb\",\"itemListElement\":[{\"@type\":\"ListItem\",\"position\":1,\"name\":\"Accueil\",\"item\":\"https:\/\/ml-locations.be\/nl\/\"},{\"@type\":\"ListItem\",\"position\":2,\"name\":\"Winkel\",\"item\":\"https:\/\/ml-locations.be\/nl\/winkel\/\"},{\"@type\":\"ListItem\",\"position\":3,\"name\":\"Machine \u00e0 fum\u00e9e Antari\"}]},{\"@type\":\"WebSite\",\"@id\":\"https:\/\/ml-locations.be\/nl\/#website\",\"url\":\"https:\/\/ml-locations.be\/nl\/\",\"name\":\"ML Locations\",\"description\":\"Mat\u00e9riel \u00e9v\u00e9nementiel : location chaise, table et mange debout, mat\u00e9riel horeca, frigos,...\",\"publisher\":{\"@id\":\"https:\/\/ml-locations.be\/nl\/#organization\"},\"potentialAction\":[{\"@type\":\"SearchAction\",\"target\":{\"@type\":\"EntryPoint\",\"urlTemplate\":\"https:\/\/ml-locations.be\/nl\/?s={search_term_string}\"},\"query-input\":{\"@type\":\"PropertyValueSpecification\",\"valueRequired\":true,\"valueName\":\"search_term_string\"}}],\"inLanguage\":\"nl-NL\"},{\"@type\":\"Organization\",\"@id\":\"https:\/\/ml-locations.be\/nl\/#organization\",\"name\":\"ML Locations\",\"url\":\"https:\/\/ml-locations.be\/nl\/\",\"logo\":{\"@type\":\"ImageObject\",\"inLanguage\":\"nl-NL\",\"@id\":\"https:\/\/ml-locations.be\/nl\/#\/schema\/logo\/image\/\",\"url\":\"https:\/\/ml-locations.be\/wp-content\/uploads\/2018\/05\/LOGO-location-BON.png\",\"contentUrl\":\"https:\/\/ml-locations.be\/wp-content\/uploads\/2018\/05\/LOGO-location-BON.png\",\"width\":1200,\"height\":1200,\"caption\":\"ML Locations\"},\"image\":{\"@id\":\"https:\/\/ml-locations.be\/nl\/#\/schema\/logo\/image\/\"}}]}<\/script>\n<!-- \/ Yoast SEO plugin. -->","yoast_head_json":{"title":"Machine \u00e0 fum\u00e9e Antari | ML Locations","robots":{"index":"index","follow":"follow","max-snippet":"max-snippet:-1","max-image-preview":"max-image-preview:large","max-video-preview":"max-video-preview:-1"},"canonical":"https:\/\/ml-locations.be\/nl\/locations\/machine-a-fumee-antari\/","og_locale":"nl_NL","og_type":"article","og_title":"Machine \u00e0 fum\u00e9e Antari | ML Locations","og_description":"Gr\u00e2ce \u00e0 cette machine \u00e0 fum\u00e9e, mettez l\u2019ambiance lors de vos soir\u00e9es. Celle-ci diffuse une fum\u00e9e \u00e9paisse qui remplit toute la salle en seulement quelques minutes.","og_url":"https:\/\/ml-locations.be\/nl\/locations\/machine-a-fumee-antari\/","og_site_name":"ML Locations","article_modified_time":"2017-05-08T11:51:34+00:00","og_image":[{"width":1000,"height":1000,"url":"https:\/\/ml-locations.be\/wp-content\/uploads\/2017\/04\/machine-a-fumee.jpg","type":"image\/jpeg"}],"twitter_card":"summary_large_image","schema":{"@context":"https:\/\/schema.org","@graph":[{"@type":"WebPage","@id":"https:\/\/ml-locations.be\/nl\/locations\/machine-a-fumee-antari\/","url":"https:\/\/ml-locations.be\/nl\/locations\/machine-a-fumee-antari\/","name":"Machine \u00e0 fum\u00e9e Antari | ML Locations","isPartOf":{"@id":"https:\/\/ml-locations.be\/nl\/#website"},"primaryImageOfPage":{"@id":"https:\/\/ml-locations.be\/nl\/locations\/machine-a-fumee-antari\/#primaryimage"},"image":{"@id":"https:\/\/ml-locations.be\/nl\/locations\/machine-a-fumee-antari\/#primaryimage"},"thumbnailUrl":"https:\/\/ml-locations.be\/wp-content\/uploads\/2017\/04\/machine-a-fumee.jpg","datePublished":"2017-04-11T12:32:56+00:00","dateModified":"2017-05-08T11:51:34+00:00","breadcrumb":{"@id":"https:\/\/ml-locations.be\/nl\/locations\/machine-a-fumee-antari\/#breadcrumb"},"inLanguage":"nl-NL","potentialAction":[{"@type":"ReadAction","target":["https:\/\/ml-locations.be\/nl\/locations\/machine-a-fumee-antari\/"]}]},{"@type":"ImageObject","inLanguage":"nl-NL","@id":"https:\/\/ml-locations.be\/nl\/locations\/machine-a-fumee-antari\/#primaryimage","url":"https:\/\/ml-locations.be\/wp-content\/uploads\/2017\/04\/machine-a-fumee.jpg","contentUrl":"https:\/\/ml-locations.be\/wp-content\/uploads\/2017\/04\/machine-a-fumee.jpg","width":1000,"height":1000,"caption":"location de machine \u00e0 fum\u00e9e"},{"@type":"BreadcrumbList","@id":"https:\/\/ml-locations.be\/nl\/locations\/machine-a-fumee-antari\/#breadcrumb","itemListElement":[{"@type":"ListItem","position":1,"name":"Accueil","item":"https:\/\/ml-locations.be\/nl\/"},{"@type":"ListItem","position":2,"name":"Winkel","item":"https:\/\/ml-locations.be\/nl\/winkel\/"},{"@type":"ListItem","position":3,"name":"Machine \u00e0 fum\u00e9e Antari"}]},{"@type":"WebSite","@id":"https:\/\/ml-locations.be\/nl\/#website","url":"https:\/\/ml-locations.be\/nl\/","name":"ML Locations","description":"Mat\u00e9riel \u00e9v\u00e9nementiel : location chaise, table et mange debout, mat\u00e9riel horeca, frigos,...","publisher":{"@id":"https:\/\/ml-locations.be\/nl\/#organization"},"potentialAction":[{"@type":"SearchAction","target":{"@type":"EntryPoint","urlTemplate":"https:\/\/ml-locations.be\/nl\/?s={search_term_string}"},"query-input":{"@type":"PropertyValueSpecification","valueRequired":true,"valueName":"search_term_string"}}],"inLanguage":"nl-NL"},{"@type":"Organization","@id":"https:\/\/ml-locations.be\/nl\/#organization","name":"ML Locations","url":"https:\/\/ml-locations.be\/nl\/","logo":{"@type":"ImageObject","inLanguage":"nl-NL","@id":"https:\/\/ml-locations.be\/nl\/#\/schema\/logo\/image\/","url":"https:\/\/ml-locations.be\/wp-content\/uploads\/2018\/05\/LOGO-location-BON.png","contentUrl":"https:\/\/ml-locations.be\/wp-content\/uploads\/2018\/05\/LOGO-location-BON.png","width":1200,"height":1200,"caption":"ML Locations"},"image":{"@id":"https:\/\/ml-locations.be\/nl\/#\/schema\/logo\/image\/"}}]}},"_links":{"self":[{"href":"https:\/\/ml-locations.be\/nl\/wp-json\/wp\/v2\/product\/1638","targetHints":{"allow":["GET"]}}],"collection":[{"href":"https:\/\/ml-locations.be\/nl\/wp-json\/wp\/v2\/product"}],"about":[{"href":"https:\/\/ml-locations.be\/nl\/wp-json\/wp\/v2\/types\/product"}],"wp:featuredmedia":[{"embeddable":true,"href":"https:\/\/ml-locations.be\/nl\/wp-json\/wp\/v2\/media\/2751"}],"wp:attachment":[{"href":"https:\/\/ml-locations.be\/nl\/wp-json\/wp\/v2\/media?parent=1638"}],"wp:term":[{"taxonomy":"product_brand","embeddable":true,"href":"https:\/\/ml-locations.be\/nl\/wp-json\/wp\/v2\/product_brand?post=1638"},{"taxonomy":"product_cat","embeddable":true,"href":"https:\/\/ml-locations.be\/nl\/wp-json\/wp\/v2\/product_cat?post=1638"},{"taxonomy":"product_tag","embeddable":true,"href":"https:\/\/ml-locations.be\/nl\/wp-json\/wp\/v2\/product_tag?post=1638"}],"curies":[{"name":"wp","href":"https:\/\/api.w.org\/{rel}","templated":true}]}}