{"id":1640,"date":"2017-04-11T14:32:56","date_gmt":"2017-04-11T12:32:56","guid":{"rendered":"https:\/\/www.ml-locations.be\/\/locations\/machine-a-brouillardhazer-luxibel-lx-50\/"},"modified":"2017-05-08T13:51:37","modified_gmt":"2017-05-08T11:51:37","slug":"machine-a-brouillardhazer-luxibel-lx-50","status":"publish","type":"product","link":"https:\/\/ml-locations.be\/nl\/locations\/machine-a-brouillardhazer-luxibel-lx-50\/","title":{"rendered":"Machine \u00e0 brouillard\/Hazer Luxibel LX 50"},"content":{"rendered":"<p><strong>Machine \u00e0 brouillard<\/strong>, simple d\u2019utilisation, permettant de diffuser un brouillard de bonne qualit\u00e9 avec peu de liquide. Facilitez-vous la vie gr\u00e2ce \u00e0 cette machine\u00a0: celle-ci n\u2019exige aucune maintenance car elle est \u00e9quip\u00e9e d\u2019un syst\u00e8me de transmission de brouillard et un compresseur d\u2019air interne. De plus, elle n\u2019a pas besoin de r\u00e9glage de temp\u00e9rature et de pr\u00e9chauffage et le brouillard fin reste longtemps.<\/p>\n","protected":false},"excerpt":{"rendered":"<p><strong>Machine \u00e0 brouillard<\/strong> silencieuse diffusant un nuage de <strong>brume<\/strong> et assurant une ambiance particuli\u00e8re lors de vos soir\u00e9es.<\/p>\n","protected":false},"featured_media":2749,"template":"","meta":{"_acf_changed":false},"product_brand":[],"product_cat":[17,125],"product_tag":[204,205],"class_list":{"0":"post-1640","1":"product","2":"type-product","3":"status-publish","4":"has-post-thumbnail","6":"product_cat-materiel-sono-et-lumieres-en-location","7":"product_cat-machine-a-effets-location","8":"product_tag-location-materiel-concert-et-spectacle","9":"product_tag-location-materiel-organisation-soiree","10":"description-off","12":"first","13":"instock","14":"taxable","15":"shipping-taxable","16":"purchasable","17":"product-type-simple"},"acf":[],"yoast_head":"<!-- This site is optimized with the Yoast SEO plugin v25.0 - https:\/\/yoast.com\/wordpress\/plugins\/seo\/ -->\n<title>Machine \u00e0 brouillard\/Hazer Luxibel LX 50 | ML Locations<\/title>\n<meta name=\"robots\" content=\"index, follow, max-snippet:-1, max-image-preview:large, max-video-preview:-1\" \/>\n<link rel=\"canonical\" href=\"https:\/\/ml-locations.be\/nl\/locations\/machine-a-brouillardhazer-luxibel-lx-50\/\" \/>\n<meta property=\"og:locale\" content=\"nl_NL\" \/>\n<meta property=\"og:type\" content=\"article\" \/>\n<meta property=\"og:title\" content=\"Machine \u00e0 brouillard\/Hazer Luxibel LX 50 | ML Locations\" \/>\n<meta property=\"og:description\" content=\"Machine \u00e0 brouillard silencieuse diffusant un nuage de brume et assurant une ambiance particuli\u00e8re lors de vos soir\u00e9es.\" \/>\n<meta property=\"og:url\" content=\"https:\/\/ml-locations.be\/nl\/locations\/machine-a-brouillardhazer-luxibel-lx-50\/\" \/>\n<meta property=\"og:site_name\" content=\"ML Locations\" \/>\n<meta property=\"article:modified_time\" content=\"2017-05-08T11:51:37+00:00\" \/>\n<meta property=\"og:image\" content=\"https:\/\/ml-locations.be\/wp-content\/uploads\/2017\/04\/machine-a-brouillard-Hazer-Luxibel-LX-501.jpg\" \/>\n\t<meta property=\"og:image:width\" content=\"998\" \/>\n\t<meta property=\"og:image:height\" content=\"998\" \/>\n\t<meta property=\"og:image:type\" content=\"image\/jpeg\" \/>\n<meta name=\"twitter:card\" content=\"summary_large_image\" \/>\n<script type=\"application\/ld+json\" class=\"yoast-schema-graph\">{\"@context\":\"https:\/\/schema.org\",\"@graph\":[{\"@type\":\"WebPage\",\"@id\":\"https:\/\/ml-locations.be\/nl\/locations\/machine-a-brouillardhazer-luxibel-lx-50\/\",\"url\":\"https:\/\/ml-locations.be\/nl\/locations\/machine-a-brouillardhazer-luxibel-lx-50\/\",\"name\":\"Machine \u00e0 brouillard\/Hazer Luxibel LX 50 | ML Locations\",\"isPartOf\":{\"@id\":\"https:\/\/ml-locations.be\/nl\/#website\"},\"primaryImageOfPage\":{\"@id\":\"https:\/\/ml-locations.be\/nl\/locations\/machine-a-brouillardhazer-luxibel-lx-50\/#primaryimage\"},\"image\":{\"@id\":\"https:\/\/ml-locations.be\/nl\/locations\/machine-a-brouillardhazer-luxibel-lx-50\/#primaryimage\"},\"thumbnailUrl\":\"https:\/\/ml-locations.be\/wp-content\/uploads\/2017\/04\/machine-a-brouillard-Hazer-Luxibel-LX-501.jpg\",\"datePublished\":\"2017-04-11T12:32:56+00:00\",\"dateModified\":\"2017-05-08T11:51:37+00:00\",\"breadcrumb\":{\"@id\":\"https:\/\/ml-locations.be\/nl\/locations\/machine-a-brouillardhazer-luxibel-lx-50\/#breadcrumb\"},\"inLanguage\":\"nl-NL\",\"potentialAction\":[{\"@type\":\"ReadAction\",\"target\":[\"https:\/\/ml-locations.be\/nl\/locations\/machine-a-brouillardhazer-luxibel-lx-50\/\"]}]},{\"@type\":\"ImageObject\",\"inLanguage\":\"nl-NL\",\"@id\":\"https:\/\/ml-locations.be\/nl\/locations\/machine-a-brouillardhazer-luxibel-lx-50\/#primaryimage\",\"url\":\"https:\/\/ml-locations.be\/wp-content\/uploads\/2017\/04\/machine-a-brouillard-Hazer-Luxibel-LX-501.jpg\",\"contentUrl\":\"https:\/\/ml-locations.be\/wp-content\/uploads\/2017\/04\/machine-a-brouillard-Hazer-Luxibel-LX-501.jpg\",\"width\":998,\"height\":998,\"caption\":\"machine a brouillard Hazer Luxibel LX 501 en location\"},{\"@type\":\"BreadcrumbList\",\"@id\":\"https:\/\/ml-locations.be\/nl\/locations\/machine-a-brouillardhazer-luxibel-lx-50\/#breadcrumb\",\"itemListElement\":[{\"@type\":\"ListItem\",\"position\":1,\"name\":\"Accueil\",\"item\":\"https:\/\/ml-locations.be\/nl\/\"},{\"@type\":\"ListItem\",\"position\":2,\"name\":\"Winkel\",\"item\":\"https:\/\/ml-locations.be\/nl\/winkel\/\"},{\"@type\":\"ListItem\",\"position\":3,\"name\":\"Machine \u00e0 brouillard\/Hazer Luxibel LX 50\"}]},{\"@type\":\"WebSite\",\"@id\":\"https:\/\/ml-locations.be\/nl\/#website\",\"url\":\"https:\/\/ml-locations.be\/nl\/\",\"name\":\"ML Locations\",\"description\":\"Mat\u00e9riel \u00e9v\u00e9nementiel : location chaise, table et mange debout, mat\u00e9riel horeca, frigos,...\",\"publisher\":{\"@id\":\"https:\/\/ml-locations.be\/nl\/#organization\"},\"potentialAction\":[{\"@type\":\"SearchAction\",\"target\":{\"@type\":\"EntryPoint\",\"urlTemplate\":\"https:\/\/ml-locations.be\/nl\/?s={search_term_string}\"},\"query-input\":{\"@type\":\"PropertyValueSpecification\",\"valueRequired\":true,\"valueName\":\"search_term_string\"}}],\"inLanguage\":\"nl-NL\"},{\"@type\":\"Organization\",\"@id\":\"https:\/\/ml-locations.be\/nl\/#organization\",\"name\":\"ML Locations\",\"url\":\"https:\/\/ml-locations.be\/nl\/\",\"logo\":{\"@type\":\"ImageObject\",\"inLanguage\":\"nl-NL\",\"@id\":\"https:\/\/ml-locations.be\/nl\/#\/schema\/logo\/image\/\",\"url\":\"https:\/\/ml-locations.be\/wp-content\/uploads\/2018\/05\/LOGO-location-BON.png\",\"contentUrl\":\"https:\/\/ml-locations.be\/wp-content\/uploads\/2018\/05\/LOGO-location-BON.png\",\"width\":1200,\"height\":1200,\"caption\":\"ML Locations\"},\"image\":{\"@id\":\"https:\/\/ml-locations.be\/nl\/#\/schema\/logo\/image\/\"}}]}<\/script>\n<!-- \/ Yoast SEO plugin. -->","yoast_head_json":{"title":"Machine \u00e0 brouillard\/Hazer Luxibel LX 50 | ML Locations","robots":{"index":"index","follow":"follow","max-snippet":"max-snippet:-1","max-image-preview":"max-image-preview:large","max-video-preview":"max-video-preview:-1"},"canonical":"https:\/\/ml-locations.be\/nl\/locations\/machine-a-brouillardhazer-luxibel-lx-50\/","og_locale":"nl_NL","og_type":"article","og_title":"Machine \u00e0 brouillard\/Hazer Luxibel LX 50 | ML Locations","og_description":"Machine \u00e0 brouillard silencieuse diffusant un nuage de brume et assurant une ambiance particuli\u00e8re lors de vos soir\u00e9es.","og_url":"https:\/\/ml-locations.be\/nl\/locations\/machine-a-brouillardhazer-luxibel-lx-50\/","og_site_name":"ML Locations","article_modified_time":"2017-05-08T11:51:37+00:00","og_image":[{"width":998,"height":998,"url":"https:\/\/ml-locations.be\/wp-content\/uploads\/2017\/04\/machine-a-brouillard-Hazer-Luxibel-LX-501.jpg","type":"image\/jpeg"}],"twitter_card":"summary_large_image","schema":{"@context":"https:\/\/schema.org","@graph":[{"@type":"WebPage","@id":"https:\/\/ml-locations.be\/nl\/locations\/machine-a-brouillardhazer-luxibel-lx-50\/","url":"https:\/\/ml-locations.be\/nl\/locations\/machine-a-brouillardhazer-luxibel-lx-50\/","name":"Machine \u00e0 brouillard\/Hazer Luxibel LX 50 | ML Locations","isPartOf":{"@id":"https:\/\/ml-locations.be\/nl\/#website"},"primaryImageOfPage":{"@id":"https:\/\/ml-locations.be\/nl\/locations\/machine-a-brouillardhazer-luxibel-lx-50\/#primaryimage"},"image":{"@id":"https:\/\/ml-locations.be\/nl\/locations\/machine-a-brouillardhazer-luxibel-lx-50\/#primaryimage"},"thumbnailUrl":"https:\/\/ml-locations.be\/wp-content\/uploads\/2017\/04\/machine-a-brouillard-Hazer-Luxibel-LX-501.jpg","datePublished":"2017-04-11T12:32:56+00:00","dateModified":"2017-05-08T11:51:37+00:00","breadcrumb":{"@id":"https:\/\/ml-locations.be\/nl\/locations\/machine-a-brouillardhazer-luxibel-lx-50\/#breadcrumb"},"inLanguage":"nl-NL","potentialAction":[{"@type":"ReadAction","target":["https:\/\/ml-locations.be\/nl\/locations\/machine-a-brouillardhazer-luxibel-lx-50\/"]}]},{"@type":"ImageObject","inLanguage":"nl-NL","@id":"https:\/\/ml-locations.be\/nl\/locations\/machine-a-brouillardhazer-luxibel-lx-50\/#primaryimage","url":"https:\/\/ml-locations.be\/wp-content\/uploads\/2017\/04\/machine-a-brouillard-Hazer-Luxibel-LX-501.jpg","contentUrl":"https:\/\/ml-locations.be\/wp-content\/uploads\/2017\/04\/machine-a-brouillard-Hazer-Luxibel-LX-501.jpg","width":998,"height":998,"caption":"machine a brouillard Hazer Luxibel LX 501 en location"},{"@type":"BreadcrumbList","@id":"https:\/\/ml-locations.be\/nl\/locations\/machine-a-brouillardhazer-luxibel-lx-50\/#breadcrumb","itemListElement":[{"@type":"ListItem","position":1,"name":"Accueil","item":"https:\/\/ml-locations.be\/nl\/"},{"@type":"ListItem","position":2,"name":"Winkel","item":"https:\/\/ml-locations.be\/nl\/winkel\/"},{"@type":"ListItem","position":3,"name":"Machine \u00e0 brouillard\/Hazer Luxibel LX 50"}]},{"@type":"WebSite","@id":"https:\/\/ml-locations.be\/nl\/#website","url":"https:\/\/ml-locations.be\/nl\/","name":"ML Locations","description":"Mat\u00e9riel \u00e9v\u00e9nementiel : location chaise, table et mange debout, mat\u00e9riel horeca, frigos,...","publisher":{"@id":"https:\/\/ml-locations.be\/nl\/#organization"},"potentialAction":[{"@type":"SearchAction","target":{"@type":"EntryPoint","urlTemplate":"https:\/\/ml-locations.be\/nl\/?s={search_term_string}"},"query-input":{"@type":"PropertyValueSpecification","valueRequired":true,"valueName":"search_term_string"}}],"inLanguage":"nl-NL"},{"@type":"Organization","@id":"https:\/\/ml-locations.be\/nl\/#organization","name":"ML Locations","url":"https:\/\/ml-locations.be\/nl\/","logo":{"@type":"ImageObject","inLanguage":"nl-NL","@id":"https:\/\/ml-locations.be\/nl\/#\/schema\/logo\/image\/","url":"https:\/\/ml-locations.be\/wp-content\/uploads\/2018\/05\/LOGO-location-BON.png","contentUrl":"https:\/\/ml-locations.be\/wp-content\/uploads\/2018\/05\/LOGO-location-BON.png","width":1200,"height":1200,"caption":"ML Locations"},"image":{"@id":"https:\/\/ml-locations.be\/nl\/#\/schema\/logo\/image\/"}}]}},"_links":{"self":[{"href":"https:\/\/ml-locations.be\/nl\/wp-json\/wp\/v2\/product\/1640","targetHints":{"allow":["GET"]}}],"collection":[{"href":"https:\/\/ml-locations.be\/nl\/wp-json\/wp\/v2\/product"}],"about":[{"href":"https:\/\/ml-locations.be\/nl\/wp-json\/wp\/v2\/types\/product"}],"wp:featuredmedia":[{"embeddable":true,"href":"https:\/\/ml-locations.be\/nl\/wp-json\/wp\/v2\/media\/2749"}],"wp:attachment":[{"href":"https:\/\/ml-locations.be\/nl\/wp-json\/wp\/v2\/media?parent=1640"}],"wp:term":[{"taxonomy":"product_brand","embeddable":true,"href":"https:\/\/ml-locations.be\/nl\/wp-json\/wp\/v2\/product_brand?post=1640"},{"taxonomy":"product_cat","embeddable":true,"href":"https:\/\/ml-locations.be\/nl\/wp-json\/wp\/v2\/product_cat?post=1640"},{"taxonomy":"product_tag","embeddable":true,"href":"https:\/\/ml-locations.be\/nl\/wp-json\/wp\/v2\/product_tag?post=1640"}],"curies":[{"name":"wp","href":"https:\/\/api.w.org\/{rel}","templated":true}]}}