{"id":1642,"date":"2017-04-11T14:32:56","date_gmt":"2017-04-11T12:32:56","guid":{"rendered":"https:\/\/www.ml-locations.be\/\/locations\/projecteur-a-gobos-martin-mania-pr1\/"},"modified":"2017-05-08T13:51:38","modified_gmt":"2017-05-08T11:51:38","slug":"projecteur-a-gobos-martin-mania-pr1","status":"publish","type":"product","link":"https:\/\/ml-locations.be\/nl\/locations\/projecteur-a-gobos-martin-mania-pr1\/","title":{"rendered":"Projecteur \u00e0 Gobos Martin Mania PR1"},"content":{"rendered":"<p>Les <strong>gobos<\/strong> sont des disques personnalisables \u00e0 ins\u00e9rer dans le <strong>projecteur \u00e0 gobos<\/strong>. Le projecteur \u00e0 <strong>Gobos Martin Mania PR1<\/strong> est le projecteur id\u00e9al pour animer vos f\u00eates en leur donnant une touche d\u2019originalit\u00e9 inimitable. L\u2019appareil projettera donc l\u2019image de votre choix sur n\u2019importe qu\u2019elle surface durant vos <strong>\u00e9v\u00e8nements<\/strong> quels qu\u2019ils soient\u00a0; <strong>diner de mariage<\/strong>, <strong>anniversaire<\/strong>, <strong>conf\u00e9rence<\/strong>, <strong>reveal<\/strong>,\u2026 Que ce soit le logo de votre entreprise, une marque sponsorisant votre \u00e9v\u00e9nement, ou tout simplement des formes quelconques, choisissez ce qui animera et d\u00e9corera vos salles et en mettra plein la vue \u00e0 vos invit\u00e9s. La cr\u00e9ation de vos gobos personnalis\u00e9s n\u2019est pas incluse dans le prix de la location.<\/p>\n<p><strong>Caract\u00e9ristiques du projecteur \u00e0 Gobos Martin Mania PR1\u00a0:<\/strong><\/p>\n<p>&nbsp;<\/p>\n<ul>\n<li>250W lampe \u00e0 halog\u00e8ne<\/li>\n<li>Poids\u00a0: 11 Kg<\/li>\n<li>Gobos tournants interchangeables<\/li>\n<li>Pas de refroidissement n\u00e9cessaire<\/li>\n<li>T\u00e9l\u00e9commande \u00e0 c\u00e2ble incluse<\/li>\n<\/ul>\n","protected":false},"excerpt":{"rendered":"<p>Le <strong>Projecteur \u00e0 Gobos Martin Mania PR1<\/strong> est le projecteur gobos id\u00e9al pour animer vos <strong>f\u00eates<\/strong> et <strong>\u00e9v\u00e9nements<\/strong>.<\/p>\n<p>Donnez une touche d\u2019originalit\u00e9 et de classe \u00e0 vos <strong>soir\u00e9es<\/strong> en projetant les images de votre choix (logos, textes,\u2026) sur les murs de vos <strong>\u00e9v\u00e8nements<\/strong> quels qu\u2019ils soient\u00a0; <strong>diner de mariage<\/strong>, <strong>anniversaire<\/strong>, <strong>reveal<\/strong>, <strong>conf\u00e9rence<\/strong>,\u2026<\/p>\n","protected":false},"featured_media":2149,"template":"","meta":{"_acf_changed":false},"product_brand":[],"product_cat":[17,19],"product_tag":[],"class_list":{"0":"post-1642","1":"product","2":"type-product","3":"status-publish","4":"has-post-thumbnail","6":"product_cat-materiel-sono-et-lumieres-en-location","7":"product_cat-materiel-eclairage-et-lumieres-a-louer","8":"description-off","10":"first","11":"instock","12":"taxable","13":"shipping-taxable","14":"purchasable","15":"product-type-simple"},"acf":[],"yoast_head":"<!-- This site is optimized with the Yoast SEO plugin v25.0 - https:\/\/yoast.com\/wordpress\/plugins\/seo\/ -->\n<title>Projecteur \u00e0 Gobos Martin Mania PR1 | ML Locations<\/title>\n<meta name=\"robots\" content=\"index, follow, max-snippet:-1, max-image-preview:large, max-video-preview:-1\" \/>\n<link rel=\"canonical\" href=\"https:\/\/ml-locations.be\/nl\/locations\/projecteur-a-gobos-martin-mania-pr1\/\" \/>\n<meta property=\"og:locale\" content=\"nl_NL\" \/>\n<meta property=\"og:type\" content=\"article\" \/>\n<meta property=\"og:title\" content=\"Projecteur \u00e0 Gobos Martin Mania PR1 | ML Locations\" \/>\n<meta property=\"og:description\" content=\"Le Projecteur \u00e0 Gobos Martin Mania PR1 est le projecteur gobos id\u00e9al pour animer vos f\u00eates et \u00e9v\u00e9nements.  Donnez une touche d\u2019originalit\u00e9 et de classe \u00e0 vos soir\u00e9es en projetant les images de votre choix (logos, textes,\u2026) sur les murs de vos \u00e9v\u00e8nements quels qu\u2019ils soient\u00a0; diner de mariage, anniversaire, reveal, conf\u00e9rence,\u2026\" \/>\n<meta property=\"og:url\" content=\"https:\/\/ml-locations.be\/nl\/locations\/projecteur-a-gobos-martin-mania-pr1\/\" \/>\n<meta property=\"og:site_name\" content=\"ML Locations\" \/>\n<meta property=\"article:modified_time\" content=\"2017-05-08T11:51:38+00:00\" \/>\n<meta property=\"og:image\" content=\"https:\/\/ml-locations.be\/wp-content\/uploads\/2017\/04\/martin-mania-pr1-740135.jpg\" \/>\n\t<meta property=\"og:image:width\" content=\"1000\" \/>\n\t<meta property=\"og:image:height\" content=\"1000\" \/>\n\t<meta property=\"og:image:type\" content=\"image\/jpeg\" \/>\n<meta name=\"twitter:card\" content=\"summary_large_image\" \/>\n<meta name=\"twitter:label1\" content=\"Geschatte leestijd\" \/>\n\t<meta name=\"twitter:data1\" content=\"1 minuut\" \/>\n<script type=\"application\/ld+json\" class=\"yoast-schema-graph\">{\"@context\":\"https:\/\/schema.org\",\"@graph\":[{\"@type\":\"WebPage\",\"@id\":\"https:\/\/ml-locations.be\/nl\/locations\/projecteur-a-gobos-martin-mania-pr1\/\",\"url\":\"https:\/\/ml-locations.be\/nl\/locations\/projecteur-a-gobos-martin-mania-pr1\/\",\"name\":\"Projecteur \u00e0 Gobos Martin Mania PR1 | ML Locations\",\"isPartOf\":{\"@id\":\"https:\/\/ml-locations.be\/nl\/#website\"},\"primaryImageOfPage\":{\"@id\":\"https:\/\/ml-locations.be\/nl\/locations\/projecteur-a-gobos-martin-mania-pr1\/#primaryimage\"},\"image\":{\"@id\":\"https:\/\/ml-locations.be\/nl\/locations\/projecteur-a-gobos-martin-mania-pr1\/#primaryimage\"},\"thumbnailUrl\":\"https:\/\/ml-locations.be\/wp-content\/uploads\/2017\/04\/martin-mania-pr1-740135.jpg\",\"datePublished\":\"2017-04-11T12:32:56+00:00\",\"dateModified\":\"2017-05-08T11:51:38+00:00\",\"breadcrumb\":{\"@id\":\"https:\/\/ml-locations.be\/nl\/locations\/projecteur-a-gobos-martin-mania-pr1\/#breadcrumb\"},\"inLanguage\":\"nl-NL\",\"potentialAction\":[{\"@type\":\"ReadAction\",\"target\":[\"https:\/\/ml-locations.be\/nl\/locations\/projecteur-a-gobos-martin-mania-pr1\/\"]}]},{\"@type\":\"ImageObject\",\"inLanguage\":\"nl-NL\",\"@id\":\"https:\/\/ml-locations.be\/nl\/locations\/projecteur-a-gobos-martin-mania-pr1\/#primaryimage\",\"url\":\"https:\/\/ml-locations.be\/wp-content\/uploads\/2017\/04\/martin-mania-pr1-740135.jpg\",\"contentUrl\":\"https:\/\/ml-locations.be\/wp-content\/uploads\/2017\/04\/martin-mania-pr1-740135.jpg\",\"width\":1000,\"height\":1000,\"caption\":\"Projecteur \u00e0 Gobos Martin Mania PR1 - \u00e9clairage et lumi\u00e8res en location\"},{\"@type\":\"BreadcrumbList\",\"@id\":\"https:\/\/ml-locations.be\/nl\/locations\/projecteur-a-gobos-martin-mania-pr1\/#breadcrumb\",\"itemListElement\":[{\"@type\":\"ListItem\",\"position\":1,\"name\":\"Accueil\",\"item\":\"https:\/\/ml-locations.be\/nl\/\"},{\"@type\":\"ListItem\",\"position\":2,\"name\":\"Winkel\",\"item\":\"https:\/\/ml-locations.be\/nl\/winkel\/\"},{\"@type\":\"ListItem\",\"position\":3,\"name\":\"Projecteur \u00e0 Gobos Martin Mania PR1\"}]},{\"@type\":\"WebSite\",\"@id\":\"https:\/\/ml-locations.be\/nl\/#website\",\"url\":\"https:\/\/ml-locations.be\/nl\/\",\"name\":\"ML Locations\",\"description\":\"Mat\u00e9riel \u00e9v\u00e9nementiel : location chaise, table et mange debout, mat\u00e9riel horeca, frigos,...\",\"publisher\":{\"@id\":\"https:\/\/ml-locations.be\/nl\/#organization\"},\"potentialAction\":[{\"@type\":\"SearchAction\",\"target\":{\"@type\":\"EntryPoint\",\"urlTemplate\":\"https:\/\/ml-locations.be\/nl\/?s={search_term_string}\"},\"query-input\":{\"@type\":\"PropertyValueSpecification\",\"valueRequired\":true,\"valueName\":\"search_term_string\"}}],\"inLanguage\":\"nl-NL\"},{\"@type\":\"Organization\",\"@id\":\"https:\/\/ml-locations.be\/nl\/#organization\",\"name\":\"ML Locations\",\"url\":\"https:\/\/ml-locations.be\/nl\/\",\"logo\":{\"@type\":\"ImageObject\",\"inLanguage\":\"nl-NL\",\"@id\":\"https:\/\/ml-locations.be\/nl\/#\/schema\/logo\/image\/\",\"url\":\"https:\/\/ml-locations.be\/wp-content\/uploads\/2018\/05\/LOGO-location-BON.png\",\"contentUrl\":\"https:\/\/ml-locations.be\/wp-content\/uploads\/2018\/05\/LOGO-location-BON.png\",\"width\":1200,\"height\":1200,\"caption\":\"ML Locations\"},\"image\":{\"@id\":\"https:\/\/ml-locations.be\/nl\/#\/schema\/logo\/image\/\"}}]}<\/script>\n<!-- \/ Yoast SEO plugin. -->","yoast_head_json":{"title":"Projecteur \u00e0 Gobos Martin Mania PR1 | ML Locations","robots":{"index":"index","follow":"follow","max-snippet":"max-snippet:-1","max-image-preview":"max-image-preview:large","max-video-preview":"max-video-preview:-1"},"canonical":"https:\/\/ml-locations.be\/nl\/locations\/projecteur-a-gobos-martin-mania-pr1\/","og_locale":"nl_NL","og_type":"article","og_title":"Projecteur \u00e0 Gobos Martin Mania PR1 | ML Locations","og_description":"Le Projecteur \u00e0 Gobos Martin Mania PR1 est le projecteur gobos id\u00e9al pour animer vos f\u00eates et \u00e9v\u00e9nements.  Donnez une touche d\u2019originalit\u00e9 et de classe \u00e0 vos soir\u00e9es en projetant les images de votre choix (logos, textes,\u2026) sur les murs de vos \u00e9v\u00e8nements quels qu\u2019ils soient\u00a0; diner de mariage, anniversaire, reveal, conf\u00e9rence,\u2026","og_url":"https:\/\/ml-locations.be\/nl\/locations\/projecteur-a-gobos-martin-mania-pr1\/","og_site_name":"ML Locations","article_modified_time":"2017-05-08T11:51:38+00:00","og_image":[{"width":1000,"height":1000,"url":"https:\/\/ml-locations.be\/wp-content\/uploads\/2017\/04\/martin-mania-pr1-740135.jpg","type":"image\/jpeg"}],"twitter_card":"summary_large_image","twitter_misc":{"Geschatte leestijd":"1 minuut"},"schema":{"@context":"https:\/\/schema.org","@graph":[{"@type":"WebPage","@id":"https:\/\/ml-locations.be\/nl\/locations\/projecteur-a-gobos-martin-mania-pr1\/","url":"https:\/\/ml-locations.be\/nl\/locations\/projecteur-a-gobos-martin-mania-pr1\/","name":"Projecteur \u00e0 Gobos Martin Mania PR1 | ML Locations","isPartOf":{"@id":"https:\/\/ml-locations.be\/nl\/#website"},"primaryImageOfPage":{"@id":"https:\/\/ml-locations.be\/nl\/locations\/projecteur-a-gobos-martin-mania-pr1\/#primaryimage"},"image":{"@id":"https:\/\/ml-locations.be\/nl\/locations\/projecteur-a-gobos-martin-mania-pr1\/#primaryimage"},"thumbnailUrl":"https:\/\/ml-locations.be\/wp-content\/uploads\/2017\/04\/martin-mania-pr1-740135.jpg","datePublished":"2017-04-11T12:32:56+00:00","dateModified":"2017-05-08T11:51:38+00:00","breadcrumb":{"@id":"https:\/\/ml-locations.be\/nl\/locations\/projecteur-a-gobos-martin-mania-pr1\/#breadcrumb"},"inLanguage":"nl-NL","potentialAction":[{"@type":"ReadAction","target":["https:\/\/ml-locations.be\/nl\/locations\/projecteur-a-gobos-martin-mania-pr1\/"]}]},{"@type":"ImageObject","inLanguage":"nl-NL","@id":"https:\/\/ml-locations.be\/nl\/locations\/projecteur-a-gobos-martin-mania-pr1\/#primaryimage","url":"https:\/\/ml-locations.be\/wp-content\/uploads\/2017\/04\/martin-mania-pr1-740135.jpg","contentUrl":"https:\/\/ml-locations.be\/wp-content\/uploads\/2017\/04\/martin-mania-pr1-740135.jpg","width":1000,"height":1000,"caption":"Projecteur \u00e0 Gobos Martin Mania PR1 - \u00e9clairage et lumi\u00e8res en location"},{"@type":"BreadcrumbList","@id":"https:\/\/ml-locations.be\/nl\/locations\/projecteur-a-gobos-martin-mania-pr1\/#breadcrumb","itemListElement":[{"@type":"ListItem","position":1,"name":"Accueil","item":"https:\/\/ml-locations.be\/nl\/"},{"@type":"ListItem","position":2,"name":"Winkel","item":"https:\/\/ml-locations.be\/nl\/winkel\/"},{"@type":"ListItem","position":3,"name":"Projecteur \u00e0 Gobos Martin Mania PR1"}]},{"@type":"WebSite","@id":"https:\/\/ml-locations.be\/nl\/#website","url":"https:\/\/ml-locations.be\/nl\/","name":"ML Locations","description":"Mat\u00e9riel \u00e9v\u00e9nementiel : location chaise, table et mange debout, mat\u00e9riel horeca, frigos,...","publisher":{"@id":"https:\/\/ml-locations.be\/nl\/#organization"},"potentialAction":[{"@type":"SearchAction","target":{"@type":"EntryPoint","urlTemplate":"https:\/\/ml-locations.be\/nl\/?s={search_term_string}"},"query-input":{"@type":"PropertyValueSpecification","valueRequired":true,"valueName":"search_term_string"}}],"inLanguage":"nl-NL"},{"@type":"Organization","@id":"https:\/\/ml-locations.be\/nl\/#organization","name":"ML Locations","url":"https:\/\/ml-locations.be\/nl\/","logo":{"@type":"ImageObject","inLanguage":"nl-NL","@id":"https:\/\/ml-locations.be\/nl\/#\/schema\/logo\/image\/","url":"https:\/\/ml-locations.be\/wp-content\/uploads\/2018\/05\/LOGO-location-BON.png","contentUrl":"https:\/\/ml-locations.be\/wp-content\/uploads\/2018\/05\/LOGO-location-BON.png","width":1200,"height":1200,"caption":"ML Locations"},"image":{"@id":"https:\/\/ml-locations.be\/nl\/#\/schema\/logo\/image\/"}}]}},"_links":{"self":[{"href":"https:\/\/ml-locations.be\/nl\/wp-json\/wp\/v2\/product\/1642","targetHints":{"allow":["GET"]}}],"collection":[{"href":"https:\/\/ml-locations.be\/nl\/wp-json\/wp\/v2\/product"}],"about":[{"href":"https:\/\/ml-locations.be\/nl\/wp-json\/wp\/v2\/types\/product"}],"wp:featuredmedia":[{"embeddable":true,"href":"https:\/\/ml-locations.be\/nl\/wp-json\/wp\/v2\/media\/2149"}],"wp:attachment":[{"href":"https:\/\/ml-locations.be\/nl\/wp-json\/wp\/v2\/media?parent=1642"}],"wp:term":[{"taxonomy":"product_brand","embeddable":true,"href":"https:\/\/ml-locations.be\/nl\/wp-json\/wp\/v2\/product_brand?post=1642"},{"taxonomy":"product_cat","embeddable":true,"href":"https:\/\/ml-locations.be\/nl\/wp-json\/wp\/v2\/product_cat?post=1642"},{"taxonomy":"product_tag","embeddable":true,"href":"https:\/\/ml-locations.be\/nl\/wp-json\/wp\/v2\/product_tag?post=1642"}],"curies":[{"name":"wp","href":"https:\/\/api.w.org\/{rel}","templated":true}]}}