{"id":1644,"date":"2017-04-11T14:32:56","date_gmt":"2017-04-11T12:32:56","guid":{"rendered":"https:\/\/www.ml-locations.be\/\/locations\/projecteur-led-50-w-comtech\/"},"modified":"2017-05-08T13:51:39","modified_gmt":"2017-05-08T11:51:39","slug":"projecteur-led-50-w-comtech","status":"publish","type":"product","link":"https:\/\/ml-locations.be\/nl\/locations\/projecteur-led-50-w-comtech\/","title":{"rendered":"Projecteur led 50 W (ComTech)"},"content":{"rendered":"<p><strong>Projecteur LED 50W blanc chaud<\/strong> (ComTech). Id\u00e9al pour la <strong>d\u00e9coration de jardins<\/strong>, de <strong>fa\u00e7ades<\/strong>&#8230; En int\u00e9rieur, le <strong>projecteur<\/strong> conviendra parfaitement pour l&#8217;\u00e9clairage de <strong>stands<\/strong>. Sa forte luminosit\u00e9 et sa tr\u00e8s faible consommation lui permettent de remplacer avantageusement les <a href=\"http:\/\/www.ml-locations.be\/locations\/projecteur-hqi-400w\/\"><strong>projecteurs type &#8220;HQI&#8221;<\/strong><\/a>.<\/p>\n<p>&nbsp;<\/p>\n<p><strong>Dimensions et caract\u00e9ristiques du spot led 50W:<\/strong><\/p>\n<ul>\n<li>Largeur\u00a0: 287 mm<\/li>\n<li>Hauteur\u00a0: 232 mm<\/li>\n<li>Profondeur\u00a0: 140 mm<\/li>\n<li>Poids\u00a0: 3,5 kg<\/li>\n<li>Alimentation\u00a0: 230V AC<\/li>\n<li>Directivit\u00e9 en largeur\u00a0: 150\u00b0<\/li>\n<li>Directivit\u00e9 en hauteur\u00a0: 120\u00b0<\/li>\n<li>Puissance : 1x50W Blanc chaud<\/li>\n<li>Couleur : 3000 &#8211; 4000\u00b0K<\/li>\n<li>Indice protection : IP65<\/li>\n<\/ul>\n","protected":false},"excerpt":{"rendered":"<p><strong>Projecteur led 50W id\u00e9al<\/strong> pour l\u2019\u00e9clairage ext\u00e9rieur de jardins ou de fa\u00e7ades, ainsi que pour l\u2019\u00e9clairage int\u00e9rieur de <strong>stands<\/strong>.<\/p>\n","protected":false},"featured_media":2167,"template":"","meta":{"_acf_changed":false},"product_brand":[],"product_cat":[17,19],"product_tag":[204],"class_list":{"0":"post-1644","1":"product","2":"type-product","3":"status-publish","4":"has-post-thumbnail","6":"product_cat-materiel-sono-et-lumieres-en-location","7":"product_cat-materiel-eclairage-et-lumieres-a-louer","8":"product_tag-location-materiel-concert-et-spectacle","9":"description-off","11":"first","12":"instock","13":"taxable","14":"shipping-taxable","15":"purchasable","16":"product-type-simple"},"acf":[],"yoast_head":"<!-- This site is optimized with the Yoast SEO plugin v25.0 - https:\/\/yoast.com\/wordpress\/plugins\/seo\/ -->\n<title>Projecteur led 50 W (ComTech) | ML Locations<\/title>\n<meta name=\"robots\" content=\"index, follow, max-snippet:-1, max-image-preview:large, max-video-preview:-1\" \/>\n<link rel=\"canonical\" href=\"https:\/\/ml-locations.be\/nl\/locations\/projecteur-led-50-w-comtech\/\" \/>\n<meta property=\"og:locale\" content=\"nl_NL\" \/>\n<meta property=\"og:type\" content=\"article\" \/>\n<meta property=\"og:title\" content=\"Projecteur led 50 W (ComTech) | ML Locations\" \/>\n<meta property=\"og:description\" content=\"Projecteur led 50W id\u00e9al pour l\u2019\u00e9clairage ext\u00e9rieur de jardins ou de fa\u00e7ades, ainsi que pour l\u2019\u00e9clairage int\u00e9rieur de stands.\" \/>\n<meta property=\"og:url\" content=\"https:\/\/ml-locations.be\/nl\/locations\/projecteur-led-50-w-comtech\/\" \/>\n<meta property=\"og:site_name\" content=\"ML Locations\" \/>\n<meta property=\"article:modified_time\" content=\"2017-05-08T11:51:39+00:00\" \/>\n<meta property=\"og:image\" content=\"https:\/\/ml-locations.be\/wp-content\/uploads\/2017\/04\/projecteur-led-50-W.jpg\" \/>\n\t<meta property=\"og:image:width\" content=\"1000\" \/>\n\t<meta property=\"og:image:height\" content=\"1000\" \/>\n\t<meta property=\"og:image:type\" content=\"image\/jpeg\" \/>\n<meta name=\"twitter:card\" content=\"summary_large_image\" \/>\n<script type=\"application\/ld+json\" class=\"yoast-schema-graph\">{\"@context\":\"https:\/\/schema.org\",\"@graph\":[{\"@type\":\"WebPage\",\"@id\":\"https:\/\/ml-locations.be\/nl\/locations\/projecteur-led-50-w-comtech\/\",\"url\":\"https:\/\/ml-locations.be\/nl\/locations\/projecteur-led-50-w-comtech\/\",\"name\":\"Projecteur led 50 W (ComTech) | ML Locations\",\"isPartOf\":{\"@id\":\"https:\/\/ml-locations.be\/nl\/#website\"},\"primaryImageOfPage\":{\"@id\":\"https:\/\/ml-locations.be\/nl\/locations\/projecteur-led-50-w-comtech\/#primaryimage\"},\"image\":{\"@id\":\"https:\/\/ml-locations.be\/nl\/locations\/projecteur-led-50-w-comtech\/#primaryimage\"},\"thumbnailUrl\":\"https:\/\/ml-locations.be\/wp-content\/uploads\/2017\/04\/projecteur-led-50-W.jpg\",\"datePublished\":\"2017-04-11T12:32:56+00:00\",\"dateModified\":\"2017-05-08T11:51:39+00:00\",\"breadcrumb\":{\"@id\":\"https:\/\/ml-locations.be\/nl\/locations\/projecteur-led-50-w-comtech\/#breadcrumb\"},\"inLanguage\":\"nl-NL\",\"potentialAction\":[{\"@type\":\"ReadAction\",\"target\":[\"https:\/\/ml-locations.be\/nl\/locations\/projecteur-led-50-w-comtech\/\"]}]},{\"@type\":\"ImageObject\",\"inLanguage\":\"nl-NL\",\"@id\":\"https:\/\/ml-locations.be\/nl\/locations\/projecteur-led-50-w-comtech\/#primaryimage\",\"url\":\"https:\/\/ml-locations.be\/wp-content\/uploads\/2017\/04\/projecteur-led-50-W.jpg\",\"contentUrl\":\"https:\/\/ml-locations.be\/wp-content\/uploads\/2017\/04\/projecteur-led-50-W.jpg\",\"width\":1000,\"height\":1000,\"caption\":\"projecteur led 50 W - \u00e9clairage et lumi\u00e8res en location\"},{\"@type\":\"BreadcrumbList\",\"@id\":\"https:\/\/ml-locations.be\/nl\/locations\/projecteur-led-50-w-comtech\/#breadcrumb\",\"itemListElement\":[{\"@type\":\"ListItem\",\"position\":1,\"name\":\"Accueil\",\"item\":\"https:\/\/ml-locations.be\/nl\/\"},{\"@type\":\"ListItem\",\"position\":2,\"name\":\"Winkel\",\"item\":\"https:\/\/ml-locations.be\/nl\/winkel\/\"},{\"@type\":\"ListItem\",\"position\":3,\"name\":\"Projecteur led 50 W (ComTech)\"}]},{\"@type\":\"WebSite\",\"@id\":\"https:\/\/ml-locations.be\/nl\/#website\",\"url\":\"https:\/\/ml-locations.be\/nl\/\",\"name\":\"ML Locations\",\"description\":\"Mat\u00e9riel \u00e9v\u00e9nementiel : location chaise, table et mange debout, mat\u00e9riel horeca, frigos,...\",\"publisher\":{\"@id\":\"https:\/\/ml-locations.be\/nl\/#organization\"},\"potentialAction\":[{\"@type\":\"SearchAction\",\"target\":{\"@type\":\"EntryPoint\",\"urlTemplate\":\"https:\/\/ml-locations.be\/nl\/?s={search_term_string}\"},\"query-input\":{\"@type\":\"PropertyValueSpecification\",\"valueRequired\":true,\"valueName\":\"search_term_string\"}}],\"inLanguage\":\"nl-NL\"},{\"@type\":\"Organization\",\"@id\":\"https:\/\/ml-locations.be\/nl\/#organization\",\"name\":\"ML Locations\",\"url\":\"https:\/\/ml-locations.be\/nl\/\",\"logo\":{\"@type\":\"ImageObject\",\"inLanguage\":\"nl-NL\",\"@id\":\"https:\/\/ml-locations.be\/nl\/#\/schema\/logo\/image\/\",\"url\":\"https:\/\/ml-locations.be\/wp-content\/uploads\/2018\/05\/LOGO-location-BON.png\",\"contentUrl\":\"https:\/\/ml-locations.be\/wp-content\/uploads\/2018\/05\/LOGO-location-BON.png\",\"width\":1200,\"height\":1200,\"caption\":\"ML Locations\"},\"image\":{\"@id\":\"https:\/\/ml-locations.be\/nl\/#\/schema\/logo\/image\/\"}}]}<\/script>\n<!-- \/ Yoast SEO plugin. -->","yoast_head_json":{"title":"Projecteur led 50 W (ComTech) | ML Locations","robots":{"index":"index","follow":"follow","max-snippet":"max-snippet:-1","max-image-preview":"max-image-preview:large","max-video-preview":"max-video-preview:-1"},"canonical":"https:\/\/ml-locations.be\/nl\/locations\/projecteur-led-50-w-comtech\/","og_locale":"nl_NL","og_type":"article","og_title":"Projecteur led 50 W (ComTech) | ML Locations","og_description":"Projecteur led 50W id\u00e9al pour l\u2019\u00e9clairage ext\u00e9rieur de jardins ou de fa\u00e7ades, ainsi que pour l\u2019\u00e9clairage int\u00e9rieur de stands.","og_url":"https:\/\/ml-locations.be\/nl\/locations\/projecteur-led-50-w-comtech\/","og_site_name":"ML Locations","article_modified_time":"2017-05-08T11:51:39+00:00","og_image":[{"width":1000,"height":1000,"url":"https:\/\/ml-locations.be\/wp-content\/uploads\/2017\/04\/projecteur-led-50-W.jpg","type":"image\/jpeg"}],"twitter_card":"summary_large_image","schema":{"@context":"https:\/\/schema.org","@graph":[{"@type":"WebPage","@id":"https:\/\/ml-locations.be\/nl\/locations\/projecteur-led-50-w-comtech\/","url":"https:\/\/ml-locations.be\/nl\/locations\/projecteur-led-50-w-comtech\/","name":"Projecteur led 50 W (ComTech) | ML Locations","isPartOf":{"@id":"https:\/\/ml-locations.be\/nl\/#website"},"primaryImageOfPage":{"@id":"https:\/\/ml-locations.be\/nl\/locations\/projecteur-led-50-w-comtech\/#primaryimage"},"image":{"@id":"https:\/\/ml-locations.be\/nl\/locations\/projecteur-led-50-w-comtech\/#primaryimage"},"thumbnailUrl":"https:\/\/ml-locations.be\/wp-content\/uploads\/2017\/04\/projecteur-led-50-W.jpg","datePublished":"2017-04-11T12:32:56+00:00","dateModified":"2017-05-08T11:51:39+00:00","breadcrumb":{"@id":"https:\/\/ml-locations.be\/nl\/locations\/projecteur-led-50-w-comtech\/#breadcrumb"},"inLanguage":"nl-NL","potentialAction":[{"@type":"ReadAction","target":["https:\/\/ml-locations.be\/nl\/locations\/projecteur-led-50-w-comtech\/"]}]},{"@type":"ImageObject","inLanguage":"nl-NL","@id":"https:\/\/ml-locations.be\/nl\/locations\/projecteur-led-50-w-comtech\/#primaryimage","url":"https:\/\/ml-locations.be\/wp-content\/uploads\/2017\/04\/projecteur-led-50-W.jpg","contentUrl":"https:\/\/ml-locations.be\/wp-content\/uploads\/2017\/04\/projecteur-led-50-W.jpg","width":1000,"height":1000,"caption":"projecteur led 50 W - \u00e9clairage et lumi\u00e8res en location"},{"@type":"BreadcrumbList","@id":"https:\/\/ml-locations.be\/nl\/locations\/projecteur-led-50-w-comtech\/#breadcrumb","itemListElement":[{"@type":"ListItem","position":1,"name":"Accueil","item":"https:\/\/ml-locations.be\/nl\/"},{"@type":"ListItem","position":2,"name":"Winkel","item":"https:\/\/ml-locations.be\/nl\/winkel\/"},{"@type":"ListItem","position":3,"name":"Projecteur led 50 W (ComTech)"}]},{"@type":"WebSite","@id":"https:\/\/ml-locations.be\/nl\/#website","url":"https:\/\/ml-locations.be\/nl\/","name":"ML Locations","description":"Mat\u00e9riel \u00e9v\u00e9nementiel : location chaise, table et mange debout, mat\u00e9riel horeca, frigos,...","publisher":{"@id":"https:\/\/ml-locations.be\/nl\/#organization"},"potentialAction":[{"@type":"SearchAction","target":{"@type":"EntryPoint","urlTemplate":"https:\/\/ml-locations.be\/nl\/?s={search_term_string}"},"query-input":{"@type":"PropertyValueSpecification","valueRequired":true,"valueName":"search_term_string"}}],"inLanguage":"nl-NL"},{"@type":"Organization","@id":"https:\/\/ml-locations.be\/nl\/#organization","name":"ML Locations","url":"https:\/\/ml-locations.be\/nl\/","logo":{"@type":"ImageObject","inLanguage":"nl-NL","@id":"https:\/\/ml-locations.be\/nl\/#\/schema\/logo\/image\/","url":"https:\/\/ml-locations.be\/wp-content\/uploads\/2018\/05\/LOGO-location-BON.png","contentUrl":"https:\/\/ml-locations.be\/wp-content\/uploads\/2018\/05\/LOGO-location-BON.png","width":1200,"height":1200,"caption":"ML Locations"},"image":{"@id":"https:\/\/ml-locations.be\/nl\/#\/schema\/logo\/image\/"}}]}},"_links":{"self":[{"href":"https:\/\/ml-locations.be\/nl\/wp-json\/wp\/v2\/product\/1644","targetHints":{"allow":["GET"]}}],"collection":[{"href":"https:\/\/ml-locations.be\/nl\/wp-json\/wp\/v2\/product"}],"about":[{"href":"https:\/\/ml-locations.be\/nl\/wp-json\/wp\/v2\/types\/product"}],"wp:featuredmedia":[{"embeddable":true,"href":"https:\/\/ml-locations.be\/nl\/wp-json\/wp\/v2\/media\/2167"}],"wp:attachment":[{"href":"https:\/\/ml-locations.be\/nl\/wp-json\/wp\/v2\/media?parent=1644"}],"wp:term":[{"taxonomy":"product_brand","embeddable":true,"href":"https:\/\/ml-locations.be\/nl\/wp-json\/wp\/v2\/product_brand?post=1644"},{"taxonomy":"product_cat","embeddable":true,"href":"https:\/\/ml-locations.be\/nl\/wp-json\/wp\/v2\/product_cat?post=1644"},{"taxonomy":"product_tag","embeddable":true,"href":"https:\/\/ml-locations.be\/nl\/wp-json\/wp\/v2\/product_tag?post=1644"}],"curies":[{"name":"wp","href":"https:\/\/api.w.org\/{rel}","templated":true}]}}