{"id":1649,"date":"2017-04-11T14:32:56","date_gmt":"2017-04-11T12:32:56","guid":{"rendered":"https:\/\/www.ml-locations.be\/\/locations\/boule-a-facettes-1-m\/"},"modified":"2017-05-08T13:51:41","modified_gmt":"2017-05-08T11:51:41","slug":"boule-a-facettes-1-m","status":"publish","type":"product","link":"https:\/\/ml-locations.be\/nl\/locations\/boule-a-facettes-1-m\/","title":{"rendered":"Boule \u00e0 facettes 1 m"},"content":{"rendered":"<p>Vous voulez donner une ambiance paillet\u00e9e \u00e0 vos<strong> f\u00eates<\/strong> ou organiser une <strong>soir\u00e9e disco<\/strong>\u00a0? La <strong>boule \u00e0 facettes<\/strong> est ce qu\u2019il vous faut. Nous vous conseillons la location d\u2019une <strong>boule \u00e0 facettes<\/strong> pour tous vos <strong>\u00e9v\u00e9nements\u00a0<\/strong>: <strong>f\u00eates d\u2019anniversaire<\/strong>, <strong>mariages<\/strong>,\u2026<\/p>\n<p>Il suffit d\u2019illuminer la boule avec un spot, ou un autre syst\u00e8me d\u2019\u00e9clairage, pour que ses facettes envoient leurs reflets un peu partout dans votre salle de f\u00eate.<\/p>\n","protected":false},"excerpt":{"rendered":"<p><strong>Boules \u00e0 facettes<\/strong> disponibles en plusieurs dimensions\u00a0: 20 cm, 30 cm, 40 cm, 50 cm, 1 m\u00e8tre, recouverte de plaques r\u00e9fl\u00e9chissantes.<\/p>\n","protected":false},"featured_media":2759,"template":"","meta":{"_acf_changed":false},"product_brand":[],"product_cat":[17,19],"product_tag":[205],"class_list":{"0":"post-1649","1":"product","2":"type-product","3":"status-publish","4":"has-post-thumbnail","6":"product_cat-materiel-sono-et-lumieres-en-location","7":"product_cat-materiel-eclairage-et-lumieres-a-louer","8":"product_tag-location-materiel-organisation-soiree","9":"description-off","11":"first","12":"instock","13":"taxable","14":"shipping-taxable","15":"purchasable","16":"product-type-simple"},"acf":[],"yoast_head":"<!-- This site is optimized with the Yoast SEO plugin v25.0 - https:\/\/yoast.com\/wordpress\/plugins\/seo\/ -->\n<title>Boule \u00e0 facettes 1 m | ML Locations<\/title>\n<meta name=\"robots\" content=\"index, follow, max-snippet:-1, max-image-preview:large, max-video-preview:-1\" \/>\n<link rel=\"canonical\" href=\"https:\/\/ml-locations.be\/nl\/locations\/boule-a-facettes-1-m\/\" \/>\n<meta property=\"og:locale\" content=\"nl_NL\" \/>\n<meta property=\"og:type\" content=\"article\" \/>\n<meta property=\"og:title\" content=\"Boule \u00e0 facettes 1 m | ML Locations\" \/>\n<meta property=\"og:description\" content=\"Boules \u00e0 facettes disponibles en plusieurs dimensions\u00a0: 20 cm, 30 cm, 40 cm, 50 cm, 1 m\u00e8tre, recouverte de plaques r\u00e9fl\u00e9chissantes.\" \/>\n<meta property=\"og:url\" content=\"https:\/\/ml-locations.be\/nl\/locations\/boule-a-facettes-1-m\/\" \/>\n<meta property=\"og:site_name\" content=\"ML Locations\" \/>\n<meta property=\"article:modified_time\" content=\"2017-05-08T11:51:41+00:00\" \/>\n<meta property=\"og:image\" content=\"https:\/\/ml-locations.be\/wp-content\/uploads\/2017\/04\/Boule-a-facette.jpg\" \/>\n\t<meta property=\"og:image:width\" content=\"1159\" \/>\n\t<meta property=\"og:image:height\" content=\"1200\" \/>\n\t<meta property=\"og:image:type\" content=\"image\/jpeg\" \/>\n<meta name=\"twitter:card\" content=\"summary_large_image\" \/>\n<script type=\"application\/ld+json\" class=\"yoast-schema-graph\">{\"@context\":\"https:\/\/schema.org\",\"@graph\":[{\"@type\":\"WebPage\",\"@id\":\"https:\/\/ml-locations.be\/nl\/locations\/boule-a-facettes-1-m\/\",\"url\":\"https:\/\/ml-locations.be\/nl\/locations\/boule-a-facettes-1-m\/\",\"name\":\"Boule \u00e0 facettes 1 m | ML Locations\",\"isPartOf\":{\"@id\":\"https:\/\/ml-locations.be\/nl\/#website\"},\"primaryImageOfPage\":{\"@id\":\"https:\/\/ml-locations.be\/nl\/locations\/boule-a-facettes-1-m\/#primaryimage\"},\"image\":{\"@id\":\"https:\/\/ml-locations.be\/nl\/locations\/boule-a-facettes-1-m\/#primaryimage\"},\"thumbnailUrl\":\"https:\/\/ml-locations.be\/wp-content\/uploads\/2017\/04\/Boule-a-facette.jpg\",\"datePublished\":\"2017-04-11T12:32:56+00:00\",\"dateModified\":\"2017-05-08T11:51:41+00:00\",\"breadcrumb\":{\"@id\":\"https:\/\/ml-locations.be\/nl\/locations\/boule-a-facettes-1-m\/#breadcrumb\"},\"inLanguage\":\"nl-NL\",\"potentialAction\":[{\"@type\":\"ReadAction\",\"target\":[\"https:\/\/ml-locations.be\/nl\/locations\/boule-a-facettes-1-m\/\"]}]},{\"@type\":\"ImageObject\",\"inLanguage\":\"nl-NL\",\"@id\":\"https:\/\/ml-locations.be\/nl\/locations\/boule-a-facettes-1-m\/#primaryimage\",\"url\":\"https:\/\/ml-locations.be\/wp-content\/uploads\/2017\/04\/Boule-a-facette.jpg\",\"contentUrl\":\"https:\/\/ml-locations.be\/wp-content\/uploads\/2017\/04\/Boule-a-facette.jpg\",\"width\":1159,\"height\":1200,\"caption\":\"Boule a\u0300 facette - d\u00e9coration en location\"},{\"@type\":\"BreadcrumbList\",\"@id\":\"https:\/\/ml-locations.be\/nl\/locations\/boule-a-facettes-1-m\/#breadcrumb\",\"itemListElement\":[{\"@type\":\"ListItem\",\"position\":1,\"name\":\"Accueil\",\"item\":\"https:\/\/ml-locations.be\/nl\/\"},{\"@type\":\"ListItem\",\"position\":2,\"name\":\"Winkel\",\"item\":\"https:\/\/ml-locations.be\/nl\/winkel\/\"},{\"@type\":\"ListItem\",\"position\":3,\"name\":\"Boule \u00e0 facettes 1 m\"}]},{\"@type\":\"WebSite\",\"@id\":\"https:\/\/ml-locations.be\/nl\/#website\",\"url\":\"https:\/\/ml-locations.be\/nl\/\",\"name\":\"ML Locations\",\"description\":\"Mat\u00e9riel \u00e9v\u00e9nementiel : location chaise, table et mange debout, mat\u00e9riel horeca, frigos,...\",\"publisher\":{\"@id\":\"https:\/\/ml-locations.be\/nl\/#organization\"},\"potentialAction\":[{\"@type\":\"SearchAction\",\"target\":{\"@type\":\"EntryPoint\",\"urlTemplate\":\"https:\/\/ml-locations.be\/nl\/?s={search_term_string}\"},\"query-input\":{\"@type\":\"PropertyValueSpecification\",\"valueRequired\":true,\"valueName\":\"search_term_string\"}}],\"inLanguage\":\"nl-NL\"},{\"@type\":\"Organization\",\"@id\":\"https:\/\/ml-locations.be\/nl\/#organization\",\"name\":\"ML Locations\",\"url\":\"https:\/\/ml-locations.be\/nl\/\",\"logo\":{\"@type\":\"ImageObject\",\"inLanguage\":\"nl-NL\",\"@id\":\"https:\/\/ml-locations.be\/nl\/#\/schema\/logo\/image\/\",\"url\":\"https:\/\/ml-locations.be\/wp-content\/uploads\/2018\/05\/LOGO-location-BON.png\",\"contentUrl\":\"https:\/\/ml-locations.be\/wp-content\/uploads\/2018\/05\/LOGO-location-BON.png\",\"width\":1200,\"height\":1200,\"caption\":\"ML Locations\"},\"image\":{\"@id\":\"https:\/\/ml-locations.be\/nl\/#\/schema\/logo\/image\/\"}}]}<\/script>\n<!-- \/ Yoast SEO plugin. -->","yoast_head_json":{"title":"Boule \u00e0 facettes 1 m | ML Locations","robots":{"index":"index","follow":"follow","max-snippet":"max-snippet:-1","max-image-preview":"max-image-preview:large","max-video-preview":"max-video-preview:-1"},"canonical":"https:\/\/ml-locations.be\/nl\/locations\/boule-a-facettes-1-m\/","og_locale":"nl_NL","og_type":"article","og_title":"Boule \u00e0 facettes 1 m | ML Locations","og_description":"Boules \u00e0 facettes disponibles en plusieurs dimensions\u00a0: 20 cm, 30 cm, 40 cm, 50 cm, 1 m\u00e8tre, recouverte de plaques r\u00e9fl\u00e9chissantes.","og_url":"https:\/\/ml-locations.be\/nl\/locations\/boule-a-facettes-1-m\/","og_site_name":"ML Locations","article_modified_time":"2017-05-08T11:51:41+00:00","og_image":[{"width":1159,"height":1200,"url":"https:\/\/ml-locations.be\/wp-content\/uploads\/2017\/04\/Boule-a-facette.jpg","type":"image\/jpeg"}],"twitter_card":"summary_large_image","schema":{"@context":"https:\/\/schema.org","@graph":[{"@type":"WebPage","@id":"https:\/\/ml-locations.be\/nl\/locations\/boule-a-facettes-1-m\/","url":"https:\/\/ml-locations.be\/nl\/locations\/boule-a-facettes-1-m\/","name":"Boule \u00e0 facettes 1 m | ML Locations","isPartOf":{"@id":"https:\/\/ml-locations.be\/nl\/#website"},"primaryImageOfPage":{"@id":"https:\/\/ml-locations.be\/nl\/locations\/boule-a-facettes-1-m\/#primaryimage"},"image":{"@id":"https:\/\/ml-locations.be\/nl\/locations\/boule-a-facettes-1-m\/#primaryimage"},"thumbnailUrl":"https:\/\/ml-locations.be\/wp-content\/uploads\/2017\/04\/Boule-a-facette.jpg","datePublished":"2017-04-11T12:32:56+00:00","dateModified":"2017-05-08T11:51:41+00:00","breadcrumb":{"@id":"https:\/\/ml-locations.be\/nl\/locations\/boule-a-facettes-1-m\/#breadcrumb"},"inLanguage":"nl-NL","potentialAction":[{"@type":"ReadAction","target":["https:\/\/ml-locations.be\/nl\/locations\/boule-a-facettes-1-m\/"]}]},{"@type":"ImageObject","inLanguage":"nl-NL","@id":"https:\/\/ml-locations.be\/nl\/locations\/boule-a-facettes-1-m\/#primaryimage","url":"https:\/\/ml-locations.be\/wp-content\/uploads\/2017\/04\/Boule-a-facette.jpg","contentUrl":"https:\/\/ml-locations.be\/wp-content\/uploads\/2017\/04\/Boule-a-facette.jpg","width":1159,"height":1200,"caption":"Boule a\u0300 facette - d\u00e9coration en location"},{"@type":"BreadcrumbList","@id":"https:\/\/ml-locations.be\/nl\/locations\/boule-a-facettes-1-m\/#breadcrumb","itemListElement":[{"@type":"ListItem","position":1,"name":"Accueil","item":"https:\/\/ml-locations.be\/nl\/"},{"@type":"ListItem","position":2,"name":"Winkel","item":"https:\/\/ml-locations.be\/nl\/winkel\/"},{"@type":"ListItem","position":3,"name":"Boule \u00e0 facettes 1 m"}]},{"@type":"WebSite","@id":"https:\/\/ml-locations.be\/nl\/#website","url":"https:\/\/ml-locations.be\/nl\/","name":"ML Locations","description":"Mat\u00e9riel \u00e9v\u00e9nementiel : location chaise, table et mange debout, mat\u00e9riel horeca, frigos,...","publisher":{"@id":"https:\/\/ml-locations.be\/nl\/#organization"},"potentialAction":[{"@type":"SearchAction","target":{"@type":"EntryPoint","urlTemplate":"https:\/\/ml-locations.be\/nl\/?s={search_term_string}"},"query-input":{"@type":"PropertyValueSpecification","valueRequired":true,"valueName":"search_term_string"}}],"inLanguage":"nl-NL"},{"@type":"Organization","@id":"https:\/\/ml-locations.be\/nl\/#organization","name":"ML Locations","url":"https:\/\/ml-locations.be\/nl\/","logo":{"@type":"ImageObject","inLanguage":"nl-NL","@id":"https:\/\/ml-locations.be\/nl\/#\/schema\/logo\/image\/","url":"https:\/\/ml-locations.be\/wp-content\/uploads\/2018\/05\/LOGO-location-BON.png","contentUrl":"https:\/\/ml-locations.be\/wp-content\/uploads\/2018\/05\/LOGO-location-BON.png","width":1200,"height":1200,"caption":"ML Locations"},"image":{"@id":"https:\/\/ml-locations.be\/nl\/#\/schema\/logo\/image\/"}}]}},"_links":{"self":[{"href":"https:\/\/ml-locations.be\/nl\/wp-json\/wp\/v2\/product\/1649","targetHints":{"allow":["GET"]}}],"collection":[{"href":"https:\/\/ml-locations.be\/nl\/wp-json\/wp\/v2\/product"}],"about":[{"href":"https:\/\/ml-locations.be\/nl\/wp-json\/wp\/v2\/types\/product"}],"wp:featuredmedia":[{"embeddable":true,"href":"https:\/\/ml-locations.be\/nl\/wp-json\/wp\/v2\/media\/2759"}],"wp:attachment":[{"href":"https:\/\/ml-locations.be\/nl\/wp-json\/wp\/v2\/media?parent=1649"}],"wp:term":[{"taxonomy":"product_brand","embeddable":true,"href":"https:\/\/ml-locations.be\/nl\/wp-json\/wp\/v2\/product_brand?post=1649"},{"taxonomy":"product_cat","embeddable":true,"href":"https:\/\/ml-locations.be\/nl\/wp-json\/wp\/v2\/product_cat?post=1649"},{"taxonomy":"product_tag","embeddable":true,"href":"https:\/\/ml-locations.be\/nl\/wp-json\/wp\/v2\/product_tag?post=1649"}],"curies":[{"name":"wp","href":"https:\/\/api.w.org\/{rel}","templated":true}]}}