{"id":1660,"date":"2017-04-11T14:33:02","date_gmt":"2017-04-11T12:33:02","guid":{"rendered":"https:\/\/www.ml-locations.be\/\/locations\/frigo-vitrine\/"},"modified":"2026-01-14T16:13:57","modified_gmt":"2026-01-14T15:13:57","slug":"location-frigo-vitrine","status":"publish","type":"product","link":"https:\/\/ml-locations.be\/nl\/locations\/location-frigo-vitrine\/","title":{"rendered":"Frigo vitrine 380 litres (sur roulettes)"},"content":{"rendered":"<p><strong>Frigo en location <\/strong>: r\u00e9frig\u00e9rateur vitr\u00e9 blanc\u00a0id\u00e9al pour garder vos <strong>aliments et boissons <\/strong>au <strong>frais <\/strong>tout au long de votre \u00e9v\u00e9nement. Ce frigo vitrine en location est modulable gr\u00e2ce \u00e0 ses 5 \u00e9tag\u00e8res. Nous louons \u00e9galement des<strong> comptoirs r\u00e9frig\u00e9r\u00e9s<\/strong>.\u00a0 Livraison possible du frigo vitrine sur le lieu de vos <strong>\u00e9v\u00e9nements<\/strong>. Nos frigos vitrines en location sont plac\u00e9s dans une armature m\u00e9tallique \u00e0 roulettes, ce qui en facilite grandement la mise en place.<\/p>\n<p>Dimensions et caract\u00e9ristiques du frigo vitrine en location :<\/p>\n<ul>\n<li>R\u00e9frig\u00e9ration : ventil\u00e9e<\/li>\n<li>Eclairage du frigo : vertical<\/li>\n<li>Porte: 1 vitr\u00e9e<\/li>\n<li>Thermom\u00e8tre<\/li>\n<li>Grilles: 5 ajustables (51.4 x 41.2 cm)<\/li>\n<li>Pieds: ajustables<\/li>\n<li>Puissance: 295 W<\/li>\n<li>Poids: 79 kg<\/li>\n<li>Externes: 595 x 640 x 1840 mm<\/li>\n<li>Internes: 505 x 462 x 1555 mm<\/li>\n<li>Plage de temp\u00e9rature: +2\u00b0 \/ + 10\u00b0<\/li>\n<li>Capacit\u00e9 du frigo : 380 litres = 455 canettes de 33 cl = 217 bouteilles de verre<\/li>\n<li>Bruit: 45 db<\/li>\n<li>D\u00e9givrage: automatique<\/li>\n<li>Voltage: 220-240 V<\/li>\n<li>Consommation du frigo en location: 2,4 kW\/24h<\/li>\n<li>Classe climatique: 4<\/li>\n<\/ul>\n<p>Pour la location de frigos, la location de cong\u00e9lateurs, la location d&#8217;armoires r\u00e9frig\u00e9rantes, faites confiance \u00e0 ML Locations.<\/p>\n","protected":false},"excerpt":{"rendered":"<p><strong>Frigo vertical \u00e0 louer<\/strong> : ce\u00a0<strong>frigo vitrine en location<\/strong> vous permet de garder vos <strong>boissons<\/strong> et <strong>aliments frais<\/strong> durant vos \u00e9v\u00e9nements. Les roulettes facilitent la mise en place des frigos.<\/p>\n","protected":false},"featured_media":7582,"template":"","meta":{"_acf_changed":false},"product_brand":[],"product_cat":[29,30],"product_tag":[214],"class_list":{"0":"post-1660","1":"product","2":"type-product","3":"status-publish","4":"has-post-thumbnail","6":"product_cat-materiel-horeca-en-location","7":"product_cat-frigos-et-congelateurs-en-location","8":"product_tag-location-materiel-banquet","9":"description-off","11":"first","12":"instock","13":"taxable","14":"shipping-taxable","15":"purchasable","16":"product-type-simple"},"acf":[],"yoast_head":"<!-- This site is optimized with the Yoast SEO plugin v25.0 - https:\/\/yoast.com\/wordpress\/plugins\/seo\/ -->\n<title>Location de frigos : frigo vitrine en location | ML Locations<\/title>\n<meta name=\"description\" content=\"Frigo vitr\u00e9 en location (5 \u00e9tag\u00e8res) pour vos \u00e9v\u00e9nements et banquets. Devis gratuit, r\u00e9ponse rapide, livraison possible.\" \/>\n<meta name=\"robots\" content=\"index, follow, max-snippet:-1, max-image-preview:large, max-video-preview:-1\" \/>\n<link rel=\"canonical\" href=\"https:\/\/ml-locations.be\/nl\/locations\/location-frigo-vitrine\/\" \/>\n<meta property=\"og:locale\" content=\"nl_NL\" \/>\n<meta property=\"og:type\" content=\"article\" \/>\n<meta property=\"og:title\" content=\"Location de frigos : frigo vitrine en location | ML Locations\" \/>\n<meta property=\"og:description\" content=\"Frigo vitr\u00e9 en location (5 \u00e9tag\u00e8res) pour vos \u00e9v\u00e9nements et banquets. Devis gratuit, r\u00e9ponse rapide, livraison possible.\" \/>\n<meta property=\"og:url\" content=\"https:\/\/ml-locations.be\/nl\/locations\/location-frigo-vitrine\/\" \/>\n<meta property=\"og:site_name\" content=\"ML Locations\" \/>\n<meta property=\"article:modified_time\" content=\"2026-01-14T15:13:57+00:00\" \/>\n<meta property=\"og:image\" content=\"https:\/\/ml-locations.be\/wp-content\/uploads\/2017\/04\/location-frigo-vitrine-sur-roulette.jpg\" \/>\n\t<meta property=\"og:image:width\" content=\"800\" \/>\n\t<meta property=\"og:image:height\" content=\"800\" \/>\n\t<meta property=\"og:image:type\" content=\"image\/jpeg\" \/>\n<meta name=\"twitter:card\" content=\"summary_large_image\" \/>\n<meta name=\"twitter:label1\" content=\"Geschatte leestijd\" \/>\n\t<meta name=\"twitter:data1\" content=\"2 minuten\" \/>\n<script type=\"application\/ld+json\" class=\"yoast-schema-graph\">{\"@context\":\"https:\/\/schema.org\",\"@graph\":[{\"@type\":\"WebPage\",\"@id\":\"https:\/\/ml-locations.be\/nl\/locations\/location-frigo-vitrine\/\",\"url\":\"https:\/\/ml-locations.be\/nl\/locations\/location-frigo-vitrine\/\",\"name\":\"Location de frigos : frigo vitrine en location | ML Locations\",\"isPartOf\":{\"@id\":\"https:\/\/ml-locations.be\/nl\/#website\"},\"primaryImageOfPage\":{\"@id\":\"https:\/\/ml-locations.be\/nl\/locations\/location-frigo-vitrine\/#primaryimage\"},\"image\":{\"@id\":\"https:\/\/ml-locations.be\/nl\/locations\/location-frigo-vitrine\/#primaryimage\"},\"thumbnailUrl\":\"https:\/\/ml-locations.be\/wp-content\/uploads\/2017\/04\/location-frigo-vitrine-sur-roulette.jpg\",\"datePublished\":\"2017-04-11T12:33:02+00:00\",\"dateModified\":\"2026-01-14T15:13:57+00:00\",\"description\":\"Frigo vitr\u00e9 en location (5 \u00e9tag\u00e8res) pour vos \u00e9v\u00e9nements et banquets. Devis gratuit, r\u00e9ponse rapide, livraison possible.\",\"breadcrumb\":{\"@id\":\"https:\/\/ml-locations.be\/nl\/locations\/location-frigo-vitrine\/#breadcrumb\"},\"inLanguage\":\"nl-NL\",\"potentialAction\":[{\"@type\":\"ReadAction\",\"target\":[\"https:\/\/ml-locations.be\/nl\/locations\/location-frigo-vitrine\/\"]}]},{\"@type\":\"ImageObject\",\"inLanguage\":\"nl-NL\",\"@id\":\"https:\/\/ml-locations.be\/nl\/locations\/location-frigo-vitrine\/#primaryimage\",\"url\":\"https:\/\/ml-locations.be\/wp-content\/uploads\/2017\/04\/location-frigo-vitrine-sur-roulette.jpg\",\"contentUrl\":\"https:\/\/ml-locations.be\/wp-content\/uploads\/2017\/04\/location-frigo-vitrine-sur-roulette.jpg\",\"width\":800,\"height\":800,\"caption\":\"Frigo vitrine en location pour vos \u00e9v\u00e9nements\"},{\"@type\":\"BreadcrumbList\",\"@id\":\"https:\/\/ml-locations.be\/nl\/locations\/location-frigo-vitrine\/#breadcrumb\",\"itemListElement\":[{\"@type\":\"ListItem\",\"position\":1,\"name\":\"Accueil\",\"item\":\"https:\/\/ml-locations.be\/nl\/\"},{\"@type\":\"ListItem\",\"position\":2,\"name\":\"Winkel\",\"item\":\"https:\/\/ml-locations.be\/nl\/winkel\/\"},{\"@type\":\"ListItem\",\"position\":3,\"name\":\"Frigo vitrine 380 litres (sur roulettes)\"}]},{\"@type\":\"WebSite\",\"@id\":\"https:\/\/ml-locations.be\/nl\/#website\",\"url\":\"https:\/\/ml-locations.be\/nl\/\",\"name\":\"ML Locations\",\"description\":\"Mat\u00e9riel \u00e9v\u00e9nementiel : location chaise, table et mange debout, mat\u00e9riel horeca, frigos,...\",\"publisher\":{\"@id\":\"https:\/\/ml-locations.be\/nl\/#organization\"},\"potentialAction\":[{\"@type\":\"SearchAction\",\"target\":{\"@type\":\"EntryPoint\",\"urlTemplate\":\"https:\/\/ml-locations.be\/nl\/?s={search_term_string}\"},\"query-input\":{\"@type\":\"PropertyValueSpecification\",\"valueRequired\":true,\"valueName\":\"search_term_string\"}}],\"inLanguage\":\"nl-NL\"},{\"@type\":\"Organization\",\"@id\":\"https:\/\/ml-locations.be\/nl\/#organization\",\"name\":\"ML Locations\",\"url\":\"https:\/\/ml-locations.be\/nl\/\",\"logo\":{\"@type\":\"ImageObject\",\"inLanguage\":\"nl-NL\",\"@id\":\"https:\/\/ml-locations.be\/nl\/#\/schema\/logo\/image\/\",\"url\":\"https:\/\/ml-locations.be\/wp-content\/uploads\/2018\/05\/LOGO-location-BON.png\",\"contentUrl\":\"https:\/\/ml-locations.be\/wp-content\/uploads\/2018\/05\/LOGO-location-BON.png\",\"width\":1200,\"height\":1200,\"caption\":\"ML Locations\"},\"image\":{\"@id\":\"https:\/\/ml-locations.be\/nl\/#\/schema\/logo\/image\/\"}}]}<\/script>\n<!-- \/ Yoast SEO plugin. -->","yoast_head_json":{"title":"Location de frigos : frigo vitrine en location | ML Locations","description":"Frigo vitr\u00e9 en location (5 \u00e9tag\u00e8res) pour vos \u00e9v\u00e9nements et banquets. Devis gratuit, r\u00e9ponse rapide, livraison possible.","robots":{"index":"index","follow":"follow","max-snippet":"max-snippet:-1","max-image-preview":"max-image-preview:large","max-video-preview":"max-video-preview:-1"},"canonical":"https:\/\/ml-locations.be\/nl\/locations\/location-frigo-vitrine\/","og_locale":"nl_NL","og_type":"article","og_title":"Location de frigos : frigo vitrine en location | ML Locations","og_description":"Frigo vitr\u00e9 en location (5 \u00e9tag\u00e8res) pour vos \u00e9v\u00e9nements et banquets. Devis gratuit, r\u00e9ponse rapide, livraison possible.","og_url":"https:\/\/ml-locations.be\/nl\/locations\/location-frigo-vitrine\/","og_site_name":"ML Locations","article_modified_time":"2026-01-14T15:13:57+00:00","og_image":[{"width":800,"height":800,"url":"https:\/\/ml-locations.be\/wp-content\/uploads\/2017\/04\/location-frigo-vitrine-sur-roulette.jpg","type":"image\/jpeg"}],"twitter_card":"summary_large_image","twitter_misc":{"Geschatte leestijd":"2 minuten"},"schema":{"@context":"https:\/\/schema.org","@graph":[{"@type":"WebPage","@id":"https:\/\/ml-locations.be\/nl\/locations\/location-frigo-vitrine\/","url":"https:\/\/ml-locations.be\/nl\/locations\/location-frigo-vitrine\/","name":"Location de frigos : frigo vitrine en location | ML Locations","isPartOf":{"@id":"https:\/\/ml-locations.be\/nl\/#website"},"primaryImageOfPage":{"@id":"https:\/\/ml-locations.be\/nl\/locations\/location-frigo-vitrine\/#primaryimage"},"image":{"@id":"https:\/\/ml-locations.be\/nl\/locations\/location-frigo-vitrine\/#primaryimage"},"thumbnailUrl":"https:\/\/ml-locations.be\/wp-content\/uploads\/2017\/04\/location-frigo-vitrine-sur-roulette.jpg","datePublished":"2017-04-11T12:33:02+00:00","dateModified":"2026-01-14T15:13:57+00:00","description":"Frigo vitr\u00e9 en location (5 \u00e9tag\u00e8res) pour vos \u00e9v\u00e9nements et banquets. Devis gratuit, r\u00e9ponse rapide, livraison possible.","breadcrumb":{"@id":"https:\/\/ml-locations.be\/nl\/locations\/location-frigo-vitrine\/#breadcrumb"},"inLanguage":"nl-NL","potentialAction":[{"@type":"ReadAction","target":["https:\/\/ml-locations.be\/nl\/locations\/location-frigo-vitrine\/"]}]},{"@type":"ImageObject","inLanguage":"nl-NL","@id":"https:\/\/ml-locations.be\/nl\/locations\/location-frigo-vitrine\/#primaryimage","url":"https:\/\/ml-locations.be\/wp-content\/uploads\/2017\/04\/location-frigo-vitrine-sur-roulette.jpg","contentUrl":"https:\/\/ml-locations.be\/wp-content\/uploads\/2017\/04\/location-frigo-vitrine-sur-roulette.jpg","width":800,"height":800,"caption":"Frigo vitrine en location pour vos \u00e9v\u00e9nements"},{"@type":"BreadcrumbList","@id":"https:\/\/ml-locations.be\/nl\/locations\/location-frigo-vitrine\/#breadcrumb","itemListElement":[{"@type":"ListItem","position":1,"name":"Accueil","item":"https:\/\/ml-locations.be\/nl\/"},{"@type":"ListItem","position":2,"name":"Winkel","item":"https:\/\/ml-locations.be\/nl\/winkel\/"},{"@type":"ListItem","position":3,"name":"Frigo vitrine 380 litres (sur roulettes)"}]},{"@type":"WebSite","@id":"https:\/\/ml-locations.be\/nl\/#website","url":"https:\/\/ml-locations.be\/nl\/","name":"ML Locations","description":"Mat\u00e9riel \u00e9v\u00e9nementiel : location chaise, table et mange debout, mat\u00e9riel horeca, frigos,...","publisher":{"@id":"https:\/\/ml-locations.be\/nl\/#organization"},"potentialAction":[{"@type":"SearchAction","target":{"@type":"EntryPoint","urlTemplate":"https:\/\/ml-locations.be\/nl\/?s={search_term_string}"},"query-input":{"@type":"PropertyValueSpecification","valueRequired":true,"valueName":"search_term_string"}}],"inLanguage":"nl-NL"},{"@type":"Organization","@id":"https:\/\/ml-locations.be\/nl\/#organization","name":"ML Locations","url":"https:\/\/ml-locations.be\/nl\/","logo":{"@type":"ImageObject","inLanguage":"nl-NL","@id":"https:\/\/ml-locations.be\/nl\/#\/schema\/logo\/image\/","url":"https:\/\/ml-locations.be\/wp-content\/uploads\/2018\/05\/LOGO-location-BON.png","contentUrl":"https:\/\/ml-locations.be\/wp-content\/uploads\/2018\/05\/LOGO-location-BON.png","width":1200,"height":1200,"caption":"ML Locations"},"image":{"@id":"https:\/\/ml-locations.be\/nl\/#\/schema\/logo\/image\/"}}]}},"_links":{"self":[{"href":"https:\/\/ml-locations.be\/nl\/wp-json\/wp\/v2\/product\/1660","targetHints":{"allow":["GET"]}}],"collection":[{"href":"https:\/\/ml-locations.be\/nl\/wp-json\/wp\/v2\/product"}],"about":[{"href":"https:\/\/ml-locations.be\/nl\/wp-json\/wp\/v2\/types\/product"}],"wp:featuredmedia":[{"embeddable":true,"href":"https:\/\/ml-locations.be\/nl\/wp-json\/wp\/v2\/media\/7582"}],"wp:attachment":[{"href":"https:\/\/ml-locations.be\/nl\/wp-json\/wp\/v2\/media?parent=1660"}],"wp:term":[{"taxonomy":"product_brand","embeddable":true,"href":"https:\/\/ml-locations.be\/nl\/wp-json\/wp\/v2\/product_brand?post=1660"},{"taxonomy":"product_cat","embeddable":true,"href":"https:\/\/ml-locations.be\/nl\/wp-json\/wp\/v2\/product_cat?post=1660"},{"taxonomy":"product_tag","embeddable":true,"href":"https:\/\/ml-locations.be\/nl\/wp-json\/wp\/v2\/product_tag?post=1660"}],"curies":[{"name":"wp","href":"https:\/\/api.w.org\/{rel}","templated":true}]}}