{"id":1666,"date":"2017-04-11T14:33:02","date_gmt":"2017-04-11T12:33:02","guid":{"rendered":"https:\/\/www.ml-locations.be\/\/locations\/cuillere-a-soupe\/"},"modified":"2026-01-14T16:05:28","modified_gmt":"2026-01-14T15:05:28","slug":"location-cuillere-soupe","status":"publish","type":"product","link":"https:\/\/ml-locations.be\/nl\/locations\/location-cuillere-soupe\/","title":{"rendered":"Cuill\u00e8re \u00e0 soupe"},"content":{"rendered":"<p><strong>Cuill\u00e8res en location\u00a0 : cuill\u00e8res \u00e0 soupe en inox<\/strong> 20,9 cm de marque \u00ab <strong>Eternum Opera\u00a0<\/strong>\u00bb en location pour tous vos repas et vos <strong>banquets<\/strong>, quel qu\u2019en soit le cadre\u00a0; un mariage, un anniversaire, une conf\u00e9rence,\u2026<\/p>\n<p>Les cuill\u00e8res \u00e0 soupe peuvent \u00eatre rendues sales en fin de location, et ce sans risque de frais suppl\u00e9mentaires car le nettoyage des couverts est compris dans le prix de la location.<\/p>\n<p>Ces <strong>\u00e9l\u00e9gantes cuill\u00e8res en location<\/strong>, g\u00e9n\u00e9ralement utilis\u00e9es durant le service de la soupe, embelliront le dressage de votre table.<\/p>\n<p>Pour la <a href=\"https:\/\/ml-locations.beetiquette-produit\/location-couverts-table\/\"><strong>location de couverts<\/strong><\/a>, la <a href=\"https:\/\/ml-locations.be\/location\/materiel-horeca-en-location\/location-vaisselle\"><strong>location de vaisselle<\/strong><\/a>, la <a href=\"https:\/\/ml-locations.be\/location\/materiel-horeca-en-location\/verres-en-location\/\"><strong>location de verres<\/strong><\/a>, faites confiance \u00e0 ML Locations.<\/p>\n","protected":false},"excerpt":{"rendered":"<p><strong>Cuill\u00e8re en location : cuill\u00e8re \u00e0 soupe classique en inox<\/strong> de 20,9 cm de marque \u00ab <strong>Eternum Opera<\/strong>\u00a0\u00bb \u00e0 louer pour tous vos banquets.<\/p>\n","protected":false},"featured_media":4180,"template":"","meta":{"_acf_changed":false},"product_brand":[],"product_cat":[229,29],"product_tag":[224,213,214],"class_list":{"0":"post-1666","1":"product","2":"type-product","3":"status-publish","4":"has-post-thumbnail","6":"product_cat-location-couverts","7":"product_cat-materiel-horeca-en-location","8":"product_tag-location-couverts-table","9":"product_tag-location-de-materiel-de-reception-mariages","10":"product_tag-location-materiel-banquet","11":"description-off","13":"first","14":"instock","15":"sale","16":"taxable","17":"shipping-taxable","18":"purchasable","19":"product-type-simple"},"acf":[],"yoast_head":"<!-- This site is optimized with the Yoast SEO plugin v25.0 - https:\/\/yoast.com\/wordpress\/plugins\/seo\/ -->\n<title>Cuill\u00e8re \u00e0 soupe en location - location de couverts | ML Locations<\/title>\n<meta name=\"description\" content=\"Cuill\u00e8res \u00e0 soupe en location pour vos banquets. Couverts en location, verres, mat\u00e9riel Horeca sont aussi disponibles. Devis gratuit !\" \/>\n<meta name=\"robots\" content=\"index, follow, max-snippet:-1, max-image-preview:large, max-video-preview:-1\" \/>\n<link rel=\"canonical\" href=\"https:\/\/ml-locations.be\/nl\/locations\/location-cuillere-soupe\/\" \/>\n<meta property=\"og:locale\" content=\"nl_NL\" \/>\n<meta property=\"og:type\" content=\"article\" \/>\n<meta property=\"og:title\" content=\"Cuill\u00e8re \u00e0 soupe en location - location de couverts | ML Locations\" \/>\n<meta property=\"og:description\" content=\"Cuill\u00e8res \u00e0 soupe en location pour vos banquets. Couverts en location, verres, mat\u00e9riel Horeca sont aussi disponibles. Devis gratuit !\" \/>\n<meta property=\"og:url\" content=\"https:\/\/ml-locations.be\/nl\/locations\/location-cuillere-soupe\/\" \/>\n<meta property=\"og:site_name\" content=\"ML Locations\" \/>\n<meta property=\"article:modified_time\" content=\"2026-01-14T15:05:28+00:00\" \/>\n<meta property=\"og:image\" content=\"https:\/\/ml-locations.be\/wp-content\/uploads\/2017\/04\/cuillere-soupe-location-couvert.jpg\" \/>\n\t<meta property=\"og:image:width\" content=\"800\" \/>\n\t<meta property=\"og:image:height\" content=\"800\" \/>\n\t<meta property=\"og:image:type\" content=\"image\/jpeg\" \/>\n<meta name=\"twitter:card\" content=\"summary_large_image\" \/>\n<meta name=\"twitter:label1\" content=\"Geschatte leestijd\" \/>\n\t<meta name=\"twitter:data1\" content=\"1 minuut\" \/>\n<script type=\"application\/ld+json\" class=\"yoast-schema-graph\">{\"@context\":\"https:\/\/schema.org\",\"@graph\":[{\"@type\":\"WebPage\",\"@id\":\"https:\/\/ml-locations.be\/nl\/locations\/location-cuillere-soupe\/\",\"url\":\"https:\/\/ml-locations.be\/nl\/locations\/location-cuillere-soupe\/\",\"name\":\"Cuill\u00e8re \u00e0 soupe en location - location de couverts | ML Locations\",\"isPartOf\":{\"@id\":\"https:\/\/ml-locations.be\/nl\/#website\"},\"primaryImageOfPage\":{\"@id\":\"https:\/\/ml-locations.be\/nl\/locations\/location-cuillere-soupe\/#primaryimage\"},\"image\":{\"@id\":\"https:\/\/ml-locations.be\/nl\/locations\/location-cuillere-soupe\/#primaryimage\"},\"thumbnailUrl\":\"https:\/\/ml-locations.be\/wp-content\/uploads\/2017\/04\/cuillere-soupe-location-couvert.jpg\",\"datePublished\":\"2017-04-11T12:33:02+00:00\",\"dateModified\":\"2026-01-14T15:05:28+00:00\",\"description\":\"Cuill\u00e8res \u00e0 soupe en location pour vos banquets. Couverts en location, verres, mat\u00e9riel Horeca sont aussi disponibles. Devis gratuit !\",\"breadcrumb\":{\"@id\":\"https:\/\/ml-locations.be\/nl\/locations\/location-cuillere-soupe\/#breadcrumb\"},\"inLanguage\":\"nl-NL\",\"potentialAction\":[{\"@type\":\"ReadAction\",\"target\":[\"https:\/\/ml-locations.be\/nl\/locations\/location-cuillere-soupe\/\"]}]},{\"@type\":\"ImageObject\",\"inLanguage\":\"nl-NL\",\"@id\":\"https:\/\/ml-locations.be\/nl\/locations\/location-cuillere-soupe\/#primaryimage\",\"url\":\"https:\/\/ml-locations.be\/wp-content\/uploads\/2017\/04\/cuillere-soupe-location-couvert.jpg\",\"contentUrl\":\"https:\/\/ml-locations.be\/wp-content\/uploads\/2017\/04\/cuillere-soupe-location-couvert.jpg\",\"width\":800,\"height\":800,\"caption\":\"cuillere a soupe - location couvert\"},{\"@type\":\"BreadcrumbList\",\"@id\":\"https:\/\/ml-locations.be\/nl\/locations\/location-cuillere-soupe\/#breadcrumb\",\"itemListElement\":[{\"@type\":\"ListItem\",\"position\":1,\"name\":\"Accueil\",\"item\":\"https:\/\/ml-locations.be\/nl\/\"},{\"@type\":\"ListItem\",\"position\":2,\"name\":\"Winkel\",\"item\":\"https:\/\/ml-locations.be\/nl\/winkel\/\"},{\"@type\":\"ListItem\",\"position\":3,\"name\":\"Cuill\u00e8re \u00e0 soupe\"}]},{\"@type\":\"WebSite\",\"@id\":\"https:\/\/ml-locations.be\/nl\/#website\",\"url\":\"https:\/\/ml-locations.be\/nl\/\",\"name\":\"ML Locations\",\"description\":\"Mat\u00e9riel \u00e9v\u00e9nementiel : location chaise, table et mange debout, mat\u00e9riel horeca, frigos,...\",\"publisher\":{\"@id\":\"https:\/\/ml-locations.be\/nl\/#organization\"},\"potentialAction\":[{\"@type\":\"SearchAction\",\"target\":{\"@type\":\"EntryPoint\",\"urlTemplate\":\"https:\/\/ml-locations.be\/nl\/?s={search_term_string}\"},\"query-input\":{\"@type\":\"PropertyValueSpecification\",\"valueRequired\":true,\"valueName\":\"search_term_string\"}}],\"inLanguage\":\"nl-NL\"},{\"@type\":\"Organization\",\"@id\":\"https:\/\/ml-locations.be\/nl\/#organization\",\"name\":\"ML Locations\",\"url\":\"https:\/\/ml-locations.be\/nl\/\",\"logo\":{\"@type\":\"ImageObject\",\"inLanguage\":\"nl-NL\",\"@id\":\"https:\/\/ml-locations.be\/nl\/#\/schema\/logo\/image\/\",\"url\":\"https:\/\/ml-locations.be\/wp-content\/uploads\/2018\/05\/LOGO-location-BON.png\",\"contentUrl\":\"https:\/\/ml-locations.be\/wp-content\/uploads\/2018\/05\/LOGO-location-BON.png\",\"width\":1200,\"height\":1200,\"caption\":\"ML Locations\"},\"image\":{\"@id\":\"https:\/\/ml-locations.be\/nl\/#\/schema\/logo\/image\/\"}}]}<\/script>\n<!-- \/ Yoast SEO plugin. -->","yoast_head_json":{"title":"Cuill\u00e8re \u00e0 soupe en location - location de couverts | ML Locations","description":"Cuill\u00e8res \u00e0 soupe en location pour vos banquets. Couverts en location, verres, mat\u00e9riel Horeca sont aussi disponibles. Devis gratuit !","robots":{"index":"index","follow":"follow","max-snippet":"max-snippet:-1","max-image-preview":"max-image-preview:large","max-video-preview":"max-video-preview:-1"},"canonical":"https:\/\/ml-locations.be\/nl\/locations\/location-cuillere-soupe\/","og_locale":"nl_NL","og_type":"article","og_title":"Cuill\u00e8re \u00e0 soupe en location - location de couverts | ML Locations","og_description":"Cuill\u00e8res \u00e0 soupe en location pour vos banquets. Couverts en location, verres, mat\u00e9riel Horeca sont aussi disponibles. Devis gratuit !","og_url":"https:\/\/ml-locations.be\/nl\/locations\/location-cuillere-soupe\/","og_site_name":"ML Locations","article_modified_time":"2026-01-14T15:05:28+00:00","og_image":[{"width":800,"height":800,"url":"https:\/\/ml-locations.be\/wp-content\/uploads\/2017\/04\/cuillere-soupe-location-couvert.jpg","type":"image\/jpeg"}],"twitter_card":"summary_large_image","twitter_misc":{"Geschatte leestijd":"1 minuut"},"schema":{"@context":"https:\/\/schema.org","@graph":[{"@type":"WebPage","@id":"https:\/\/ml-locations.be\/nl\/locations\/location-cuillere-soupe\/","url":"https:\/\/ml-locations.be\/nl\/locations\/location-cuillere-soupe\/","name":"Cuill\u00e8re \u00e0 soupe en location - location de couverts | ML Locations","isPartOf":{"@id":"https:\/\/ml-locations.be\/nl\/#website"},"primaryImageOfPage":{"@id":"https:\/\/ml-locations.be\/nl\/locations\/location-cuillere-soupe\/#primaryimage"},"image":{"@id":"https:\/\/ml-locations.be\/nl\/locations\/location-cuillere-soupe\/#primaryimage"},"thumbnailUrl":"https:\/\/ml-locations.be\/wp-content\/uploads\/2017\/04\/cuillere-soupe-location-couvert.jpg","datePublished":"2017-04-11T12:33:02+00:00","dateModified":"2026-01-14T15:05:28+00:00","description":"Cuill\u00e8res \u00e0 soupe en location pour vos banquets. Couverts en location, verres, mat\u00e9riel Horeca sont aussi disponibles. Devis gratuit !","breadcrumb":{"@id":"https:\/\/ml-locations.be\/nl\/locations\/location-cuillere-soupe\/#breadcrumb"},"inLanguage":"nl-NL","potentialAction":[{"@type":"ReadAction","target":["https:\/\/ml-locations.be\/nl\/locations\/location-cuillere-soupe\/"]}]},{"@type":"ImageObject","inLanguage":"nl-NL","@id":"https:\/\/ml-locations.be\/nl\/locations\/location-cuillere-soupe\/#primaryimage","url":"https:\/\/ml-locations.be\/wp-content\/uploads\/2017\/04\/cuillere-soupe-location-couvert.jpg","contentUrl":"https:\/\/ml-locations.be\/wp-content\/uploads\/2017\/04\/cuillere-soupe-location-couvert.jpg","width":800,"height":800,"caption":"cuillere a soupe - location couvert"},{"@type":"BreadcrumbList","@id":"https:\/\/ml-locations.be\/nl\/locations\/location-cuillere-soupe\/#breadcrumb","itemListElement":[{"@type":"ListItem","position":1,"name":"Accueil","item":"https:\/\/ml-locations.be\/nl\/"},{"@type":"ListItem","position":2,"name":"Winkel","item":"https:\/\/ml-locations.be\/nl\/winkel\/"},{"@type":"ListItem","position":3,"name":"Cuill\u00e8re \u00e0 soupe"}]},{"@type":"WebSite","@id":"https:\/\/ml-locations.be\/nl\/#website","url":"https:\/\/ml-locations.be\/nl\/","name":"ML Locations","description":"Mat\u00e9riel \u00e9v\u00e9nementiel : location chaise, table et mange debout, mat\u00e9riel horeca, frigos,...","publisher":{"@id":"https:\/\/ml-locations.be\/nl\/#organization"},"potentialAction":[{"@type":"SearchAction","target":{"@type":"EntryPoint","urlTemplate":"https:\/\/ml-locations.be\/nl\/?s={search_term_string}"},"query-input":{"@type":"PropertyValueSpecification","valueRequired":true,"valueName":"search_term_string"}}],"inLanguage":"nl-NL"},{"@type":"Organization","@id":"https:\/\/ml-locations.be\/nl\/#organization","name":"ML Locations","url":"https:\/\/ml-locations.be\/nl\/","logo":{"@type":"ImageObject","inLanguage":"nl-NL","@id":"https:\/\/ml-locations.be\/nl\/#\/schema\/logo\/image\/","url":"https:\/\/ml-locations.be\/wp-content\/uploads\/2018\/05\/LOGO-location-BON.png","contentUrl":"https:\/\/ml-locations.be\/wp-content\/uploads\/2018\/05\/LOGO-location-BON.png","width":1200,"height":1200,"caption":"ML Locations"},"image":{"@id":"https:\/\/ml-locations.be\/nl\/#\/schema\/logo\/image\/"}}]}},"_links":{"self":[{"href":"https:\/\/ml-locations.be\/nl\/wp-json\/wp\/v2\/product\/1666","targetHints":{"allow":["GET"]}}],"collection":[{"href":"https:\/\/ml-locations.be\/nl\/wp-json\/wp\/v2\/product"}],"about":[{"href":"https:\/\/ml-locations.be\/nl\/wp-json\/wp\/v2\/types\/product"}],"wp:featuredmedia":[{"embeddable":true,"href":"https:\/\/ml-locations.be\/nl\/wp-json\/wp\/v2\/media\/4180"}],"wp:attachment":[{"href":"https:\/\/ml-locations.be\/nl\/wp-json\/wp\/v2\/media?parent=1666"}],"wp:term":[{"taxonomy":"product_brand","embeddable":true,"href":"https:\/\/ml-locations.be\/nl\/wp-json\/wp\/v2\/product_brand?post=1666"},{"taxonomy":"product_cat","embeddable":true,"href":"https:\/\/ml-locations.be\/nl\/wp-json\/wp\/v2\/product_cat?post=1666"},{"taxonomy":"product_tag","embeddable":true,"href":"https:\/\/ml-locations.be\/nl\/wp-json\/wp\/v2\/product_tag?post=1666"}],"curies":[{"name":"wp","href":"https:\/\/api.w.org\/{rel}","templated":true}]}}