{"id":1675,"date":"2017-04-11T14:33:06","date_gmt":"2017-04-11T12:33:06","guid":{"rendered":"https:\/\/www.ml-locations.be\/\/locations\/long-drink-22-cl-49-pieces\/"},"modified":"2026-01-14T15:18:56","modified_gmt":"2026-01-14T14:18:56","slug":"location-verre-long-drink-22cl","status":"publish","type":"product","link":"https:\/\/ml-locations.be\/nl\/locations\/location-verre-long-drink-22cl\/","title":{"rendered":"Verre Long Drink 22 cl (49 pi\u00e8ces)"},"content":{"rendered":"<p><strong>Long\u00a0drinks en verre<\/strong>\u00a0<strong>\u00e0 louer<\/strong> d\u2019une contenance de 22 cl, parfaits pour le service de boissons telles que des softs, ap\u00e9ritifs ou encore <strong>cocktails<\/strong> en tout genre.<\/p>\n<p>Ce sont les <strong>verres<\/strong> indispensables \u00e0 n\u2019importe quelle r\u00e9ception. Qu\u2019il s\u2019agisse d\u2019un <strong>mariage<\/strong>, d\u2019une f\u00eate d\u2019anniversaire, d\u2019une conf\u00e9rence,\u2026<\/p>\n<p>Ces <strong>verres en location<\/strong> peuvent \u00e9galement \u00eatre rendu sale, apr\u00e8s votre \u00e9v\u00e9nement, sans risque de frais suppl\u00e9mentaires car le nettoyage est compris dans le prix de la location.<\/p>\n<p>Ces verres sont lou\u00e9s par rack entier de 49 pi\u00e8ces. Le nombre de racks livr\u00e9s d\u00e9pend du nombre de verres command\u00e9s.<\/p>\n<p><u>Ex: <\/u>80 long drinks command\u00e9s = 2 racks de 49 verres (= 98 long drinks) livr\u00e9s ET factur\u00e9s.<\/p>\n<p>Le remplacement des longs drinks non-rendus en fin de <strong>location<\/strong> est factur\u00e9.<\/p>\n<p>N\u2019h\u00e9sitez pas \u00e0 nous contactez pour la <a href=\"https:\/\/ml-locations.be\/location\/materiel-horeca-en-location\/verres-en-location\/\">location de verres<\/a> pour vos \u00e9v\u00e9nements (verres \u00e0 vin, long drink, verres \u00e0 bi\u00e8re,..).<\/p>\n","protected":false},"excerpt":{"rendered":"<p><strong>Long drink en verre en location<\/strong>\u00a0(22cl) parfait pour le service de <strong>boisson<\/strong> (softs, alcools) en tout genre lors de vos <strong>r\u00e9ceptions, banquets ou autres \u00e9v\u00e9nements.\u00a0<\/strong>NB : commandes par rack de 49 verres.<\/p>\n","protected":false},"featured_media":2175,"template":"","meta":{"_acf_changed":false},"product_brand":[],"product_cat":[29,32],"product_tag":[208,213,214],"class_list":{"0":"post-1675","1":"product","2":"type-product","3":"status-publish","4":"has-post-thumbnail","6":"product_cat-materiel-horeca-en-location","7":"product_cat-verres-en-location","8":"product_tag-location-materiel-bar","9":"product_tag-location-de-materiel-de-reception-mariages","10":"product_tag-location-materiel-banquet","11":"description-off","13":"first","14":"instock","15":"sale","16":"taxable","17":"shipping-taxable","18":"purchasable","19":"product-type-simple"},"acf":[],"yoast_head":"<!-- This site is optimized with the Yoast SEO plugin v25.0 - https:\/\/yoast.com\/wordpress\/plugins\/seo\/ -->\n<title>Verres en location - Long Drinks \u00e0 louer (22 cl) | ML Locations<\/title>\n<meta name=\"description\" content=\"Long drink \u00e0 louer pour vos banquets et \u00e9v\u00e9nements. Grand choix de verres et de vaisselle \u00e0 louer sur ce site. Livraison possible.\" \/>\n<meta name=\"robots\" content=\"index, follow, max-snippet:-1, max-image-preview:large, max-video-preview:-1\" \/>\n<link rel=\"canonical\" href=\"https:\/\/ml-locations.be\/nl\/locations\/location-verre-long-drink-22cl\/\" \/>\n<meta property=\"og:locale\" content=\"nl_NL\" \/>\n<meta property=\"og:type\" content=\"article\" \/>\n<meta property=\"og:title\" content=\"Verres en location - Long Drinks \u00e0 louer (22 cl) | ML Locations\" \/>\n<meta property=\"og:description\" content=\"Long drink \u00e0 louer pour vos banquets et \u00e9v\u00e9nements. Grand choix de verres et de vaisselle \u00e0 louer sur ce site. Livraison possible.\" \/>\n<meta property=\"og:url\" content=\"https:\/\/ml-locations.be\/nl\/locations\/location-verre-long-drink-22cl\/\" \/>\n<meta property=\"og:site_name\" content=\"ML Locations\" \/>\n<meta property=\"article:modified_time\" content=\"2026-01-14T14:18:56+00:00\" \/>\n<meta property=\"og:image\" content=\"https:\/\/ml-locations.be\/wp-content\/uploads\/2017\/04\/long-drink-22cl.jpg\" \/>\n\t<meta property=\"og:image:width\" content=\"1000\" \/>\n\t<meta property=\"og:image:height\" content=\"1000\" \/>\n\t<meta property=\"og:image:type\" content=\"image\/jpeg\" \/>\n<meta name=\"twitter:card\" content=\"summary_large_image\" \/>\n<meta name=\"twitter:label1\" content=\"Geschatte leestijd\" \/>\n\t<meta name=\"twitter:data1\" content=\"1 minuut\" \/>\n<script type=\"application\/ld+json\" class=\"yoast-schema-graph\">{\"@context\":\"https:\/\/schema.org\",\"@graph\":[{\"@type\":\"WebPage\",\"@id\":\"https:\/\/ml-locations.be\/nl\/locations\/location-verre-long-drink-22cl\/\",\"url\":\"https:\/\/ml-locations.be\/nl\/locations\/location-verre-long-drink-22cl\/\",\"name\":\"Verres en location - Long Drinks \u00e0 louer (22 cl) | ML Locations\",\"isPartOf\":{\"@id\":\"https:\/\/ml-locations.be\/nl\/#website\"},\"primaryImageOfPage\":{\"@id\":\"https:\/\/ml-locations.be\/nl\/locations\/location-verre-long-drink-22cl\/#primaryimage\"},\"image\":{\"@id\":\"https:\/\/ml-locations.be\/nl\/locations\/location-verre-long-drink-22cl\/#primaryimage\"},\"thumbnailUrl\":\"https:\/\/ml-locations.be\/wp-content\/uploads\/2017\/04\/long-drink-22cl.jpg\",\"datePublished\":\"2017-04-11T12:33:06+00:00\",\"dateModified\":\"2026-01-14T14:18:56+00:00\",\"description\":\"Long drink \u00e0 louer pour vos banquets et \u00e9v\u00e9nements. Grand choix de verres et de vaisselle \u00e0 louer sur ce site. Livraison possible.\",\"breadcrumb\":{\"@id\":\"https:\/\/ml-locations.be\/nl\/locations\/location-verre-long-drink-22cl\/#breadcrumb\"},\"inLanguage\":\"nl-NL\",\"potentialAction\":[{\"@type\":\"ReadAction\",\"target\":[\"https:\/\/ml-locations.be\/nl\/locations\/location-verre-long-drink-22cl\/\"]}]},{\"@type\":\"ImageObject\",\"inLanguage\":\"nl-NL\",\"@id\":\"https:\/\/ml-locations.be\/nl\/locations\/location-verre-long-drink-22cl\/#primaryimage\",\"url\":\"https:\/\/ml-locations.be\/wp-content\/uploads\/2017\/04\/long-drink-22cl.jpg\",\"contentUrl\":\"https:\/\/ml-locations.be\/wp-content\/uploads\/2017\/04\/long-drink-22cl.jpg\",\"width\":1000,\"height\":1000,\"caption\":\"long drink en location\"},{\"@type\":\"BreadcrumbList\",\"@id\":\"https:\/\/ml-locations.be\/nl\/locations\/location-verre-long-drink-22cl\/#breadcrumb\",\"itemListElement\":[{\"@type\":\"ListItem\",\"position\":1,\"name\":\"Accueil\",\"item\":\"https:\/\/ml-locations.be\/nl\/\"},{\"@type\":\"ListItem\",\"position\":2,\"name\":\"Winkel\",\"item\":\"https:\/\/ml-locations.be\/nl\/winkel\/\"},{\"@type\":\"ListItem\",\"position\":3,\"name\":\"Verre Long Drink 22 cl (49 pi\u00e8ces)\"}]},{\"@type\":\"WebSite\",\"@id\":\"https:\/\/ml-locations.be\/nl\/#website\",\"url\":\"https:\/\/ml-locations.be\/nl\/\",\"name\":\"ML Locations\",\"description\":\"Mat\u00e9riel \u00e9v\u00e9nementiel : location chaise, table et mange debout, mat\u00e9riel horeca, frigos,...\",\"publisher\":{\"@id\":\"https:\/\/ml-locations.be\/nl\/#organization\"},\"potentialAction\":[{\"@type\":\"SearchAction\",\"target\":{\"@type\":\"EntryPoint\",\"urlTemplate\":\"https:\/\/ml-locations.be\/nl\/?s={search_term_string}\"},\"query-input\":{\"@type\":\"PropertyValueSpecification\",\"valueRequired\":true,\"valueName\":\"search_term_string\"}}],\"inLanguage\":\"nl-NL\"},{\"@type\":\"Organization\",\"@id\":\"https:\/\/ml-locations.be\/nl\/#organization\",\"name\":\"ML Locations\",\"url\":\"https:\/\/ml-locations.be\/nl\/\",\"logo\":{\"@type\":\"ImageObject\",\"inLanguage\":\"nl-NL\",\"@id\":\"https:\/\/ml-locations.be\/nl\/#\/schema\/logo\/image\/\",\"url\":\"https:\/\/ml-locations.be\/wp-content\/uploads\/2018\/05\/LOGO-location-BON.png\",\"contentUrl\":\"https:\/\/ml-locations.be\/wp-content\/uploads\/2018\/05\/LOGO-location-BON.png\",\"width\":1200,\"height\":1200,\"caption\":\"ML Locations\"},\"image\":{\"@id\":\"https:\/\/ml-locations.be\/nl\/#\/schema\/logo\/image\/\"}}]}<\/script>\n<!-- \/ Yoast SEO plugin. -->","yoast_head_json":{"title":"Verres en location - Long Drinks \u00e0 louer (22 cl) | ML Locations","description":"Long drink \u00e0 louer pour vos banquets et \u00e9v\u00e9nements. Grand choix de verres et de vaisselle \u00e0 louer sur ce site. Livraison possible.","robots":{"index":"index","follow":"follow","max-snippet":"max-snippet:-1","max-image-preview":"max-image-preview:large","max-video-preview":"max-video-preview:-1"},"canonical":"https:\/\/ml-locations.be\/nl\/locations\/location-verre-long-drink-22cl\/","og_locale":"nl_NL","og_type":"article","og_title":"Verres en location - Long Drinks \u00e0 louer (22 cl) | ML Locations","og_description":"Long drink \u00e0 louer pour vos banquets et \u00e9v\u00e9nements. Grand choix de verres et de vaisselle \u00e0 louer sur ce site. Livraison possible.","og_url":"https:\/\/ml-locations.be\/nl\/locations\/location-verre-long-drink-22cl\/","og_site_name":"ML Locations","article_modified_time":"2026-01-14T14:18:56+00:00","og_image":[{"width":1000,"height":1000,"url":"https:\/\/ml-locations.be\/wp-content\/uploads\/2017\/04\/long-drink-22cl.jpg","type":"image\/jpeg"}],"twitter_card":"summary_large_image","twitter_misc":{"Geschatte leestijd":"1 minuut"},"schema":{"@context":"https:\/\/schema.org","@graph":[{"@type":"WebPage","@id":"https:\/\/ml-locations.be\/nl\/locations\/location-verre-long-drink-22cl\/","url":"https:\/\/ml-locations.be\/nl\/locations\/location-verre-long-drink-22cl\/","name":"Verres en location - Long Drinks \u00e0 louer (22 cl) | ML Locations","isPartOf":{"@id":"https:\/\/ml-locations.be\/nl\/#website"},"primaryImageOfPage":{"@id":"https:\/\/ml-locations.be\/nl\/locations\/location-verre-long-drink-22cl\/#primaryimage"},"image":{"@id":"https:\/\/ml-locations.be\/nl\/locations\/location-verre-long-drink-22cl\/#primaryimage"},"thumbnailUrl":"https:\/\/ml-locations.be\/wp-content\/uploads\/2017\/04\/long-drink-22cl.jpg","datePublished":"2017-04-11T12:33:06+00:00","dateModified":"2026-01-14T14:18:56+00:00","description":"Long drink \u00e0 louer pour vos banquets et \u00e9v\u00e9nements. Grand choix de verres et de vaisselle \u00e0 louer sur ce site. Livraison possible.","breadcrumb":{"@id":"https:\/\/ml-locations.be\/nl\/locations\/location-verre-long-drink-22cl\/#breadcrumb"},"inLanguage":"nl-NL","potentialAction":[{"@type":"ReadAction","target":["https:\/\/ml-locations.be\/nl\/locations\/location-verre-long-drink-22cl\/"]}]},{"@type":"ImageObject","inLanguage":"nl-NL","@id":"https:\/\/ml-locations.be\/nl\/locations\/location-verre-long-drink-22cl\/#primaryimage","url":"https:\/\/ml-locations.be\/wp-content\/uploads\/2017\/04\/long-drink-22cl.jpg","contentUrl":"https:\/\/ml-locations.be\/wp-content\/uploads\/2017\/04\/long-drink-22cl.jpg","width":1000,"height":1000,"caption":"long drink en location"},{"@type":"BreadcrumbList","@id":"https:\/\/ml-locations.be\/nl\/locations\/location-verre-long-drink-22cl\/#breadcrumb","itemListElement":[{"@type":"ListItem","position":1,"name":"Accueil","item":"https:\/\/ml-locations.be\/nl\/"},{"@type":"ListItem","position":2,"name":"Winkel","item":"https:\/\/ml-locations.be\/nl\/winkel\/"},{"@type":"ListItem","position":3,"name":"Verre Long Drink 22 cl (49 pi\u00e8ces)"}]},{"@type":"WebSite","@id":"https:\/\/ml-locations.be\/nl\/#website","url":"https:\/\/ml-locations.be\/nl\/","name":"ML Locations","description":"Mat\u00e9riel \u00e9v\u00e9nementiel : location chaise, table et mange debout, mat\u00e9riel horeca, frigos,...","publisher":{"@id":"https:\/\/ml-locations.be\/nl\/#organization"},"potentialAction":[{"@type":"SearchAction","target":{"@type":"EntryPoint","urlTemplate":"https:\/\/ml-locations.be\/nl\/?s={search_term_string}"},"query-input":{"@type":"PropertyValueSpecification","valueRequired":true,"valueName":"search_term_string"}}],"inLanguage":"nl-NL"},{"@type":"Organization","@id":"https:\/\/ml-locations.be\/nl\/#organization","name":"ML Locations","url":"https:\/\/ml-locations.be\/nl\/","logo":{"@type":"ImageObject","inLanguage":"nl-NL","@id":"https:\/\/ml-locations.be\/nl\/#\/schema\/logo\/image\/","url":"https:\/\/ml-locations.be\/wp-content\/uploads\/2018\/05\/LOGO-location-BON.png","contentUrl":"https:\/\/ml-locations.be\/wp-content\/uploads\/2018\/05\/LOGO-location-BON.png","width":1200,"height":1200,"caption":"ML Locations"},"image":{"@id":"https:\/\/ml-locations.be\/nl\/#\/schema\/logo\/image\/"}}]}},"_links":{"self":[{"href":"https:\/\/ml-locations.be\/nl\/wp-json\/wp\/v2\/product\/1675","targetHints":{"allow":["GET"]}}],"collection":[{"href":"https:\/\/ml-locations.be\/nl\/wp-json\/wp\/v2\/product"}],"about":[{"href":"https:\/\/ml-locations.be\/nl\/wp-json\/wp\/v2\/types\/product"}],"wp:featuredmedia":[{"embeddable":true,"href":"https:\/\/ml-locations.be\/nl\/wp-json\/wp\/v2\/media\/2175"}],"wp:attachment":[{"href":"https:\/\/ml-locations.be\/nl\/wp-json\/wp\/v2\/media?parent=1675"}],"wp:term":[{"taxonomy":"product_brand","embeddable":true,"href":"https:\/\/ml-locations.be\/nl\/wp-json\/wp\/v2\/product_brand?post=1675"},{"taxonomy":"product_cat","embeddable":true,"href":"https:\/\/ml-locations.be\/nl\/wp-json\/wp\/v2\/product_cat?post=1675"},{"taxonomy":"product_tag","embeddable":true,"href":"https:\/\/ml-locations.be\/nl\/wp-json\/wp\/v2\/product_tag?post=1675"}],"curies":[{"name":"wp","href":"https:\/\/api.w.org\/{rel}","templated":true}]}}