{"id":1677,"date":"2017-04-11T14:33:06","date_gmt":"2017-04-11T12:33:06","guid":{"rendered":"https:\/\/www.ml-locations.be\/\/locations\/flute-a-champagne-elegance\/"},"modified":"2026-01-14T15:16:46","modified_gmt":"2026-01-14T14:16:46","slug":"flute-a-champagne-elegance","status":"publish","type":"product","link":"https:\/\/ml-locations.be\/nl\/locations\/flute-a-champagne-elegance\/","title":{"rendered":"Verres \u00e0 Champagne &#8211; Fl\u00fbte Elegance (49 pi\u00e8ces)"},"content":{"rendered":"<p>Ces <strong>verres \u00e0 champagne en location<\/strong>\u00a0(fl\u00fbtes sur pied, 17 cl)\u00a0sont simples et raffin\u00e9s. Ils mesurent 17,5 cm de hauteur et ont une contenance de 17 cl. Ces verres \u00e0 Champagne en location sont parfaits pour le service du vin mousseux, d&#8217;ap\u00e9ritif et de Champagne. Les <strong>fl\u00fbtes en location<\/strong> sont livr\u00e9es par\u00a0racks de 49 verres et peuvent \u00eatre rendus sales. ML Location s\u2019occupent du lavage des fl\u00fbtes et autres verres en location, pas de soucis \u00e0 vous faire. Pour la location de verres \u00e0 Champagne (fl\u00fbtes), ajoutez la quantit\u00e9 souhait\u00e9es dans votre panier et proc\u00e9dez \u00e0 la demande de devis.<\/p>\n<p>Le nombre de racks livr\u00e9s est d\u00e9termin\u00e9 en fonction du nombre de verres command\u00e9s. Ex\u00a0: 120 fl\u00fbtes command\u00e9es = 3 racks de 49 fl\u00fbtes (147 fl\u00fbtes re\u00e7ues et factur\u00e9es). 80 fl\u00fbtes command\u00e9es = 2 racks de 49 fl\u00fbtes (72 fl\u00fbtes re\u00e7ues et factur\u00e9es).<\/p>\n<p>Les verres \u00e0 Champagne non-rendus (cass\u00e9s ou perdus) vous sont factur\u00e9s en fin de <strong>location<\/strong>.<\/p>\n<p>Dimensions et caract\u00e9ristiques des <strong>verres \u00e0 mousseux en location<\/strong> :<\/p>\n<ul>\n<li>Diam\u00e8tre\u00a0: 5,8 cm,<\/li>\n<li>Hauteur\u00a0: 17,5 cm,<\/li>\n<li>Type\u00a0: verre \u00e0 vin ,<\/li>\n<li>Poids\u00a0: 36 grammes,<\/li>\n<li>Marque\u00a0: Arcoroc,<\/li>\n<li>Mati\u00e8re\u00a0: Verre sodocalcique.<\/li>\n<\/ul>\n<p>N&#8217;h\u00e9sitez pas \u00e0 nous contactez pour la <strong>location de verres<\/strong> pour vos \u00e9v\u00e9nements (verres \u00e0 vin, long drink, verres \u00e0 bi\u00e8re,..).<\/p>\n","protected":false},"excerpt":{"rendered":"<p><strong>Verres \u00e0 Champagne en location\u00a0<\/strong>(fl\u00fbte \u00e0 champagne d\u2019une contenance de 17 cl) par racks de 49 fl\u00fbtes, pour vos <strong>banquets,<\/strong>\u00a0<strong>r\u00e9ceptions<\/strong> et autres\u00a0<strong>\u00e9v\u00e9nements<\/strong>. Les fl\u00fbtes et autres verres en location sont repris sales.\u00a0NB : commandes par rack de 49 fl\u00fbtes.<\/p>\n","protected":false},"featured_media":2764,"template":"","meta":{"_acf_changed":false},"product_brand":[],"product_cat":[29,32,209],"product_tag":[208,213,206,214],"class_list":{"0":"post-1677","1":"product","2":"type-product","3":"status-publish","4":"has-post-thumbnail","6":"product_cat-materiel-horeca-en-location","7":"product_cat-verres-en-location","8":"product_cat-produits-a-la-une","9":"product_tag-location-materiel-bar","10":"product_tag-location-de-materiel-de-reception-mariages","11":"product_tag-location-materiel-evenement-plein-air","12":"product_tag-location-materiel-banquet","13":"description-off","15":"first","16":"instock","17":"sale","18":"taxable","19":"shipping-taxable","20":"purchasable","21":"product-type-simple"},"acf":[],"yoast_head":"<!-- This site is optimized with the Yoast SEO plugin v25.0 - https:\/\/yoast.com\/wordpress\/plugins\/seo\/ -->\n<title>Location verres \u00e0 Champagne : fl\u00fbte Elegance 17 cl | ML Locations<\/title>\n<meta name=\"description\" content=\"Verres \u00e0 Champagne (fl\u00fbtes) en location pour vos \u00e9v\u00e9nements : mariages, banquets, soir\u00e9es. Devis rapide et gratuit - service de livraison.\" \/>\n<meta name=\"robots\" content=\"index, follow, max-snippet:-1, max-image-preview:large, max-video-preview:-1\" \/>\n<link rel=\"canonical\" href=\"https:\/\/ml-locations.be\/nl\/locations\/flute-a-champagne-elegance\/\" \/>\n<meta property=\"og:locale\" content=\"nl_NL\" \/>\n<meta property=\"og:type\" content=\"article\" \/>\n<meta property=\"og:title\" content=\"Location verres \u00e0 Champagne : fl\u00fbte Elegance 17 cl | ML Locations\" \/>\n<meta property=\"og:description\" content=\"Verres \u00e0 Champagne (fl\u00fbtes) en location pour vos \u00e9v\u00e9nements : mariages, banquets, soir\u00e9es. Devis rapide et gratuit - service de livraison.\" \/>\n<meta property=\"og:url\" content=\"https:\/\/ml-locations.be\/nl\/locations\/flute-a-champagne-elegance\/\" \/>\n<meta property=\"og:site_name\" content=\"ML Locations\" \/>\n<meta property=\"article:modified_time\" content=\"2026-01-14T14:16:46+00:00\" \/>\n<meta property=\"og:image\" content=\"https:\/\/ml-locations.be\/wp-content\/uploads\/2017\/04\/flutes-elegance.jpg\" \/>\n\t<meta property=\"og:image:width\" content=\"405\" \/>\n\t<meta property=\"og:image:height\" content=\"405\" \/>\n\t<meta property=\"og:image:type\" content=\"image\/jpeg\" \/>\n<meta name=\"twitter:card\" content=\"summary_large_image\" \/>\n<meta name=\"twitter:label1\" content=\"Geschatte leestijd\" \/>\n\t<meta name=\"twitter:data1\" content=\"2 minuten\" \/>\n<script type=\"application\/ld+json\" class=\"yoast-schema-graph\">{\"@context\":\"https:\/\/schema.org\",\"@graph\":[{\"@type\":\"WebPage\",\"@id\":\"https:\/\/ml-locations.be\/nl\/locations\/flute-a-champagne-elegance\/\",\"url\":\"https:\/\/ml-locations.be\/nl\/locations\/flute-a-champagne-elegance\/\",\"name\":\"Location verres \u00e0 Champagne : fl\u00fbte Elegance 17 cl | ML Locations\",\"isPartOf\":{\"@id\":\"https:\/\/ml-locations.be\/nl\/#website\"},\"primaryImageOfPage\":{\"@id\":\"https:\/\/ml-locations.be\/nl\/locations\/flute-a-champagne-elegance\/#primaryimage\"},\"image\":{\"@id\":\"https:\/\/ml-locations.be\/nl\/locations\/flute-a-champagne-elegance\/#primaryimage\"},\"thumbnailUrl\":\"https:\/\/ml-locations.be\/wp-content\/uploads\/2017\/04\/flutes-elegance.jpg\",\"datePublished\":\"2017-04-11T12:33:06+00:00\",\"dateModified\":\"2026-01-14T14:16:46+00:00\",\"description\":\"Verres \u00e0 Champagne (fl\u00fbtes) en location pour vos \u00e9v\u00e9nements : mariages, banquets, soir\u00e9es. Devis rapide et gratuit - service de livraison.\",\"breadcrumb\":{\"@id\":\"https:\/\/ml-locations.be\/nl\/locations\/flute-a-champagne-elegance\/#breadcrumb\"},\"inLanguage\":\"nl-NL\",\"potentialAction\":[{\"@type\":\"ReadAction\",\"target\":[\"https:\/\/ml-locations.be\/nl\/locations\/flute-a-champagne-elegance\/\"]}]},{\"@type\":\"ImageObject\",\"inLanguage\":\"nl-NL\",\"@id\":\"https:\/\/ml-locations.be\/nl\/locations\/flute-a-champagne-elegance\/#primaryimage\",\"url\":\"https:\/\/ml-locations.be\/wp-content\/uploads\/2017\/04\/flutes-elegance.jpg\",\"contentUrl\":\"https:\/\/ml-locations.be\/wp-content\/uploads\/2017\/04\/flutes-elegance.jpg\",\"width\":405,\"height\":405,\"caption\":\"fl\u00fbtes \u00e9l\u00e9gance \u00e0 la location\"},{\"@type\":\"BreadcrumbList\",\"@id\":\"https:\/\/ml-locations.be\/nl\/locations\/flute-a-champagne-elegance\/#breadcrumb\",\"itemListElement\":[{\"@type\":\"ListItem\",\"position\":1,\"name\":\"Accueil\",\"item\":\"https:\/\/ml-locations.be\/nl\/\"},{\"@type\":\"ListItem\",\"position\":2,\"name\":\"Winkel\",\"item\":\"https:\/\/ml-locations.be\/nl\/winkel\/\"},{\"@type\":\"ListItem\",\"position\":3,\"name\":\"Verres \u00e0 Champagne &#8211; Fl\u00fbte Elegance (49 pi\u00e8ces)\"}]},{\"@type\":\"WebSite\",\"@id\":\"https:\/\/ml-locations.be\/nl\/#website\",\"url\":\"https:\/\/ml-locations.be\/nl\/\",\"name\":\"ML Locations\",\"description\":\"Mat\u00e9riel \u00e9v\u00e9nementiel : location chaise, table et mange debout, mat\u00e9riel horeca, frigos,...\",\"publisher\":{\"@id\":\"https:\/\/ml-locations.be\/nl\/#organization\"},\"potentialAction\":[{\"@type\":\"SearchAction\",\"target\":{\"@type\":\"EntryPoint\",\"urlTemplate\":\"https:\/\/ml-locations.be\/nl\/?s={search_term_string}\"},\"query-input\":{\"@type\":\"PropertyValueSpecification\",\"valueRequired\":true,\"valueName\":\"search_term_string\"}}],\"inLanguage\":\"nl-NL\"},{\"@type\":\"Organization\",\"@id\":\"https:\/\/ml-locations.be\/nl\/#organization\",\"name\":\"ML Locations\",\"url\":\"https:\/\/ml-locations.be\/nl\/\",\"logo\":{\"@type\":\"ImageObject\",\"inLanguage\":\"nl-NL\",\"@id\":\"https:\/\/ml-locations.be\/nl\/#\/schema\/logo\/image\/\",\"url\":\"https:\/\/ml-locations.be\/wp-content\/uploads\/2018\/05\/LOGO-location-BON.png\",\"contentUrl\":\"https:\/\/ml-locations.be\/wp-content\/uploads\/2018\/05\/LOGO-location-BON.png\",\"width\":1200,\"height\":1200,\"caption\":\"ML Locations\"},\"image\":{\"@id\":\"https:\/\/ml-locations.be\/nl\/#\/schema\/logo\/image\/\"}}]}<\/script>\n<!-- \/ Yoast SEO plugin. -->","yoast_head_json":{"title":"Location verres \u00e0 Champagne : fl\u00fbte Elegance 17 cl | ML Locations","description":"Verres \u00e0 Champagne (fl\u00fbtes) en location pour vos \u00e9v\u00e9nements : mariages, banquets, soir\u00e9es. Devis rapide et gratuit - service de livraison.","robots":{"index":"index","follow":"follow","max-snippet":"max-snippet:-1","max-image-preview":"max-image-preview:large","max-video-preview":"max-video-preview:-1"},"canonical":"https:\/\/ml-locations.be\/nl\/locations\/flute-a-champagne-elegance\/","og_locale":"nl_NL","og_type":"article","og_title":"Location verres \u00e0 Champagne : fl\u00fbte Elegance 17 cl | ML Locations","og_description":"Verres \u00e0 Champagne (fl\u00fbtes) en location pour vos \u00e9v\u00e9nements : mariages, banquets, soir\u00e9es. Devis rapide et gratuit - service de livraison.","og_url":"https:\/\/ml-locations.be\/nl\/locations\/flute-a-champagne-elegance\/","og_site_name":"ML Locations","article_modified_time":"2026-01-14T14:16:46+00:00","og_image":[{"width":405,"height":405,"url":"https:\/\/ml-locations.be\/wp-content\/uploads\/2017\/04\/flutes-elegance.jpg","type":"image\/jpeg"}],"twitter_card":"summary_large_image","twitter_misc":{"Geschatte leestijd":"2 minuten"},"schema":{"@context":"https:\/\/schema.org","@graph":[{"@type":"WebPage","@id":"https:\/\/ml-locations.be\/nl\/locations\/flute-a-champagne-elegance\/","url":"https:\/\/ml-locations.be\/nl\/locations\/flute-a-champagne-elegance\/","name":"Location verres \u00e0 Champagne : fl\u00fbte Elegance 17 cl | ML Locations","isPartOf":{"@id":"https:\/\/ml-locations.be\/nl\/#website"},"primaryImageOfPage":{"@id":"https:\/\/ml-locations.be\/nl\/locations\/flute-a-champagne-elegance\/#primaryimage"},"image":{"@id":"https:\/\/ml-locations.be\/nl\/locations\/flute-a-champagne-elegance\/#primaryimage"},"thumbnailUrl":"https:\/\/ml-locations.be\/wp-content\/uploads\/2017\/04\/flutes-elegance.jpg","datePublished":"2017-04-11T12:33:06+00:00","dateModified":"2026-01-14T14:16:46+00:00","description":"Verres \u00e0 Champagne (fl\u00fbtes) en location pour vos \u00e9v\u00e9nements : mariages, banquets, soir\u00e9es. Devis rapide et gratuit - service de livraison.","breadcrumb":{"@id":"https:\/\/ml-locations.be\/nl\/locations\/flute-a-champagne-elegance\/#breadcrumb"},"inLanguage":"nl-NL","potentialAction":[{"@type":"ReadAction","target":["https:\/\/ml-locations.be\/nl\/locations\/flute-a-champagne-elegance\/"]}]},{"@type":"ImageObject","inLanguage":"nl-NL","@id":"https:\/\/ml-locations.be\/nl\/locations\/flute-a-champagne-elegance\/#primaryimage","url":"https:\/\/ml-locations.be\/wp-content\/uploads\/2017\/04\/flutes-elegance.jpg","contentUrl":"https:\/\/ml-locations.be\/wp-content\/uploads\/2017\/04\/flutes-elegance.jpg","width":405,"height":405,"caption":"fl\u00fbtes \u00e9l\u00e9gance \u00e0 la location"},{"@type":"BreadcrumbList","@id":"https:\/\/ml-locations.be\/nl\/locations\/flute-a-champagne-elegance\/#breadcrumb","itemListElement":[{"@type":"ListItem","position":1,"name":"Accueil","item":"https:\/\/ml-locations.be\/nl\/"},{"@type":"ListItem","position":2,"name":"Winkel","item":"https:\/\/ml-locations.be\/nl\/winkel\/"},{"@type":"ListItem","position":3,"name":"Verres \u00e0 Champagne &#8211; Fl\u00fbte Elegance (49 pi\u00e8ces)"}]},{"@type":"WebSite","@id":"https:\/\/ml-locations.be\/nl\/#website","url":"https:\/\/ml-locations.be\/nl\/","name":"ML Locations","description":"Mat\u00e9riel \u00e9v\u00e9nementiel : location chaise, table et mange debout, mat\u00e9riel horeca, frigos,...","publisher":{"@id":"https:\/\/ml-locations.be\/nl\/#organization"},"potentialAction":[{"@type":"SearchAction","target":{"@type":"EntryPoint","urlTemplate":"https:\/\/ml-locations.be\/nl\/?s={search_term_string}"},"query-input":{"@type":"PropertyValueSpecification","valueRequired":true,"valueName":"search_term_string"}}],"inLanguage":"nl-NL"},{"@type":"Organization","@id":"https:\/\/ml-locations.be\/nl\/#organization","name":"ML Locations","url":"https:\/\/ml-locations.be\/nl\/","logo":{"@type":"ImageObject","inLanguage":"nl-NL","@id":"https:\/\/ml-locations.be\/nl\/#\/schema\/logo\/image\/","url":"https:\/\/ml-locations.be\/wp-content\/uploads\/2018\/05\/LOGO-location-BON.png","contentUrl":"https:\/\/ml-locations.be\/wp-content\/uploads\/2018\/05\/LOGO-location-BON.png","width":1200,"height":1200,"caption":"ML Locations"},"image":{"@id":"https:\/\/ml-locations.be\/nl\/#\/schema\/logo\/image\/"}}]}},"_links":{"self":[{"href":"https:\/\/ml-locations.be\/nl\/wp-json\/wp\/v2\/product\/1677","targetHints":{"allow":["GET"]}}],"collection":[{"href":"https:\/\/ml-locations.be\/nl\/wp-json\/wp\/v2\/product"}],"about":[{"href":"https:\/\/ml-locations.be\/nl\/wp-json\/wp\/v2\/types\/product"}],"wp:featuredmedia":[{"embeddable":true,"href":"https:\/\/ml-locations.be\/nl\/wp-json\/wp\/v2\/media\/2764"}],"wp:attachment":[{"href":"https:\/\/ml-locations.be\/nl\/wp-json\/wp\/v2\/media?parent=1677"}],"wp:term":[{"taxonomy":"product_brand","embeddable":true,"href":"https:\/\/ml-locations.be\/nl\/wp-json\/wp\/v2\/product_brand?post=1677"},{"taxonomy":"product_cat","embeddable":true,"href":"https:\/\/ml-locations.be\/nl\/wp-json\/wp\/v2\/product_cat?post=1677"},{"taxonomy":"product_tag","embeddable":true,"href":"https:\/\/ml-locations.be\/nl\/wp-json\/wp\/v2\/product_tag?post=1677"}],"curies":[{"name":"wp","href":"https:\/\/api.w.org\/{rel}","templated":true}]}}