{"id":1678,"date":"2017-04-11T14:33:06","date_gmt":"2017-04-11T12:33:06","guid":{"rendered":"https:\/\/www.ml-locations.be\/\/locations\/verre-a-cocktail-jockey-16-pieces\/"},"modified":"2026-01-16T15:08:20","modified_gmt":"2026-01-16T14:08:20","slug":"location-verre-cocktail-jockey","status":"publish","type":"product","link":"https:\/\/ml-locations.be\/nl\/locations\/location-verre-cocktail-jockey\/","title":{"rendered":"Verre \u00e0 cocktail &#8211; Jockey (16 pi\u00e8ces)"},"content":{"rendered":"<p><strong>Verres \u00e0 cocktail\u00a0\u00e0 louer<\/strong>\u00a0(24,5 cl) parfaits pour le <strong>service de cocktails<\/strong> tels que des <strong>Margarita<\/strong>, <strong>Cosmopolitan<\/strong>,<strong> Bloody Mary<\/strong>, Manhattan ou encore <strong>Da\u00efquiri<\/strong>.<\/p>\n<p>Ce sont les verres parfait pour pr\u00e9parer des cocktails lors de vos r\u00e9ceptions, qu\u2019il s\u2019agisse d\u2019un <strong>mariage<\/strong>, d\u2019une f\u00eate d\u2019anniversaire,\u2026<\/p>\n<p>Ils sont repris sales apr\u00e8s votre \u00e9v\u00e9nement, sans risque de frais suppl\u00e9mentaires car le nettoyage est compris dans le prix de la <strong>location<\/strong>. Ces verres sont lou\u00e9s par rack entier de 16 pi\u00e8ces. Le nombre de racks livr\u00e9s d\u00e9pend du nombre de verres command\u00e9s.<\/p>\n<p><u>Ex: <\/u>25 verres \u00e0 cocktail command\u00e9s = 2 racks de 16 verres (= 32 verres \u00e0 cocktail) livr\u00e9s ET factur\u00e9s.<\/p>\n<p>Le remplacement des <strong>verres \u00e0 cocktail<\/strong> non-rendus en fin de location est factur\u00e9.<\/p>\n<p>D&#8217;autres verres (<a href=\"https:\/\/ml-locations.be\/locations\/flute-a-champagne-elegance\/\">fl\u00fbte \u00e0 champagne<\/a>, <a href=\"https:\/\/ml-locations.be\/locations\/location-verre-vin-rouge-elegance-19cl\/\">verres \u00e0 vin<\/a>, <a href=\"https:\/\/ml-locations.be\/locations\/location-verre-biere-25cl\/\">verres \u00e0 bi\u00e8re<\/a>,&#8230;) sont aussi disponible \u00e0 la location sur notre site.<\/p>\n","protected":false},"excerpt":{"rendered":"<p><strong>Verre \u00e0 cocktail<\/strong> ou <strong>verre Jockey<\/strong>\u00a0 en location d\u2019une contenance de 24,5 cl parfait pour le <strong>service de cocktail<\/strong> (<strong>Margarita<\/strong>, <strong>Cosmopolitan<\/strong>, Bloody Mary, Manhattan, <strong>Da\u00efquiri<\/strong>,\u2026) en tout genre lors de vos <strong>r\u00e9ceptions<\/strong>.\u00a0NB : commandes par rack de 16 verres.<\/p>\n","protected":false},"featured_media":2771,"template":"","meta":{"_acf_changed":false},"product_brand":[],"product_cat":[29,32],"product_tag":[208,213,214],"class_list":{"0":"post-1678","1":"product","2":"type-product","3":"status-publish","4":"has-post-thumbnail","6":"product_cat-materiel-horeca-en-location","7":"product_cat-verres-en-location","8":"product_tag-location-materiel-bar","9":"product_tag-location-de-materiel-de-reception-mariages","10":"product_tag-location-materiel-banquet","11":"description-off","13":"first","14":"instock","15":"taxable","16":"shipping-taxable","17":"purchasable","18":"product-type-simple"},"acf":[],"yoast_head":"<!-- This site is optimized with the Yoast SEO plugin v25.0 - https:\/\/yoast.com\/wordpress\/plugins\/seo\/ -->\n<title>Verres \u00e0 cocktail en location | ML Locations<\/title>\n<meta name=\"description\" content=\"Location de verres, vaisselles et autres mat\u00e9riels Horeca \u00e0 d\u00e9couvrir sur notre site. Livraison possible, devis gratuit !\" \/>\n<meta name=\"robots\" content=\"index, follow, max-snippet:-1, max-image-preview:large, max-video-preview:-1\" \/>\n<link rel=\"canonical\" href=\"https:\/\/ml-locations.be\/nl\/locations\/location-verre-cocktail-jockey\/\" \/>\n<meta property=\"og:locale\" content=\"nl_NL\" \/>\n<meta property=\"og:type\" content=\"article\" \/>\n<meta property=\"og:title\" content=\"Verres \u00e0 cocktail en location | ML Locations\" \/>\n<meta property=\"og:description\" content=\"Location de verres, vaisselles et autres mat\u00e9riels Horeca \u00e0 d\u00e9couvrir sur notre site. Livraison possible, devis gratuit !\" \/>\n<meta property=\"og:url\" content=\"https:\/\/ml-locations.be\/nl\/locations\/location-verre-cocktail-jockey\/\" \/>\n<meta property=\"og:site_name\" content=\"ML Locations\" \/>\n<meta property=\"article:modified_time\" content=\"2026-01-16T14:08:20+00:00\" \/>\n<meta property=\"og:image\" content=\"https:\/\/ml-locations.be\/wp-content\/uploads\/2017\/04\/verre-a-cocktail-2.jpg\" \/>\n\t<meta property=\"og:image:width\" content=\"1000\" \/>\n\t<meta property=\"og:image:height\" content=\"1000\" \/>\n\t<meta property=\"og:image:type\" content=\"image\/jpeg\" \/>\n<meta name=\"twitter:card\" content=\"summary_large_image\" \/>\n<meta name=\"twitter:label1\" content=\"Geschatte leestijd\" \/>\n\t<meta name=\"twitter:data1\" content=\"1 minuut\" \/>\n<script type=\"application\/ld+json\" class=\"yoast-schema-graph\">{\"@context\":\"https:\/\/schema.org\",\"@graph\":[{\"@type\":\"WebPage\",\"@id\":\"https:\/\/ml-locations.be\/nl\/locations\/location-verre-cocktail-jockey\/\",\"url\":\"https:\/\/ml-locations.be\/nl\/locations\/location-verre-cocktail-jockey\/\",\"name\":\"Verres \u00e0 cocktail en location | ML Locations\",\"isPartOf\":{\"@id\":\"https:\/\/ml-locations.be\/nl\/#website\"},\"primaryImageOfPage\":{\"@id\":\"https:\/\/ml-locations.be\/nl\/locations\/location-verre-cocktail-jockey\/#primaryimage\"},\"image\":{\"@id\":\"https:\/\/ml-locations.be\/nl\/locations\/location-verre-cocktail-jockey\/#primaryimage\"},\"thumbnailUrl\":\"https:\/\/ml-locations.be\/wp-content\/uploads\/2017\/04\/verre-a-cocktail-2.jpg\",\"datePublished\":\"2017-04-11T12:33:06+00:00\",\"dateModified\":\"2026-01-16T14:08:20+00:00\",\"description\":\"Location de verres, vaisselles et autres mat\u00e9riels Horeca \u00e0 d\u00e9couvrir sur notre site. Livraison possible, devis gratuit !\",\"breadcrumb\":{\"@id\":\"https:\/\/ml-locations.be\/nl\/locations\/location-verre-cocktail-jockey\/#breadcrumb\"},\"inLanguage\":\"nl-NL\",\"potentialAction\":[{\"@type\":\"ReadAction\",\"target\":[\"https:\/\/ml-locations.be\/nl\/locations\/location-verre-cocktail-jockey\/\"]}]},{\"@type\":\"ImageObject\",\"inLanguage\":\"nl-NL\",\"@id\":\"https:\/\/ml-locations.be\/nl\/locations\/location-verre-cocktail-jockey\/#primaryimage\",\"url\":\"https:\/\/ml-locations.be\/wp-content\/uploads\/2017\/04\/verre-a-cocktail-2.jpg\",\"contentUrl\":\"https:\/\/ml-locations.be\/wp-content\/uploads\/2017\/04\/verre-a-cocktail-2.jpg\",\"width\":1000,\"height\":1000,\"caption\":\"verre \u00e0 cocktail en location\"},{\"@type\":\"BreadcrumbList\",\"@id\":\"https:\/\/ml-locations.be\/nl\/locations\/location-verre-cocktail-jockey\/#breadcrumb\",\"itemListElement\":[{\"@type\":\"ListItem\",\"position\":1,\"name\":\"Accueil\",\"item\":\"https:\/\/ml-locations.be\/nl\/\"},{\"@type\":\"ListItem\",\"position\":2,\"name\":\"Winkel\",\"item\":\"https:\/\/ml-locations.be\/nl\/winkel\/\"},{\"@type\":\"ListItem\",\"position\":3,\"name\":\"Verre \u00e0 cocktail &#8211; Jockey (16 pi\u00e8ces)\"}]},{\"@type\":\"WebSite\",\"@id\":\"https:\/\/ml-locations.be\/nl\/#website\",\"url\":\"https:\/\/ml-locations.be\/nl\/\",\"name\":\"ML Locations\",\"description\":\"Mat\u00e9riel \u00e9v\u00e9nementiel : location chaise, table et mange debout, mat\u00e9riel horeca, frigos,...\",\"publisher\":{\"@id\":\"https:\/\/ml-locations.be\/nl\/#organization\"},\"potentialAction\":[{\"@type\":\"SearchAction\",\"target\":{\"@type\":\"EntryPoint\",\"urlTemplate\":\"https:\/\/ml-locations.be\/nl\/?s={search_term_string}\"},\"query-input\":{\"@type\":\"PropertyValueSpecification\",\"valueRequired\":true,\"valueName\":\"search_term_string\"}}],\"inLanguage\":\"nl-NL\"},{\"@type\":\"Organization\",\"@id\":\"https:\/\/ml-locations.be\/nl\/#organization\",\"name\":\"ML Locations\",\"url\":\"https:\/\/ml-locations.be\/nl\/\",\"logo\":{\"@type\":\"ImageObject\",\"inLanguage\":\"nl-NL\",\"@id\":\"https:\/\/ml-locations.be\/nl\/#\/schema\/logo\/image\/\",\"url\":\"https:\/\/ml-locations.be\/wp-content\/uploads\/2018\/05\/LOGO-location-BON.png\",\"contentUrl\":\"https:\/\/ml-locations.be\/wp-content\/uploads\/2018\/05\/LOGO-location-BON.png\",\"width\":1200,\"height\":1200,\"caption\":\"ML Locations\"},\"image\":{\"@id\":\"https:\/\/ml-locations.be\/nl\/#\/schema\/logo\/image\/\"}}]}<\/script>\n<!-- \/ Yoast SEO plugin. -->","yoast_head_json":{"title":"Verres \u00e0 cocktail en location | ML Locations","description":"Location de verres, vaisselles et autres mat\u00e9riels Horeca \u00e0 d\u00e9couvrir sur notre site. Livraison possible, devis gratuit !","robots":{"index":"index","follow":"follow","max-snippet":"max-snippet:-1","max-image-preview":"max-image-preview:large","max-video-preview":"max-video-preview:-1"},"canonical":"https:\/\/ml-locations.be\/nl\/locations\/location-verre-cocktail-jockey\/","og_locale":"nl_NL","og_type":"article","og_title":"Verres \u00e0 cocktail en location | ML Locations","og_description":"Location de verres, vaisselles et autres mat\u00e9riels Horeca \u00e0 d\u00e9couvrir sur notre site. Livraison possible, devis gratuit !","og_url":"https:\/\/ml-locations.be\/nl\/locations\/location-verre-cocktail-jockey\/","og_site_name":"ML Locations","article_modified_time":"2026-01-16T14:08:20+00:00","og_image":[{"width":1000,"height":1000,"url":"https:\/\/ml-locations.be\/wp-content\/uploads\/2017\/04\/verre-a-cocktail-2.jpg","type":"image\/jpeg"}],"twitter_card":"summary_large_image","twitter_misc":{"Geschatte leestijd":"1 minuut"},"schema":{"@context":"https:\/\/schema.org","@graph":[{"@type":"WebPage","@id":"https:\/\/ml-locations.be\/nl\/locations\/location-verre-cocktail-jockey\/","url":"https:\/\/ml-locations.be\/nl\/locations\/location-verre-cocktail-jockey\/","name":"Verres \u00e0 cocktail en location | ML Locations","isPartOf":{"@id":"https:\/\/ml-locations.be\/nl\/#website"},"primaryImageOfPage":{"@id":"https:\/\/ml-locations.be\/nl\/locations\/location-verre-cocktail-jockey\/#primaryimage"},"image":{"@id":"https:\/\/ml-locations.be\/nl\/locations\/location-verre-cocktail-jockey\/#primaryimage"},"thumbnailUrl":"https:\/\/ml-locations.be\/wp-content\/uploads\/2017\/04\/verre-a-cocktail-2.jpg","datePublished":"2017-04-11T12:33:06+00:00","dateModified":"2026-01-16T14:08:20+00:00","description":"Location de verres, vaisselles et autres mat\u00e9riels Horeca \u00e0 d\u00e9couvrir sur notre site. Livraison possible, devis gratuit !","breadcrumb":{"@id":"https:\/\/ml-locations.be\/nl\/locations\/location-verre-cocktail-jockey\/#breadcrumb"},"inLanguage":"nl-NL","potentialAction":[{"@type":"ReadAction","target":["https:\/\/ml-locations.be\/nl\/locations\/location-verre-cocktail-jockey\/"]}]},{"@type":"ImageObject","inLanguage":"nl-NL","@id":"https:\/\/ml-locations.be\/nl\/locations\/location-verre-cocktail-jockey\/#primaryimage","url":"https:\/\/ml-locations.be\/wp-content\/uploads\/2017\/04\/verre-a-cocktail-2.jpg","contentUrl":"https:\/\/ml-locations.be\/wp-content\/uploads\/2017\/04\/verre-a-cocktail-2.jpg","width":1000,"height":1000,"caption":"verre \u00e0 cocktail en location"},{"@type":"BreadcrumbList","@id":"https:\/\/ml-locations.be\/nl\/locations\/location-verre-cocktail-jockey\/#breadcrumb","itemListElement":[{"@type":"ListItem","position":1,"name":"Accueil","item":"https:\/\/ml-locations.be\/nl\/"},{"@type":"ListItem","position":2,"name":"Winkel","item":"https:\/\/ml-locations.be\/nl\/winkel\/"},{"@type":"ListItem","position":3,"name":"Verre \u00e0 cocktail &#8211; Jockey (16 pi\u00e8ces)"}]},{"@type":"WebSite","@id":"https:\/\/ml-locations.be\/nl\/#website","url":"https:\/\/ml-locations.be\/nl\/","name":"ML Locations","description":"Mat\u00e9riel \u00e9v\u00e9nementiel : location chaise, table et mange debout, mat\u00e9riel horeca, frigos,...","publisher":{"@id":"https:\/\/ml-locations.be\/nl\/#organization"},"potentialAction":[{"@type":"SearchAction","target":{"@type":"EntryPoint","urlTemplate":"https:\/\/ml-locations.be\/nl\/?s={search_term_string}"},"query-input":{"@type":"PropertyValueSpecification","valueRequired":true,"valueName":"search_term_string"}}],"inLanguage":"nl-NL"},{"@type":"Organization","@id":"https:\/\/ml-locations.be\/nl\/#organization","name":"ML Locations","url":"https:\/\/ml-locations.be\/nl\/","logo":{"@type":"ImageObject","inLanguage":"nl-NL","@id":"https:\/\/ml-locations.be\/nl\/#\/schema\/logo\/image\/","url":"https:\/\/ml-locations.be\/wp-content\/uploads\/2018\/05\/LOGO-location-BON.png","contentUrl":"https:\/\/ml-locations.be\/wp-content\/uploads\/2018\/05\/LOGO-location-BON.png","width":1200,"height":1200,"caption":"ML Locations"},"image":{"@id":"https:\/\/ml-locations.be\/nl\/#\/schema\/logo\/image\/"}}]}},"_links":{"self":[{"href":"https:\/\/ml-locations.be\/nl\/wp-json\/wp\/v2\/product\/1678","targetHints":{"allow":["GET"]}}],"collection":[{"href":"https:\/\/ml-locations.be\/nl\/wp-json\/wp\/v2\/product"}],"about":[{"href":"https:\/\/ml-locations.be\/nl\/wp-json\/wp\/v2\/types\/product"}],"wp:featuredmedia":[{"embeddable":true,"href":"https:\/\/ml-locations.be\/nl\/wp-json\/wp\/v2\/media\/2771"}],"wp:attachment":[{"href":"https:\/\/ml-locations.be\/nl\/wp-json\/wp\/v2\/media?parent=1678"}],"wp:term":[{"taxonomy":"product_brand","embeddable":true,"href":"https:\/\/ml-locations.be\/nl\/wp-json\/wp\/v2\/product_brand?post=1678"},{"taxonomy":"product_cat","embeddable":true,"href":"https:\/\/ml-locations.be\/nl\/wp-json\/wp\/v2\/product_cat?post=1678"},{"taxonomy":"product_tag","embeddable":true,"href":"https:\/\/ml-locations.be\/nl\/wp-json\/wp\/v2\/product_tag?post=1678"}],"curies":[{"name":"wp","href":"https:\/\/api.w.org\/{rel}","templated":true}]}}