{"id":1681,"date":"2017-04-11T14:33:06","date_gmt":"2017-04-11T12:33:06","guid":{"rendered":"https:\/\/www.ml-locations.be\/\/locations\/verre-a-bourgogne-16-pieces\/"},"modified":"2026-01-14T15:13:42","modified_gmt":"2026-01-14T14:13:42","slug":"verre-a-bourgogne-16-pieces","status":"publish","type":"product","link":"https:\/\/ml-locations.be\/nl\/locations\/verre-a-bourgogne-16-pieces\/","title":{"rendered":"Verre \u00e0 Bourgogne (16 pi\u00e8ces)"},"content":{"rendered":"<p><strong>Verres \u00e0 Bourgogne \u00e0 louer<\/strong>\u00a0(40 cl) sont destin\u00e9s au <strong>service de vin<\/strong> \u00e0 base de <strong>Pinot noir<\/strong> mais servent aussi r\u00e9guli\u00e8rement \u00e0 la pr\u00e9paration de <strong>cocktails<\/strong> tels que des Mojitos, Pina Colada ou Sex on the Beach.<\/p>\n<p>Louez\u00a0les verres indispensables \u00e0 n\u2019importe quelle <strong>r\u00e9ception<\/strong>. Qu\u2019il s\u2019agisse d\u2019un mariage, d\u2019une f\u00eate d\u2019anniversaire, d\u2019une conf\u00e9rence,\u2026<\/p>\n<p>Ces <strong>verres en location<\/strong> peuvent \u00e9galement \u00eatre rendus sales, apr\u00e8s votre \u00e9v\u00e9nement, sans frais suppl\u00e9mentaires car le nettoyage est compris dans le prix de la location. Ces verres sont lou\u00e9s par rack entier de 16 pi\u00e8ces. Le nombre de racks livr\u00e9s d\u00e9pend du nombre de verres command\u00e9s.<\/p>\n<p><u>Ex: <\/u>25 verres \u00e0 Bourgogne command\u00e9s = 2 racks de 16 verres (= 32 verres \u00e0 Bourgogne) livr\u00e9s ET factur\u00e9s.<\/p>\n<p>Le remplacement des verres \u00e0 Bourgogne non-rendus en fin de <strong>location<\/strong> est factur\u00e9.<\/p>\n<p>N\u2019h\u00e9sitez pas \u00e0 nous contactez pour la <a href=\"https:\/\/ml-locations.be\/location\/materiel-horeca-en-location\/verres-en-location\/\"><strong>location de verres<\/strong><\/a> (verres \u00e0 vin, long drink, verres \u00e0 bi\u00e8re,..) pour vos \u00e9v\u00e9nements .<\/p>\n","protected":false},"excerpt":{"rendered":"<p><strong>Verre \u00e0 Bourgogne\u00a0en location<\/strong> d\u2019une contenance de 40cl destin\u00e9 au <strong>service de vin<\/strong> \u00e0 base de <strong>Pinot Noir<\/strong> mais servant aussi r\u00e9guli\u00e8rement au service de <strong>cocktail<\/strong> en tout genre (Mojito, Pina Colada, Sex on the Beach,\u2026) lors de vos <strong>r\u00e9ceptions<\/strong>.\u00a0NB : commandes par rack de 16 verres.<\/p>\n","protected":false},"featured_media":2784,"template":"","meta":{"_acf_changed":false},"product_brand":[],"product_cat":[29,32],"product_tag":[214],"class_list":{"0":"post-1681","1":"product","2":"type-product","3":"status-publish","4":"has-post-thumbnail","6":"product_cat-materiel-horeca-en-location","7":"product_cat-verres-en-location","8":"product_tag-location-materiel-banquet","9":"description-off","11":"first","12":"instock","13":"taxable","14":"shipping-taxable","15":"purchasable","16":"product-type-simple"},"acf":[],"yoast_head":"<!-- This site is optimized with the Yoast SEO plugin v25.0 - https:\/\/yoast.com\/wordpress\/plugins\/seo\/ -->\n<title>Location de verres \u00e0 Bourgogne | ML Locations<\/title>\n<meta name=\"description\" content=\"Louez des verres ou de la vaisselles pour vos banquets, r\u00e9ceptions et autres \u00e9v\u00e9nements.\" \/>\n<meta name=\"robots\" content=\"index, follow, max-snippet:-1, max-image-preview:large, max-video-preview:-1\" \/>\n<link rel=\"canonical\" href=\"https:\/\/ml-locations.be\/nl\/locations\/verre-a-bourgogne-16-pieces\/\" \/>\n<meta property=\"og:locale\" content=\"nl_NL\" \/>\n<meta property=\"og:type\" content=\"article\" \/>\n<meta property=\"og:title\" content=\"Location de verres \u00e0 Bourgogne | ML Locations\" \/>\n<meta property=\"og:description\" content=\"Louez des verres ou de la vaisselles pour vos banquets, r\u00e9ceptions et autres \u00e9v\u00e9nements.\" \/>\n<meta property=\"og:url\" content=\"https:\/\/ml-locations.be\/nl\/locations\/verre-a-bourgogne-16-pieces\/\" \/>\n<meta property=\"og:site_name\" content=\"ML Locations\" \/>\n<meta property=\"article:modified_time\" content=\"2026-01-14T14:13:42+00:00\" \/>\n<meta property=\"og:image\" content=\"https:\/\/ml-locations.be\/wp-content\/uploads\/2017\/04\/verre-a-bourgogne.jpg\" \/>\n\t<meta property=\"og:image:width\" content=\"1000\" \/>\n\t<meta property=\"og:image:height\" content=\"1000\" \/>\n\t<meta property=\"og:image:type\" content=\"image\/jpeg\" \/>\n<meta name=\"twitter:card\" content=\"summary_large_image\" \/>\n<meta name=\"twitter:label1\" content=\"Geschatte leestijd\" \/>\n\t<meta name=\"twitter:data1\" content=\"1 minuut\" \/>\n<script type=\"application\/ld+json\" class=\"yoast-schema-graph\">{\"@context\":\"https:\/\/schema.org\",\"@graph\":[{\"@type\":\"WebPage\",\"@id\":\"https:\/\/ml-locations.be\/nl\/locations\/verre-a-bourgogne-16-pieces\/\",\"url\":\"https:\/\/ml-locations.be\/nl\/locations\/verre-a-bourgogne-16-pieces\/\",\"name\":\"Location de verres \u00e0 Bourgogne | ML Locations\",\"isPartOf\":{\"@id\":\"https:\/\/ml-locations.be\/nl\/#website\"},\"primaryImageOfPage\":{\"@id\":\"https:\/\/ml-locations.be\/nl\/locations\/verre-a-bourgogne-16-pieces\/#primaryimage\"},\"image\":{\"@id\":\"https:\/\/ml-locations.be\/nl\/locations\/verre-a-bourgogne-16-pieces\/#primaryimage\"},\"thumbnailUrl\":\"https:\/\/ml-locations.be\/wp-content\/uploads\/2017\/04\/verre-a-bourgogne.jpg\",\"datePublished\":\"2017-04-11T12:33:06+00:00\",\"dateModified\":\"2026-01-14T14:13:42+00:00\",\"description\":\"Louez des verres ou de la vaisselles pour vos banquets, r\u00e9ceptions et autres \u00e9v\u00e9nements.\",\"breadcrumb\":{\"@id\":\"https:\/\/ml-locations.be\/nl\/locations\/verre-a-bourgogne-16-pieces\/#breadcrumb\"},\"inLanguage\":\"nl-NL\",\"potentialAction\":[{\"@type\":\"ReadAction\",\"target\":[\"https:\/\/ml-locations.be\/nl\/locations\/verre-a-bourgogne-16-pieces\/\"]}]},{\"@type\":\"ImageObject\",\"inLanguage\":\"nl-NL\",\"@id\":\"https:\/\/ml-locations.be\/nl\/locations\/verre-a-bourgogne-16-pieces\/#primaryimage\",\"url\":\"https:\/\/ml-locations.be\/wp-content\/uploads\/2017\/04\/verre-a-bourgogne.jpg\",\"contentUrl\":\"https:\/\/ml-locations.be\/wp-content\/uploads\/2017\/04\/verre-a-bourgogne.jpg\",\"width\":1000,\"height\":1000,\"caption\":\"Verre \u00e0 Bourgogne en location\"},{\"@type\":\"BreadcrumbList\",\"@id\":\"https:\/\/ml-locations.be\/nl\/locations\/verre-a-bourgogne-16-pieces\/#breadcrumb\",\"itemListElement\":[{\"@type\":\"ListItem\",\"position\":1,\"name\":\"Accueil\",\"item\":\"https:\/\/ml-locations.be\/nl\/\"},{\"@type\":\"ListItem\",\"position\":2,\"name\":\"Winkel\",\"item\":\"https:\/\/ml-locations.be\/nl\/winkel\/\"},{\"@type\":\"ListItem\",\"position\":3,\"name\":\"Verre \u00e0 Bourgogne (16 pi\u00e8ces)\"}]},{\"@type\":\"WebSite\",\"@id\":\"https:\/\/ml-locations.be\/nl\/#website\",\"url\":\"https:\/\/ml-locations.be\/nl\/\",\"name\":\"ML Locations\",\"description\":\"Mat\u00e9riel \u00e9v\u00e9nementiel : location chaise, table et mange debout, mat\u00e9riel horeca, frigos,...\",\"publisher\":{\"@id\":\"https:\/\/ml-locations.be\/nl\/#organization\"},\"potentialAction\":[{\"@type\":\"SearchAction\",\"target\":{\"@type\":\"EntryPoint\",\"urlTemplate\":\"https:\/\/ml-locations.be\/nl\/?s={search_term_string}\"},\"query-input\":{\"@type\":\"PropertyValueSpecification\",\"valueRequired\":true,\"valueName\":\"search_term_string\"}}],\"inLanguage\":\"nl-NL\"},{\"@type\":\"Organization\",\"@id\":\"https:\/\/ml-locations.be\/nl\/#organization\",\"name\":\"ML Locations\",\"url\":\"https:\/\/ml-locations.be\/nl\/\",\"logo\":{\"@type\":\"ImageObject\",\"inLanguage\":\"nl-NL\",\"@id\":\"https:\/\/ml-locations.be\/nl\/#\/schema\/logo\/image\/\",\"url\":\"https:\/\/ml-locations.be\/wp-content\/uploads\/2018\/05\/LOGO-location-BON.png\",\"contentUrl\":\"https:\/\/ml-locations.be\/wp-content\/uploads\/2018\/05\/LOGO-location-BON.png\",\"width\":1200,\"height\":1200,\"caption\":\"ML Locations\"},\"image\":{\"@id\":\"https:\/\/ml-locations.be\/nl\/#\/schema\/logo\/image\/\"}}]}<\/script>\n<!-- \/ Yoast SEO plugin. -->","yoast_head_json":{"title":"Location de verres \u00e0 Bourgogne | ML Locations","description":"Louez des verres ou de la vaisselles pour vos banquets, r\u00e9ceptions et autres \u00e9v\u00e9nements.","robots":{"index":"index","follow":"follow","max-snippet":"max-snippet:-1","max-image-preview":"max-image-preview:large","max-video-preview":"max-video-preview:-1"},"canonical":"https:\/\/ml-locations.be\/nl\/locations\/verre-a-bourgogne-16-pieces\/","og_locale":"nl_NL","og_type":"article","og_title":"Location de verres \u00e0 Bourgogne | ML Locations","og_description":"Louez des verres ou de la vaisselles pour vos banquets, r\u00e9ceptions et autres \u00e9v\u00e9nements.","og_url":"https:\/\/ml-locations.be\/nl\/locations\/verre-a-bourgogne-16-pieces\/","og_site_name":"ML Locations","article_modified_time":"2026-01-14T14:13:42+00:00","og_image":[{"width":1000,"height":1000,"url":"https:\/\/ml-locations.be\/wp-content\/uploads\/2017\/04\/verre-a-bourgogne.jpg","type":"image\/jpeg"}],"twitter_card":"summary_large_image","twitter_misc":{"Geschatte leestijd":"1 minuut"},"schema":{"@context":"https:\/\/schema.org","@graph":[{"@type":"WebPage","@id":"https:\/\/ml-locations.be\/nl\/locations\/verre-a-bourgogne-16-pieces\/","url":"https:\/\/ml-locations.be\/nl\/locations\/verre-a-bourgogne-16-pieces\/","name":"Location de verres \u00e0 Bourgogne | ML Locations","isPartOf":{"@id":"https:\/\/ml-locations.be\/nl\/#website"},"primaryImageOfPage":{"@id":"https:\/\/ml-locations.be\/nl\/locations\/verre-a-bourgogne-16-pieces\/#primaryimage"},"image":{"@id":"https:\/\/ml-locations.be\/nl\/locations\/verre-a-bourgogne-16-pieces\/#primaryimage"},"thumbnailUrl":"https:\/\/ml-locations.be\/wp-content\/uploads\/2017\/04\/verre-a-bourgogne.jpg","datePublished":"2017-04-11T12:33:06+00:00","dateModified":"2026-01-14T14:13:42+00:00","description":"Louez des verres ou de la vaisselles pour vos banquets, r\u00e9ceptions et autres \u00e9v\u00e9nements.","breadcrumb":{"@id":"https:\/\/ml-locations.be\/nl\/locations\/verre-a-bourgogne-16-pieces\/#breadcrumb"},"inLanguage":"nl-NL","potentialAction":[{"@type":"ReadAction","target":["https:\/\/ml-locations.be\/nl\/locations\/verre-a-bourgogne-16-pieces\/"]}]},{"@type":"ImageObject","inLanguage":"nl-NL","@id":"https:\/\/ml-locations.be\/nl\/locations\/verre-a-bourgogne-16-pieces\/#primaryimage","url":"https:\/\/ml-locations.be\/wp-content\/uploads\/2017\/04\/verre-a-bourgogne.jpg","contentUrl":"https:\/\/ml-locations.be\/wp-content\/uploads\/2017\/04\/verre-a-bourgogne.jpg","width":1000,"height":1000,"caption":"Verre \u00e0 Bourgogne en location"},{"@type":"BreadcrumbList","@id":"https:\/\/ml-locations.be\/nl\/locations\/verre-a-bourgogne-16-pieces\/#breadcrumb","itemListElement":[{"@type":"ListItem","position":1,"name":"Accueil","item":"https:\/\/ml-locations.be\/nl\/"},{"@type":"ListItem","position":2,"name":"Winkel","item":"https:\/\/ml-locations.be\/nl\/winkel\/"},{"@type":"ListItem","position":3,"name":"Verre \u00e0 Bourgogne (16 pi\u00e8ces)"}]},{"@type":"WebSite","@id":"https:\/\/ml-locations.be\/nl\/#website","url":"https:\/\/ml-locations.be\/nl\/","name":"ML Locations","description":"Mat\u00e9riel \u00e9v\u00e9nementiel : location chaise, table et mange debout, mat\u00e9riel horeca, frigos,...","publisher":{"@id":"https:\/\/ml-locations.be\/nl\/#organization"},"potentialAction":[{"@type":"SearchAction","target":{"@type":"EntryPoint","urlTemplate":"https:\/\/ml-locations.be\/nl\/?s={search_term_string}"},"query-input":{"@type":"PropertyValueSpecification","valueRequired":true,"valueName":"search_term_string"}}],"inLanguage":"nl-NL"},{"@type":"Organization","@id":"https:\/\/ml-locations.be\/nl\/#organization","name":"ML Locations","url":"https:\/\/ml-locations.be\/nl\/","logo":{"@type":"ImageObject","inLanguage":"nl-NL","@id":"https:\/\/ml-locations.be\/nl\/#\/schema\/logo\/image\/","url":"https:\/\/ml-locations.be\/wp-content\/uploads\/2018\/05\/LOGO-location-BON.png","contentUrl":"https:\/\/ml-locations.be\/wp-content\/uploads\/2018\/05\/LOGO-location-BON.png","width":1200,"height":1200,"caption":"ML Locations"},"image":{"@id":"https:\/\/ml-locations.be\/nl\/#\/schema\/logo\/image\/"}}]}},"_links":{"self":[{"href":"https:\/\/ml-locations.be\/nl\/wp-json\/wp\/v2\/product\/1681","targetHints":{"allow":["GET"]}}],"collection":[{"href":"https:\/\/ml-locations.be\/nl\/wp-json\/wp\/v2\/product"}],"about":[{"href":"https:\/\/ml-locations.be\/nl\/wp-json\/wp\/v2\/types\/product"}],"wp:featuredmedia":[{"embeddable":true,"href":"https:\/\/ml-locations.be\/nl\/wp-json\/wp\/v2\/media\/2784"}],"wp:attachment":[{"href":"https:\/\/ml-locations.be\/nl\/wp-json\/wp\/v2\/media?parent=1681"}],"wp:term":[{"taxonomy":"product_brand","embeddable":true,"href":"https:\/\/ml-locations.be\/nl\/wp-json\/wp\/v2\/product_brand?post=1681"},{"taxonomy":"product_cat","embeddable":true,"href":"https:\/\/ml-locations.be\/nl\/wp-json\/wp\/v2\/product_cat?post=1681"},{"taxonomy":"product_tag","embeddable":true,"href":"https:\/\/ml-locations.be\/nl\/wp-json\/wp\/v2\/product_tag?post=1681"}],"curies":[{"name":"wp","href":"https:\/\/api.w.org\/{rel}","templated":true}]}}