{"id":1682,"date":"2017-04-11T14:33:06","date_gmt":"2017-04-11T12:33:06","guid":{"rendered":"https:\/\/www.ml-locations.be\/\/locations\/poele-a-paella-1-m-bec\/"},"modified":"2018-05-17T16:35:33","modified_gmt":"2018-05-17T14:35:33","slug":"location-poele-paella-90cm","status":"publish","type":"product","link":"https:\/\/ml-locations.be\/nl\/locations\/location-poele-paella-90cm\/","title":{"rendered":"Po\u00eale \u00e0 pa\u00eblla 90 cm + r\u00e9chaud \u00e0 gaz"},"content":{"rendered":"<p>Cette <strong>po\u00eale \u00e0 paella<\/strong>\u00a0<strong>en location<\/strong> convient pour la pr\u00e9paration de vos\u00a0<strong>paellas,<\/strong>\u00a0<strong>tartiflettes<\/strong>, <strong>chili con carne<\/strong>, <strong>wok avec d\u00e9s de poulet<\/strong>,\u2026 Elle est id\u00e9ale pour vos <strong>banquets<\/strong>,\u00a0r\u00e9ceptions, anniversaires, communions,\u2026 Lors de la location de la po\u00eale \u00e0 paella, vous recevez la po\u00eale \u00e0 paella, le r\u00e9chaud \u00e0 gaz et une bonbonne de gaz. Une bonbonne de gaz est fournie et comprise dans le prix de la location.<\/p>\n<p>Dimension de la po\u00eale \u00e0 paella en location :<\/p>\n<ul>\n<li>Diam\u00e8tre : 90 cm<\/li>\n<\/ul>\n","protected":false},"excerpt":{"rendered":"<p><strong>Po\u00eale \u00e0 paella<\/strong>\u00a0<strong>\u00e0 louer<\/strong> (90 cm), gr\u00e2ce \u00e0 cet ustensile vous pouvez faire \u00e0 manger pour plus de 50 personnes lors de vos <strong>\u00e9v\u00e9nements<\/strong>,\u00a0<strong>d\u00eener\u00a0de mariage<\/strong>, <strong>f\u00eate d&#8217;anniversaire<\/strong>,&#8230; ! Elle est fournie avec son <strong>r\u00e9chaud \u00e0 gaz et une bonbonne de gaz.\u00a0<\/strong><\/p>\n","protected":false},"featured_media":2758,"template":"","meta":{"_acf_changed":false},"product_brand":[],"product_cat":[29,34],"product_tag":[],"class_list":{"0":"post-1682","1":"product","2":"type-product","3":"status-publish","4":"has-post-thumbnail","6":"product_cat-materiel-horeca-en-location","7":"product_cat-location-materiel-cuisine-et-buffet","8":"description-off","10":"first","11":"instock","12":"taxable","13":"shipping-taxable","14":"purchasable","15":"product-type-simple"},"acf":[],"yoast_head":"<!-- This site is optimized with the Yoast SEO plugin v25.0 - https:\/\/yoast.com\/wordpress\/plugins\/seo\/ -->\n<title>Po\u00eale \u00e0 paella en location : po\u00eale 90 cm + r\u00e9chaud gaz | ML Locations<\/title>\n<meta name=\"description\" content=\"Louez cette po\u00eale \u00e0 paella de 90cm (environ 50 personnes) pour vos \u00e9v\u00e9nements. Autres appareils Horeca disponibles (bain-marie,...).\" \/>\n<meta name=\"robots\" content=\"index, follow, max-snippet:-1, max-image-preview:large, max-video-preview:-1\" \/>\n<link rel=\"canonical\" href=\"https:\/\/ml-locations.be\/nl\/locations\/location-poele-paella-90cm\/\" \/>\n<meta property=\"og:locale\" content=\"nl_NL\" \/>\n<meta property=\"og:type\" content=\"article\" \/>\n<meta property=\"og:title\" content=\"Po\u00eale \u00e0 paella en location : po\u00eale 90 cm + r\u00e9chaud gaz | ML Locations\" \/>\n<meta property=\"og:description\" content=\"Louez cette po\u00eale \u00e0 paella de 90cm (environ 50 personnes) pour vos \u00e9v\u00e9nements. Autres appareils Horeca disponibles (bain-marie,...).\" \/>\n<meta property=\"og:url\" content=\"https:\/\/ml-locations.be\/nl\/locations\/location-poele-paella-90cm\/\" \/>\n<meta property=\"og:site_name\" content=\"ML Locations\" \/>\n<meta property=\"article:modified_time\" content=\"2018-05-17T14:35:33+00:00\" \/>\n<meta property=\"og:image\" content=\"https:\/\/ml-locations.be\/wp-content\/uploads\/2017\/04\/Poelle-a-paella.jpeg\" \/>\n\t<meta property=\"og:image:width\" content=\"1000\" \/>\n\t<meta property=\"og:image:height\" content=\"1000\" \/>\n\t<meta property=\"og:image:type\" content=\"image\/jpeg\" \/>\n<meta name=\"twitter:card\" content=\"summary_large_image\" \/>\n<script type=\"application\/ld+json\" class=\"yoast-schema-graph\">{\"@context\":\"https:\/\/schema.org\",\"@graph\":[{\"@type\":\"WebPage\",\"@id\":\"https:\/\/ml-locations.be\/nl\/locations\/location-poele-paella-90cm\/\",\"url\":\"https:\/\/ml-locations.be\/nl\/locations\/location-poele-paella-90cm\/\",\"name\":\"Po\u00eale \u00e0 paella en location : po\u00eale 90 cm + r\u00e9chaud gaz | ML Locations\",\"isPartOf\":{\"@id\":\"https:\/\/ml-locations.be\/nl\/#website\"},\"primaryImageOfPage\":{\"@id\":\"https:\/\/ml-locations.be\/nl\/locations\/location-poele-paella-90cm\/#primaryimage\"},\"image\":{\"@id\":\"https:\/\/ml-locations.be\/nl\/locations\/location-poele-paella-90cm\/#primaryimage\"},\"thumbnailUrl\":\"https:\/\/ml-locations.be\/wp-content\/uploads\/2017\/04\/Poelle-a-paella.jpeg\",\"datePublished\":\"2017-04-11T12:33:06+00:00\",\"dateModified\":\"2018-05-17T14:35:33+00:00\",\"description\":\"Louez cette po\u00eale \u00e0 paella de 90cm (environ 50 personnes) pour vos \u00e9v\u00e9nements. Autres appareils Horeca disponibles (bain-marie,...).\",\"breadcrumb\":{\"@id\":\"https:\/\/ml-locations.be\/nl\/locations\/location-poele-paella-90cm\/#breadcrumb\"},\"inLanguage\":\"nl-NL\",\"potentialAction\":[{\"@type\":\"ReadAction\",\"target\":[\"https:\/\/ml-locations.be\/nl\/locations\/location-poele-paella-90cm\/\"]}]},{\"@type\":\"ImageObject\",\"inLanguage\":\"nl-NL\",\"@id\":\"https:\/\/ml-locations.be\/nl\/locations\/location-poele-paella-90cm\/#primaryimage\",\"url\":\"https:\/\/ml-locations.be\/wp-content\/uploads\/2017\/04\/Poelle-a-paella.jpeg\",\"contentUrl\":\"https:\/\/ml-locations.be\/wp-content\/uploads\/2017\/04\/Poelle-a-paella.jpeg\",\"width\":1000,\"height\":1000,\"caption\":\"Po\u00eale a\u0300 pa\u00eblla en location\"},{\"@type\":\"BreadcrumbList\",\"@id\":\"https:\/\/ml-locations.be\/nl\/locations\/location-poele-paella-90cm\/#breadcrumb\",\"itemListElement\":[{\"@type\":\"ListItem\",\"position\":1,\"name\":\"Accueil\",\"item\":\"https:\/\/ml-locations.be\/nl\/\"},{\"@type\":\"ListItem\",\"position\":2,\"name\":\"Winkel\",\"item\":\"https:\/\/ml-locations.be\/nl\/winkel\/\"},{\"@type\":\"ListItem\",\"position\":3,\"name\":\"Po\u00eale \u00e0 pa\u00eblla 90 cm + r\u00e9chaud \u00e0 gaz\"}]},{\"@type\":\"WebSite\",\"@id\":\"https:\/\/ml-locations.be\/nl\/#website\",\"url\":\"https:\/\/ml-locations.be\/nl\/\",\"name\":\"ML Locations\",\"description\":\"Mat\u00e9riel \u00e9v\u00e9nementiel : location chaise, table et mange debout, mat\u00e9riel horeca, frigos,...\",\"publisher\":{\"@id\":\"https:\/\/ml-locations.be\/nl\/#organization\"},\"potentialAction\":[{\"@type\":\"SearchAction\",\"target\":{\"@type\":\"EntryPoint\",\"urlTemplate\":\"https:\/\/ml-locations.be\/nl\/?s={search_term_string}\"},\"query-input\":{\"@type\":\"PropertyValueSpecification\",\"valueRequired\":true,\"valueName\":\"search_term_string\"}}],\"inLanguage\":\"nl-NL\"},{\"@type\":\"Organization\",\"@id\":\"https:\/\/ml-locations.be\/nl\/#organization\",\"name\":\"ML Locations\",\"url\":\"https:\/\/ml-locations.be\/nl\/\",\"logo\":{\"@type\":\"ImageObject\",\"inLanguage\":\"nl-NL\",\"@id\":\"https:\/\/ml-locations.be\/nl\/#\/schema\/logo\/image\/\",\"url\":\"https:\/\/ml-locations.be\/wp-content\/uploads\/2018\/05\/LOGO-location-BON.png\",\"contentUrl\":\"https:\/\/ml-locations.be\/wp-content\/uploads\/2018\/05\/LOGO-location-BON.png\",\"width\":1200,\"height\":1200,\"caption\":\"ML Locations\"},\"image\":{\"@id\":\"https:\/\/ml-locations.be\/nl\/#\/schema\/logo\/image\/\"}}]}<\/script>\n<!-- \/ Yoast SEO plugin. -->","yoast_head_json":{"title":"Po\u00eale \u00e0 paella en location : po\u00eale 90 cm + r\u00e9chaud gaz | ML Locations","description":"Louez cette po\u00eale \u00e0 paella de 90cm (environ 50 personnes) pour vos \u00e9v\u00e9nements. Autres appareils Horeca disponibles (bain-marie,...).","robots":{"index":"index","follow":"follow","max-snippet":"max-snippet:-1","max-image-preview":"max-image-preview:large","max-video-preview":"max-video-preview:-1"},"canonical":"https:\/\/ml-locations.be\/nl\/locations\/location-poele-paella-90cm\/","og_locale":"nl_NL","og_type":"article","og_title":"Po\u00eale \u00e0 paella en location : po\u00eale 90 cm + r\u00e9chaud gaz | ML Locations","og_description":"Louez cette po\u00eale \u00e0 paella de 90cm (environ 50 personnes) pour vos \u00e9v\u00e9nements. Autres appareils Horeca disponibles (bain-marie,...).","og_url":"https:\/\/ml-locations.be\/nl\/locations\/location-poele-paella-90cm\/","og_site_name":"ML Locations","article_modified_time":"2018-05-17T14:35:33+00:00","og_image":[{"width":1000,"height":1000,"url":"https:\/\/ml-locations.be\/wp-content\/uploads\/2017\/04\/Poelle-a-paella.jpeg","type":"image\/jpeg"}],"twitter_card":"summary_large_image","schema":{"@context":"https:\/\/schema.org","@graph":[{"@type":"WebPage","@id":"https:\/\/ml-locations.be\/nl\/locations\/location-poele-paella-90cm\/","url":"https:\/\/ml-locations.be\/nl\/locations\/location-poele-paella-90cm\/","name":"Po\u00eale \u00e0 paella en location : po\u00eale 90 cm + r\u00e9chaud gaz | ML Locations","isPartOf":{"@id":"https:\/\/ml-locations.be\/nl\/#website"},"primaryImageOfPage":{"@id":"https:\/\/ml-locations.be\/nl\/locations\/location-poele-paella-90cm\/#primaryimage"},"image":{"@id":"https:\/\/ml-locations.be\/nl\/locations\/location-poele-paella-90cm\/#primaryimage"},"thumbnailUrl":"https:\/\/ml-locations.be\/wp-content\/uploads\/2017\/04\/Poelle-a-paella.jpeg","datePublished":"2017-04-11T12:33:06+00:00","dateModified":"2018-05-17T14:35:33+00:00","description":"Louez cette po\u00eale \u00e0 paella de 90cm (environ 50 personnes) pour vos \u00e9v\u00e9nements. Autres appareils Horeca disponibles (bain-marie,...).","breadcrumb":{"@id":"https:\/\/ml-locations.be\/nl\/locations\/location-poele-paella-90cm\/#breadcrumb"},"inLanguage":"nl-NL","potentialAction":[{"@type":"ReadAction","target":["https:\/\/ml-locations.be\/nl\/locations\/location-poele-paella-90cm\/"]}]},{"@type":"ImageObject","inLanguage":"nl-NL","@id":"https:\/\/ml-locations.be\/nl\/locations\/location-poele-paella-90cm\/#primaryimage","url":"https:\/\/ml-locations.be\/wp-content\/uploads\/2017\/04\/Poelle-a-paella.jpeg","contentUrl":"https:\/\/ml-locations.be\/wp-content\/uploads\/2017\/04\/Poelle-a-paella.jpeg","width":1000,"height":1000,"caption":"Po\u00eale a\u0300 pa\u00eblla en location"},{"@type":"BreadcrumbList","@id":"https:\/\/ml-locations.be\/nl\/locations\/location-poele-paella-90cm\/#breadcrumb","itemListElement":[{"@type":"ListItem","position":1,"name":"Accueil","item":"https:\/\/ml-locations.be\/nl\/"},{"@type":"ListItem","position":2,"name":"Winkel","item":"https:\/\/ml-locations.be\/nl\/winkel\/"},{"@type":"ListItem","position":3,"name":"Po\u00eale \u00e0 pa\u00eblla 90 cm + r\u00e9chaud \u00e0 gaz"}]},{"@type":"WebSite","@id":"https:\/\/ml-locations.be\/nl\/#website","url":"https:\/\/ml-locations.be\/nl\/","name":"ML Locations","description":"Mat\u00e9riel \u00e9v\u00e9nementiel : location chaise, table et mange debout, mat\u00e9riel horeca, frigos,...","publisher":{"@id":"https:\/\/ml-locations.be\/nl\/#organization"},"potentialAction":[{"@type":"SearchAction","target":{"@type":"EntryPoint","urlTemplate":"https:\/\/ml-locations.be\/nl\/?s={search_term_string}"},"query-input":{"@type":"PropertyValueSpecification","valueRequired":true,"valueName":"search_term_string"}}],"inLanguage":"nl-NL"},{"@type":"Organization","@id":"https:\/\/ml-locations.be\/nl\/#organization","name":"ML Locations","url":"https:\/\/ml-locations.be\/nl\/","logo":{"@type":"ImageObject","inLanguage":"nl-NL","@id":"https:\/\/ml-locations.be\/nl\/#\/schema\/logo\/image\/","url":"https:\/\/ml-locations.be\/wp-content\/uploads\/2018\/05\/LOGO-location-BON.png","contentUrl":"https:\/\/ml-locations.be\/wp-content\/uploads\/2018\/05\/LOGO-location-BON.png","width":1200,"height":1200,"caption":"ML Locations"},"image":{"@id":"https:\/\/ml-locations.be\/nl\/#\/schema\/logo\/image\/"}}]}},"_links":{"self":[{"href":"https:\/\/ml-locations.be\/nl\/wp-json\/wp\/v2\/product\/1682","targetHints":{"allow":["GET"]}}],"collection":[{"href":"https:\/\/ml-locations.be\/nl\/wp-json\/wp\/v2\/product"}],"about":[{"href":"https:\/\/ml-locations.be\/nl\/wp-json\/wp\/v2\/types\/product"}],"wp:featuredmedia":[{"embeddable":true,"href":"https:\/\/ml-locations.be\/nl\/wp-json\/wp\/v2\/media\/2758"}],"wp:attachment":[{"href":"https:\/\/ml-locations.be\/nl\/wp-json\/wp\/v2\/media?parent=1682"}],"wp:term":[{"taxonomy":"product_brand","embeddable":true,"href":"https:\/\/ml-locations.be\/nl\/wp-json\/wp\/v2\/product_brand?post=1682"},{"taxonomy":"product_cat","embeddable":true,"href":"https:\/\/ml-locations.be\/nl\/wp-json\/wp\/v2\/product_cat?post=1682"},{"taxonomy":"product_tag","embeddable":true,"href":"https:\/\/ml-locations.be\/nl\/wp-json\/wp\/v2\/product_tag?post=1682"}],"curies":[{"name":"wp","href":"https:\/\/api.w.org\/{rel}","templated":true}]}}