{"id":1683,"date":"2017-04-11T14:33:06","date_gmt":"2017-04-11T12:33:06","guid":{"rendered":"https:\/\/www.ml-locations.be\/\/locations\/chafing-dish\/"},"modified":"2018-06-07T16:18:39","modified_gmt":"2018-06-07T14:18:39","slug":"location-chafing-dish-bain-marie","status":"publish","type":"product","link":"https:\/\/ml-locations.be\/nl\/locations\/location-chafing-dish-bain-marie\/","title":{"rendered":"Chafing Dish &#8211; bain-marie"},"content":{"rendered":"<p>Ces <strong>chafing dishes <\/strong>ou schaffen dish\u00a0en inox garderont vos plats \u00e0 bonne temp\u00e9rature sans surchauffer ou d\u00e9t\u00e9riorer le go\u00fbt de la nourriture. Il suffit de chauffer l&#8217;eau contenue dans le bain-marie\u00a0avec des cartouches d\u2019alcool \u00e0 bruler (fournies avec). L&#8217;eau du bain-marie chauffera ensuite les aliments plac\u00e9s dans les bac gastronome en inox. Tr\u00e8s stable gr\u00e2ce \u00e0 leurs pieds, ce bain-marie en inox (chafing dish en location) trouvera facilement sa place sur une table de buffet.<\/p>\n<p>Fournis avec p\u00e2te \u00e0 bruler et bac gastronorme \u00e0 sp\u00e9cifier lors de votre commande (1 bac gastronorme GN 1\/1 65mm, 2 bacsgastronormes GN 1\/2 65mm, 3 bacs\u00a0gastronormes GN 1\/3 65mm).<\/p>\n<p><strong>Dimensions du chafing dish : <\/strong><\/p>\n<ul>\n<li>Longueur : 60 cm<\/li>\n<li>Largeur : 35 cm<\/li>\n<li>Hauteur : 37 cm<\/li>\n<\/ul>\n","protected":false},"excerpt":{"rendered":"<p>Les <strong>chafing dishes<\/strong>\u00a0(ou schaffen dish) sont des <strong>bains-marie<\/strong> en inox servant \u00e0 garder vos plats au chaud. Ces bains-marie en location sont tr\u00e8s utile lors d\u2019<strong>\u00e9v\u00e9nements<\/strong> avec buffet (location pour banquets, mariages, communions, diners,\u2026).<\/p>\n","protected":false},"featured_media":1960,"template":"","meta":{"_acf_changed":false},"product_brand":[],"product_cat":[29,34],"product_tag":[213,214],"class_list":{"0":"post-1683","1":"product","2":"type-product","3":"status-publish","4":"has-post-thumbnail","6":"product_cat-materiel-horeca-en-location","7":"product_cat-location-materiel-cuisine-et-buffet","8":"product_tag-location-de-materiel-de-reception-mariages","9":"product_tag-location-materiel-banquet","10":"description-off","12":"first","13":"instock","14":"taxable","15":"shipping-taxable","16":"purchasable","17":"product-type-simple"},"acf":[],"yoast_head":"<!-- This site is optimized with the Yoast SEO plugin v25.0 - https:\/\/yoast.com\/wordpress\/plugins\/seo\/ -->\n<title>Location bain-marie - chafing dish | ML Locations<\/title>\n<meta name=\"description\" content=\"Bain-marie en location : chafing dish GN1\/1 en inox pour garder vos plats au chaud (fourni avec p\u00e2te combustible).\" \/>\n<meta name=\"robots\" content=\"index, follow, max-snippet:-1, max-image-preview:large, max-video-preview:-1\" \/>\n<link rel=\"canonical\" href=\"https:\/\/ml-locations.be\/nl\/locations\/location-chafing-dish-bain-marie\/\" \/>\n<meta property=\"og:locale\" content=\"nl_NL\" \/>\n<meta property=\"og:type\" content=\"article\" \/>\n<meta property=\"og:title\" content=\"Location bain-marie - chafing dish | ML Locations\" \/>\n<meta property=\"og:description\" content=\"Bain-marie en location : chafing dish GN1\/1 en inox pour garder vos plats au chaud (fourni avec p\u00e2te combustible).\" \/>\n<meta property=\"og:url\" content=\"https:\/\/ml-locations.be\/nl\/locations\/location-chafing-dish-bain-marie\/\" \/>\n<meta property=\"og:site_name\" content=\"ML Locations\" \/>\n<meta property=\"article:modified_time\" content=\"2018-06-07T14:18:39+00:00\" \/>\n<meta property=\"og:image\" content=\"https:\/\/ml-locations.be\/wp-content\/uploads\/2017\/04\/Chaffing-dishes.jpg\" \/>\n\t<meta property=\"og:image:width\" content=\"1000\" \/>\n\t<meta property=\"og:image:height\" content=\"1000\" \/>\n\t<meta property=\"og:image:type\" content=\"image\/jpeg\" \/>\n<meta name=\"twitter:card\" content=\"summary_large_image\" \/>\n<meta name=\"twitter:label1\" content=\"Geschatte leestijd\" \/>\n\t<meta name=\"twitter:data1\" content=\"1 minuut\" \/>\n<script type=\"application\/ld+json\" class=\"yoast-schema-graph\">{\"@context\":\"https:\/\/schema.org\",\"@graph\":[{\"@type\":\"WebPage\",\"@id\":\"https:\/\/ml-locations.be\/nl\/locations\/location-chafing-dish-bain-marie\/\",\"url\":\"https:\/\/ml-locations.be\/nl\/locations\/location-chafing-dish-bain-marie\/\",\"name\":\"Location bain-marie - chafing dish | ML Locations\",\"isPartOf\":{\"@id\":\"https:\/\/ml-locations.be\/nl\/#website\"},\"primaryImageOfPage\":{\"@id\":\"https:\/\/ml-locations.be\/nl\/locations\/location-chafing-dish-bain-marie\/#primaryimage\"},\"image\":{\"@id\":\"https:\/\/ml-locations.be\/nl\/locations\/location-chafing-dish-bain-marie\/#primaryimage\"},\"thumbnailUrl\":\"https:\/\/ml-locations.be\/wp-content\/uploads\/2017\/04\/Chaffing-dishes.jpg\",\"datePublished\":\"2017-04-11T12:33:06+00:00\",\"dateModified\":\"2018-06-07T14:18:39+00:00\",\"description\":\"Bain-marie en location : chafing dish GN1\/1 en inox pour garder vos plats au chaud (fourni avec p\u00e2te combustible).\",\"breadcrumb\":{\"@id\":\"https:\/\/ml-locations.be\/nl\/locations\/location-chafing-dish-bain-marie\/#breadcrumb\"},\"inLanguage\":\"nl-NL\",\"potentialAction\":[{\"@type\":\"ReadAction\",\"target\":[\"https:\/\/ml-locations.be\/nl\/locations\/location-chafing-dish-bain-marie\/\"]}]},{\"@type\":\"ImageObject\",\"inLanguage\":\"nl-NL\",\"@id\":\"https:\/\/ml-locations.be\/nl\/locations\/location-chafing-dish-bain-marie\/#primaryimage\",\"url\":\"https:\/\/ml-locations.be\/wp-content\/uploads\/2017\/04\/Chaffing-dishes.jpg\",\"contentUrl\":\"https:\/\/ml-locations.be\/wp-content\/uploads\/2017\/04\/Chaffing-dishes.jpg\",\"width\":1000,\"height\":1000,\"caption\":\"Chafing dishes en location\"},{\"@type\":\"BreadcrumbList\",\"@id\":\"https:\/\/ml-locations.be\/nl\/locations\/location-chafing-dish-bain-marie\/#breadcrumb\",\"itemListElement\":[{\"@type\":\"ListItem\",\"position\":1,\"name\":\"Accueil\",\"item\":\"https:\/\/ml-locations.be\/nl\/\"},{\"@type\":\"ListItem\",\"position\":2,\"name\":\"Winkel\",\"item\":\"https:\/\/ml-locations.be\/nl\/winkel\/\"},{\"@type\":\"ListItem\",\"position\":3,\"name\":\"Chafing Dish &#8211; bain-marie\"}]},{\"@type\":\"WebSite\",\"@id\":\"https:\/\/ml-locations.be\/nl\/#website\",\"url\":\"https:\/\/ml-locations.be\/nl\/\",\"name\":\"ML Locations\",\"description\":\"Mat\u00e9riel \u00e9v\u00e9nementiel : location chaise, table et mange debout, mat\u00e9riel horeca, frigos,...\",\"publisher\":{\"@id\":\"https:\/\/ml-locations.be\/nl\/#organization\"},\"potentialAction\":[{\"@type\":\"SearchAction\",\"target\":{\"@type\":\"EntryPoint\",\"urlTemplate\":\"https:\/\/ml-locations.be\/nl\/?s={search_term_string}\"},\"query-input\":{\"@type\":\"PropertyValueSpecification\",\"valueRequired\":true,\"valueName\":\"search_term_string\"}}],\"inLanguage\":\"nl-NL\"},{\"@type\":\"Organization\",\"@id\":\"https:\/\/ml-locations.be\/nl\/#organization\",\"name\":\"ML Locations\",\"url\":\"https:\/\/ml-locations.be\/nl\/\",\"logo\":{\"@type\":\"ImageObject\",\"inLanguage\":\"nl-NL\",\"@id\":\"https:\/\/ml-locations.be\/nl\/#\/schema\/logo\/image\/\",\"url\":\"https:\/\/ml-locations.be\/wp-content\/uploads\/2018\/05\/LOGO-location-BON.png\",\"contentUrl\":\"https:\/\/ml-locations.be\/wp-content\/uploads\/2018\/05\/LOGO-location-BON.png\",\"width\":1200,\"height\":1200,\"caption\":\"ML Locations\"},\"image\":{\"@id\":\"https:\/\/ml-locations.be\/nl\/#\/schema\/logo\/image\/\"}}]}<\/script>\n<!-- \/ Yoast SEO plugin. -->","yoast_head_json":{"title":"Location bain-marie - chafing dish | ML Locations","description":"Bain-marie en location : chafing dish GN1\/1 en inox pour garder vos plats au chaud (fourni avec p\u00e2te combustible).","robots":{"index":"index","follow":"follow","max-snippet":"max-snippet:-1","max-image-preview":"max-image-preview:large","max-video-preview":"max-video-preview:-1"},"canonical":"https:\/\/ml-locations.be\/nl\/locations\/location-chafing-dish-bain-marie\/","og_locale":"nl_NL","og_type":"article","og_title":"Location bain-marie - chafing dish | ML Locations","og_description":"Bain-marie en location : chafing dish GN1\/1 en inox pour garder vos plats au chaud (fourni avec p\u00e2te combustible).","og_url":"https:\/\/ml-locations.be\/nl\/locations\/location-chafing-dish-bain-marie\/","og_site_name":"ML Locations","article_modified_time":"2018-06-07T14:18:39+00:00","og_image":[{"width":1000,"height":1000,"url":"https:\/\/ml-locations.be\/wp-content\/uploads\/2017\/04\/Chaffing-dishes.jpg","type":"image\/jpeg"}],"twitter_card":"summary_large_image","twitter_misc":{"Geschatte leestijd":"1 minuut"},"schema":{"@context":"https:\/\/schema.org","@graph":[{"@type":"WebPage","@id":"https:\/\/ml-locations.be\/nl\/locations\/location-chafing-dish-bain-marie\/","url":"https:\/\/ml-locations.be\/nl\/locations\/location-chafing-dish-bain-marie\/","name":"Location bain-marie - chafing dish | ML Locations","isPartOf":{"@id":"https:\/\/ml-locations.be\/nl\/#website"},"primaryImageOfPage":{"@id":"https:\/\/ml-locations.be\/nl\/locations\/location-chafing-dish-bain-marie\/#primaryimage"},"image":{"@id":"https:\/\/ml-locations.be\/nl\/locations\/location-chafing-dish-bain-marie\/#primaryimage"},"thumbnailUrl":"https:\/\/ml-locations.be\/wp-content\/uploads\/2017\/04\/Chaffing-dishes.jpg","datePublished":"2017-04-11T12:33:06+00:00","dateModified":"2018-06-07T14:18:39+00:00","description":"Bain-marie en location : chafing dish GN1\/1 en inox pour garder vos plats au chaud (fourni avec p\u00e2te combustible).","breadcrumb":{"@id":"https:\/\/ml-locations.be\/nl\/locations\/location-chafing-dish-bain-marie\/#breadcrumb"},"inLanguage":"nl-NL","potentialAction":[{"@type":"ReadAction","target":["https:\/\/ml-locations.be\/nl\/locations\/location-chafing-dish-bain-marie\/"]}]},{"@type":"ImageObject","inLanguage":"nl-NL","@id":"https:\/\/ml-locations.be\/nl\/locations\/location-chafing-dish-bain-marie\/#primaryimage","url":"https:\/\/ml-locations.be\/wp-content\/uploads\/2017\/04\/Chaffing-dishes.jpg","contentUrl":"https:\/\/ml-locations.be\/wp-content\/uploads\/2017\/04\/Chaffing-dishes.jpg","width":1000,"height":1000,"caption":"Chafing dishes en location"},{"@type":"BreadcrumbList","@id":"https:\/\/ml-locations.be\/nl\/locations\/location-chafing-dish-bain-marie\/#breadcrumb","itemListElement":[{"@type":"ListItem","position":1,"name":"Accueil","item":"https:\/\/ml-locations.be\/nl\/"},{"@type":"ListItem","position":2,"name":"Winkel","item":"https:\/\/ml-locations.be\/nl\/winkel\/"},{"@type":"ListItem","position":3,"name":"Chafing Dish &#8211; bain-marie"}]},{"@type":"WebSite","@id":"https:\/\/ml-locations.be\/nl\/#website","url":"https:\/\/ml-locations.be\/nl\/","name":"ML Locations","description":"Mat\u00e9riel \u00e9v\u00e9nementiel : location chaise, table et mange debout, mat\u00e9riel horeca, frigos,...","publisher":{"@id":"https:\/\/ml-locations.be\/nl\/#organization"},"potentialAction":[{"@type":"SearchAction","target":{"@type":"EntryPoint","urlTemplate":"https:\/\/ml-locations.be\/nl\/?s={search_term_string}"},"query-input":{"@type":"PropertyValueSpecification","valueRequired":true,"valueName":"search_term_string"}}],"inLanguage":"nl-NL"},{"@type":"Organization","@id":"https:\/\/ml-locations.be\/nl\/#organization","name":"ML Locations","url":"https:\/\/ml-locations.be\/nl\/","logo":{"@type":"ImageObject","inLanguage":"nl-NL","@id":"https:\/\/ml-locations.be\/nl\/#\/schema\/logo\/image\/","url":"https:\/\/ml-locations.be\/wp-content\/uploads\/2018\/05\/LOGO-location-BON.png","contentUrl":"https:\/\/ml-locations.be\/wp-content\/uploads\/2018\/05\/LOGO-location-BON.png","width":1200,"height":1200,"caption":"ML Locations"},"image":{"@id":"https:\/\/ml-locations.be\/nl\/#\/schema\/logo\/image\/"}}]}},"_links":{"self":[{"href":"https:\/\/ml-locations.be\/nl\/wp-json\/wp\/v2\/product\/1683","targetHints":{"allow":["GET"]}}],"collection":[{"href":"https:\/\/ml-locations.be\/nl\/wp-json\/wp\/v2\/product"}],"about":[{"href":"https:\/\/ml-locations.be\/nl\/wp-json\/wp\/v2\/types\/product"}],"wp:featuredmedia":[{"embeddable":true,"href":"https:\/\/ml-locations.be\/nl\/wp-json\/wp\/v2\/media\/1960"}],"wp:attachment":[{"href":"https:\/\/ml-locations.be\/nl\/wp-json\/wp\/v2\/media?parent=1683"}],"wp:term":[{"taxonomy":"product_brand","embeddable":true,"href":"https:\/\/ml-locations.be\/nl\/wp-json\/wp\/v2\/product_brand?post=1683"},{"taxonomy":"product_cat","embeddable":true,"href":"https:\/\/ml-locations.be\/nl\/wp-json\/wp\/v2\/product_cat?post=1683"},{"taxonomy":"product_tag","embeddable":true,"href":"https:\/\/ml-locations.be\/nl\/wp-json\/wp\/v2\/product_tag?post=1683"}],"curies":[{"name":"wp","href":"https:\/\/api.w.org\/{rel}","templated":true}]}}