{"id":1684,"date":"2017-04-11T14:33:06","date_gmt":"2017-04-11T12:33:06","guid":{"rendered":"https:\/\/www.ml-locations.be\/\/locations\/bain-marie-electrique\/"},"modified":"2018-02-05T16:51:44","modified_gmt":"2018-02-05T15:51:44","slug":"location-bain-marie-electrique","status":"publish","type":"product","link":"https:\/\/ml-locations.be\/nl\/locations\/location-bain-marie-electrique\/","title":{"rendered":"Bain-marie \u00e9lectrique"},"content":{"rendered":"<p>Ce <strong>bain marie \u00e9lectrique<\/strong>\u00a0de table est modulable et peut s\u2019utiliser avec 1, 2 ou 3 gastronormes en inox (1 x gastro GN 1\/1, 2 x gastro GN 1\/2, 3 x gastro GN 1\/3). Il est muni d\u2019un thermostat pour r\u00e9gler pr\u00e9cis\u00e9ment la temp\u00e9rature et garder vos plats chauds. Un robinet de vidange est pr\u00e9sent sur le <strong>bain marie en location<\/strong>, pratique pour vider l\u2019eau chaude du r\u00e9servoir apr\u00e8s utilisation.<\/p>\n<p>Le <strong>bain marie \u00e9lectrique<\/strong> peut directement \u00eatre pos\u00e9 sur votre <a href=\"https:\/\/ml-locations.be\/locations\/table-buffet-180-x-80-x-90-cm\/\">table de buffet<\/a>. Les bacs gastronomes en inox et les couvercles sont fournis (type de gastronomes \u00e0 pr\u00e9ciser lors de la commande).<\/p>\n<p><strong>Quelques caract\u00e9ristiques : <\/strong><\/p>\n<ul>\n<li>Bain marie en acier inox<\/li>\n<li>Double paroi robuste<\/li>\n<li>Cuve inox sans soudure facilitant le nettoyage<\/li>\n<li>Pour bacs Gastronorme GN d&#8217;une profondeur jusqu&#8217;a 15cm<\/li>\n<li>Thermostat r\u00e9glable<\/li>\n<li>T\u00e9moin de marche lumineux et r\u00e9sistance encastr\u00e9e<\/li>\n<li>Avec robinet de vidange<\/li>\n<\/ul>\n<p><strong>Dimensions\u00a0du bain marie \u00e9lectrique\u00a0:<\/strong><\/p>\n<ul>\n<li>Longueur : 57cm<\/li>\n<li>Largeur : 37cm<\/li>\n<li>Hauteur : 23cm<\/li>\n<li>Profondeur : 15 cm<\/li>\n<li>Puissance : 1200 W<\/li>\n<\/ul>\n","protected":false},"excerpt":{"rendered":"<p>Ce <strong>bain marie \u00e9lectrique<\/strong>\u00a0en location permet de garder vos plats au chaud sur vos <a href=\"https:\/\/ml-locations.be\/location\/mobilier\/tables-et-mange-debout-en-location\/\"><strong>tables<\/strong><\/a> ou <strong>buffets<\/strong> lors de vos <strong>\u00e9v\u00e8nements<\/strong> (<strong>r\u00e9ception<\/strong>, soir\u00e9es, mariages, conf\u00e9rences,\u2026).<\/p>\n","protected":false},"featured_media":4157,"template":"","meta":{"_acf_changed":false},"product_brand":[],"product_cat":[29,34],"product_tag":[213,214],"class_list":{"0":"post-1684","1":"product","2":"type-product","3":"status-publish","4":"has-post-thumbnail","6":"product_cat-materiel-horeca-en-location","7":"product_cat-location-materiel-cuisine-et-buffet","8":"product_tag-location-de-materiel-de-reception-mariages","9":"product_tag-location-materiel-banquet","10":"description-off","12":"first","13":"instock","14":"taxable","15":"shipping-taxable","16":"purchasable","17":"product-type-simple"},"acf":[],"yoast_head":"<!-- This site is optimized with the Yoast SEO plugin v25.0 - https:\/\/yoast.com\/wordpress\/plugins\/seo\/ -->\n<title>Location bain-marie \u00e9lectrique GN1\/1 - mat\u00e9riel horeca | ML Locations<\/title>\n<meta name=\"description\" content=\"Bain-marie \u00e9lectrique en location pour buffets, banquets et \u00e9v\u00e9nements. Choisissez le nombre de gastronorme. Devis gratuit - Livraison possible\" \/>\n<meta name=\"robots\" content=\"index, follow, max-snippet:-1, max-image-preview:large, max-video-preview:-1\" \/>\n<link rel=\"canonical\" href=\"https:\/\/ml-locations.be\/nl\/locations\/location-bain-marie-electrique\/\" \/>\n<meta property=\"og:locale\" content=\"nl_NL\" \/>\n<meta property=\"og:type\" content=\"article\" \/>\n<meta property=\"og:title\" content=\"Location bain-marie \u00e9lectrique GN1\/1 - mat\u00e9riel horeca | ML Locations\" \/>\n<meta property=\"og:description\" content=\"Bain-marie \u00e9lectrique en location pour buffets, banquets et \u00e9v\u00e9nements. Choisissez le nombre de gastronorme. Devis gratuit - Livraison possible\" \/>\n<meta property=\"og:url\" content=\"https:\/\/ml-locations.be\/nl\/locations\/location-bain-marie-electrique\/\" \/>\n<meta property=\"og:site_name\" content=\"ML Locations\" \/>\n<meta property=\"article:modified_time\" content=\"2018-02-05T15:51:44+00:00\" \/>\n<meta property=\"og:image\" content=\"https:\/\/ml-locations.be\/wp-content\/uploads\/2017\/04\/location-bain-marie-electrique.jpeg\" \/>\n\t<meta property=\"og:image:width\" content=\"500\" \/>\n\t<meta property=\"og:image:height\" content=\"500\" \/>\n\t<meta property=\"og:image:type\" content=\"image\/jpeg\" \/>\n<meta name=\"twitter:card\" content=\"summary_large_image\" \/>\n<meta name=\"twitter:label1\" content=\"Geschatte leestijd\" \/>\n\t<meta name=\"twitter:data1\" content=\"1 minuut\" \/>\n<script type=\"application\/ld+json\" class=\"yoast-schema-graph\">{\"@context\":\"https:\/\/schema.org\",\"@graph\":[{\"@type\":\"WebPage\",\"@id\":\"https:\/\/ml-locations.be\/nl\/locations\/location-bain-marie-electrique\/\",\"url\":\"https:\/\/ml-locations.be\/nl\/locations\/location-bain-marie-electrique\/\",\"name\":\"Location bain-marie \u00e9lectrique GN1\/1 - mat\u00e9riel horeca | ML Locations\",\"isPartOf\":{\"@id\":\"https:\/\/ml-locations.be\/nl\/#website\"},\"primaryImageOfPage\":{\"@id\":\"https:\/\/ml-locations.be\/nl\/locations\/location-bain-marie-electrique\/#primaryimage\"},\"image\":{\"@id\":\"https:\/\/ml-locations.be\/nl\/locations\/location-bain-marie-electrique\/#primaryimage\"},\"thumbnailUrl\":\"https:\/\/ml-locations.be\/wp-content\/uploads\/2017\/04\/location-bain-marie-electrique.jpeg\",\"datePublished\":\"2017-04-11T12:33:06+00:00\",\"dateModified\":\"2018-02-05T15:51:44+00:00\",\"description\":\"Bain-marie \u00e9lectrique en location pour buffets, banquets et \u00e9v\u00e9nements. Choisissez le nombre de gastronorme. Devis gratuit - Livraison possible\",\"breadcrumb\":{\"@id\":\"https:\/\/ml-locations.be\/nl\/locations\/location-bain-marie-electrique\/#breadcrumb\"},\"inLanguage\":\"nl-NL\",\"potentialAction\":[{\"@type\":\"ReadAction\",\"target\":[\"https:\/\/ml-locations.be\/nl\/locations\/location-bain-marie-electrique\/\"]}]},{\"@type\":\"ImageObject\",\"inLanguage\":\"nl-NL\",\"@id\":\"https:\/\/ml-locations.be\/nl\/locations\/location-bain-marie-electrique\/#primaryimage\",\"url\":\"https:\/\/ml-locations.be\/wp-content\/uploads\/2017\/04\/location-bain-marie-electrique.jpeg\",\"contentUrl\":\"https:\/\/ml-locations.be\/wp-content\/uploads\/2017\/04\/location-bain-marie-electrique.jpeg\",\"width\":500,\"height\":500,\"caption\":\"location bain marie electrique\"},{\"@type\":\"BreadcrumbList\",\"@id\":\"https:\/\/ml-locations.be\/nl\/locations\/location-bain-marie-electrique\/#breadcrumb\",\"itemListElement\":[{\"@type\":\"ListItem\",\"position\":1,\"name\":\"Accueil\",\"item\":\"https:\/\/ml-locations.be\/nl\/\"},{\"@type\":\"ListItem\",\"position\":2,\"name\":\"Winkel\",\"item\":\"https:\/\/ml-locations.be\/nl\/winkel\/\"},{\"@type\":\"ListItem\",\"position\":3,\"name\":\"Bain-marie \u00e9lectrique\"}]},{\"@type\":\"WebSite\",\"@id\":\"https:\/\/ml-locations.be\/nl\/#website\",\"url\":\"https:\/\/ml-locations.be\/nl\/\",\"name\":\"ML Locations\",\"description\":\"Mat\u00e9riel \u00e9v\u00e9nementiel : location chaise, table et mange debout, mat\u00e9riel horeca, frigos,...\",\"publisher\":{\"@id\":\"https:\/\/ml-locations.be\/nl\/#organization\"},\"potentialAction\":[{\"@type\":\"SearchAction\",\"target\":{\"@type\":\"EntryPoint\",\"urlTemplate\":\"https:\/\/ml-locations.be\/nl\/?s={search_term_string}\"},\"query-input\":{\"@type\":\"PropertyValueSpecification\",\"valueRequired\":true,\"valueName\":\"search_term_string\"}}],\"inLanguage\":\"nl-NL\"},{\"@type\":\"Organization\",\"@id\":\"https:\/\/ml-locations.be\/nl\/#organization\",\"name\":\"ML Locations\",\"url\":\"https:\/\/ml-locations.be\/nl\/\",\"logo\":{\"@type\":\"ImageObject\",\"inLanguage\":\"nl-NL\",\"@id\":\"https:\/\/ml-locations.be\/nl\/#\/schema\/logo\/image\/\",\"url\":\"https:\/\/ml-locations.be\/wp-content\/uploads\/2018\/05\/LOGO-location-BON.png\",\"contentUrl\":\"https:\/\/ml-locations.be\/wp-content\/uploads\/2018\/05\/LOGO-location-BON.png\",\"width\":1200,\"height\":1200,\"caption\":\"ML Locations\"},\"image\":{\"@id\":\"https:\/\/ml-locations.be\/nl\/#\/schema\/logo\/image\/\"}}]}<\/script>\n<!-- \/ Yoast SEO plugin. -->","yoast_head_json":{"title":"Location bain-marie \u00e9lectrique GN1\/1 - mat\u00e9riel horeca | ML Locations","description":"Bain-marie \u00e9lectrique en location pour buffets, banquets et \u00e9v\u00e9nements. Choisissez le nombre de gastronorme. Devis gratuit - Livraison possible","robots":{"index":"index","follow":"follow","max-snippet":"max-snippet:-1","max-image-preview":"max-image-preview:large","max-video-preview":"max-video-preview:-1"},"canonical":"https:\/\/ml-locations.be\/nl\/locations\/location-bain-marie-electrique\/","og_locale":"nl_NL","og_type":"article","og_title":"Location bain-marie \u00e9lectrique GN1\/1 - mat\u00e9riel horeca | ML Locations","og_description":"Bain-marie \u00e9lectrique en location pour buffets, banquets et \u00e9v\u00e9nements. Choisissez le nombre de gastronorme. Devis gratuit - Livraison possible","og_url":"https:\/\/ml-locations.be\/nl\/locations\/location-bain-marie-electrique\/","og_site_name":"ML Locations","article_modified_time":"2018-02-05T15:51:44+00:00","og_image":[{"width":500,"height":500,"url":"https:\/\/ml-locations.be\/wp-content\/uploads\/2017\/04\/location-bain-marie-electrique.jpeg","type":"image\/jpeg"}],"twitter_card":"summary_large_image","twitter_misc":{"Geschatte leestijd":"1 minuut"},"schema":{"@context":"https:\/\/schema.org","@graph":[{"@type":"WebPage","@id":"https:\/\/ml-locations.be\/nl\/locations\/location-bain-marie-electrique\/","url":"https:\/\/ml-locations.be\/nl\/locations\/location-bain-marie-electrique\/","name":"Location bain-marie \u00e9lectrique GN1\/1 - mat\u00e9riel horeca | ML Locations","isPartOf":{"@id":"https:\/\/ml-locations.be\/nl\/#website"},"primaryImageOfPage":{"@id":"https:\/\/ml-locations.be\/nl\/locations\/location-bain-marie-electrique\/#primaryimage"},"image":{"@id":"https:\/\/ml-locations.be\/nl\/locations\/location-bain-marie-electrique\/#primaryimage"},"thumbnailUrl":"https:\/\/ml-locations.be\/wp-content\/uploads\/2017\/04\/location-bain-marie-electrique.jpeg","datePublished":"2017-04-11T12:33:06+00:00","dateModified":"2018-02-05T15:51:44+00:00","description":"Bain-marie \u00e9lectrique en location pour buffets, banquets et \u00e9v\u00e9nements. Choisissez le nombre de gastronorme. Devis gratuit - Livraison possible","breadcrumb":{"@id":"https:\/\/ml-locations.be\/nl\/locations\/location-bain-marie-electrique\/#breadcrumb"},"inLanguage":"nl-NL","potentialAction":[{"@type":"ReadAction","target":["https:\/\/ml-locations.be\/nl\/locations\/location-bain-marie-electrique\/"]}]},{"@type":"ImageObject","inLanguage":"nl-NL","@id":"https:\/\/ml-locations.be\/nl\/locations\/location-bain-marie-electrique\/#primaryimage","url":"https:\/\/ml-locations.be\/wp-content\/uploads\/2017\/04\/location-bain-marie-electrique.jpeg","contentUrl":"https:\/\/ml-locations.be\/wp-content\/uploads\/2017\/04\/location-bain-marie-electrique.jpeg","width":500,"height":500,"caption":"location bain marie electrique"},{"@type":"BreadcrumbList","@id":"https:\/\/ml-locations.be\/nl\/locations\/location-bain-marie-electrique\/#breadcrumb","itemListElement":[{"@type":"ListItem","position":1,"name":"Accueil","item":"https:\/\/ml-locations.be\/nl\/"},{"@type":"ListItem","position":2,"name":"Winkel","item":"https:\/\/ml-locations.be\/nl\/winkel\/"},{"@type":"ListItem","position":3,"name":"Bain-marie \u00e9lectrique"}]},{"@type":"WebSite","@id":"https:\/\/ml-locations.be\/nl\/#website","url":"https:\/\/ml-locations.be\/nl\/","name":"ML Locations","description":"Mat\u00e9riel \u00e9v\u00e9nementiel : location chaise, table et mange debout, mat\u00e9riel horeca, frigos,...","publisher":{"@id":"https:\/\/ml-locations.be\/nl\/#organization"},"potentialAction":[{"@type":"SearchAction","target":{"@type":"EntryPoint","urlTemplate":"https:\/\/ml-locations.be\/nl\/?s={search_term_string}"},"query-input":{"@type":"PropertyValueSpecification","valueRequired":true,"valueName":"search_term_string"}}],"inLanguage":"nl-NL"},{"@type":"Organization","@id":"https:\/\/ml-locations.be\/nl\/#organization","name":"ML Locations","url":"https:\/\/ml-locations.be\/nl\/","logo":{"@type":"ImageObject","inLanguage":"nl-NL","@id":"https:\/\/ml-locations.be\/nl\/#\/schema\/logo\/image\/","url":"https:\/\/ml-locations.be\/wp-content\/uploads\/2018\/05\/LOGO-location-BON.png","contentUrl":"https:\/\/ml-locations.be\/wp-content\/uploads\/2018\/05\/LOGO-location-BON.png","width":1200,"height":1200,"caption":"ML Locations"},"image":{"@id":"https:\/\/ml-locations.be\/nl\/#\/schema\/logo\/image\/"}}]}},"_links":{"self":[{"href":"https:\/\/ml-locations.be\/nl\/wp-json\/wp\/v2\/product\/1684","targetHints":{"allow":["GET"]}}],"collection":[{"href":"https:\/\/ml-locations.be\/nl\/wp-json\/wp\/v2\/product"}],"about":[{"href":"https:\/\/ml-locations.be\/nl\/wp-json\/wp\/v2\/types\/product"}],"wp:featuredmedia":[{"embeddable":true,"href":"https:\/\/ml-locations.be\/nl\/wp-json\/wp\/v2\/media\/4157"}],"wp:attachment":[{"href":"https:\/\/ml-locations.be\/nl\/wp-json\/wp\/v2\/media?parent=1684"}],"wp:term":[{"taxonomy":"product_brand","embeddable":true,"href":"https:\/\/ml-locations.be\/nl\/wp-json\/wp\/v2\/product_brand?post=1684"},{"taxonomy":"product_cat","embeddable":true,"href":"https:\/\/ml-locations.be\/nl\/wp-json\/wp\/v2\/product_cat?post=1684"},{"taxonomy":"product_tag","embeddable":true,"href":"https:\/\/ml-locations.be\/nl\/wp-json\/wp\/v2\/product_tag?post=1684"}],"curies":[{"name":"wp","href":"https:\/\/api.w.org\/{rel}","templated":true}]}}