{"id":1685,"date":"2017-04-11T14:33:06","date_gmt":"2017-04-11T12:33:06","guid":{"rendered":"https:\/\/www.ml-locations.be\/\/locations\/four-electrique-3-grilles\/"},"modified":"2026-02-26T09:53:19","modified_gmt":"2026-02-26T08:53:19","slug":"location-four-electrique-4-grilles","status":"publish","type":"product","link":"https:\/\/ml-locations.be\/nl\/locations\/location-four-electrique-4-grilles\/","title":{"rendered":"Four \u00e9lectrique 4 grilles GN1\/1"},"content":{"rendered":"<p>Four en location : ce\u00a0<strong>four \u00e9lectrique<\/strong> en location est dot\u00e9 d\u2019une porte vitr\u00e9e et de 4 grilles de dimension GN1\/1.<\/p>\n<p>Puissance\u00a0: 3400W (230v)<\/p>\n<p>Dimensions int\u00e9rieures\u00a0du four \u00e9lectrique :<\/p>\n<ul>\n<li>Longueur\u00a0: 67 cm<\/li>\n<li>Profondeur\u00a0: 45 cm<\/li>\n<li>Hauteur\u00a0: 37,5 cm<\/li>\n<\/ul>\n<p>Dimensions du four avec chariot\u00a0:<\/p>\n<ul>\n<li>Longueur\u00a0: 105 cm<\/li>\n<li>Profondeur\u00a0: 71 cm<\/li>\n<li>Hauteur : 110cm<\/li>\n<\/ul>\n<p>Le corps de ce four \u00e0 convection en location est en acier inoxydable, avec \u00e9clairage int\u00e9rieur, minuterie, voyants lumineux, thermostat, thermostat de s\u00e9curit\u00e9, 4 grilles GN1\/1. La porte du four en location est compos\u00e9e d&#8217;une vitre double. Le four utiliser deux r\u00e9sistances et deux ventilateurs pour la circulation de l&#8217;air. L&#8217;int\u00e9rieur du four en location est en surface \u00e9maill\u00e9e.<\/p>\n","protected":false},"excerpt":{"rendered":"<p><strong>Four \u00e9lectrique en location :\u00a0<\/strong>4 grilles GN1\/1, four\u00a0de 3400 Watt (230v) pour cuire et r\u00e9chauffer vos plats lors de vos <strong>\u00e9v\u00e9nements<\/strong>.<\/p>\n","protected":false},"featured_media":4258,"template":"","meta":{"_acf_changed":false},"product_brand":[],"product_cat":[29,34],"product_tag":[214],"class_list":{"0":"post-1685","1":"product","2":"type-product","3":"status-publish","4":"has-post-thumbnail","6":"product_cat-materiel-horeca-en-location","7":"product_cat-location-materiel-cuisine-et-buffet","8":"product_tag-location-materiel-banquet","9":"description-off","11":"first","12":"instock","13":"taxable","14":"shipping-taxable","15":"purchasable","16":"product-type-simple"},"acf":[],"yoast_head":"<!-- This site is optimized with the Yoast SEO plugin v25.0 - https:\/\/yoast.com\/wordpress\/plugins\/seo\/ -->\n<title>Four \u00e9lectrique 4 grilles GN1\/1 - location mat\u00e9riel horeca | ML Locations<\/title>\n<meta name=\"description\" content=\"Four \u00e9lectrique en location : four avec 4 grilles GN1\/1, 3400w, 230 volt. Mat\u00e9riel horeca en location. Livraison possible - Devis gratuit !\" \/>\n<meta name=\"robots\" content=\"index, follow, max-snippet:-1, max-image-preview:large, max-video-preview:-1\" \/>\n<link rel=\"canonical\" href=\"https:\/\/ml-locations.be\/nl\/locations\/location-four-electrique-4-grilles\/\" \/>\n<meta property=\"og:locale\" content=\"nl_NL\" \/>\n<meta property=\"og:type\" content=\"article\" \/>\n<meta property=\"og:title\" content=\"Four \u00e9lectrique 4 grilles GN1\/1 - location mat\u00e9riel horeca | ML Locations\" \/>\n<meta property=\"og:description\" content=\"Four \u00e9lectrique en location : four avec 4 grilles GN1\/1, 3400w, 230 volt. Mat\u00e9riel horeca en location. Livraison possible - Devis gratuit !\" \/>\n<meta property=\"og:url\" content=\"https:\/\/ml-locations.be\/nl\/locations\/location-four-electrique-4-grilles\/\" \/>\n<meta property=\"og:site_name\" content=\"ML Locations\" \/>\n<meta property=\"article:modified_time\" content=\"2026-02-26T08:53:19+00:00\" \/>\n<meta property=\"og:image\" content=\"https:\/\/ml-locations.be\/wp-content\/uploads\/2017\/04\/Location-four-a-convection-location-materiel-horeca.jpg\" \/>\n\t<meta property=\"og:image:width\" content=\"500\" \/>\n\t<meta property=\"og:image:height\" content=\"500\" \/>\n\t<meta property=\"og:image:type\" content=\"image\/jpeg\" \/>\n<meta name=\"twitter:card\" content=\"summary_large_image\" \/>\n<meta name=\"twitter:label1\" content=\"Geschatte leestijd\" \/>\n\t<meta name=\"twitter:data1\" content=\"1 minuut\" \/>\n<script type=\"application\/ld+json\" class=\"yoast-schema-graph\">{\"@context\":\"https:\/\/schema.org\",\"@graph\":[{\"@type\":\"WebPage\",\"@id\":\"https:\/\/ml-locations.be\/nl\/locations\/location-four-electrique-4-grilles\/\",\"url\":\"https:\/\/ml-locations.be\/nl\/locations\/location-four-electrique-4-grilles\/\",\"name\":\"Four \u00e9lectrique 4 grilles GN1\/1 - location mat\u00e9riel horeca | ML Locations\",\"isPartOf\":{\"@id\":\"https:\/\/ml-locations.be\/nl\/#website\"},\"primaryImageOfPage\":{\"@id\":\"https:\/\/ml-locations.be\/nl\/locations\/location-four-electrique-4-grilles\/#primaryimage\"},\"image\":{\"@id\":\"https:\/\/ml-locations.be\/nl\/locations\/location-four-electrique-4-grilles\/#primaryimage\"},\"thumbnailUrl\":\"https:\/\/ml-locations.be\/wp-content\/uploads\/2017\/04\/Location-four-a-convection-location-materiel-horeca.jpg\",\"datePublished\":\"2017-04-11T12:33:06+00:00\",\"dateModified\":\"2026-02-26T08:53:19+00:00\",\"description\":\"Four \u00e9lectrique en location : four avec 4 grilles GN1\/1, 3400w, 230 volt. Mat\u00e9riel horeca en location. Livraison possible - Devis gratuit !\",\"breadcrumb\":{\"@id\":\"https:\/\/ml-locations.be\/nl\/locations\/location-four-electrique-4-grilles\/#breadcrumb\"},\"inLanguage\":\"nl-NL\",\"potentialAction\":[{\"@type\":\"ReadAction\",\"target\":[\"https:\/\/ml-locations.be\/nl\/locations\/location-four-electrique-4-grilles\/\"]}]},{\"@type\":\"ImageObject\",\"inLanguage\":\"nl-NL\",\"@id\":\"https:\/\/ml-locations.be\/nl\/locations\/location-four-electrique-4-grilles\/#primaryimage\",\"url\":\"https:\/\/ml-locations.be\/wp-content\/uploads\/2017\/04\/Location-four-a-convection-location-materiel-horeca.jpg\",\"contentUrl\":\"https:\/\/ml-locations.be\/wp-content\/uploads\/2017\/04\/Location-four-a-convection-location-materiel-horeca.jpg\",\"width\":500,\"height\":500,\"caption\":\"Location four a convection - electrique 4 grilles - location materiel horeca\"},{\"@type\":\"BreadcrumbList\",\"@id\":\"https:\/\/ml-locations.be\/nl\/locations\/location-four-electrique-4-grilles\/#breadcrumb\",\"itemListElement\":[{\"@type\":\"ListItem\",\"position\":1,\"name\":\"Accueil\",\"item\":\"https:\/\/ml-locations.be\/nl\/\"},{\"@type\":\"ListItem\",\"position\":2,\"name\":\"Winkel\",\"item\":\"https:\/\/ml-locations.be\/nl\/winkel\/\"},{\"@type\":\"ListItem\",\"position\":3,\"name\":\"Four \u00e9lectrique 4 grilles GN1\/1\"}]},{\"@type\":\"WebSite\",\"@id\":\"https:\/\/ml-locations.be\/nl\/#website\",\"url\":\"https:\/\/ml-locations.be\/nl\/\",\"name\":\"ML Locations\",\"description\":\"Mat\u00e9riel \u00e9v\u00e9nementiel : location chaise, table et mange debout, mat\u00e9riel horeca, frigos,...\",\"publisher\":{\"@id\":\"https:\/\/ml-locations.be\/nl\/#organization\"},\"potentialAction\":[{\"@type\":\"SearchAction\",\"target\":{\"@type\":\"EntryPoint\",\"urlTemplate\":\"https:\/\/ml-locations.be\/nl\/?s={search_term_string}\"},\"query-input\":{\"@type\":\"PropertyValueSpecification\",\"valueRequired\":true,\"valueName\":\"search_term_string\"}}],\"inLanguage\":\"nl-NL\"},{\"@type\":\"Organization\",\"@id\":\"https:\/\/ml-locations.be\/nl\/#organization\",\"name\":\"ML Locations\",\"url\":\"https:\/\/ml-locations.be\/nl\/\",\"logo\":{\"@type\":\"ImageObject\",\"inLanguage\":\"nl-NL\",\"@id\":\"https:\/\/ml-locations.be\/nl\/#\/schema\/logo\/image\/\",\"url\":\"https:\/\/ml-locations.be\/wp-content\/uploads\/2018\/05\/LOGO-location-BON.png\",\"contentUrl\":\"https:\/\/ml-locations.be\/wp-content\/uploads\/2018\/05\/LOGO-location-BON.png\",\"width\":1200,\"height\":1200,\"caption\":\"ML Locations\"},\"image\":{\"@id\":\"https:\/\/ml-locations.be\/nl\/#\/schema\/logo\/image\/\"}}]}<\/script>\n<!-- \/ Yoast SEO plugin. -->","yoast_head_json":{"title":"Four \u00e9lectrique 4 grilles GN1\/1 - location mat\u00e9riel horeca | ML Locations","description":"Four \u00e9lectrique en location : four avec 4 grilles GN1\/1, 3400w, 230 volt. Mat\u00e9riel horeca en location. Livraison possible - Devis gratuit !","robots":{"index":"index","follow":"follow","max-snippet":"max-snippet:-1","max-image-preview":"max-image-preview:large","max-video-preview":"max-video-preview:-1"},"canonical":"https:\/\/ml-locations.be\/nl\/locations\/location-four-electrique-4-grilles\/","og_locale":"nl_NL","og_type":"article","og_title":"Four \u00e9lectrique 4 grilles GN1\/1 - location mat\u00e9riel horeca | ML Locations","og_description":"Four \u00e9lectrique en location : four avec 4 grilles GN1\/1, 3400w, 230 volt. Mat\u00e9riel horeca en location. Livraison possible - Devis gratuit !","og_url":"https:\/\/ml-locations.be\/nl\/locations\/location-four-electrique-4-grilles\/","og_site_name":"ML Locations","article_modified_time":"2026-02-26T08:53:19+00:00","og_image":[{"width":500,"height":500,"url":"https:\/\/ml-locations.be\/wp-content\/uploads\/2017\/04\/Location-four-a-convection-location-materiel-horeca.jpg","type":"image\/jpeg"}],"twitter_card":"summary_large_image","twitter_misc":{"Geschatte leestijd":"1 minuut"},"schema":{"@context":"https:\/\/schema.org","@graph":[{"@type":"WebPage","@id":"https:\/\/ml-locations.be\/nl\/locations\/location-four-electrique-4-grilles\/","url":"https:\/\/ml-locations.be\/nl\/locations\/location-four-electrique-4-grilles\/","name":"Four \u00e9lectrique 4 grilles GN1\/1 - location mat\u00e9riel horeca | ML Locations","isPartOf":{"@id":"https:\/\/ml-locations.be\/nl\/#website"},"primaryImageOfPage":{"@id":"https:\/\/ml-locations.be\/nl\/locations\/location-four-electrique-4-grilles\/#primaryimage"},"image":{"@id":"https:\/\/ml-locations.be\/nl\/locations\/location-four-electrique-4-grilles\/#primaryimage"},"thumbnailUrl":"https:\/\/ml-locations.be\/wp-content\/uploads\/2017\/04\/Location-four-a-convection-location-materiel-horeca.jpg","datePublished":"2017-04-11T12:33:06+00:00","dateModified":"2026-02-26T08:53:19+00:00","description":"Four \u00e9lectrique en location : four avec 4 grilles GN1\/1, 3400w, 230 volt. Mat\u00e9riel horeca en location. Livraison possible - Devis gratuit !","breadcrumb":{"@id":"https:\/\/ml-locations.be\/nl\/locations\/location-four-electrique-4-grilles\/#breadcrumb"},"inLanguage":"nl-NL","potentialAction":[{"@type":"ReadAction","target":["https:\/\/ml-locations.be\/nl\/locations\/location-four-electrique-4-grilles\/"]}]},{"@type":"ImageObject","inLanguage":"nl-NL","@id":"https:\/\/ml-locations.be\/nl\/locations\/location-four-electrique-4-grilles\/#primaryimage","url":"https:\/\/ml-locations.be\/wp-content\/uploads\/2017\/04\/Location-four-a-convection-location-materiel-horeca.jpg","contentUrl":"https:\/\/ml-locations.be\/wp-content\/uploads\/2017\/04\/Location-four-a-convection-location-materiel-horeca.jpg","width":500,"height":500,"caption":"Location four a convection - electrique 4 grilles - location materiel horeca"},{"@type":"BreadcrumbList","@id":"https:\/\/ml-locations.be\/nl\/locations\/location-four-electrique-4-grilles\/#breadcrumb","itemListElement":[{"@type":"ListItem","position":1,"name":"Accueil","item":"https:\/\/ml-locations.be\/nl\/"},{"@type":"ListItem","position":2,"name":"Winkel","item":"https:\/\/ml-locations.be\/nl\/winkel\/"},{"@type":"ListItem","position":3,"name":"Four \u00e9lectrique 4 grilles GN1\/1"}]},{"@type":"WebSite","@id":"https:\/\/ml-locations.be\/nl\/#website","url":"https:\/\/ml-locations.be\/nl\/","name":"ML Locations","description":"Mat\u00e9riel \u00e9v\u00e9nementiel : location chaise, table et mange debout, mat\u00e9riel horeca, frigos,...","publisher":{"@id":"https:\/\/ml-locations.be\/nl\/#organization"},"potentialAction":[{"@type":"SearchAction","target":{"@type":"EntryPoint","urlTemplate":"https:\/\/ml-locations.be\/nl\/?s={search_term_string}"},"query-input":{"@type":"PropertyValueSpecification","valueRequired":true,"valueName":"search_term_string"}}],"inLanguage":"nl-NL"},{"@type":"Organization","@id":"https:\/\/ml-locations.be\/nl\/#organization","name":"ML Locations","url":"https:\/\/ml-locations.be\/nl\/","logo":{"@type":"ImageObject","inLanguage":"nl-NL","@id":"https:\/\/ml-locations.be\/nl\/#\/schema\/logo\/image\/","url":"https:\/\/ml-locations.be\/wp-content\/uploads\/2018\/05\/LOGO-location-BON.png","contentUrl":"https:\/\/ml-locations.be\/wp-content\/uploads\/2018\/05\/LOGO-location-BON.png","width":1200,"height":1200,"caption":"ML Locations"},"image":{"@id":"https:\/\/ml-locations.be\/nl\/#\/schema\/logo\/image\/"}}]}},"_links":{"self":[{"href":"https:\/\/ml-locations.be\/nl\/wp-json\/wp\/v2\/product\/1685","targetHints":{"allow":["GET"]}}],"collection":[{"href":"https:\/\/ml-locations.be\/nl\/wp-json\/wp\/v2\/product"}],"about":[{"href":"https:\/\/ml-locations.be\/nl\/wp-json\/wp\/v2\/types\/product"}],"wp:featuredmedia":[{"embeddable":true,"href":"https:\/\/ml-locations.be\/nl\/wp-json\/wp\/v2\/media\/4258"}],"wp:attachment":[{"href":"https:\/\/ml-locations.be\/nl\/wp-json\/wp\/v2\/media?parent=1685"}],"wp:term":[{"taxonomy":"product_brand","embeddable":true,"href":"https:\/\/ml-locations.be\/nl\/wp-json\/wp\/v2\/product_brand?post=1685"},{"taxonomy":"product_cat","embeddable":true,"href":"https:\/\/ml-locations.be\/nl\/wp-json\/wp\/v2\/product_cat?post=1685"},{"taxonomy":"product_tag","embeddable":true,"href":"https:\/\/ml-locations.be\/nl\/wp-json\/wp\/v2\/product_tag?post=1685"}],"curies":[{"name":"wp","href":"https:\/\/api.w.org\/{rel}","templated":true}]}}