{"id":1686,"date":"2017-04-11T14:33:06","date_gmt":"2017-04-11T12:33:06","guid":{"rendered":"https:\/\/www.ml-locations.be\/\/locations\/plancha\/"},"modified":"2026-01-14T16:22:45","modified_gmt":"2026-01-14T15:22:45","slug":"location-plancha-plaque-cuisson-electrique","status":"publish","type":"product","link":"https:\/\/ml-locations.be\/nl\/locations\/location-plancha-plaque-cuisson-electrique\/","title":{"rendered":"Plancha &#8211; Plaque de cuisson \u00e9lectrique"},"content":{"rendered":"<p>Plaque de cuisson \u00e9lectrique en location : la <strong>plancha<\/strong>, est une plaque de cuisson lisse en m\u00e9tal sur laquelle on fait cuire des aliments (viande, l\u00e9gumes,&#8230;). Il s\u2019agit d\u2019une solution pratique pour cuisiner, snacker des aliments etc. La taque de cuisson permet de cuire vos plats sans graisse. Id\u00e9al pour les snacks, les traiteurs, les \u00e9v\u00e9nements ext\u00e9rieurs, etc. Cette plaque de cuisson lisse, en acier (15 mm), \u00e0 haute conductibilit\u00e9 est munie d&#8217;un rebord p\u00e9riph\u00e9rique soud\u00e9, garantissant une parfaite \u00e9tanch\u00e9it\u00e9 et propret\u00e9.<\/p>\n<p><strong>Caract\u00e9ristiques et dimensions de la plaque de cuisson :<\/strong><\/p>\n<ul>\n<li>Longueur\u00a0: 60,8 cm,<\/li>\n<li>Largeur\u00a0: 53 cm,<\/li>\n<li>Hauteur\u00a0: 30,5 cm,<\/li>\n<li>Dimensions utiles de la plaque de cuisson : 555&#215;400 mm, 24 dm2.<\/li>\n<li>Puissance\u00a0: 4 KW (r\u00e9sistances \u00e9lectriques de 2x 2 kW).<\/li>\n<li>Poids : 46 kg<\/li>\n<li>Volt : 230\/1N 50-60Hz<\/li>\n<li>Ch\u00e2ssis en acier inox, pieds r\u00e9glables.<\/li>\n<li>Chauffage \u00e9lectrique: par r\u00e9sistances en inox, r\u00e9gulation par thermostat.<\/li>\n<li>Boutons en mati\u00e8re athermique facilitant la manipulation des boutons de r\u00e9glage.<\/li>\n<li>Bac de r\u00e9cup\u00e9ration pour la r\u00e9colte des jus de cuisson pour plus de propret\u00e9 lors de l&#8217;utilisation.<\/li>\n<li>Appareil construit dans le respect des normes (CE) en vigueur.<\/li>\n<\/ul>\n<p>D\u00e9couvrez tout notre <a href=\"https:\/\/ml-locations.be\/location\/materiel-horeca-en-location\/\">mat\u00e9riel horeca en location<\/a>.<\/p>\n","protected":false},"excerpt":{"rendered":"<p><strong>Plaque de cuisson \u00e9lectrique en location : <\/strong>plancha \u00e9lectrique, taque de cuisson lisse \u00e0 louer pour la pr\u00e9paration de repas.<\/p>\n","protected":false},"featured_media":4191,"template":"","meta":{"_acf_changed":false},"product_brand":[],"product_cat":[29,34],"product_tag":[214],"class_list":{"0":"post-1686","1":"product","2":"type-product","3":"status-publish","4":"has-post-thumbnail","6":"product_cat-materiel-horeca-en-location","7":"product_cat-location-materiel-cuisine-et-buffet","8":"product_tag-location-materiel-banquet","9":"description-off","11":"first","12":"instock","13":"taxable","14":"shipping-taxable","15":"purchasable","16":"product-type-simple"},"acf":[],"yoast_head":"<!-- This site is optimized with the Yoast SEO plugin v25.0 - https:\/\/yoast.com\/wordpress\/plugins\/seo\/ -->\n<title>Plaque de cuisson \u00e9lectrique - plancha en location | ML Locations<\/title>\n<meta name=\"description\" content=\"Plaque de cuisson \u00e9lectrique en location : plancha \u00e9lectrique pour la cuisson d&#039;aliments lors de banquets, \u00e9v\u00e9nements. Devis gratuit !\" \/>\n<meta name=\"robots\" content=\"index, follow, max-snippet:-1, max-image-preview:large, max-video-preview:-1\" \/>\n<link rel=\"canonical\" href=\"https:\/\/ml-locations.be\/nl\/locations\/location-plancha-plaque-cuisson-electrique\/\" \/>\n<meta property=\"og:locale\" content=\"nl_NL\" \/>\n<meta property=\"og:type\" content=\"article\" \/>\n<meta property=\"og:title\" content=\"Plaque de cuisson \u00e9lectrique - plancha en location | ML Locations\" \/>\n<meta property=\"og:description\" content=\"Plaque de cuisson \u00e9lectrique en location : plancha \u00e9lectrique pour la cuisson d&#039;aliments lors de banquets, \u00e9v\u00e9nements. Devis gratuit !\" \/>\n<meta property=\"og:url\" content=\"https:\/\/ml-locations.be\/nl\/locations\/location-plancha-plaque-cuisson-electrique\/\" \/>\n<meta property=\"og:site_name\" content=\"ML Locations\" \/>\n<meta property=\"article:modified_time\" content=\"2026-01-14T15:22:45+00:00\" \/>\n<meta property=\"og:image\" content=\"https:\/\/ml-locations.be\/wp-content\/uploads\/2017\/04\/location-plaque-cuisson-electrique-plancha.jpg\" \/>\n\t<meta property=\"og:image:width\" content=\"800\" \/>\n\t<meta property=\"og:image:height\" content=\"800\" \/>\n\t<meta property=\"og:image:type\" content=\"image\/jpeg\" \/>\n<meta name=\"twitter:card\" content=\"summary_large_image\" \/>\n<meta name=\"twitter:label1\" content=\"Geschatte leestijd\" \/>\n\t<meta name=\"twitter:data1\" content=\"2 minuten\" \/>\n<script type=\"application\/ld+json\" class=\"yoast-schema-graph\">{\"@context\":\"https:\/\/schema.org\",\"@graph\":[{\"@type\":\"WebPage\",\"@id\":\"https:\/\/ml-locations.be\/nl\/locations\/location-plancha-plaque-cuisson-electrique\/\",\"url\":\"https:\/\/ml-locations.be\/nl\/locations\/location-plancha-plaque-cuisson-electrique\/\",\"name\":\"Plaque de cuisson \u00e9lectrique - plancha en location | ML Locations\",\"isPartOf\":{\"@id\":\"https:\/\/ml-locations.be\/nl\/#website\"},\"primaryImageOfPage\":{\"@id\":\"https:\/\/ml-locations.be\/nl\/locations\/location-plancha-plaque-cuisson-electrique\/#primaryimage\"},\"image\":{\"@id\":\"https:\/\/ml-locations.be\/nl\/locations\/location-plancha-plaque-cuisson-electrique\/#primaryimage\"},\"thumbnailUrl\":\"https:\/\/ml-locations.be\/wp-content\/uploads\/2017\/04\/location-plaque-cuisson-electrique-plancha.jpg\",\"datePublished\":\"2017-04-11T12:33:06+00:00\",\"dateModified\":\"2026-01-14T15:22:45+00:00\",\"description\":\"Plaque de cuisson \u00e9lectrique en location : plancha \u00e9lectrique pour la cuisson d'aliments lors de banquets, \u00e9v\u00e9nements. Devis gratuit !\",\"breadcrumb\":{\"@id\":\"https:\/\/ml-locations.be\/nl\/locations\/location-plancha-plaque-cuisson-electrique\/#breadcrumb\"},\"inLanguage\":\"nl-NL\",\"potentialAction\":[{\"@type\":\"ReadAction\",\"target\":[\"https:\/\/ml-locations.be\/nl\/locations\/location-plancha-plaque-cuisson-electrique\/\"]}]},{\"@type\":\"ImageObject\",\"inLanguage\":\"nl-NL\",\"@id\":\"https:\/\/ml-locations.be\/nl\/locations\/location-plancha-plaque-cuisson-electrique\/#primaryimage\",\"url\":\"https:\/\/ml-locations.be\/wp-content\/uploads\/2017\/04\/location-plaque-cuisson-electrique-plancha.jpg\",\"contentUrl\":\"https:\/\/ml-locations.be\/wp-content\/uploads\/2017\/04\/location-plaque-cuisson-electrique-plancha.jpg\",\"width\":800,\"height\":800,\"caption\":\"location plaque cuisson electrique plancha\"},{\"@type\":\"BreadcrumbList\",\"@id\":\"https:\/\/ml-locations.be\/nl\/locations\/location-plancha-plaque-cuisson-electrique\/#breadcrumb\",\"itemListElement\":[{\"@type\":\"ListItem\",\"position\":1,\"name\":\"Accueil\",\"item\":\"https:\/\/ml-locations.be\/nl\/\"},{\"@type\":\"ListItem\",\"position\":2,\"name\":\"Winkel\",\"item\":\"https:\/\/ml-locations.be\/nl\/winkel\/\"},{\"@type\":\"ListItem\",\"position\":3,\"name\":\"Plancha &#8211; Plaque de cuisson \u00e9lectrique\"}]},{\"@type\":\"WebSite\",\"@id\":\"https:\/\/ml-locations.be\/nl\/#website\",\"url\":\"https:\/\/ml-locations.be\/nl\/\",\"name\":\"ML Locations\",\"description\":\"Mat\u00e9riel \u00e9v\u00e9nementiel : location chaise, table et mange debout, mat\u00e9riel horeca, frigos,...\",\"publisher\":{\"@id\":\"https:\/\/ml-locations.be\/nl\/#organization\"},\"potentialAction\":[{\"@type\":\"SearchAction\",\"target\":{\"@type\":\"EntryPoint\",\"urlTemplate\":\"https:\/\/ml-locations.be\/nl\/?s={search_term_string}\"},\"query-input\":{\"@type\":\"PropertyValueSpecification\",\"valueRequired\":true,\"valueName\":\"search_term_string\"}}],\"inLanguage\":\"nl-NL\"},{\"@type\":\"Organization\",\"@id\":\"https:\/\/ml-locations.be\/nl\/#organization\",\"name\":\"ML Locations\",\"url\":\"https:\/\/ml-locations.be\/nl\/\",\"logo\":{\"@type\":\"ImageObject\",\"inLanguage\":\"nl-NL\",\"@id\":\"https:\/\/ml-locations.be\/nl\/#\/schema\/logo\/image\/\",\"url\":\"https:\/\/ml-locations.be\/wp-content\/uploads\/2018\/05\/LOGO-location-BON.png\",\"contentUrl\":\"https:\/\/ml-locations.be\/wp-content\/uploads\/2018\/05\/LOGO-location-BON.png\",\"width\":1200,\"height\":1200,\"caption\":\"ML Locations\"},\"image\":{\"@id\":\"https:\/\/ml-locations.be\/nl\/#\/schema\/logo\/image\/\"}}]}<\/script>\n<!-- \/ Yoast SEO plugin. -->","yoast_head_json":{"title":"Plaque de cuisson \u00e9lectrique - plancha en location | ML Locations","description":"Plaque de cuisson \u00e9lectrique en location : plancha \u00e9lectrique pour la cuisson d'aliments lors de banquets, \u00e9v\u00e9nements. Devis gratuit !","robots":{"index":"index","follow":"follow","max-snippet":"max-snippet:-1","max-image-preview":"max-image-preview:large","max-video-preview":"max-video-preview:-1"},"canonical":"https:\/\/ml-locations.be\/nl\/locations\/location-plancha-plaque-cuisson-electrique\/","og_locale":"nl_NL","og_type":"article","og_title":"Plaque de cuisson \u00e9lectrique - plancha en location | ML Locations","og_description":"Plaque de cuisson \u00e9lectrique en location : plancha \u00e9lectrique pour la cuisson d'aliments lors de banquets, \u00e9v\u00e9nements. Devis gratuit !","og_url":"https:\/\/ml-locations.be\/nl\/locations\/location-plancha-plaque-cuisson-electrique\/","og_site_name":"ML Locations","article_modified_time":"2026-01-14T15:22:45+00:00","og_image":[{"width":800,"height":800,"url":"https:\/\/ml-locations.be\/wp-content\/uploads\/2017\/04\/location-plaque-cuisson-electrique-plancha.jpg","type":"image\/jpeg"}],"twitter_card":"summary_large_image","twitter_misc":{"Geschatte leestijd":"2 minuten"},"schema":{"@context":"https:\/\/schema.org","@graph":[{"@type":"WebPage","@id":"https:\/\/ml-locations.be\/nl\/locations\/location-plancha-plaque-cuisson-electrique\/","url":"https:\/\/ml-locations.be\/nl\/locations\/location-plancha-plaque-cuisson-electrique\/","name":"Plaque de cuisson \u00e9lectrique - plancha en location | ML Locations","isPartOf":{"@id":"https:\/\/ml-locations.be\/nl\/#website"},"primaryImageOfPage":{"@id":"https:\/\/ml-locations.be\/nl\/locations\/location-plancha-plaque-cuisson-electrique\/#primaryimage"},"image":{"@id":"https:\/\/ml-locations.be\/nl\/locations\/location-plancha-plaque-cuisson-electrique\/#primaryimage"},"thumbnailUrl":"https:\/\/ml-locations.be\/wp-content\/uploads\/2017\/04\/location-plaque-cuisson-electrique-plancha.jpg","datePublished":"2017-04-11T12:33:06+00:00","dateModified":"2026-01-14T15:22:45+00:00","description":"Plaque de cuisson \u00e9lectrique en location : plancha \u00e9lectrique pour la cuisson d'aliments lors de banquets, \u00e9v\u00e9nements. Devis gratuit !","breadcrumb":{"@id":"https:\/\/ml-locations.be\/nl\/locations\/location-plancha-plaque-cuisson-electrique\/#breadcrumb"},"inLanguage":"nl-NL","potentialAction":[{"@type":"ReadAction","target":["https:\/\/ml-locations.be\/nl\/locations\/location-plancha-plaque-cuisson-electrique\/"]}]},{"@type":"ImageObject","inLanguage":"nl-NL","@id":"https:\/\/ml-locations.be\/nl\/locations\/location-plancha-plaque-cuisson-electrique\/#primaryimage","url":"https:\/\/ml-locations.be\/wp-content\/uploads\/2017\/04\/location-plaque-cuisson-electrique-plancha.jpg","contentUrl":"https:\/\/ml-locations.be\/wp-content\/uploads\/2017\/04\/location-plaque-cuisson-electrique-plancha.jpg","width":800,"height":800,"caption":"location plaque cuisson electrique plancha"},{"@type":"BreadcrumbList","@id":"https:\/\/ml-locations.be\/nl\/locations\/location-plancha-plaque-cuisson-electrique\/#breadcrumb","itemListElement":[{"@type":"ListItem","position":1,"name":"Accueil","item":"https:\/\/ml-locations.be\/nl\/"},{"@type":"ListItem","position":2,"name":"Winkel","item":"https:\/\/ml-locations.be\/nl\/winkel\/"},{"@type":"ListItem","position":3,"name":"Plancha &#8211; Plaque de cuisson \u00e9lectrique"}]},{"@type":"WebSite","@id":"https:\/\/ml-locations.be\/nl\/#website","url":"https:\/\/ml-locations.be\/nl\/","name":"ML Locations","description":"Mat\u00e9riel \u00e9v\u00e9nementiel : location chaise, table et mange debout, mat\u00e9riel horeca, frigos,...","publisher":{"@id":"https:\/\/ml-locations.be\/nl\/#organization"},"potentialAction":[{"@type":"SearchAction","target":{"@type":"EntryPoint","urlTemplate":"https:\/\/ml-locations.be\/nl\/?s={search_term_string}"},"query-input":{"@type":"PropertyValueSpecification","valueRequired":true,"valueName":"search_term_string"}}],"inLanguage":"nl-NL"},{"@type":"Organization","@id":"https:\/\/ml-locations.be\/nl\/#organization","name":"ML Locations","url":"https:\/\/ml-locations.be\/nl\/","logo":{"@type":"ImageObject","inLanguage":"nl-NL","@id":"https:\/\/ml-locations.be\/nl\/#\/schema\/logo\/image\/","url":"https:\/\/ml-locations.be\/wp-content\/uploads\/2018\/05\/LOGO-location-BON.png","contentUrl":"https:\/\/ml-locations.be\/wp-content\/uploads\/2018\/05\/LOGO-location-BON.png","width":1200,"height":1200,"caption":"ML Locations"},"image":{"@id":"https:\/\/ml-locations.be\/nl\/#\/schema\/logo\/image\/"}}]}},"_links":{"self":[{"href":"https:\/\/ml-locations.be\/nl\/wp-json\/wp\/v2\/product\/1686","targetHints":{"allow":["GET"]}}],"collection":[{"href":"https:\/\/ml-locations.be\/nl\/wp-json\/wp\/v2\/product"}],"about":[{"href":"https:\/\/ml-locations.be\/nl\/wp-json\/wp\/v2\/types\/product"}],"wp:featuredmedia":[{"embeddable":true,"href":"https:\/\/ml-locations.be\/nl\/wp-json\/wp\/v2\/media\/4191"}],"wp:attachment":[{"href":"https:\/\/ml-locations.be\/nl\/wp-json\/wp\/v2\/media?parent=1686"}],"wp:term":[{"taxonomy":"product_brand","embeddable":true,"href":"https:\/\/ml-locations.be\/nl\/wp-json\/wp\/v2\/product_brand?post=1686"},{"taxonomy":"product_cat","embeddable":true,"href":"https:\/\/ml-locations.be\/nl\/wp-json\/wp\/v2\/product_cat?post=1686"},{"taxonomy":"product_tag","embeddable":true,"href":"https:\/\/ml-locations.be\/nl\/wp-json\/wp\/v2\/product_tag?post=1686"}],"curies":[{"name":"wp","href":"https:\/\/api.w.org\/{rel}","templated":true}]}}