{"id":1693,"date":"2017-04-11T14:33:06","date_gmt":"2017-04-11T12:33:06","guid":{"rendered":"https:\/\/www.ml-locations.be\/\/locations\/sky-dancer\/"},"modified":"2017-05-08T13:51:58","modified_gmt":"2017-05-08T11:51:58","slug":"sky-dancer","status":"publish","type":"product","link":"https:\/\/ml-locations.be\/nl\/locations\/sky-dancer\/","title":{"rendered":"Sky Dancer"},"content":{"rendered":"<p>Ces <strong>Sky dancers<\/strong> sont des tubes en tissus l\u00e9gers qui sont accroch\u00e9s sur un \u00e9norme ventilateur, l&#8217;air puls\u00e9 donne au tube les mouvements de balancement du corps. Le Sky dancer est parfait pour vos <strong>\u00e9v\u00e9nements<\/strong> et permet un rep\u00e9rage facile du lieu de l\u2019<strong>\u00e9v\u00e9nement<\/strong> et une ambiance garantie. Le <strong>sky dancer<\/strong> attire directement le regard. Possibilit\u00e9 d\u2019y inscrire vos <strong>logos<\/strong>.<\/p>\n","protected":false},"excerpt":{"rendered":"<p><strong>Sky dancer<\/strong> de 6 m ou 8 m de haut. Des tubes en tissu dansants dans le ciel qui apporteront un plus lors de vos <strong>\u00e9v\u00e9nements<\/strong>.<\/p>\n","protected":false},"featured_media":1944,"template":"","meta":{"_acf_changed":false},"product_brand":[],"product_cat":[17,125],"product_tag":[],"class_list":{"0":"post-1693","1":"product","2":"type-product","3":"status-publish","4":"has-post-thumbnail","6":"product_cat-materiel-sono-et-lumieres-en-location","7":"product_cat-machine-a-effets-location","8":"description-off","10":"first","11":"instock","12":"taxable","13":"shipping-taxable","14":"purchasable","15":"product-type-simple"},"acf":[],"yoast_head":"<!-- This site is optimized with the Yoast SEO plugin v25.0 - https:\/\/yoast.com\/wordpress\/plugins\/seo\/ -->\n<title>Sky Dancer | ML Locations<\/title>\n<meta name=\"robots\" content=\"index, follow, max-snippet:-1, max-image-preview:large, max-video-preview:-1\" \/>\n<link rel=\"canonical\" href=\"https:\/\/ml-locations.be\/nl\/locations\/sky-dancer\/\" \/>\n<meta property=\"og:locale\" content=\"nl_NL\" \/>\n<meta property=\"og:type\" content=\"article\" \/>\n<meta property=\"og:title\" content=\"Sky Dancer | ML Locations\" \/>\n<meta property=\"og:description\" content=\"Sky dancer de 6 m ou 8 m de haut. Des tubes en tissu dansants dans le ciel qui apporteront un plus lors de vos \u00e9v\u00e9nements.\" \/>\n<meta property=\"og:url\" content=\"https:\/\/ml-locations.be\/nl\/locations\/sky-dancer\/\" \/>\n<meta property=\"og:site_name\" content=\"ML Locations\" \/>\n<meta property=\"article:modified_time\" content=\"2017-05-08T11:51:58+00:00\" \/>\n<meta property=\"og:image\" content=\"https:\/\/ml-locations.be\/wp-content\/uploads\/2017\/04\/sky-dancer.png\" \/>\n\t<meta property=\"og:image:width\" content=\"1000\" \/>\n\t<meta property=\"og:image:height\" content=\"1000\" \/>\n\t<meta property=\"og:image:type\" content=\"image\/png\" \/>\n<meta name=\"twitter:card\" content=\"summary_large_image\" \/>\n<script type=\"application\/ld+json\" class=\"yoast-schema-graph\">{\"@context\":\"https:\/\/schema.org\",\"@graph\":[{\"@type\":\"WebPage\",\"@id\":\"https:\/\/ml-locations.be\/nl\/locations\/sky-dancer\/\",\"url\":\"https:\/\/ml-locations.be\/nl\/locations\/sky-dancer\/\",\"name\":\"Sky Dancer | ML Locations\",\"isPartOf\":{\"@id\":\"https:\/\/ml-locations.be\/nl\/#website\"},\"primaryImageOfPage\":{\"@id\":\"https:\/\/ml-locations.be\/nl\/locations\/sky-dancer\/#primaryimage\"},\"image\":{\"@id\":\"https:\/\/ml-locations.be\/nl\/locations\/sky-dancer\/#primaryimage\"},\"thumbnailUrl\":\"https:\/\/ml-locations.be\/wp-content\/uploads\/2017\/04\/sky-dancer.png\",\"datePublished\":\"2017-04-11T12:33:06+00:00\",\"dateModified\":\"2017-05-08T11:51:58+00:00\",\"breadcrumb\":{\"@id\":\"https:\/\/ml-locations.be\/nl\/locations\/sky-dancer\/#breadcrumb\"},\"inLanguage\":\"nl-NL\",\"potentialAction\":[{\"@type\":\"ReadAction\",\"target\":[\"https:\/\/ml-locations.be\/nl\/locations\/sky-dancer\/\"]}]},{\"@type\":\"ImageObject\",\"inLanguage\":\"nl-NL\",\"@id\":\"https:\/\/ml-locations.be\/nl\/locations\/sky-dancer\/#primaryimage\",\"url\":\"https:\/\/ml-locations.be\/wp-content\/uploads\/2017\/04\/sky-dancer.png\",\"contentUrl\":\"https:\/\/ml-locations.be\/wp-content\/uploads\/2017\/04\/sky-dancer.png\",\"width\":1000,\"height\":1000,\"caption\":\"sky dancer en location\"},{\"@type\":\"BreadcrumbList\",\"@id\":\"https:\/\/ml-locations.be\/nl\/locations\/sky-dancer\/#breadcrumb\",\"itemListElement\":[{\"@type\":\"ListItem\",\"position\":1,\"name\":\"Accueil\",\"item\":\"https:\/\/ml-locations.be\/nl\/\"},{\"@type\":\"ListItem\",\"position\":2,\"name\":\"Winkel\",\"item\":\"https:\/\/ml-locations.be\/nl\/winkel\/\"},{\"@type\":\"ListItem\",\"position\":3,\"name\":\"Sky Dancer\"}]},{\"@type\":\"WebSite\",\"@id\":\"https:\/\/ml-locations.be\/nl\/#website\",\"url\":\"https:\/\/ml-locations.be\/nl\/\",\"name\":\"ML Locations\",\"description\":\"Mat\u00e9riel \u00e9v\u00e9nementiel : location chaise, table et mange debout, mat\u00e9riel horeca, frigos,...\",\"publisher\":{\"@id\":\"https:\/\/ml-locations.be\/nl\/#organization\"},\"potentialAction\":[{\"@type\":\"SearchAction\",\"target\":{\"@type\":\"EntryPoint\",\"urlTemplate\":\"https:\/\/ml-locations.be\/nl\/?s={search_term_string}\"},\"query-input\":{\"@type\":\"PropertyValueSpecification\",\"valueRequired\":true,\"valueName\":\"search_term_string\"}}],\"inLanguage\":\"nl-NL\"},{\"@type\":\"Organization\",\"@id\":\"https:\/\/ml-locations.be\/nl\/#organization\",\"name\":\"ML Locations\",\"url\":\"https:\/\/ml-locations.be\/nl\/\",\"logo\":{\"@type\":\"ImageObject\",\"inLanguage\":\"nl-NL\",\"@id\":\"https:\/\/ml-locations.be\/nl\/#\/schema\/logo\/image\/\",\"url\":\"https:\/\/ml-locations.be\/wp-content\/uploads\/2018\/05\/LOGO-location-BON.png\",\"contentUrl\":\"https:\/\/ml-locations.be\/wp-content\/uploads\/2018\/05\/LOGO-location-BON.png\",\"width\":1200,\"height\":1200,\"caption\":\"ML Locations\"},\"image\":{\"@id\":\"https:\/\/ml-locations.be\/nl\/#\/schema\/logo\/image\/\"}}]}<\/script>\n<!-- \/ Yoast SEO plugin. -->","yoast_head_json":{"title":"Sky Dancer | ML Locations","robots":{"index":"index","follow":"follow","max-snippet":"max-snippet:-1","max-image-preview":"max-image-preview:large","max-video-preview":"max-video-preview:-1"},"canonical":"https:\/\/ml-locations.be\/nl\/locations\/sky-dancer\/","og_locale":"nl_NL","og_type":"article","og_title":"Sky Dancer | ML Locations","og_description":"Sky dancer de 6 m ou 8 m de haut. Des tubes en tissu dansants dans le ciel qui apporteront un plus lors de vos \u00e9v\u00e9nements.","og_url":"https:\/\/ml-locations.be\/nl\/locations\/sky-dancer\/","og_site_name":"ML Locations","article_modified_time":"2017-05-08T11:51:58+00:00","og_image":[{"width":1000,"height":1000,"url":"https:\/\/ml-locations.be\/wp-content\/uploads\/2017\/04\/sky-dancer.png","type":"image\/png"}],"twitter_card":"summary_large_image","schema":{"@context":"https:\/\/schema.org","@graph":[{"@type":"WebPage","@id":"https:\/\/ml-locations.be\/nl\/locations\/sky-dancer\/","url":"https:\/\/ml-locations.be\/nl\/locations\/sky-dancer\/","name":"Sky Dancer | ML Locations","isPartOf":{"@id":"https:\/\/ml-locations.be\/nl\/#website"},"primaryImageOfPage":{"@id":"https:\/\/ml-locations.be\/nl\/locations\/sky-dancer\/#primaryimage"},"image":{"@id":"https:\/\/ml-locations.be\/nl\/locations\/sky-dancer\/#primaryimage"},"thumbnailUrl":"https:\/\/ml-locations.be\/wp-content\/uploads\/2017\/04\/sky-dancer.png","datePublished":"2017-04-11T12:33:06+00:00","dateModified":"2017-05-08T11:51:58+00:00","breadcrumb":{"@id":"https:\/\/ml-locations.be\/nl\/locations\/sky-dancer\/#breadcrumb"},"inLanguage":"nl-NL","potentialAction":[{"@type":"ReadAction","target":["https:\/\/ml-locations.be\/nl\/locations\/sky-dancer\/"]}]},{"@type":"ImageObject","inLanguage":"nl-NL","@id":"https:\/\/ml-locations.be\/nl\/locations\/sky-dancer\/#primaryimage","url":"https:\/\/ml-locations.be\/wp-content\/uploads\/2017\/04\/sky-dancer.png","contentUrl":"https:\/\/ml-locations.be\/wp-content\/uploads\/2017\/04\/sky-dancer.png","width":1000,"height":1000,"caption":"sky dancer en location"},{"@type":"BreadcrumbList","@id":"https:\/\/ml-locations.be\/nl\/locations\/sky-dancer\/#breadcrumb","itemListElement":[{"@type":"ListItem","position":1,"name":"Accueil","item":"https:\/\/ml-locations.be\/nl\/"},{"@type":"ListItem","position":2,"name":"Winkel","item":"https:\/\/ml-locations.be\/nl\/winkel\/"},{"@type":"ListItem","position":3,"name":"Sky Dancer"}]},{"@type":"WebSite","@id":"https:\/\/ml-locations.be\/nl\/#website","url":"https:\/\/ml-locations.be\/nl\/","name":"ML Locations","description":"Mat\u00e9riel \u00e9v\u00e9nementiel : location chaise, table et mange debout, mat\u00e9riel horeca, frigos,...","publisher":{"@id":"https:\/\/ml-locations.be\/nl\/#organization"},"potentialAction":[{"@type":"SearchAction","target":{"@type":"EntryPoint","urlTemplate":"https:\/\/ml-locations.be\/nl\/?s={search_term_string}"},"query-input":{"@type":"PropertyValueSpecification","valueRequired":true,"valueName":"search_term_string"}}],"inLanguage":"nl-NL"},{"@type":"Organization","@id":"https:\/\/ml-locations.be\/nl\/#organization","name":"ML Locations","url":"https:\/\/ml-locations.be\/nl\/","logo":{"@type":"ImageObject","inLanguage":"nl-NL","@id":"https:\/\/ml-locations.be\/nl\/#\/schema\/logo\/image\/","url":"https:\/\/ml-locations.be\/wp-content\/uploads\/2018\/05\/LOGO-location-BON.png","contentUrl":"https:\/\/ml-locations.be\/wp-content\/uploads\/2018\/05\/LOGO-location-BON.png","width":1200,"height":1200,"caption":"ML Locations"},"image":{"@id":"https:\/\/ml-locations.be\/nl\/#\/schema\/logo\/image\/"}}]}},"_links":{"self":[{"href":"https:\/\/ml-locations.be\/nl\/wp-json\/wp\/v2\/product\/1693","targetHints":{"allow":["GET"]}}],"collection":[{"href":"https:\/\/ml-locations.be\/nl\/wp-json\/wp\/v2\/product"}],"about":[{"href":"https:\/\/ml-locations.be\/nl\/wp-json\/wp\/v2\/types\/product"}],"wp:featuredmedia":[{"embeddable":true,"href":"https:\/\/ml-locations.be\/nl\/wp-json\/wp\/v2\/media\/1944"}],"wp:attachment":[{"href":"https:\/\/ml-locations.be\/nl\/wp-json\/wp\/v2\/media?parent=1693"}],"wp:term":[{"taxonomy":"product_brand","embeddable":true,"href":"https:\/\/ml-locations.be\/nl\/wp-json\/wp\/v2\/product_brand?post=1693"},{"taxonomy":"product_cat","embeddable":true,"href":"https:\/\/ml-locations.be\/nl\/wp-json\/wp\/v2\/product_cat?post=1693"},{"taxonomy":"product_tag","embeddable":true,"href":"https:\/\/ml-locations.be\/nl\/wp-json\/wp\/v2\/product_tag?post=1693"}],"curies":[{"name":"wp","href":"https:\/\/api.w.org\/{rel}","templated":true}]}}