{"id":1694,"date":"2017-04-11T14:33:06","date_gmt":"2017-04-11T12:33:06","guid":{"rendered":"https:\/\/www.ml-locations.be\/\/locations\/samovar-15-l-100-tasses\/"},"modified":"2026-01-14T16:35:17","modified_gmt":"2026-01-14T15:35:17","slug":"location-percolateur-samovar-15l","status":"publish","type":"product","link":"https:\/\/ml-locations.be\/nl\/locations\/location-percolateur-samovar-15l\/","title":{"rendered":"Percolateur 100 tasses &#8211; Samovar 15L"},"content":{"rendered":"<p><strong>Samovar en location<\/strong>\u00a0(machine \u00e0 caf\u00e9) d\u2019une contenance de 15L servant \u00e0 la pr\u00e9paration d\u2019environ 100\u00a0<a href=\"https:\/\/ml-locations.be\/locations\/location-tasse-cafe-18cl\/\"><strong>tasses de caf\u00e9<\/strong><\/a> \u00e0 la fois est l\u2019outil indispensable \u00e0 votre banquet ou repas. Il permet de servir du caf\u00e9 \u00e0 de nombreux convives de mani\u00e8re beaucoup plus rapide qu\u2019un <strong>appareil \u00e0 caf\u00e9<\/strong> traditionnel.<\/p>\n<p>De plus, son utilisation est tr\u00e8s simple, il suffit de verser du caf\u00e9 dans le filtre du percolateur et de remplir le r\u00e9servoir d&#8217;eau. Nous vous conseillons les proportions suivantes\u00a0: 50 gr de caf\u00e9\/L d\u2019eau<\/p>\n<p>Nous vous proposons \u00e9galement la <a href=\"https:\/\/ml-locations.be\/locations\/location-tasse-cafe-18cl\/\">location des tasses \u00e0 caf\u00e9<\/a> et des <a href=\"https:\/\/ml-locations.be\/locations\/location-sous-tasse-cafe-180-ml\/\">sous-tasses \u00e0 caf\u00e9<\/a> correspondantes, que vous trouverez dans notre rubrique vaisselle et couverts en location, afin de proposer un service optimal \u00e0 tous vos convives.\u00a0Sur demande, nous pouvons vous fournir le caf\u00e9 ad\u00e9quat (par paquet d&#8217;1kg).<\/p>\n","protected":false},"excerpt":{"rendered":"<p><strong>Samovar<\/strong>\u00a0<strong>en location<\/strong> d\u2019une contenance de 15L servant \u00e0 la pr\u00e9paration d\u2019environ 100\u00a0<strong>tasses de caf\u00e9<\/strong>.\u00a0Ce <strong>percolateur \u00e0 caf\u00e9<\/strong> est id\u00e9al pour la pr\u00e9paration du caf\u00e9 pour tous vos <strong>repas<\/strong> et <strong>banquets<\/strong>.<\/p>\n","protected":false},"featured_media":2018,"template":"","meta":{"_acf_changed":false},"product_brand":[],"product_cat":[29,34],"product_tag":[213,214],"class_list":{"0":"post-1694","1":"product","2":"type-product","3":"status-publish","4":"has-post-thumbnail","6":"product_cat-materiel-horeca-en-location","7":"product_cat-location-materiel-cuisine-et-buffet","8":"product_tag-location-de-materiel-de-reception-mariages","9":"product_tag-location-materiel-banquet","10":"description-off","12":"first","13":"instock","14":"taxable","15":"shipping-taxable","16":"purchasable","17":"product-type-simple"},"acf":[],"yoast_head":"<!-- This site is optimized with the Yoast SEO plugin v25.0 - https:\/\/yoast.com\/wordpress\/plugins\/seo\/ -->\n<title>Samovar en location (15L) - percolateur \u00e0 caf\u00e9 | ML Locations<\/title>\n<meta name=\"description\" content=\"Location de samovar de 15 litres (machine \u00e0 caf\u00e9) pour vos banquets. Cette machine permet de pr\u00e9parer environ 100 tasses de caf\u00e9.\" \/>\n<meta name=\"robots\" content=\"index, follow, max-snippet:-1, max-image-preview:large, max-video-preview:-1\" \/>\n<link rel=\"canonical\" href=\"https:\/\/ml-locations.be\/nl\/locations\/location-percolateur-samovar-15l\/\" \/>\n<meta property=\"og:locale\" content=\"nl_NL\" \/>\n<meta property=\"og:type\" content=\"article\" \/>\n<meta property=\"og:title\" content=\"Samovar en location (15L) - percolateur \u00e0 caf\u00e9 | ML Locations\" \/>\n<meta property=\"og:description\" content=\"Location de samovar de 15 litres (machine \u00e0 caf\u00e9) pour vos banquets. Cette machine permet de pr\u00e9parer environ 100 tasses de caf\u00e9.\" \/>\n<meta property=\"og:url\" content=\"https:\/\/ml-locations.be\/nl\/locations\/location-percolateur-samovar-15l\/\" \/>\n<meta property=\"og:site_name\" content=\"ML Locations\" \/>\n<meta property=\"article:modified_time\" content=\"2026-01-14T15:35:17+00:00\" \/>\n<meta property=\"og:image\" content=\"https:\/\/ml-locations.be\/wp-content\/uploads\/2017\/04\/samovar-15L-2.jpg\" \/>\n\t<meta property=\"og:image:width\" content=\"1000\" \/>\n\t<meta property=\"og:image:height\" content=\"1000\" \/>\n\t<meta property=\"og:image:type\" content=\"image\/jpeg\" \/>\n<meta name=\"twitter:card\" content=\"summary_large_image\" \/>\n<meta name=\"twitter:label1\" content=\"Geschatte leestijd\" \/>\n\t<meta name=\"twitter:data1\" content=\"1 minuut\" \/>\n<script type=\"application\/ld+json\" class=\"yoast-schema-graph\">{\"@context\":\"https:\/\/schema.org\",\"@graph\":[{\"@type\":\"WebPage\",\"@id\":\"https:\/\/ml-locations.be\/nl\/locations\/location-percolateur-samovar-15l\/\",\"url\":\"https:\/\/ml-locations.be\/nl\/locations\/location-percolateur-samovar-15l\/\",\"name\":\"Samovar en location (15L) - percolateur \u00e0 caf\u00e9 | ML Locations\",\"isPartOf\":{\"@id\":\"https:\/\/ml-locations.be\/nl\/#website\"},\"primaryImageOfPage\":{\"@id\":\"https:\/\/ml-locations.be\/nl\/locations\/location-percolateur-samovar-15l\/#primaryimage\"},\"image\":{\"@id\":\"https:\/\/ml-locations.be\/nl\/locations\/location-percolateur-samovar-15l\/#primaryimage\"},\"thumbnailUrl\":\"https:\/\/ml-locations.be\/wp-content\/uploads\/2017\/04\/samovar-15L-2.jpg\",\"datePublished\":\"2017-04-11T12:33:06+00:00\",\"dateModified\":\"2026-01-14T15:35:17+00:00\",\"description\":\"Location de samovar de 15 litres (machine \u00e0 caf\u00e9) pour vos banquets. Cette machine permet de pr\u00e9parer environ 100 tasses de caf\u00e9.\",\"breadcrumb\":{\"@id\":\"https:\/\/ml-locations.be\/nl\/locations\/location-percolateur-samovar-15l\/#breadcrumb\"},\"inLanguage\":\"nl-NL\",\"potentialAction\":[{\"@type\":\"ReadAction\",\"target\":[\"https:\/\/ml-locations.be\/nl\/locations\/location-percolateur-samovar-15l\/\"]}]},{\"@type\":\"ImageObject\",\"inLanguage\":\"nl-NL\",\"@id\":\"https:\/\/ml-locations.be\/nl\/locations\/location-percolateur-samovar-15l\/#primaryimage\",\"url\":\"https:\/\/ml-locations.be\/wp-content\/uploads\/2017\/04\/samovar-15L-2.jpg\",\"contentUrl\":\"https:\/\/ml-locations.be\/wp-content\/uploads\/2017\/04\/samovar-15L-2.jpg\",\"width\":1000,\"height\":1000,\"caption\":\"location de samovar 15L\"},{\"@type\":\"BreadcrumbList\",\"@id\":\"https:\/\/ml-locations.be\/nl\/locations\/location-percolateur-samovar-15l\/#breadcrumb\",\"itemListElement\":[{\"@type\":\"ListItem\",\"position\":1,\"name\":\"Accueil\",\"item\":\"https:\/\/ml-locations.be\/nl\/\"},{\"@type\":\"ListItem\",\"position\":2,\"name\":\"Winkel\",\"item\":\"https:\/\/ml-locations.be\/nl\/winkel\/\"},{\"@type\":\"ListItem\",\"position\":3,\"name\":\"Percolateur 100 tasses &#8211; Samovar 15L\"}]},{\"@type\":\"WebSite\",\"@id\":\"https:\/\/ml-locations.be\/nl\/#website\",\"url\":\"https:\/\/ml-locations.be\/nl\/\",\"name\":\"ML Locations\",\"description\":\"Mat\u00e9riel \u00e9v\u00e9nementiel : location chaise, table et mange debout, mat\u00e9riel horeca, frigos,...\",\"publisher\":{\"@id\":\"https:\/\/ml-locations.be\/nl\/#organization\"},\"potentialAction\":[{\"@type\":\"SearchAction\",\"target\":{\"@type\":\"EntryPoint\",\"urlTemplate\":\"https:\/\/ml-locations.be\/nl\/?s={search_term_string}\"},\"query-input\":{\"@type\":\"PropertyValueSpecification\",\"valueRequired\":true,\"valueName\":\"search_term_string\"}}],\"inLanguage\":\"nl-NL\"},{\"@type\":\"Organization\",\"@id\":\"https:\/\/ml-locations.be\/nl\/#organization\",\"name\":\"ML Locations\",\"url\":\"https:\/\/ml-locations.be\/nl\/\",\"logo\":{\"@type\":\"ImageObject\",\"inLanguage\":\"nl-NL\",\"@id\":\"https:\/\/ml-locations.be\/nl\/#\/schema\/logo\/image\/\",\"url\":\"https:\/\/ml-locations.be\/wp-content\/uploads\/2018\/05\/LOGO-location-BON.png\",\"contentUrl\":\"https:\/\/ml-locations.be\/wp-content\/uploads\/2018\/05\/LOGO-location-BON.png\",\"width\":1200,\"height\":1200,\"caption\":\"ML Locations\"},\"image\":{\"@id\":\"https:\/\/ml-locations.be\/nl\/#\/schema\/logo\/image\/\"}}]}<\/script>\n<!-- \/ Yoast SEO plugin. -->","yoast_head_json":{"title":"Samovar en location (15L) - percolateur \u00e0 caf\u00e9 | ML Locations","description":"Location de samovar de 15 litres (machine \u00e0 caf\u00e9) pour vos banquets. Cette machine permet de pr\u00e9parer environ 100 tasses de caf\u00e9.","robots":{"index":"index","follow":"follow","max-snippet":"max-snippet:-1","max-image-preview":"max-image-preview:large","max-video-preview":"max-video-preview:-1"},"canonical":"https:\/\/ml-locations.be\/nl\/locations\/location-percolateur-samovar-15l\/","og_locale":"nl_NL","og_type":"article","og_title":"Samovar en location (15L) - percolateur \u00e0 caf\u00e9 | ML Locations","og_description":"Location de samovar de 15 litres (machine \u00e0 caf\u00e9) pour vos banquets. Cette machine permet de pr\u00e9parer environ 100 tasses de caf\u00e9.","og_url":"https:\/\/ml-locations.be\/nl\/locations\/location-percolateur-samovar-15l\/","og_site_name":"ML Locations","article_modified_time":"2026-01-14T15:35:17+00:00","og_image":[{"width":1000,"height":1000,"url":"https:\/\/ml-locations.be\/wp-content\/uploads\/2017\/04\/samovar-15L-2.jpg","type":"image\/jpeg"}],"twitter_card":"summary_large_image","twitter_misc":{"Geschatte leestijd":"1 minuut"},"schema":{"@context":"https:\/\/schema.org","@graph":[{"@type":"WebPage","@id":"https:\/\/ml-locations.be\/nl\/locations\/location-percolateur-samovar-15l\/","url":"https:\/\/ml-locations.be\/nl\/locations\/location-percolateur-samovar-15l\/","name":"Samovar en location (15L) - percolateur \u00e0 caf\u00e9 | ML Locations","isPartOf":{"@id":"https:\/\/ml-locations.be\/nl\/#website"},"primaryImageOfPage":{"@id":"https:\/\/ml-locations.be\/nl\/locations\/location-percolateur-samovar-15l\/#primaryimage"},"image":{"@id":"https:\/\/ml-locations.be\/nl\/locations\/location-percolateur-samovar-15l\/#primaryimage"},"thumbnailUrl":"https:\/\/ml-locations.be\/wp-content\/uploads\/2017\/04\/samovar-15L-2.jpg","datePublished":"2017-04-11T12:33:06+00:00","dateModified":"2026-01-14T15:35:17+00:00","description":"Location de samovar de 15 litres (machine \u00e0 caf\u00e9) pour vos banquets. Cette machine permet de pr\u00e9parer environ 100 tasses de caf\u00e9.","breadcrumb":{"@id":"https:\/\/ml-locations.be\/nl\/locations\/location-percolateur-samovar-15l\/#breadcrumb"},"inLanguage":"nl-NL","potentialAction":[{"@type":"ReadAction","target":["https:\/\/ml-locations.be\/nl\/locations\/location-percolateur-samovar-15l\/"]}]},{"@type":"ImageObject","inLanguage":"nl-NL","@id":"https:\/\/ml-locations.be\/nl\/locations\/location-percolateur-samovar-15l\/#primaryimage","url":"https:\/\/ml-locations.be\/wp-content\/uploads\/2017\/04\/samovar-15L-2.jpg","contentUrl":"https:\/\/ml-locations.be\/wp-content\/uploads\/2017\/04\/samovar-15L-2.jpg","width":1000,"height":1000,"caption":"location de samovar 15L"},{"@type":"BreadcrumbList","@id":"https:\/\/ml-locations.be\/nl\/locations\/location-percolateur-samovar-15l\/#breadcrumb","itemListElement":[{"@type":"ListItem","position":1,"name":"Accueil","item":"https:\/\/ml-locations.be\/nl\/"},{"@type":"ListItem","position":2,"name":"Winkel","item":"https:\/\/ml-locations.be\/nl\/winkel\/"},{"@type":"ListItem","position":3,"name":"Percolateur 100 tasses &#8211; Samovar 15L"}]},{"@type":"WebSite","@id":"https:\/\/ml-locations.be\/nl\/#website","url":"https:\/\/ml-locations.be\/nl\/","name":"ML Locations","description":"Mat\u00e9riel \u00e9v\u00e9nementiel : location chaise, table et mange debout, mat\u00e9riel horeca, frigos,...","publisher":{"@id":"https:\/\/ml-locations.be\/nl\/#organization"},"potentialAction":[{"@type":"SearchAction","target":{"@type":"EntryPoint","urlTemplate":"https:\/\/ml-locations.be\/nl\/?s={search_term_string}"},"query-input":{"@type":"PropertyValueSpecification","valueRequired":true,"valueName":"search_term_string"}}],"inLanguage":"nl-NL"},{"@type":"Organization","@id":"https:\/\/ml-locations.be\/nl\/#organization","name":"ML Locations","url":"https:\/\/ml-locations.be\/nl\/","logo":{"@type":"ImageObject","inLanguage":"nl-NL","@id":"https:\/\/ml-locations.be\/nl\/#\/schema\/logo\/image\/","url":"https:\/\/ml-locations.be\/wp-content\/uploads\/2018\/05\/LOGO-location-BON.png","contentUrl":"https:\/\/ml-locations.be\/wp-content\/uploads\/2018\/05\/LOGO-location-BON.png","width":1200,"height":1200,"caption":"ML Locations"},"image":{"@id":"https:\/\/ml-locations.be\/nl\/#\/schema\/logo\/image\/"}}]}},"_links":{"self":[{"href":"https:\/\/ml-locations.be\/nl\/wp-json\/wp\/v2\/product\/1694","targetHints":{"allow":["GET"]}}],"collection":[{"href":"https:\/\/ml-locations.be\/nl\/wp-json\/wp\/v2\/product"}],"about":[{"href":"https:\/\/ml-locations.be\/nl\/wp-json\/wp\/v2\/types\/product"}],"wp:featuredmedia":[{"embeddable":true,"href":"https:\/\/ml-locations.be\/nl\/wp-json\/wp\/v2\/media\/2018"}],"wp:attachment":[{"href":"https:\/\/ml-locations.be\/nl\/wp-json\/wp\/v2\/media?parent=1694"}],"wp:term":[{"taxonomy":"product_brand","embeddable":true,"href":"https:\/\/ml-locations.be\/nl\/wp-json\/wp\/v2\/product_brand?post=1694"},{"taxonomy":"product_cat","embeddable":true,"href":"https:\/\/ml-locations.be\/nl\/wp-json\/wp\/v2\/product_cat?post=1694"},{"taxonomy":"product_tag","embeddable":true,"href":"https:\/\/ml-locations.be\/nl\/wp-json\/wp\/v2\/product_tag?post=1694"}],"curies":[{"name":"wp","href":"https:\/\/api.w.org\/{rel}","templated":true}]}}