{"id":1695,"date":"2017-04-11T14:33:10","date_gmt":"2017-04-11T12:33:10","guid":{"rendered":"https:\/\/www.ml-locations.be\/\/locations\/fontaine-a-chocolat\/"},"modified":"2018-01-03T10:59:37","modified_gmt":"2018-01-03T09:59:37","slug":"fontaine-a-chocolat","status":"publish","type":"product","link":"https:\/\/ml-locations.be\/nl\/locations\/fontaine-a-chocolat\/","title":{"rendered":"Fontaine \u00e0 chocolat (40 cm)"},"content":{"rendered":"<p>Cette <strong>fontaine \u00e0 chocolat<\/strong> rendra vos diner plus amusant et plus conviviaux, surtout le dessert\u00a0! R\u00e9alisez une d\u00e9licieuse <strong>fondue au chocolat<\/strong> pour le dessert.<\/p>\n<p>Faites plaisir \u00e0 vos enfant, petits-enfants, ou tout simplement aux plus gourmands d\u2019entre vous en louant cette fontaine \u00e0 chocolat et en l\u2019accompagnant de d\u00e9licieux fruits frais \u00e0 tremper dedans pour tout vos <strong>banquets<\/strong> et <strong>\u00e9v\u00e8nements<\/strong> que ce soit un <strong>diner de mariage<\/strong>, un <strong>anniversaire<\/strong>, un <strong>rassemblement de famille<\/strong>,\u2026<\/p>\n<p><strong>Caract\u00e9ristique de la fontaine \u00e0 chocolat :<\/strong><\/p>\n<ul>\n<li>Hauteur: 40 cm<\/li>\n<li>Diam\u00e8tre: 20 cm<\/li>\n<\/ul>\n","protected":false},"excerpt":{"rendered":"<p><strong>Fontaine \u00e0 chocolat<\/strong> parfaite pour vos buffet de desserts, vos <strong>banquets<\/strong> ou <strong>\u00e9v\u00e8nements<\/strong> que ce soit un <strong>diner de mariage<\/strong>, un <strong>anniversaire<\/strong>, un <strong>rassemblement de famille<\/strong>, une <strong>r\u00e9ception<\/strong>,\u2026<\/p>\n","protected":false},"featured_media":2755,"template":"","meta":{"_acf_changed":false},"product_brand":[],"product_cat":[29,34],"product_tag":[],"class_list":{"0":"post-1695","1":"product","2":"type-product","3":"status-publish","4":"has-post-thumbnail","6":"product_cat-materiel-horeca-en-location","7":"product_cat-location-materiel-cuisine-et-buffet","8":"description-off","10":"first","11":"instock","12":"taxable","13":"shipping-taxable","14":"purchasable","15":"product-type-simple"},"acf":[],"yoast_head":"<!-- This site is optimized with the Yoast SEO plugin v25.0 - https:\/\/yoast.com\/wordpress\/plugins\/seo\/ -->\n<title>Fontaine \u00e0 chocolat (40 cm) | ML Locations<\/title>\n<meta name=\"robots\" content=\"index, follow, max-snippet:-1, max-image-preview:large, max-video-preview:-1\" \/>\n<link rel=\"canonical\" href=\"https:\/\/ml-locations.be\/nl\/locations\/fontaine-a-chocolat\/\" \/>\n<meta property=\"og:locale\" content=\"nl_NL\" \/>\n<meta property=\"og:type\" content=\"article\" \/>\n<meta property=\"og:title\" content=\"Fontaine \u00e0 chocolat (40 cm) | ML Locations\" \/>\n<meta property=\"og:description\" content=\"Fontaine \u00e0 chocolat parfaite pour vos buffet de desserts, vos banquets ou \u00e9v\u00e8nements que ce soit un diner de mariage, un anniversaire, un rassemblement de famille, une r\u00e9ception,\u2026\" \/>\n<meta property=\"og:url\" content=\"https:\/\/ml-locations.be\/nl\/locations\/fontaine-a-chocolat\/\" \/>\n<meta property=\"og:site_name\" content=\"ML Locations\" \/>\n<meta property=\"article:modified_time\" content=\"2018-01-03T09:59:37+00:00\" \/>\n<meta property=\"og:image\" content=\"https:\/\/ml-locations.be\/wp-content\/uploads\/2017\/04\/fontaine-a-chocolat.jpg\" \/>\n\t<meta property=\"og:image:width\" content=\"1000\" \/>\n\t<meta property=\"og:image:height\" content=\"1000\" \/>\n\t<meta property=\"og:image:type\" content=\"image\/jpeg\" \/>\n<meta name=\"twitter:card\" content=\"summary_large_image\" \/>\n<script type=\"application\/ld+json\" class=\"yoast-schema-graph\">{\"@context\":\"https:\/\/schema.org\",\"@graph\":[{\"@type\":\"WebPage\",\"@id\":\"https:\/\/ml-locations.be\/nl\/locations\/fontaine-a-chocolat\/\",\"url\":\"https:\/\/ml-locations.be\/nl\/locations\/fontaine-a-chocolat\/\",\"name\":\"Fontaine \u00e0 chocolat (40 cm) | ML Locations\",\"isPartOf\":{\"@id\":\"https:\/\/ml-locations.be\/nl\/#website\"},\"primaryImageOfPage\":{\"@id\":\"https:\/\/ml-locations.be\/nl\/locations\/fontaine-a-chocolat\/#primaryimage\"},\"image\":{\"@id\":\"https:\/\/ml-locations.be\/nl\/locations\/fontaine-a-chocolat\/#primaryimage\"},\"thumbnailUrl\":\"https:\/\/ml-locations.be\/wp-content\/uploads\/2017\/04\/fontaine-a-chocolat.jpg\",\"datePublished\":\"2017-04-11T12:33:10+00:00\",\"dateModified\":\"2018-01-03T09:59:37+00:00\",\"breadcrumb\":{\"@id\":\"https:\/\/ml-locations.be\/nl\/locations\/fontaine-a-chocolat\/#breadcrumb\"},\"inLanguage\":\"nl-NL\",\"potentialAction\":[{\"@type\":\"ReadAction\",\"target\":[\"https:\/\/ml-locations.be\/nl\/locations\/fontaine-a-chocolat\/\"]}]},{\"@type\":\"ImageObject\",\"inLanguage\":\"nl-NL\",\"@id\":\"https:\/\/ml-locations.be\/nl\/locations\/fontaine-a-chocolat\/#primaryimage\",\"url\":\"https:\/\/ml-locations.be\/wp-content\/uploads\/2017\/04\/fontaine-a-chocolat.jpg\",\"contentUrl\":\"https:\/\/ml-locations.be\/wp-content\/uploads\/2017\/04\/fontaine-a-chocolat.jpg\",\"width\":1000,\"height\":1000,\"caption\":\"fontaine a\u0300 chocolat en location\"},{\"@type\":\"BreadcrumbList\",\"@id\":\"https:\/\/ml-locations.be\/nl\/locations\/fontaine-a-chocolat\/#breadcrumb\",\"itemListElement\":[{\"@type\":\"ListItem\",\"position\":1,\"name\":\"Accueil\",\"item\":\"https:\/\/ml-locations.be\/nl\/\"},{\"@type\":\"ListItem\",\"position\":2,\"name\":\"Winkel\",\"item\":\"https:\/\/ml-locations.be\/nl\/winkel\/\"},{\"@type\":\"ListItem\",\"position\":3,\"name\":\"Fontaine \u00e0 chocolat (40 cm)\"}]},{\"@type\":\"WebSite\",\"@id\":\"https:\/\/ml-locations.be\/nl\/#website\",\"url\":\"https:\/\/ml-locations.be\/nl\/\",\"name\":\"ML Locations\",\"description\":\"Mat\u00e9riel \u00e9v\u00e9nementiel : location chaise, table et mange debout, mat\u00e9riel horeca, frigos,...\",\"publisher\":{\"@id\":\"https:\/\/ml-locations.be\/nl\/#organization\"},\"potentialAction\":[{\"@type\":\"SearchAction\",\"target\":{\"@type\":\"EntryPoint\",\"urlTemplate\":\"https:\/\/ml-locations.be\/nl\/?s={search_term_string}\"},\"query-input\":{\"@type\":\"PropertyValueSpecification\",\"valueRequired\":true,\"valueName\":\"search_term_string\"}}],\"inLanguage\":\"nl-NL\"},{\"@type\":\"Organization\",\"@id\":\"https:\/\/ml-locations.be\/nl\/#organization\",\"name\":\"ML Locations\",\"url\":\"https:\/\/ml-locations.be\/nl\/\",\"logo\":{\"@type\":\"ImageObject\",\"inLanguage\":\"nl-NL\",\"@id\":\"https:\/\/ml-locations.be\/nl\/#\/schema\/logo\/image\/\",\"url\":\"https:\/\/ml-locations.be\/wp-content\/uploads\/2018\/05\/LOGO-location-BON.png\",\"contentUrl\":\"https:\/\/ml-locations.be\/wp-content\/uploads\/2018\/05\/LOGO-location-BON.png\",\"width\":1200,\"height\":1200,\"caption\":\"ML Locations\"},\"image\":{\"@id\":\"https:\/\/ml-locations.be\/nl\/#\/schema\/logo\/image\/\"}}]}<\/script>\n<!-- \/ Yoast SEO plugin. -->","yoast_head_json":{"title":"Fontaine \u00e0 chocolat (40 cm) | ML Locations","robots":{"index":"index","follow":"follow","max-snippet":"max-snippet:-1","max-image-preview":"max-image-preview:large","max-video-preview":"max-video-preview:-1"},"canonical":"https:\/\/ml-locations.be\/nl\/locations\/fontaine-a-chocolat\/","og_locale":"nl_NL","og_type":"article","og_title":"Fontaine \u00e0 chocolat (40 cm) | ML Locations","og_description":"Fontaine \u00e0 chocolat parfaite pour vos buffet de desserts, vos banquets ou \u00e9v\u00e8nements que ce soit un diner de mariage, un anniversaire, un rassemblement de famille, une r\u00e9ception,\u2026","og_url":"https:\/\/ml-locations.be\/nl\/locations\/fontaine-a-chocolat\/","og_site_name":"ML Locations","article_modified_time":"2018-01-03T09:59:37+00:00","og_image":[{"width":1000,"height":1000,"url":"https:\/\/ml-locations.be\/wp-content\/uploads\/2017\/04\/fontaine-a-chocolat.jpg","type":"image\/jpeg"}],"twitter_card":"summary_large_image","schema":{"@context":"https:\/\/schema.org","@graph":[{"@type":"WebPage","@id":"https:\/\/ml-locations.be\/nl\/locations\/fontaine-a-chocolat\/","url":"https:\/\/ml-locations.be\/nl\/locations\/fontaine-a-chocolat\/","name":"Fontaine \u00e0 chocolat (40 cm) | ML Locations","isPartOf":{"@id":"https:\/\/ml-locations.be\/nl\/#website"},"primaryImageOfPage":{"@id":"https:\/\/ml-locations.be\/nl\/locations\/fontaine-a-chocolat\/#primaryimage"},"image":{"@id":"https:\/\/ml-locations.be\/nl\/locations\/fontaine-a-chocolat\/#primaryimage"},"thumbnailUrl":"https:\/\/ml-locations.be\/wp-content\/uploads\/2017\/04\/fontaine-a-chocolat.jpg","datePublished":"2017-04-11T12:33:10+00:00","dateModified":"2018-01-03T09:59:37+00:00","breadcrumb":{"@id":"https:\/\/ml-locations.be\/nl\/locations\/fontaine-a-chocolat\/#breadcrumb"},"inLanguage":"nl-NL","potentialAction":[{"@type":"ReadAction","target":["https:\/\/ml-locations.be\/nl\/locations\/fontaine-a-chocolat\/"]}]},{"@type":"ImageObject","inLanguage":"nl-NL","@id":"https:\/\/ml-locations.be\/nl\/locations\/fontaine-a-chocolat\/#primaryimage","url":"https:\/\/ml-locations.be\/wp-content\/uploads\/2017\/04\/fontaine-a-chocolat.jpg","contentUrl":"https:\/\/ml-locations.be\/wp-content\/uploads\/2017\/04\/fontaine-a-chocolat.jpg","width":1000,"height":1000,"caption":"fontaine a\u0300 chocolat en location"},{"@type":"BreadcrumbList","@id":"https:\/\/ml-locations.be\/nl\/locations\/fontaine-a-chocolat\/#breadcrumb","itemListElement":[{"@type":"ListItem","position":1,"name":"Accueil","item":"https:\/\/ml-locations.be\/nl\/"},{"@type":"ListItem","position":2,"name":"Winkel","item":"https:\/\/ml-locations.be\/nl\/winkel\/"},{"@type":"ListItem","position":3,"name":"Fontaine \u00e0 chocolat (40 cm)"}]},{"@type":"WebSite","@id":"https:\/\/ml-locations.be\/nl\/#website","url":"https:\/\/ml-locations.be\/nl\/","name":"ML Locations","description":"Mat\u00e9riel \u00e9v\u00e9nementiel : location chaise, table et mange debout, mat\u00e9riel horeca, frigos,...","publisher":{"@id":"https:\/\/ml-locations.be\/nl\/#organization"},"potentialAction":[{"@type":"SearchAction","target":{"@type":"EntryPoint","urlTemplate":"https:\/\/ml-locations.be\/nl\/?s={search_term_string}"},"query-input":{"@type":"PropertyValueSpecification","valueRequired":true,"valueName":"search_term_string"}}],"inLanguage":"nl-NL"},{"@type":"Organization","@id":"https:\/\/ml-locations.be\/nl\/#organization","name":"ML Locations","url":"https:\/\/ml-locations.be\/nl\/","logo":{"@type":"ImageObject","inLanguage":"nl-NL","@id":"https:\/\/ml-locations.be\/nl\/#\/schema\/logo\/image\/","url":"https:\/\/ml-locations.be\/wp-content\/uploads\/2018\/05\/LOGO-location-BON.png","contentUrl":"https:\/\/ml-locations.be\/wp-content\/uploads\/2018\/05\/LOGO-location-BON.png","width":1200,"height":1200,"caption":"ML Locations"},"image":{"@id":"https:\/\/ml-locations.be\/nl\/#\/schema\/logo\/image\/"}}]}},"_links":{"self":[{"href":"https:\/\/ml-locations.be\/nl\/wp-json\/wp\/v2\/product\/1695","targetHints":{"allow":["GET"]}}],"collection":[{"href":"https:\/\/ml-locations.be\/nl\/wp-json\/wp\/v2\/product"}],"about":[{"href":"https:\/\/ml-locations.be\/nl\/wp-json\/wp\/v2\/types\/product"}],"wp:featuredmedia":[{"embeddable":true,"href":"https:\/\/ml-locations.be\/nl\/wp-json\/wp\/v2\/media\/2755"}],"wp:attachment":[{"href":"https:\/\/ml-locations.be\/nl\/wp-json\/wp\/v2\/media?parent=1695"}],"wp:term":[{"taxonomy":"product_brand","embeddable":true,"href":"https:\/\/ml-locations.be\/nl\/wp-json\/wp\/v2\/product_brand?post=1695"},{"taxonomy":"product_cat","embeddable":true,"href":"https:\/\/ml-locations.be\/nl\/wp-json\/wp\/v2\/product_cat?post=1695"},{"taxonomy":"product_tag","embeddable":true,"href":"https:\/\/ml-locations.be\/nl\/wp-json\/wp\/v2\/product_tag?post=1695"}],"curies":[{"name":"wp","href":"https:\/\/api.w.org\/{rel}","templated":true}]}}